{"id":12702,"date":"2023-09-26T14:46:09","date_gmt":"2023-09-26T12:46:09","guid":{"rendered":"https:\/\/luxurycandlesupplies.eu\/?post_type=product&#038;p=12702"},"modified":"2026-04-17T16:05:21","modified_gmt":"2026-04-17T14:05:21","slug":"pm7-saulenform-soja-5kg","status":"publish","type":"product","link":"https:\/\/luxurycandlesupplies.eu\/de\/product\/pm7-pillar-mould-soy-5kg\/","title":{"rendered":"PM7 S\u00e4ule Soja - 5kg"},"content":{"rendered":"<h2>BESCHREIBUNG<\/h2>\n<p>&nbsp;<\/p>\n<div class=\"woocommerce-tabs wc-tabs-wrapper\">\n<div id=\"tab-description\" class=\"woocommerce-Tabs-panel woocommerce-Tabs-panel--description panel entry-content wc-tab\" role=\"tabpanel\" aria-labelledby=\"tab-title-description\">\n<h3>S\u00e4ulenform Soja PM7<\/h3>\n<p><strong>Unser neu formuliertes Pillar Mould Soy PM7 ist eine Mischung aus Soja, raffiniertem Bienenwachs und Paraffinwachs. Eine Kombination aus drei verschiedenen Wachsarten, die alle einzigartige Eigenschaften haben.<\/strong><\/p>\n<p>Soja ist ein nat\u00fcrliches Wachs, das aus Sojabohnen\u00f6l hergestellt wird und f\u00fcr seine saubere Verbrennung und Umweltfreundlichkeit bekannt ist. Bienenwachs ist ein weiteres nat\u00fcrliches Wachs, das von Bienen hergestellt und von der Farbe und dem Geruch des Honigs verfeinert wird, um die Zugabe von Duft und Farbe zu erm\u00f6glichen. Paraffin ist ein Wachs auf Erd\u00f6lbasis, das f\u00fcr seine Vielseitigkeit und seine F\u00e4higkeit, D\u00fcfte zu halten, bekannt ist.<\/p>\n<p>Wenn sie zusammengemischt werden, entsteht ein Produkt, das alle au\u00dfergew\u00f6hnlichen Eigenschaften jedes Wachses in sich vereint - eine Kombination, die eine saubere Verbrennung, eine l\u00e4ngere Haltbarkeit, um die Form zu bewahren, sowie eine bessere Dufthaltung als reines Soja erm\u00f6glicht. Speziell f\u00fcr die Verwendung in S\u00e4ulen, Formen und Schmelzen entwickelt.<\/p>\n<p>Mit der gleichen einzigartigen Hydrierungsmethode, die sich bei unseren anderen vier Wachsen bew\u00e4hrt hat, k\u00f6nnen Sie die gleiche Konsistenz und Qualit\u00e4t erwarten, f\u00fcr die All Seasons Wax ber\u00fchmt ist.<br \/>\nWir stellen jede einzelne Schachtel sorgf\u00e4ltig her, damit Sie Kerzen produzieren k\u00f6nnen, die Ihre Kunden immer wieder aufs Neue begeistern.<\/p>\n<p>Dieses Wachs ist in Pelletform.<\/p>\n<p>Einige der einzigartigen Merkmale unserer S\u00e4ulenform Soy PM7 sind:<\/p>\n<ul>\n<li>Ideal f\u00fcr Schmelzen, S\u00e4ulen und Gussformen<\/li>\n<li>Das Wachs ist robust und geschmeidig und beh\u00e4lt seine Form an jeder S\u00e4ule, Form oder Schmelze bei.<\/li>\n<li>Dauerhaftes Wachs mit l\u00e4ngerer Brenndauer<\/li>\n<li>Anti-Schwitz-Eigenschaften<\/li>\n<li>Eine h\u00f6here Dufttoleranz 8-10%^<\/li>\n<li>Gro\u00dfe Farbbest\u00e4ndigkeit<\/li>\n<\/ul>\n<h3>TESTING<\/h3>\n<p>Der Reiz der Kerzenherstellung liegt im eigenen Ausprobieren. Finden Sie heraus, welche Mischungsverh\u00e4ltnisse, Dochte, Gl\u00e4ser, Temperaturen und D\u00fcfte f\u00fcr Sie die besten Ergebnisse liefern - wir ermutigen Sie, eine Vielzahl von Tests und Vorbereitungen auszuprobieren, um Ihre ideale, gebrauchsfertige Kerze zu erhalten.<\/p>\n<p><a href=\"https:\/\/luxurycandlesupplies.eu\/app\/uploads\/2023\/01\/Candle-Testing-Sheet.pdf\">Klicken Sie hier, um Ihr kostenloses Arbeitsblatt f\u00fcr Kerzentests von All Seasons Wax Company herunterzuladen<\/a><\/p>\n<h3>TECHNISCHE INFORMATIONEN<\/h3>\n<p><strong>Schmelzpunkt<\/strong>: H\u00f6chste Schmelztemperatur 62\u00b0C<br \/>\n<strong>Erstarrungspunkt<\/strong>: Erstarrungstemperatur 58\u00b0C<br \/>\n<strong>Empfohlener Heizbereich<\/strong>: Bereich der Heizung 85\u00b0C - 90\u00b0C*<br \/>\n<strong>Vorgeschlagener Bereich f\u00fcr das Hinzuf\u00fcgen von Farbe\/Zusatzstoffen<\/strong>: 85\u00b0C - 90\u00b0C*<br \/>\n<strong>Empfohlener Bereich f\u00fcr die Zugabe von Duftstoffen<\/strong>: 75\u00b0C - 85\u00b0C<br \/>\n<strong>Empfohlener Ausgie\u00dfbereich<\/strong>: 75-80\u00b0C<br \/>\n<strong>Vorgeschlagene maximale Duftstoffmenge<\/strong>8-10%^ - dies h\u00e4ngt von der St\u00e4rke des Duftes ab, so dass ein Test erforderlich ist.<br \/>\n<strong>Inhalt<\/strong>: Besteht haupts\u00e4chlich aus Soja, Bienenwachs und raffiniertem Paraffin.<br \/>\nBitte beachten Sie, dass es sich bei diesen Zahlen um eine Empfehlung und nicht um eine Anleitung handelt.<\/p>\n<p>*L\u00e4ngeres Erhitzen bei 85\u00b0C-90\u00b0C+ kann zu Verf\u00e4rbungen f\u00fchren.<br \/>\nDer Wert h\u00e4ngt von der Qualit\u00e4t und St\u00e4rke des Duftes ab, so dass f\u00fcr optimale Ergebnisse Tests erforderlich sind. Dies h\u00e4ngt auch von der Art des verwendeten \u00d6ls ab, d.h. Duft\u00f6l oder \u00e4therisches \u00d6l, usw. Bitte beachten Sie, dass die Standard-Duftstoffmenge f\u00fcr Scents by LCS Fragrance Oils in der Regel 8-10% betr\u00e4gt, aber Abweichungen sind abh\u00e4ngig von der St\u00e4rke des \u00d6ls.<\/p>\n<\/div>\n<\/div>\n<p><a tabindex=\"0\" href=\"https:\/\/luxurycandlesupplies.com.au\/wp-content\/uploads\/2023\/04\/MSDS-PM7.pdf\">Sicherheitsdatenblatt (SDS)<\/a><\/p>\n<p><a tabindex=\"0\" href=\"https:\/\/allseasonswaxcompany.com.au\/pillar-mould-soy-pm7#\">Analysezertifikat (COA)<\/a><\/p>\n<div class=\"woocommerce-tabs wc-tabs-wrapper\">\n<div id=\"tab-description\" class=\"woocommerce-Tabs-panel woocommerce-Tabs-panel--description panel entry-content wc-tab\" role=\"tabpanel\" aria-labelledby=\"tab-title-description\">\n<h3>KONSISTENZ<\/h3>\n<p>Es ist allgemein anerkannt, dass eine gleichbleibende Leistung die Grundlage f\u00fcr jedes gute Wachs ist. Sobald Sie Ihr ideales Duftverh\u00e4ltnis durch Ihre eigenen Tests ermittelt haben, wird das Pillar Mould Soy PM7 Sie nicht entt\u00e4uschen. Wir glauben, dass dieses Wachs das best\u00e4ndigste Wachs auf Sojabasis ist, das auf dem Markt erh\u00e4ltlich ist. Andere Wachse neigen dazu, zu schwitzen und sogar \u00d6l auszuscheiden, wenn die Temperatur steigt, da sich das Wachs ausdehnt und entweichen muss. Eine der einzigartigen Eigenschaften dieses Wachses ist die F\u00e4higkeit, Schwei\u00df zu widerstehen, was zu einem herrlichen, glatten Abbrand und einer nicht fettigen Oberfl\u00e4che f\u00fchrt.<\/p>\n<h3>ANTI-SCHWITZ &amp; SCHRUMPFUNG<\/h3>\n<p>Ein weiteres einzigartiges Merkmal von PM7 ist die F\u00e4higkeit, Schwei\u00df und Schrumpfung zu verhindern.<\/p>\n<p>PM7 wurde so fest entwickelt, dass sich das Wachs auch bei starker Hitze oder Licht nicht ausdehnt und \u00fcbersch\u00fcssiges \u00d6l freisetzt. Seine F\u00e4higkeit zu schrumpfen, wenn es vollst\u00e4ndig ausgeh\u00e4rtet ist, erm\u00f6glicht ein einfaches Entfernen aus den Formen.<\/p>\n<p>Diese Mischung ist unser best\u00e4ndigstes Wachs. Bei richtiger Anwendung brennt es 5-mal l\u00e4nger und tropft weniger als andere S\u00e4ulenwachse auf dem Markt - wir garantieren Ihnen, dass Sie gerne damit arbeiten werden!<\/p>\n<h3>UNSERE EMPFEHLUNG<\/h3>\n<p>Wir empfehlen Ihnen, die Gie\u00dfbedingungen f\u00fcr Ihre Kerzen besonders sorgf\u00e4ltig vorzubereiten und immer einen Test unter diesen Bedingungen durchzuf\u00fchren, bevor Sie eine Ihrer Kerzenserien in Serie produzieren.<\/p>\n<p>Bitte beachten Sie, dass alle oben genannten Empfehlungen auf unseren eigenen Tests und den Ergebnissen unseres Labors beruhen. F\u00fcr genaue Ergebnisse sind Ihre eigenen Tests unerl\u00e4sslich.<\/p>\n<\/div>\n<\/div>\n<p>&nbsp;<\/p>","protected":false},"excerpt":{"rendered":"<p>Unser neu formuliertes Pillar Mould Soy PM7 ist eine Mischung aus Soja, raffiniertem Bienenwachs und Paraffinwachs.  Eine Kombination aus drei verschiedenen Wachsarten, die alle einzigartige Eigenschaften haben.<\/p>\n<p>Pillar Mould Soy PM7 ist perfekt f\u00fcr Schmelzen, S\u00e4ulen und Formen.<\/p>\n<p>&nbsp;<\/p>\n<blockquote><p>&nbsp;<\/p>\n<p>&nbsp;<\/p><\/blockquote>","protected":false},"featured_media":12692,"template":"","meta":{"_acf_changed":false,"site-sidebar-layout":"default","site-content-layout":"default","ast-site-content-layout":"default","site-content-style":"default","site-sidebar-style":"default","ast-global-header-display":"","ast-banner-title-visibility":"","ast-main-header-display":"","ast-hfb-above-header-display":"","ast-hfb-below-header-display":"","ast-hfb-mobile-header-display":"","site-post-title":"","ast-breadcrumbs-content":"","ast-featured-img":"","footer-sml-layout":"","ast-disable-related-posts":"","theme-transparent-header-meta":"default","adv-header-id-meta":"","stick-header-meta":"","header-above-stick-meta":"","header-main-stick-meta":"","header-below-stick-meta":"","astra-migrate-meta-layouts":"set","ast-page-background-enabled":"default","ast-page-background-meta":{"desktop":{"background-color":"","background-image":"","background-repeat":"repeat","background-position":"center center","background-size":"auto","background-attachment":"scroll","background-type":"","background-media":"","overlay-type":"","overlay-color":"","overlay-opacity":"","overlay-gradient":""},"tablet":{"background-color":"","background-image":"","background-repeat":"repeat","background-position":"center center","background-size":"auto","background-attachment":"scroll","background-type":"","background-media":"","overlay-type":"","overlay-color":"","overlay-opacity":"","overlay-gradient":""},"mobile":{"background-color":"","background-image":"","background-repeat":"repeat","background-position":"center center","background-size":"auto","background-attachment":"scroll","background-type":"","background-media":"","overlay-type":"","overlay-color":"","overlay-opacity":"","overlay-gradient":""}},"ast-content-background-meta":{"desktop":{"background-color":"var(--ast-global-color-5)","background-image":"","background-repeat":"repeat","background-position":"center center","background-size":"auto","background-attachment":"scroll","background-type":"","background-media":"","overlay-type":"","overlay-color":"","overlay-opacity":"","overlay-gradient":""},"tablet":{"background-color":"var(--ast-global-color-5)","background-image":"","background-repeat":"repeat","background-position":"center center","background-size":"auto","background-attachment":"scroll","background-type":"","background-media":"","overlay-type":"","overlay-color":"","overlay-opacity":"","overlay-gradient":""},"mobile":{"background-color":"var(--ast-global-color-5)","background-image":"","background-repeat":"repeat","background-position":"center center","background-size":"auto","background-attachment":"scroll","background-type":"","background-media":"","overlay-type":"","overlay-color":"","overlay-opacity":"","overlay-gradient":""}}},"product_brand":[],"product_cat":[17,1338],"product_tag":[19,1341,20,27],"class_list":{"0":"post-12702","1":"product","2":"type-product","3":"status-publish","4":"has-post-thumbnail","6":"product_cat-wax","7":"product_cat-pm7-pillar-soy","8":"product_tag-all-seasons-wax","9":"product_tag-pm7","10":"product_tag-soy-wax","11":"product_tag-vegan-wax","12":"desktop-align-left","13":"tablet-align-left","14":"mobile-align-left","15":"ast-product-gallery-layout-horizontal-slider","16":"ast-product-tabs-layout-horizontal","18":"first","19":"outofstock","20":"taxable","21":"shipping-taxable","22":"purchasable","23":"product-type-simple"},"acf":[],"yoast_head":"<title>PM7 Pillar Soy - 5kg - Antwerp Luxury Candle Supplies<\/title>\n<meta name=\"robots\" content=\"index, follow, max-snippet:-1, max-image-preview:large, max-video-preview:-1\" \/>\n<link rel=\"canonical\" href=\"https:\/\/luxurycandlesupplies.eu\/de\/produkt\/pm7-saulenform-soja-5kg\/\" \/>\n<meta property=\"og:locale\" content=\"de_DE\" \/>\n<meta property=\"og:type\" content=\"article\" \/>\n<meta property=\"og:title\" content=\"PM7 Pillar Soy - 5kg - Antwerp Luxury Candle Supplies\" \/>\n<meta property=\"og:description\" content=\"Our newly formulated Pillar Mould Soy PM7 is a blend of soy, refined beeswax, and paraffin wax. \u00a0A combination of three different types of wax all with unique properties.  Pillar Mould Soy PM7 is perfect for melts, pillars and moulds.  &nbsp; &nbsp;  &nbsp;\" \/>\n<meta property=\"og:url\" content=\"https:\/\/luxurycandlesupplies.eu\/de\/produkt\/pm7-saulenform-soja-5kg\/\" \/>\n<meta property=\"og:site_name\" content=\"Antwerp Luxury Candle Supplies\" \/>\n<meta property=\"article:publisher\" content=\"https:\/\/www.facebook.com\/Antwerpluxurycandlesupplies\/\" \/>\n<meta property=\"article:modified_time\" content=\"2026-04-17T14:05:21+00:00\" \/>\n<meta property=\"og:image\" content=\"https:\/\/luxurycandlesupplies.eu\/app\/uploads\/2023\/09\/15kg_wax_01_pm7-bg_1_.jpg\" \/>\n\t<meta property=\"og:image:width\" content=\"700\" \/>\n\t<meta property=\"og:image:height\" content=\"700\" \/>\n\t<meta property=\"og:image:type\" content=\"image\/jpeg\" \/>\n<meta name=\"twitter:card\" content=\"summary_large_image\" \/>\n<meta name=\"twitter:label1\" content=\"Gesch\u00e4tzte Lesezeit\" \/>\n\t<meta name=\"twitter:data1\" content=\"4 minutes\" \/>\n<script type=\"application\/ld+json\" class=\"yoast-schema-graph\">{\"@context\":\"https:\\\/\\\/schema.org\",\"@graph\":[{\"@type\":\"WebPage\",\"@id\":\"https:\\\/\\\/luxurycandlesupplies.eu\\\/product\\\/pm7-pillar-mould-soy-5kg\\\/\",\"url\":\"https:\\\/\\\/luxurycandlesupplies.eu\\\/product\\\/pm7-pillar-mould-soy-5kg\\\/\",\"name\":\"PM7 Pillar Soy - 5kg - Antwerp Luxury Candle Supplies\",\"isPartOf\":{\"@id\":\"https:\\\/\\\/luxurycandlesupplies.eu\\\/#website\"},\"primaryImageOfPage\":{\"@id\":\"https:\\\/\\\/luxurycandlesupplies.eu\\\/product\\\/pm7-pillar-mould-soy-5kg\\\/#primaryimage\"},\"image\":{\"@id\":\"https:\\\/\\\/luxurycandlesupplies.eu\\\/product\\\/pm7-pillar-mould-soy-5kg\\\/#primaryimage\"},\"thumbnailUrl\":\"https:\\\/\\\/luxurycandlesupplies.eu\\\/app\\\/uploads\\\/2023\\\/09\\\/15kg_wax_01_pm7-bg_1_.jpg\",\"datePublished\":\"2023-09-26T12:46:09+00:00\",\"dateModified\":\"2026-04-17T14:05:21+00:00\",\"breadcrumb\":{\"@id\":\"https:\\\/\\\/luxurycandlesupplies.eu\\\/product\\\/pm7-pillar-mould-soy-5kg\\\/#breadcrumb\"},\"inLanguage\":\"de-DE\",\"potentialAction\":[{\"@type\":\"ReadAction\",\"target\":[\"https:\\\/\\\/luxurycandlesupplies.eu\\\/product\\\/pm7-pillar-mould-soy-5kg\\\/\"]}]},{\"@type\":\"ImageObject\",\"inLanguage\":\"de-DE\",\"@id\":\"https:\\\/\\\/luxurycandlesupplies.eu\\\/product\\\/pm7-pillar-mould-soy-5kg\\\/#primaryimage\",\"url\":\"https:\\\/\\\/luxurycandlesupplies.eu\\\/app\\\/uploads\\\/2023\\\/09\\\/15kg_wax_01_pm7-bg_1_.jpg\",\"contentUrl\":\"https:\\\/\\\/luxurycandlesupplies.eu\\\/app\\\/uploads\\\/2023\\\/09\\\/15kg_wax_01_pm7-bg_1_.jpg\",\"width\":700,\"height\":700},{\"@type\":\"BreadcrumbList\",\"@id\":\"https:\\\/\\\/luxurycandlesupplies.eu\\\/product\\\/pm7-pillar-mould-soy-5kg\\\/#breadcrumb\",\"itemListElement\":[{\"@type\":\"ListItem\",\"position\":1,\"name\":\"Home\",\"item\":\"https:\\\/\\\/luxurycandlesupplies.eu\\\/\"},{\"@type\":\"ListItem\",\"position\":2,\"name\":\"Shop\",\"item\":\"https:\\\/\\\/luxurycandlesupplies.eu\\\/shop\\\/\"},{\"@type\":\"ListItem\",\"position\":3,\"name\":\"PM7 Pillar Soy &#8211; 5kg\"}]},{\"@type\":\"WebSite\",\"@id\":\"https:\\\/\\\/luxurycandlesupplies.eu\\\/#website\",\"url\":\"https:\\\/\\\/luxurycandlesupplies.eu\\\/\",\"name\":\"Antwerp Luxury Candle Supplies\",\"description\":\"Distributor of all seasons soy wax\",\"publisher\":{\"@id\":\"https:\\\/\\\/luxurycandlesupplies.eu\\\/#organization\"},\"potentialAction\":[{\"@type\":\"SearchAction\",\"target\":{\"@type\":\"EntryPoint\",\"urlTemplate\":\"https:\\\/\\\/luxurycandlesupplies.eu\\\/?s={search_term_string}\"},\"query-input\":{\"@type\":\"PropertyValueSpecification\",\"valueRequired\":true,\"valueName\":\"search_term_string\"}}],\"inLanguage\":\"de-DE\"},{\"@type\":\"Organization\",\"@id\":\"https:\\\/\\\/luxurycandlesupplies.eu\\\/#organization\",\"name\":\"Antwerp Luxury Candle Supplies\",\"url\":\"https:\\\/\\\/luxurycandlesupplies.eu\\\/\",\"logo\":{\"@type\":\"ImageObject\",\"inLanguage\":\"de-DE\",\"@id\":\"https:\\\/\\\/luxurycandlesupplies.eu\\\/#\\\/schema\\\/logo\\\/image\\\/\",\"url\":\"https:\\\/\\\/luxurycandlesupplies.eu\\\/app\\\/uploads\\\/2022\\\/03\\\/antwerp-luxury-candle-supplies-1x.png\",\"contentUrl\":\"https:\\\/\\\/luxurycandlesupplies.eu\\\/app\\\/uploads\\\/2022\\\/03\\\/antwerp-luxury-candle-supplies-1x.png\",\"width\":330,\"height\":60,\"caption\":\"Antwerp Luxury Candle Supplies\"},\"image\":{\"@id\":\"https:\\\/\\\/luxurycandlesupplies.eu\\\/#\\\/schema\\\/logo\\\/image\\\/\"},\"sameAs\":[\"https:\\\/\\\/www.facebook.com\\\/Antwerpluxurycandlesupplies\\\/\",\"https:\\\/\\\/www.instagram.com\\\/antwerp_luxury_candle_supplies\\\/\",\"https:\\\/\\\/pin.it\\\/7joOXRW\"]}]}<\/script>","yoast_head_json":{"title":"PM7 Stumpen Soja - 5kg - Antwerpener Luxuskerzen-Bedarf","robots":{"index":"index","follow":"follow","max-snippet":"max-snippet:-1","max-image-preview":"max-image-preview:large","max-video-preview":"max-video-preview:-1"},"canonical":"https:\/\/luxurycandlesupplies.eu\/de\/produkt\/pm7-saulenform-soja-5kg\/","og_locale":"de_DE","og_type":"article","og_title":"PM7 Pillar Soy - 5kg - Antwerp Luxury Candle Supplies","og_description":"Our newly formulated Pillar Mould Soy PM7 is a blend of soy, refined beeswax, and paraffin wax. \u00a0A combination of three different types of wax all with unique properties.  Pillar Mould Soy PM7 is perfect for melts, pillars and moulds.  &nbsp; &nbsp;  &nbsp;","og_url":"https:\/\/luxurycandlesupplies.eu\/de\/produkt\/pm7-saulenform-soja-5kg\/","og_site_name":"Antwerp Luxury Candle Supplies","article_publisher":"https:\/\/www.facebook.com\/Antwerpluxurycandlesupplies\/","article_modified_time":"2026-04-17T14:05:21+00:00","og_image":[{"width":700,"height":700,"url":"https:\/\/luxurycandlesupplies.eu\/app\/uploads\/2023\/09\/15kg_wax_01_pm7-bg_1_.jpg","type":"image\/jpeg"}],"twitter_card":"summary_large_image","twitter_misc":{"Gesch\u00e4tzte Lesezeit":"4 minutes"},"schema":{"@context":"https:\/\/schema.org","@graph":[{"@type":"WebPage","@id":"https:\/\/luxurycandlesupplies.eu\/product\/pm7-pillar-mould-soy-5kg\/","url":"https:\/\/luxurycandlesupplies.eu\/product\/pm7-pillar-mould-soy-5kg\/","name":"PM7 Stumpen Soja - 5kg - Antwerpener Luxuskerzen-Bedarf","isPartOf":{"@id":"https:\/\/luxurycandlesupplies.eu\/#website"},"primaryImageOfPage":{"@id":"https:\/\/luxurycandlesupplies.eu\/product\/pm7-pillar-mould-soy-5kg\/#primaryimage"},"image":{"@id":"https:\/\/luxurycandlesupplies.eu\/product\/pm7-pillar-mould-soy-5kg\/#primaryimage"},"thumbnailUrl":"https:\/\/luxurycandlesupplies.eu\/app\/uploads\/2023\/09\/15kg_wax_01_pm7-bg_1_.jpg","datePublished":"2023-09-26T12:46:09+00:00","dateModified":"2026-04-17T14:05:21+00:00","breadcrumb":{"@id":"https:\/\/luxurycandlesupplies.eu\/product\/pm7-pillar-mould-soy-5kg\/#breadcrumb"},"inLanguage":"de-DE","potentialAction":[{"@type":"ReadAction","target":["https:\/\/luxurycandlesupplies.eu\/product\/pm7-pillar-mould-soy-5kg\/"]}]},{"@type":"ImageObject","inLanguage":"de-DE","@id":"https:\/\/luxurycandlesupplies.eu\/product\/pm7-pillar-mould-soy-5kg\/#primaryimage","url":"https:\/\/luxurycandlesupplies.eu\/app\/uploads\/2023\/09\/15kg_wax_01_pm7-bg_1_.jpg","contentUrl":"https:\/\/luxurycandlesupplies.eu\/app\/uploads\/2023\/09\/15kg_wax_01_pm7-bg_1_.jpg","width":700,"height":700},{"@type":"BreadcrumbList","@id":"https:\/\/luxurycandlesupplies.eu\/product\/pm7-pillar-mould-soy-5kg\/#breadcrumb","itemListElement":[{"@type":"ListItem","position":1,"name":"Home","item":"https:\/\/luxurycandlesupplies.eu\/"},{"@type":"ListItem","position":2,"name":"Shop","item":"https:\/\/luxurycandlesupplies.eu\/shop\/"},{"@type":"ListItem","position":3,"name":"PM7 Pillar Soy &#8211; 5kg"}]},{"@type":"WebSite","@id":"https:\/\/luxurycandlesupplies.eu\/#website","url":"https:\/\/luxurycandlesupplies.eu\/","name":"Antwerpener Luxus-Kerzen-Bedarf","description":"Vertreiber von Sojawachs f\u00fcr alle Jahreszeiten","publisher":{"@id":"https:\/\/luxurycandlesupplies.eu\/#organization"},"potentialAction":[{"@type":"SearchAction","target":{"@type":"EntryPoint","urlTemplate":"https:\/\/luxurycandlesupplies.eu\/?s={search_term_string}"},"query-input":{"@type":"PropertyValueSpecification","valueRequired":true,"valueName":"search_term_string"}}],"inLanguage":"de-DE"},{"@type":"Organization","@id":"https:\/\/luxurycandlesupplies.eu\/#organization","name":"Antwerpener Luxus-Kerzen-Bedarf","url":"https:\/\/luxurycandlesupplies.eu\/","logo":{"@type":"ImageObject","inLanguage":"de-DE","@id":"https:\/\/luxurycandlesupplies.eu\/#\/schema\/logo\/image\/","url":"https:\/\/luxurycandlesupplies.eu\/app\/uploads\/2022\/03\/antwerp-luxury-candle-supplies-1x.png","contentUrl":"https:\/\/luxurycandlesupplies.eu\/app\/uploads\/2022\/03\/antwerp-luxury-candle-supplies-1x.png","width":330,"height":60,"caption":"Antwerp Luxury Candle Supplies"},"image":{"@id":"https:\/\/luxurycandlesupplies.eu\/#\/schema\/logo\/image\/"},"sameAs":["https:\/\/www.facebook.com\/Antwerpluxurycandlesupplies\/","https:\/\/www.instagram.com\/antwerp_luxury_candle_supplies\/","https:\/\/pin.it\/7joOXRW"]}]}},"_links":{"self":[{"href":"https:\/\/luxurycandlesupplies.eu\/de\/wp-json\/wp\/v2\/product\/12702","targetHints":{"allow":["GET"]}}],"collection":[{"href":"https:\/\/luxurycandlesupplies.eu\/de\/wp-json\/wp\/v2\/product"}],"about":[{"href":"https:\/\/luxurycandlesupplies.eu\/de\/wp-json\/wp\/v2\/types\/product"}],"wp:featuredmedia":[{"embeddable":true,"href":"https:\/\/luxurycandlesupplies.eu\/de\/wp-json\/wp\/v2\/media\/12692"}],"wp:attachment":[{"href":"https:\/\/luxurycandlesupplies.eu\/de\/wp-json\/wp\/v2\/media?parent=12702"}],"wp:term":[{"taxonomy":"product_brand","embeddable":true,"href":"https:\/\/luxurycandlesupplies.eu\/de\/wp-json\/wp\/v2\/product_brand?post=12702"},{"taxonomy":"product_cat","embeddable":true,"href":"https:\/\/luxurycandlesupplies.eu\/de\/wp-json\/wp\/v2\/product_cat?post=12702"},{"taxonomy":"product_tag","embeddable":true,"href":"https:\/\/luxurycandlesupplies.eu\/de\/wp-json\/wp\/v2\/product_tag?post=12702"}],"curies":[{"name":"wp","href":"https:\/\/api.w.org\/{rel}","templated":true}]}}