{"id":12799,"date":"2023-10-05T13:39:59","date_gmt":"2023-10-05T11:39:59","guid":{"rendered":"https:\/\/luxurycandlesupplies.eu\/?post_type=product&#038;p=12799"},"modified":"2026-03-17T10:01:52","modified_gmt":"2026-03-17T09:01:52","slug":"schnapsglas-weis","status":"publish","type":"product","link":"https:\/\/luxurycandlesupplies.eu\/de\/product\/shot-glass-white\/","title":{"rendered":"Schnapsglas - Wei\u00df gl\u00e4nzend"},"content":{"rendered":"<h4>BESCHREIBUNG<\/h4>\n<div class=\"product info detailed after-content\">\n<div class=\"product data items\">\n<div class=\"product-data-items-content\">\n<div id=\"attributedescription\" class=\"data item content\" role=\"tabpanel\" data-role=\"content\" aria-labelledby=\"tab-label-attributedescription\" aria-hidden=\"false\">\n<div class=\"product attribute description\">\n<div class=\"value\">\n<p>&nbsp;<\/p>\n<p>Die Antwerp Luxury Candle Supplies Schnapsgl\u00e4ser sind einer unserer beliebtesten Artikel. Ihre Gr\u00f6\u00dfe erm\u00f6glicht eine gro\u00dfe Flexibilit\u00e4t und eignet sich f\u00fcr eine ganze Reihe von Anwendungen.<\/p>\n<p>Das 60ML Shotglas ist die perfekte Testkerze f\u00fcr Ihre Kunden! Es bietet Ihnen ein kosteng\u00fcnstiges und dennoch luxuri\u00f6ses St\u00fcck Glasware.<\/p>\n<p>Unser Schnapsglas ist sowohl f\u00fcr Anf\u00e4nger als auch f\u00fcr erfahrene Kerzenmacher geeignet.<\/p>\n<p>&nbsp;<\/p>\n<h3>SPEZIFIKATIONEN<\/h3>\n<hr \/>\n<div><\/div>\n<p><strong>\u00c4u\u00dfere Abmessungen des Beh\u00e4lters<\/strong>: 53mm\u00d8 x 65mmH<br \/>\n<strong>Abmessungen des Innenbeh\u00e4lters<\/strong>: 47mm\u00d8 x 57mmH<br \/>\n<strong>Kapazit\u00e4t des Schiffes<\/strong>: 60ml<br \/>\n<strong>Gewicht des Schiffes<\/strong>: 95g<\/p>\n<p><strong>Geeigneter Deckel<\/strong>: N\/A<\/p>\n<p><strong>Empfohlene Dochtgr\u00f6\u00dfe<\/strong>*:\u00a0<a href=\"https:\/\/luxurycandlesupplies.eu\/de\/produkt\/dochte-von-lcs-45\/\" target=\"_blank\" rel=\"noopener\">LCS45<\/a>,\u00a0<a href=\"https:\/\/luxurycandlesupplies.eu\/de\/produkt\/dochte-von-lcs-50\/\" target=\"_blank\" rel=\"noopener\">LCS50<\/a><br \/>\n*Bitte beachten Sie, dass die Dochtgr\u00f6\u00dfen nur Vorschl\u00e4ge sind. Um optimale Ergebnisse zu erzielen, empfehlen wir den Nutzern, ihre eigenen Dochttests mit verschiedenen Wachs- und \u00d6lmischungen, die sie verwenden m\u00f6chten, durchzuf\u00fchren.<\/p>\n<p>Erh\u00e4ltlich in 10er-Packungen.<\/p>\n<p><strong>Gr\u00f6\u00dfe des Kartons<\/strong>: 100<\/p>\n<p>Bitte beachten Sie, dass das Produktfoto in Bezug auf die Farbe aufgrund von Beleuchtung und\/oder Herstellung vom tats\u00e4chlichen Artikel abweichen kann.<\/p>\n<\/div>\n<\/div>\n<\/div>\n<\/div>\n<\/div>\n<\/div>","protected":false},"excerpt":{"rendered":"<h4>Mindestbestellmenge 10 St\u00fcck.<\/h4>\n<div class=\"product info detailed after-content\">\n<div class=\"product data items\">\n<div class=\"product-data-items-content\">\n<div id=\"attributedescription\" class=\"data item content\" role=\"tabpanel\" data-role=\"content\" aria-labelledby=\"tab-label-attributedescription\" aria-hidden=\"false\">\n<div class=\"product attribute description\">\n<div class=\"value\">\n<p>&nbsp;<\/p>\n<\/div>\n<\/div>\n<\/div>\n<\/div>\n<\/div>\n<\/div>\n<div class=\"block related-product-main has-sub navigation-top related\" data-limit=\"0\" data-shuffle=\"0\">\n<p><strong>\u00c4u\u00dfere Abmessungen des Beh\u00e4lters<\/strong>: 53mm\u00d8 x 65mmH<br \/>\n<strong>Abmessungen des Innenbeh\u00e4lters<\/strong>: 47mm\u00d8 x 57mmH<\/p>\n<p><strong>Kapazit\u00e4t des Schiffes<\/strong>\u00a0:6cl\/60ml<\/p>\n<p><strong>Bef\u00fcllung des Gef\u00e4\u00dfes (nur ein Vorschlag):<\/strong>\u00a0Ca. 55g+ (Gef\u00e4\u00dff\u00fcllung nach eigenem Ermessen)<\/p>\n<p><strong>Gewicht des Schiffes:<\/strong>\u00a092g<\/p>\n<p><strong>Geeigneter Deckel<\/strong>: N\/A<\/p>\n<p><strong>Empfohlene Dochtgr\u00f6\u00dfe<\/strong>*:\u00a0<a href=\"https:\/\/luxurycandlesupplies.eu\/de\/produkt\/dochte-von-lcs-45\/\" target=\"_blank\" rel=\"noopener\">LCS45<\/a>,\u00a0<a href=\"https:\/\/luxurycandlesupplies.eu\/de\/produkt\/dochte-von-lcs-50\/\" target=\"_blank\" rel=\"noopener\">LCS50<\/a><\/p>\n<p>*Bitte beachten Sie, dass die Dochtgr\u00f6\u00dfen nur Vorschl\u00e4ge sind. Um optimale Ergebnisse zu erzielen, empfehlen wir den Nutzern, ihre eigenen Dochttests mit verschiedenen Wachs- und \u00d6lmischungen, die sie verwenden m\u00f6chten, durchzuf\u00fchren.<\/p>\n<p>&nbsp;<\/p>\n<p>Erh\u00e4ltlich in 10er-Packungen.<br \/>\n<strong>Gr\u00f6\u00dfe des Kartons<\/strong>: 100<\/p>\n<p>&nbsp;<\/p>\n<p>*Bitte beachten Sie, dass das Produktfoto aufgrund von Licht- und\/oder Herstellungsbedingungen farblich vom tats\u00e4chlichen Artikel abweichen kann.<\/p>\n<\/div>\n<p>&nbsp;<\/p>","protected":false},"featured_media":12781,"template":"","meta":{"_acf_changed":false,"site-sidebar-layout":"default","site-content-layout":"default","ast-site-content-layout":"default","site-content-style":"default","site-sidebar-style":"default","ast-global-header-display":"","ast-banner-title-visibility":"","ast-main-header-display":"","ast-hfb-above-header-display":"","ast-hfb-below-header-display":"","ast-hfb-mobile-header-display":"","site-post-title":"","ast-breadcrumbs-content":"","ast-featured-img":"","footer-sml-layout":"","ast-disable-related-posts":"","theme-transparent-header-meta":"default","adv-header-id-meta":"","stick-header-meta":"","header-above-stick-meta":"","header-main-stick-meta":"","header-below-stick-meta":"","astra-migrate-meta-layouts":"set","ast-page-background-enabled":"default","ast-page-background-meta":{"desktop":{"background-color":"","background-image":"","background-repeat":"repeat","background-position":"center center","background-size":"auto","background-attachment":"scroll","background-type":"","background-media":"","overlay-type":"","overlay-color":"","overlay-opacity":"","overlay-gradient":""},"tablet":{"background-color":"","background-image":"","background-repeat":"repeat","background-position":"center center","background-size":"auto","background-attachment":"scroll","background-type":"","background-media":"","overlay-type":"","overlay-color":"","overlay-opacity":"","overlay-gradient":""},"mobile":{"background-color":"","background-image":"","background-repeat":"repeat","background-position":"center center","background-size":"auto","background-attachment":"scroll","background-type":"","background-media":"","overlay-type":"","overlay-color":"","overlay-opacity":"","overlay-gradient":""}},"ast-content-background-meta":{"desktop":{"background-color":"var(--ast-global-color-5)","background-image":"","background-repeat":"repeat","background-position":"center center","background-size":"auto","background-attachment":"scroll","background-type":"","background-media":"","overlay-type":"","overlay-color":"","overlay-opacity":"","overlay-gradient":""},"tablet":{"background-color":"var(--ast-global-color-5)","background-image":"","background-repeat":"repeat","background-position":"center center","background-size":"auto","background-attachment":"scroll","background-type":"","background-media":"","overlay-type":"","overlay-color":"","overlay-opacity":"","overlay-gradient":""},"mobile":{"background-color":"var(--ast-global-color-5)","background-image":"","background-repeat":"repeat","background-position":"center center","background-size":"auto","background-attachment":"scroll","background-type":"","background-media":"","overlay-type":"","overlay-color":"","overlay-opacity":"","overlay-gradient":""}}},"product_brand":[],"product_cat":[67,1351],"product_tag":[149,1352,1353,1354],"class_list":{"0":"post-12799","1":"product","2":"type-product","3":"status-publish","4":"has-post-thumbnail","6":"product_cat-candlejars","7":"product_cat-shot-glass-collection","8":"product_tag-black","9":"product_tag-gloss","10":"product_tag-shot-glass","11":"product_tag-xs-glass","12":"desktop-align-left","13":"tablet-align-left","14":"mobile-align-left","15":"ast-product-gallery-layout-horizontal-slider","16":"ast-product-tabs-layout-horizontal","18":"first","19":"instock","20":"taxable","21":"shipping-taxable","22":"purchasable","23":"product-type-simple"},"acf":[],"yoast_head":"<title>Shot Glass - Gloss White - Antwerp Luxury Candle Supplies<\/title>\n<meta name=\"robots\" content=\"index, follow, max-snippet:-1, max-image-preview:large, max-video-preview:-1\" \/>\n<link rel=\"canonical\" href=\"https:\/\/luxurycandlesupplies.eu\/de\/produkt\/schnapsglas-weis\/\" \/>\n<meta property=\"og:locale\" content=\"de_DE\" \/>\n<meta property=\"og:type\" content=\"article\" \/>\n<meta property=\"og:title\" content=\"Shot Glass - Gloss White - Antwerp Luxury Candle Supplies\" \/>\n<meta property=\"og:description\" content=\"Minimum order quantity 10 pcs.        &nbsp;          External Vessel Dimensions: 53mm\u00d8 x 65mmH Internal Vessel Dimensions: 47mm\u00d8 x 57mmH  Vessel Capacity\u00a0:6cl\/60ml  Vessel Fill (suggestion only):\u00a0Approx. 55g+ (vessel fill as per your discretion)  Vessel Weight:\u00a092g  Suitable Lid: N\/A  Suggested Wick Size*:\u00a0LCS45,\u00a0LCS50  *Please note, wick sizes are suggestions only. For optimum results, we recommend users conduct their own wick tests with different blends of wax and oils that they intend to use.  &nbsp;  Available in packs of 10. Carton size: 100  &nbsp;  *Please note, product photo may differ from actual item in terms of colour due to lighting and\/or manufacturing.   &nbsp;\" \/>\n<meta property=\"og:url\" content=\"https:\/\/luxurycandlesupplies.eu\/de\/produkt\/schnapsglas-weis\/\" \/>\n<meta property=\"og:site_name\" content=\"Antwerp Luxury Candle Supplies\" \/>\n<meta property=\"article:publisher\" content=\"https:\/\/www.facebook.com\/Antwerpluxurycandlesupplies\/\" \/>\n<meta property=\"article:modified_time\" content=\"2026-03-17T09:01:52+00:00\" \/>\n<meta property=\"og:image\" content=\"https:\/\/luxurycandlesupplies.eu\/app\/uploads\/2023\/10\/Shot-Glasses-White.jpeg\" \/>\n\t<meta property=\"og:image:width\" content=\"600\" \/>\n\t<meta property=\"og:image:height\" content=\"500\" \/>\n\t<meta property=\"og:image:type\" content=\"image\/jpeg\" \/>\n<meta name=\"twitter:card\" content=\"summary_large_image\" \/>\n<meta name=\"twitter:label1\" content=\"Gesch\u00e4tzte Lesezeit\" \/>\n\t<meta name=\"twitter:data1\" content=\"1 minute\" \/>\n<script type=\"application\/ld+json\" class=\"yoast-schema-graph\">{\"@context\":\"https:\\\/\\\/schema.org\",\"@graph\":[{\"@type\":\"WebPage\",\"@id\":\"https:\\\/\\\/luxurycandlesupplies.eu\\\/product\\\/shot-glass-white\\\/\",\"url\":\"https:\\\/\\\/luxurycandlesupplies.eu\\\/product\\\/shot-glass-white\\\/\",\"name\":\"Shot Glass - Gloss White - Antwerp Luxury Candle Supplies\",\"isPartOf\":{\"@id\":\"https:\\\/\\\/luxurycandlesupplies.eu\\\/#website\"},\"primaryImageOfPage\":{\"@id\":\"https:\\\/\\\/luxurycandlesupplies.eu\\\/product\\\/shot-glass-white\\\/#primaryimage\"},\"image\":{\"@id\":\"https:\\\/\\\/luxurycandlesupplies.eu\\\/product\\\/shot-glass-white\\\/#primaryimage\"},\"thumbnailUrl\":\"https:\\\/\\\/luxurycandlesupplies.eu\\\/app\\\/uploads\\\/2023\\\/10\\\/Shot-Glasses-White.jpeg\",\"datePublished\":\"2023-10-05T11:39:59+00:00\",\"dateModified\":\"2026-03-17T09:01:52+00:00\",\"breadcrumb\":{\"@id\":\"https:\\\/\\\/luxurycandlesupplies.eu\\\/product\\\/shot-glass-white\\\/#breadcrumb\"},\"inLanguage\":\"de-DE\",\"potentialAction\":[{\"@type\":\"ReadAction\",\"target\":[\"https:\\\/\\\/luxurycandlesupplies.eu\\\/product\\\/shot-glass-white\\\/\"]}]},{\"@type\":\"ImageObject\",\"inLanguage\":\"de-DE\",\"@id\":\"https:\\\/\\\/luxurycandlesupplies.eu\\\/product\\\/shot-glass-white\\\/#primaryimage\",\"url\":\"https:\\\/\\\/luxurycandlesupplies.eu\\\/app\\\/uploads\\\/2023\\\/10\\\/Shot-Glasses-White.jpeg\",\"contentUrl\":\"https:\\\/\\\/luxurycandlesupplies.eu\\\/app\\\/uploads\\\/2023\\\/10\\\/Shot-Glasses-White.jpeg\",\"width\":600,\"height\":500},{\"@type\":\"BreadcrumbList\",\"@id\":\"https:\\\/\\\/luxurycandlesupplies.eu\\\/product\\\/shot-glass-white\\\/#breadcrumb\",\"itemListElement\":[{\"@type\":\"ListItem\",\"position\":1,\"name\":\"Home\",\"item\":\"https:\\\/\\\/luxurycandlesupplies.eu\\\/\"},{\"@type\":\"ListItem\",\"position\":2,\"name\":\"Shop\",\"item\":\"https:\\\/\\\/luxurycandlesupplies.eu\\\/shop\\\/\"},{\"@type\":\"ListItem\",\"position\":3,\"name\":\"Shot Glass &#8211; Gloss White\"}]},{\"@type\":\"WebSite\",\"@id\":\"https:\\\/\\\/luxurycandlesupplies.eu\\\/#website\",\"url\":\"https:\\\/\\\/luxurycandlesupplies.eu\\\/\",\"name\":\"Antwerp Luxury Candle Supplies\",\"description\":\"Distributor of all seasons soy wax\",\"publisher\":{\"@id\":\"https:\\\/\\\/luxurycandlesupplies.eu\\\/#organization\"},\"potentialAction\":[{\"@type\":\"SearchAction\",\"target\":{\"@type\":\"EntryPoint\",\"urlTemplate\":\"https:\\\/\\\/luxurycandlesupplies.eu\\\/?s={search_term_string}\"},\"query-input\":{\"@type\":\"PropertyValueSpecification\",\"valueRequired\":true,\"valueName\":\"search_term_string\"}}],\"inLanguage\":\"de-DE\"},{\"@type\":\"Organization\",\"@id\":\"https:\\\/\\\/luxurycandlesupplies.eu\\\/#organization\",\"name\":\"Antwerp Luxury Candle Supplies\",\"url\":\"https:\\\/\\\/luxurycandlesupplies.eu\\\/\",\"logo\":{\"@type\":\"ImageObject\",\"inLanguage\":\"de-DE\",\"@id\":\"https:\\\/\\\/luxurycandlesupplies.eu\\\/#\\\/schema\\\/logo\\\/image\\\/\",\"url\":\"https:\\\/\\\/luxurycandlesupplies.eu\\\/app\\\/uploads\\\/2022\\\/03\\\/antwerp-luxury-candle-supplies-1x.png\",\"contentUrl\":\"https:\\\/\\\/luxurycandlesupplies.eu\\\/app\\\/uploads\\\/2022\\\/03\\\/antwerp-luxury-candle-supplies-1x.png\",\"width\":330,\"height\":60,\"caption\":\"Antwerp Luxury Candle Supplies\"},\"image\":{\"@id\":\"https:\\\/\\\/luxurycandlesupplies.eu\\\/#\\\/schema\\\/logo\\\/image\\\/\"},\"sameAs\":[\"https:\\\/\\\/www.facebook.com\\\/Antwerpluxurycandlesupplies\\\/\",\"https:\\\/\\\/www.instagram.com\\\/antwerp_luxury_candle_supplies\\\/\",\"https:\\\/\\\/pin.it\\\/7joOXRW\"]}]}<\/script>","yoast_head_json":{"title":"Schnapsglas - Wei\u00df gl\u00e4nzend - Antwerp Luxury Candle Supplies","robots":{"index":"index","follow":"follow","max-snippet":"max-snippet:-1","max-image-preview":"max-image-preview:large","max-video-preview":"max-video-preview:-1"},"canonical":"https:\/\/luxurycandlesupplies.eu\/de\/produkt\/schnapsglas-weis\/","og_locale":"de_DE","og_type":"article","og_title":"Shot Glass - Gloss White - Antwerp Luxury Candle Supplies","og_description":"Minimum order quantity 10 pcs.        &nbsp;          External Vessel Dimensions: 53mm\u00d8 x 65mmH Internal Vessel Dimensions: 47mm\u00d8 x 57mmH  Vessel Capacity\u00a0:6cl\/60ml  Vessel Fill (suggestion only):\u00a0Approx. 55g+ (vessel fill as per your discretion)  Vessel Weight:\u00a092g  Suitable Lid: N\/A  Suggested Wick Size*:\u00a0LCS45,\u00a0LCS50  *Please note, wick sizes are suggestions only. For optimum results, we recommend users conduct their own wick tests with different blends of wax and oils that they intend to use.  &nbsp;  Available in packs of 10. Carton size: 100  &nbsp;  *Please note, product photo may differ from actual item in terms of colour due to lighting and\/or manufacturing.   &nbsp;","og_url":"https:\/\/luxurycandlesupplies.eu\/de\/produkt\/schnapsglas-weis\/","og_site_name":"Antwerp Luxury Candle Supplies","article_publisher":"https:\/\/www.facebook.com\/Antwerpluxurycandlesupplies\/","article_modified_time":"2026-03-17T09:01:52+00:00","og_image":[{"width":600,"height":500,"url":"https:\/\/luxurycandlesupplies.eu\/app\/uploads\/2023\/10\/Shot-Glasses-White.jpeg","type":"image\/jpeg"}],"twitter_card":"summary_large_image","twitter_misc":{"Gesch\u00e4tzte Lesezeit":"1 minute"},"schema":{"@context":"https:\/\/schema.org","@graph":[{"@type":"WebPage","@id":"https:\/\/luxurycandlesupplies.eu\/product\/shot-glass-white\/","url":"https:\/\/luxurycandlesupplies.eu\/product\/shot-glass-white\/","name":"Schnapsglas - Wei\u00df gl\u00e4nzend - Antwerp Luxury Candle Supplies","isPartOf":{"@id":"https:\/\/luxurycandlesupplies.eu\/#website"},"primaryImageOfPage":{"@id":"https:\/\/luxurycandlesupplies.eu\/product\/shot-glass-white\/#primaryimage"},"image":{"@id":"https:\/\/luxurycandlesupplies.eu\/product\/shot-glass-white\/#primaryimage"},"thumbnailUrl":"https:\/\/luxurycandlesupplies.eu\/app\/uploads\/2023\/10\/Shot-Glasses-White.jpeg","datePublished":"2023-10-05T11:39:59+00:00","dateModified":"2026-03-17T09:01:52+00:00","breadcrumb":{"@id":"https:\/\/luxurycandlesupplies.eu\/product\/shot-glass-white\/#breadcrumb"},"inLanguage":"de-DE","potentialAction":[{"@type":"ReadAction","target":["https:\/\/luxurycandlesupplies.eu\/product\/shot-glass-white\/"]}]},{"@type":"ImageObject","inLanguage":"de-DE","@id":"https:\/\/luxurycandlesupplies.eu\/product\/shot-glass-white\/#primaryimage","url":"https:\/\/luxurycandlesupplies.eu\/app\/uploads\/2023\/10\/Shot-Glasses-White.jpeg","contentUrl":"https:\/\/luxurycandlesupplies.eu\/app\/uploads\/2023\/10\/Shot-Glasses-White.jpeg","width":600,"height":500},{"@type":"BreadcrumbList","@id":"https:\/\/luxurycandlesupplies.eu\/product\/shot-glass-white\/#breadcrumb","itemListElement":[{"@type":"ListItem","position":1,"name":"Home","item":"https:\/\/luxurycandlesupplies.eu\/"},{"@type":"ListItem","position":2,"name":"Shop","item":"https:\/\/luxurycandlesupplies.eu\/shop\/"},{"@type":"ListItem","position":3,"name":"Shot Glass &#8211; Gloss White"}]},{"@type":"WebSite","@id":"https:\/\/luxurycandlesupplies.eu\/#website","url":"https:\/\/luxurycandlesupplies.eu\/","name":"Antwerpener Luxus-Kerzen-Bedarf","description":"Vertreiber von Sojawachs f\u00fcr alle Jahreszeiten","publisher":{"@id":"https:\/\/luxurycandlesupplies.eu\/#organization"},"potentialAction":[{"@type":"SearchAction","target":{"@type":"EntryPoint","urlTemplate":"https:\/\/luxurycandlesupplies.eu\/?s={search_term_string}"},"query-input":{"@type":"PropertyValueSpecification","valueRequired":true,"valueName":"search_term_string"}}],"inLanguage":"de-DE"},{"@type":"Organization","@id":"https:\/\/luxurycandlesupplies.eu\/#organization","name":"Antwerpener Luxus-Kerzen-Bedarf","url":"https:\/\/luxurycandlesupplies.eu\/","logo":{"@type":"ImageObject","inLanguage":"de-DE","@id":"https:\/\/luxurycandlesupplies.eu\/#\/schema\/logo\/image\/","url":"https:\/\/luxurycandlesupplies.eu\/app\/uploads\/2022\/03\/antwerp-luxury-candle-supplies-1x.png","contentUrl":"https:\/\/luxurycandlesupplies.eu\/app\/uploads\/2022\/03\/antwerp-luxury-candle-supplies-1x.png","width":330,"height":60,"caption":"Antwerp Luxury Candle Supplies"},"image":{"@id":"https:\/\/luxurycandlesupplies.eu\/#\/schema\/logo\/image\/"},"sameAs":["https:\/\/www.facebook.com\/Antwerpluxurycandlesupplies\/","https:\/\/www.instagram.com\/antwerp_luxury_candle_supplies\/","https:\/\/pin.it\/7joOXRW"]}]}},"_links":{"self":[{"href":"https:\/\/luxurycandlesupplies.eu\/de\/wp-json\/wp\/v2\/product\/12799","targetHints":{"allow":["GET"]}}],"collection":[{"href":"https:\/\/luxurycandlesupplies.eu\/de\/wp-json\/wp\/v2\/product"}],"about":[{"href":"https:\/\/luxurycandlesupplies.eu\/de\/wp-json\/wp\/v2\/types\/product"}],"wp:featuredmedia":[{"embeddable":true,"href":"https:\/\/luxurycandlesupplies.eu\/de\/wp-json\/wp\/v2\/media\/12781"}],"wp:attachment":[{"href":"https:\/\/luxurycandlesupplies.eu\/de\/wp-json\/wp\/v2\/media?parent=12799"}],"wp:term":[{"taxonomy":"product_brand","embeddable":true,"href":"https:\/\/luxurycandlesupplies.eu\/de\/wp-json\/wp\/v2\/product_brand?post=12799"},{"taxonomy":"product_cat","embeddable":true,"href":"https:\/\/luxurycandlesupplies.eu\/de\/wp-json\/wp\/v2\/product_cat?post=12799"},{"taxonomy":"product_tag","embeddable":true,"href":"https:\/\/luxurycandlesupplies.eu\/de\/wp-json\/wp\/v2\/product_tag?post=12799"}],"curies":[{"name":"wp","href":"https:\/\/api.w.org\/{rel}","templated":true}]}}