{"id":12904,"date":"2023-10-05T23:02:59","date_gmt":"2023-10-05T21:02:59","guid":{"rendered":"https:\/\/luxurycandlesupplies.eu\/?post_type=product&#038;p=12904"},"modified":"2026-04-07T21:39:21","modified_gmt":"2026-04-07T19:39:21","slug":"flammenloses-usb-feuerzeug-schwarz-2","status":"publish","type":"product","link":"https:\/\/luxurycandlesupplies.eu\/de\/product\/flameless-usb-lighter-black\/","title":{"rendered":"Flammenloses USB-Feuerzeug - Schwarz"},"content":{"rendered":"<h2>BESCHREIBUNG<\/h2>\n<hr \/>\n<div><\/div>\n<p>Arc Flameless USB Feuerzeuge, die mit der Plasma Arc Lighter Technologie arbeiten.<\/p>\n<p>Dieses wiederaufladbare USB-Feuerzeug ist ein gro\u00dfartiger Ersatz f\u00fcr Streichh\u00f6lzer und Gasfeuerzeuge. Inklusive l\u00e4ngerem, verstellbarem Feuerzeughals, ideal zum Anz\u00fcnden von Kerzen.<\/p>\n<p>Dieses Produkt verwendet einen Lithium-Ionen-Akku.<\/p>\n<p>Die Booster-Baugruppe kann die Niederspannung von 3,7 V auf die Halbsinus-Hochspannung von 7 kV mit einer Frequenz von ca. 15 kz erh\u00f6hen, was Hochfrequenz- und Hochspannungsschocks erzeugen kann, um die Luft zu schocken und Verschlei\u00df mit hohen Temperaturen zu erzeugen.<\/p>\n<p>&nbsp;<\/p>\n<p><strong>WICHTIG: Bitte lesen Sie vor dem Gebrauch alle Sicherheitshinweise. Ber\u00fchren Sie nicht den elektronischen Funken. Z\u00fcnden Sie die Flamme nicht \u00f6fter als 5 Mal hintereinander an. Halten Sie es von Kindern und Haustieren fern. Verwenden Sie keine scharfen Gegenst\u00e4nde, um dieses Produkt zu durchstechen oder zu verbrennen. Nehmen Sie das Ger\u00e4t nicht auseinander, es sei denn, Sie sind ein autorisierter Servicetechniker. Legen Sie das Ger\u00e4t nicht in Wasser oder andere Fl\u00fcssigkeiten. Verwenden Sie dieses Produkt nicht mit Ladeger\u00e4ten, die eine h\u00f6here Ausgangsspannung als DV5V\u00b10,5V aufweisen. Andere Ladeger\u00e4te k\u00f6nnen zu einem Kurzschluss des Produkts f\u00fchren. Bitte verwenden Sie das Produkt nicht in der N\u00e4he von Gesicht, Haut und brennbaren Gegenst\u00e4nden. Um die Sicherheit zu gew\u00e4hrleisten, stellen Sie bitte sicher, dass die Flamme nach dem Gebrauch vollst\u00e4ndig gel\u00f6scht ist. Nehmen Sie das Produkt bei Temperaturen \u00fcber 60\u00b0C aus der Flamme. Setzen Sie das Produkt nicht der Sonne aus, um Brandgefahr zu vermeiden. Lagern Sie das Produkt an einem k\u00fchlen, trockenen Ort, fern von Sonne, Hitze und anderen brennbaren Quellen.<\/strong><\/p>\n<p>&nbsp;<\/p>\n<h3>Eigenschaften<\/h3>\n<hr \/>\n<div><\/div>\n<p><strong>Produkt Abmessungen:<\/strong> 12mmB x 10mmL x 255mmH<br \/>\n<strong>Abmessungen der Box:<\/strong> 60mmB x 30mmL x 270mmH<br \/>\n<strong>Batterie:<\/strong> Wiederaufladbare Lithium-Ionen-Batterie<br \/>\n<strong>Wiederaufladbar<\/strong>: USB (mitgeliefert)<br \/>\n<strong>Garantie<\/strong>: 12 Monate<\/p>\n<p>&nbsp;<\/p>\n<p>&nbsp;<\/p>","protected":false},"excerpt":{"rendered":"<h2>BESCHREIBUNG<\/h2>\n<hr \/>\n<div><\/div>\n<p>Arc Flameless USB Feuerzeuge, die mit der Plasma Arc Lighter Technologie arbeiten.<\/p>\n<p>Dieses wiederaufladbare USB-Feuerzeug ist ein gro\u00dfartiger Ersatz f\u00fcr Streichh\u00f6lzer und Gasfeuerzeuge. Inklusive l\u00e4ngerem, verstellbarem Feuerzeughals, ideal zum Anz\u00fcnden von Kerzen.<\/p>\n<p>Dieses Produkt verwendet einen Lithium-Ionen-Akku.<\/p>\n<p>Die Booster-Baugruppe kann die Niederspannung von 3,7 V auf die Halbsinus-Hochspannung von 7 kV mit einer Frequenz von ca. 15 kz erh\u00f6hen, was Hochfrequenz- und Hochspannungsschocks erzeugen kann, um die Luft zu schocken und Verschlei\u00df mit hohen Temperaturen zu erzeugen.<\/p>\n<p>&nbsp;<\/p>\n<p><strong>WICHTIG: Bitte lesen Sie vor dem Gebrauch alle Sicherheitshinweise. Ber\u00fchren Sie nicht den elektronischen Funken. Z\u00fcnden Sie die Flamme nicht \u00f6fter als 5 Mal hintereinander an. Halten Sie es von Kindern und Haustieren fern. Verwenden Sie keine scharfen Gegenst\u00e4nde, um dieses Produkt zu durchstechen oder zu verbrennen. Nehmen Sie das Ger\u00e4t nicht auseinander, es sei denn, Sie sind ein autorisierter Servicetechniker. Legen Sie das Ger\u00e4t nicht in Wasser oder andere Fl\u00fcssigkeiten. Verwenden Sie dieses Produkt nicht mit Ladeger\u00e4ten, die eine h\u00f6here Ausgangsspannung als DV5V\u00b10,5V aufweisen. Andere Ladeger\u00e4te k\u00f6nnen zu einem Kurzschluss des Produkts f\u00fchren. Bitte verwenden Sie das Produkt nicht in der N\u00e4he von Gesicht, Haut und brennbaren Gegenst\u00e4nden. Um die Sicherheit zu gew\u00e4hrleisten, stellen Sie bitte sicher, dass die Flamme nach dem Gebrauch vollst\u00e4ndig gel\u00f6scht ist. Nehmen Sie das Produkt bei Temperaturen \u00fcber 60\u00b0C aus der Flamme. Setzen Sie das Produkt nicht der Sonne aus, um Brandgefahr zu vermeiden. Lagern Sie das Produkt an einem k\u00fchlen, trockenen Ort, fern von Sonne, Hitze und anderen brennbaren Quellen.<\/strong><\/p>\n<p>&nbsp;<\/p>\n<h3>Eigenschaften<\/h3>\n<hr \/>\n<div><\/div>\n<p><strong>Produkt Abmessungen:<\/strong> 12mmB x 10mmL x 255mmH<br \/>\n<strong>Abmessungen der Box:<\/strong> 60mmB x 30mmL x 270mmH<br \/>\n<strong>Batterie:<\/strong> Wiederaufladbare Lithium-Ionen-Batterie<br \/>\n<strong>Wiederaufladbar<\/strong>: USB (mitgeliefert)<br \/>\n<strong>Garantie<\/strong>: 12 Monate<\/p>\n<p>&nbsp;<\/p>\n<h3>BENUTZERHANDBUCH &amp; SICHERHEITSDOKUMENTATION<\/h3>\n<hr \/>\n<div><\/div>\n<p>Wir haben viel Energie und Zeit in die Entwicklung dieses Ger\u00e4ts gesteckt, um die beste Qualit\u00e4t zu gew\u00e4hrleisten. Um das Ger\u00e4t effizient und sicher zu betreiben, haben wir alle n\u00fctzlichen Informationen in diesem Benutzerhandbuch zusammengestellt. Bitte lesen Sie alle Informationen vor dem Gebrauch.<\/p>\n<p>&nbsp;<\/p>\n<p><img decoding=\"async\" class=\"wp-image-31591 alignnone\" src=\"https:\/\/luxurycandlesupplies.com.au\/wp-content\/uploads\/2018\/08\/icon-pdf.png\" alt=\"pdf\" width=\"30\" height=\"30\" \/> Download Bedienungsanleitung f\u00fcr Hei\u00dfluftpistole<\/p>","protected":false},"featured_media":12820,"template":"","meta":{"_acf_changed":false,"site-sidebar-layout":"default","site-content-layout":"default","ast-site-content-layout":"default","site-content-style":"default","site-sidebar-style":"default","ast-global-header-display":"","ast-banner-title-visibility":"","ast-main-header-display":"","ast-hfb-above-header-display":"","ast-hfb-below-header-display":"","ast-hfb-mobile-header-display":"","site-post-title":"","ast-breadcrumbs-content":"","ast-featured-img":"","footer-sml-layout":"","ast-disable-related-posts":"","theme-transparent-header-meta":"default","adv-header-id-meta":"","stick-header-meta":"","header-above-stick-meta":"","header-main-stick-meta":"","header-below-stick-meta":"","astra-migrate-meta-layouts":"set","ast-page-background-enabled":"default","ast-page-background-meta":{"desktop":{"background-color":"","background-image":"","background-repeat":"repeat","background-position":"center center","background-size":"auto","background-attachment":"scroll","background-type":"","background-media":"","overlay-type":"","overlay-color":"","overlay-opacity":"","overlay-gradient":""},"tablet":{"background-color":"","background-image":"","background-repeat":"repeat","background-position":"center center","background-size":"auto","background-attachment":"scroll","background-type":"","background-media":"","overlay-type":"","overlay-color":"","overlay-opacity":"","overlay-gradient":""},"mobile":{"background-color":"","background-image":"","background-repeat":"repeat","background-position":"center center","background-size":"auto","background-attachment":"scroll","background-type":"","background-media":"","overlay-type":"","overlay-color":"","overlay-opacity":"","overlay-gradient":""}},"ast-content-background-meta":{"desktop":{"background-color":"var(--ast-global-color-5)","background-image":"","background-repeat":"repeat","background-position":"center center","background-size":"auto","background-attachment":"scroll","background-type":"","background-media":"","overlay-type":"","overlay-color":"","overlay-opacity":"","overlay-gradient":""},"tablet":{"background-color":"var(--ast-global-color-5)","background-image":"","background-repeat":"repeat","background-position":"center center","background-size":"auto","background-attachment":"scroll","background-type":"","background-media":"","overlay-type":"","overlay-color":"","overlay-opacity":"","overlay-gradient":""},"mobile":{"background-color":"var(--ast-global-color-5)","background-image":"","background-repeat":"repeat","background-position":"center center","background-size":"auto","background-attachment":"scroll","background-type":"","background-media":"","overlay-type":"","overlay-color":"","overlay-opacity":"","overlay-gradient":""}}},"product_brand":[],"product_cat":[1384,285],"product_tag":[149,1383,1382,1381],"class_list":{"0":"post-12904","1":"product","2":"type-product","3":"status-publish","4":"has-post-thumbnail","6":"product_cat-flameless-usb-lighters","7":"product_cat-equipment","8":"product_tag-black","9":"product_tag-flameless","10":"product_tag-lighter","11":"product_tag-usb","12":"desktop-align-left","13":"tablet-align-left","14":"mobile-align-left","15":"ast-product-gallery-layout-horizontal-slider","16":"ast-product-tabs-layout-horizontal","18":"first","19":"instock","20":"taxable","21":"shipping-taxable","22":"purchasable","23":"product-type-simple"},"acf":[],"yoast_head":"<title>Flameless USB Lighter \u2013 Black - Antwerp Luxury Candle Supplies<\/title>\n<meta name=\"robots\" content=\"index, follow, max-snippet:-1, max-image-preview:large, max-video-preview:-1\" \/>\n<link rel=\"canonical\" href=\"https:\/\/luxurycandlesupplies.eu\/de\/produkt\/flammenloses-usb-feuerzeug-schwarz-2\/\" \/>\n<meta property=\"og:locale\" content=\"de_DE\" \/>\n<meta property=\"og:type\" content=\"article\" \/>\n<meta property=\"og:title\" content=\"Flameless USB Lighter \u2013 Black - Antwerp Luxury Candle Supplies\" \/>\n<meta property=\"og:description\" content=\"DESCRIPTION     Arc Flameless USB Lighters, utilising Plasma Arc Lighter Technology.  This rechargeable USB lighter is a great substitute for matches and gas lighters. Includes longer adjustable lighter neck, ideal for lighting candles.  This product uses a lithium-ion rechargeable battery.  Booster assembly can raise the low voltage of 3.7V to the half-sine high voltage to 7KV with a frequency of around 15Kz, which can generate high frequency and high voltage shock, to shock the air to form wear with high temperatures.  &nbsp;  IMPORTANT: Please read all safety instructions prior to use. Do not touch the electronic spark. Do not ignite flame more than 5 times in a row. Keep away from children and pets. Do not use sharp object to pierce or burn this product. Do not take apart this product, unless you are an authorised service technician. Do not place the product into water or other liquids. Do not use this product on any chargers higher than the output voltage of DV5V\u00b10.5V. Other chargers may cause product to short circuit. Please use product away from face, skin, and combustibles. To ensure safety, please ensure the flame is totally extinguished after use. Remove product from flame in temperatures above 60\u00b0C. Do not expose product under sun to avoid fire hazard. Store product in a cool, dry place away from sun, heat and other flammable sources.  &nbsp; Features     Product Dimensions: 12mmW x 10mmL x 255mmH Box Dimensions: 60mmW x 30mmL x 270mmH Battery: Lithium-ion Rechargeable Battery Rechargeable: USB (included) Warranty: 12 months  &nbsp; USER GUIDE &amp; SAFETY DOCUMENTATION     We have spent lots of energy and time on the development of this appliance in order to guarantee its best quality performance. In order to operate the appliance efficiently and safely, we have compiled all useful information in this User Guide. Please read all information prior to use.  &nbsp;   Download Heat Gun Instructional Manual\" \/>\n<meta property=\"og:url\" content=\"https:\/\/luxurycandlesupplies.eu\/de\/produkt\/flammenloses-usb-feuerzeug-schwarz-2\/\" \/>\n<meta property=\"og:site_name\" content=\"Antwerp Luxury Candle Supplies\" \/>\n<meta property=\"article:publisher\" content=\"https:\/\/www.facebook.com\/Antwerpluxurycandlesupplies\/\" \/>\n<meta property=\"article:modified_time\" content=\"2026-04-07T19:39:21+00:00\" \/>\n<meta property=\"og:image\" content=\"https:\/\/luxurycandlesupplies.eu\/app\/uploads\/2023\/10\/lcs_flameless-usb-lighter_01_black-300x300-1.jpg\" \/>\n\t<meta property=\"og:image:width\" content=\"300\" \/>\n\t<meta property=\"og:image:height\" content=\"300\" \/>\n\t<meta property=\"og:image:type\" content=\"image\/jpeg\" \/>\n<meta name=\"twitter:card\" content=\"summary_large_image\" \/>\n<meta name=\"twitter:label1\" content=\"Gesch\u00e4tzte Lesezeit\" \/>\n\t<meta name=\"twitter:data1\" content=\"2 minutes\" \/>\n<script type=\"application\/ld+json\" class=\"yoast-schema-graph\">{\"@context\":\"https:\\\/\\\/schema.org\",\"@graph\":[{\"@type\":\"WebPage\",\"@id\":\"https:\\\/\\\/luxurycandlesupplies.eu\\\/product\\\/flameless-usb-lighter-black\\\/\",\"url\":\"https:\\\/\\\/luxurycandlesupplies.eu\\\/product\\\/flameless-usb-lighter-black\\\/\",\"name\":\"Flameless USB Lighter \u2013 Black - Antwerp Luxury Candle Supplies\",\"isPartOf\":{\"@id\":\"https:\\\/\\\/luxurycandlesupplies.eu\\\/#website\"},\"primaryImageOfPage\":{\"@id\":\"https:\\\/\\\/luxurycandlesupplies.eu\\\/product\\\/flameless-usb-lighter-black\\\/#primaryimage\"},\"image\":{\"@id\":\"https:\\\/\\\/luxurycandlesupplies.eu\\\/product\\\/flameless-usb-lighter-black\\\/#primaryimage\"},\"thumbnailUrl\":\"https:\\\/\\\/luxurycandlesupplies.eu\\\/app\\\/uploads\\\/2023\\\/10\\\/lcs_flameless-usb-lighter_01_black-300x300-1.jpg\",\"datePublished\":\"2023-10-05T21:02:59+00:00\",\"dateModified\":\"2026-04-07T19:39:21+00:00\",\"breadcrumb\":{\"@id\":\"https:\\\/\\\/luxurycandlesupplies.eu\\\/product\\\/flameless-usb-lighter-black\\\/#breadcrumb\"},\"inLanguage\":\"de-DE\",\"potentialAction\":[{\"@type\":\"ReadAction\",\"target\":[\"https:\\\/\\\/luxurycandlesupplies.eu\\\/product\\\/flameless-usb-lighter-black\\\/\"]}]},{\"@type\":\"ImageObject\",\"inLanguage\":\"de-DE\",\"@id\":\"https:\\\/\\\/luxurycandlesupplies.eu\\\/product\\\/flameless-usb-lighter-black\\\/#primaryimage\",\"url\":\"https:\\\/\\\/luxurycandlesupplies.eu\\\/app\\\/uploads\\\/2023\\\/10\\\/lcs_flameless-usb-lighter_01_black-300x300-1.jpg\",\"contentUrl\":\"https:\\\/\\\/luxurycandlesupplies.eu\\\/app\\\/uploads\\\/2023\\\/10\\\/lcs_flameless-usb-lighter_01_black-300x300-1.jpg\",\"width\":300,\"height\":300},{\"@type\":\"BreadcrumbList\",\"@id\":\"https:\\\/\\\/luxurycandlesupplies.eu\\\/product\\\/flameless-usb-lighter-black\\\/#breadcrumb\",\"itemListElement\":[{\"@type\":\"ListItem\",\"position\":1,\"name\":\"Home\",\"item\":\"https:\\\/\\\/luxurycandlesupplies.eu\\\/\"},{\"@type\":\"ListItem\",\"position\":2,\"name\":\"Shop\",\"item\":\"https:\\\/\\\/luxurycandlesupplies.eu\\\/shop\\\/\"},{\"@type\":\"ListItem\",\"position\":3,\"name\":\"Flameless USB Lighter \u2013 Black\"}]},{\"@type\":\"WebSite\",\"@id\":\"https:\\\/\\\/luxurycandlesupplies.eu\\\/#website\",\"url\":\"https:\\\/\\\/luxurycandlesupplies.eu\\\/\",\"name\":\"Antwerp Luxury Candle Supplies\",\"description\":\"Distributor of all seasons soy wax\",\"publisher\":{\"@id\":\"https:\\\/\\\/luxurycandlesupplies.eu\\\/#organization\"},\"potentialAction\":[{\"@type\":\"SearchAction\",\"target\":{\"@type\":\"EntryPoint\",\"urlTemplate\":\"https:\\\/\\\/luxurycandlesupplies.eu\\\/?s={search_term_string}\"},\"query-input\":{\"@type\":\"PropertyValueSpecification\",\"valueRequired\":true,\"valueName\":\"search_term_string\"}}],\"inLanguage\":\"de-DE\"},{\"@type\":\"Organization\",\"@id\":\"https:\\\/\\\/luxurycandlesupplies.eu\\\/#organization\",\"name\":\"Antwerp Luxury Candle Supplies\",\"url\":\"https:\\\/\\\/luxurycandlesupplies.eu\\\/\",\"logo\":{\"@type\":\"ImageObject\",\"inLanguage\":\"de-DE\",\"@id\":\"https:\\\/\\\/luxurycandlesupplies.eu\\\/#\\\/schema\\\/logo\\\/image\\\/\",\"url\":\"https:\\\/\\\/luxurycandlesupplies.eu\\\/app\\\/uploads\\\/2022\\\/03\\\/antwerp-luxury-candle-supplies-1x.png\",\"contentUrl\":\"https:\\\/\\\/luxurycandlesupplies.eu\\\/app\\\/uploads\\\/2022\\\/03\\\/antwerp-luxury-candle-supplies-1x.png\",\"width\":330,\"height\":60,\"caption\":\"Antwerp Luxury Candle Supplies\"},\"image\":{\"@id\":\"https:\\\/\\\/luxurycandlesupplies.eu\\\/#\\\/schema\\\/logo\\\/image\\\/\"},\"sameAs\":[\"https:\\\/\\\/www.facebook.com\\\/Antwerpluxurycandlesupplies\\\/\",\"https:\\\/\\\/www.instagram.com\\\/antwerp_luxury_candle_supplies\\\/\",\"https:\\\/\\\/pin.it\\\/7joOXRW\"]}]}<\/script>","yoast_head_json":{"title":"Flammenloses USB-Feuerzeug - Schwarz - Antwerp Luxury Candle Supplies","robots":{"index":"index","follow":"follow","max-snippet":"max-snippet:-1","max-image-preview":"max-image-preview:large","max-video-preview":"max-video-preview:-1"},"canonical":"https:\/\/luxurycandlesupplies.eu\/de\/produkt\/flammenloses-usb-feuerzeug-schwarz-2\/","og_locale":"de_DE","og_type":"article","og_title":"Flameless USB Lighter \u2013 Black - Antwerp Luxury Candle Supplies","og_description":"DESCRIPTION     Arc Flameless USB Lighters, utilising Plasma Arc Lighter Technology.  This rechargeable USB lighter is a great substitute for matches and gas lighters. Includes longer adjustable lighter neck, ideal for lighting candles.  This product uses a lithium-ion rechargeable battery.  Booster assembly can raise the low voltage of 3.7V to the half-sine high voltage to 7KV with a frequency of around 15Kz, which can generate high frequency and high voltage shock, to shock the air to form wear with high temperatures.  &nbsp;  IMPORTANT: Please read all safety instructions prior to use. Do not touch the electronic spark. Do not ignite flame more than 5 times in a row. Keep away from children and pets. Do not use sharp object to pierce or burn this product. Do not take apart this product, unless you are an authorised service technician. Do not place the product into water or other liquids. Do not use this product on any chargers higher than the output voltage of DV5V\u00b10.5V. Other chargers may cause product to short circuit. Please use product away from face, skin, and combustibles. To ensure safety, please ensure the flame is totally extinguished after use. Remove product from flame in temperatures above 60\u00b0C. Do not expose product under sun to avoid fire hazard. Store product in a cool, dry place away from sun, heat and other flammable sources.  &nbsp; Features     Product Dimensions: 12mmW x 10mmL x 255mmH Box Dimensions: 60mmW x 30mmL x 270mmH Battery: Lithium-ion Rechargeable Battery Rechargeable: USB (included) Warranty: 12 months  &nbsp; USER GUIDE &amp; SAFETY DOCUMENTATION     We have spent lots of energy and time on the development of this appliance in order to guarantee its best quality performance. In order to operate the appliance efficiently and safely, we have compiled all useful information in this User Guide. Please read all information prior to use.  &nbsp;   Download Heat Gun Instructional Manual","og_url":"https:\/\/luxurycandlesupplies.eu\/de\/produkt\/flammenloses-usb-feuerzeug-schwarz-2\/","og_site_name":"Antwerp Luxury Candle Supplies","article_publisher":"https:\/\/www.facebook.com\/Antwerpluxurycandlesupplies\/","article_modified_time":"2026-04-07T19:39:21+00:00","og_image":[{"width":300,"height":300,"url":"https:\/\/luxurycandlesupplies.eu\/app\/uploads\/2023\/10\/lcs_flameless-usb-lighter_01_black-300x300-1.jpg","type":"image\/jpeg"}],"twitter_card":"summary_large_image","twitter_misc":{"Gesch\u00e4tzte Lesezeit":"2 minutes"},"schema":{"@context":"https:\/\/schema.org","@graph":[{"@type":"WebPage","@id":"https:\/\/luxurycandlesupplies.eu\/product\/flameless-usb-lighter-black\/","url":"https:\/\/luxurycandlesupplies.eu\/product\/flameless-usb-lighter-black\/","name":"Flammenloses USB-Feuerzeug - Schwarz - Antwerp Luxury Candle Supplies","isPartOf":{"@id":"https:\/\/luxurycandlesupplies.eu\/#website"},"primaryImageOfPage":{"@id":"https:\/\/luxurycandlesupplies.eu\/product\/flameless-usb-lighter-black\/#primaryimage"},"image":{"@id":"https:\/\/luxurycandlesupplies.eu\/product\/flameless-usb-lighter-black\/#primaryimage"},"thumbnailUrl":"https:\/\/luxurycandlesupplies.eu\/app\/uploads\/2023\/10\/lcs_flameless-usb-lighter_01_black-300x300-1.jpg","datePublished":"2023-10-05T21:02:59+00:00","dateModified":"2026-04-07T19:39:21+00:00","breadcrumb":{"@id":"https:\/\/luxurycandlesupplies.eu\/product\/flameless-usb-lighter-black\/#breadcrumb"},"inLanguage":"de-DE","potentialAction":[{"@type":"ReadAction","target":["https:\/\/luxurycandlesupplies.eu\/product\/flameless-usb-lighter-black\/"]}]},{"@type":"ImageObject","inLanguage":"de-DE","@id":"https:\/\/luxurycandlesupplies.eu\/product\/flameless-usb-lighter-black\/#primaryimage","url":"https:\/\/luxurycandlesupplies.eu\/app\/uploads\/2023\/10\/lcs_flameless-usb-lighter_01_black-300x300-1.jpg","contentUrl":"https:\/\/luxurycandlesupplies.eu\/app\/uploads\/2023\/10\/lcs_flameless-usb-lighter_01_black-300x300-1.jpg","width":300,"height":300},{"@type":"BreadcrumbList","@id":"https:\/\/luxurycandlesupplies.eu\/product\/flameless-usb-lighter-black\/#breadcrumb","itemListElement":[{"@type":"ListItem","position":1,"name":"Home","item":"https:\/\/luxurycandlesupplies.eu\/"},{"@type":"ListItem","position":2,"name":"Shop","item":"https:\/\/luxurycandlesupplies.eu\/shop\/"},{"@type":"ListItem","position":3,"name":"Flameless USB Lighter \u2013 Black"}]},{"@type":"WebSite","@id":"https:\/\/luxurycandlesupplies.eu\/#website","url":"https:\/\/luxurycandlesupplies.eu\/","name":"Antwerpener Luxus-Kerzen-Bedarf","description":"Vertreiber von Sojawachs f\u00fcr alle Jahreszeiten","publisher":{"@id":"https:\/\/luxurycandlesupplies.eu\/#organization"},"potentialAction":[{"@type":"SearchAction","target":{"@type":"EntryPoint","urlTemplate":"https:\/\/luxurycandlesupplies.eu\/?s={search_term_string}"},"query-input":{"@type":"PropertyValueSpecification","valueRequired":true,"valueName":"search_term_string"}}],"inLanguage":"de-DE"},{"@type":"Organization","@id":"https:\/\/luxurycandlesupplies.eu\/#organization","name":"Antwerpener Luxus-Kerzen-Bedarf","url":"https:\/\/luxurycandlesupplies.eu\/","logo":{"@type":"ImageObject","inLanguage":"de-DE","@id":"https:\/\/luxurycandlesupplies.eu\/#\/schema\/logo\/image\/","url":"https:\/\/luxurycandlesupplies.eu\/app\/uploads\/2022\/03\/antwerp-luxury-candle-supplies-1x.png","contentUrl":"https:\/\/luxurycandlesupplies.eu\/app\/uploads\/2022\/03\/antwerp-luxury-candle-supplies-1x.png","width":330,"height":60,"caption":"Antwerp Luxury Candle Supplies"},"image":{"@id":"https:\/\/luxurycandlesupplies.eu\/#\/schema\/logo\/image\/"},"sameAs":["https:\/\/www.facebook.com\/Antwerpluxurycandlesupplies\/","https:\/\/www.instagram.com\/antwerp_luxury_candle_supplies\/","https:\/\/pin.it\/7joOXRW"]}]}},"_links":{"self":[{"href":"https:\/\/luxurycandlesupplies.eu\/de\/wp-json\/wp\/v2\/product\/12904","targetHints":{"allow":["GET"]}}],"collection":[{"href":"https:\/\/luxurycandlesupplies.eu\/de\/wp-json\/wp\/v2\/product"}],"about":[{"href":"https:\/\/luxurycandlesupplies.eu\/de\/wp-json\/wp\/v2\/types\/product"}],"wp:featuredmedia":[{"embeddable":true,"href":"https:\/\/luxurycandlesupplies.eu\/de\/wp-json\/wp\/v2\/media\/12820"}],"wp:attachment":[{"href":"https:\/\/luxurycandlesupplies.eu\/de\/wp-json\/wp\/v2\/media?parent=12904"}],"wp:term":[{"taxonomy":"product_brand","embeddable":true,"href":"https:\/\/luxurycandlesupplies.eu\/de\/wp-json\/wp\/v2\/product_brand?post=12904"},{"taxonomy":"product_cat","embeddable":true,"href":"https:\/\/luxurycandlesupplies.eu\/de\/wp-json\/wp\/v2\/product_cat?post=12904"},{"taxonomy":"product_tag","embeddable":true,"href":"https:\/\/luxurycandlesupplies.eu\/de\/wp-json\/wp\/v2\/product_tag?post=12904"}],"curies":[{"name":"wp","href":"https:\/\/api.w.org\/{rel}","templated":true}]}}