{"id":13668,"date":"2023-11-09T12:32:25","date_gmt":"2023-11-09T11:32:25","guid":{"rendered":"https:\/\/luxurycandlesupplies.eu\/?post_type=product&#038;p=13668"},"modified":"2026-05-05T09:13:11","modified_gmt":"2026-05-05T07:13:11","slug":"hotel-costes-de-paris","status":"publish","type":"product","link":"https:\/\/luxurycandlesupplies.eu\/de\/product\/hotel-costes-de-paris\/","title":{"rendered":"Hotel Costes de Paris"},"content":{"rendered":"<h3>BESCHREIBUNG<\/h3>\n<div><\/div>\n<h3><em><strong>Hotel Costes de Paris<\/strong><\/em><\/h3>\n<p>&nbsp;<\/p>\n<p>Ged\u00e4mpftes Licht, ein bet\u00f6render Duft und ein geheimnisvolles Ambiente. Der Duft, der das Hotel durchdringt, ist zur Legende geworden.<\/p>\n<p>Das Parf\u00fcm Hotel Costes de Paris ist dunkel, schw\u00fcl, warm und geheimnisvoll. Dieser franz\u00f6sisch angehauchte Duft ist eine perfekte Mischung aus H\u00f6lzern und Gew\u00fcrzen, die einen umwerfend sexy Duft f\u00fcr Ihre Kerzen oder Diffusoren schaffen.<\/p>\n<p>&nbsp;<\/p>\n<p><strong>Oben:<\/strong> Gew\u00fcrze<br \/>\n<strong>Basisnoten:<\/strong> Maigl\u00f6ckchen, Veilchen<br \/>\n<strong>Basis:<\/strong> Agarholz, Sandelholz, Guajakholz<\/p>\n<p>&nbsp;<\/p>\n<p>&nbsp;<\/p>\n<h3>UNSERE EMPFEHLUNG<\/h3>\n<hr \/>\n<div>\n<p>Die Verwendung von Duft\u00f6len h\u00e4ngt von dem Produkt ab, das Sie herstellen. Im folgenden Leitfaden finden Sie die f\u00fcr Ihr Produkt geeigneten Mischungsverh\u00e4ltnisse.<\/p>\n<p>Bitte beachten Sie, dass es sich bei den unten genannten Werten nur um Vorschl\u00e4ge handelt. Wir empfehlen den Benutzern, ihre eigenen Tests mit den vorgesehenen Wachs- und \u00d6lmischungen durchzuf\u00fchren, um optimale Ergebnisse zu erzielen.<\/p>\n<p>Kerzen: 6-10%<br \/>\nWachsmelonen: 10-12%<\/p>\n<\/div>\n<h2><\/h2>\n<h3>CLP &amp; SDS INFORMATIONEN<\/h3>\n<hr \/>\n<div>\n<p><a style=\"font-size: 16px; background-color: #ffffff;\" href=\"https:\/\/luxurycandlesupplies.eu\/app\/uploads\/2023\/11\/CLP-label-_-Hotel-Costes-de-Paris-_-candle-4.pdf\">CLP-Etikett _ Hotel Costes de Paris _ Kerze 4%<\/a><\/p>\n<\/div>\n<p><a href=\"https:\/\/luxurycandlesupplies.eu\/app\/uploads\/2023\/11\/CLP-label-_-Hotel-Costes-de-Paris-_-candle-6.pdf\">CLP-Etikett _ Hotel Costes de Paris _ Kerze 6%<\/a><\/p>\n<p><a href=\"https:\/\/luxurycandlesupplies.eu\/app\/uploads\/2023\/11\/CLP-label-_-Hotel-Costes-de-Paris-_-candle-8.pdf\">CLP-Etikett _ Hotel Costes de Paris _ Kerze 8%<\/a><\/p>\n<p><a href=\"https:\/\/luxurycandlesupplies.eu\/app\/uploads\/2023\/11\/CLP-label-_-Hotel-Costes-de-Paris-_-candle-10.pdf\">CLP-Etikett _ Hotel Costes de Paris _ Kerze 10%<\/a><\/p>\n<p><a href=\"https:\/\/luxurycandlesupplies.eu\/app\/uploads\/2024\/08\/Hotel-Costes-de-Paris-SDS.pdf\">Hotel Costes de Paris - SDS 100%<\/a><\/p>\n<p><a href=\"https:\/\/luxurycandlesupplies.eu\/app\/uploads\/2024\/03\/Hotel-Costes-de-Paris-IFRA.pdf\">Hotel Costes de Paris - IFRA<\/a><\/p>\n<p>&nbsp;<\/p>\n<p>UFI: 02E0-20G4-400V-DPWD<\/p>\n<p><img decoding=\"async\" class=\"alignnone wp-image-23489\" src=\"https:\/\/luxurycandlesupplies.eu\/app\/uploads\/2025\/07\/Danger-4-300x300.png\" alt=\"\" width=\"122\" height=\"122\" srcset=\"https:\/\/luxurycandlesupplies.eu\/app\/uploads\/2025\/07\/Danger-4-300x300.png 300w, https:\/\/luxurycandlesupplies.eu\/app\/uploads\/2025\/07\/Danger-4-1024x1024.png 1024w, https:\/\/luxurycandlesupplies.eu\/app\/uploads\/2025\/07\/Danger-4-150x150.png 150w, https:\/\/luxurycandlesupplies.eu\/app\/uploads\/2025\/07\/Danger-4-768x768.png 768w, https:\/\/luxurycandlesupplies.eu\/app\/uploads\/2025\/07\/Danger-4-12x12.png 12w, https:\/\/luxurycandlesupplies.eu\/app\/uploads\/2025\/07\/Danger-4-600x600.png 600w, https:\/\/luxurycandlesupplies.eu\/app\/uploads\/2025\/07\/Danger-4-100x100.png 100w, https:\/\/luxurycandlesupplies.eu\/app\/uploads\/2025\/07\/Danger-4.png 1080w\" sizes=\"(max-width: 122px) 100vw, 122px\" \/> <img decoding=\"async\" class=\"alignnone wp-image-23488\" src=\"https:\/\/luxurycandlesupplies.eu\/app\/uploads\/2025\/07\/Danger-3-300x300.png\" alt=\"\" width=\"122\" height=\"122\" srcset=\"https:\/\/luxurycandlesupplies.eu\/app\/uploads\/2025\/07\/Danger-3-300x300.png 300w, https:\/\/luxurycandlesupplies.eu\/app\/uploads\/2025\/07\/Danger-3-1024x1024.png 1024w, https:\/\/luxurycandlesupplies.eu\/app\/uploads\/2025\/07\/Danger-3-150x150.png 150w, https:\/\/luxurycandlesupplies.eu\/app\/uploads\/2025\/07\/Danger-3-768x768.png 768w, https:\/\/luxurycandlesupplies.eu\/app\/uploads\/2025\/07\/Danger-3-12x12.png 12w, https:\/\/luxurycandlesupplies.eu\/app\/uploads\/2025\/07\/Danger-3-600x600.png 600w, https:\/\/luxurycandlesupplies.eu\/app\/uploads\/2025\/07\/Danger-3-100x100.png 100w, https:\/\/luxurycandlesupplies.eu\/app\/uploads\/2025\/07\/Danger-3.png 1080w\" sizes=\"(max-width: 122px) 100vw, 122px\" \/><\/p>\n<p><strong>Hotel Costes De Paris NL<\/strong><\/p>\n<p>H319 Veroorzaakt ernstige oogirritatie. H317 Kan een allergische huidreactie veroorzaken. H411<br \/>\nGiftig f\u00fcr im Wasser lebende Organismen, mit langanhaltenden Folgen. P264 Na het werken met dit<br \/>\nprodukt aangetaste gebieden grondig wassen. P280 Beschermende handschoenen\/beschermende<br \/>\nkleding\/oogbescherming\/gelaatsbescherming dragen. P305+P351+P338 BIJ CONTACT MET DE OGEN:<br \/>\nvoorzichtig afspoelen met water gedurende een aantal minuten; contactlenzen verwijderen, indien<br \/>\nmogelijk; blijven spoelen. P337+P313 Bij aanhoudende oogirritatie: een arts raadplegen. P261<br \/>\nInademing van stof\/rook\/gas\/nevel\/damp\/spuitnevel vermijden. P272 Verontreinigde werkkleding<br \/>\nmag de werkruimte niet verlaten. P321 Specifieke behandeling vereist (zie op dit etiket). P363<br \/>\nVerontreinigde kleding wassen alvorens deze opnieuw te gebruiken. P501 Inhoud\/verpakking<br \/>\nafvoeren naar een erkende afvalinzamelaar conform VLAREMA en OVAM-regelgeving. P302+P352 BIJ<br \/>\nCONTACT MET DE HUID: met veel water en zeep wassen. P333+P313 Bij huidirritatie of uitslag: een<br \/>\narts raadplegen. P273 Voorkom lozing in het milieu. P391 Gelekte\/gemorste stof opruimen.<\/p>\n<p>&nbsp;<\/p>\n<p><strong>Hotel Costes De Paris FR<\/strong><\/p>\n<p>H319 Provoziert eine schwere Reizung der Augen. H317 Kann eine allergische Hautreaktion hervorrufen.<br \/>\nH411 Giftig f\u00fcr Wasserorganismen, ruft langfristig unerw\u00fcnschte Wirkungen hervor. P264 Lavez<br \/>\nsoigneusement les zones touch\u00e9es apr\u00e8s manipulation. P280 Porter des gants de protection\/des<br \/>\nv\u00eatements de protection\/une protection des yeux\/du visage. P305+P351+P338 F\u00dcR DEN FALL EINES KONTAKTS<br \/>\nAVEC LES YEUX : vorsichtiges Absp\u00fclen mit Wasser \u00fcber mehrere Minuten; die Linsen ausschalten, wenn<br \/>\nm\u00f6glich; weiter absp\u00fclen. P337+P313 En cas d'irritation oculaire persistante : consulter un<br \/>\nMediziner. P261 Vermeiden Sie die Einatmung von Poussi\u00e8res\/Fum\u00e9es\/Gaz\/Brouillards\/Vapeurs\/A\u00e9rosols. P272 Les<br \/>\nVerunreinigte Arbeitskleidung darf nicht aus dem Arbeitsbereich entfernt werden. P321 Spezifische Behandlung<br \/>\nrequis (voir sur l'\u00e9tiquette). P363 Laver les v\u00eatements contamin\u00e9s avant de les r\u00e9utiliser. P501<br \/>\nBeseitigen Sie den Inhalt\/den Empf\u00e4nger \u00fcber einen zugelassenen Abfallsammler gem\u00e4\u00df den<br \/>\nVLAREMA- und OVAM-Regelungen. P302+P352 EN CAS DE CONTACT AVEC LA PEAU : laver<br \/>\nabondamment \u00e0 l'eau et au savon. P333+P313 En cas d'irritation ou d'\u00e9ruption cutan\u00e9e : consulter un<br \/>\nm\u00e9decin. P273 Vermeiden Sie den R\u00fccksto\u00df in die Umwelt. P391 Beseitigen Sie den Wirkstoff.<\/p>\n<p>&nbsp;<\/p>\n<p><strong>Hotel Costes De Paris ENG<\/strong><\/p>\n<p>H319 Verursacht schwere Augenreizung. H317 Kann eine allergische Hautreaktion verursachen. H411 Giftig f\u00fcr Wasserorganismen<br \/>\nLeben mit lang anhaltender Wirkung. P264 Betroffene nach der Handhabung gr\u00fcndlich waschen. P280 Schutzkleidung tragen<br \/>\nHandschuhe\/Schutzkleidung\/Augenschutz\/Gesichtsschutz. P305+P351+P338 BEI KONTAKT MIT DEN AUGEN: Aussp\u00fclen<br \/>\neinige Minuten lang behutsam mit Wasser einweichen. Entfernen Sie die Kontaktlinsen, falls vorhanden und leicht zu bewerkstelligen. Weiter<br \/>\nSp\u00fclung. P337+P313 Bei andauernder Augenreizung: \u00c4rztlichen Rat einholen. P261 Einatmen vermeiden<br \/>\nStaub\/Rauch\/Gas\/Nebel\/D\u00e4mpfe\/Aerosol. P272 Kontaminierte Arbeitskleidung sollte nicht aus dem<br \/>\nam Arbeitsplatz. P321 Besondere Behandlung erforderlich (siehe Etikett). P363 Kontaminierte Kleidung waschen<br \/>\nvor der Wiederverwendung. P501 Inhalt\/Beh\u00e4lter \u00fcber einen zugelassenen Abfallsammler gem\u00e4\u00df den folgenden Vorschriften entsorgen<br \/>\nmit VLAREMA und OVAM Vorschriften. P302+P352 BEI KONTAKT MIT DER HAUT: Mit viel Wasser und Seife waschen.<br \/>\nP333+P313 Bei Auftreten von Hautreizungen oder Hautausschlag: \u00c4rztlichen Rat einholen. P273 Freisetzung in die Umwelt vermeiden<br \/>\nUmwelt. P391 Versch\u00fcttetes Material auffangen.<\/p>","protected":false},"excerpt":{"rendered":"<p>DESCRIPTION Hotel Costes de Paris &nbsp; Dimmed light, a beguiling scent and a mysterious ambience. The fragrance that permeate the hotel have become legend. Fragrance Hotel Costes de Paris is dark, sultry, warm and mysterious. This french-kissed fragrance perfectly balances woods and spices to create a devastatingly sexy scent for your candles or diffusers. &nbsp; [&hellip;]<\/p>\n","protected":false},"featured_media":13717,"template":"","meta":{"_acf_changed":false,"site-sidebar-layout":"default","site-content-layout":"default","ast-site-content-layout":"default","site-content-style":"default","site-sidebar-style":"default","ast-global-header-display":"","ast-banner-title-visibility":"","ast-main-header-display":"","ast-hfb-above-header-display":"","ast-hfb-below-header-display":"","ast-hfb-mobile-header-display":"","site-post-title":"","ast-breadcrumbs-content":"","ast-featured-img":"","footer-sml-layout":"","ast-disable-related-posts":"","theme-transparent-header-meta":"default","adv-header-id-meta":"","stick-header-meta":"","header-above-stick-meta":"","header-main-stick-meta":"","header-below-stick-meta":"","astra-migrate-meta-layouts":"set","ast-page-background-enabled":"default","ast-page-background-meta":{"desktop":{"background-color":"","background-image":"","background-repeat":"repeat","background-position":"center center","background-size":"auto","background-attachment":"scroll","background-type":"","background-media":"","overlay-type":"","overlay-color":"","overlay-opacity":"","overlay-gradient":""},"tablet":{"background-color":"","background-image":"","background-repeat":"repeat","background-position":"center center","background-size":"auto","background-attachment":"scroll","background-type":"","background-media":"","overlay-type":"","overlay-color":"","overlay-opacity":"","overlay-gradient":""},"mobile":{"background-color":"","background-image":"","background-repeat":"repeat","background-position":"center center","background-size":"auto","background-attachment":"scroll","background-type":"","background-media":"","overlay-type":"","overlay-color":"","overlay-opacity":"","overlay-gradient":""}},"ast-content-background-meta":{"desktop":{"background-color":"var(--ast-global-color-5)","background-image":"","background-repeat":"repeat","background-position":"center center","background-size":"auto","background-attachment":"scroll","background-type":"","background-media":"","overlay-type":"","overlay-color":"","overlay-opacity":"","overlay-gradient":""},"tablet":{"background-color":"var(--ast-global-color-5)","background-image":"","background-repeat":"repeat","background-position":"center center","background-size":"auto","background-attachment":"scroll","background-type":"","background-media":"","overlay-type":"","overlay-color":"","overlay-opacity":"","overlay-gradient":""},"mobile":{"background-color":"var(--ast-global-color-5)","background-image":"","background-repeat":"repeat","background-position":"center center","background-size":"auto","background-attachment":"scroll","background-type":"","background-media":"","overlay-type":"","overlay-color":"","overlay-opacity":"","overlay-gradient":""}}},"product_brand":[],"product_cat":[25],"product_tag":[29,26,19,28,442,281,57,1415,31,1414,23,30,435,20,27,22],"class_list":{"0":"post-13668","1":"product","2":"type-product","3":"status-publish","4":"has-post-thumbnail","6":"product_cat-fragrances","7":"product_tag-a05-wax","8":"product_tag-a27-wax","9":"product_tag-all-seasons-wax","10":"product_tag-cocosoy","11":"product_tag-flowers","12":"product_tag-fragrance","13":"product_tag-fragrances","14":"product_tag-hotel-costes-de-paris","15":"product_tag-m12-wax","16":"product_tag-paris","17":"product_tag-s100-wax","18":"product_tag-s16-wax","19":"product_tag-sandalwood","20":"product_tag-soy-wax","21":"product_tag-vegan-wax","22":"product_tag-wax","23":"desktop-align-left","24":"tablet-align-left","25":"mobile-align-left","26":"ast-product-gallery-layout-horizontal-slider","27":"ast-product-gallery-with-no-image","28":"ast-product-single-variable","29":"ast-product-tabs-layout-horizontal","31":"first","32":"instock","33":"taxable","34":"shipping-taxable","35":"purchasable","36":"product-type-variable"},"acf":[],"yoast_head":"<title>Hotel Costes de Paris - Antwerp Luxury Candle Supplies<\/title>\n<meta name=\"robots\" content=\"index, follow, max-snippet:-1, max-image-preview:large, max-video-preview:-1\" \/>\n<link rel=\"canonical\" href=\"https:\/\/luxurycandlesupplies.eu\/de\/produkt\/hotel-costes-de-paris\/\" \/>\n<meta property=\"og:locale\" content=\"de_DE\" \/>\n<meta property=\"og:type\" content=\"article\" \/>\n<meta property=\"og:title\" content=\"Hotel Costes de Paris - Antwerp Luxury Candle Supplies\" \/>\n<meta property=\"og:description\" content=\"DESCRIPTION Hotel Costes de Paris &nbsp; Dimmed light, a beguiling scent and a mysterious ambience. The fragrance that permeate the hotel have become legend. Fragrance Hotel Costes de Paris is dark, sultry, warm and mysterious. This french-kissed fragrance perfectly balances woods and spices to create a devastatingly sexy scent for your candles or diffusers. &nbsp; [&hellip;]\" \/>\n<meta property=\"og:url\" content=\"https:\/\/luxurycandlesupplies.eu\/de\/produkt\/hotel-costes-de-paris\/\" \/>\n<meta property=\"og:site_name\" content=\"Antwerp Luxury Candle Supplies\" \/>\n<meta property=\"article:publisher\" content=\"https:\/\/www.facebook.com\/Antwerpluxurycandlesupplies\/\" \/>\n<meta property=\"article:modified_time\" content=\"2026-05-05T07:13:11+00:00\" \/>\n<meta property=\"og:image\" content=\"https:\/\/luxurycandlesupplies.eu\/app\/uploads\/2023\/11\/Light-Grey-Vanilla-Purple-Modern-Travel-To-Paris-Instagram-Post.jpg\" \/>\n\t<meta property=\"og:image:width\" content=\"1080\" \/>\n\t<meta property=\"og:image:height\" content=\"1080\" \/>\n\t<meta property=\"og:image:type\" content=\"image\/jpeg\" \/>\n<meta name=\"twitter:card\" content=\"summary_large_image\" \/>\n<meta name=\"twitter:label1\" content=\"Gesch\u00e4tzte Lesezeit\" \/>\n\t<meta name=\"twitter:data1\" content=\"4 minutes\" \/>\n<script type=\"application\/ld+json\" class=\"yoast-schema-graph\">{\"@context\":\"https:\\\/\\\/schema.org\",\"@graph\":[{\"@type\":\"WebPage\",\"@id\":\"https:\\\/\\\/luxurycandlesupplies.eu\\\/product\\\/hotel-costes-de-paris\\\/\",\"url\":\"https:\\\/\\\/luxurycandlesupplies.eu\\\/product\\\/hotel-costes-de-paris\\\/\",\"name\":\"Hotel Costes de Paris - Antwerp Luxury Candle Supplies\",\"isPartOf\":{\"@id\":\"https:\\\/\\\/luxurycandlesupplies.eu\\\/#website\"},\"primaryImageOfPage\":{\"@id\":\"https:\\\/\\\/luxurycandlesupplies.eu\\\/product\\\/hotel-costes-de-paris\\\/#primaryimage\"},\"image\":{\"@id\":\"https:\\\/\\\/luxurycandlesupplies.eu\\\/product\\\/hotel-costes-de-paris\\\/#primaryimage\"},\"thumbnailUrl\":\"https:\\\/\\\/luxurycandlesupplies.eu\\\/app\\\/uploads\\\/2023\\\/11\\\/Light-Grey-Vanilla-Purple-Modern-Travel-To-Paris-Instagram-Post.jpg\",\"datePublished\":\"2023-11-09T11:32:25+00:00\",\"dateModified\":\"2026-05-05T07:13:11+00:00\",\"breadcrumb\":{\"@id\":\"https:\\\/\\\/luxurycandlesupplies.eu\\\/product\\\/hotel-costes-de-paris\\\/#breadcrumb\"},\"inLanguage\":\"de-DE\",\"potentialAction\":[{\"@type\":\"ReadAction\",\"target\":[\"https:\\\/\\\/luxurycandlesupplies.eu\\\/product\\\/hotel-costes-de-paris\\\/\"]}]},{\"@type\":\"ImageObject\",\"inLanguage\":\"de-DE\",\"@id\":\"https:\\\/\\\/luxurycandlesupplies.eu\\\/product\\\/hotel-costes-de-paris\\\/#primaryimage\",\"url\":\"https:\\\/\\\/luxurycandlesupplies.eu\\\/app\\\/uploads\\\/2023\\\/11\\\/Light-Grey-Vanilla-Purple-Modern-Travel-To-Paris-Instagram-Post.jpg\",\"contentUrl\":\"https:\\\/\\\/luxurycandlesupplies.eu\\\/app\\\/uploads\\\/2023\\\/11\\\/Light-Grey-Vanilla-Purple-Modern-Travel-To-Paris-Instagram-Post.jpg\",\"width\":1080,\"height\":1080},{\"@type\":\"BreadcrumbList\",\"@id\":\"https:\\\/\\\/luxurycandlesupplies.eu\\\/product\\\/hotel-costes-de-paris\\\/#breadcrumb\",\"itemListElement\":[{\"@type\":\"ListItem\",\"position\":1,\"name\":\"Home\",\"item\":\"https:\\\/\\\/luxurycandlesupplies.eu\\\/\"},{\"@type\":\"ListItem\",\"position\":2,\"name\":\"Shop\",\"item\":\"https:\\\/\\\/luxurycandlesupplies.eu\\\/shop\\\/\"},{\"@type\":\"ListItem\",\"position\":3,\"name\":\"Hotel Costes de Paris\"}]},{\"@type\":\"WebSite\",\"@id\":\"https:\\\/\\\/luxurycandlesupplies.eu\\\/#website\",\"url\":\"https:\\\/\\\/luxurycandlesupplies.eu\\\/\",\"name\":\"Antwerp Luxury Candle Supplies\",\"description\":\"Distributor of all seasons soy wax\",\"publisher\":{\"@id\":\"https:\\\/\\\/luxurycandlesupplies.eu\\\/#organization\"},\"potentialAction\":[{\"@type\":\"SearchAction\",\"target\":{\"@type\":\"EntryPoint\",\"urlTemplate\":\"https:\\\/\\\/luxurycandlesupplies.eu\\\/?s={search_term_string}\"},\"query-input\":{\"@type\":\"PropertyValueSpecification\",\"valueRequired\":true,\"valueName\":\"search_term_string\"}}],\"inLanguage\":\"de-DE\"},{\"@type\":\"Organization\",\"@id\":\"https:\\\/\\\/luxurycandlesupplies.eu\\\/#organization\",\"name\":\"Antwerp Luxury Candle Supplies\",\"url\":\"https:\\\/\\\/luxurycandlesupplies.eu\\\/\",\"logo\":{\"@type\":\"ImageObject\",\"inLanguage\":\"de-DE\",\"@id\":\"https:\\\/\\\/luxurycandlesupplies.eu\\\/#\\\/schema\\\/logo\\\/image\\\/\",\"url\":\"https:\\\/\\\/luxurycandlesupplies.eu\\\/app\\\/uploads\\\/2022\\\/03\\\/antwerp-luxury-candle-supplies-1x.png\",\"contentUrl\":\"https:\\\/\\\/luxurycandlesupplies.eu\\\/app\\\/uploads\\\/2022\\\/03\\\/antwerp-luxury-candle-supplies-1x.png\",\"width\":330,\"height\":60,\"caption\":\"Antwerp Luxury Candle Supplies\"},\"image\":{\"@id\":\"https:\\\/\\\/luxurycandlesupplies.eu\\\/#\\\/schema\\\/logo\\\/image\\\/\"},\"sameAs\":[\"https:\\\/\\\/www.facebook.com\\\/Antwerpluxurycandlesupplies\\\/\",\"https:\\\/\\\/www.instagram.com\\\/antwerp_luxury_candle_supplies\\\/\",\"https:\\\/\\\/pin.it\\\/7joOXRW\"]}]}<\/script>","yoast_head_json":{"title":"Hotel Costes de Paris - Antwerpener Luxus-Kerzenlieferungen","robots":{"index":"index","follow":"follow","max-snippet":"max-snippet:-1","max-image-preview":"max-image-preview:large","max-video-preview":"max-video-preview:-1"},"canonical":"https:\/\/luxurycandlesupplies.eu\/de\/produkt\/hotel-costes-de-paris\/","og_locale":"de_DE","og_type":"article","og_title":"Hotel Costes de Paris - Antwerp Luxury Candle Supplies","og_description":"DESCRIPTION Hotel Costes de Paris &nbsp; Dimmed light, a beguiling scent and a mysterious ambience. The fragrance that permeate the hotel have become legend. Fragrance Hotel Costes de Paris is dark, sultry, warm and mysterious. This french-kissed fragrance perfectly balances woods and spices to create a devastatingly sexy scent for your candles or diffusers. &nbsp; [&hellip;]","og_url":"https:\/\/luxurycandlesupplies.eu\/de\/produkt\/hotel-costes-de-paris\/","og_site_name":"Antwerp Luxury Candle Supplies","article_publisher":"https:\/\/www.facebook.com\/Antwerpluxurycandlesupplies\/","article_modified_time":"2026-05-05T07:13:11+00:00","og_image":[{"width":1080,"height":1080,"url":"https:\/\/luxurycandlesupplies.eu\/app\/uploads\/2023\/11\/Light-Grey-Vanilla-Purple-Modern-Travel-To-Paris-Instagram-Post.jpg","type":"image\/jpeg"}],"twitter_card":"summary_large_image","twitter_misc":{"Gesch\u00e4tzte Lesezeit":"4 minutes"},"schema":{"@context":"https:\/\/schema.org","@graph":[{"@type":"WebPage","@id":"https:\/\/luxurycandlesupplies.eu\/product\/hotel-costes-de-paris\/","url":"https:\/\/luxurycandlesupplies.eu\/product\/hotel-costes-de-paris\/","name":"Hotel Costes de Paris - Antwerpener Luxus-Kerzenlieferungen","isPartOf":{"@id":"https:\/\/luxurycandlesupplies.eu\/#website"},"primaryImageOfPage":{"@id":"https:\/\/luxurycandlesupplies.eu\/product\/hotel-costes-de-paris\/#primaryimage"},"image":{"@id":"https:\/\/luxurycandlesupplies.eu\/product\/hotel-costes-de-paris\/#primaryimage"},"thumbnailUrl":"https:\/\/luxurycandlesupplies.eu\/app\/uploads\/2023\/11\/Light-Grey-Vanilla-Purple-Modern-Travel-To-Paris-Instagram-Post.jpg","datePublished":"2023-11-09T11:32:25+00:00","dateModified":"2026-05-05T07:13:11+00:00","breadcrumb":{"@id":"https:\/\/luxurycandlesupplies.eu\/product\/hotel-costes-de-paris\/#breadcrumb"},"inLanguage":"de-DE","potentialAction":[{"@type":"ReadAction","target":["https:\/\/luxurycandlesupplies.eu\/product\/hotel-costes-de-paris\/"]}]},{"@type":"ImageObject","inLanguage":"de-DE","@id":"https:\/\/luxurycandlesupplies.eu\/product\/hotel-costes-de-paris\/#primaryimage","url":"https:\/\/luxurycandlesupplies.eu\/app\/uploads\/2023\/11\/Light-Grey-Vanilla-Purple-Modern-Travel-To-Paris-Instagram-Post.jpg","contentUrl":"https:\/\/luxurycandlesupplies.eu\/app\/uploads\/2023\/11\/Light-Grey-Vanilla-Purple-Modern-Travel-To-Paris-Instagram-Post.jpg","width":1080,"height":1080},{"@type":"BreadcrumbList","@id":"https:\/\/luxurycandlesupplies.eu\/product\/hotel-costes-de-paris\/#breadcrumb","itemListElement":[{"@type":"ListItem","position":1,"name":"Home","item":"https:\/\/luxurycandlesupplies.eu\/"},{"@type":"ListItem","position":2,"name":"Shop","item":"https:\/\/luxurycandlesupplies.eu\/shop\/"},{"@type":"ListItem","position":3,"name":"Hotel Costes de Paris"}]},{"@type":"WebSite","@id":"https:\/\/luxurycandlesupplies.eu\/#website","url":"https:\/\/luxurycandlesupplies.eu\/","name":"Antwerpener Luxus-Kerzen-Bedarf","description":"Vertreiber von Sojawachs f\u00fcr alle Jahreszeiten","publisher":{"@id":"https:\/\/luxurycandlesupplies.eu\/#organization"},"potentialAction":[{"@type":"SearchAction","target":{"@type":"EntryPoint","urlTemplate":"https:\/\/luxurycandlesupplies.eu\/?s={search_term_string}"},"query-input":{"@type":"PropertyValueSpecification","valueRequired":true,"valueName":"search_term_string"}}],"inLanguage":"de-DE"},{"@type":"Organization","@id":"https:\/\/luxurycandlesupplies.eu\/#organization","name":"Antwerpener Luxus-Kerzen-Bedarf","url":"https:\/\/luxurycandlesupplies.eu\/","logo":{"@type":"ImageObject","inLanguage":"de-DE","@id":"https:\/\/luxurycandlesupplies.eu\/#\/schema\/logo\/image\/","url":"https:\/\/luxurycandlesupplies.eu\/app\/uploads\/2022\/03\/antwerp-luxury-candle-supplies-1x.png","contentUrl":"https:\/\/luxurycandlesupplies.eu\/app\/uploads\/2022\/03\/antwerp-luxury-candle-supplies-1x.png","width":330,"height":60,"caption":"Antwerp Luxury Candle Supplies"},"image":{"@id":"https:\/\/luxurycandlesupplies.eu\/#\/schema\/logo\/image\/"},"sameAs":["https:\/\/www.facebook.com\/Antwerpluxurycandlesupplies\/","https:\/\/www.instagram.com\/antwerp_luxury_candle_supplies\/","https:\/\/pin.it\/7joOXRW"]}]}},"_links":{"self":[{"href":"https:\/\/luxurycandlesupplies.eu\/de\/wp-json\/wp\/v2\/product\/13668","targetHints":{"allow":["GET"]}}],"collection":[{"href":"https:\/\/luxurycandlesupplies.eu\/de\/wp-json\/wp\/v2\/product"}],"about":[{"href":"https:\/\/luxurycandlesupplies.eu\/de\/wp-json\/wp\/v2\/types\/product"}],"wp:featuredmedia":[{"embeddable":true,"href":"https:\/\/luxurycandlesupplies.eu\/de\/wp-json\/wp\/v2\/media\/13717"}],"wp:attachment":[{"href":"https:\/\/luxurycandlesupplies.eu\/de\/wp-json\/wp\/v2\/media?parent=13668"}],"wp:term":[{"taxonomy":"product_brand","embeddable":true,"href":"https:\/\/luxurycandlesupplies.eu\/de\/wp-json\/wp\/v2\/product_brand?post=13668"},{"taxonomy":"product_cat","embeddable":true,"href":"https:\/\/luxurycandlesupplies.eu\/de\/wp-json\/wp\/v2\/product_cat?post=13668"},{"taxonomy":"product_tag","embeddable":true,"href":"https:\/\/luxurycandlesupplies.eu\/de\/wp-json\/wp\/v2\/product_tag?post=13668"}],"curies":[{"name":"wp","href":"https:\/\/api.w.org\/{rel}","templated":true}]}}