{"id":13720,"date":"2023-11-09T14:05:41","date_gmt":"2023-11-09T13:05:41","guid":{"rendered":"https:\/\/luxurycandlesupplies.eu\/?post_type=product&#038;p=13720"},"modified":"2026-04-22T16:26:08","modified_gmt":"2026-04-22T14:26:08","slug":"satiniert-rouge","status":"publish","type":"product","link":"https:\/\/luxurycandlesupplies.eu\/de\/product\/satin-rouge\/","title":{"rendered":"Satin Rouge - UFI freigestellt 20%"},"content":{"rendered":"<h3>BESCHREIBUNG<\/h3>\n<p>&nbsp;<\/p>\n<h2><strong><em>Satin Rouge<\/em><\/strong><\/h2>\n<p>&nbsp;<\/p>\n<p>Dieser romantische Duft er\u00f6ffnet mit \u00e4therischen Noten von Vanille und Safran, bevor er in eine holzige Mischung aus Agarholz, Amber und Patchouli \u00fcbergeht.<\/p>\n<p>Perfekter Duft f\u00fcr die Herstellung der perfekten sinnlichen, romantischen Abendkerzen.<\/p>\n<p>&nbsp;<\/p>\n<p><em><strong>Obere Noten<\/strong><\/em>: Safran, Vanille<br \/>\n<em><strong>Herznoten:<\/strong> <\/em>Agarholz, Guajakholz<br \/>\n<em><strong>Basisnoten:<\/strong><\/em> Bernstein, Patchouli<\/p>\n<p>&nbsp;<\/p>\n<p>&nbsp;<\/p>\n<h3>UNSERE EMPFEHLUNG<\/h3>\n<hr \/>\n<div>\n<p>Die Verwendung von Duft\u00f6len h\u00e4ngt von dem Produkt ab, das Sie herstellen. Im folgenden Leitfaden finden Sie die f\u00fcr Ihr Produkt geeigneten Mischungsverh\u00e4ltnisse.<\/p>\n<p>Bitte beachten Sie, dass es sich bei den unten genannten Werten nur um Vorschl\u00e4ge handelt. Wir empfehlen den Benutzern, ihre eigenen Tests mit den vorgesehenen Wachs- und \u00d6lmischungen durchzuf\u00fchren, um optimale Ergebnisse zu erzielen.<\/p>\n<p>Kerzen: 6-10%<br \/>\nWachsmelonen: 10-12%<\/p>\n<p>&nbsp;<\/p>\n<\/div>\n<h3>CLP &amp; SDS INFORMATIONEN<\/h3>\n<hr \/>\n<div>\n<p><a style=\"font-size: 16px; background-color: #ffffff;\" href=\"https:\/\/luxurycandlesupplies.eu\/app\/uploads\/2023\/11\/Satin-Rouge-SDS.pdf\">Satin Rouge SDS<\/a><\/p>\n<\/div>\n<p><a href=\"https:\/\/luxurycandlesupplies.eu\/app\/uploads\/2023\/11\/Satin-Rouge-IFRA.pdf\">Satin Rouge IFRA<\/a><\/p>\n<p><a href=\"https:\/\/luxurycandlesupplies.eu\/app\/uploads\/2023\/11\/CLP-label-_-Satin-Rouge-_-candle-8-_-Free-of-UFI.pdf\">CLP-Etikett _ Satin Rouge _ Kerze 8% _ Frei von UFI<\/a><\/p>\n<p><a href=\"https:\/\/luxurycandlesupplies.eu\/app\/uploads\/2023\/11\/CLP-label-_-Satin-Rouge-_-candle-12-_-Free-of-UFI.pdf\">CLP-Etikett _ Satin Rouge _ Kerze 12% _ Frei von UFI<\/a><\/p>\n<p>&nbsp;<\/p>\n<p>UFI: 9SC0-G045-J00F-FK5E<\/p>\n<p><img decoding=\"async\" class=\"alignnone wp-image-23488\" src=\"https:\/\/luxurycandlesupplies.eu\/app\/uploads\/2025\/07\/Danger-3-300x300.png\" alt=\"\" width=\"123\" height=\"123\" srcset=\"https:\/\/luxurycandlesupplies.eu\/app\/uploads\/2025\/07\/Danger-3-300x300.png 300w, https:\/\/luxurycandlesupplies.eu\/app\/uploads\/2025\/07\/Danger-3-1024x1024.png 1024w, https:\/\/luxurycandlesupplies.eu\/app\/uploads\/2025\/07\/Danger-3-150x150.png 150w, https:\/\/luxurycandlesupplies.eu\/app\/uploads\/2025\/07\/Danger-3-768x768.png 768w, https:\/\/luxurycandlesupplies.eu\/app\/uploads\/2025\/07\/Danger-3-12x12.png 12w, https:\/\/luxurycandlesupplies.eu\/app\/uploads\/2025\/07\/Danger-3-600x600.png 600w, https:\/\/luxurycandlesupplies.eu\/app\/uploads\/2025\/07\/Danger-3-100x100.png 100w, https:\/\/luxurycandlesupplies.eu\/app\/uploads\/2025\/07\/Danger-3.png 1080w\" sizes=\"(max-width: 123px) 100vw, 123px\" \/><\/p>\n<p><strong>Satin Rouge NL<\/strong><\/p>\n<p>H317 Kann eine allergische Huidreactie veroorzaken. H412 Schadelijk voor in het water levende<br \/>\norganismen, met langdurige gevolgen. P280 Beschermende handschoenen\/beschermende<br \/>\nkleding\/oogbescherming\/gelaatsbescherming dragen. P261 Inademing van<br \/>\nstof\/rook\/gas\/nevel\/damp\/spuitnevel vermijden. P272 Verontreinigde werkkleding mag de<br \/>\nwerkruimte niet verlaten. P321 Specifieke behandeling vereist (zie op dit etiket). P363 Verontreinigde<br \/>\nkleding wassen alvorens deze opnieuw te gebruiken. P501 Inhoud\/verpakking afvoeren naar een<br \/>\nerkende afvalinzamelaar conform VLAREMA en OVAM-regelgeving. P302+P352 BEI KONTAKT MIT DEM<br \/>\nHUID: met veel water en zeep wassen. P333+P313 Bij huidirritatie of uitslag: een arts raadplegen.<br \/>\nP273 Voorkom lozing in het milieu.<\/p>\n<p>&nbsp;<\/p>\n<p><strong>Satin Rouge FR<\/strong><\/p>\n<p>H317 Kann eine allergische Hautreaktion hervorrufen. H412 Giftig f\u00fcr Wasserorganismen,<br \/>\nf\u00fchrt langfristig zu nichteffektiven Wirkungen. P280 Porter des gants de protection\/des v\u00eatements de<br \/>\nSchutz\/une protection des yeux\/du visage. P261 \u00c9viter de respirer les<br \/>\npoussi\u00e8res\/fum\u00e9es\/gaz\/brouillards\/vapeurs\/a\u00e9rosols. P272 Verunreinigte Arbeitskleidung darf nicht<br \/>\ndoivent pas sortir du lieu de travail. P321 Traitement sp\u00e9cifique requis (voir sur l'\u00e9tiquette). P363<br \/>\nVerunreinigte Kleidungsst\u00fccke vor der Wiederverwendung abwaschen. P501 \u00c9liminer le contenu\/le r\u00e9cipient via un<br \/>\nzugelassener Abfallsammler gem\u00e4\u00df der VLAREMA- und OVAM-Verordnung. P302+P352 DE<br \/>\nCAS DE CONTACT AVEC LA PEAU : laver abondamment \u00e0 l'eau et au savon. P333+P313 Im Falle<br \/>\nd'irritation ou d'\u00e9ruption cutan\u00e9e : consulter un m\u00e9decin. P273 Vermeiden Sie den R\u00fccksto\u00df in die Umwelt.<\/p>\n<p>&nbsp;<\/p>\n<p><strong>Satin Rouge ENG<\/strong><\/p>\n<p>H317 Kann eine allergische Hautreaktion hervorrufen. H412 Sch\u00e4dlich f\u00fcr Wasserorganismen mit langfristiger Wirkung. P280<br \/>\nSchutzhandschuhe\/Schutzkleidung\/Augenschutz\/Gesichtsschutz tragen. P261 Einatmen vermeiden<br \/>\nStaub\/Rauch\/Gas\/Nebel\/D\u00e4mpfe\/Aerosol. P272 Kontaminierte Arbeitskleidung sollte nicht aus dem<br \/>\nam Arbeitsplatz. P321 Besondere Behandlung erforderlich (siehe Etikett). P363 Kontaminierte Kleidung waschen<br \/>\nvor der Wiederverwendung. P501 Inhalt\/Beh\u00e4lter \u00fcber einen zugelassenen Abfallsammler gem\u00e4\u00df den folgenden Vorschriften entsorgen<br \/>\nmit VLAREMA und OVAM Vorschriften. P302+P352 BEI KONTAKT MIT DER HAUT: Mit viel Wasser und Seife waschen.<br \/>\nP333+P313 Bei Auftreten von Hautreizungen oder Hautausschlag: \u00c4rztlichen Rat einholen. P273 Freisetzung in die Umwelt vermeiden<br \/>\nUmwelt.<\/p>","protected":false},"excerpt":{"rendered":"<p>DESCRIPTION &nbsp; Satin Rouge &nbsp; This romantic-feeling scent opens with the ethereal notes of vanilla and saffron, before softening into a woodier blend of agarwood, amber and patchouli. Perfect fragrance for making the perfect sensual, romantic evening candles. &nbsp; Top Notes: Saffron, Vanilla Heart Notes: Agarwood, Guaiacwood Base Notes: Amber, Patchouli &nbsp; &nbsp; OUR RECOMMENDATION [&hellip;]<\/p>\n","protected":false},"featured_media":13751,"template":"","meta":{"_acf_changed":false,"site-sidebar-layout":"default","site-content-layout":"default","ast-site-content-layout":"default","site-content-style":"default","site-sidebar-style":"default","ast-global-header-display":"","ast-banner-title-visibility":"","ast-main-header-display":"","ast-hfb-above-header-display":"","ast-hfb-below-header-display":"","ast-hfb-mobile-header-display":"","site-post-title":"","ast-breadcrumbs-content":"","ast-featured-img":"","footer-sml-layout":"","ast-disable-related-posts":"","theme-transparent-header-meta":"default","adv-header-id-meta":"","stick-header-meta":"","header-above-stick-meta":"","header-main-stick-meta":"","header-below-stick-meta":"","astra-migrate-meta-layouts":"set","ast-page-background-enabled":"default","ast-page-background-meta":{"desktop":{"background-color":"","background-image":"","background-repeat":"repeat","background-position":"center center","background-size":"auto","background-attachment":"scroll","background-type":"","background-media":"","overlay-type":"","overlay-color":"","overlay-opacity":"","overlay-gradient":""},"tablet":{"background-color":"","background-image":"","background-repeat":"repeat","background-position":"center center","background-size":"auto","background-attachment":"scroll","background-type":"","background-media":"","overlay-type":"","overlay-color":"","overlay-opacity":"","overlay-gradient":""},"mobile":{"background-color":"","background-image":"","background-repeat":"repeat","background-position":"center center","background-size":"auto","background-attachment":"scroll","background-type":"","background-media":"","overlay-type":"","overlay-color":"","overlay-opacity":"","overlay-gradient":""}},"ast-content-background-meta":{"desktop":{"background-color":"var(--ast-global-color-5)","background-image":"","background-repeat":"repeat","background-position":"center center","background-size":"auto","background-attachment":"scroll","background-type":"","background-media":"","overlay-type":"","overlay-color":"","overlay-opacity":"","overlay-gradient":""},"tablet":{"background-color":"var(--ast-global-color-5)","background-image":"","background-repeat":"repeat","background-position":"center center","background-size":"auto","background-attachment":"scroll","background-type":"","background-media":"","overlay-type":"","overlay-color":"","overlay-opacity":"","overlay-gradient":""},"mobile":{"background-color":"var(--ast-global-color-5)","background-image":"","background-repeat":"repeat","background-position":"center center","background-size":"auto","background-attachment":"scroll","background-type":"","background-media":"","overlay-type":"","overlay-color":"","overlay-opacity":"","overlay-gradient":""}}},"product_brand":[],"product_cat":[25,1681],"product_tag":[29,26,19,28,442,281,57,1415,31,1414,23,30,435,20,27,22],"class_list":{"0":"post-13720","1":"product","2":"type-product","3":"status-publish","4":"has-post-thumbnail","6":"product_cat-fragrances","7":"product_cat-fragrances-ufi-exempt","8":"product_tag-a05-wax","9":"product_tag-a27-wax","10":"product_tag-all-seasons-wax","11":"product_tag-cocosoy","12":"product_tag-flowers","13":"product_tag-fragrance","14":"product_tag-fragrances","15":"product_tag-hotel-costes-de-paris","16":"product_tag-m12-wax","17":"product_tag-paris","18":"product_tag-s100-wax","19":"product_tag-s16-wax","20":"product_tag-sandalwood","21":"product_tag-soy-wax","22":"product_tag-vegan-wax","23":"product_tag-wax","24":"desktop-align-left","25":"tablet-align-left","26":"mobile-align-left","27":"ast-product-gallery-layout-horizontal-slider","28":"ast-product-single-variable","29":"ast-product-tabs-layout-horizontal","31":"first","32":"instock","33":"taxable","34":"shipping-taxable","35":"purchasable","36":"product-type-variable"},"acf":[],"yoast_head":"<title>Satin Rouge - UFI exempt 20% - Antwerp Luxury Candle Supplies<\/title>\n<meta name=\"robots\" content=\"index, follow, max-snippet:-1, max-image-preview:large, max-video-preview:-1\" \/>\n<link rel=\"canonical\" href=\"https:\/\/luxurycandlesupplies.eu\/de\/produkt\/satiniert-rouge\/\" \/>\n<meta property=\"og:locale\" content=\"de_DE\" \/>\n<meta property=\"og:type\" content=\"article\" \/>\n<meta property=\"og:title\" content=\"Satin Rouge - UFI exempt 20% - Antwerp Luxury Candle Supplies\" \/>\n<meta property=\"og:description\" content=\"DESCRIPTION &nbsp; Satin Rouge &nbsp; This romantic-feeling scent opens with the ethereal notes of vanilla and saffron, before softening into a woodier blend of agarwood, amber and patchouli. Perfect fragrance for making the perfect sensual, romantic evening candles. &nbsp; Top Notes: Saffron, Vanilla Heart Notes: Agarwood, Guaiacwood Base Notes: Amber, Patchouli &nbsp; &nbsp; OUR RECOMMENDATION [&hellip;]\" \/>\n<meta property=\"og:url\" content=\"https:\/\/luxurycandlesupplies.eu\/de\/produkt\/satiniert-rouge\/\" \/>\n<meta property=\"og:site_name\" content=\"Antwerp Luxury Candle Supplies\" \/>\n<meta property=\"article:publisher\" content=\"https:\/\/www.facebook.com\/Antwerpluxurycandlesupplies\/\" \/>\n<meta property=\"article:modified_time\" content=\"2026-04-22T14:26:08+00:00\" \/>\n<meta property=\"og:image\" content=\"https:\/\/luxurycandlesupplies.eu\/app\/uploads\/2023\/11\/Satin-Rouge.jpg\" \/>\n\t<meta property=\"og:image:width\" content=\"1080\" \/>\n\t<meta property=\"og:image:height\" content=\"1080\" \/>\n\t<meta property=\"og:image:type\" content=\"image\/jpeg\" \/>\n<meta name=\"twitter:card\" content=\"summary_large_image\" \/>\n<meta name=\"twitter:label1\" content=\"Gesch\u00e4tzte Lesezeit\" \/>\n\t<meta name=\"twitter:data1\" content=\"3 minutes\" \/>\n<script type=\"application\/ld+json\" class=\"yoast-schema-graph\">{\"@context\":\"https:\\\/\\\/schema.org\",\"@graph\":[{\"@type\":\"WebPage\",\"@id\":\"https:\\\/\\\/luxurycandlesupplies.eu\\\/product\\\/satin-rouge\\\/\",\"url\":\"https:\\\/\\\/luxurycandlesupplies.eu\\\/product\\\/satin-rouge\\\/\",\"name\":\"Satin Rouge - UFI exempt 20% - Antwerp Luxury Candle Supplies\",\"isPartOf\":{\"@id\":\"https:\\\/\\\/luxurycandlesupplies.eu\\\/#website\"},\"primaryImageOfPage\":{\"@id\":\"https:\\\/\\\/luxurycandlesupplies.eu\\\/product\\\/satin-rouge\\\/#primaryimage\"},\"image\":{\"@id\":\"https:\\\/\\\/luxurycandlesupplies.eu\\\/product\\\/satin-rouge\\\/#primaryimage\"},\"thumbnailUrl\":\"https:\\\/\\\/luxurycandlesupplies.eu\\\/app\\\/uploads\\\/2023\\\/11\\\/Satin-Rouge.jpg\",\"datePublished\":\"2023-11-09T13:05:41+00:00\",\"dateModified\":\"2026-04-22T14:26:08+00:00\",\"breadcrumb\":{\"@id\":\"https:\\\/\\\/luxurycandlesupplies.eu\\\/product\\\/satin-rouge\\\/#breadcrumb\"},\"inLanguage\":\"de-DE\",\"potentialAction\":[{\"@type\":\"ReadAction\",\"target\":[\"https:\\\/\\\/luxurycandlesupplies.eu\\\/product\\\/satin-rouge\\\/\"]}]},{\"@type\":\"ImageObject\",\"inLanguage\":\"de-DE\",\"@id\":\"https:\\\/\\\/luxurycandlesupplies.eu\\\/product\\\/satin-rouge\\\/#primaryimage\",\"url\":\"https:\\\/\\\/luxurycandlesupplies.eu\\\/app\\\/uploads\\\/2023\\\/11\\\/Satin-Rouge.jpg\",\"contentUrl\":\"https:\\\/\\\/luxurycandlesupplies.eu\\\/app\\\/uploads\\\/2023\\\/11\\\/Satin-Rouge.jpg\",\"width\":1080,\"height\":1080},{\"@type\":\"BreadcrumbList\",\"@id\":\"https:\\\/\\\/luxurycandlesupplies.eu\\\/product\\\/satin-rouge\\\/#breadcrumb\",\"itemListElement\":[{\"@type\":\"ListItem\",\"position\":1,\"name\":\"Home\",\"item\":\"https:\\\/\\\/luxurycandlesupplies.eu\\\/\"},{\"@type\":\"ListItem\",\"position\":2,\"name\":\"Shop\",\"item\":\"https:\\\/\\\/luxurycandlesupplies.eu\\\/shop\\\/\"},{\"@type\":\"ListItem\",\"position\":3,\"name\":\"Satin Rouge &#8211; UFI exempt 20%\"}]},{\"@type\":\"WebSite\",\"@id\":\"https:\\\/\\\/luxurycandlesupplies.eu\\\/#website\",\"url\":\"https:\\\/\\\/luxurycandlesupplies.eu\\\/\",\"name\":\"Antwerp Luxury Candle Supplies\",\"description\":\"Distributor of all seasons soy wax\",\"publisher\":{\"@id\":\"https:\\\/\\\/luxurycandlesupplies.eu\\\/#organization\"},\"potentialAction\":[{\"@type\":\"SearchAction\",\"target\":{\"@type\":\"EntryPoint\",\"urlTemplate\":\"https:\\\/\\\/luxurycandlesupplies.eu\\\/?s={search_term_string}\"},\"query-input\":{\"@type\":\"PropertyValueSpecification\",\"valueRequired\":true,\"valueName\":\"search_term_string\"}}],\"inLanguage\":\"de-DE\"},{\"@type\":\"Organization\",\"@id\":\"https:\\\/\\\/luxurycandlesupplies.eu\\\/#organization\",\"name\":\"Antwerp Luxury Candle Supplies\",\"url\":\"https:\\\/\\\/luxurycandlesupplies.eu\\\/\",\"logo\":{\"@type\":\"ImageObject\",\"inLanguage\":\"de-DE\",\"@id\":\"https:\\\/\\\/luxurycandlesupplies.eu\\\/#\\\/schema\\\/logo\\\/image\\\/\",\"url\":\"https:\\\/\\\/luxurycandlesupplies.eu\\\/app\\\/uploads\\\/2022\\\/03\\\/antwerp-luxury-candle-supplies-1x.png\",\"contentUrl\":\"https:\\\/\\\/luxurycandlesupplies.eu\\\/app\\\/uploads\\\/2022\\\/03\\\/antwerp-luxury-candle-supplies-1x.png\",\"width\":330,\"height\":60,\"caption\":\"Antwerp Luxury Candle Supplies\"},\"image\":{\"@id\":\"https:\\\/\\\/luxurycandlesupplies.eu\\\/#\\\/schema\\\/logo\\\/image\\\/\"},\"sameAs\":[\"https:\\\/\\\/www.facebook.com\\\/Antwerpluxurycandlesupplies\\\/\",\"https:\\\/\\\/www.instagram.com\\\/antwerp_luxury_candle_supplies\\\/\",\"https:\\\/\\\/pin.it\\\/7joOXRW\"]}]}<\/script>","yoast_head_json":{"title":"Satin Rouge - UFI befreit 20% - Antwerpener Luxuskerzenbedarf","robots":{"index":"index","follow":"follow","max-snippet":"max-snippet:-1","max-image-preview":"max-image-preview:large","max-video-preview":"max-video-preview:-1"},"canonical":"https:\/\/luxurycandlesupplies.eu\/de\/produkt\/satiniert-rouge\/","og_locale":"de_DE","og_type":"article","og_title":"Satin Rouge - UFI exempt 20% - Antwerp Luxury Candle Supplies","og_description":"DESCRIPTION &nbsp; Satin Rouge &nbsp; This romantic-feeling scent opens with the ethereal notes of vanilla and saffron, before softening into a woodier blend of agarwood, amber and patchouli. Perfect fragrance for making the perfect sensual, romantic evening candles. &nbsp; Top Notes: Saffron, Vanilla Heart Notes: Agarwood, Guaiacwood Base Notes: Amber, Patchouli &nbsp; &nbsp; OUR RECOMMENDATION [&hellip;]","og_url":"https:\/\/luxurycandlesupplies.eu\/de\/produkt\/satiniert-rouge\/","og_site_name":"Antwerp Luxury Candle Supplies","article_publisher":"https:\/\/www.facebook.com\/Antwerpluxurycandlesupplies\/","article_modified_time":"2026-04-22T14:26:08+00:00","og_image":[{"width":1080,"height":1080,"url":"https:\/\/luxurycandlesupplies.eu\/app\/uploads\/2023\/11\/Satin-Rouge.jpg","type":"image\/jpeg"}],"twitter_card":"summary_large_image","twitter_misc":{"Gesch\u00e4tzte Lesezeit":"3 minutes"},"schema":{"@context":"https:\/\/schema.org","@graph":[{"@type":"WebPage","@id":"https:\/\/luxurycandlesupplies.eu\/product\/satin-rouge\/","url":"https:\/\/luxurycandlesupplies.eu\/product\/satin-rouge\/","name":"Satin Rouge - UFI befreit 20% - Antwerpener Luxuskerzenbedarf","isPartOf":{"@id":"https:\/\/luxurycandlesupplies.eu\/#website"},"primaryImageOfPage":{"@id":"https:\/\/luxurycandlesupplies.eu\/product\/satin-rouge\/#primaryimage"},"image":{"@id":"https:\/\/luxurycandlesupplies.eu\/product\/satin-rouge\/#primaryimage"},"thumbnailUrl":"https:\/\/luxurycandlesupplies.eu\/app\/uploads\/2023\/11\/Satin-Rouge.jpg","datePublished":"2023-11-09T13:05:41+00:00","dateModified":"2026-04-22T14:26:08+00:00","breadcrumb":{"@id":"https:\/\/luxurycandlesupplies.eu\/product\/satin-rouge\/#breadcrumb"},"inLanguage":"de-DE","potentialAction":[{"@type":"ReadAction","target":["https:\/\/luxurycandlesupplies.eu\/product\/satin-rouge\/"]}]},{"@type":"ImageObject","inLanguage":"de-DE","@id":"https:\/\/luxurycandlesupplies.eu\/product\/satin-rouge\/#primaryimage","url":"https:\/\/luxurycandlesupplies.eu\/app\/uploads\/2023\/11\/Satin-Rouge.jpg","contentUrl":"https:\/\/luxurycandlesupplies.eu\/app\/uploads\/2023\/11\/Satin-Rouge.jpg","width":1080,"height":1080},{"@type":"BreadcrumbList","@id":"https:\/\/luxurycandlesupplies.eu\/product\/satin-rouge\/#breadcrumb","itemListElement":[{"@type":"ListItem","position":1,"name":"Home","item":"https:\/\/luxurycandlesupplies.eu\/"},{"@type":"ListItem","position":2,"name":"Shop","item":"https:\/\/luxurycandlesupplies.eu\/shop\/"},{"@type":"ListItem","position":3,"name":"Satin Rouge &#8211; UFI exempt 20%"}]},{"@type":"WebSite","@id":"https:\/\/luxurycandlesupplies.eu\/#website","url":"https:\/\/luxurycandlesupplies.eu\/","name":"Antwerpener Luxus-Kerzen-Bedarf","description":"Vertreiber von Sojawachs f\u00fcr alle Jahreszeiten","publisher":{"@id":"https:\/\/luxurycandlesupplies.eu\/#organization"},"potentialAction":[{"@type":"SearchAction","target":{"@type":"EntryPoint","urlTemplate":"https:\/\/luxurycandlesupplies.eu\/?s={search_term_string}"},"query-input":{"@type":"PropertyValueSpecification","valueRequired":true,"valueName":"search_term_string"}}],"inLanguage":"de-DE"},{"@type":"Organization","@id":"https:\/\/luxurycandlesupplies.eu\/#organization","name":"Antwerpener Luxus-Kerzen-Bedarf","url":"https:\/\/luxurycandlesupplies.eu\/","logo":{"@type":"ImageObject","inLanguage":"de-DE","@id":"https:\/\/luxurycandlesupplies.eu\/#\/schema\/logo\/image\/","url":"https:\/\/luxurycandlesupplies.eu\/app\/uploads\/2022\/03\/antwerp-luxury-candle-supplies-1x.png","contentUrl":"https:\/\/luxurycandlesupplies.eu\/app\/uploads\/2022\/03\/antwerp-luxury-candle-supplies-1x.png","width":330,"height":60,"caption":"Antwerp Luxury Candle Supplies"},"image":{"@id":"https:\/\/luxurycandlesupplies.eu\/#\/schema\/logo\/image\/"},"sameAs":["https:\/\/www.facebook.com\/Antwerpluxurycandlesupplies\/","https:\/\/www.instagram.com\/antwerp_luxury_candle_supplies\/","https:\/\/pin.it\/7joOXRW"]}]}},"_links":{"self":[{"href":"https:\/\/luxurycandlesupplies.eu\/de\/wp-json\/wp\/v2\/product\/13720","targetHints":{"allow":["GET"]}}],"collection":[{"href":"https:\/\/luxurycandlesupplies.eu\/de\/wp-json\/wp\/v2\/product"}],"about":[{"href":"https:\/\/luxurycandlesupplies.eu\/de\/wp-json\/wp\/v2\/types\/product"}],"wp:featuredmedia":[{"embeddable":true,"href":"https:\/\/luxurycandlesupplies.eu\/de\/wp-json\/wp\/v2\/media\/13751"}],"wp:attachment":[{"href":"https:\/\/luxurycandlesupplies.eu\/de\/wp-json\/wp\/v2\/media?parent=13720"}],"wp:term":[{"taxonomy":"product_brand","embeddable":true,"href":"https:\/\/luxurycandlesupplies.eu\/de\/wp-json\/wp\/v2\/product_brand?post=13720"},{"taxonomy":"product_cat","embeddable":true,"href":"https:\/\/luxurycandlesupplies.eu\/de\/wp-json\/wp\/v2\/product_cat?post=13720"},{"taxonomy":"product_tag","embeddable":true,"href":"https:\/\/luxurycandlesupplies.eu\/de\/wp-json\/wp\/v2\/product_tag?post=13720"}],"curies":[{"name":"wp","href":"https:\/\/api.w.org\/{rel}","templated":true}]}}