{"id":1379,"date":"2022-03-25T09:37:30","date_gmt":"2022-03-25T08:37:30","guid":{"rendered":"https:\/\/luxurycandlesupplies.eu\/?post_type=product&#038;p=1379"},"modified":"2026-05-16T16:08:16","modified_gmt":"2026-05-16T14:08:16","slug":"vogue-groser-gruner-moschus-390-ml-2","status":"publish","type":"product","link":"https:\/\/luxurycandlesupplies.eu\/de\/product\/vogue-large-green-musk-390-ml\/","title":{"rendered":"Gro\u00df Vogue - Gr\u00fcn Musk - 390 ml"},"content":{"rendered":"<h4>BESCHREIBUNG<\/h4>\n<div class=\"product info detailed after-content\">\n<div class=\"product data items\">\n<div class=\"product-data-items-content\">\n<div id=\"attributedescription\" class=\"data item content\" role=\"tabpanel\" data-role=\"content\" aria-labelledby=\"tab-label-attributedescription\" aria-hidden=\"false\">\n<div class=\"product attribute description\">\n<div class=\"value\">\n<p>&nbsp;<\/p>\n<p>Die Vogue-Linie verk\u00f6rpert mit ihrer glatten Oberfl\u00e4che und dem abgerundeten Boden Stil und w\u00fcrde im Schaufenster einer High-End-Boutique nicht fehl am Platz wirken.<\/p>\n<p>Diese Schiffe haben bei Markttests au\u00dferordentliche Ergebnisse erzielt - sie sind wirklich bei allen beliebt.<\/p>\n<p>Wie bei allen unseren Gl\u00e4sern wird auch bei der Antwerp Luxury Candle Supplies Glass Range ein handgeformtes Verfahren anstelle eines geblasenen oder maschinellen Produktionsprozesses eingesetzt. Dadurch wird sichergestellt, dass unsere Gl\u00e4ser st\u00e4rker, sicherer und hitzebest\u00e4ndiger sind als andere auf dem Markt.<\/p>\n<\/div>\n<\/div>\n<\/div>\n<\/div>\n<\/div>\n<\/div>","protected":false},"excerpt":{"rendered":"<h3>SPEZIFIKATION<\/h3>\n<p><strong>\u00c4u\u00dfere Abmessungen des Beh\u00e4lters<\/strong>: 95mmB x 105mmH<br \/>\n<strong>Abmessungen des Innenbeh\u00e4lters<\/strong>: 85mmB x 94mm<br \/>\n<strong>Kapazit\u00e4t des Schiffes<\/strong>: 390ml<br \/>\n<strong>Glas Gewicht<\/strong>: 500g<\/p>\n<p><strong>Geeigneter Deckel<\/strong>: <a href=\"https:\/\/luxurycandlesupplies.eu\/de\/produkt\/groser-holzdeckel-mit-silikondichtung\/\">Gro\u00dfe Holzdeckel<\/a>\u00a0 \u00a0 -\u00a0 \u00a0 <a href=\"https:\/\/luxurycandlesupplies.eu\/de\/produktkategorie\/kerzenstander\/vogue-kollektion\/kerzendeckel-3\/\">Gro\u00dfe Plastikdeckel<\/a><\/p>\n<p>WICHTIG: Bitte beachten Sie, dass aufgrund des handwerklichen Herstellungsprozesses die Passform jedes Deckels variieren kann, abh\u00e4ngig von der exklusiven Form des Gef\u00e4\u00dfrandes)<\/p>\n<p><strong>Geeignete Verpackung<\/strong>: Smart Box Large, Cylinder Box Large, Flatpack Box Large<\/p>\n<p><strong>Empfohlene Dochtgr\u00f6\u00dfe<\/strong>*: <a href=\"https:\/\/luxurycandlesupplies.eu\/de\/produkt\/dochte-von-lcs-85\/\">LCS85<\/a>, <a href=\"https:\/\/luxurycandlesupplies.eu\/de\/produkt\/dochte-von-lcs-90\/\">LCS90<\/a>, <a href=\"https:\/\/luxurycandlesupplies.eu\/de\/produkt\/dochte-von-lcs-100\/\">LCS100<\/a>, <a href=\"https:\/\/luxurycandlesupplies.eu\/de\/produkt\/dubbel-holzdocht-16-x-150-mm\/\" target=\"_blank\" rel=\"noopener\">Doppelt geschichteter Holzdocht 16mm x 150mm<\/a>, <a href=\"https:\/\/luxurycandlesupplies.eu\/de\/produkt\/s-welle-holzdocht-30-x-120-mm\/\">S Wave Holzdocht 30mm x 120mm<\/a><br \/>\n*Bitte beachten Sie, dass die Dochtgr\u00f6\u00dfen nur Vorschl\u00e4ge sind. Um optimale Ergebnisse zu erzielen, empfehlen wir den Nutzern, ihre eigenen Dochttests mit verschiedenen Wachs- und \u00d6lmischungen, die sie verwenden m\u00f6chten, durchzuf\u00fchren.<\/p>\n<p>Erh\u00e4ltlich in einzelnen Einheiten.<br \/>\n<strong>Gr\u00f6\u00dfe des Kartons<\/strong>: 24 Einheiten<\/p>\n<p><strong>WICHTIG!<\/strong> Bitte beachten Sie, dass das Produktfoto in Bezug auf die Farbe aufgrund von Beleuchtung und\/oder Herstellung vom tats\u00e4chlichen Artikel abweichen kann. Aufgrund des handwerklichen Herstellungsprozesses ist jedes Gef\u00e4\u00df einzigartig gemustert und es k\u00f6nnen leichte Unterschiede in der Form der Glaswaren sichtbar sein.<\/p>\n<p>&nbsp;<\/p>","protected":false},"featured_media":28020,"template":"","meta":{"_acf_changed":false,"site-sidebar-layout":"default","site-content-layout":"default","ast-site-content-layout":"default","site-content-style":"default","site-sidebar-style":"default","ast-global-header-display":"","ast-banner-title-visibility":"","ast-main-header-display":"","ast-hfb-above-header-display":"","ast-hfb-below-header-display":"","ast-hfb-mobile-header-display":"","site-post-title":"","ast-breadcrumbs-content":"","ast-featured-img":"","footer-sml-layout":"","ast-disable-related-posts":"","theme-transparent-header-meta":"default","adv-header-id-meta":"","stick-header-meta":"","header-above-stick-meta":"","header-main-stick-meta":"","header-below-stick-meta":"","astra-migrate-meta-layouts":"set","ast-page-background-enabled":"default","ast-page-background-meta":{"desktop":{"background-color":"","background-image":"","background-repeat":"repeat","background-position":"center center","background-size":"auto","background-attachment":"scroll","background-type":"","background-media":"","overlay-type":"","overlay-color":"","overlay-opacity":"","overlay-gradient":""},"tablet":{"background-color":"","background-image":"","background-repeat":"repeat","background-position":"center center","background-size":"auto","background-attachment":"scroll","background-type":"","background-media":"","overlay-type":"","overlay-color":"","overlay-opacity":"","overlay-gradient":""},"mobile":{"background-color":"","background-image":"","background-repeat":"repeat","background-position":"center center","background-size":"auto","background-attachment":"scroll","background-type":"","background-media":"","overlay-type":"","overlay-color":"","overlay-opacity":"","overlay-gradient":""}},"ast-content-background-meta":{"desktop":{"background-color":"var(--ast-global-color-5)","background-image":"","background-repeat":"repeat","background-position":"center center","background-size":"auto","background-attachment":"scroll","background-type":"","background-media":"","overlay-type":"","overlay-color":"","overlay-opacity":"","overlay-gradient":""},"tablet":{"background-color":"var(--ast-global-color-5)","background-image":"","background-repeat":"repeat","background-position":"center center","background-size":"auto","background-attachment":"scroll","background-type":"","background-media":"","overlay-type":"","overlay-color":"","overlay-opacity":"","overlay-gradient":""},"mobile":{"background-color":"var(--ast-global-color-5)","background-image":"","background-repeat":"repeat","background-position":"center center","background-size":"auto","background-attachment":"scroll","background-type":"","background-media":"","overlay-type":"","overlay-color":"","overlay-opacity":"","overlay-gradient":""}}},"product_brand":[],"product_cat":[97,70],"product_tag":[137,192,175,96],"class_list":{"0":"post-1379","1":"product","2":"type-product","3":"status-publish","4":"has-post-thumbnail","6":"product_cat-musk-collection","7":"product_cat-vogue-large","8":"product_tag-large-vogue","9":"product_tag-large-vogue-green-musk","10":"product_tag-musk","11":"product_tag-vogue","12":"desktop-align-left","13":"tablet-align-left","14":"mobile-align-left","15":"ast-product-gallery-layout-horizontal-slider","16":"ast-product-tabs-layout-horizontal","18":"first","19":"instock","20":"taxable","21":"shipping-taxable","22":"purchasable","23":"product-type-simple"},"acf":[],"yoast_head":"<title>Large Vogue - Green Musk - 390 ml - Antwerp Luxury Candle Supplies<\/title>\n<meta name=\"robots\" content=\"index, follow, max-snippet:-1, max-image-preview:large, max-video-preview:-1\" \/>\n<link rel=\"canonical\" href=\"https:\/\/luxurycandlesupplies.eu\/de\/produkt\/vogue-groser-gruner-moschus-390-ml-2\/\" \/>\n<meta property=\"og:locale\" content=\"de_DE\" \/>\n<meta property=\"og:type\" content=\"article\" \/>\n<meta property=\"og:title\" content=\"Large Vogue - Green Musk - 390 ml - Antwerp Luxury Candle Supplies\" \/>\n<meta property=\"og:description\" content=\"SPECIFICATION External Vessel Dimensions: 95mmW x 105mmH Internal Vessel Dimensions: 85mmW x 94mm Vessel Capacity: 390ml Glass Weight: 500g  Suitable Lid: Large Wood Lids\u00a0 \u00a0 -\u00a0 \u00a0 Large Plastic Lids  IMPORTANT: Please be aware, due to the hand made manufacturing process, the fitting of each lid may vary pending the exclusive shape of the vessel\u2019s rim)  Suitable Packaging: Smart Box Large, Cylinder Box Large, Flatpack Box Large  Suggested Wick Size*: LCS85, LCS90, LCS100, Double Layered Wood Wick 16mm x 150mm, S Wave Wood Wick 30mm x 120mm *Please note, wick sizes are suggestions only. For optimum results, we recommend users conduct their own wick tests with different blends of wax and oils that they intend to use.  Available in single units. Carton size: 24 units  IMPORTANT! Please note, product photo may differ from actual item in terms of colour due to lighting and\/or manufacturing. Due to the hand made manufacturing process, each vessel will be uniquely patterned and slight differences in glassware shape may be visible.  &nbsp;\" \/>\n<meta property=\"og:url\" content=\"https:\/\/luxurycandlesupplies.eu\/de\/produkt\/vogue-groser-gruner-moschus-390-ml-2\/\" \/>\n<meta property=\"og:site_name\" content=\"Antwerp Luxury Candle Supplies\" \/>\n<meta property=\"article:publisher\" content=\"https:\/\/www.facebook.com\/Antwerpluxurycandlesupplies\/\" \/>\n<meta property=\"article:modified_time\" content=\"2026-05-16T14:08:16+00:00\" \/>\n<meta property=\"og:image\" content=\"https:\/\/luxurycandlesupplies.eu\/app\/uploads\/2024\/06\/Luxurycandlesupplies7541-web.jpg\" \/>\n\t<meta property=\"og:image:width\" content=\"2000\" \/>\n\t<meta property=\"og:image:height\" content=\"2000\" \/>\n\t<meta property=\"og:image:type\" content=\"image\/jpeg\" \/>\n<meta name=\"twitter:card\" content=\"summary_large_image\" \/>\n<meta name=\"twitter:label1\" content=\"Gesch\u00e4tzte Lesezeit\" \/>\n\t<meta name=\"twitter:data1\" content=\"1 minute\" \/>\n<script type=\"application\/ld+json\" class=\"yoast-schema-graph\">{\"@context\":\"https:\\\/\\\/schema.org\",\"@graph\":[{\"@type\":\"WebPage\",\"@id\":\"https:\\\/\\\/luxurycandlesupplies.eu\\\/product\\\/vogue-large-green-musk-390-ml\\\/\",\"url\":\"https:\\\/\\\/luxurycandlesupplies.eu\\\/product\\\/vogue-large-green-musk-390-ml\\\/\",\"name\":\"Large Vogue - Green Musk - 390 ml - Antwerp Luxury Candle Supplies\",\"isPartOf\":{\"@id\":\"https:\\\/\\\/luxurycandlesupplies.eu\\\/#website\"},\"primaryImageOfPage\":{\"@id\":\"https:\\\/\\\/luxurycandlesupplies.eu\\\/product\\\/vogue-large-green-musk-390-ml\\\/#primaryimage\"},\"image\":{\"@id\":\"https:\\\/\\\/luxurycandlesupplies.eu\\\/product\\\/vogue-large-green-musk-390-ml\\\/#primaryimage\"},\"thumbnailUrl\":\"https:\\\/\\\/luxurycandlesupplies.eu\\\/app\\\/uploads\\\/2024\\\/06\\\/Luxurycandlesupplies7541-web.jpg\",\"datePublished\":\"2022-03-25T08:37:30+00:00\",\"dateModified\":\"2026-05-16T14:08:16+00:00\",\"breadcrumb\":{\"@id\":\"https:\\\/\\\/luxurycandlesupplies.eu\\\/product\\\/vogue-large-green-musk-390-ml\\\/#breadcrumb\"},\"inLanguage\":\"de-DE\",\"potentialAction\":[{\"@type\":\"ReadAction\",\"target\":[\"https:\\\/\\\/luxurycandlesupplies.eu\\\/product\\\/vogue-large-green-musk-390-ml\\\/\"]}]},{\"@type\":\"ImageObject\",\"inLanguage\":\"de-DE\",\"@id\":\"https:\\\/\\\/luxurycandlesupplies.eu\\\/product\\\/vogue-large-green-musk-390-ml\\\/#primaryimage\",\"url\":\"https:\\\/\\\/luxurycandlesupplies.eu\\\/app\\\/uploads\\\/2024\\\/06\\\/Luxurycandlesupplies7541-web.jpg\",\"contentUrl\":\"https:\\\/\\\/luxurycandlesupplies.eu\\\/app\\\/uploads\\\/2024\\\/06\\\/Luxurycandlesupplies7541-web.jpg\",\"width\":2000,\"height\":2000},{\"@type\":\"BreadcrumbList\",\"@id\":\"https:\\\/\\\/luxurycandlesupplies.eu\\\/product\\\/vogue-large-green-musk-390-ml\\\/#breadcrumb\",\"itemListElement\":[{\"@type\":\"ListItem\",\"position\":1,\"name\":\"Home\",\"item\":\"https:\\\/\\\/luxurycandlesupplies.eu\\\/\"},{\"@type\":\"ListItem\",\"position\":2,\"name\":\"Shop\",\"item\":\"https:\\\/\\\/luxurycandlesupplies.eu\\\/shop\\\/\"},{\"@type\":\"ListItem\",\"position\":3,\"name\":\"Large Vogue &#8211; Green Musk &#8211; 390 ml\"}]},{\"@type\":\"WebSite\",\"@id\":\"https:\\\/\\\/luxurycandlesupplies.eu\\\/#website\",\"url\":\"https:\\\/\\\/luxurycandlesupplies.eu\\\/\",\"name\":\"Antwerp Luxury Candle Supplies\",\"description\":\"Distributor of all seasons soy wax\",\"publisher\":{\"@id\":\"https:\\\/\\\/luxurycandlesupplies.eu\\\/#organization\"},\"potentialAction\":[{\"@type\":\"SearchAction\",\"target\":{\"@type\":\"EntryPoint\",\"urlTemplate\":\"https:\\\/\\\/luxurycandlesupplies.eu\\\/?s={search_term_string}\"},\"query-input\":{\"@type\":\"PropertyValueSpecification\",\"valueRequired\":true,\"valueName\":\"search_term_string\"}}],\"inLanguage\":\"de-DE\"},{\"@type\":\"Organization\",\"@id\":\"https:\\\/\\\/luxurycandlesupplies.eu\\\/#organization\",\"name\":\"Antwerp Luxury Candle Supplies\",\"url\":\"https:\\\/\\\/luxurycandlesupplies.eu\\\/\",\"logo\":{\"@type\":\"ImageObject\",\"inLanguage\":\"de-DE\",\"@id\":\"https:\\\/\\\/luxurycandlesupplies.eu\\\/#\\\/schema\\\/logo\\\/image\\\/\",\"url\":\"https:\\\/\\\/luxurycandlesupplies.eu\\\/app\\\/uploads\\\/2022\\\/03\\\/antwerp-luxury-candle-supplies-1x.png\",\"contentUrl\":\"https:\\\/\\\/luxurycandlesupplies.eu\\\/app\\\/uploads\\\/2022\\\/03\\\/antwerp-luxury-candle-supplies-1x.png\",\"width\":330,\"height\":60,\"caption\":\"Antwerp Luxury Candle Supplies\"},\"image\":{\"@id\":\"https:\\\/\\\/luxurycandlesupplies.eu\\\/#\\\/schema\\\/logo\\\/image\\\/\"},\"sameAs\":[\"https:\\\/\\\/www.facebook.com\\\/Antwerpluxurycandlesupplies\\\/\",\"https:\\\/\\\/www.instagram.com\\\/antwerp_luxury_candle_supplies\\\/\",\"https:\\\/\\\/pin.it\\\/7joOXRW\"]}]}<\/script>","yoast_head_json":{"title":"Gro\u00df Vogue - Gr\u00fcn Musk - 390 ml - Antwerp Luxury Candle Supplies","robots":{"index":"index","follow":"follow","max-snippet":"max-snippet:-1","max-image-preview":"max-image-preview:large","max-video-preview":"max-video-preview:-1"},"canonical":"https:\/\/luxurycandlesupplies.eu\/de\/produkt\/vogue-groser-gruner-moschus-390-ml-2\/","og_locale":"de_DE","og_type":"article","og_title":"Large Vogue - Green Musk - 390 ml - Antwerp Luxury Candle Supplies","og_description":"SPECIFICATION External Vessel Dimensions: 95mmW x 105mmH Internal Vessel Dimensions: 85mmW x 94mm Vessel Capacity: 390ml Glass Weight: 500g  Suitable Lid: Large Wood Lids\u00a0 \u00a0 -\u00a0 \u00a0 Large Plastic Lids  IMPORTANT: Please be aware, due to the hand made manufacturing process, the fitting of each lid may vary pending the exclusive shape of the vessel\u2019s rim)  Suitable Packaging: Smart Box Large, Cylinder Box Large, Flatpack Box Large  Suggested Wick Size*: LCS85, LCS90, LCS100, Double Layered Wood Wick 16mm x 150mm, S Wave Wood Wick 30mm x 120mm *Please note, wick sizes are suggestions only. For optimum results, we recommend users conduct their own wick tests with different blends of wax and oils that they intend to use.  Available in single units. Carton size: 24 units  IMPORTANT! Please note, product photo may differ from actual item in terms of colour due to lighting and\/or manufacturing. Due to the hand made manufacturing process, each vessel will be uniquely patterned and slight differences in glassware shape may be visible.  &nbsp;","og_url":"https:\/\/luxurycandlesupplies.eu\/de\/produkt\/vogue-groser-gruner-moschus-390-ml-2\/","og_site_name":"Antwerp Luxury Candle Supplies","article_publisher":"https:\/\/www.facebook.com\/Antwerpluxurycandlesupplies\/","article_modified_time":"2026-05-16T14:08:16+00:00","og_image":[{"width":2000,"height":2000,"url":"https:\/\/luxurycandlesupplies.eu\/app\/uploads\/2024\/06\/Luxurycandlesupplies7541-web.jpg","type":"image\/jpeg"}],"twitter_card":"summary_large_image","twitter_misc":{"Gesch\u00e4tzte Lesezeit":"1 minute"},"schema":{"@context":"https:\/\/schema.org","@graph":[{"@type":"WebPage","@id":"https:\/\/luxurycandlesupplies.eu\/product\/vogue-large-green-musk-390-ml\/","url":"https:\/\/luxurycandlesupplies.eu\/product\/vogue-large-green-musk-390-ml\/","name":"Gro\u00df Vogue - Gr\u00fcn Musk - 390 ml - Antwerp Luxury Candle Supplies","isPartOf":{"@id":"https:\/\/luxurycandlesupplies.eu\/#website"},"primaryImageOfPage":{"@id":"https:\/\/luxurycandlesupplies.eu\/product\/vogue-large-green-musk-390-ml\/#primaryimage"},"image":{"@id":"https:\/\/luxurycandlesupplies.eu\/product\/vogue-large-green-musk-390-ml\/#primaryimage"},"thumbnailUrl":"https:\/\/luxurycandlesupplies.eu\/app\/uploads\/2024\/06\/Luxurycandlesupplies7541-web.jpg","datePublished":"2022-03-25T08:37:30+00:00","dateModified":"2026-05-16T14:08:16+00:00","breadcrumb":{"@id":"https:\/\/luxurycandlesupplies.eu\/product\/vogue-large-green-musk-390-ml\/#breadcrumb"},"inLanguage":"de-DE","potentialAction":[{"@type":"ReadAction","target":["https:\/\/luxurycandlesupplies.eu\/product\/vogue-large-green-musk-390-ml\/"]}]},{"@type":"ImageObject","inLanguage":"de-DE","@id":"https:\/\/luxurycandlesupplies.eu\/product\/vogue-large-green-musk-390-ml\/#primaryimage","url":"https:\/\/luxurycandlesupplies.eu\/app\/uploads\/2024\/06\/Luxurycandlesupplies7541-web.jpg","contentUrl":"https:\/\/luxurycandlesupplies.eu\/app\/uploads\/2024\/06\/Luxurycandlesupplies7541-web.jpg","width":2000,"height":2000},{"@type":"BreadcrumbList","@id":"https:\/\/luxurycandlesupplies.eu\/product\/vogue-large-green-musk-390-ml\/#breadcrumb","itemListElement":[{"@type":"ListItem","position":1,"name":"Home","item":"https:\/\/luxurycandlesupplies.eu\/"},{"@type":"ListItem","position":2,"name":"Shop","item":"https:\/\/luxurycandlesupplies.eu\/shop\/"},{"@type":"ListItem","position":3,"name":"Large Vogue &#8211; Green Musk &#8211; 390 ml"}]},{"@type":"WebSite","@id":"https:\/\/luxurycandlesupplies.eu\/#website","url":"https:\/\/luxurycandlesupplies.eu\/","name":"Antwerpener Luxus-Kerzen-Bedarf","description":"Vertreiber von Sojawachs f\u00fcr alle Jahreszeiten","publisher":{"@id":"https:\/\/luxurycandlesupplies.eu\/#organization"},"potentialAction":[{"@type":"SearchAction","target":{"@type":"EntryPoint","urlTemplate":"https:\/\/luxurycandlesupplies.eu\/?s={search_term_string}"},"query-input":{"@type":"PropertyValueSpecification","valueRequired":true,"valueName":"search_term_string"}}],"inLanguage":"de-DE"},{"@type":"Organization","@id":"https:\/\/luxurycandlesupplies.eu\/#organization","name":"Antwerpener Luxus-Kerzen-Bedarf","url":"https:\/\/luxurycandlesupplies.eu\/","logo":{"@type":"ImageObject","inLanguage":"de-DE","@id":"https:\/\/luxurycandlesupplies.eu\/#\/schema\/logo\/image\/","url":"https:\/\/luxurycandlesupplies.eu\/app\/uploads\/2022\/03\/antwerp-luxury-candle-supplies-1x.png","contentUrl":"https:\/\/luxurycandlesupplies.eu\/app\/uploads\/2022\/03\/antwerp-luxury-candle-supplies-1x.png","width":330,"height":60,"caption":"Antwerp Luxury Candle Supplies"},"image":{"@id":"https:\/\/luxurycandlesupplies.eu\/#\/schema\/logo\/image\/"},"sameAs":["https:\/\/www.facebook.com\/Antwerpluxurycandlesupplies\/","https:\/\/www.instagram.com\/antwerp_luxury_candle_supplies\/","https:\/\/pin.it\/7joOXRW"]}]}},"_links":{"self":[{"href":"https:\/\/luxurycandlesupplies.eu\/de\/wp-json\/wp\/v2\/product\/1379","targetHints":{"allow":["GET"]}}],"collection":[{"href":"https:\/\/luxurycandlesupplies.eu\/de\/wp-json\/wp\/v2\/product"}],"about":[{"href":"https:\/\/luxurycandlesupplies.eu\/de\/wp-json\/wp\/v2\/types\/product"}],"wp:featuredmedia":[{"embeddable":true,"href":"https:\/\/luxurycandlesupplies.eu\/de\/wp-json\/wp\/v2\/media\/28020"}],"wp:attachment":[{"href":"https:\/\/luxurycandlesupplies.eu\/de\/wp-json\/wp\/v2\/media?parent=1379"}],"wp:term":[{"taxonomy":"product_brand","embeddable":true,"href":"https:\/\/luxurycandlesupplies.eu\/de\/wp-json\/wp\/v2\/product_brand?post=1379"},{"taxonomy":"product_cat","embeddable":true,"href":"https:\/\/luxurycandlesupplies.eu\/de\/wp-json\/wp\/v2\/product_cat?post=1379"},{"taxonomy":"product_tag","embeddable":true,"href":"https:\/\/luxurycandlesupplies.eu\/de\/wp-json\/wp\/v2\/product_tag?post=1379"}],"curies":[{"name":"wp","href":"https:\/\/api.w.org\/{rel}","templated":true}]}}