{"id":13815,"date":"2023-11-13T10:09:50","date_gmt":"2023-11-13T09:09:50","guid":{"rendered":"https:\/\/luxurycandlesupplies.eu\/?post_type=product&#038;p=13815"},"modified":"2026-04-17T16:50:59","modified_gmt":"2026-04-17T14:50:59","slug":"palosanto","status":"publish","type":"product","link":"https:\/\/luxurycandlesupplies.eu\/de\/product\/palosanto\/","title":{"rendered":"Palo Santo"},"content":{"rendered":"<h3>BESCHREIBUNG<\/h3>\n<p>&nbsp;<\/p>\n<div class=\"page\" title=\"Seite 5\">\n<div class=\"layoutArea\">\n<div class=\"column\">\n<h2><strong><em>Palo Santo<\/em><\/strong><\/h2>\n<p>&nbsp;<\/p>\n<p>Palo Santo ist ein subtiler, holziger Duft mit einem Hauch von Zitrusfr\u00fcchten und Minze. Dieser Duft, der traditionell eine Reinigung von negativer Energie in Ihrem Haus symbolisiert, wird Ihnen Gelassenheit bringen.<\/p>\n<\/div>\n<\/div>\n<\/div>\n<p>&nbsp;<\/p>\n<p><strong>Oben:<\/strong> Birkenteer<\/p>\n<p><strong>Herz:<\/strong> Myrrhe<\/p>\n<p><strong>Basis:<\/strong> Vanille<\/p>\n<p>&nbsp;<\/p>\n<h3>UNSERE EMPFEHLUNG<\/h3>\n<hr \/>\n<div>\n<p>Die Verwendung von Duft\u00f6len h\u00e4ngt von dem Produkt ab, das Sie herstellen. Im folgenden Leitfaden finden Sie die f\u00fcr Ihr Produkt geeigneten Mischungsverh\u00e4ltnisse.<\/p>\n<p>Bitte beachten Sie, dass es sich bei den unten genannten Werten nur um Vorschl\u00e4ge handelt. Wir empfehlen den Benutzern, ihre eigenen Tests mit den vorgesehenen Wachs- und \u00d6lmischungen durchzuf\u00fchren, um optimale Ergebnisse zu erzielen.<\/p>\n<p>Kerzen: 6-10%<br \/>\nWachsmelonen: 10-12%<\/p>\n<\/div>\n<h2><\/h2>\n<h3>CLP &amp; SDS INFORMATIONEN<\/h3>\n<hr \/>\n<div>\n<p><a style=\"font-size: 16px; background-color: #ffffff;\" href=\"https:\/\/luxurycandlesupplies.eu\/app\/uploads\/2023\/11\/Palo-Santo-SDS.pdf\">Palo Santo SDS 100%<\/a><\/p>\n<\/div>\n<p><a href=\"https:\/\/luxurycandlesupplies.eu\/app\/uploads\/2023\/11\/Palo-Santo-IFRA.pdf\">Palo Santo IFRA<\/a><\/p>\n<p>&nbsp;<\/p>\n<p><img decoding=\"async\" class=\"alignnone  wp-image-23488\" src=\"https:\/\/luxurycandlesupplies.eu\/app\/uploads\/2025\/07\/Danger-3-300x300.png\" alt=\"\" width=\"120\" height=\"120\" srcset=\"https:\/\/luxurycandlesupplies.eu\/app\/uploads\/2025\/07\/Danger-3-300x300.png 300w, https:\/\/luxurycandlesupplies.eu\/app\/uploads\/2025\/07\/Danger-3-1024x1024.png 1024w, https:\/\/luxurycandlesupplies.eu\/app\/uploads\/2025\/07\/Danger-3-150x150.png 150w, https:\/\/luxurycandlesupplies.eu\/app\/uploads\/2025\/07\/Danger-3-768x768.png 768w, https:\/\/luxurycandlesupplies.eu\/app\/uploads\/2025\/07\/Danger-3-12x12.png 12w, https:\/\/luxurycandlesupplies.eu\/app\/uploads\/2025\/07\/Danger-3-600x600.png 600w, https:\/\/luxurycandlesupplies.eu\/app\/uploads\/2025\/07\/Danger-3-100x100.png 100w, https:\/\/luxurycandlesupplies.eu\/app\/uploads\/2025\/07\/Danger-3.png 1080w\" sizes=\"(max-width: 120px) 100vw, 120px\" \/> <img decoding=\"async\" class=\"alignnone  wp-image-23489\" src=\"https:\/\/luxurycandlesupplies.eu\/app\/uploads\/2025\/07\/Danger-4-300x300.png\" alt=\"\" width=\"120\" height=\"120\" srcset=\"https:\/\/luxurycandlesupplies.eu\/app\/uploads\/2025\/07\/Danger-4-300x300.png 300w, https:\/\/luxurycandlesupplies.eu\/app\/uploads\/2025\/07\/Danger-4-1024x1024.png 1024w, https:\/\/luxurycandlesupplies.eu\/app\/uploads\/2025\/07\/Danger-4-150x150.png 150w, https:\/\/luxurycandlesupplies.eu\/app\/uploads\/2025\/07\/Danger-4-768x768.png 768w, https:\/\/luxurycandlesupplies.eu\/app\/uploads\/2025\/07\/Danger-4-12x12.png 12w, https:\/\/luxurycandlesupplies.eu\/app\/uploads\/2025\/07\/Danger-4-600x600.png 600w, https:\/\/luxurycandlesupplies.eu\/app\/uploads\/2025\/07\/Danger-4-100x100.png 100w, https:\/\/luxurycandlesupplies.eu\/app\/uploads\/2025\/07\/Danger-4.png 1080w\" sizes=\"(max-width: 120px) 100vw, 120px\" \/><\/p>\n<p><strong>Palo Santo NL<\/strong><\/p>\n<p>H315 Veroorzaakt huidirritatie. H319 Veroorzaakt ernstige oogirritatie. H317 Kan een allergische huidreactie.<br \/>\nveroorzaken. H400 Zeer giftig voor in het water levende organismen. H411 Giftig f\u00fcr im Wasser lebende<br \/>\norganismen, met langdurige gevolgen. P264 Na het werken met dit product aangetaste gebieden grondig<br \/>\nwassen. P280 Beschermende handschoenen\/beschermende kleding\/oogbescherming\/gelaatsbescherming<br \/>\ndragen. P321 Specifieke behandeling vereist (zie op dit etiket). P362 Verontreinigde kleding uittrekken.<br \/>\nP302+P352 BIJ CONTACT MET DE HUID: met veel water en zeep wassen. P332+P313 Bij huidirritatie: een arts<br \/>\nraadplegen. P305+P351+P338 BIJ CONTACT MET DE OGEN: voorzichtig afspoelen met water gedurende een<br \/>\naantal minuten; contactlenzen verwijderen, indien mogelijk; blijven spoelen. P337+P313 Bij aanhoudende<br \/>\noogirritatie: een arts raadplegen. P261 Inademing van stof\/rook\/gas\/nevel\/damp\/spuitnevel vermijden. P272<br \/>\nVerontreinigde werkkleding mag de werkruimte niet verlaten. P363 Verontreinigde kleding wassen alvorens<br \/>\ndeze opnieuw te gebruiken. P501 Inhoud\/verpakking afvoeren naar een erkende afvalinzamelaar conform<br \/>\nVLAREMA und OVAM-Regelung. P333+P313 Bij huidirritatie of uitslag: een arts raadplegen. P273 Voorkom<br \/>\nlozing in het milieu. P391 Gelekte\/gemorste stof opruimen.<\/p>\n<p>&nbsp;<\/p>\n<p><strong>Palo Santo FR<\/strong><\/p>\n<p>H315 Provoque une irritation cutan\u00e9e. H319 Provoque une s\u00e9v\u00e8re irritation des yeux. H317 Peut provoquer<br \/>\neine allergische Hautreaktion. H400 Tr\u00e8s toxique pour les organismes aquatiques. H411 Giftig f\u00fcr<br \/>\nWasserorganismen, f\u00fchrt langfristig zu unerw\u00fcnschten Wirkungen. P264 Lavez soigneusement les zones<br \/>\ntouch\u00e9es apr\u00e8s manipulation. P280 Porter des gants de protection\/des v\u00eatements de protection\/une<br \/>\nSchutz der Augen\/des Gesichts. P321 Erforderliche Sonderbehandlung (siehe Etikett). P362 Retirer les<br \/>\nverunreinigte Kleidungsst\u00fccke. P302+P352 EN CAS DE CONTACT AVEC LA PEAU : laver abondamment \u00e0 l'eau et au<br \/>\nsavon. P332+P313 En cas d'irritation cutan\u00e9e : consulter un m\u00e9decin. P305+P351+P338 EN CAS DE CONTACT<br \/>\nAVEC LES YEUX : plusieurs minutes avec pr\u00e9caution \u00e0 l'eau; retirer les lentilles si possible ;<br \/>\ncontinuer \u00e0 rincer. P337+P313 En cas d'irritation oculaire persistante : consulter un m\u00e9decin. P261 Vermeiden Sie<br \/>\nrespirer les poussi\u00e8res\/fum\u00e9es\/gaz\/brouillards\/vapeurs\/a\u00e9rosols. P272 Verunreinigte Arbeitskleidung<br \/>\nne doivent pas sortir du lieu de travail. P363 Laver les v\u00eatements contamin\u00e9s avant de les r\u00e9utiliser. P501<br \/>\nBeseitigung des Inhalts\/des Empf\u00e4ngers durch einen zugelassenen Abfallsammler gem\u00e4\u00df den gesetzlichen Bestimmungen<br \/>\nVLAREMA und OVAM. P333+P313 En cas d'irritation ou d'\u00e9ruption cutan\u00e9e : consulter un m\u00e9decin. P273 Vermeiden<br \/>\nle rejet dans l'environnement. P391 Beseitigen Sie den Stoff, der zur\u00fcckgeworfen wird.<\/p>\n<p>&nbsp;<\/p>\n<p><strong>Palo Santo ENG<\/strong><\/p>\n<p>H315 Verursacht Hautreizungen. H319 Verursacht schwere Augenreizung. H317 Kann eine allergische Hautreaktion verursachen.<br \/>\nH400 Sehr giftig f\u00fcr Wasserorganismen. H411 Giftig f\u00fcr Wasserorganismen mit langfristiger Wirkung. P264 Durch Waschen beeintr\u00e4chtigt<br \/>\nnach der Handhabung gr\u00fcndlich reinigen. P280 Schutzhandschuhe\/Schutzkleidung\/Augenschutz\/Gesichtsschutz tragen.<br \/>\nP321 Besondere Behandlung erforderlich (siehe Etikett). P362 Kontaminierte Kleidung ausziehen. P302+P352 FALLS VORHANDEN<br \/>\nHAUT: Mit reichlich Wasser und Seife waschen. P332+P313 Bei Auftreten von Hautreizungen: \u00c4rztlichen Rat einholen.<br \/>\nP305+P351+P338 BEI KONTAKT MIT DEN AUGEN: Einige Minuten lang behutsam mit Wasser aussp\u00fclen. Kontaktlinsen entfernen, wenn<br \/>\nvorhanden und leicht zu machen. Weiter aussp\u00fclen. P337+P313 Bei andauernder Augenreizung: \u00c4rztlichen Rat einholen. P261 Vermeiden<br \/>\nEinatmen von Staub\/Rauch\/Gas\/Nebel\/D\u00e4mpfen\/Aerosol. P272 Kontaminierte Arbeitskleidung sollte nicht nach drau\u00dfen gelassen werden<br \/>\ndes Arbeitsplatzes. P363 Kontaminierte Kleidung vor Wiederverwendung waschen. P501 Inhalt\/Beh\u00e4lter entsorgen \u00fcber<br \/>\nzugelassenen Entsorgungsunternehmen gem\u00e4\u00df den VLAREMA- und OVAM-Vorschriften. P333+P313 Bei Hautreizung<br \/>\noder Ausschlag auftritt: \u00c4rztlichen Rat einholen. P273 Freisetzung in die Umwelt vermeiden. P391 Versch\u00fcttetes Material aufnehmen.<\/p>","protected":false},"excerpt":{"rendered":"<p>DESCRIPTION &nbsp; Palo Santo &nbsp; Palo santo is a subtle, woody fragrance with hints of citrus and mint.\u00a0This aroma, which traditionally symbolizes a cleansing of negative energy in your house, is bound to bring you serenity. &nbsp; Top: Birch Tar Heart: Myrrh Base: Vanilla &nbsp; OUR RECOMMENDATION The use of fragrance oils will be dependant [&hellip;]<\/p>\n","protected":false},"featured_media":13833,"template":"","meta":{"_acf_changed":false,"site-sidebar-layout":"default","site-content-layout":"default","ast-site-content-layout":"default","site-content-style":"default","site-sidebar-style":"default","ast-global-header-display":"","ast-banner-title-visibility":"","ast-main-header-display":"","ast-hfb-above-header-display":"","ast-hfb-below-header-display":"","ast-hfb-mobile-header-display":"","site-post-title":"","ast-breadcrumbs-content":"","ast-featured-img":"","footer-sml-layout":"","ast-disable-related-posts":"","theme-transparent-header-meta":"default","adv-header-id-meta":"","stick-header-meta":"","header-above-stick-meta":"","header-main-stick-meta":"","header-below-stick-meta":"","astra-migrate-meta-layouts":"set","ast-page-background-enabled":"default","ast-page-background-meta":{"desktop":{"background-color":"","background-image":"","background-repeat":"repeat","background-position":"center center","background-size":"auto","background-attachment":"scroll","background-type":"","background-media":"","overlay-type":"","overlay-color":"","overlay-opacity":"","overlay-gradient":""},"tablet":{"background-color":"","background-image":"","background-repeat":"repeat","background-position":"center center","background-size":"auto","background-attachment":"scroll","background-type":"","background-media":"","overlay-type":"","overlay-color":"","overlay-opacity":"","overlay-gradient":""},"mobile":{"background-color":"","background-image":"","background-repeat":"repeat","background-position":"center center","background-size":"auto","background-attachment":"scroll","background-type":"","background-media":"","overlay-type":"","overlay-color":"","overlay-opacity":"","overlay-gradient":""}},"ast-content-background-meta":{"desktop":{"background-color":"var(--ast-global-color-5)","background-image":"","background-repeat":"repeat","background-position":"center center","background-size":"auto","background-attachment":"scroll","background-type":"","background-media":"","overlay-type":"","overlay-color":"","overlay-opacity":"","overlay-gradient":""},"tablet":{"background-color":"var(--ast-global-color-5)","background-image":"","background-repeat":"repeat","background-position":"center center","background-size":"auto","background-attachment":"scroll","background-type":"","background-media":"","overlay-type":"","overlay-color":"","overlay-opacity":"","overlay-gradient":""},"mobile":{"background-color":"var(--ast-global-color-5)","background-image":"","background-repeat":"repeat","background-position":"center center","background-size":"auto","background-attachment":"scroll","background-type":"","background-media":"","overlay-type":"","overlay-color":"","overlay-opacity":"","overlay-gradient":""}}},"product_brand":[],"product_cat":[25],"product_tag":[29,26,19,28,281,31,1426,23,30,435,20,434,27,22,321],"class_list":{"0":"post-13815","1":"product","2":"type-product","3":"status-publish","4":"has-post-thumbnail","6":"product_cat-fragrances","7":"product_tag-a05-wax","8":"product_tag-a27-wax","9":"product_tag-all-seasons-wax","10":"product_tag-cocosoy","11":"product_tag-fragrance","12":"product_tag-m12-wax","13":"product_tag-palo-santo","14":"product_tag-s100-wax","15":"product_tag-s16-wax","16":"product_tag-sandalwood","17":"product_tag-soy-wax","18":"product_tag-vanilla","19":"product_tag-vegan-wax","20":"product_tag-wax","21":"product_tag-wood","22":"desktop-align-left","23":"tablet-align-left","24":"mobile-align-left","25":"ast-product-gallery-layout-horizontal-slider","26":"ast-product-gallery-with-no-image","27":"ast-product-single-variable","28":"ast-product-tabs-layout-horizontal","30":"first","31":"outofstock","32":"taxable","33":"shipping-taxable","34":"purchasable","35":"product-type-variable"},"acf":[],"yoast_head":"<title>Palo Santo - Antwerp Luxury Candle Supplies<\/title>\n<meta name=\"robots\" content=\"index, follow, max-snippet:-1, max-image-preview:large, max-video-preview:-1\" \/>\n<link rel=\"canonical\" href=\"https:\/\/luxurycandlesupplies.eu\/de\/produkt\/palosanto\/\" \/>\n<meta property=\"og:locale\" content=\"de_DE\" \/>\n<meta property=\"og:type\" content=\"article\" \/>\n<meta property=\"og:title\" content=\"Palo Santo - Antwerp Luxury Candle Supplies\" \/>\n<meta property=\"og:description\" content=\"DESCRIPTION &nbsp; Palo Santo &nbsp; Palo santo is a subtle, woody fragrance with hints of citrus and mint.\u00a0This aroma, which traditionally symbolizes a cleansing of negative energy in your house, is bound to bring you serenity. &nbsp; Top: Birch Tar Heart: Myrrh Base: Vanilla &nbsp; OUR RECOMMENDATION The use of fragrance oils will be dependant [&hellip;]\" \/>\n<meta property=\"og:url\" content=\"https:\/\/luxurycandlesupplies.eu\/de\/produkt\/palosanto\/\" \/>\n<meta property=\"og:site_name\" content=\"Antwerp Luxury Candle Supplies\" \/>\n<meta property=\"article:publisher\" content=\"https:\/\/www.facebook.com\/Antwerpluxurycandlesupplies\/\" \/>\n<meta property=\"article:modified_time\" content=\"2026-04-17T14:50:59+00:00\" \/>\n<meta property=\"og:image\" content=\"https:\/\/luxurycandlesupplies.eu\/app\/uploads\/2023\/11\/Ontwerp-zonder-titel-2.png\" \/>\n\t<meta property=\"og:image:width\" content=\"1080\" \/>\n\t<meta property=\"og:image:height\" content=\"1080\" \/>\n\t<meta property=\"og:image:type\" content=\"image\/png\" \/>\n<meta name=\"twitter:card\" content=\"summary_large_image\" \/>\n<meta name=\"twitter:label1\" content=\"Gesch\u00e4tzte Lesezeit\" \/>\n\t<meta name=\"twitter:data1\" content=\"4 minutes\" \/>\n<script type=\"application\/ld+json\" class=\"yoast-schema-graph\">{\"@context\":\"https:\\\/\\\/schema.org\",\"@graph\":[{\"@type\":\"WebPage\",\"@id\":\"https:\\\/\\\/luxurycandlesupplies.eu\\\/product\\\/palosanto\\\/\",\"url\":\"https:\\\/\\\/luxurycandlesupplies.eu\\\/product\\\/palosanto\\\/\",\"name\":\"Palo Santo - Antwerp Luxury Candle Supplies\",\"isPartOf\":{\"@id\":\"https:\\\/\\\/luxurycandlesupplies.eu\\\/#website\"},\"primaryImageOfPage\":{\"@id\":\"https:\\\/\\\/luxurycandlesupplies.eu\\\/product\\\/palosanto\\\/#primaryimage\"},\"image\":{\"@id\":\"https:\\\/\\\/luxurycandlesupplies.eu\\\/product\\\/palosanto\\\/#primaryimage\"},\"thumbnailUrl\":\"https:\\\/\\\/luxurycandlesupplies.eu\\\/app\\\/uploads\\\/2023\\\/11\\\/Ontwerp-zonder-titel-2.png\",\"datePublished\":\"2023-11-13T09:09:50+00:00\",\"dateModified\":\"2026-04-17T14:50:59+00:00\",\"breadcrumb\":{\"@id\":\"https:\\\/\\\/luxurycandlesupplies.eu\\\/product\\\/palosanto\\\/#breadcrumb\"},\"inLanguage\":\"de-DE\",\"potentialAction\":[{\"@type\":\"ReadAction\",\"target\":[\"https:\\\/\\\/luxurycandlesupplies.eu\\\/product\\\/palosanto\\\/\"]}]},{\"@type\":\"ImageObject\",\"inLanguage\":\"de-DE\",\"@id\":\"https:\\\/\\\/luxurycandlesupplies.eu\\\/product\\\/palosanto\\\/#primaryimage\",\"url\":\"https:\\\/\\\/luxurycandlesupplies.eu\\\/app\\\/uploads\\\/2023\\\/11\\\/Ontwerp-zonder-titel-2.png\",\"contentUrl\":\"https:\\\/\\\/luxurycandlesupplies.eu\\\/app\\\/uploads\\\/2023\\\/11\\\/Ontwerp-zonder-titel-2.png\",\"width\":1080,\"height\":1080},{\"@type\":\"BreadcrumbList\",\"@id\":\"https:\\\/\\\/luxurycandlesupplies.eu\\\/product\\\/palosanto\\\/#breadcrumb\",\"itemListElement\":[{\"@type\":\"ListItem\",\"position\":1,\"name\":\"Home\",\"item\":\"https:\\\/\\\/luxurycandlesupplies.eu\\\/\"},{\"@type\":\"ListItem\",\"position\":2,\"name\":\"Shop\",\"item\":\"https:\\\/\\\/luxurycandlesupplies.eu\\\/shop\\\/\"},{\"@type\":\"ListItem\",\"position\":3,\"name\":\"Palo Santo\"}]},{\"@type\":\"WebSite\",\"@id\":\"https:\\\/\\\/luxurycandlesupplies.eu\\\/#website\",\"url\":\"https:\\\/\\\/luxurycandlesupplies.eu\\\/\",\"name\":\"Antwerp Luxury Candle Supplies\",\"description\":\"Distributor of all seasons soy wax\",\"publisher\":{\"@id\":\"https:\\\/\\\/luxurycandlesupplies.eu\\\/#organization\"},\"potentialAction\":[{\"@type\":\"SearchAction\",\"target\":{\"@type\":\"EntryPoint\",\"urlTemplate\":\"https:\\\/\\\/luxurycandlesupplies.eu\\\/?s={search_term_string}\"},\"query-input\":{\"@type\":\"PropertyValueSpecification\",\"valueRequired\":true,\"valueName\":\"search_term_string\"}}],\"inLanguage\":\"de-DE\"},{\"@type\":\"Organization\",\"@id\":\"https:\\\/\\\/luxurycandlesupplies.eu\\\/#organization\",\"name\":\"Antwerp Luxury Candle Supplies\",\"url\":\"https:\\\/\\\/luxurycandlesupplies.eu\\\/\",\"logo\":{\"@type\":\"ImageObject\",\"inLanguage\":\"de-DE\",\"@id\":\"https:\\\/\\\/luxurycandlesupplies.eu\\\/#\\\/schema\\\/logo\\\/image\\\/\",\"url\":\"https:\\\/\\\/luxurycandlesupplies.eu\\\/app\\\/uploads\\\/2022\\\/03\\\/antwerp-luxury-candle-supplies-1x.png\",\"contentUrl\":\"https:\\\/\\\/luxurycandlesupplies.eu\\\/app\\\/uploads\\\/2022\\\/03\\\/antwerp-luxury-candle-supplies-1x.png\",\"width\":330,\"height\":60,\"caption\":\"Antwerp Luxury Candle Supplies\"},\"image\":{\"@id\":\"https:\\\/\\\/luxurycandlesupplies.eu\\\/#\\\/schema\\\/logo\\\/image\\\/\"},\"sameAs\":[\"https:\\\/\\\/www.facebook.com\\\/Antwerpluxurycandlesupplies\\\/\",\"https:\\\/\\\/www.instagram.com\\\/antwerp_luxury_candle_supplies\\\/\",\"https:\\\/\\\/pin.it\\\/7joOXRW\"]}]}<\/script>","yoast_head_json":{"title":"Palo Santo - Antwerpener Luxuskerzen-Bedarf","robots":{"index":"index","follow":"follow","max-snippet":"max-snippet:-1","max-image-preview":"max-image-preview:large","max-video-preview":"max-video-preview:-1"},"canonical":"https:\/\/luxurycandlesupplies.eu\/de\/produkt\/palosanto\/","og_locale":"de_DE","og_type":"article","og_title":"Palo Santo - Antwerp Luxury Candle Supplies","og_description":"DESCRIPTION &nbsp; Palo Santo &nbsp; Palo santo is a subtle, woody fragrance with hints of citrus and mint.\u00a0This aroma, which traditionally symbolizes a cleansing of negative energy in your house, is bound to bring you serenity. &nbsp; Top: Birch Tar Heart: Myrrh Base: Vanilla &nbsp; OUR RECOMMENDATION The use of fragrance oils will be dependant [&hellip;]","og_url":"https:\/\/luxurycandlesupplies.eu\/de\/produkt\/palosanto\/","og_site_name":"Antwerp Luxury Candle Supplies","article_publisher":"https:\/\/www.facebook.com\/Antwerpluxurycandlesupplies\/","article_modified_time":"2026-04-17T14:50:59+00:00","og_image":[{"width":1080,"height":1080,"url":"https:\/\/luxurycandlesupplies.eu\/app\/uploads\/2023\/11\/Ontwerp-zonder-titel-2.png","type":"image\/png"}],"twitter_card":"summary_large_image","twitter_misc":{"Gesch\u00e4tzte Lesezeit":"4 minutes"},"schema":{"@context":"https:\/\/schema.org","@graph":[{"@type":"WebPage","@id":"https:\/\/luxurycandlesupplies.eu\/product\/palosanto\/","url":"https:\/\/luxurycandlesupplies.eu\/product\/palosanto\/","name":"Palo Santo - Antwerpener Luxuskerzen-Bedarf","isPartOf":{"@id":"https:\/\/luxurycandlesupplies.eu\/#website"},"primaryImageOfPage":{"@id":"https:\/\/luxurycandlesupplies.eu\/product\/palosanto\/#primaryimage"},"image":{"@id":"https:\/\/luxurycandlesupplies.eu\/product\/palosanto\/#primaryimage"},"thumbnailUrl":"https:\/\/luxurycandlesupplies.eu\/app\/uploads\/2023\/11\/Ontwerp-zonder-titel-2.png","datePublished":"2023-11-13T09:09:50+00:00","dateModified":"2026-04-17T14:50:59+00:00","breadcrumb":{"@id":"https:\/\/luxurycandlesupplies.eu\/product\/palosanto\/#breadcrumb"},"inLanguage":"de-DE","potentialAction":[{"@type":"ReadAction","target":["https:\/\/luxurycandlesupplies.eu\/product\/palosanto\/"]}]},{"@type":"ImageObject","inLanguage":"de-DE","@id":"https:\/\/luxurycandlesupplies.eu\/product\/palosanto\/#primaryimage","url":"https:\/\/luxurycandlesupplies.eu\/app\/uploads\/2023\/11\/Ontwerp-zonder-titel-2.png","contentUrl":"https:\/\/luxurycandlesupplies.eu\/app\/uploads\/2023\/11\/Ontwerp-zonder-titel-2.png","width":1080,"height":1080},{"@type":"BreadcrumbList","@id":"https:\/\/luxurycandlesupplies.eu\/product\/palosanto\/#breadcrumb","itemListElement":[{"@type":"ListItem","position":1,"name":"Home","item":"https:\/\/luxurycandlesupplies.eu\/"},{"@type":"ListItem","position":2,"name":"Shop","item":"https:\/\/luxurycandlesupplies.eu\/shop\/"},{"@type":"ListItem","position":3,"name":"Palo Santo"}]},{"@type":"WebSite","@id":"https:\/\/luxurycandlesupplies.eu\/#website","url":"https:\/\/luxurycandlesupplies.eu\/","name":"Antwerpener Luxus-Kerzen-Bedarf","description":"Vertreiber von Sojawachs f\u00fcr alle Jahreszeiten","publisher":{"@id":"https:\/\/luxurycandlesupplies.eu\/#organization"},"potentialAction":[{"@type":"SearchAction","target":{"@type":"EntryPoint","urlTemplate":"https:\/\/luxurycandlesupplies.eu\/?s={search_term_string}"},"query-input":{"@type":"PropertyValueSpecification","valueRequired":true,"valueName":"search_term_string"}}],"inLanguage":"de-DE"},{"@type":"Organization","@id":"https:\/\/luxurycandlesupplies.eu\/#organization","name":"Antwerpener Luxus-Kerzen-Bedarf","url":"https:\/\/luxurycandlesupplies.eu\/","logo":{"@type":"ImageObject","inLanguage":"de-DE","@id":"https:\/\/luxurycandlesupplies.eu\/#\/schema\/logo\/image\/","url":"https:\/\/luxurycandlesupplies.eu\/app\/uploads\/2022\/03\/antwerp-luxury-candle-supplies-1x.png","contentUrl":"https:\/\/luxurycandlesupplies.eu\/app\/uploads\/2022\/03\/antwerp-luxury-candle-supplies-1x.png","width":330,"height":60,"caption":"Antwerp Luxury Candle Supplies"},"image":{"@id":"https:\/\/luxurycandlesupplies.eu\/#\/schema\/logo\/image\/"},"sameAs":["https:\/\/www.facebook.com\/Antwerpluxurycandlesupplies\/","https:\/\/www.instagram.com\/antwerp_luxury_candle_supplies\/","https:\/\/pin.it\/7joOXRW"]}]}},"_links":{"self":[{"href":"https:\/\/luxurycandlesupplies.eu\/de\/wp-json\/wp\/v2\/product\/13815","targetHints":{"allow":["GET"]}}],"collection":[{"href":"https:\/\/luxurycandlesupplies.eu\/de\/wp-json\/wp\/v2\/product"}],"about":[{"href":"https:\/\/luxurycandlesupplies.eu\/de\/wp-json\/wp\/v2\/types\/product"}],"wp:featuredmedia":[{"embeddable":true,"href":"https:\/\/luxurycandlesupplies.eu\/de\/wp-json\/wp\/v2\/media\/13833"}],"wp:attachment":[{"href":"https:\/\/luxurycandlesupplies.eu\/de\/wp-json\/wp\/v2\/media?parent=13815"}],"wp:term":[{"taxonomy":"product_brand","embeddable":true,"href":"https:\/\/luxurycandlesupplies.eu\/de\/wp-json\/wp\/v2\/product_brand?post=13815"},{"taxonomy":"product_cat","embeddable":true,"href":"https:\/\/luxurycandlesupplies.eu\/de\/wp-json\/wp\/v2\/product_cat?post=13815"},{"taxonomy":"product_tag","embeddable":true,"href":"https:\/\/luxurycandlesupplies.eu\/de\/wp-json\/wp\/v2\/product_tag?post=13815"}],"curies":[{"name":"wp","href":"https:\/\/api.w.org\/{rel}","templated":true}]}}