{"id":14077,"date":"2023-11-24T09:02:22","date_gmt":"2023-11-24T08:02:22","guid":{"rendered":"https:\/\/luxurycandlesupplies.eu\/?post_type=product&#038;p=14077"},"modified":"2026-02-12T09:37:58","modified_gmt":"2026-02-12T08:37:58","slug":"kleiner-kunststoffdeckel-rosegold-kopie","status":"publish","type":"product","link":"https:\/\/luxurycandlesupplies.eu\/de\/product\/small-plastic-lid-rose-gold-copy\/","title":{"rendered":"Kleiner Plastikdeckel - Ros\u00e9 Gold"},"content":{"rendered":"<div class=\"woocommerce-tabs wc-tabs-wrapper\">\n<div id=\"tab-description\" class=\"woocommerce-Tabs-panel woocommerce-Tabs-panel--description panel entry-content wc-tab\" role=\"tabpanel\" aria-labelledby=\"tab-title-description\">\n<h2>BESCHREIBUNG<\/h2>\n<hr \/>\n<div><\/div>\n<p>Die Deckel von Luxury Candle Supplies sind die perfekten Begleiter f\u00fcr Kerzen - sie verleihen den Gl\u00e4sern ein komplettes Finish und bieten die perfekte Position f\u00fcr Ihr Branding.<\/p>\n<p>Wussten Sie, dass unsere Deckel neben der ansprechenden \u00c4sthetik auch ein funktionales Element haben?<br \/>\nDie Verwendung eines Deckels tr\u00e4gt dazu bei, den Duft zu versiegeln, wodurch die gegossene Kerze l\u00e4nger haltbar ist und einen st\u00e4rkeren Duft abgibt.<br \/>\nSo wird der Transport zu und von den M\u00e4rkten oder die Lieferung an die Kunden zu einem Kinderspiel.<\/p>\n<p>&nbsp;<\/p>\n<h3>SPEZIFIKATIONEN<\/h3>\n<hr \/>\n<p>Die Deckel sind die perfekten Begleiter f\u00fcr Kerzen - sie geben den Gl\u00e4sern ein komplettes Finish und bieten die perfekte Position f\u00fcr Ihr Branding.<\/p>\n<p>Wussten Sie, dass unsere Deckel neben der ansprechenden \u00c4sthetik auch ein funktionelles Element haben? Die Verwendung eines Deckels tr\u00e4gt dazu bei, den Duft zu versiegeln, wodurch Ihre gegossene Kerze eine l\u00e4ngere Haltbarkeit und einen st\u00e4rkeren Duft erh\u00e4lt! So wird der Transport zu und von M\u00e4rkten oder die Lieferung an Kunden zu einem Kinderspiel!<\/p>\n<p><strong>Abmessungen<\/strong>: 82mm x 82mm x 15mm<br \/>\n<strong>Gewicht<\/strong>: 50g<\/p>\n<p><strong>Geeignet f\u00fcr:<br \/>\n<\/strong><a href=\"https:\/\/luxurycandlesupplies.eu\/de\/produktkategorie\/kerzenstander\/vogue-kollektion\/vogue-klein\/\">Klein Vogue<\/a><\/p>\n<p>&nbsp;<\/p>\n<\/div>\n<\/div>","protected":false},"excerpt":{"rendered":"<h2>BESCHREIBUNG<\/h2>\n<p>&nbsp;<\/p>\n<p>Die Deckel sind die perfekten Begleiter f\u00fcr Kerzen - sie geben den Gl\u00e4sern ein komplettes Finish und bieten die perfekte Position f\u00fcr Ihr Branding.<\/p>\n<p>Wussten Sie, dass unsere Deckel neben der ansprechenden \u00c4sthetik auch ein funktionelles Element haben? Die Verwendung eines Deckels tr\u00e4gt dazu bei, den Duft zu versiegeln, wodurch Ihre gegossene Kerze eine l\u00e4ngere Haltbarkeit und einen st\u00e4rkeren Duft erh\u00e4lt! So wird der Transport zu und von M\u00e4rkten oder die Lieferung an Kunden zu einem Kinderspiel!<\/p>\n<p><strong>Abmessungen<\/strong>: 82mm x 82mm x 15mm<br \/>\n<strong>Gewicht<\/strong>: 50g<\/p>\n<p><strong>Geeignet f\u00fcr:<br \/>\n<\/strong><a href=\"https:\/\/luxurycandlesupplies.eu\/de\/produktkategorie\/kerzenstander\/vogue-kollektion\/vogue-klein\/\">Klein Vogue<\/a><\/p>\n<p>&nbsp;<\/p>\n<p>&nbsp;<\/p>","protected":false},"featured_media":1946,"template":"","meta":{"_acf_changed":false,"site-sidebar-layout":"default","site-content-layout":"default","ast-site-content-layout":"default","site-content-style":"default","site-sidebar-style":"default","ast-global-header-display":"","ast-banner-title-visibility":"","ast-main-header-display":"","ast-hfb-above-header-display":"","ast-hfb-below-header-display":"","ast-hfb-mobile-header-display":"","site-post-title":"","ast-breadcrumbs-content":"","ast-featured-img":"","footer-sml-layout":"","ast-disable-related-posts":"","theme-transparent-header-meta":"default","adv-header-id-meta":"","stick-header-meta":"","header-above-stick-meta":"","header-main-stick-meta":"","header-below-stick-meta":"","astra-migrate-meta-layouts":"set","ast-page-background-enabled":"default","ast-page-background-meta":{"desktop":{"background-color":"","background-image":"","background-repeat":"repeat","background-position":"center center","background-size":"auto","background-attachment":"scroll","background-type":"","background-media":"","overlay-type":"","overlay-color":"","overlay-opacity":"","overlay-gradient":""},"tablet":{"background-color":"","background-image":"","background-repeat":"repeat","background-position":"center center","background-size":"auto","background-attachment":"scroll","background-type":"","background-media":"","overlay-type":"","overlay-color":"","overlay-opacity":"","overlay-gradient":""},"mobile":{"background-color":"","background-image":"","background-repeat":"repeat","background-position":"center center","background-size":"auto","background-attachment":"scroll","background-type":"","background-media":"","overlay-type":"","overlay-color":"","overlay-opacity":"","overlay-gradient":""}},"ast-content-background-meta":{"desktop":{"background-color":"var(--ast-global-color-5)","background-image":"","background-repeat":"repeat","background-position":"center center","background-size":"auto","background-attachment":"scroll","background-type":"","background-media":"","overlay-type":"","overlay-color":"","overlay-opacity":"","overlay-gradient":""},"tablet":{"background-color":"var(--ast-global-color-5)","background-image":"","background-repeat":"repeat","background-position":"center center","background-size":"auto","background-attachment":"scroll","background-type":"","background-media":"","overlay-type":"","overlay-color":"","overlay-opacity":"","overlay-gradient":""},"mobile":{"background-color":"var(--ast-global-color-5)","background-image":"","background-repeat":"repeat","background-position":"center center","background-size":"auto","background-attachment":"scroll","background-type":"","background-media":"","overlay-type":"","overlay-color":"","overlay-opacity":"","overlay-gradient":""}}},"product_brand":[],"product_cat":[444,1578,250,72],"product_tag":[364,1454,292,139],"class_list":{"0":"post-14077","1":"product","2":"type-product","3":"status-publish","4":"has-post-thumbnail","6":"product_cat-candle-lids-2","7":"product_cat-candle-lids-packaging-lids","8":"product_cat-candle-lids","9":"product_cat-urban-collection","10":"product_tag-lid","11":"product_tag-rose","12":"product_tag-rose-gold","13":"product_tag-small-vogue","14":"desktop-align-left","15":"tablet-align-left","16":"mobile-align-left","17":"ast-product-gallery-layout-horizontal-slider","18":"ast-product-gallery-with-no-image","19":"ast-product-tabs-layout-horizontal","21":"first","22":"outofstock","23":"taxable","24":"shipping-taxable","25":"purchasable","26":"product-type-simple"},"acf":[],"yoast_head":"<title>Small Plastic Lid - Ros\u00e9 Gold - Antwerp Luxury Candle Supplies<\/title>\n<meta name=\"description\" content=\"Large Plastic Lid Ros\u00e9 Gold, suitable for Large Vogue Vessels &amp; the Large Urban Collection\" \/>\n<meta name=\"robots\" content=\"index, follow, max-snippet:-1, max-image-preview:large, max-video-preview:-1\" \/>\n<link rel=\"canonical\" href=\"https:\/\/luxurycandlesupplies.eu\/de\/produkt\/kleiner-kunststoffdeckel-rosegold-kopie\/\" \/>\n<meta property=\"og:locale\" content=\"de_DE\" \/>\n<meta property=\"og:type\" content=\"article\" \/>\n<meta property=\"og:title\" content=\"Small Plastic Lid - Ros\u00e9 Gold - Antwerp Luxury Candle Supplies\" \/>\n<meta property=\"og:description\" content=\"Large Plastic Lid Ros\u00e9 Gold, suitable for Large Vogue Vessels &amp; the Large Urban Collection\" \/>\n<meta property=\"og:url\" content=\"https:\/\/luxurycandlesupplies.eu\/de\/produkt\/kleiner-kunststoffdeckel-rosegold-kopie\/\" \/>\n<meta property=\"og:site_name\" content=\"Antwerp Luxury Candle Supplies\" \/>\n<meta property=\"article:publisher\" content=\"https:\/\/www.facebook.com\/Antwerpluxurycandlesupplies\/\" \/>\n<meta property=\"article:modified_time\" content=\"2026-02-12T08:37:58+00:00\" \/>\n<meta property=\"og:image\" content=\"https:\/\/luxurycandlesupplies.eu\/app\/uploads\/2022\/04\/Lid-Plastic-Rose-Gold-e1439113250494-270x270-1.jpg\" \/>\n\t<meta property=\"og:image:width\" content=\"270\" \/>\n\t<meta property=\"og:image:height\" content=\"270\" \/>\n\t<meta property=\"og:image:type\" content=\"image\/jpeg\" \/>\n<meta name=\"twitter:card\" content=\"summary_large_image\" \/>\n<meta name=\"twitter:label1\" content=\"Gesch\u00e4tzte Lesezeit\" \/>\n\t<meta name=\"twitter:data1\" content=\"1 minute\" \/>\n<script type=\"application\/ld+json\" class=\"yoast-schema-graph\">{\"@context\":\"https:\\\/\\\/schema.org\",\"@graph\":[{\"@type\":\"WebPage\",\"@id\":\"https:\\\/\\\/luxurycandlesupplies.eu\\\/product\\\/small-plastic-lid-rose-gold-copy\\\/\",\"url\":\"https:\\\/\\\/luxurycandlesupplies.eu\\\/product\\\/small-plastic-lid-rose-gold-copy\\\/\",\"name\":\"Small Plastic Lid - Ros\u00e9 Gold - Antwerp Luxury Candle Supplies\",\"isPartOf\":{\"@id\":\"https:\\\/\\\/luxurycandlesupplies.eu\\\/#website\"},\"primaryImageOfPage\":{\"@id\":\"https:\\\/\\\/luxurycandlesupplies.eu\\\/product\\\/small-plastic-lid-rose-gold-copy\\\/#primaryimage\"},\"image\":{\"@id\":\"https:\\\/\\\/luxurycandlesupplies.eu\\\/product\\\/small-plastic-lid-rose-gold-copy\\\/#primaryimage\"},\"thumbnailUrl\":\"https:\\\/\\\/luxurycandlesupplies.eu\\\/app\\\/uploads\\\/2022\\\/04\\\/Lid-Plastic-Rose-Gold-e1439113250494-270x270-1.jpg\",\"datePublished\":\"2023-11-24T08:02:22+00:00\",\"dateModified\":\"2026-02-12T08:37:58+00:00\",\"description\":\"Large Plastic Lid Ros\u00e9 Gold, suitable for Large Vogue Vessels & the Large Urban Collection\",\"breadcrumb\":{\"@id\":\"https:\\\/\\\/luxurycandlesupplies.eu\\\/product\\\/small-plastic-lid-rose-gold-copy\\\/#breadcrumb\"},\"inLanguage\":\"de-DE\",\"potentialAction\":[{\"@type\":\"ReadAction\",\"target\":[\"https:\\\/\\\/luxurycandlesupplies.eu\\\/product\\\/small-plastic-lid-rose-gold-copy\\\/\"]}]},{\"@type\":\"ImageObject\",\"inLanguage\":\"de-DE\",\"@id\":\"https:\\\/\\\/luxurycandlesupplies.eu\\\/product\\\/small-plastic-lid-rose-gold-copy\\\/#primaryimage\",\"url\":\"https:\\\/\\\/luxurycandlesupplies.eu\\\/app\\\/uploads\\\/2022\\\/04\\\/Lid-Plastic-Rose-Gold-e1439113250494-270x270-1.jpg\",\"contentUrl\":\"https:\\\/\\\/luxurycandlesupplies.eu\\\/app\\\/uploads\\\/2022\\\/04\\\/Lid-Plastic-Rose-Gold-e1439113250494-270x270-1.jpg\",\"width\":270,\"height\":270},{\"@type\":\"BreadcrumbList\",\"@id\":\"https:\\\/\\\/luxurycandlesupplies.eu\\\/product\\\/small-plastic-lid-rose-gold-copy\\\/#breadcrumb\",\"itemListElement\":[{\"@type\":\"ListItem\",\"position\":1,\"name\":\"Home\",\"item\":\"https:\\\/\\\/luxurycandlesupplies.eu\\\/\"},{\"@type\":\"ListItem\",\"position\":2,\"name\":\"Shop\",\"item\":\"https:\\\/\\\/luxurycandlesupplies.eu\\\/shop\\\/\"},{\"@type\":\"ListItem\",\"position\":3,\"name\":\"Small Plastic Lid &#8211; Ros\u00e9 Gold\"}]},{\"@type\":\"WebSite\",\"@id\":\"https:\\\/\\\/luxurycandlesupplies.eu\\\/#website\",\"url\":\"https:\\\/\\\/luxurycandlesupplies.eu\\\/\",\"name\":\"Antwerp Luxury Candle Supplies\",\"description\":\"Distributor of all seasons soy wax\",\"publisher\":{\"@id\":\"https:\\\/\\\/luxurycandlesupplies.eu\\\/#organization\"},\"potentialAction\":[{\"@type\":\"SearchAction\",\"target\":{\"@type\":\"EntryPoint\",\"urlTemplate\":\"https:\\\/\\\/luxurycandlesupplies.eu\\\/?s={search_term_string}\"},\"query-input\":{\"@type\":\"PropertyValueSpecification\",\"valueRequired\":true,\"valueName\":\"search_term_string\"}}],\"inLanguage\":\"de-DE\"},{\"@type\":\"Organization\",\"@id\":\"https:\\\/\\\/luxurycandlesupplies.eu\\\/#organization\",\"name\":\"Antwerp Luxury Candle Supplies\",\"url\":\"https:\\\/\\\/luxurycandlesupplies.eu\\\/\",\"logo\":{\"@type\":\"ImageObject\",\"inLanguage\":\"de-DE\",\"@id\":\"https:\\\/\\\/luxurycandlesupplies.eu\\\/#\\\/schema\\\/logo\\\/image\\\/\",\"url\":\"https:\\\/\\\/luxurycandlesupplies.eu\\\/app\\\/uploads\\\/2022\\\/03\\\/antwerp-luxury-candle-supplies-1x.png\",\"contentUrl\":\"https:\\\/\\\/luxurycandlesupplies.eu\\\/app\\\/uploads\\\/2022\\\/03\\\/antwerp-luxury-candle-supplies-1x.png\",\"width\":330,\"height\":60,\"caption\":\"Antwerp Luxury Candle Supplies\"},\"image\":{\"@id\":\"https:\\\/\\\/luxurycandlesupplies.eu\\\/#\\\/schema\\\/logo\\\/image\\\/\"},\"sameAs\":[\"https:\\\/\\\/www.facebook.com\\\/Antwerpluxurycandlesupplies\\\/\",\"https:\\\/\\\/www.instagram.com\\\/antwerp_luxury_candle_supplies\\\/\",\"https:\\\/\\\/pin.it\\\/7joOXRW\"]}]}<\/script>","yoast_head_json":{"title":"Kleiner Plastikdeckel - Ros\u00e9 Gold - Antwerp Luxury Candle Supplies","description":"Gro\u00dfer Kunststoffdeckel Ros\u00e9 Gold, passend f\u00fcr gro\u00dfe Vogue-Gef\u00e4\u00dfe und die gro\u00dfe Urban-Kollektion","robots":{"index":"index","follow":"follow","max-snippet":"max-snippet:-1","max-image-preview":"max-image-preview:large","max-video-preview":"max-video-preview:-1"},"canonical":"https:\/\/luxurycandlesupplies.eu\/de\/produkt\/kleiner-kunststoffdeckel-rosegold-kopie\/","og_locale":"de_DE","og_type":"article","og_title":"Small Plastic Lid - Ros\u00e9 Gold - Antwerp Luxury Candle Supplies","og_description":"Large Plastic Lid Ros\u00e9 Gold, suitable for Large Vogue Vessels & the Large Urban Collection","og_url":"https:\/\/luxurycandlesupplies.eu\/de\/produkt\/kleiner-kunststoffdeckel-rosegold-kopie\/","og_site_name":"Antwerp Luxury Candle Supplies","article_publisher":"https:\/\/www.facebook.com\/Antwerpluxurycandlesupplies\/","article_modified_time":"2026-02-12T08:37:58+00:00","og_image":[{"width":270,"height":270,"url":"https:\/\/luxurycandlesupplies.eu\/app\/uploads\/2022\/04\/Lid-Plastic-Rose-Gold-e1439113250494-270x270-1.jpg","type":"image\/jpeg"}],"twitter_card":"summary_large_image","twitter_misc":{"Gesch\u00e4tzte Lesezeit":"1 minute"},"schema":{"@context":"https:\/\/schema.org","@graph":[{"@type":"WebPage","@id":"https:\/\/luxurycandlesupplies.eu\/product\/small-plastic-lid-rose-gold-copy\/","url":"https:\/\/luxurycandlesupplies.eu\/product\/small-plastic-lid-rose-gold-copy\/","name":"Kleiner Plastikdeckel - Ros\u00e9 Gold - Antwerp Luxury Candle Supplies","isPartOf":{"@id":"https:\/\/luxurycandlesupplies.eu\/#website"},"primaryImageOfPage":{"@id":"https:\/\/luxurycandlesupplies.eu\/product\/small-plastic-lid-rose-gold-copy\/#primaryimage"},"image":{"@id":"https:\/\/luxurycandlesupplies.eu\/product\/small-plastic-lid-rose-gold-copy\/#primaryimage"},"thumbnailUrl":"https:\/\/luxurycandlesupplies.eu\/app\/uploads\/2022\/04\/Lid-Plastic-Rose-Gold-e1439113250494-270x270-1.jpg","datePublished":"2023-11-24T08:02:22+00:00","dateModified":"2026-02-12T08:37:58+00:00","description":"Gro\u00dfer Kunststoffdeckel Ros\u00e9 Gold, passend f\u00fcr gro\u00dfe Vogue-Gef\u00e4\u00dfe und die gro\u00dfe Urban-Kollektion","breadcrumb":{"@id":"https:\/\/luxurycandlesupplies.eu\/product\/small-plastic-lid-rose-gold-copy\/#breadcrumb"},"inLanguage":"de-DE","potentialAction":[{"@type":"ReadAction","target":["https:\/\/luxurycandlesupplies.eu\/product\/small-plastic-lid-rose-gold-copy\/"]}]},{"@type":"ImageObject","inLanguage":"de-DE","@id":"https:\/\/luxurycandlesupplies.eu\/product\/small-plastic-lid-rose-gold-copy\/#primaryimage","url":"https:\/\/luxurycandlesupplies.eu\/app\/uploads\/2022\/04\/Lid-Plastic-Rose-Gold-e1439113250494-270x270-1.jpg","contentUrl":"https:\/\/luxurycandlesupplies.eu\/app\/uploads\/2022\/04\/Lid-Plastic-Rose-Gold-e1439113250494-270x270-1.jpg","width":270,"height":270},{"@type":"BreadcrumbList","@id":"https:\/\/luxurycandlesupplies.eu\/product\/small-plastic-lid-rose-gold-copy\/#breadcrumb","itemListElement":[{"@type":"ListItem","position":1,"name":"Home","item":"https:\/\/luxurycandlesupplies.eu\/"},{"@type":"ListItem","position":2,"name":"Shop","item":"https:\/\/luxurycandlesupplies.eu\/shop\/"},{"@type":"ListItem","position":3,"name":"Small Plastic Lid &#8211; Ros\u00e9 Gold"}]},{"@type":"WebSite","@id":"https:\/\/luxurycandlesupplies.eu\/#website","url":"https:\/\/luxurycandlesupplies.eu\/","name":"Antwerpener Luxus-Kerzen-Bedarf","description":"Vertreiber von Sojawachs f\u00fcr alle Jahreszeiten","publisher":{"@id":"https:\/\/luxurycandlesupplies.eu\/#organization"},"potentialAction":[{"@type":"SearchAction","target":{"@type":"EntryPoint","urlTemplate":"https:\/\/luxurycandlesupplies.eu\/?s={search_term_string}"},"query-input":{"@type":"PropertyValueSpecification","valueRequired":true,"valueName":"search_term_string"}}],"inLanguage":"de-DE"},{"@type":"Organization","@id":"https:\/\/luxurycandlesupplies.eu\/#organization","name":"Antwerpener Luxus-Kerzen-Bedarf","url":"https:\/\/luxurycandlesupplies.eu\/","logo":{"@type":"ImageObject","inLanguage":"de-DE","@id":"https:\/\/luxurycandlesupplies.eu\/#\/schema\/logo\/image\/","url":"https:\/\/luxurycandlesupplies.eu\/app\/uploads\/2022\/03\/antwerp-luxury-candle-supplies-1x.png","contentUrl":"https:\/\/luxurycandlesupplies.eu\/app\/uploads\/2022\/03\/antwerp-luxury-candle-supplies-1x.png","width":330,"height":60,"caption":"Antwerp Luxury Candle Supplies"},"image":{"@id":"https:\/\/luxurycandlesupplies.eu\/#\/schema\/logo\/image\/"},"sameAs":["https:\/\/www.facebook.com\/Antwerpluxurycandlesupplies\/","https:\/\/www.instagram.com\/antwerp_luxury_candle_supplies\/","https:\/\/pin.it\/7joOXRW"]}]}},"_links":{"self":[{"href":"https:\/\/luxurycandlesupplies.eu\/de\/wp-json\/wp\/v2\/product\/14077","targetHints":{"allow":["GET"]}}],"collection":[{"href":"https:\/\/luxurycandlesupplies.eu\/de\/wp-json\/wp\/v2\/product"}],"about":[{"href":"https:\/\/luxurycandlesupplies.eu\/de\/wp-json\/wp\/v2\/types\/product"}],"wp:featuredmedia":[{"embeddable":true,"href":"https:\/\/luxurycandlesupplies.eu\/de\/wp-json\/wp\/v2\/media\/1946"}],"wp:attachment":[{"href":"https:\/\/luxurycandlesupplies.eu\/de\/wp-json\/wp\/v2\/media?parent=14077"}],"wp:term":[{"taxonomy":"product_brand","embeddable":true,"href":"https:\/\/luxurycandlesupplies.eu\/de\/wp-json\/wp\/v2\/product_brand?post=14077"},{"taxonomy":"product_cat","embeddable":true,"href":"https:\/\/luxurycandlesupplies.eu\/de\/wp-json\/wp\/v2\/product_cat?post=14077"},{"taxonomy":"product_tag","embeddable":true,"href":"https:\/\/luxurycandlesupplies.eu\/de\/wp-json\/wp\/v2\/product_tag?post=14077"}],"curies":[{"name":"wp","href":"https:\/\/api.w.org\/{rel}","templated":true}]}}