{"id":15778,"date":"2024-04-18T15:22:08","date_gmt":"2024-04-18T13:22:08","guid":{"rendered":"https:\/\/luxurycandlesupplies.eu\/?post_type=product&#038;p=15778"},"modified":"2026-05-13T09:53:49","modified_gmt":"2026-05-13T07:53:49","slug":"kerzenziehkurs","status":"publish","type":"product","link":"https:\/\/luxurycandlesupplies.eu\/de\/product\/candle-making-course\/","title":{"rendered":"Live-Kurs zur Kerzenherstellung @ Candle Academy Antwerpen"},"content":{"rendered":"<h5 class=\"heading-style-h1\" data-w-id=\"994d7e79-7004-9e15-0930-8237e167dec4\">Herstellung von Duftkerzen in Beh\u00e4ltern<\/h5>\n<div class=\"margin-bottom margin-medium\">\n<p class=\"paragraph\" data-w-id=\"994d7e79-7004-9e15-0930-8237e167dec8\">Erleben Sie einen unterhaltsamen Tag, an dem Sie lernen, herrlich duftende Beh\u00e4lterkerzen herzustellen.<\/p>\n<p class=\"paragraph\" data-w-id=\"994d7e79-7004-9e15-0930-8237e167dec8\">In diesem Kerzenherstellungskurs werden Sie nat\u00fcrliche Sojawachse verwenden, um eine Vielzahl von Beh\u00e4lterkerzen herzustellen.<\/p>\n<\/div>\n<h5 class=\"heading-style-h1\" data-w-id=\"92d7c66c-4964-8cf0-e5ad-df3be8748136\">Stumpenkerzen herstellen Klasse<\/h5>\n<div class=\"margin-bottom margin-medium\">\n<p class=\"paragraph\" data-w-id=\"92d7c66c-4964-8cf0-e5ad-df3be874813a\">Wenn Sie die klassische Eleganz von Stumpenkerzen lieben oder lernen m\u00f6chten, wie man geformte Designer-Kerzen herstellt, ist dieser Kurs genau das Richtige f\u00fcr Sie!<\/p>\n<p class=\"paragraph\" data-w-id=\"92d7c66c-4964-8cf0-e5ad-df3be874813a\">Wir zeigen Ihnen, wie Sie Ihre eigenen beeindruckenden Guss- und Stumpenkerzen herstellen k\u00f6nnen.<\/p>\n<\/div>\n<h5>Parf\u00fcmierte Melts herstellen<\/h5>\n<p>Lernen Sie, wie Sie Ihre eigene Duftschmelze herstellen k\u00f6nnen. Die kreativen M\u00f6glichkeiten mit Wachsschmelzen sind endlos!<\/p>\n<p>Es gibt nicht nur viele M\u00f6glichkeiten f\u00fcr verschiedene Formen, Farben und D\u00fcfte, sondern Sie k\u00f6nnen Wachsschmelzen und -torten auch mit pflanzlichen Stoffen, Glimmern und Glitter versehen.<\/p>\n<h5>Duftzerst\u00e4uber herstellen<\/h5>\n<p>Entdecken Sie die Kunst der Herstellung eigener Diffusoren in unserem Workshop, in dem Sie lernen, wie man \u00e4therische \u00d6le mischt und personalisierte Diffusoren herstellt.<\/p>\n<h5><\/h5>\n<p>&nbsp;<\/p>\n<p>&nbsp;<\/p>\n<p>&nbsp;<\/p>","protected":false},"excerpt":{"rendered":"<p>1TP11Denken Sie daran, Ihr eigenes Kerzengesch\u00e4ft zu gr\u00fcnden? Tauchen Sie ein in die zauberhafte Welt der Kerzenherstellung mit unseren professionellen Ausbildungskursen in Antwerpen!<\/p>\n<p>Egal, ob Sie ein Hobbyist oder ein angehender Kerzenunternehmer sind, unsere Kerzenherstellungsseminare sind so konzipiert, dass Sie alle erforderlichen F\u00e4higkeiten erlernen.<\/p>\n<p><strong>Was Sie lernen werden:<\/strong><\/p>\n<ul>\n<li><strong>Auswahl des Wachses:<\/strong>\u00a0Die verschiedenen Arten von Sojawachs und ihre Verwendungszwecke kennen lernen.<\/li>\n<li><strong>Meisterhaftes Parf\u00fcm:<\/strong>\u00a0Lernen Sie, wie Sie D\u00fcfte f\u00fcr Ihre Kerzen ausw\u00e4hlen und verwenden, um bezaubernde Aromen zu erzeugen.<\/li>\n<li><strong>Farbe mischen:<\/strong>\u00a0Erwerben Sie das Wissen, wie Sie Farben mischen, um den perfekten Look f\u00fcr Ihre Kerzen zu erzielen.<\/li>\n<li><strong>Dochtplatzierung:<\/strong>\u00a0Entdecken Sie, wie wichtig die Wahl des richtigen Dochts f\u00fcr die verschiedenen Kerzentypen ist.<\/li>\n<li><strong>Schimmeltechniken:<\/strong>\u00a0Machen Sie praktische Erfahrungen mit verschiedenen Formen, um Ihre einzigartigen Kreationen zu gestalten.<\/li>\n<\/ul>\n<p><strong>Erstellen Sie Ihr eigenes:<\/strong><\/p>\n<ul>\n<li>2 Duftkerzen mit 2 verschiedenen Wachsen, Holzdocht und Baumwolldocht.<\/li>\n<li>1 Stumpenkerze<\/li>\n<li>1 Satz Wachsschmelzen<\/li>\n<li>Diffusor<\/li>\n<\/ul>\n<p>Dieser Kurs ist Ihr Einstieg, um die Kerzenherstellung von einem Handwerk in ein bl\u00fchendes Gesch\u00e4ft zu verwandeln.<\/p>\n<p>Der Unterricht findet in Brecht, im Norden von Antwerpen, statt.<\/p>\n<p>Begrenzte Pl\u00e4tze (8 Teilnehmer), um eine pers\u00f6nliche Betreuung zu gew\u00e4hrleisten.<\/p>\n<p><strong>Dieser Kerzenziehkurs wird nur auf Niederl\u00e4ndisch abgehalten.<\/strong><\/p>","protected":false},"featured_media":18758,"template":"","meta":{"_acf_changed":false,"site-sidebar-layout":"default","site-content-layout":"default","ast-site-content-layout":"default","site-content-style":"default","site-sidebar-style":"default","ast-global-header-display":"","ast-banner-title-visibility":"","ast-main-header-display":"","ast-hfb-above-header-display":"","ast-hfb-below-header-display":"","ast-hfb-mobile-header-display":"","site-post-title":"","ast-breadcrumbs-content":"","ast-featured-img":"","footer-sml-layout":"","ast-disable-related-posts":"","theme-transparent-header-meta":"default","adv-header-id-meta":"","stick-header-meta":"","header-above-stick-meta":"","header-main-stick-meta":"","header-below-stick-meta":"","astra-migrate-meta-layouts":"set","ast-page-background-enabled":"default","ast-page-background-meta":{"desktop":{"background-color":"","background-image":"","background-repeat":"repeat","background-position":"center center","background-size":"auto","background-attachment":"scroll","background-type":"","background-media":"","overlay-type":"","overlay-color":"","overlay-opacity":"","overlay-gradient":""},"tablet":{"background-color":"","background-image":"","background-repeat":"repeat","background-position":"center center","background-size":"auto","background-attachment":"scroll","background-type":"","background-media":"","overlay-type":"","overlay-color":"","overlay-opacity":"","overlay-gradient":""},"mobile":{"background-color":"","background-image":"","background-repeat":"repeat","background-position":"center center","background-size":"auto","background-attachment":"scroll","background-type":"","background-media":"","overlay-type":"","overlay-color":"","overlay-opacity":"","overlay-gradient":""}},"ast-content-background-meta":{"desktop":{"background-color":"var(--ast-global-color-5)","background-image":"","background-repeat":"repeat","background-position":"center center","background-size":"auto","background-attachment":"scroll","background-type":"","background-media":"","overlay-type":"","overlay-color":"","overlay-opacity":"","overlay-gradient":""},"tablet":{"background-color":"var(--ast-global-color-5)","background-image":"","background-repeat":"repeat","background-position":"center center","background-size":"auto","background-attachment":"scroll","background-type":"","background-media":"","overlay-type":"","overlay-color":"","overlay-opacity":"","overlay-gradient":""},"mobile":{"background-color":"var(--ast-global-color-5)","background-image":"","background-repeat":"repeat","background-position":"center center","background-size":"auto","background-attachment":"scroll","background-type":"","background-media":"","overlay-type":"","overlay-color":"","overlay-opacity":"","overlay-gradient":""}}},"product_brand":[],"product_cat":[333,1620],"product_tag":[337,335,334,338,336],"class_list":{"0":"post-15778","1":"product","2":"type-product","3":"status-publish","4":"has-post-thumbnail","6":"product_cat-candle-making-class","7":"product_cat-candle-making-courses","8":"product_tag-candle-course","9":"product_tag-candle-making","10":"product_tag-class","11":"product_tag-frosa-katsis","12":"product_tag-online-candle-making-class","13":"desktop-align-left","14":"tablet-align-left","15":"mobile-align-left","16":"ast-product-gallery-layout-horizontal-slider","17":"ast-product-single-variable","18":"ast-product-tabs-layout-horizontal","20":"first","21":"instock","22":"taxable","23":"shipping-taxable","24":"purchasable","25":"product-type-variable"},"acf":[],"yoast_head":"<title>Live Candle Making Course @ Candle Academy Antwerp - Antwerp Luxury Candle Supplies<\/title>\n<meta name=\"robots\" content=\"index, follow, max-snippet:-1, max-image-preview:large, max-video-preview:-1\" \/>\n<link rel=\"canonical\" href=\"https:\/\/luxurycandlesupplies.eu\/de\/produkt\/kerzenziehkurs\/\" \/>\n<meta property=\"og:locale\" content=\"de_DE\" \/>\n<meta property=\"og:type\" content=\"article\" \/>\n<meta property=\"og:title\" content=\"Live Candle Making Course @ Candle Academy Antwerp - Antwerp Luxury Candle Supplies\" \/>\n<meta property=\"og:description\" content=\"Dreaming of starting your own candle business? Dive into the enchanting world of candle making with our professional training courses bases in Antwerp!  Whether you\u2019re a hobbyist or an aspiring candle entrepreneur, our candle making sessions are designed to equip you with all the skills you need.  What You Will Learn:   Wax Selection:\u00a0Understand the various types of Soy Wax and their uses.  Fragrance Mastery:\u00a0Learn how to select and use scents in your candles to create captivating aromas.  Color Mixing:\u00a0Gain the knowledge to mix colours to achieve the perfect look for your candles.  Wick Placement:\u00a0Discover the importance of choosing the right wick for different types of candles.  Mold Techniques:\u00a0Get hands-on experience with different molds to shape your unique creations.  Create Your Own:   2 Scented Candles with 2 different waxes, woodwick and cotton wick.  1 Pillar Candle  1 set of Wax Melts  Diffuser  This course is your gateway to turning candle making from a craft into a blooming business.  Classes are held in Brecht, located in the North of Antwerp.  Limited spots available (8 students),\u00a0 to ensure personalized guidance.  This\u00a0Candle Making Course will be given in Dutch only.\" \/>\n<meta property=\"og:url\" content=\"https:\/\/luxurycandlesupplies.eu\/de\/produkt\/kerzenziehkurs\/\" \/>\n<meta property=\"og:site_name\" content=\"Antwerp Luxury Candle Supplies\" \/>\n<meta property=\"article:publisher\" content=\"https:\/\/www.facebook.com\/Antwerpluxurycandlesupplies\/\" \/>\n<meta property=\"article:modified_time\" content=\"2026-05-13T07:53:49+00:00\" \/>\n<meta property=\"og:image\" content=\"https:\/\/luxurycandlesupplies.eu\/app\/uploads\/2024\/04\/Kopie-van-Candle-Making-Class-2.jpg\" \/>\n\t<meta property=\"og:image:width\" content=\"1080\" \/>\n\t<meta property=\"og:image:height\" content=\"1080\" \/>\n\t<meta property=\"og:image:type\" content=\"image\/jpeg\" \/>\n<meta name=\"twitter:card\" content=\"summary_large_image\" \/>\n<meta name=\"twitter:label1\" content=\"Gesch\u00e4tzte Lesezeit\" \/>\n\t<meta name=\"twitter:data1\" content=\"1 minute\" \/>\n<script type=\"application\/ld+json\" class=\"yoast-schema-graph\">{\"@context\":\"https:\\\/\\\/schema.org\",\"@graph\":[{\"@type\":\"WebPage\",\"@id\":\"https:\\\/\\\/luxurycandlesupplies.eu\\\/product\\\/candle-making-course\\\/\",\"url\":\"https:\\\/\\\/luxurycandlesupplies.eu\\\/product\\\/candle-making-course\\\/\",\"name\":\"Live Candle Making Course @ Candle Academy Antwerp - Antwerp Luxury Candle Supplies\",\"isPartOf\":{\"@id\":\"https:\\\/\\\/luxurycandlesupplies.eu\\\/#website\"},\"primaryImageOfPage\":{\"@id\":\"https:\\\/\\\/luxurycandlesupplies.eu\\\/product\\\/candle-making-course\\\/#primaryimage\"},\"image\":{\"@id\":\"https:\\\/\\\/luxurycandlesupplies.eu\\\/product\\\/candle-making-course\\\/#primaryimage\"},\"thumbnailUrl\":\"https:\\\/\\\/luxurycandlesupplies.eu\\\/app\\\/uploads\\\/2024\\\/04\\\/Kopie-van-Candle-Making-Class-2.jpg\",\"datePublished\":\"2024-04-18T13:22:08+00:00\",\"dateModified\":\"2026-05-13T07:53:49+00:00\",\"breadcrumb\":{\"@id\":\"https:\\\/\\\/luxurycandlesupplies.eu\\\/product\\\/candle-making-course\\\/#breadcrumb\"},\"inLanguage\":\"de-DE\",\"potentialAction\":[{\"@type\":\"ReadAction\",\"target\":[\"https:\\\/\\\/luxurycandlesupplies.eu\\\/product\\\/candle-making-course\\\/\"]}]},{\"@type\":\"ImageObject\",\"inLanguage\":\"de-DE\",\"@id\":\"https:\\\/\\\/luxurycandlesupplies.eu\\\/product\\\/candle-making-course\\\/#primaryimage\",\"url\":\"https:\\\/\\\/luxurycandlesupplies.eu\\\/app\\\/uploads\\\/2024\\\/04\\\/Kopie-van-Candle-Making-Class-2.jpg\",\"contentUrl\":\"https:\\\/\\\/luxurycandlesupplies.eu\\\/app\\\/uploads\\\/2024\\\/04\\\/Kopie-van-Candle-Making-Class-2.jpg\",\"width\":1080,\"height\":1080},{\"@type\":\"BreadcrumbList\",\"@id\":\"https:\\\/\\\/luxurycandlesupplies.eu\\\/product\\\/candle-making-course\\\/#breadcrumb\",\"itemListElement\":[{\"@type\":\"ListItem\",\"position\":1,\"name\":\"Home\",\"item\":\"https:\\\/\\\/luxurycandlesupplies.eu\\\/\"},{\"@type\":\"ListItem\",\"position\":2,\"name\":\"Shop\",\"item\":\"https:\\\/\\\/luxurycandlesupplies.eu\\\/shop\\\/\"},{\"@type\":\"ListItem\",\"position\":3,\"name\":\"Live Candle Making Course @ Candle Academy Antwerp\"}]},{\"@type\":\"WebSite\",\"@id\":\"https:\\\/\\\/luxurycandlesupplies.eu\\\/#website\",\"url\":\"https:\\\/\\\/luxurycandlesupplies.eu\\\/\",\"name\":\"Antwerp Luxury Candle Supplies\",\"description\":\"Distributor of all seasons soy wax\",\"publisher\":{\"@id\":\"https:\\\/\\\/luxurycandlesupplies.eu\\\/#organization\"},\"potentialAction\":[{\"@type\":\"SearchAction\",\"target\":{\"@type\":\"EntryPoint\",\"urlTemplate\":\"https:\\\/\\\/luxurycandlesupplies.eu\\\/?s={search_term_string}\"},\"query-input\":{\"@type\":\"PropertyValueSpecification\",\"valueRequired\":true,\"valueName\":\"search_term_string\"}}],\"inLanguage\":\"de-DE\"},{\"@type\":\"Organization\",\"@id\":\"https:\\\/\\\/luxurycandlesupplies.eu\\\/#organization\",\"name\":\"Antwerp Luxury Candle Supplies\",\"url\":\"https:\\\/\\\/luxurycandlesupplies.eu\\\/\",\"logo\":{\"@type\":\"ImageObject\",\"inLanguage\":\"de-DE\",\"@id\":\"https:\\\/\\\/luxurycandlesupplies.eu\\\/#\\\/schema\\\/logo\\\/image\\\/\",\"url\":\"https:\\\/\\\/luxurycandlesupplies.eu\\\/app\\\/uploads\\\/2022\\\/03\\\/antwerp-luxury-candle-supplies-1x.png\",\"contentUrl\":\"https:\\\/\\\/luxurycandlesupplies.eu\\\/app\\\/uploads\\\/2022\\\/03\\\/antwerp-luxury-candle-supplies-1x.png\",\"width\":330,\"height\":60,\"caption\":\"Antwerp Luxury Candle Supplies\"},\"image\":{\"@id\":\"https:\\\/\\\/luxurycandlesupplies.eu\\\/#\\\/schema\\\/logo\\\/image\\\/\"},\"sameAs\":[\"https:\\\/\\\/www.facebook.com\\\/Antwerpluxurycandlesupplies\\\/\",\"https:\\\/\\\/www.instagram.com\\\/antwerp_luxury_candle_supplies\\\/\",\"https:\\\/\\\/pin.it\\\/7joOXRW\"]}]}<\/script>","yoast_head_json":{"title":"Live-Kerzenherstellungskurs @ Candle Academy Antwerpen - Antwerpener Luxuskerzen-Bedarf","robots":{"index":"index","follow":"follow","max-snippet":"max-snippet:-1","max-image-preview":"max-image-preview:large","max-video-preview":"max-video-preview:-1"},"canonical":"https:\/\/luxurycandlesupplies.eu\/de\/produkt\/kerzenziehkurs\/","og_locale":"de_DE","og_type":"article","og_title":"Live Candle Making Course @ Candle Academy Antwerp - Antwerp Luxury Candle Supplies","og_description":"Dreaming of starting your own candle business? Dive into the enchanting world of candle making with our professional training courses bases in Antwerp!  Whether you\u2019re a hobbyist or an aspiring candle entrepreneur, our candle making sessions are designed to equip you with all the skills you need.  What You Will Learn:   Wax Selection:\u00a0Understand the various types of Soy Wax and their uses.  Fragrance Mastery:\u00a0Learn how to select and use scents in your candles to create captivating aromas.  Color Mixing:\u00a0Gain the knowledge to mix colours to achieve the perfect look for your candles.  Wick Placement:\u00a0Discover the importance of choosing the right wick for different types of candles.  Mold Techniques:\u00a0Get hands-on experience with different molds to shape your unique creations.  Create Your Own:   2 Scented Candles with 2 different waxes, woodwick and cotton wick.  1 Pillar Candle  1 set of Wax Melts  Diffuser  This course is your gateway to turning candle making from a craft into a blooming business.  Classes are held in Brecht, located in the North of Antwerp.  Limited spots available (8 students),\u00a0 to ensure personalized guidance.  This\u00a0Candle Making Course will be given in Dutch only.","og_url":"https:\/\/luxurycandlesupplies.eu\/de\/produkt\/kerzenziehkurs\/","og_site_name":"Antwerp Luxury Candle Supplies","article_publisher":"https:\/\/www.facebook.com\/Antwerpluxurycandlesupplies\/","article_modified_time":"2026-05-13T07:53:49+00:00","og_image":[{"width":1080,"height":1080,"url":"https:\/\/luxurycandlesupplies.eu\/app\/uploads\/2024\/04\/Kopie-van-Candle-Making-Class-2.jpg","type":"image\/jpeg"}],"twitter_card":"summary_large_image","twitter_misc":{"Gesch\u00e4tzte Lesezeit":"1 minute"},"schema":{"@context":"https:\/\/schema.org","@graph":[{"@type":"WebPage","@id":"https:\/\/luxurycandlesupplies.eu\/product\/candle-making-course\/","url":"https:\/\/luxurycandlesupplies.eu\/product\/candle-making-course\/","name":"Live-Kerzenherstellungskurs @ Candle Academy Antwerpen - Antwerpener Luxuskerzen-Bedarf","isPartOf":{"@id":"https:\/\/luxurycandlesupplies.eu\/#website"},"primaryImageOfPage":{"@id":"https:\/\/luxurycandlesupplies.eu\/product\/candle-making-course\/#primaryimage"},"image":{"@id":"https:\/\/luxurycandlesupplies.eu\/product\/candle-making-course\/#primaryimage"},"thumbnailUrl":"https:\/\/luxurycandlesupplies.eu\/app\/uploads\/2024\/04\/Kopie-van-Candle-Making-Class-2.jpg","datePublished":"2024-04-18T13:22:08+00:00","dateModified":"2026-05-13T07:53:49+00:00","breadcrumb":{"@id":"https:\/\/luxurycandlesupplies.eu\/product\/candle-making-course\/#breadcrumb"},"inLanguage":"de-DE","potentialAction":[{"@type":"ReadAction","target":["https:\/\/luxurycandlesupplies.eu\/product\/candle-making-course\/"]}]},{"@type":"ImageObject","inLanguage":"de-DE","@id":"https:\/\/luxurycandlesupplies.eu\/product\/candle-making-course\/#primaryimage","url":"https:\/\/luxurycandlesupplies.eu\/app\/uploads\/2024\/04\/Kopie-van-Candle-Making-Class-2.jpg","contentUrl":"https:\/\/luxurycandlesupplies.eu\/app\/uploads\/2024\/04\/Kopie-van-Candle-Making-Class-2.jpg","width":1080,"height":1080},{"@type":"BreadcrumbList","@id":"https:\/\/luxurycandlesupplies.eu\/product\/candle-making-course\/#breadcrumb","itemListElement":[{"@type":"ListItem","position":1,"name":"Home","item":"https:\/\/luxurycandlesupplies.eu\/"},{"@type":"ListItem","position":2,"name":"Shop","item":"https:\/\/luxurycandlesupplies.eu\/shop\/"},{"@type":"ListItem","position":3,"name":"Live Candle Making Course @ Candle Academy Antwerp"}]},{"@type":"WebSite","@id":"https:\/\/luxurycandlesupplies.eu\/#website","url":"https:\/\/luxurycandlesupplies.eu\/","name":"Antwerpener Luxus-Kerzen-Bedarf","description":"Vertreiber von Sojawachs f\u00fcr alle Jahreszeiten","publisher":{"@id":"https:\/\/luxurycandlesupplies.eu\/#organization"},"potentialAction":[{"@type":"SearchAction","target":{"@type":"EntryPoint","urlTemplate":"https:\/\/luxurycandlesupplies.eu\/?s={search_term_string}"},"query-input":{"@type":"PropertyValueSpecification","valueRequired":true,"valueName":"search_term_string"}}],"inLanguage":"de-DE"},{"@type":"Organization","@id":"https:\/\/luxurycandlesupplies.eu\/#organization","name":"Antwerpener Luxus-Kerzen-Bedarf","url":"https:\/\/luxurycandlesupplies.eu\/","logo":{"@type":"ImageObject","inLanguage":"de-DE","@id":"https:\/\/luxurycandlesupplies.eu\/#\/schema\/logo\/image\/","url":"https:\/\/luxurycandlesupplies.eu\/app\/uploads\/2022\/03\/antwerp-luxury-candle-supplies-1x.png","contentUrl":"https:\/\/luxurycandlesupplies.eu\/app\/uploads\/2022\/03\/antwerp-luxury-candle-supplies-1x.png","width":330,"height":60,"caption":"Antwerp Luxury Candle Supplies"},"image":{"@id":"https:\/\/luxurycandlesupplies.eu\/#\/schema\/logo\/image\/"},"sameAs":["https:\/\/www.facebook.com\/Antwerpluxurycandlesupplies\/","https:\/\/www.instagram.com\/antwerp_luxury_candle_supplies\/","https:\/\/pin.it\/7joOXRW"]}]}},"_links":{"self":[{"href":"https:\/\/luxurycandlesupplies.eu\/de\/wp-json\/wp\/v2\/product\/15778","targetHints":{"allow":["GET"]}}],"collection":[{"href":"https:\/\/luxurycandlesupplies.eu\/de\/wp-json\/wp\/v2\/product"}],"about":[{"href":"https:\/\/luxurycandlesupplies.eu\/de\/wp-json\/wp\/v2\/types\/product"}],"wp:featuredmedia":[{"embeddable":true,"href":"https:\/\/luxurycandlesupplies.eu\/de\/wp-json\/wp\/v2\/media\/18758"}],"wp:attachment":[{"href":"https:\/\/luxurycandlesupplies.eu\/de\/wp-json\/wp\/v2\/media?parent=15778"}],"wp:term":[{"taxonomy":"product_brand","embeddable":true,"href":"https:\/\/luxurycandlesupplies.eu\/de\/wp-json\/wp\/v2\/product_brand?post=15778"},{"taxonomy":"product_cat","embeddable":true,"href":"https:\/\/luxurycandlesupplies.eu\/de\/wp-json\/wp\/v2\/product_cat?post=15778"},{"taxonomy":"product_tag","embeddable":true,"href":"https:\/\/luxurycandlesupplies.eu\/de\/wp-json\/wp\/v2\/product_tag?post=15778"}],"curies":[{"name":"wp","href":"https:\/\/api.w.org\/{rel}","templated":true}]}}