{"id":16112,"date":"2024-06-04T12:36:30","date_gmt":"2024-06-04T10:36:30","guid":{"rendered":"https:\/\/luxurycandlesupplies.eu\/?post_type=product&#038;p=16112"},"modified":"2026-05-07T09:56:44","modified_gmt":"2026-05-07T07:56:44","slug":"suser-kurbis","status":"publish","type":"product","link":"https:\/\/luxurycandlesupplies.eu\/de\/product\/sweet-pumpkin\/","title":{"rendered":"S\u00fc\u00dfer K\u00fcrbis -UFI befreit <8%"},"content":{"rendered":"<h3>BESCHREIBUNG<\/h3>\n<p>&nbsp;<\/p>\n<div class=\"page\" title=\"Seite 5\">\n<div class=\"layoutArea\">\n<div class=\"column\">\n<h2><strong><em>S\u00fc\u00dfer K\u00fcrbis<\/em><\/strong><\/h2>\n<p>&nbsp;<\/p>\n<p>Das Duft\u00f6l Sweet Pumpkin webt ein fesselndes Herbstm\u00e4rchen, das den Reichtum von K\u00fcrbis und Lebkuchen mit der W\u00fcrze von Zimt und Nelke verbindet.<\/p>\n<p>Diese bezaubernde Mischung endet mit einer s\u00fc\u00dfen Note von Vanille und Keksen und schafft ein unwiderstehliches, gem\u00fctliches Ambiente in Ihren Kerzen.<\/p>\n<p>&nbsp;<\/p>\n<p>Gourmand W\u00fcrzig<\/p>\n<p>Oberseite: Lebkuchen, Zimt, Orange<\/p>\n<p>Herz: Ingwer, Honig, Nelkenknospen<\/p>\n<p>Basis: Vanille, Karamell, Biskuit<\/p>\n<\/div>\n<\/div>\n<\/div>\n<p>&nbsp;<\/p>\n<p>&nbsp;<\/p>\n<h3>UNSERE EMPFEHLUNG<\/h3>\n<hr \/>\n<div>\n<p>Die Verwendung von Duft\u00f6len h\u00e4ngt von dem Produkt ab, das Sie herstellen. Im folgenden Leitfaden finden Sie die f\u00fcr Ihr Produkt geeigneten Mischungsverh\u00e4ltnisse.<\/p>\n<p>Bitte beachten Sie, dass es sich bei den unten genannten Werten nur um Vorschl\u00e4ge handelt. Wir empfehlen den Benutzern, ihre eigenen Tests mit den vorgesehenen Wachs- und \u00d6lmischungen durchzuf\u00fchren, um optimale Ergebnisse zu erzielen.<\/p>\n<p>Kerzen: 6-10%, UFI frei max 8%<br \/>\nWachsmelonen: 10-12%<\/p>\n<\/div>\n<h2><\/h2>\n<h3>CLP &amp; SDS INFORMATIONEN<\/h3>\n<hr \/>\n<div>\n<p><a href=\"https:\/\/luxurycandlesupplies.eu\/app\/uploads\/2024\/06\/CLP-label-_-Sweet-pumpkin-_-candle-8_free-of-UFI.pdf\">CLP-Etikett _ S\u00fc\u00dfer K\u00fcrbis _ Kerze 8%_frei von UFI<\/a><\/p>\n<\/div>\n<p><a href=\"https:\/\/luxurycandlesupplies.eu\/app\/uploads\/2024\/06\/CLP-label-_-Sweet-pumpkin-_-candle-10-1.pdf\">CLP-Etikett _ S\u00fc\u00dfer K\u00fcrbis _ Kerze 10%<\/a><\/p>\n<p><a href=\"https:\/\/luxurycandlesupplies.eu\/app\/uploads\/2024\/06\/IFRA-SWEET-PUMPKIN.pdf\">IFRA-S\u00dcSSK\u00dcRBIS<\/a><\/p>\n<p><a href=\"https:\/\/luxurycandlesupplies.eu\/app\/uploads\/2024\/06\/SDS-SWEET-PUMPKIN-100.pdf\">SDS S\u00dcSSER K\u00dcRBIS 100%<\/a><\/p>\n<p>&nbsp;<\/p>\n<p>UFI: CCC0-X0P6-000Y-4V83<\/p>\n<p><img decoding=\"async\" class=\"alignnone wp-image-23488\" src=\"https:\/\/luxurycandlesupplies.eu\/app\/uploads\/2025\/07\/Danger-3-300x300.png\" alt=\"\" width=\"122\" height=\"122\" srcset=\"https:\/\/luxurycandlesupplies.eu\/app\/uploads\/2025\/07\/Danger-3-300x300.png 300w, https:\/\/luxurycandlesupplies.eu\/app\/uploads\/2025\/07\/Danger-3-1024x1024.png 1024w, https:\/\/luxurycandlesupplies.eu\/app\/uploads\/2025\/07\/Danger-3-150x150.png 150w, https:\/\/luxurycandlesupplies.eu\/app\/uploads\/2025\/07\/Danger-3-768x768.png 768w, https:\/\/luxurycandlesupplies.eu\/app\/uploads\/2025\/07\/Danger-3-12x12.png 12w, https:\/\/luxurycandlesupplies.eu\/app\/uploads\/2025\/07\/Danger-3-600x600.png 600w, https:\/\/luxurycandlesupplies.eu\/app\/uploads\/2025\/07\/Danger-3-100x100.png 100w, https:\/\/luxurycandlesupplies.eu\/app\/uploads\/2025\/07\/Danger-3.png 1080w\" sizes=\"(max-width: 122px) 100vw, 122px\" \/> <img decoding=\"async\" class=\"alignnone wp-image-23490\" src=\"https:\/\/luxurycandlesupplies.eu\/app\/uploads\/2025\/07\/Danger-5-300x300.png\" alt=\"\" width=\"124\" height=\"124\" srcset=\"https:\/\/luxurycandlesupplies.eu\/app\/uploads\/2025\/07\/Danger-5-300x300.png 300w, https:\/\/luxurycandlesupplies.eu\/app\/uploads\/2025\/07\/Danger-5-1024x1024.png 1024w, https:\/\/luxurycandlesupplies.eu\/app\/uploads\/2025\/07\/Danger-5-150x150.png 150w, https:\/\/luxurycandlesupplies.eu\/app\/uploads\/2025\/07\/Danger-5-768x768.png 768w, https:\/\/luxurycandlesupplies.eu\/app\/uploads\/2025\/07\/Danger-5-12x12.png 12w, https:\/\/luxurycandlesupplies.eu\/app\/uploads\/2025\/07\/Danger-5-600x600.png 600w, https:\/\/luxurycandlesupplies.eu\/app\/uploads\/2025\/07\/Danger-5-100x100.png 100w, https:\/\/luxurycandlesupplies.eu\/app\/uploads\/2025\/07\/Danger-5.png 1080w\" sizes=\"(max-width: 124px) 100vw, 124px\" \/><\/p>\n<p><strong>S\u00fc\u00dfer K\u00fcrbis NL<\/strong><\/p>\n<p>H304 Kan dodelijk zijn as de stof bij inslikken in de luchtwegen terechtkomt. H315 Veroorzaakt<br \/>\nhuidirritatie. H317 Kan een allergische huidreactie veroorzaken. H319 Veroorzaakt ernsthafte<br \/>\nOogirritatie. H412 Schadelijk voor in het water levende organismen, met langdurige gevolgen. P261<br \/>\nInademing van stof\/rook\/gas\/nevel\/damp\/spuitnevel vermijden. P301+P310 NA INSLIKKEN:<br \/>\nonmiddellijk een ANTIGIFCENTRUM\/arts\/... raadplegen. P302+P352 BIJ CONTACT MET DE HUID: mit<br \/>\nveel water en zeep wassen. P305+P351+P338 BIJ CONTACT MET DE OGEN: voorzichtig afspoelen met<br \/>\nWasser gedurende een aantal minuten; contactlenzen verwijderen, indien mogelijk; blijven spoelen.<br \/>\nP333+P313 Bij huidirritatie of uitslag: een arts raadplegen. P337+P313 Bij aanhoudende oogirritatie:<br \/>\neen arts raadplegen.<\/p>\n<p>&nbsp;<\/p>\n<p><strong>S\u00fc\u00dfer K\u00fcrbis FR<\/strong><\/p>\n<p>H304 Kann bei Verschlucken und Eindringen in die Atemwege lebensgef\u00e4hrlich sein. H315<br \/>\nProvoziert eine Hautreizung. H317 Peut provoquer une r\u00e9action allergique cutan\u00e9e. H319<br \/>\nVerursacht eine schwere Reizung der Augen. H412 Sch\u00e4dlich f\u00fcr Wasserorganismen, f\u00fchrt zu<br \/>\nLangfristige Wirkungen. P261 Vermeiden, dass die<br \/>\npoussi\u00e8res\/fum\u00e9es\/gaz\/brouillards\/vapeurs\/a\u00e9rosols. P301+P310 DE CAS D'INGESTION : appeler<br \/>\nunverz\u00fcglich ein CENTRE ANTIPOISON\/einen Arzt\/.... P302+P352 F\u00dcR DEN FALL EINES KONTAKTS MIT DER<br \/>\nPEAU : unbedingt ins Wasser und auf den Boden legen. P305+P351+P338 BEI KONTAKT MIT DEN<br \/>\nYEUX : vorsichtiges Absp\u00fclen mit Wasser \u00fcber einen Zeitraum von mehreren Minuten; wenn m\u00f6glich, die Linsen abnehmen;<br \/>\ncontinuer \u00e0 rincer. P333+P313 En cas d'irritation ou d'\u00e9ruption cutan\u00e9e : consulter un m\u00e9decin.<br \/>\nP337+P313 En cas d'irritation oculaire persistante : consulter un m\u00e9decin.<\/p>\n<p>&nbsp;<\/p>\n<p><strong>S\u00fc\u00dfer K\u00fcrbis ENG<\/strong><\/p>\n<p>H304 Kann bei Verschlucken und Eindringen in die Atemwege t\u00f6dlich sein. H315 Verursacht Hautreizungen. H317 Kann eine<br \/>\nallergische Hautreaktion. H319 Verursacht schwere Augenreizung. H412 Sch\u00e4dlich f\u00fcr Wasserorganismen bei l\u00e4ngerer<br \/>\nDauerhafte Auswirkungen. P261 Einatmen von Staub\/Rauch\/Gas\/Nebel\/Dampf\/Aerosol vermeiden. P301+P310 BEI VERSCHLUCKEN:<br \/>\nSofort GIFTINFORMATIONSZENTRUM\/Arzt\/.... anrufen. P302+P352 BEI KONTAKT MIT DER HAUT: Mit reichlich Seife waschen und<br \/>\nWasser. P305+P351+P338 BEI KONTAKT MIT DEN AUGEN: Einige Minuten lang behutsam mit Wasser aussp\u00fclen. Kontakt entfernen<br \/>\nLinsen, falls vorhanden und leicht zu handhaben. Weiter absp\u00fclen. P333+P313 Bei Auftreten von Hautreizungen oder Hautausschlag: aufsuchen.<br \/>\n\u00e4rztlicher Rat. P337+P313 Bei andauernder Augenreizung: \u00c4rztlichen Rat einholen.<\/p>","protected":false},"excerpt":{"rendered":"<p>DESCRIPTION &nbsp; Sweet Pumpkin &nbsp; Sweet Pumpkin\u00a0 fragrance oil weaves a captivating autumn tale, combining the richness of pumpkin and gingerbread with the spice of cinnamon and clove. This enchanting blend finishes with a sweet note of vanilla and biscuits, creating an irresistible, cozy ambiance in your candles. &nbsp; Gourmand Spicy Top: Gingerbread, Cinnamon, Orange [&hellip;]<\/p>\n","protected":false},"featured_media":16118,"template":"","meta":{"_acf_changed":false,"site-sidebar-layout":"default","site-content-layout":"default","ast-site-content-layout":"default","site-content-style":"default","site-sidebar-style":"default","ast-global-header-display":"","ast-banner-title-visibility":"","ast-main-header-display":"","ast-hfb-above-header-display":"","ast-hfb-below-header-display":"","ast-hfb-mobile-header-display":"","site-post-title":"","ast-breadcrumbs-content":"","ast-featured-img":"","footer-sml-layout":"","ast-disable-related-posts":"","theme-transparent-header-meta":"default","adv-header-id-meta":"","stick-header-meta":"","header-above-stick-meta":"","header-main-stick-meta":"","header-below-stick-meta":"","astra-migrate-meta-layouts":"set","ast-page-background-enabled":"default","ast-page-background-meta":{"desktop":{"background-color":"","background-image":"","background-repeat":"repeat","background-position":"center center","background-size":"auto","background-attachment":"scroll","background-type":"","background-media":"","overlay-type":"","overlay-color":"","overlay-opacity":"","overlay-gradient":""},"tablet":{"background-color":"","background-image":"","background-repeat":"repeat","background-position":"center center","background-size":"auto","background-attachment":"scroll","background-type":"","background-media":"","overlay-type":"","overlay-color":"","overlay-opacity":"","overlay-gradient":""},"mobile":{"background-color":"","background-image":"","background-repeat":"repeat","background-position":"center center","background-size":"auto","background-attachment":"scroll","background-type":"","background-media":"","overlay-type":"","overlay-color":"","overlay-opacity":"","overlay-gradient":""}},"ast-content-background-meta":{"desktop":{"background-color":"var(--ast-global-color-5)","background-image":"","background-repeat":"repeat","background-position":"center center","background-size":"auto","background-attachment":"scroll","background-type":"","background-media":"","overlay-type":"","overlay-color":"","overlay-opacity":"","overlay-gradient":""},"tablet":{"background-color":"var(--ast-global-color-5)","background-image":"","background-repeat":"repeat","background-position":"center center","background-size":"auto","background-attachment":"scroll","background-type":"","background-media":"","overlay-type":"","overlay-color":"","overlay-opacity":"","overlay-gradient":""},"mobile":{"background-color":"var(--ast-global-color-5)","background-image":"","background-repeat":"repeat","background-position":"center center","background-size":"auto","background-attachment":"scroll","background-type":"","background-media":"","overlay-type":"","overlay-color":"","overlay-opacity":"","overlay-gradient":""}}},"product_brand":[],"product_cat":[1719,25,1660,1681],"product_tag":[317,1526,1525,281,316,315,1524,434],"class_list":{"0":"post-16112","1":"product","2":"type-product","3":"status-publish","4":"has-post-thumbnail","6":"product_cat-acorn-frosted-candle-jars","7":"product_cat-fragrances","8":"product_cat-halloween","9":"product_cat-fragrances-ufi-exempt","10":"product_tag-autumn","11":"product_tag-biscuits","12":"product_tag-fall","13":"product_tag-fragrance","14":"product_tag-halloween","15":"product_tag-orange","16":"product_tag-pumpkin","17":"product_tag-vanilla","18":"desktop-align-left","19":"tablet-align-left","20":"mobile-align-left","21":"ast-product-gallery-layout-horizontal-slider","22":"ast-product-single-variable","23":"ast-product-tabs-layout-horizontal","25":"first","26":"instock","27":"taxable","28":"shipping-taxable","29":"purchasable","30":"product-type-variable"},"acf":[],"yoast_head":"<title>Sweet Pumpkin -UFI exempt<\/title>\n<meta name=\"description\" content=\"Looking for strawberry daiquiri fragrance oil? Indulge your senses in the sweet allure of Strawberry Daiquiri with our premium candle fragrance. Strawberry Daiquiri fragrance is a sweet, fruity and refreshing scent inspired by the delicious cocktail. This fragrance oil is a fun and playful scent with a touch of Limoncello and Vanilla. Top: Strawberry Jam Heart: Limoncello. Base: Vanilla, Sugar Elevate your candle-making experience with this delightful scent that captures the essence of ripe strawberries blended with a hint of tropical bliss. Craft candles that radiate a luscious, fruity aroma, creating an atmosphere of pure luxury and relaxation. Unleash your creativity and infuse each candle with the irresistible charm of Strawberry Daiquiri, exclusively available at your well known wholesale supplier Antwerp Luxury Candle Supplies.\" \/>\n<meta name=\"robots\" content=\"index, follow, max-snippet:-1, max-image-preview:large, max-video-preview:-1\" \/>\n<link rel=\"canonical\" href=\"https:\/\/luxurycandlesupplies.eu\/de\/produkt\/suser-kurbis\/\" \/>\n<meta property=\"og:locale\" content=\"de_DE\" \/>\n<meta property=\"og:type\" content=\"article\" \/>\n<meta property=\"og:title\" content=\"Sweet Pumpkin -UFI exempt\" \/>\n<meta property=\"og:description\" content=\"Looking for strawberry daiquiri fragrance oil? Indulge your senses in the sweet allure of Strawberry Daiquiri with our premium candle fragrance. Strawberry Daiquiri fragrance is a sweet, fruity and refreshing scent inspired by the delicious cocktail. This fragrance oil is a fun and playful scent with a touch of Limoncello and Vanilla. Top: Strawberry Jam Heart: Limoncello. Base: Vanilla, Sugar Elevate your candle-making experience with this delightful scent that captures the essence of ripe strawberries blended with a hint of tropical bliss. Craft candles that radiate a luscious, fruity aroma, creating an atmosphere of pure luxury and relaxation. Unleash your creativity and infuse each candle with the irresistible charm of Strawberry Daiquiri, exclusively available at your well known wholesale supplier Antwerp Luxury Candle Supplies.\" \/>\n<meta property=\"og:url\" content=\"https:\/\/luxurycandlesupplies.eu\/de\/produkt\/suser-kurbis\/\" \/>\n<meta property=\"og:site_name\" content=\"Antwerp Luxury Candle Supplies\" \/>\n<meta property=\"article:publisher\" content=\"https:\/\/www.facebook.com\/Antwerpluxurycandlesupplies\/\" \/>\n<meta property=\"article:modified_time\" content=\"2026-05-07T07:56:44+00:00\" \/>\n<meta property=\"og:image\" content=\"https:\/\/luxurycandlesupplies.eu\/app\/uploads\/2024\/06\/2.png\" \/>\n\t<meta property=\"og:image:width\" content=\"1080\" \/>\n\t<meta property=\"og:image:height\" content=\"1080\" \/>\n\t<meta property=\"og:image:type\" content=\"image\/png\" \/>\n<meta name=\"twitter:card\" content=\"summary_large_image\" \/>\n<meta name=\"twitter:label1\" content=\"Gesch\u00e4tzte Lesezeit\" \/>\n\t<meta name=\"twitter:data1\" content=\"3 minutes\" \/>\n<script type=\"application\/ld+json\" class=\"yoast-schema-graph\">{\"@context\":\"https:\\\/\\\/schema.org\",\"@graph\":[{\"@type\":\"WebPage\",\"@id\":\"https:\\\/\\\/luxurycandlesupplies.eu\\\/product\\\/sweet-pumpkin\\\/\",\"url\":\"https:\\\/\\\/luxurycandlesupplies.eu\\\/product\\\/sweet-pumpkin\\\/\",\"name\":\"Sweet Pumpkin -UFI exempt\",\"isPartOf\":{\"@id\":\"https:\\\/\\\/luxurycandlesupplies.eu\\\/#website\"},\"primaryImageOfPage\":{\"@id\":\"https:\\\/\\\/luxurycandlesupplies.eu\\\/product\\\/sweet-pumpkin\\\/#primaryimage\"},\"image\":{\"@id\":\"https:\\\/\\\/luxurycandlesupplies.eu\\\/product\\\/sweet-pumpkin\\\/#primaryimage\"},\"thumbnailUrl\":\"https:\\\/\\\/luxurycandlesupplies.eu\\\/app\\\/uploads\\\/2024\\\/06\\\/2.png\",\"datePublished\":\"2024-06-04T10:36:30+00:00\",\"dateModified\":\"2026-05-07T07:56:44+00:00\",\"description\":\"Looking for strawberry daiquiri fragrance oil? Indulge your senses in the sweet allure of Strawberry Daiquiri with our premium candle fragrance. Strawberry Daiquiri fragrance is a sweet, fruity and refreshing scent inspired by the delicious cocktail. This fragrance oil is a fun and playful scent with a touch of Limoncello and Vanilla. Top: Strawberry Jam Heart: Limoncello. Base: Vanilla, Sugar Elevate your candle-making experience with this delightful scent that captures the essence of ripe strawberries blended with a hint of tropical bliss. Craft candles that radiate a luscious, fruity aroma, creating an atmosphere of pure luxury and relaxation. Unleash your creativity and infuse each candle with the irresistible charm of Strawberry Daiquiri, exclusively available at your well known wholesale supplier Antwerp Luxury Candle Supplies.\",\"breadcrumb\":{\"@id\":\"https:\\\/\\\/luxurycandlesupplies.eu\\\/product\\\/sweet-pumpkin\\\/#breadcrumb\"},\"inLanguage\":\"de-DE\",\"potentialAction\":[{\"@type\":\"ReadAction\",\"target\":[\"https:\\\/\\\/luxurycandlesupplies.eu\\\/product\\\/sweet-pumpkin\\\/\"]}]},{\"@type\":\"ImageObject\",\"inLanguage\":\"de-DE\",\"@id\":\"https:\\\/\\\/luxurycandlesupplies.eu\\\/product\\\/sweet-pumpkin\\\/#primaryimage\",\"url\":\"https:\\\/\\\/luxurycandlesupplies.eu\\\/app\\\/uploads\\\/2024\\\/06\\\/2.png\",\"contentUrl\":\"https:\\\/\\\/luxurycandlesupplies.eu\\\/app\\\/uploads\\\/2024\\\/06\\\/2.png\",\"width\":1080,\"height\":1080},{\"@type\":\"BreadcrumbList\",\"@id\":\"https:\\\/\\\/luxurycandlesupplies.eu\\\/product\\\/sweet-pumpkin\\\/#breadcrumb\",\"itemListElement\":[{\"@type\":\"ListItem\",\"position\":1,\"name\":\"Home\",\"item\":\"https:\\\/\\\/luxurycandlesupplies.eu\\\/\"},{\"@type\":\"ListItem\",\"position\":2,\"name\":\"Shop\",\"item\":\"https:\\\/\\\/luxurycandlesupplies.eu\\\/shop\\\/\"},{\"@type\":\"ListItem\",\"position\":3,\"name\":\"Sweet Pumpkin -UFI exempt\"}]},{\"@type\":\"WebSite\",\"@id\":\"https:\\\/\\\/luxurycandlesupplies.eu\\\/#website\",\"url\":\"https:\\\/\\\/luxurycandlesupplies.eu\\\/\",\"name\":\"Antwerp Luxury Candle Supplies\",\"description\":\"Distributor of all seasons soy wax\",\"publisher\":{\"@id\":\"https:\\\/\\\/luxurycandlesupplies.eu\\\/#organization\"},\"potentialAction\":[{\"@type\":\"SearchAction\",\"target\":{\"@type\":\"EntryPoint\",\"urlTemplate\":\"https:\\\/\\\/luxurycandlesupplies.eu\\\/?s={search_term_string}\"},\"query-input\":{\"@type\":\"PropertyValueSpecification\",\"valueRequired\":true,\"valueName\":\"search_term_string\"}}],\"inLanguage\":\"de-DE\"},{\"@type\":\"Organization\",\"@id\":\"https:\\\/\\\/luxurycandlesupplies.eu\\\/#organization\",\"name\":\"Antwerp Luxury Candle Supplies\",\"url\":\"https:\\\/\\\/luxurycandlesupplies.eu\\\/\",\"logo\":{\"@type\":\"ImageObject\",\"inLanguage\":\"de-DE\",\"@id\":\"https:\\\/\\\/luxurycandlesupplies.eu\\\/#\\\/schema\\\/logo\\\/image\\\/\",\"url\":\"https:\\\/\\\/luxurycandlesupplies.eu\\\/app\\\/uploads\\\/2022\\\/03\\\/antwerp-luxury-candle-supplies-1x.png\",\"contentUrl\":\"https:\\\/\\\/luxurycandlesupplies.eu\\\/app\\\/uploads\\\/2022\\\/03\\\/antwerp-luxury-candle-supplies-1x.png\",\"width\":330,\"height\":60,\"caption\":\"Antwerp Luxury Candle Supplies\"},\"image\":{\"@id\":\"https:\\\/\\\/luxurycandlesupplies.eu\\\/#\\\/schema\\\/logo\\\/image\\\/\"},\"sameAs\":[\"https:\\\/\\\/www.facebook.com\\\/Antwerpluxurycandlesupplies\\\/\",\"https:\\\/\\\/www.instagram.com\\\/antwerp_luxury_candle_supplies\\\/\",\"https:\\\/\\\/pin.it\\\/7joOXRW\"]}]}<\/script>","yoast_head_json":{"title":"S\u00fc\u00dfer K\u00fcrbis -UFI befreit","description":"Sie suchen nach Erdbeer-Daiquiri-Duft\u00f6l? Verw\u00f6hnen Sie Ihre Sinne mit der s\u00fc\u00dfen Verlockung von Strawberry Daiquiri mit unserem hochwertigen Kerzenduft. Strawberry Daiquiri ist ein s\u00fc\u00dfer, fruchtiger und erfrischender Duft, inspiriert von einem k\u00f6stlichen Cocktail. Dieses Duft\u00f6l ist ein lustiger und verspielter Duft mit einem Hauch von Limoncello und Vanille. Kopf: Erdbeermarmelade Herz: Limoncello. Basis: Vanille, Zucker Erh\u00f6hen Sie Ihr Kerzenerlebnis mit diesem herrlichen Duft, der die Essenz reifer Erdbeeren mit einem Hauch tropischer Gl\u00fcckseligkeit einf\u00e4ngt. Kreieren Sie Kerzen, die ein k\u00f6stliches, fruchtiges Aroma verstr\u00f6men und eine Atmosph\u00e4re von purem Luxus und Entspannung schaffen. Entfesseln Sie Ihre Kreativit\u00e4t und verleihen Sie jeder Kerze den unwiderstehlichen Charme von Strawberry Daiquiri, exklusiv erh\u00e4ltlich bei Ihrem bekannten Gro\u00dfhandelslieferanten Antwerp Luxury Candle Supplies.","robots":{"index":"index","follow":"follow","max-snippet":"max-snippet:-1","max-image-preview":"max-image-preview:large","max-video-preview":"max-video-preview:-1"},"canonical":"https:\/\/luxurycandlesupplies.eu\/de\/produkt\/suser-kurbis\/","og_locale":"de_DE","og_type":"article","og_title":"Sweet Pumpkin -UFI exempt","og_description":"Looking for strawberry daiquiri fragrance oil? Indulge your senses in the sweet allure of Strawberry Daiquiri with our premium candle fragrance. Strawberry Daiquiri fragrance is a sweet, fruity and refreshing scent inspired by the delicious cocktail. This fragrance oil is a fun and playful scent with a touch of Limoncello and Vanilla. Top: Strawberry Jam Heart: Limoncello. Base: Vanilla, Sugar Elevate your candle-making experience with this delightful scent that captures the essence of ripe strawberries blended with a hint of tropical bliss. Craft candles that radiate a luscious, fruity aroma, creating an atmosphere of pure luxury and relaxation. Unleash your creativity and infuse each candle with the irresistible charm of Strawberry Daiquiri, exclusively available at your well known wholesale supplier Antwerp Luxury Candle Supplies.","og_url":"https:\/\/luxurycandlesupplies.eu\/de\/produkt\/suser-kurbis\/","og_site_name":"Antwerp Luxury Candle Supplies","article_publisher":"https:\/\/www.facebook.com\/Antwerpluxurycandlesupplies\/","article_modified_time":"2026-05-07T07:56:44+00:00","og_image":[{"width":1080,"height":1080,"url":"https:\/\/luxurycandlesupplies.eu\/app\/uploads\/2024\/06\/2.png","type":"image\/png"}],"twitter_card":"summary_large_image","twitter_misc":{"Gesch\u00e4tzte Lesezeit":"3 minutes"},"schema":{"@context":"https:\/\/schema.org","@graph":[{"@type":"WebPage","@id":"https:\/\/luxurycandlesupplies.eu\/product\/sweet-pumpkin\/","url":"https:\/\/luxurycandlesupplies.eu\/product\/sweet-pumpkin\/","name":"S\u00fc\u00dfer K\u00fcrbis -UFI befreit","isPartOf":{"@id":"https:\/\/luxurycandlesupplies.eu\/#website"},"primaryImageOfPage":{"@id":"https:\/\/luxurycandlesupplies.eu\/product\/sweet-pumpkin\/#primaryimage"},"image":{"@id":"https:\/\/luxurycandlesupplies.eu\/product\/sweet-pumpkin\/#primaryimage"},"thumbnailUrl":"https:\/\/luxurycandlesupplies.eu\/app\/uploads\/2024\/06\/2.png","datePublished":"2024-06-04T10:36:30+00:00","dateModified":"2026-05-07T07:56:44+00:00","description":"Sie suchen nach Erdbeer-Daiquiri-Duft\u00f6l? Verw\u00f6hnen Sie Ihre Sinne mit der s\u00fc\u00dfen Verlockung von Strawberry Daiquiri mit unserem hochwertigen Kerzenduft. Strawberry Daiquiri ist ein s\u00fc\u00dfer, fruchtiger und erfrischender Duft, inspiriert von einem k\u00f6stlichen Cocktail. Dieses Duft\u00f6l ist ein lustiger und verspielter Duft mit einem Hauch von Limoncello und Vanille. Kopf: Erdbeermarmelade Herz: Limoncello. Basis: Vanille, Zucker Erh\u00f6hen Sie Ihr Kerzenerlebnis mit diesem herrlichen Duft, der die Essenz reifer Erdbeeren mit einem Hauch tropischer Gl\u00fcckseligkeit einf\u00e4ngt. Kreieren Sie Kerzen, die ein k\u00f6stliches, fruchtiges Aroma verstr\u00f6men und eine Atmosph\u00e4re von purem Luxus und Entspannung schaffen. Entfesseln Sie Ihre Kreativit\u00e4t und verleihen Sie jeder Kerze den unwiderstehlichen Charme von Strawberry Daiquiri, exklusiv erh\u00e4ltlich bei Ihrem bekannten Gro\u00dfhandelslieferanten Antwerp Luxury Candle Supplies.","breadcrumb":{"@id":"https:\/\/luxurycandlesupplies.eu\/product\/sweet-pumpkin\/#breadcrumb"},"inLanguage":"de-DE","potentialAction":[{"@type":"ReadAction","target":["https:\/\/luxurycandlesupplies.eu\/product\/sweet-pumpkin\/"]}]},{"@type":"ImageObject","inLanguage":"de-DE","@id":"https:\/\/luxurycandlesupplies.eu\/product\/sweet-pumpkin\/#primaryimage","url":"https:\/\/luxurycandlesupplies.eu\/app\/uploads\/2024\/06\/2.png","contentUrl":"https:\/\/luxurycandlesupplies.eu\/app\/uploads\/2024\/06\/2.png","width":1080,"height":1080},{"@type":"BreadcrumbList","@id":"https:\/\/luxurycandlesupplies.eu\/product\/sweet-pumpkin\/#breadcrumb","itemListElement":[{"@type":"ListItem","position":1,"name":"Home","item":"https:\/\/luxurycandlesupplies.eu\/"},{"@type":"ListItem","position":2,"name":"Shop","item":"https:\/\/luxurycandlesupplies.eu\/shop\/"},{"@type":"ListItem","position":3,"name":"Sweet Pumpkin -UFI exempt"}]},{"@type":"WebSite","@id":"https:\/\/luxurycandlesupplies.eu\/#website","url":"https:\/\/luxurycandlesupplies.eu\/","name":"Antwerpener Luxus-Kerzen-Bedarf","description":"Vertreiber von Sojawachs f\u00fcr alle Jahreszeiten","publisher":{"@id":"https:\/\/luxurycandlesupplies.eu\/#organization"},"potentialAction":[{"@type":"SearchAction","target":{"@type":"EntryPoint","urlTemplate":"https:\/\/luxurycandlesupplies.eu\/?s={search_term_string}"},"query-input":{"@type":"PropertyValueSpecification","valueRequired":true,"valueName":"search_term_string"}}],"inLanguage":"de-DE"},{"@type":"Organization","@id":"https:\/\/luxurycandlesupplies.eu\/#organization","name":"Antwerpener Luxus-Kerzen-Bedarf","url":"https:\/\/luxurycandlesupplies.eu\/","logo":{"@type":"ImageObject","inLanguage":"de-DE","@id":"https:\/\/luxurycandlesupplies.eu\/#\/schema\/logo\/image\/","url":"https:\/\/luxurycandlesupplies.eu\/app\/uploads\/2022\/03\/antwerp-luxury-candle-supplies-1x.png","contentUrl":"https:\/\/luxurycandlesupplies.eu\/app\/uploads\/2022\/03\/antwerp-luxury-candle-supplies-1x.png","width":330,"height":60,"caption":"Antwerp Luxury Candle Supplies"},"image":{"@id":"https:\/\/luxurycandlesupplies.eu\/#\/schema\/logo\/image\/"},"sameAs":["https:\/\/www.facebook.com\/Antwerpluxurycandlesupplies\/","https:\/\/www.instagram.com\/antwerp_luxury_candle_supplies\/","https:\/\/pin.it\/7joOXRW"]}]}},"_links":{"self":[{"href":"https:\/\/luxurycandlesupplies.eu\/de\/wp-json\/wp\/v2\/product\/16112","targetHints":{"allow":["GET"]}}],"collection":[{"href":"https:\/\/luxurycandlesupplies.eu\/de\/wp-json\/wp\/v2\/product"}],"about":[{"href":"https:\/\/luxurycandlesupplies.eu\/de\/wp-json\/wp\/v2\/types\/product"}],"wp:featuredmedia":[{"embeddable":true,"href":"https:\/\/luxurycandlesupplies.eu\/de\/wp-json\/wp\/v2\/media\/16118"}],"wp:attachment":[{"href":"https:\/\/luxurycandlesupplies.eu\/de\/wp-json\/wp\/v2\/media?parent=16112"}],"wp:term":[{"taxonomy":"product_brand","embeddable":true,"href":"https:\/\/luxurycandlesupplies.eu\/de\/wp-json\/wp\/v2\/product_brand?post=16112"},{"taxonomy":"product_cat","embeddable":true,"href":"https:\/\/luxurycandlesupplies.eu\/de\/wp-json\/wp\/v2\/product_cat?post=16112"},{"taxonomy":"product_tag","embeddable":true,"href":"https:\/\/luxurycandlesupplies.eu\/de\/wp-json\/wp\/v2\/product_tag?post=16112"}],"curies":[{"name":"wp","href":"https:\/\/api.w.org\/{rel}","templated":true}]}}