{"id":16246,"date":"2024-06-20T11:09:36","date_gmt":"2024-06-20T09:09:36","guid":{"rendered":"https:\/\/luxurycandlesupplies.eu\/?post_type=product&#038;p=16246"},"modified":"2026-05-13T16:11:11","modified_gmt":"2026-05-13T14:11:11","slug":"holzdeckel-schwarz-klein-vogue-silikon-dichtung","status":"publish","type":"product","link":"https:\/\/luxurycandlesupplies.eu\/de\/product\/wooden-lid-black-small-vogue-silicone-seel\/","title":{"rendered":"Holzdeckel Schwarz Klein Vogue - Silikondichtung"},"content":{"rendered":"<div class=\"woocommerce-tabs wc-tabs-wrapper\">\n<div id=\"tab-description\" class=\"woocommerce-Tabs-panel woocommerce-Tabs-panel--description panel entry-content wc-tab\" role=\"tabpanel\" aria-labelledby=\"tab-title-description\">\n<h2>BESCHREIBUNG<\/h2>\n<hr \/>\n<div><\/div>\n<p>Die Deckel von Luxury Candle Supplies sind die perfekten Begleiter f\u00fcr Kerzen - sie verleihen den Gl\u00e4sern ein komplettes Finish und bieten die perfekte Position f\u00fcr Ihr Branding.<\/p>\n<p>Wussten Sie, dass unsere Deckel neben der ansprechenden \u00c4sthetik auch ein funktionales Element haben?<br \/>\nDie Verwendung eines Deckels tr\u00e4gt dazu bei, den Duft zu versiegeln, wodurch die gegossene Kerze l\u00e4nger haltbar ist und einen st\u00e4rkeren Duft abgibt.<br \/>\nSo wird der Transport zu und von den M\u00e4rkten oder die Lieferung an die Kunden zu einem Kinderspiel.<\/p>\n<p>&nbsp;<\/p>\n<h3>SPEZIFIKATIONEN<\/h3>\n<hr \/>\n<div><\/div>\n<p><strong>Abmessungen<\/strong>:<\/p>\n<p><strong>Durchmesser des oberen Deckels<\/strong>: 76mmW<br \/>\n<strong>Durchmesser des Bodendeckels<\/strong>: 65mmW<br \/>\n<strong>H\u00f6he des Deckels<\/strong>: 20mm<br \/>\n<strong>Untere Lippe<\/strong>: 15mm<\/p>\n<\/div>\n<\/div>\n<div class=\"woocommerce-tabs wc-tabs-wrapper\">\n<div id=\"tab-description\" class=\"woocommerce-Tabs-panel woocommerce-Tabs-panel--description panel entry-content wc-tab\" role=\"tabpanel\" aria-labelledby=\"tab-title-description\">\n<p><strong>Gewicht<\/strong>: 50g<br \/>\n<strong>Geeignete Gef\u00e4\u00dfe<\/strong>: <a href=\"https:\/\/luxurycandlesupplies.eu\/de\/produktkategorie\/kerzenstander\/stadtische-sammlung-2\/vogue-jar\/\">Klein Vogue<\/a><\/p>\n<p>Erh\u00e4ltlich in einzelnen Einheiten.<\/p>\n<p>Bitte beachten Sie, dass das Produktfoto in Bezug auf die Farbe aufgrund von Beleuchtung und\/oder Herstellung vom tats\u00e4chlichen Artikel abweichen kann.<\/p>\n<p>&nbsp;<\/p>\n<\/div>\n<\/div>","protected":false},"excerpt":{"rendered":"<h2>BESCHREIBUNG<\/h2>\n<hr \/>\n<div><\/div>\n<p>Die Deckel von Luxury Candle Supplies sind die perfekten Begleiter f\u00fcr Kerzen - sie verleihen den Gl\u00e4sern ein komplettes Finish und bieten die perfekte Position f\u00fcr Ihr Branding.<\/p>\n<p>Wussten Sie, dass unsere Deckel neben der ansprechenden \u00c4sthetik auch ein funktionales Element haben?<br \/>\nDie Verwendung eines Deckels tr\u00e4gt dazu bei, den Duft zu versiegeln, wodurch die gegossene Kerze l\u00e4nger haltbar ist und einen st\u00e4rkeren Duft abgibt.<\/p>\n<p>So wird der Transport zu und von den M\u00e4rkten oder die Lieferung an die Kunden zu einem Kinderspiel.<\/p>\n<p>&nbsp;<\/p>\n<h3>SPEZIFIKATIONEN<\/h3>\n<hr \/>\n<div><\/div>\n<p><strong>Abmessungen<\/strong>: 92mm x 92mm x 15mm<br \/>\n<strong>Gewicht<\/strong>: 50g<br \/>\n<strong>Geeignete Gef\u00e4\u00dfe<\/strong>: <a href=\"https:\/\/luxurycandlesupplies.eu\/de\/produktkategorie\/kerzenstander\/stadtische-sammlung-2\/urbanes-gefas-2\/\">Klein Urban<\/a><\/p>\n<p>Erh\u00e4ltlich in einzelnen Einheiten.<\/p>\n<p>Bitte beachten Sie, dass das Produktfoto in Bezug auf die Farbe aufgrund von Beleuchtung und\/oder Herstellung vom tats\u00e4chlichen Artikel abweichen kann.<\/p>","protected":false},"featured_media":16715,"template":"","meta":{"_acf_changed":false,"site-sidebar-layout":"default","site-content-layout":"default","ast-site-content-layout":"default","site-content-style":"default","site-sidebar-style":"default","ast-global-header-display":"","ast-banner-title-visibility":"","ast-main-header-display":"","ast-hfb-above-header-display":"","ast-hfb-below-header-display":"","ast-hfb-mobile-header-display":"","site-post-title":"","ast-breadcrumbs-content":"","ast-featured-img":"","footer-sml-layout":"","ast-disable-related-posts":"","theme-transparent-header-meta":"default","adv-header-id-meta":"","stick-header-meta":"","header-above-stick-meta":"","header-main-stick-meta":"","header-below-stick-meta":"","astra-migrate-meta-layouts":"set","ast-page-background-enabled":"default","ast-page-background-meta":{"desktop":{"background-color":"","background-image":"","background-repeat":"repeat","background-position":"center center","background-size":"auto","background-attachment":"scroll","background-type":"","background-media":"","overlay-type":"","overlay-color":"","overlay-opacity":"","overlay-gradient":""},"tablet":{"background-color":"","background-image":"","background-repeat":"repeat","background-position":"center center","background-size":"auto","background-attachment":"scroll","background-type":"","background-media":"","overlay-type":"","overlay-color":"","overlay-opacity":"","overlay-gradient":""},"mobile":{"background-color":"","background-image":"","background-repeat":"repeat","background-position":"center center","background-size":"auto","background-attachment":"scroll","background-type":"","background-media":"","overlay-type":"","overlay-color":"","overlay-opacity":"","overlay-gradient":""}},"ast-content-background-meta":{"desktop":{"background-color":"var(--ast-global-color-5)","background-image":"","background-repeat":"repeat","background-position":"center center","background-size":"auto","background-attachment":"scroll","background-type":"","background-media":"","overlay-type":"","overlay-color":"","overlay-opacity":"","overlay-gradient":""},"tablet":{"background-color":"var(--ast-global-color-5)","background-image":"","background-repeat":"repeat","background-position":"center center","background-size":"auto","background-attachment":"scroll","background-type":"","background-media":"","overlay-type":"","overlay-color":"","overlay-opacity":"","overlay-gradient":""},"mobile":{"background-color":"var(--ast-global-color-5)","background-image":"","background-repeat":"repeat","background-position":"center center","background-size":"auto","background-attachment":"scroll","background-type":"","background-media":"","overlay-type":"","overlay-color":"","overlay-opacity":"","overlay-gradient":""}}},"product_brand":[],"product_cat":[444,1578,69],"product_tag":[366,364,365],"class_list":{"0":"post-16246","1":"product","2":"type-product","3":"status-publish","4":"has-post-thumbnail","6":"product_cat-candle-lids-2","7":"product_cat-candle-lids-packaging-lids","8":"product_cat-vogue-small","9":"product_tag-candle-lids","10":"product_tag-lid","11":"product_tag-lids","12":"desktop-align-left","13":"tablet-align-left","14":"mobile-align-left","15":"ast-product-gallery-layout-horizontal-slider","16":"ast-product-tabs-layout-horizontal","18":"first","19":"instock","20":"taxable","21":"shipping-taxable","22":"purchasable","23":"product-type-simple"},"acf":[],"yoast_head":"<title>Wooden Lid Black Small Vogue - Silicone Seel - Antwerp Luxury Candle Supplies<\/title>\n<meta name=\"description\" content=\"Large Plastic Lid Ros\u00e9 Gold, suitable for Large Vogue Vessels &amp; the Large Urban Collection\" \/>\n<meta name=\"robots\" content=\"index, follow, max-snippet:-1, max-image-preview:large, max-video-preview:-1\" \/>\n<link rel=\"canonical\" href=\"https:\/\/luxurycandlesupplies.eu\/de\/produkt\/holzdeckel-schwarz-klein-vogue-silikon-dichtung\/\" \/>\n<meta property=\"og:locale\" content=\"de_DE\" \/>\n<meta property=\"og:type\" content=\"article\" \/>\n<meta property=\"og:title\" content=\"Wooden Lid Black Small Vogue - Silicone Seel - Antwerp Luxury Candle Supplies\" \/>\n<meta property=\"og:description\" content=\"Large Plastic Lid Ros\u00e9 Gold, suitable for Large Vogue Vessels &amp; the Large Urban Collection\" \/>\n<meta property=\"og:url\" content=\"https:\/\/luxurycandlesupplies.eu\/de\/produkt\/holzdeckel-schwarz-klein-vogue-silikon-dichtung\/\" \/>\n<meta property=\"og:site_name\" content=\"Antwerp Luxury Candle Supplies\" \/>\n<meta property=\"article:publisher\" content=\"https:\/\/www.facebook.com\/Antwerpluxurycandlesupplies\/\" \/>\n<meta property=\"article:modified_time\" content=\"2026-05-13T14:11:11+00:00\" \/>\n<meta property=\"og:image\" content=\"https:\/\/luxurycandlesupplies.eu\/app\/uploads\/2024\/07\/3-1.jpg\" \/>\n\t<meta property=\"og:image:width\" content=\"2100\" \/>\n\t<meta property=\"og:image:height\" content=\"2100\" \/>\n\t<meta property=\"og:image:type\" content=\"image\/jpeg\" \/>\n<meta name=\"twitter:card\" content=\"summary_large_image\" \/>\n<meta name=\"twitter:label1\" content=\"Gesch\u00e4tzte Lesezeit\" \/>\n\t<meta name=\"twitter:data1\" content=\"1 minute\" \/>\n<script type=\"application\/ld+json\" class=\"yoast-schema-graph\">{\"@context\":\"https:\\\/\\\/schema.org\",\"@graph\":[{\"@type\":\"WebPage\",\"@id\":\"https:\\\/\\\/luxurycandlesupplies.eu\\\/product\\\/wooden-lid-black-small-vogue-silicone-seel\\\/\",\"url\":\"https:\\\/\\\/luxurycandlesupplies.eu\\\/product\\\/wooden-lid-black-small-vogue-silicone-seel\\\/\",\"name\":\"Wooden Lid Black Small Vogue - Silicone Seel - Antwerp Luxury Candle Supplies\",\"isPartOf\":{\"@id\":\"https:\\\/\\\/luxurycandlesupplies.eu\\\/#website\"},\"primaryImageOfPage\":{\"@id\":\"https:\\\/\\\/luxurycandlesupplies.eu\\\/product\\\/wooden-lid-black-small-vogue-silicone-seel\\\/#primaryimage\"},\"image\":{\"@id\":\"https:\\\/\\\/luxurycandlesupplies.eu\\\/product\\\/wooden-lid-black-small-vogue-silicone-seel\\\/#primaryimage\"},\"thumbnailUrl\":\"https:\\\/\\\/luxurycandlesupplies.eu\\\/app\\\/uploads\\\/2024\\\/07\\\/3-1.jpg\",\"datePublished\":\"2024-06-20T09:09:36+00:00\",\"dateModified\":\"2026-05-13T14:11:11+00:00\",\"description\":\"Large Plastic Lid Ros\u00e9 Gold, suitable for Large Vogue Vessels & the Large Urban Collection\",\"breadcrumb\":{\"@id\":\"https:\\\/\\\/luxurycandlesupplies.eu\\\/product\\\/wooden-lid-black-small-vogue-silicone-seel\\\/#breadcrumb\"},\"inLanguage\":\"de-DE\",\"potentialAction\":[{\"@type\":\"ReadAction\",\"target\":[\"https:\\\/\\\/luxurycandlesupplies.eu\\\/product\\\/wooden-lid-black-small-vogue-silicone-seel\\\/\"]}]},{\"@type\":\"ImageObject\",\"inLanguage\":\"de-DE\",\"@id\":\"https:\\\/\\\/luxurycandlesupplies.eu\\\/product\\\/wooden-lid-black-small-vogue-silicone-seel\\\/#primaryimage\",\"url\":\"https:\\\/\\\/luxurycandlesupplies.eu\\\/app\\\/uploads\\\/2024\\\/07\\\/3-1.jpg\",\"contentUrl\":\"https:\\\/\\\/luxurycandlesupplies.eu\\\/app\\\/uploads\\\/2024\\\/07\\\/3-1.jpg\",\"width\":2100,\"height\":2100},{\"@type\":\"BreadcrumbList\",\"@id\":\"https:\\\/\\\/luxurycandlesupplies.eu\\\/product\\\/wooden-lid-black-small-vogue-silicone-seel\\\/#breadcrumb\",\"itemListElement\":[{\"@type\":\"ListItem\",\"position\":1,\"name\":\"Home\",\"item\":\"https:\\\/\\\/luxurycandlesupplies.eu\\\/\"},{\"@type\":\"ListItem\",\"position\":2,\"name\":\"Shop\",\"item\":\"https:\\\/\\\/luxurycandlesupplies.eu\\\/shop\\\/\"},{\"@type\":\"ListItem\",\"position\":3,\"name\":\"Wooden Lid Black Small Vogue &#8211; Silicone Seel\"}]},{\"@type\":\"WebSite\",\"@id\":\"https:\\\/\\\/luxurycandlesupplies.eu\\\/#website\",\"url\":\"https:\\\/\\\/luxurycandlesupplies.eu\\\/\",\"name\":\"Antwerp Luxury Candle Supplies\",\"description\":\"Distributor of all seasons soy wax\",\"publisher\":{\"@id\":\"https:\\\/\\\/luxurycandlesupplies.eu\\\/#organization\"},\"potentialAction\":[{\"@type\":\"SearchAction\",\"target\":{\"@type\":\"EntryPoint\",\"urlTemplate\":\"https:\\\/\\\/luxurycandlesupplies.eu\\\/?s={search_term_string}\"},\"query-input\":{\"@type\":\"PropertyValueSpecification\",\"valueRequired\":true,\"valueName\":\"search_term_string\"}}],\"inLanguage\":\"de-DE\"},{\"@type\":\"Organization\",\"@id\":\"https:\\\/\\\/luxurycandlesupplies.eu\\\/#organization\",\"name\":\"Antwerp Luxury Candle Supplies\",\"url\":\"https:\\\/\\\/luxurycandlesupplies.eu\\\/\",\"logo\":{\"@type\":\"ImageObject\",\"inLanguage\":\"de-DE\",\"@id\":\"https:\\\/\\\/luxurycandlesupplies.eu\\\/#\\\/schema\\\/logo\\\/image\\\/\",\"url\":\"https:\\\/\\\/luxurycandlesupplies.eu\\\/app\\\/uploads\\\/2022\\\/03\\\/antwerp-luxury-candle-supplies-1x.png\",\"contentUrl\":\"https:\\\/\\\/luxurycandlesupplies.eu\\\/app\\\/uploads\\\/2022\\\/03\\\/antwerp-luxury-candle-supplies-1x.png\",\"width\":330,\"height\":60,\"caption\":\"Antwerp Luxury Candle Supplies\"},\"image\":{\"@id\":\"https:\\\/\\\/luxurycandlesupplies.eu\\\/#\\\/schema\\\/logo\\\/image\\\/\"},\"sameAs\":[\"https:\\\/\\\/www.facebook.com\\\/Antwerpluxurycandlesupplies\\\/\",\"https:\\\/\\\/www.instagram.com\\\/antwerp_luxury_candle_supplies\\\/\",\"https:\\\/\\\/pin.it\\\/7joOXRW\"]}]}<\/script>","yoast_head_json":{"title":"Holzdeckel Schwarz Klein Vogue - Silikon Seel - Antwerp Luxury Candle Supplies","description":"Gro\u00dfer Kunststoffdeckel Ros\u00e9 Gold, passend f\u00fcr gro\u00dfe Vogue-Gef\u00e4\u00dfe und die gro\u00dfe Urban-Kollektion","robots":{"index":"index","follow":"follow","max-snippet":"max-snippet:-1","max-image-preview":"max-image-preview:large","max-video-preview":"max-video-preview:-1"},"canonical":"https:\/\/luxurycandlesupplies.eu\/de\/produkt\/holzdeckel-schwarz-klein-vogue-silikon-dichtung\/","og_locale":"de_DE","og_type":"article","og_title":"Wooden Lid Black Small Vogue - Silicone Seel - Antwerp Luxury Candle Supplies","og_description":"Large Plastic Lid Ros\u00e9 Gold, suitable for Large Vogue Vessels & the Large Urban Collection","og_url":"https:\/\/luxurycandlesupplies.eu\/de\/produkt\/holzdeckel-schwarz-klein-vogue-silikon-dichtung\/","og_site_name":"Antwerp Luxury Candle Supplies","article_publisher":"https:\/\/www.facebook.com\/Antwerpluxurycandlesupplies\/","article_modified_time":"2026-05-13T14:11:11+00:00","og_image":[{"width":2100,"height":2100,"url":"https:\/\/luxurycandlesupplies.eu\/app\/uploads\/2024\/07\/3-1.jpg","type":"image\/jpeg"}],"twitter_card":"summary_large_image","twitter_misc":{"Gesch\u00e4tzte Lesezeit":"1 minute"},"schema":{"@context":"https:\/\/schema.org","@graph":[{"@type":"WebPage","@id":"https:\/\/luxurycandlesupplies.eu\/product\/wooden-lid-black-small-vogue-silicone-seel\/","url":"https:\/\/luxurycandlesupplies.eu\/product\/wooden-lid-black-small-vogue-silicone-seel\/","name":"Holzdeckel Schwarz Klein Vogue - Silikon Seel - Antwerp Luxury Candle Supplies","isPartOf":{"@id":"https:\/\/luxurycandlesupplies.eu\/#website"},"primaryImageOfPage":{"@id":"https:\/\/luxurycandlesupplies.eu\/product\/wooden-lid-black-small-vogue-silicone-seel\/#primaryimage"},"image":{"@id":"https:\/\/luxurycandlesupplies.eu\/product\/wooden-lid-black-small-vogue-silicone-seel\/#primaryimage"},"thumbnailUrl":"https:\/\/luxurycandlesupplies.eu\/app\/uploads\/2024\/07\/3-1.jpg","datePublished":"2024-06-20T09:09:36+00:00","dateModified":"2026-05-13T14:11:11+00:00","description":"Gro\u00dfer Kunststoffdeckel Ros\u00e9 Gold, passend f\u00fcr gro\u00dfe Vogue-Gef\u00e4\u00dfe und die gro\u00dfe Urban-Kollektion","breadcrumb":{"@id":"https:\/\/luxurycandlesupplies.eu\/product\/wooden-lid-black-small-vogue-silicone-seel\/#breadcrumb"},"inLanguage":"de-DE","potentialAction":[{"@type":"ReadAction","target":["https:\/\/luxurycandlesupplies.eu\/product\/wooden-lid-black-small-vogue-silicone-seel\/"]}]},{"@type":"ImageObject","inLanguage":"de-DE","@id":"https:\/\/luxurycandlesupplies.eu\/product\/wooden-lid-black-small-vogue-silicone-seel\/#primaryimage","url":"https:\/\/luxurycandlesupplies.eu\/app\/uploads\/2024\/07\/3-1.jpg","contentUrl":"https:\/\/luxurycandlesupplies.eu\/app\/uploads\/2024\/07\/3-1.jpg","width":2100,"height":2100},{"@type":"BreadcrumbList","@id":"https:\/\/luxurycandlesupplies.eu\/product\/wooden-lid-black-small-vogue-silicone-seel\/#breadcrumb","itemListElement":[{"@type":"ListItem","position":1,"name":"Home","item":"https:\/\/luxurycandlesupplies.eu\/"},{"@type":"ListItem","position":2,"name":"Shop","item":"https:\/\/luxurycandlesupplies.eu\/shop\/"},{"@type":"ListItem","position":3,"name":"Wooden Lid Black Small Vogue &#8211; Silicone Seel"}]},{"@type":"WebSite","@id":"https:\/\/luxurycandlesupplies.eu\/#website","url":"https:\/\/luxurycandlesupplies.eu\/","name":"Antwerpener Luxus-Kerzen-Bedarf","description":"Vertreiber von Sojawachs f\u00fcr alle Jahreszeiten","publisher":{"@id":"https:\/\/luxurycandlesupplies.eu\/#organization"},"potentialAction":[{"@type":"SearchAction","target":{"@type":"EntryPoint","urlTemplate":"https:\/\/luxurycandlesupplies.eu\/?s={search_term_string}"},"query-input":{"@type":"PropertyValueSpecification","valueRequired":true,"valueName":"search_term_string"}}],"inLanguage":"de-DE"},{"@type":"Organization","@id":"https:\/\/luxurycandlesupplies.eu\/#organization","name":"Antwerpener Luxus-Kerzen-Bedarf","url":"https:\/\/luxurycandlesupplies.eu\/","logo":{"@type":"ImageObject","inLanguage":"de-DE","@id":"https:\/\/luxurycandlesupplies.eu\/#\/schema\/logo\/image\/","url":"https:\/\/luxurycandlesupplies.eu\/app\/uploads\/2022\/03\/antwerp-luxury-candle-supplies-1x.png","contentUrl":"https:\/\/luxurycandlesupplies.eu\/app\/uploads\/2022\/03\/antwerp-luxury-candle-supplies-1x.png","width":330,"height":60,"caption":"Antwerp Luxury Candle Supplies"},"image":{"@id":"https:\/\/luxurycandlesupplies.eu\/#\/schema\/logo\/image\/"},"sameAs":["https:\/\/www.facebook.com\/Antwerpluxurycandlesupplies\/","https:\/\/www.instagram.com\/antwerp_luxury_candle_supplies\/","https:\/\/pin.it\/7joOXRW"]}]}},"_links":{"self":[{"href":"https:\/\/luxurycandlesupplies.eu\/de\/wp-json\/wp\/v2\/product\/16246","targetHints":{"allow":["GET"]}}],"collection":[{"href":"https:\/\/luxurycandlesupplies.eu\/de\/wp-json\/wp\/v2\/product"}],"about":[{"href":"https:\/\/luxurycandlesupplies.eu\/de\/wp-json\/wp\/v2\/types\/product"}],"wp:featuredmedia":[{"embeddable":true,"href":"https:\/\/luxurycandlesupplies.eu\/de\/wp-json\/wp\/v2\/media\/16715"}],"wp:attachment":[{"href":"https:\/\/luxurycandlesupplies.eu\/de\/wp-json\/wp\/v2\/media?parent=16246"}],"wp:term":[{"taxonomy":"product_brand","embeddable":true,"href":"https:\/\/luxurycandlesupplies.eu\/de\/wp-json\/wp\/v2\/product_brand?post=16246"},{"taxonomy":"product_cat","embeddable":true,"href":"https:\/\/luxurycandlesupplies.eu\/de\/wp-json\/wp\/v2\/product_cat?post=16246"},{"taxonomy":"product_tag","embeddable":true,"href":"https:\/\/luxurycandlesupplies.eu\/de\/wp-json\/wp\/v2\/product_tag?post=16246"}],"curies":[{"name":"wp","href":"https:\/\/api.w.org\/{rel}","templated":true}]}}