{"id":16527,"date":"2024-06-27T15:45:15","date_gmt":"2024-06-27T13:45:15","guid":{"rendered":"https:\/\/luxurycandlesupplies.eu\/?post_type=product&#038;p=16527"},"modified":"2025-10-06T10:51:46","modified_gmt":"2025-10-06T08:51:46","slug":"apotheker-glas-bernstein-gold-deckel-250ml","status":"publish","type":"product","link":"https:\/\/luxurycandlesupplies.eu\/de\/product\/apothecary-jar-amber-gold-lid-250ml\/","title":{"rendered":"Apothekergef\u00e4\u00df - Bernstein Gold Deckel 250ml"},"content":{"rendered":"<h4>BESCHREIBUNG<\/h4>\n<div class=\"product info detailed after-content\">\n<div class=\"product data items\">\n<div class=\"product-data-items-content\">\n<div id=\"attributedescription\" class=\"data item content\" role=\"tabpanel\" data-role=\"content\" aria-labelledby=\"tab-label-attributedescription\" aria-hidden=\"false\">\n<p>&nbsp;<\/p>\n<p>Das 250ml Braunglas mit Aluminiumkappe vereint klassisches Design mit moderner Funktionalit\u00e4t in einem.<\/p>\n<p><strong>Geeignete Verpackung<\/strong>: Die Apothecary-Reihe wird mit einer erg\u00e4nzenden wei\u00dfen Geschenkbox geliefert<\/p>\n<p><strong>Wird mit Schraubdeckel geliefert.<\/strong><\/p>\n<p><strong>Empfohlene Dochtgr\u00f6\u00dfe<\/strong>*:\u00a0<a href=\"https:\/\/luxurycandlesupplies.eu\/de\/produkt\/dochte-von-lcs-55\/\">LCS 55,<\/a>\u00a0<a href=\"https:\/\/luxurycandlesupplies.eu\/de\/produkt\/dochte-von-lcs-60\/\">LCS 60<\/a>,\u00a0<a href=\"https:\/\/luxurycandlesupplies.eu\/de\/produkt\/dubbel-holzdocht-10-x-150-mm\/\">DWW 10<\/a><\/p>\n<p>*Bitte beachten Sie, dass die Dochtgr\u00f6\u00dfen nur Vorschl\u00e4ge sind.<\/p>\n<div class=\"product attribute description\">\n<div class=\"value\">\n<p>&nbsp;<\/p>\n<\/div>\n<\/div>\n<\/div>\n<\/div>\n<\/div>\n<\/div>","protected":false},"excerpt":{"rendered":"<p>Das 250ml Braunglas mit Aluminiumkappe vereint klassisches Design mit moderner Funktionalit\u00e4t in einem.<\/p>\n<p><strong>Geeignete Verpackung<\/strong>: Die Apothecary-Reihe wird mit einer erg\u00e4nzenden wei\u00dfen Geschenkbox geliefert<\/p>\n<p><strong>Wird mit Schraubdeckel geliefert.<\/strong><\/p>\n<p><strong>Empfohlene Dochtgr\u00f6\u00dfe<\/strong>*:\u00a0<a href=\"https:\/\/luxurycandlesupplies.eu\/de\/produkt\/dochte-von-lcs-55\/\">LCS 55,<\/a>\u00a0<a href=\"https:\/\/luxurycandlesupplies.eu\/de\/produkt\/dochte-von-lcs-60\/\">LCS 60<\/a>,\u00a0<a href=\"https:\/\/luxurycandlesupplies.eu\/de\/produkt\/dubbel-holzdocht-10-x-150-mm\/\">DWW 10<\/a><\/p>\n<p>*Bitte beachten Sie, dass die Dochtgr\u00f6\u00dfen nur Vorschl\u00e4ge sind.<\/p>\n<p><strong>Abmessungen des Innenbeh\u00e4lters<\/strong>: 60mmB x 70mmH<\/p>\n<p><strong>\u00c4u\u00dfere Abmessungen des Beh\u00e4lters<\/strong>: 70mmB x 90mmH (mit Deckel)<\/p>\n<p>&nbsp;<\/p>\n<p>&nbsp;<\/p>\n<div class=\"product attribute description\">\n<div class=\"value\">\n<p>&nbsp;<\/p>\n<\/div>\n<\/div>","protected":false},"featured_media":16525,"template":"","meta":{"_acf_changed":false,"site-sidebar-layout":"default","site-content-layout":"default","ast-site-content-layout":"default","site-content-style":"default","site-sidebar-style":"default","ast-global-header-display":"","ast-banner-title-visibility":"","ast-main-header-display":"","ast-hfb-above-header-display":"","ast-hfb-below-header-display":"","ast-hfb-mobile-header-display":"","site-post-title":"","ast-breadcrumbs-content":"","ast-featured-img":"","footer-sml-layout":"","ast-disable-related-posts":"","theme-transparent-header-meta":"default","adv-header-id-meta":"","stick-header-meta":"","header-above-stick-meta":"","header-main-stick-meta":"","header-below-stick-meta":"","astra-migrate-meta-layouts":"set","ast-page-background-enabled":"default","ast-page-background-meta":{"desktop":{"background-color":"","background-image":"","background-repeat":"repeat","background-position":"center center","background-size":"auto","background-attachment":"scroll","background-type":"","background-media":"","overlay-type":"","overlay-color":"","overlay-opacity":"","overlay-gradient":""},"tablet":{"background-color":"","background-image":"","background-repeat":"repeat","background-position":"center center","background-size":"auto","background-attachment":"scroll","background-type":"","background-media":"","overlay-type":"","overlay-color":"","overlay-opacity":"","overlay-gradient":""},"mobile":{"background-color":"","background-image":"","background-repeat":"repeat","background-position":"center center","background-size":"auto","background-attachment":"scroll","background-type":"","background-media":"","overlay-type":"","overlay-color":"","overlay-opacity":"","overlay-gradient":""}},"ast-content-background-meta":{"desktop":{"background-color":"var(--ast-global-color-5)","background-image":"","background-repeat":"repeat","background-position":"center center","background-size":"auto","background-attachment":"scroll","background-type":"","background-media":"","overlay-type":"","overlay-color":"","overlay-opacity":"","overlay-gradient":""},"tablet":{"background-color":"var(--ast-global-color-5)","background-image":"","background-repeat":"repeat","background-position":"center center","background-size":"auto","background-attachment":"scroll","background-type":"","background-media":"","overlay-type":"","overlay-color":"","overlay-opacity":"","overlay-gradient":""},"mobile":{"background-color":"var(--ast-global-color-5)","background-image":"","background-repeat":"repeat","background-position":"center center","background-size":"auto","background-attachment":"scroll","background-type":"","background-media":"","overlay-type":"","overlay-color":"","overlay-opacity":"","overlay-gradient":""}}},"product_brand":[],"product_cat":[1442,67],"product_tag":[124,1445,149,291,1451,364,1446],"class_list":{"0":"post-16527","1":"product","2":"type-product","3":"status-publish","4":"has-post-thumbnail","6":"product_cat-apothecary-collection","7":"product_cat-candlejars","8":"product_tag-amber","9":"product_tag-apothecary","10":"product_tag-black","11":"product_tag-gold","12":"product_tag-jar","13":"product_tag-lid","14":"product_tag-pharmacy","15":"desktop-align-left","16":"tablet-align-left","17":"mobile-align-left","18":"ast-product-gallery-layout-horizontal-slider","19":"ast-product-gallery-with-no-image","20":"ast-product-tabs-layout-horizontal","22":"first","23":"outofstock","24":"taxable","25":"shipping-taxable","26":"purchasable","27":"product-type-simple"},"acf":[],"yoast_head":"<title>Apothecary Jar - Amber Gold Lid 250ml - Antwerp Luxury Candle Supplies<\/title>\n<meta name=\"robots\" content=\"index, follow, max-snippet:-1, max-image-preview:large, max-video-preview:-1\" \/>\n<link rel=\"canonical\" href=\"https:\/\/luxurycandlesupplies.eu\/de\/produkt\/apotheker-glas-bernstein-gold-deckel-250ml\/\" \/>\n<meta property=\"og:locale\" content=\"de_DE\" \/>\n<meta property=\"og:type\" content=\"article\" \/>\n<meta property=\"og:title\" content=\"Apothecary Jar - Amber Gold Lid 250ml - Antwerp Luxury Candle Supplies\" \/>\n<meta property=\"og:description\" content=\"The 250ml Amber sprayed Glass Jar &amp; Aluminium Cap mixes classic design with modern functionality all in one place.  Suitable Packaging: The Apothecary range arrive with a complementary white gift box  Comes with screw top lid.  Suggested Wick Size*:\u00a0LCS 55,\u00a0LCS 60,\u00a0DWW 10  *Please note, wick sizes are suggestions only.  Internal Vessel Dimensions: 60mmW x 70mmH  External Vessel Dimensions: 70mmW x 90mmH (with Lid)  &nbsp;  &nbsp;    &nbsp;\" \/>\n<meta property=\"og:url\" content=\"https:\/\/luxurycandlesupplies.eu\/de\/produkt\/apotheker-glas-bernstein-gold-deckel-250ml\/\" \/>\n<meta property=\"og:site_name\" content=\"Antwerp Luxury Candle Supplies\" \/>\n<meta property=\"article:publisher\" content=\"https:\/\/www.facebook.com\/Antwerpluxurycandlesupplies\/\" \/>\n<meta property=\"article:modified_time\" content=\"2025-10-06T08:51:46+00:00\" \/>\n<meta property=\"og:image\" content=\"https:\/\/luxurycandlesupplies.eu\/app\/uploads\/2024\/06\/dsc_7873-scaled.jpg\" \/>\n\t<meta property=\"og:image:width\" content=\"2560\" \/>\n\t<meta property=\"og:image:height\" content=\"2560\" \/>\n\t<meta property=\"og:image:type\" content=\"image\/jpeg\" \/>\n<meta name=\"twitter:card\" content=\"summary_large_image\" \/>\n<meta name=\"twitter:label1\" content=\"Gesch\u00e4tzte Lesezeit\" \/>\n\t<meta name=\"twitter:data1\" content=\"1 minute\" \/>\n<script type=\"application\/ld+json\" class=\"yoast-schema-graph\">{\"@context\":\"https:\\\/\\\/schema.org\",\"@graph\":[{\"@type\":\"WebPage\",\"@id\":\"https:\\\/\\\/luxurycandlesupplies.eu\\\/product\\\/apothecary-jar-amber-gold-lid-250ml\\\/\",\"url\":\"https:\\\/\\\/luxurycandlesupplies.eu\\\/product\\\/apothecary-jar-amber-gold-lid-250ml\\\/\",\"name\":\"Apothecary Jar - Amber Gold Lid 250ml - Antwerp Luxury Candle Supplies\",\"isPartOf\":{\"@id\":\"https:\\\/\\\/luxurycandlesupplies.eu\\\/#website\"},\"primaryImageOfPage\":{\"@id\":\"https:\\\/\\\/luxurycandlesupplies.eu\\\/product\\\/apothecary-jar-amber-gold-lid-250ml\\\/#primaryimage\"},\"image\":{\"@id\":\"https:\\\/\\\/luxurycandlesupplies.eu\\\/product\\\/apothecary-jar-amber-gold-lid-250ml\\\/#primaryimage\"},\"thumbnailUrl\":\"https:\\\/\\\/luxurycandlesupplies.eu\\\/app\\\/uploads\\\/2024\\\/06\\\/dsc_7873-scaled.jpg\",\"datePublished\":\"2024-06-27T13:45:15+00:00\",\"dateModified\":\"2025-10-06T08:51:46+00:00\",\"breadcrumb\":{\"@id\":\"https:\\\/\\\/luxurycandlesupplies.eu\\\/product\\\/apothecary-jar-amber-gold-lid-250ml\\\/#breadcrumb\"},\"inLanguage\":\"de-DE\",\"potentialAction\":[{\"@type\":\"ReadAction\",\"target\":[\"https:\\\/\\\/luxurycandlesupplies.eu\\\/product\\\/apothecary-jar-amber-gold-lid-250ml\\\/\"]}]},{\"@type\":\"ImageObject\",\"inLanguage\":\"de-DE\",\"@id\":\"https:\\\/\\\/luxurycandlesupplies.eu\\\/product\\\/apothecary-jar-amber-gold-lid-250ml\\\/#primaryimage\",\"url\":\"https:\\\/\\\/luxurycandlesupplies.eu\\\/app\\\/uploads\\\/2024\\\/06\\\/dsc_7873-scaled.jpg\",\"contentUrl\":\"https:\\\/\\\/luxurycandlesupplies.eu\\\/app\\\/uploads\\\/2024\\\/06\\\/dsc_7873-scaled.jpg\",\"width\":2560,\"height\":2560},{\"@type\":\"BreadcrumbList\",\"@id\":\"https:\\\/\\\/luxurycandlesupplies.eu\\\/product\\\/apothecary-jar-amber-gold-lid-250ml\\\/#breadcrumb\",\"itemListElement\":[{\"@type\":\"ListItem\",\"position\":1,\"name\":\"Home\",\"item\":\"https:\\\/\\\/luxurycandlesupplies.eu\\\/\"},{\"@type\":\"ListItem\",\"position\":2,\"name\":\"Shop\",\"item\":\"https:\\\/\\\/luxurycandlesupplies.eu\\\/shop\\\/\"},{\"@type\":\"ListItem\",\"position\":3,\"name\":\"Apothecary Jar &#8211; Amber Gold Lid 250ml\"}]},{\"@type\":\"WebSite\",\"@id\":\"https:\\\/\\\/luxurycandlesupplies.eu\\\/#website\",\"url\":\"https:\\\/\\\/luxurycandlesupplies.eu\\\/\",\"name\":\"Antwerp Luxury Candle Supplies\",\"description\":\"Distributor of all seasons soy wax\",\"publisher\":{\"@id\":\"https:\\\/\\\/luxurycandlesupplies.eu\\\/#organization\"},\"potentialAction\":[{\"@type\":\"SearchAction\",\"target\":{\"@type\":\"EntryPoint\",\"urlTemplate\":\"https:\\\/\\\/luxurycandlesupplies.eu\\\/?s={search_term_string}\"},\"query-input\":{\"@type\":\"PropertyValueSpecification\",\"valueRequired\":true,\"valueName\":\"search_term_string\"}}],\"inLanguage\":\"de-DE\"},{\"@type\":\"Organization\",\"@id\":\"https:\\\/\\\/luxurycandlesupplies.eu\\\/#organization\",\"name\":\"Antwerp Luxury Candle Supplies\",\"url\":\"https:\\\/\\\/luxurycandlesupplies.eu\\\/\",\"logo\":{\"@type\":\"ImageObject\",\"inLanguage\":\"de-DE\",\"@id\":\"https:\\\/\\\/luxurycandlesupplies.eu\\\/#\\\/schema\\\/logo\\\/image\\\/\",\"url\":\"https:\\\/\\\/luxurycandlesupplies.eu\\\/app\\\/uploads\\\/2022\\\/03\\\/antwerp-luxury-candle-supplies-1x.png\",\"contentUrl\":\"https:\\\/\\\/luxurycandlesupplies.eu\\\/app\\\/uploads\\\/2022\\\/03\\\/antwerp-luxury-candle-supplies-1x.png\",\"width\":330,\"height\":60,\"caption\":\"Antwerp Luxury Candle Supplies\"},\"image\":{\"@id\":\"https:\\\/\\\/luxurycandlesupplies.eu\\\/#\\\/schema\\\/logo\\\/image\\\/\"},\"sameAs\":[\"https:\\\/\\\/www.facebook.com\\\/Antwerpluxurycandlesupplies\\\/\",\"https:\\\/\\\/www.instagram.com\\\/antwerp_luxury_candle_supplies\\\/\",\"https:\\\/\\\/pin.it\\\/7joOXRW\"]}]}<\/script>","yoast_head_json":{"title":"Apothekerglas - Bernstein Gold Deckel 250ml - Antwerpener Luxuskerzenbedarf","robots":{"index":"index","follow":"follow","max-snippet":"max-snippet:-1","max-image-preview":"max-image-preview:large","max-video-preview":"max-video-preview:-1"},"canonical":"https:\/\/luxurycandlesupplies.eu\/de\/produkt\/apotheker-glas-bernstein-gold-deckel-250ml\/","og_locale":"de_DE","og_type":"article","og_title":"Apothecary Jar - Amber Gold Lid 250ml - Antwerp Luxury Candle Supplies","og_description":"The 250ml Amber sprayed Glass Jar &amp; Aluminium Cap mixes classic design with modern functionality all in one place.  Suitable Packaging: The Apothecary range arrive with a complementary white gift box  Comes with screw top lid.  Suggested Wick Size*:\u00a0LCS 55,\u00a0LCS 60,\u00a0DWW 10  *Please note, wick sizes are suggestions only.  Internal Vessel Dimensions: 60mmW x 70mmH  External Vessel Dimensions: 70mmW x 90mmH (with Lid)  &nbsp;  &nbsp;    &nbsp;","og_url":"https:\/\/luxurycandlesupplies.eu\/de\/produkt\/apotheker-glas-bernstein-gold-deckel-250ml\/","og_site_name":"Antwerp Luxury Candle Supplies","article_publisher":"https:\/\/www.facebook.com\/Antwerpluxurycandlesupplies\/","article_modified_time":"2025-10-06T08:51:46+00:00","og_image":[{"width":2560,"height":2560,"url":"https:\/\/luxurycandlesupplies.eu\/app\/uploads\/2024\/06\/dsc_7873-scaled.jpg","type":"image\/jpeg"}],"twitter_card":"summary_large_image","twitter_misc":{"Gesch\u00e4tzte Lesezeit":"1 minute"},"schema":{"@context":"https:\/\/schema.org","@graph":[{"@type":"WebPage","@id":"https:\/\/luxurycandlesupplies.eu\/product\/apothecary-jar-amber-gold-lid-250ml\/","url":"https:\/\/luxurycandlesupplies.eu\/product\/apothecary-jar-amber-gold-lid-250ml\/","name":"Apothekerglas - Bernstein Gold Deckel 250ml - Antwerpener Luxuskerzenbedarf","isPartOf":{"@id":"https:\/\/luxurycandlesupplies.eu\/#website"},"primaryImageOfPage":{"@id":"https:\/\/luxurycandlesupplies.eu\/product\/apothecary-jar-amber-gold-lid-250ml\/#primaryimage"},"image":{"@id":"https:\/\/luxurycandlesupplies.eu\/product\/apothecary-jar-amber-gold-lid-250ml\/#primaryimage"},"thumbnailUrl":"https:\/\/luxurycandlesupplies.eu\/app\/uploads\/2024\/06\/dsc_7873-scaled.jpg","datePublished":"2024-06-27T13:45:15+00:00","dateModified":"2025-10-06T08:51:46+00:00","breadcrumb":{"@id":"https:\/\/luxurycandlesupplies.eu\/product\/apothecary-jar-amber-gold-lid-250ml\/#breadcrumb"},"inLanguage":"de-DE","potentialAction":[{"@type":"ReadAction","target":["https:\/\/luxurycandlesupplies.eu\/product\/apothecary-jar-amber-gold-lid-250ml\/"]}]},{"@type":"ImageObject","inLanguage":"de-DE","@id":"https:\/\/luxurycandlesupplies.eu\/product\/apothecary-jar-amber-gold-lid-250ml\/#primaryimage","url":"https:\/\/luxurycandlesupplies.eu\/app\/uploads\/2024\/06\/dsc_7873-scaled.jpg","contentUrl":"https:\/\/luxurycandlesupplies.eu\/app\/uploads\/2024\/06\/dsc_7873-scaled.jpg","width":2560,"height":2560},{"@type":"BreadcrumbList","@id":"https:\/\/luxurycandlesupplies.eu\/product\/apothecary-jar-amber-gold-lid-250ml\/#breadcrumb","itemListElement":[{"@type":"ListItem","position":1,"name":"Home","item":"https:\/\/luxurycandlesupplies.eu\/"},{"@type":"ListItem","position":2,"name":"Shop","item":"https:\/\/luxurycandlesupplies.eu\/shop\/"},{"@type":"ListItem","position":3,"name":"Apothecary Jar &#8211; Amber Gold Lid 250ml"}]},{"@type":"WebSite","@id":"https:\/\/luxurycandlesupplies.eu\/#website","url":"https:\/\/luxurycandlesupplies.eu\/","name":"Antwerpener Luxus-Kerzen-Bedarf","description":"Vertreiber von Sojawachs f\u00fcr alle Jahreszeiten","publisher":{"@id":"https:\/\/luxurycandlesupplies.eu\/#organization"},"potentialAction":[{"@type":"SearchAction","target":{"@type":"EntryPoint","urlTemplate":"https:\/\/luxurycandlesupplies.eu\/?s={search_term_string}"},"query-input":{"@type":"PropertyValueSpecification","valueRequired":true,"valueName":"search_term_string"}}],"inLanguage":"de-DE"},{"@type":"Organization","@id":"https:\/\/luxurycandlesupplies.eu\/#organization","name":"Antwerpener Luxus-Kerzen-Bedarf","url":"https:\/\/luxurycandlesupplies.eu\/","logo":{"@type":"ImageObject","inLanguage":"de-DE","@id":"https:\/\/luxurycandlesupplies.eu\/#\/schema\/logo\/image\/","url":"https:\/\/luxurycandlesupplies.eu\/app\/uploads\/2022\/03\/antwerp-luxury-candle-supplies-1x.png","contentUrl":"https:\/\/luxurycandlesupplies.eu\/app\/uploads\/2022\/03\/antwerp-luxury-candle-supplies-1x.png","width":330,"height":60,"caption":"Antwerp Luxury Candle Supplies"},"image":{"@id":"https:\/\/luxurycandlesupplies.eu\/#\/schema\/logo\/image\/"},"sameAs":["https:\/\/www.facebook.com\/Antwerpluxurycandlesupplies\/","https:\/\/www.instagram.com\/antwerp_luxury_candle_supplies\/","https:\/\/pin.it\/7joOXRW"]}]}},"_links":{"self":[{"href":"https:\/\/luxurycandlesupplies.eu\/de\/wp-json\/wp\/v2\/product\/16527","targetHints":{"allow":["GET"]}}],"collection":[{"href":"https:\/\/luxurycandlesupplies.eu\/de\/wp-json\/wp\/v2\/product"}],"about":[{"href":"https:\/\/luxurycandlesupplies.eu\/de\/wp-json\/wp\/v2\/types\/product"}],"wp:featuredmedia":[{"embeddable":true,"href":"https:\/\/luxurycandlesupplies.eu\/de\/wp-json\/wp\/v2\/media\/16525"}],"wp:attachment":[{"href":"https:\/\/luxurycandlesupplies.eu\/de\/wp-json\/wp\/v2\/media?parent=16527"}],"wp:term":[{"taxonomy":"product_brand","embeddable":true,"href":"https:\/\/luxurycandlesupplies.eu\/de\/wp-json\/wp\/v2\/product_brand?post=16527"},{"taxonomy":"product_cat","embeddable":true,"href":"https:\/\/luxurycandlesupplies.eu\/de\/wp-json\/wp\/v2\/product_cat?post=16527"},{"taxonomy":"product_tag","embeddable":true,"href":"https:\/\/luxurycandlesupplies.eu\/de\/wp-json\/wp\/v2\/product_tag?post=16527"}],"curies":[{"name":"wp","href":"https:\/\/api.w.org\/{rel}","templated":true}]}}