{"id":17836,"date":"2024-09-20T15:35:29","date_gmt":"2024-09-20T13:35:29","guid":{"rendered":"https:\/\/luxurycandlesupplies.eu\/?post_type=product&#038;p=17836"},"modified":"2026-05-14T18:33:07","modified_gmt":"2026-05-14T16:33:07","slug":"zitronenkiefer","status":"publish","type":"product","link":"https:\/\/luxurycandlesupplies.eu\/de\/product\/lemon-pine\/","title":{"rendered":"Zitrone &amp; Kiefer - UFI befreit <10%"},"content":{"rendered":"<h3>BESCHREIBUNG<\/h3>\n<p>&nbsp;<\/p>\n<h3><em><strong>Zitrone &amp; Kiefer<\/strong><\/em><\/h3>\n<p>&nbsp;<\/p>\n<p>Lemon &amp; Pine, wie die ber\u00fchmte Wei\u00dfe Fichte, ist ein frischer und belebender Duft, der die freie Natur zum Leben erweckt. Er \u00f6ffnet sich mit pikanten Kopfnoten von Granny Smith Apfel, Zitrone und Limettenschale, die einen hellen, zitrusartigen Ausbruch liefern. Die Herznote des Duftes besteht aus dem frischen, holzigen Aroma von Kiefer, Tannennadel und Wei\u00dffichte und erinnert an die Frische des Waldes.<\/p>\n<p>Dieser Duft ist perfekt f\u00fcr alle, die die nat\u00fcrliche Harmonie von Zitrusfr\u00fcchten und Holz lieben.<\/p>\n<p>&nbsp;<\/p>\n<p>Kopfnoten:  Granny Smith Apfel - Zitrone - Limettenzeste<\/p>\n<p>Mittlere Noten: Kiefer - Tannennadel - Wei\u00dfe Fichte<\/p>\n<p>Basisnoten: Moos - Sandelholz<\/p>\n<p>&nbsp;<\/p>\n<h3>UNSERE EMPFEHLUNG<\/h3>\n<hr \/>\n<div>\n<p>Die Verwendung von Duft\u00f6len h\u00e4ngt von dem Produkt ab, das Sie herstellen. Im folgenden Leitfaden finden Sie die f\u00fcr Ihr Produkt geeigneten Mischungsverh\u00e4ltnisse.<\/p>\n<p>Bitte beachten Sie, dass es sich bei den unten genannten Werten nur um Vorschl\u00e4ge handelt. Wir empfehlen den Benutzern, ihre eigenen Tests mit den vorgesehenen Wachs- und \u00d6lmischungen durchzuf\u00fchren, um optimale Ergebnisse zu erzielen.<\/p>\n<p>Kerzen: 6-10%, UFI frei max 10%<br \/>\nWachsmelonen: 10-12%<\/p>\n<p>&nbsp;<\/p>\n<\/div>\n<h2>CLP &amp; SDS INFORMATIONEN<\/h2>\n<hr \/>\n<p><a href=\"https:\/\/luxurycandlesupplies.eu\/app\/uploads\/2024\/09\/Lemon-Pine-SDS-5.pdf\">Zitrone &amp; Kiefer SDS 5%<\/a><\/p>\n<p><a href=\"https:\/\/luxurycandlesupplies.eu\/app\/uploads\/2024\/09\/Lemon-Pine-10.pdf\">Zitrone &amp; Kiefer SDS 10%<\/a><\/p>\n<p><a href=\"https:\/\/luxurycandlesupplies.eu\/app\/uploads\/2024\/09\/Lemon-Pine-SDS-100.pdf\">Zitrone &amp; Kiefer SDS 100%<\/a><\/p>\n<p><a href=\"https:\/\/luxurycandlesupplies.eu\/app\/uploads\/2024\/09\/CLP-label-_-Lemon-Pine_-candle-5.pdf\">CLP-Etikett _ Lemon &amp; Pine_ Kerze 5%<\/a><\/p>\n<p><a href=\"https:\/\/luxurycandlesupplies.eu\/app\/uploads\/2024\/09\/CLP-label-_-Lemon-Pine_-candle-10_Free-of-UFI.pdf\">CLP-Etikett _ Lemon &amp; Pine_ Kerze 10%_Frei von UFI<\/a><\/p>\n<p>&nbsp;<\/p>\n<p>UFI: 43C0-E0M0-300G-5UGW<\/p>\n<p><img decoding=\"async\" class=\"alignnone wp-image-23489\" src=\"https:\/\/luxurycandlesupplies.eu\/app\/uploads\/2025\/07\/Danger-4-300x300.png\" alt=\"\" width=\"123\" height=\"123\" srcset=\"https:\/\/luxurycandlesupplies.eu\/app\/uploads\/2025\/07\/Danger-4-300x300.png 300w, https:\/\/luxurycandlesupplies.eu\/app\/uploads\/2025\/07\/Danger-4-1024x1024.png 1024w, https:\/\/luxurycandlesupplies.eu\/app\/uploads\/2025\/07\/Danger-4-150x150.png 150w, https:\/\/luxurycandlesupplies.eu\/app\/uploads\/2025\/07\/Danger-4-768x768.png 768w, https:\/\/luxurycandlesupplies.eu\/app\/uploads\/2025\/07\/Danger-4-12x12.png 12w, https:\/\/luxurycandlesupplies.eu\/app\/uploads\/2025\/07\/Danger-4-600x600.png 600w, https:\/\/luxurycandlesupplies.eu\/app\/uploads\/2025\/07\/Danger-4-100x100.png 100w, https:\/\/luxurycandlesupplies.eu\/app\/uploads\/2025\/07\/Danger-4.png 1080w\" sizes=\"(max-width: 123px) 100vw, 123px\" \/> <img decoding=\"async\" class=\"alignnone wp-image-23488\" src=\"https:\/\/luxurycandlesupplies.eu\/app\/uploads\/2025\/07\/Danger-3-300x300.png\" alt=\"\" width=\"123\" height=\"123\" srcset=\"https:\/\/luxurycandlesupplies.eu\/app\/uploads\/2025\/07\/Danger-3-300x300.png 300w, https:\/\/luxurycandlesupplies.eu\/app\/uploads\/2025\/07\/Danger-3-1024x1024.png 1024w, https:\/\/luxurycandlesupplies.eu\/app\/uploads\/2025\/07\/Danger-3-150x150.png 150w, https:\/\/luxurycandlesupplies.eu\/app\/uploads\/2025\/07\/Danger-3-768x768.png 768w, https:\/\/luxurycandlesupplies.eu\/app\/uploads\/2025\/07\/Danger-3-12x12.png 12w, https:\/\/luxurycandlesupplies.eu\/app\/uploads\/2025\/07\/Danger-3-600x600.png 600w, https:\/\/luxurycandlesupplies.eu\/app\/uploads\/2025\/07\/Danger-3-100x100.png 100w, https:\/\/luxurycandlesupplies.eu\/app\/uploads\/2025\/07\/Danger-3.png 1080w\" sizes=\"(max-width: 123px) 100vw, 123px\" \/><\/p>\n<p><strong>Zitrone &amp; Kiefer NL<\/strong><\/p>\n<p>H226 Ontvlambare vloeistof en damp. H315 Veroorzaakt huidirritatie. H319 Veroorzaakt ernstige<br \/>\nOogirritatie. H317 Kan een allergische huidreactie veroorzaken. H411 Giftig f\u00fcr im Wasser levende<br \/>\norganismen, met langdurige gevolgen. P261 Inademing van stof\/rook\/gas\/nevel\/damp\/spuitnevel<br \/>\nvermijden. P264 Na het werken met dit product aangetaste gebieden grondig wassen. P272<br \/>\nVerontreinigde werkkleding mag de werkruimte niet verlaten. P273 Voorkom lozing in het milieu.<br \/>\nP280 Beschermende handschoenen\/beschermende kleding\/oogbescherming\/gelaatsbescherming<br \/>\ndragen. P302+P352 BIJ CONTACT MET DE HUID: met veel water en zeep wassen.<\/p>\n<p>&nbsp;<\/p>\n<p><strong>Zitrone &amp; Kiefer FR<\/strong><\/p>\n<p>H226 Liquide et vapeurs inflammables. H315 Provoque une irritation cutan\u00e9e. H319 Verursacht eine<br \/>\ns\u00e9v\u00e8re irritation des yeux. H317 Peut provoquer une r\u00e9action allergique cutan\u00e9e. H411 Toxisch f\u00fcr<br \/>\ndie Wasserorganismen, f\u00fchrt langfristig zu unerw\u00fcnschten Wirkungen. P261 Vermeidung von Atemwegserkrankungen<br \/>\npoussi\u00e8res\/fum\u00e9es\/gaz\/brouillards\/vapeurs\/a\u00e9rosols. P264 Lavez soigneusement les zones touch\u00e9es<br \/>\nnach der Manipulation. P272 Les v\u00eatements de travail contamin\u00e9s ne doivent pas sortir du lieu de<br \/>\nArbeit. P273 Vermeiden Sie den R\u00fccksto\u00df in die Umgebung. P280 Tr\u00e4ger der Schutzkleidung\/des Schutzanzugs<br \/>\nde protection\/une protection des yeux\/du visage. P302+P352 EN CAS DE CONTACT AVEC LA PEAU :<br \/>\nlaver abondamment \u00e0 l'eau et au savon.<\/p>\n<p>&nbsp;<\/p>\n<p><strong>Zitrone &amp; Kiefer ENG<\/strong><\/p>\n<p>H226 Fl\u00fcssigkeit und Dampf entz\u00fcndbar. H315 Verursacht Hautreizungen. H319 Verursacht schwere Augenreizung.<br \/>\nH317 Kann eine allergische Hautreaktion hervorrufen. H411 Giftig f\u00fcr Wasserorganismen mit langfristiger Wirkung. P261<br \/>\nDas Einatmen von Staub\/Rauch\/Gas\/Nebel\/Dampf\/Aerosol vermeiden. P264 Betroffene nach der Handhabung gr\u00fcndlich waschen.<br \/>\nP272 Kontaminierte Arbeitskleidung sollte nicht aus dem Arbeitsbereich herausgelassen werden. P273 Freisetzung vermeiden in<br \/>\ndie Umwelt. P280 Schutzhandschuhe\/Schutzkleidung\/Augenschutz\/Gesichtsschutz tragen.<br \/>\nP302+P352 BEI KONTAKT MIT DER HAUT: Mit viel Wasser und Seife waschen.<\/p>","protected":false},"excerpt":{"rendered":"<h3>BESCHREIBUNG<\/h3>\n<p>&nbsp;<\/p>\n<h3><em><strong>Zitrone &amp; Kiefer<\/strong><\/em><\/h3>\n<p>&nbsp;<\/p>\n<p>Lemon &amp; Pine, wie die ber\u00fchmte Wei\u00dfe Fichte, ist ein frischer und belebender Duft, der die freie Natur zum Leben erweckt. Er \u00f6ffnet sich mit pikanten Kopfnoten von Granny Smith Apfel, Zitrone und Limettenschale, die einen hellen, zitrusartigen Ausbruch liefern. Die Herznote des Duftes besteht aus dem frischen, holzigen Aroma von Kiefer, Tannennadel und Wei\u00dffichte und erinnert an die Frische des Waldes.<\/p>\n<p>Dieser Duft ist perfekt f\u00fcr alle, die die nat\u00fcrliche Harmonie von Zitrusfr\u00fcchten und Holz lieben.<\/p>\n<p>&nbsp;<\/p>\n<p>Kopfnoten:  Granny Smith Apfel - Zitrone - Limettenzeste<\/p>\n<p>Mittlere Noten: Kiefer - Tannennadel - Wei\u00dfe Fichte<\/p>\n<p>Basisnoten: Moos - Sandelholz<\/p>","protected":false},"featured_media":17846,"template":"","meta":{"_acf_changed":false,"site-sidebar-layout":"default","site-content-layout":"default","ast-site-content-layout":"default","site-content-style":"default","site-sidebar-style":"default","ast-global-header-display":"","ast-banner-title-visibility":"","ast-main-header-display":"","ast-hfb-above-header-display":"","ast-hfb-below-header-display":"","ast-hfb-mobile-header-display":"","site-post-title":"","ast-breadcrumbs-content":"","ast-featured-img":"","footer-sml-layout":"","ast-disable-related-posts":"","theme-transparent-header-meta":"default","adv-header-id-meta":"","stick-header-meta":"","header-above-stick-meta":"","header-main-stick-meta":"","header-below-stick-meta":"","astra-migrate-meta-layouts":"set","ast-page-background-enabled":"default","ast-page-background-meta":{"desktop":{"background-color":"","background-image":"","background-repeat":"repeat","background-position":"center center","background-size":"auto","background-attachment":"scroll","background-type":"","background-media":"","overlay-type":"","overlay-color":"","overlay-opacity":"","overlay-gradient":""},"tablet":{"background-color":"","background-image":"","background-repeat":"repeat","background-position":"center center","background-size":"auto","background-attachment":"scroll","background-type":"","background-media":"","overlay-type":"","overlay-color":"","overlay-opacity":"","overlay-gradient":""},"mobile":{"background-color":"","background-image":"","background-repeat":"repeat","background-position":"center center","background-size":"auto","background-attachment":"scroll","background-type":"","background-media":"","overlay-type":"","overlay-color":"","overlay-opacity":"","overlay-gradient":""}},"ast-content-background-meta":{"desktop":{"background-color":"var(--ast-global-color-5)","background-image":"","background-repeat":"repeat","background-position":"center center","background-size":"auto","background-attachment":"scroll","background-type":"","background-media":"","overlay-type":"","overlay-color":"","overlay-opacity":"","overlay-gradient":""},"tablet":{"background-color":"var(--ast-global-color-5)","background-image":"","background-repeat":"repeat","background-position":"center center","background-size":"auto","background-attachment":"scroll","background-type":"","background-media":"","overlay-type":"","overlay-color":"","overlay-opacity":"","overlay-gradient":""},"mobile":{"background-color":"var(--ast-global-color-5)","background-image":"","background-repeat":"repeat","background-position":"center center","background-size":"auto","background-attachment":"scroll","background-type":"","background-media":"","overlay-type":"","overlay-color":"","overlay-opacity":"","overlay-gradient":""}}},"product_brand":[],"product_cat":[25,1681],"product_tag":[1536,1533,1605,1604,1603],"class_list":{"0":"post-17836","1":"product","2":"type-product","3":"status-publish","4":"has-post-thumbnail","6":"product_cat-fragrances","7":"product_cat-fragrances-ufi-exempt","8":"product_tag-citrus","9":"product_tag-lemon","10":"product_tag-lime-zest","11":"product_tag-moss","12":"product_tag-spruce","13":"desktop-align-left","14":"tablet-align-left","15":"mobile-align-left","16":"ast-product-gallery-layout-horizontal-slider","17":"ast-product-single-variable","18":"ast-product-tabs-layout-horizontal","20":"first","21":"instock","22":"taxable","23":"shipping-taxable","24":"purchasable","25":"product-type-variable"},"acf":[],"yoast_head":"<title>Lemon &amp; Pine - UFI exempt<\/title>\n<meta name=\"robots\" content=\"index, follow, max-snippet:-1, max-image-preview:large, max-video-preview:-1\" \/>\n<link rel=\"canonical\" href=\"https:\/\/luxurycandlesupplies.eu\/de\/produkt\/zitronenkiefer\/\" \/>\n<meta property=\"og:locale\" content=\"de_DE\" \/>\n<meta property=\"og:type\" content=\"article\" \/>\n<meta property=\"og:title\" content=\"Lemon &amp; Pine - UFI exempt\" \/>\n<meta property=\"og:description\" content=\"DESCRIPTION &nbsp; Lemon &amp; Pine &nbsp;  Lemon &amp; Pine as in the famous White Spruce, is a fresh and invigorating fragrance that brings the outdoors to life. It opens with zesty top notes of Granny Smith Apple, Lemon and Lime Zest, delivering a bright, citrusy burst. The heart of the fragrance features the crisp, woody aroma of Pine, Fir Needle and White Spruce, evoking the freshness of a forest.  This fragrance is perfect for those who love the natural harmony of citrus and wood.  &nbsp;  Top notes:\u00a0 Granny Smith Apple - Lemon - Lime Zest  Middle notes: Pine - Fir Needle - White Spruce  Base notes: Moss - Sandalwood\" \/>\n<meta property=\"og:url\" content=\"https:\/\/luxurycandlesupplies.eu\/de\/produkt\/zitronenkiefer\/\" \/>\n<meta property=\"og:site_name\" content=\"Antwerp Luxury Candle Supplies\" \/>\n<meta property=\"article:publisher\" content=\"https:\/\/www.facebook.com\/Antwerpluxurycandlesupplies\/\" \/>\n<meta property=\"article:modified_time\" content=\"2026-05-14T16:33:07+00:00\" \/>\n<meta property=\"og:image\" content=\"https:\/\/luxurycandlesupplies.eu\/app\/uploads\/2024\/09\/DALL\u00b7E-2024-09-20-15.46.35-A-white-spruce-tree-with-a-unique-touch-of-lemon-and-moss.-The-tall-slender-spruce-has-bluish-green-needles-with-its-branches-dusted-by-light-snow.-A.webp\" \/>\n\t<meta property=\"og:image:width\" content=\"1024\" \/>\n\t<meta property=\"og:image:height\" content=\"1024\" \/>\n\t<meta property=\"og:image:type\" content=\"image\/webp\" \/>\n<meta name=\"twitter:card\" content=\"summary_large_image\" \/>\n<meta name=\"twitter:label1\" content=\"Gesch\u00e4tzte Lesezeit\" \/>\n\t<meta name=\"twitter:data1\" content=\"3 minutes\" \/>\n<script type=\"application\/ld+json\" class=\"yoast-schema-graph\">{\"@context\":\"https:\\\/\\\/schema.org\",\"@graph\":[{\"@type\":\"WebPage\",\"@id\":\"https:\\\/\\\/luxurycandlesupplies.eu\\\/product\\\/lemon-pine\\\/\",\"url\":\"https:\\\/\\\/luxurycandlesupplies.eu\\\/product\\\/lemon-pine\\\/\",\"name\":\"Lemon & Pine - UFI exempt\",\"isPartOf\":{\"@id\":\"https:\\\/\\\/luxurycandlesupplies.eu\\\/#website\"},\"primaryImageOfPage\":{\"@id\":\"https:\\\/\\\/luxurycandlesupplies.eu\\\/product\\\/lemon-pine\\\/#primaryimage\"},\"image\":{\"@id\":\"https:\\\/\\\/luxurycandlesupplies.eu\\\/product\\\/lemon-pine\\\/#primaryimage\"},\"thumbnailUrl\":\"https:\\\/\\\/luxurycandlesupplies.eu\\\/app\\\/uploads\\\/2024\\\/09\\\/DALL\u00b7E-2024-09-20-15.46.35-A-white-spruce-tree-with-a-unique-touch-of-lemon-and-moss.-The-tall-slender-spruce-has-bluish-green-needles-with-its-branches-dusted-by-light-snow.-A.webp\",\"datePublished\":\"2024-09-20T13:35:29+00:00\",\"dateModified\":\"2026-05-14T16:33:07+00:00\",\"breadcrumb\":{\"@id\":\"https:\\\/\\\/luxurycandlesupplies.eu\\\/product\\\/lemon-pine\\\/#breadcrumb\"},\"inLanguage\":\"de-DE\",\"potentialAction\":[{\"@type\":\"ReadAction\",\"target\":[\"https:\\\/\\\/luxurycandlesupplies.eu\\\/product\\\/lemon-pine\\\/\"]}]},{\"@type\":\"ImageObject\",\"inLanguage\":\"de-DE\",\"@id\":\"https:\\\/\\\/luxurycandlesupplies.eu\\\/product\\\/lemon-pine\\\/#primaryimage\",\"url\":\"https:\\\/\\\/luxurycandlesupplies.eu\\\/app\\\/uploads\\\/2024\\\/09\\\/DALL\u00b7E-2024-09-20-15.46.35-A-white-spruce-tree-with-a-unique-touch-of-lemon-and-moss.-The-tall-slender-spruce-has-bluish-green-needles-with-its-branches-dusted-by-light-snow.-A.webp\",\"contentUrl\":\"https:\\\/\\\/luxurycandlesupplies.eu\\\/app\\\/uploads\\\/2024\\\/09\\\/DALL\u00b7E-2024-09-20-15.46.35-A-white-spruce-tree-with-a-unique-touch-of-lemon-and-moss.-The-tall-slender-spruce-has-bluish-green-needles-with-its-branches-dusted-by-light-snow.-A.webp\",\"width\":1024,\"height\":1024},{\"@type\":\"BreadcrumbList\",\"@id\":\"https:\\\/\\\/luxurycandlesupplies.eu\\\/product\\\/lemon-pine\\\/#breadcrumb\",\"itemListElement\":[{\"@type\":\"ListItem\",\"position\":1,\"name\":\"Home\",\"item\":\"https:\\\/\\\/luxurycandlesupplies.eu\\\/\"},{\"@type\":\"ListItem\",\"position\":2,\"name\":\"Shop\",\"item\":\"https:\\\/\\\/luxurycandlesupplies.eu\\\/shop\\\/\"},{\"@type\":\"ListItem\",\"position\":3,\"name\":\"Lemon &#038; Pine &#8211; UFI exempt\"}]},{\"@type\":\"WebSite\",\"@id\":\"https:\\\/\\\/luxurycandlesupplies.eu\\\/#website\",\"url\":\"https:\\\/\\\/luxurycandlesupplies.eu\\\/\",\"name\":\"Antwerp Luxury Candle Supplies\",\"description\":\"Distributor of all seasons soy wax\",\"publisher\":{\"@id\":\"https:\\\/\\\/luxurycandlesupplies.eu\\\/#organization\"},\"potentialAction\":[{\"@type\":\"SearchAction\",\"target\":{\"@type\":\"EntryPoint\",\"urlTemplate\":\"https:\\\/\\\/luxurycandlesupplies.eu\\\/?s={search_term_string}\"},\"query-input\":{\"@type\":\"PropertyValueSpecification\",\"valueRequired\":true,\"valueName\":\"search_term_string\"}}],\"inLanguage\":\"de-DE\"},{\"@type\":\"Organization\",\"@id\":\"https:\\\/\\\/luxurycandlesupplies.eu\\\/#organization\",\"name\":\"Antwerp Luxury Candle Supplies\",\"url\":\"https:\\\/\\\/luxurycandlesupplies.eu\\\/\",\"logo\":{\"@type\":\"ImageObject\",\"inLanguage\":\"de-DE\",\"@id\":\"https:\\\/\\\/luxurycandlesupplies.eu\\\/#\\\/schema\\\/logo\\\/image\\\/\",\"url\":\"https:\\\/\\\/luxurycandlesupplies.eu\\\/app\\\/uploads\\\/2022\\\/03\\\/antwerp-luxury-candle-supplies-1x.png\",\"contentUrl\":\"https:\\\/\\\/luxurycandlesupplies.eu\\\/app\\\/uploads\\\/2022\\\/03\\\/antwerp-luxury-candle-supplies-1x.png\",\"width\":330,\"height\":60,\"caption\":\"Antwerp Luxury Candle Supplies\"},\"image\":{\"@id\":\"https:\\\/\\\/luxurycandlesupplies.eu\\\/#\\\/schema\\\/logo\\\/image\\\/\"},\"sameAs\":[\"https:\\\/\\\/www.facebook.com\\\/Antwerpluxurycandlesupplies\\\/\",\"https:\\\/\\\/www.instagram.com\\\/antwerp_luxury_candle_supplies\\\/\",\"https:\\\/\\\/pin.it\\\/7joOXRW\"]}]}<\/script>","yoast_head_json":{"title":"Zitrone &amp; Kiefer - UFI befreit","robots":{"index":"index","follow":"follow","max-snippet":"max-snippet:-1","max-image-preview":"max-image-preview:large","max-video-preview":"max-video-preview:-1"},"canonical":"https:\/\/luxurycandlesupplies.eu\/de\/produkt\/zitronenkiefer\/","og_locale":"de_DE","og_type":"article","og_title":"Lemon & Pine - UFI exempt","og_description":"DESCRIPTION &nbsp; Lemon &amp; Pine &nbsp;  Lemon &amp; Pine as in the famous White Spruce, is a fresh and invigorating fragrance that brings the outdoors to life. It opens with zesty top notes of Granny Smith Apple, Lemon and Lime Zest, delivering a bright, citrusy burst. The heart of the fragrance features the crisp, woody aroma of Pine, Fir Needle and White Spruce, evoking the freshness of a forest.  This fragrance is perfect for those who love the natural harmony of citrus and wood.  &nbsp;  Top notes:\u00a0 Granny Smith Apple - Lemon - Lime Zest  Middle notes: Pine - Fir Needle - White Spruce  Base notes: Moss - Sandalwood","og_url":"https:\/\/luxurycandlesupplies.eu\/de\/produkt\/zitronenkiefer\/","og_site_name":"Antwerp Luxury Candle Supplies","article_publisher":"https:\/\/www.facebook.com\/Antwerpluxurycandlesupplies\/","article_modified_time":"2026-05-14T16:33:07+00:00","og_image":[{"width":1024,"height":1024,"url":"https:\/\/luxurycandlesupplies.eu\/app\/uploads\/2024\/09\/DALL\u00b7E-2024-09-20-15.46.35-A-white-spruce-tree-with-a-unique-touch-of-lemon-and-moss.-The-tall-slender-spruce-has-bluish-green-needles-with-its-branches-dusted-by-light-snow.-A.webp","type":"image\/webp"}],"twitter_card":"summary_large_image","twitter_misc":{"Gesch\u00e4tzte Lesezeit":"3 minutes"},"schema":{"@context":"https:\/\/schema.org","@graph":[{"@type":"WebPage","@id":"https:\/\/luxurycandlesupplies.eu\/product\/lemon-pine\/","url":"https:\/\/luxurycandlesupplies.eu\/product\/lemon-pine\/","name":"Zitrone &amp; Kiefer - UFI befreit","isPartOf":{"@id":"https:\/\/luxurycandlesupplies.eu\/#website"},"primaryImageOfPage":{"@id":"https:\/\/luxurycandlesupplies.eu\/product\/lemon-pine\/#primaryimage"},"image":{"@id":"https:\/\/luxurycandlesupplies.eu\/product\/lemon-pine\/#primaryimage"},"thumbnailUrl":"https:\/\/luxurycandlesupplies.eu\/app\/uploads\/2024\/09\/DALL\u00b7E-2024-09-20-15.46.35-A-white-spruce-tree-with-a-unique-touch-of-lemon-and-moss.-The-tall-slender-spruce-has-bluish-green-needles-with-its-branches-dusted-by-light-snow.-A.webp","datePublished":"2024-09-20T13:35:29+00:00","dateModified":"2026-05-14T16:33:07+00:00","breadcrumb":{"@id":"https:\/\/luxurycandlesupplies.eu\/product\/lemon-pine\/#breadcrumb"},"inLanguage":"de-DE","potentialAction":[{"@type":"ReadAction","target":["https:\/\/luxurycandlesupplies.eu\/product\/lemon-pine\/"]}]},{"@type":"ImageObject","inLanguage":"de-DE","@id":"https:\/\/luxurycandlesupplies.eu\/product\/lemon-pine\/#primaryimage","url":"https:\/\/luxurycandlesupplies.eu\/app\/uploads\/2024\/09\/DALL\u00b7E-2024-09-20-15.46.35-A-white-spruce-tree-with-a-unique-touch-of-lemon-and-moss.-The-tall-slender-spruce-has-bluish-green-needles-with-its-branches-dusted-by-light-snow.-A.webp","contentUrl":"https:\/\/luxurycandlesupplies.eu\/app\/uploads\/2024\/09\/DALL\u00b7E-2024-09-20-15.46.35-A-white-spruce-tree-with-a-unique-touch-of-lemon-and-moss.-The-tall-slender-spruce-has-bluish-green-needles-with-its-branches-dusted-by-light-snow.-A.webp","width":1024,"height":1024},{"@type":"BreadcrumbList","@id":"https:\/\/luxurycandlesupplies.eu\/product\/lemon-pine\/#breadcrumb","itemListElement":[{"@type":"ListItem","position":1,"name":"Home","item":"https:\/\/luxurycandlesupplies.eu\/"},{"@type":"ListItem","position":2,"name":"Shop","item":"https:\/\/luxurycandlesupplies.eu\/shop\/"},{"@type":"ListItem","position":3,"name":"Lemon &#038; Pine &#8211; UFI exempt"}]},{"@type":"WebSite","@id":"https:\/\/luxurycandlesupplies.eu\/#website","url":"https:\/\/luxurycandlesupplies.eu\/","name":"Antwerpener Luxus-Kerzen-Bedarf","description":"Vertreiber von Sojawachs f\u00fcr alle Jahreszeiten","publisher":{"@id":"https:\/\/luxurycandlesupplies.eu\/#organization"},"potentialAction":[{"@type":"SearchAction","target":{"@type":"EntryPoint","urlTemplate":"https:\/\/luxurycandlesupplies.eu\/?s={search_term_string}"},"query-input":{"@type":"PropertyValueSpecification","valueRequired":true,"valueName":"search_term_string"}}],"inLanguage":"de-DE"},{"@type":"Organization","@id":"https:\/\/luxurycandlesupplies.eu\/#organization","name":"Antwerpener Luxus-Kerzen-Bedarf","url":"https:\/\/luxurycandlesupplies.eu\/","logo":{"@type":"ImageObject","inLanguage":"de-DE","@id":"https:\/\/luxurycandlesupplies.eu\/#\/schema\/logo\/image\/","url":"https:\/\/luxurycandlesupplies.eu\/app\/uploads\/2022\/03\/antwerp-luxury-candle-supplies-1x.png","contentUrl":"https:\/\/luxurycandlesupplies.eu\/app\/uploads\/2022\/03\/antwerp-luxury-candle-supplies-1x.png","width":330,"height":60,"caption":"Antwerp Luxury Candle Supplies"},"image":{"@id":"https:\/\/luxurycandlesupplies.eu\/#\/schema\/logo\/image\/"},"sameAs":["https:\/\/www.facebook.com\/Antwerpluxurycandlesupplies\/","https:\/\/www.instagram.com\/antwerp_luxury_candle_supplies\/","https:\/\/pin.it\/7joOXRW"]}]}},"_links":{"self":[{"href":"https:\/\/luxurycandlesupplies.eu\/de\/wp-json\/wp\/v2\/product\/17836","targetHints":{"allow":["GET"]}}],"collection":[{"href":"https:\/\/luxurycandlesupplies.eu\/de\/wp-json\/wp\/v2\/product"}],"about":[{"href":"https:\/\/luxurycandlesupplies.eu\/de\/wp-json\/wp\/v2\/types\/product"}],"wp:featuredmedia":[{"embeddable":true,"href":"https:\/\/luxurycandlesupplies.eu\/de\/wp-json\/wp\/v2\/media\/17846"}],"wp:attachment":[{"href":"https:\/\/luxurycandlesupplies.eu\/de\/wp-json\/wp\/v2\/media?parent=17836"}],"wp:term":[{"taxonomy":"product_brand","embeddable":true,"href":"https:\/\/luxurycandlesupplies.eu\/de\/wp-json\/wp\/v2\/product_brand?post=17836"},{"taxonomy":"product_cat","embeddable":true,"href":"https:\/\/luxurycandlesupplies.eu\/de\/wp-json\/wp\/v2\/product_cat?post=17836"},{"taxonomy":"product_tag","embeddable":true,"href":"https:\/\/luxurycandlesupplies.eu\/de\/wp-json\/wp\/v2\/product_tag?post=17836"}],"curies":[{"name":"wp","href":"https:\/\/api.w.org\/{rel}","templated":true}]}}