{"id":17881,"date":"2024-09-24T09:12:24","date_gmt":"2024-09-24T07:12:24","guid":{"rendered":"https:\/\/luxurycandlesupplies.eu\/?post_type=product&#038;p=17881"},"modified":"2026-03-26T12:46:24","modified_gmt":"2026-03-26T11:46:24","slug":"irischer-kaffee","status":"publish","type":"product","link":"https:\/\/luxurycandlesupplies.eu\/de\/product\/irish-coffee\/","title":{"rendered":"Irish Coffee - UFI befreit <10%"},"content":{"rendered":"<h3>BESCHREIBUNG<\/h3>\n<p>&nbsp;<\/p>\n<h3><em><strong>Irish Coffee<\/strong><\/em><\/h3>\n<p>&nbsp;<\/p>\n<p>Erleben Sie den k\u00f6stlichen Duft unseres Irish Coffee Fragrance Oil.<\/p>\n<p>Diese fesselnde Mischung vereint die kr\u00e4ftigen T\u00f6ne ger\u00f6steter Kaffeebohnen mit dem cremigen Luxus irischer Sahne. Das Aroma ger\u00f6steter franz\u00f6sischer Kaffeebohnen wird durch Nuancen von in Eichenholz gereiftem Lik\u00f6r verst\u00e4rkt und bietet einen tiefgr\u00fcndigen und angenehmen Duft. Seidige Noten von s\u00fc\u00dfer Vanillecreme und Milchpulver bilden eine \u00fcppige Grundlage f\u00fcr diesen Duft im Caf\u00e9-Stil.<\/p>\n<p>Unser Duft\u00f6l Irish Coffee ist perfekt, um eine einladende Atmosph\u00e4re zu schaffen und verleiht jedem Raum eine raffinierte W\u00e4rme.<\/p>\n<p>&nbsp;<\/p>\n<p>Kopfnoten:  Kaffeebohnen<\/p>\n<p>Mittlere Noten: Milchpulver<\/p>\n<p>Basisnoten: Vanille, Rum<\/p>\n<p>&nbsp;<\/p>\n<h3>UNSERE EMPFEHLUNG<\/h3>\n<hr \/>\n<div>\n<p>Die Verwendung von Duft\u00f6len h\u00e4ngt von dem Produkt ab, das Sie herstellen. Im folgenden Leitfaden finden Sie die f\u00fcr Ihr Produkt geeigneten Mischungsverh\u00e4ltnisse.<\/p>\n<p>Bitte beachten Sie, dass es sich bei den unten genannten Werten nur um Vorschl\u00e4ge handelt. Wir empfehlen den Benutzern, ihre eigenen Tests mit den vorgesehenen Wachs- und \u00d6lmischungen durchzuf\u00fchren, um optimale Ergebnisse zu erzielen.<\/p>\n<p>Kerzen: 6-10%<br \/>\nWachsmelonen: 10-12%<\/p>\n<p>&nbsp;<\/p>\n<\/div>\n<h2>CLP &amp; SDS INFORMATIONEN<\/h2>\n<hr \/>\n<p><a href=\"https:\/\/luxurycandlesupplies.eu\/app\/uploads\/2024\/09\/Irish-Coffee-SDS-100.pdf\">Irischer Kaffee SDS 100%<\/a><\/p>\n<p><a href=\"https:\/\/luxurycandlesupplies.eu\/app\/uploads\/2024\/09\/Irish-Coffee-IFRA.pdf\">Irish Coffee IFRA<\/a><\/p>\n<p><a href=\"https:\/\/luxurycandlesupplies.eu\/app\/uploads\/2024\/09\/CLP-label-_-Irish-coffe-_-candle-6_Free-of-UFI.pdf\">CLP-Etikett _ Irish Coffe _ Kerze 6%_Frei von UFI<\/a><\/p>\n<p><a href=\"https:\/\/luxurycandlesupplies.eu\/app\/uploads\/2024\/09\/CLP-label-_-Irish-coffee-_-candle-8.pdf\">CLP-Etikett _ Irish Coffee _ Kerze 8%<\/a><\/p>\n<p><a href=\"https:\/\/luxurycandlesupplies.eu\/app\/uploads\/2024\/09\/CLP-label-_-Irish-coffee-_-candle-10_Free-of-UFI.pdf\">CLP-Etikett _ Irish Coffee _ Kerze 10%_Frei von UFI<\/a><\/p>\n<p>&nbsp;<\/p>\n<p>UFI: HP80-808V-H00N-N963<\/p>\n<p><img decoding=\"async\" class=\"alignnone wp-image-23488\" src=\"https:\/\/luxurycandlesupplies.eu\/app\/uploads\/2025\/07\/Danger-3-300x300.png\" alt=\"\" width=\"104\" height=\"104\" srcset=\"https:\/\/luxurycandlesupplies.eu\/app\/uploads\/2025\/07\/Danger-3-300x300.png 300w, https:\/\/luxurycandlesupplies.eu\/app\/uploads\/2025\/07\/Danger-3-1024x1024.png 1024w, https:\/\/luxurycandlesupplies.eu\/app\/uploads\/2025\/07\/Danger-3-150x150.png 150w, https:\/\/luxurycandlesupplies.eu\/app\/uploads\/2025\/07\/Danger-3-768x768.png 768w, https:\/\/luxurycandlesupplies.eu\/app\/uploads\/2025\/07\/Danger-3-12x12.png 12w, https:\/\/luxurycandlesupplies.eu\/app\/uploads\/2025\/07\/Danger-3-600x600.png 600w, https:\/\/luxurycandlesupplies.eu\/app\/uploads\/2025\/07\/Danger-3-100x100.png 100w, https:\/\/luxurycandlesupplies.eu\/app\/uploads\/2025\/07\/Danger-3.png 1080w\" sizes=\"(max-width: 104px) 100vw, 104px\" \/><\/p>\n<p><strong>Irisch Kaffee NL<\/strong><\/p>\n<p>H319 Veroorzaakt ernstige oogirritatie. H317 Kan een allergische huidreactie veroorzaken. H412<br \/>\nSchadelijk voor in het water levende organismen, met langdurige gevolgen. P264 Na het werken met<br \/>\ndit product aangetaste gebieden grondig wassen. P280 Beschermende<br \/>\nhandschoenen\/beschermende kleding\/oogbescherming\/gelaatsbescherming dragen.<br \/>\nP305+P351+P338 BIJ CONTACT MET DE OGEN: voorzichtig afspoelen met water gedurende een aantal<br \/>\nminuten; contactlenzen verwijderen, indien mogelijk; blijven spoelen. P337+P313 Bij aanhoudende<br \/>\noogirritatie: een arts raadplegen. P272 Verontreinigde werkkleding mag de werkruimte niet verlaten.<br \/>\nP363 Verontreinigde kleding wassen alvorens deze opnieuw te gebruiken. P261 Einladen von<br \/>\nstof\/rook\/gas\/nevel\/damp\/spuitnevel vermijden. P321 Specifieke behandeling vereist (zie ... op dit<br \/>\netiket). P501 Inhoud\/verpakking afvoeren naar een erkende afvalinzamelaar conform VLAREMA en<br \/>\nOVAM-regelgeving. P302+P352 BIJ CONTACT MET DE HUID: met veel water en zeep wassen.<br \/>\nP333+P313 Bij huidirritatie of uitslag: een arts raadplegen. P273 Voorkom lozing in het milieu.<\/p>\n<p>&nbsp;<\/p>\n<p><strong>Irisch Kaffee FR<\/strong><\/p>\n<p>H319 Provoziert eine schwere Reizung der Augen. H317 Kann eine allergische Hautreaktion hervorrufen.<br \/>\nH412 Sch\u00e4dlich f\u00fcr Wasserorganismen, f\u00fchrt langfristig zu unerw\u00fcnschten Wirkungen. P264 Lavez<br \/>\nsoigneusement les zones touch\u00e9es apr\u00e8s manipulation. P280 Porter des gants de protection\/des<br \/>\nv\u00eatements de protection\/une protection des yeux\/du visage. P305+P351+P338 F\u00dcR DEN FALL EINES KONTAKTS<br \/>\nAVEC LES YEUX : vorsichtiges Absp\u00fclen mit Wasser \u00fcber mehrere Minuten; die Linsen ausschalten, wenn<br \/>\nm\u00f6glich; weiter absp\u00fclen. P337+P313 En cas d'irritation oculaire persistante : consulter un<br \/>\nMediziner. P272 Verunreinigte Arbeitskleidung darf nicht aus dem Arbeitsbereich entfernt werden. P363<br \/>\nVerunreinigte Kleidungsst\u00fccke vor der Wiederverwendung abwaschen. P261 \u00c9viter de respirer les<br \/>\npoussi\u00e8res\/fum\u00e9es\/gaz\/brouillards\/vapeurs\/a\u00e9rosols. P321 Erforderliche besondere Behandlung (siehe ...)<br \/>\nl'\u00e9tiquette). P501 \u00c9liminer le contenu\/le r\u00e9cipient via un collecteur de d\u00e9chets agr\u00e9\u00e9 conform\u00e9ment \u00e0<br \/>\nla r\u00e9glementation VLAREMA et OVAM. P302+P352 EN CAS DE CONTACT AVEC LA PEAU : laver<br \/>\nabondamment \u00e0 l'eau et au savon. P333+P313 En cas d'irritation ou d'\u00e9ruption cutan\u00e9e : consulter un<br \/>\nm\u00e9decin. P273 Vermeidung von R\u00fcckst\u00f6\u00dfen in die Umwelt.<\/p>\n<p>&nbsp;<\/p>\n<p><strong>Irisch Kaffee ENG<\/strong><\/p>\n<p>H319 Verursacht schwere Augenreizung. H317 Kann eine allergische Hautreaktion verursachen. H412 Sch\u00e4dlich f\u00fcr<br \/>\nWasserlebewesen mit lang anhaltender Wirkung. P264 Betroffene nach der Handhabung gr\u00fcndlich waschen. P280 Tragen<br \/>\nSchutzhandschuhe\/Schutzkleidung\/Augenschutz\/Gesichtsschutz. P305+P351+P338 BEI KONTAKT MIT DEN AUGEN:<br \/>\nEinige Minuten lang behutsam mit Wasser sp\u00fclen. Kontaktlinsen entfernen, falls vorhanden und leicht zu bewerkstelligen.<br \/>\nWeiter aussp\u00fclen. P337+P313 Bei andauernder Augenreizung: \u00c4rztlichen Rat einholen. P272 Kontaminierte Arbeit<br \/>\nDie Kleidung sollte nicht au\u00dferhalb des Arbeitsplatzes getragen werden. P363 Kontaminierte Kleidung vor der Wiederverwendung waschen.<br \/>\nP261 Einatmen von Staub\/Rauch\/Gas\/Nebel\/Dampf\/Aerosol vermeiden. P321 Besondere Behandlung erforderlich (siehe ... auf<br \/>\nEtikett). P501 Inhalt\/Beh\u00e4lter \u00fcber eine zugelassene Sammelstelle gem\u00e4\u00df den folgenden Vorschriften entsorgen<br \/>\nVLAREMA- und OVAM-Vorschriften. P302+P352 BEI KONTAKT MIT DER HAUT: Mit viel Wasser und Seife waschen.<br \/>\nP333+P313 Bei Auftreten von Hautreizungen oder Hautausschlag: \u00c4rztlichen Rat einholen. P273 Freisetzung in die Umwelt vermeiden<br \/>\nUmwelt.<\/p>","protected":false},"excerpt":{"rendered":"<h3><em><strong>Irish Coffee<\/strong><\/em><\/h3>\n<p>&nbsp;<\/p>\n<p>Erleben Sie den k\u00f6stlichen Duft unseres Irish Coffee Fragrance Oil.<\/p>\n<p>Diese fesselnde Mischung vereint die kr\u00e4ftigen T\u00f6ne ger\u00f6steter Kaffeebohnen mit dem cremigen Luxus irischer Sahne. Das Aroma ger\u00f6steter franz\u00f6sischer Kaffeebohnen wird durch Nuancen von in Eichenholz gereiftem Lik\u00f6r verst\u00e4rkt und bietet einen tiefgr\u00fcndigen und angenehmen Duft. Seidige Noten von s\u00fc\u00dfer Vanillecreme und Milchpulver bilden eine \u00fcppige Grundlage f\u00fcr diesen Duft im Caf\u00e9-Stil.<\/p>\n<p>Unser Duft\u00f6l Irish Coffee ist perfekt, um eine einladende Atmosph\u00e4re zu schaffen und verleiht jedem Raum eine raffinierte W\u00e4rme.<\/p>\n<p>&nbsp;<\/p>\n<p>Kopfnoten:  Kaffeebohnen<\/p>\n<p>Mittlere Noten: Milchpulver<\/p>\n<p>Basisnoten: Vanille, Rum<\/p>","protected":false},"featured_media":17890,"template":"","meta":{"_acf_changed":false,"site-sidebar-layout":"default","site-content-layout":"default","ast-site-content-layout":"default","site-content-style":"default","site-sidebar-style":"default","ast-global-header-display":"","ast-banner-title-visibility":"","ast-main-header-display":"","ast-hfb-above-header-display":"","ast-hfb-below-header-display":"","ast-hfb-mobile-header-display":"","site-post-title":"","ast-breadcrumbs-content":"","ast-featured-img":"","footer-sml-layout":"","ast-disable-related-posts":"","theme-transparent-header-meta":"default","adv-header-id-meta":"","stick-header-meta":"","header-above-stick-meta":"","header-main-stick-meta":"","header-below-stick-meta":"","astra-migrate-meta-layouts":"set","ast-page-background-enabled":"default","ast-page-background-meta":{"desktop":{"background-color":"","background-image":"","background-repeat":"repeat","background-position":"center center","background-size":"auto","background-attachment":"scroll","background-type":"","background-media":"","overlay-type":"","overlay-color":"","overlay-opacity":"","overlay-gradient":""},"tablet":{"background-color":"","background-image":"","background-repeat":"repeat","background-position":"center center","background-size":"auto","background-attachment":"scroll","background-type":"","background-media":"","overlay-type":"","overlay-color":"","overlay-opacity":"","overlay-gradient":""},"mobile":{"background-color":"","background-image":"","background-repeat":"repeat","background-position":"center center","background-size":"auto","background-attachment":"scroll","background-type":"","background-media":"","overlay-type":"","overlay-color":"","overlay-opacity":"","overlay-gradient":""}},"ast-content-background-meta":{"desktop":{"background-color":"var(--ast-global-color-5)","background-image":"","background-repeat":"repeat","background-position":"center center","background-size":"auto","background-attachment":"scroll","background-type":"","background-media":"","overlay-type":"","overlay-color":"","overlay-opacity":"","overlay-gradient":""},"tablet":{"background-color":"var(--ast-global-color-5)","background-image":"","background-repeat":"repeat","background-position":"center center","background-size":"auto","background-attachment":"scroll","background-type":"","background-media":"","overlay-type":"","overlay-color":"","overlay-opacity":"","overlay-gradient":""},"mobile":{"background-color":"var(--ast-global-color-5)","background-image":"","background-repeat":"repeat","background-position":"center center","background-size":"auto","background-attachment":"scroll","background-type":"","background-media":"","overlay-type":"","overlay-color":"","overlay-opacity":"","overlay-gradient":""}}},"product_brand":[],"product_cat":[25,1681],"product_tag":[125,1608,1541,1606,1607,434],"class_list":{"0":"post-17881","1":"product","2":"type-product","3":"status-publish","4":"has-post-thumbnail","6":"product_cat-fragrances","7":"product_cat-fragrances-ufi-exempt","8":"product_tag-coffee","9":"product_tag-coffee-beans","10":"product_tag-cream","11":"product_tag-italian","12":"product_tag-rum","13":"product_tag-vanilla","14":"desktop-align-left","15":"tablet-align-left","16":"mobile-align-left","17":"ast-product-gallery-layout-horizontal-slider","18":"ast-product-single-variable","19":"ast-product-tabs-layout-horizontal","21":"first","22":"outofstock","23":"taxable","24":"shipping-taxable","25":"purchasable","26":"product-type-variable"},"acf":[],"yoast_head":"<title>Irish Coffee - UFI exempt<\/title>\n<meta name=\"robots\" content=\"index, follow, max-snippet:-1, max-image-preview:large, max-video-preview:-1\" \/>\n<link rel=\"canonical\" href=\"https:\/\/luxurycandlesupplies.eu\/de\/produkt\/irischer-kaffee\/\" \/>\n<meta property=\"og:locale\" content=\"de_DE\" \/>\n<meta property=\"og:type\" content=\"article\" \/>\n<meta property=\"og:title\" content=\"Irish Coffee - UFI exempt\" \/>\n<meta property=\"og:description\" content=\"Irish Coffee &nbsp;  Experience the delicious scent of our Irish Coffee Fragrance Oil.  This captivating mix melds the robust tones of roasted coffee beans with the creamy luxury of Irish creme. The aroma of French roasted coffee beans is enhanced by shades of oak-aged liquor, offering a profound and gratifying scent. Silky notes of sweet vanilla creme and milk powder provide a lavish foundation to this caf\u00e9-style fragrance.  Perfect for setting a welcoming atmosphere, our Irish Coffee fragrance oil infuses any room with refined warmth.  &nbsp;  Top notes:\u00a0 Coffee Beans  Middle notes: Milk Powder  Base notes: Vanilla, Rum\" \/>\n<meta property=\"og:url\" content=\"https:\/\/luxurycandlesupplies.eu\/de\/produkt\/irischer-kaffee\/\" \/>\n<meta property=\"og:site_name\" content=\"Antwerp Luxury Candle Supplies\" \/>\n<meta property=\"article:publisher\" content=\"https:\/\/www.facebook.com\/Antwerpluxurycandlesupplies\/\" \/>\n<meta property=\"article:modified_time\" content=\"2026-03-26T11:46:24+00:00\" \/>\n<meta property=\"og:image\" content=\"https:\/\/luxurycandlesupplies.eu\/app\/uploads\/2024\/09\/Irish-Coffee-1.jpg\" \/>\n\t<meta property=\"og:image:width\" content=\"1080\" \/>\n\t<meta property=\"og:image:height\" content=\"1080\" \/>\n\t<meta property=\"og:image:type\" content=\"image\/jpeg\" \/>\n<meta name=\"twitter:card\" content=\"summary_large_image\" \/>\n<meta name=\"twitter:label1\" content=\"Gesch\u00e4tzte Lesezeit\" \/>\n\t<meta name=\"twitter:data1\" content=\"4 minutes\" \/>\n<script type=\"application\/ld+json\" class=\"yoast-schema-graph\">{\"@context\":\"https:\\\/\\\/schema.org\",\"@graph\":[{\"@type\":\"WebPage\",\"@id\":\"https:\\\/\\\/luxurycandlesupplies.eu\\\/product\\\/irish-coffee\\\/\",\"url\":\"https:\\\/\\\/luxurycandlesupplies.eu\\\/product\\\/irish-coffee\\\/\",\"name\":\"Irish Coffee - UFI exempt\",\"isPartOf\":{\"@id\":\"https:\\\/\\\/luxurycandlesupplies.eu\\\/#website\"},\"primaryImageOfPage\":{\"@id\":\"https:\\\/\\\/luxurycandlesupplies.eu\\\/product\\\/irish-coffee\\\/#primaryimage\"},\"image\":{\"@id\":\"https:\\\/\\\/luxurycandlesupplies.eu\\\/product\\\/irish-coffee\\\/#primaryimage\"},\"thumbnailUrl\":\"https:\\\/\\\/luxurycandlesupplies.eu\\\/app\\\/uploads\\\/2024\\\/09\\\/Irish-Coffee-1.jpg\",\"datePublished\":\"2024-09-24T07:12:24+00:00\",\"dateModified\":\"2026-03-26T11:46:24+00:00\",\"breadcrumb\":{\"@id\":\"https:\\\/\\\/luxurycandlesupplies.eu\\\/product\\\/irish-coffee\\\/#breadcrumb\"},\"inLanguage\":\"de-DE\",\"potentialAction\":[{\"@type\":\"ReadAction\",\"target\":[\"https:\\\/\\\/luxurycandlesupplies.eu\\\/product\\\/irish-coffee\\\/\"]}]},{\"@type\":\"ImageObject\",\"inLanguage\":\"de-DE\",\"@id\":\"https:\\\/\\\/luxurycandlesupplies.eu\\\/product\\\/irish-coffee\\\/#primaryimage\",\"url\":\"https:\\\/\\\/luxurycandlesupplies.eu\\\/app\\\/uploads\\\/2024\\\/09\\\/Irish-Coffee-1.jpg\",\"contentUrl\":\"https:\\\/\\\/luxurycandlesupplies.eu\\\/app\\\/uploads\\\/2024\\\/09\\\/Irish-Coffee-1.jpg\",\"width\":1080,\"height\":1080},{\"@type\":\"BreadcrumbList\",\"@id\":\"https:\\\/\\\/luxurycandlesupplies.eu\\\/product\\\/irish-coffee\\\/#breadcrumb\",\"itemListElement\":[{\"@type\":\"ListItem\",\"position\":1,\"name\":\"Home\",\"item\":\"https:\\\/\\\/luxurycandlesupplies.eu\\\/\"},{\"@type\":\"ListItem\",\"position\":2,\"name\":\"Shop\",\"item\":\"https:\\\/\\\/luxurycandlesupplies.eu\\\/shop\\\/\"},{\"@type\":\"ListItem\",\"position\":3,\"name\":\"Irish Coffee &#8211; UFI exempt\"}]},{\"@type\":\"WebSite\",\"@id\":\"https:\\\/\\\/luxurycandlesupplies.eu\\\/#website\",\"url\":\"https:\\\/\\\/luxurycandlesupplies.eu\\\/\",\"name\":\"Antwerp Luxury Candle Supplies\",\"description\":\"Distributor of all seasons soy wax\",\"publisher\":{\"@id\":\"https:\\\/\\\/luxurycandlesupplies.eu\\\/#organization\"},\"potentialAction\":[{\"@type\":\"SearchAction\",\"target\":{\"@type\":\"EntryPoint\",\"urlTemplate\":\"https:\\\/\\\/luxurycandlesupplies.eu\\\/?s={search_term_string}\"},\"query-input\":{\"@type\":\"PropertyValueSpecification\",\"valueRequired\":true,\"valueName\":\"search_term_string\"}}],\"inLanguage\":\"de-DE\"},{\"@type\":\"Organization\",\"@id\":\"https:\\\/\\\/luxurycandlesupplies.eu\\\/#organization\",\"name\":\"Antwerp Luxury Candle Supplies\",\"url\":\"https:\\\/\\\/luxurycandlesupplies.eu\\\/\",\"logo\":{\"@type\":\"ImageObject\",\"inLanguage\":\"de-DE\",\"@id\":\"https:\\\/\\\/luxurycandlesupplies.eu\\\/#\\\/schema\\\/logo\\\/image\\\/\",\"url\":\"https:\\\/\\\/luxurycandlesupplies.eu\\\/app\\\/uploads\\\/2022\\\/03\\\/antwerp-luxury-candle-supplies-1x.png\",\"contentUrl\":\"https:\\\/\\\/luxurycandlesupplies.eu\\\/app\\\/uploads\\\/2022\\\/03\\\/antwerp-luxury-candle-supplies-1x.png\",\"width\":330,\"height\":60,\"caption\":\"Antwerp Luxury Candle Supplies\"},\"image\":{\"@id\":\"https:\\\/\\\/luxurycandlesupplies.eu\\\/#\\\/schema\\\/logo\\\/image\\\/\"},\"sameAs\":[\"https:\\\/\\\/www.facebook.com\\\/Antwerpluxurycandlesupplies\\\/\",\"https:\\\/\\\/www.instagram.com\\\/antwerp_luxury_candle_supplies\\\/\",\"https:\\\/\\\/pin.it\\\/7joOXRW\"]}]}<\/script>","yoast_head_json":{"title":"Irish Coffee - UFI befreit","robots":{"index":"index","follow":"follow","max-snippet":"max-snippet:-1","max-image-preview":"max-image-preview:large","max-video-preview":"max-video-preview:-1"},"canonical":"https:\/\/luxurycandlesupplies.eu\/de\/produkt\/irischer-kaffee\/","og_locale":"de_DE","og_type":"article","og_title":"Irish Coffee - UFI exempt","og_description":"Irish Coffee &nbsp;  Experience the delicious scent of our Irish Coffee Fragrance Oil.  This captivating mix melds the robust tones of roasted coffee beans with the creamy luxury of Irish creme. The aroma of French roasted coffee beans is enhanced by shades of oak-aged liquor, offering a profound and gratifying scent. Silky notes of sweet vanilla creme and milk powder provide a lavish foundation to this caf\u00e9-style fragrance.  Perfect for setting a welcoming atmosphere, our Irish Coffee fragrance oil infuses any room with refined warmth.  &nbsp;  Top notes:\u00a0 Coffee Beans  Middle notes: Milk Powder  Base notes: Vanilla, Rum","og_url":"https:\/\/luxurycandlesupplies.eu\/de\/produkt\/irischer-kaffee\/","og_site_name":"Antwerp Luxury Candle Supplies","article_publisher":"https:\/\/www.facebook.com\/Antwerpluxurycandlesupplies\/","article_modified_time":"2026-03-26T11:46:24+00:00","og_image":[{"width":1080,"height":1080,"url":"https:\/\/luxurycandlesupplies.eu\/app\/uploads\/2024\/09\/Irish-Coffee-1.jpg","type":"image\/jpeg"}],"twitter_card":"summary_large_image","twitter_misc":{"Gesch\u00e4tzte Lesezeit":"4 minutes"},"schema":{"@context":"https:\/\/schema.org","@graph":[{"@type":"WebPage","@id":"https:\/\/luxurycandlesupplies.eu\/product\/irish-coffee\/","url":"https:\/\/luxurycandlesupplies.eu\/product\/irish-coffee\/","name":"Irish Coffee - UFI befreit","isPartOf":{"@id":"https:\/\/luxurycandlesupplies.eu\/#website"},"primaryImageOfPage":{"@id":"https:\/\/luxurycandlesupplies.eu\/product\/irish-coffee\/#primaryimage"},"image":{"@id":"https:\/\/luxurycandlesupplies.eu\/product\/irish-coffee\/#primaryimage"},"thumbnailUrl":"https:\/\/luxurycandlesupplies.eu\/app\/uploads\/2024\/09\/Irish-Coffee-1.jpg","datePublished":"2024-09-24T07:12:24+00:00","dateModified":"2026-03-26T11:46:24+00:00","breadcrumb":{"@id":"https:\/\/luxurycandlesupplies.eu\/product\/irish-coffee\/#breadcrumb"},"inLanguage":"de-DE","potentialAction":[{"@type":"ReadAction","target":["https:\/\/luxurycandlesupplies.eu\/product\/irish-coffee\/"]}]},{"@type":"ImageObject","inLanguage":"de-DE","@id":"https:\/\/luxurycandlesupplies.eu\/product\/irish-coffee\/#primaryimage","url":"https:\/\/luxurycandlesupplies.eu\/app\/uploads\/2024\/09\/Irish-Coffee-1.jpg","contentUrl":"https:\/\/luxurycandlesupplies.eu\/app\/uploads\/2024\/09\/Irish-Coffee-1.jpg","width":1080,"height":1080},{"@type":"BreadcrumbList","@id":"https:\/\/luxurycandlesupplies.eu\/product\/irish-coffee\/#breadcrumb","itemListElement":[{"@type":"ListItem","position":1,"name":"Home","item":"https:\/\/luxurycandlesupplies.eu\/"},{"@type":"ListItem","position":2,"name":"Shop","item":"https:\/\/luxurycandlesupplies.eu\/shop\/"},{"@type":"ListItem","position":3,"name":"Irish Coffee &#8211; UFI exempt"}]},{"@type":"WebSite","@id":"https:\/\/luxurycandlesupplies.eu\/#website","url":"https:\/\/luxurycandlesupplies.eu\/","name":"Antwerpener Luxus-Kerzen-Bedarf","description":"Vertreiber von Sojawachs f\u00fcr alle Jahreszeiten","publisher":{"@id":"https:\/\/luxurycandlesupplies.eu\/#organization"},"potentialAction":[{"@type":"SearchAction","target":{"@type":"EntryPoint","urlTemplate":"https:\/\/luxurycandlesupplies.eu\/?s={search_term_string}"},"query-input":{"@type":"PropertyValueSpecification","valueRequired":true,"valueName":"search_term_string"}}],"inLanguage":"de-DE"},{"@type":"Organization","@id":"https:\/\/luxurycandlesupplies.eu\/#organization","name":"Antwerpener Luxus-Kerzen-Bedarf","url":"https:\/\/luxurycandlesupplies.eu\/","logo":{"@type":"ImageObject","inLanguage":"de-DE","@id":"https:\/\/luxurycandlesupplies.eu\/#\/schema\/logo\/image\/","url":"https:\/\/luxurycandlesupplies.eu\/app\/uploads\/2022\/03\/antwerp-luxury-candle-supplies-1x.png","contentUrl":"https:\/\/luxurycandlesupplies.eu\/app\/uploads\/2022\/03\/antwerp-luxury-candle-supplies-1x.png","width":330,"height":60,"caption":"Antwerp Luxury Candle Supplies"},"image":{"@id":"https:\/\/luxurycandlesupplies.eu\/#\/schema\/logo\/image\/"},"sameAs":["https:\/\/www.facebook.com\/Antwerpluxurycandlesupplies\/","https:\/\/www.instagram.com\/antwerp_luxury_candle_supplies\/","https:\/\/pin.it\/7joOXRW"]}]}},"_links":{"self":[{"href":"https:\/\/luxurycandlesupplies.eu\/de\/wp-json\/wp\/v2\/product\/17881","targetHints":{"allow":["GET"]}}],"collection":[{"href":"https:\/\/luxurycandlesupplies.eu\/de\/wp-json\/wp\/v2\/product"}],"about":[{"href":"https:\/\/luxurycandlesupplies.eu\/de\/wp-json\/wp\/v2\/types\/product"}],"wp:featuredmedia":[{"embeddable":true,"href":"https:\/\/luxurycandlesupplies.eu\/de\/wp-json\/wp\/v2\/media\/17890"}],"wp:attachment":[{"href":"https:\/\/luxurycandlesupplies.eu\/de\/wp-json\/wp\/v2\/media?parent=17881"}],"wp:term":[{"taxonomy":"product_brand","embeddable":true,"href":"https:\/\/luxurycandlesupplies.eu\/de\/wp-json\/wp\/v2\/product_brand?post=17881"},{"taxonomy":"product_cat","embeddable":true,"href":"https:\/\/luxurycandlesupplies.eu\/de\/wp-json\/wp\/v2\/product_cat?post=17881"},{"taxonomy":"product_tag","embeddable":true,"href":"https:\/\/luxurycandlesupplies.eu\/de\/wp-json\/wp\/v2\/product_tag?post=17881"}],"curies":[{"name":"wp","href":"https:\/\/api.w.org\/{rel}","templated":true}]}}