{"id":18754,"date":"2024-11-08T12:52:52","date_gmt":"2024-11-08T11:52:52","guid":{"rendered":"https:\/\/luxurycandlesupplies.eu\/?post_type=product&#038;p=18754"},"modified":"2024-11-12T15:52:42","modified_gmt":"2024-11-12T14:52:42","slug":"starter-kit-deluxe","status":"publish","type":"product","link":"https:\/\/luxurycandlesupplies.eu\/de\/product\/starter-kit-deluxe\/","title":{"rendered":"Starter-Kit - Deluxe"},"content":{"rendered":"<p>Beginnen Sie Ihr Abenteuer der Kerzenherstellung und perfektionieren Sie Ihr Handwerk mit diesem Kerzenherstellungs-Starterkit von Antwerp Luxury Candle Supplies.<\/p>\n<p>Dieses Set enth\u00e4lt alles, was Sie f\u00fcr die Herstellung eleganter, hochwertiger Kerzen ben\u00f6tigen!<\/p>\n<p>Das Candle Making Kit Deluxe enth\u00e4lt:<\/p>\n<ul>\n<li>Delux Soja S16 - 1kg Beutel<\/li>\n<li>4x Dochtst\u00e4bchen<\/li>\n<li>2x Holzdocht<\/li>\n<li>2x Baumwolldocht<\/li>\n<li>2x Zentrierwerkzeug<\/li>\n<li>1x Gie\u00dfkanne<\/li>\n<li>2x Parf\u00fcm\u00f6l (50ml)<\/li>\n<li>4x Urban-Glas Klein<\/li>\n<li>Hei\u00dfluftpistole<\/li>\n<li>Thermometer<\/li>\n<li>Wachsschmelzer 9L<\/li>\n<\/ul>\n<p>&nbsp;<\/p>\n<p>TIPP: Sie k\u00f6nnen jederzeit einen zus\u00e4tzlichen Beutel mit Kerzenfarbe hinzuf\u00fcgen!  Sehen Sie sich unsere Auswahl an leuchtenden Kerzenfarben an.<\/p>\n<p><a href=\"https:\/\/luxurycandlesupplies.eu\/de\/produktkategorie\/farbstoffflocken\/\">Klicken Sie hier f\u00fcr Kerzenf\u00e4rbefarben\u00a0<\/a><\/p>\n<p>&nbsp;<\/p>\n<p>&nbsp;<\/p>\n<p>&nbsp;<\/p>","protected":false},"excerpt":{"rendered":"<p>Beginnen Sie Ihr Abenteuer der Kerzenherstellung und perfektionieren Sie Ihr Handwerk mit diesem Kerzenherstellungs-Starterkit von Antwerp Luxury Candle Supplies.<\/p>\n<p>Dieses Set enth\u00e4lt alles, was Sie f\u00fcr die Herstellung eleganter, hochwertiger Kerzen ben\u00f6tigen!<\/p>\n<p>Das Candle Making Kit Deluxe enth\u00e4lt:<\/p>\n<ul>\n<li>Delux Soja S16 - 1kg Beutel<\/li>\n<li>4x Dochtst\u00e4bchen<\/li>\n<li>2x Holzdocht<\/li>\n<li>2x Baumwolldocht<\/li>\n<li>2x Zentrierwerkzeug<\/li>\n<li>1x Gie\u00dfkanne<\/li>\n<li>2x Parf\u00fcm\u00f6l (50ml)<\/li>\n<li>4x Urban-Glas Klein<\/li>\n<li>Hei\u00dfluftpistole<\/li>\n<li>Thermometer<\/li>\n<li>Wachsschmelzer 9L<\/li>\n<\/ul>\n<p>&nbsp;<\/p>\n<p>TIPP: Sie k\u00f6nnen jederzeit einen zus\u00e4tzlichen Beutel mit Kerzenfarbe hinzuf\u00fcgen!  Sehen Sie sich unsere Auswahl an leuchtenden Kerzenfarben an.<\/p>\n<p><a href=\"https:\/\/luxurycandlesupplies.eu\/de\/produktkategorie\/farbstoffflocken\/\">Klicken Sie hier f\u00fcr Kerzenf\u00e4rbefarben\u00a0<\/a><\/p>\n<p>&nbsp;<\/p>\n<p>&nbsp;<\/p>","protected":false},"featured_media":18800,"template":"","meta":{"_acf_changed":false,"site-sidebar-layout":"default","site-content-layout":"default","ast-site-content-layout":"default","site-content-style":"default","site-sidebar-style":"default","ast-global-header-display":"","ast-banner-title-visibility":"","ast-main-header-display":"","ast-hfb-above-header-display":"","ast-hfb-below-header-display":"","ast-hfb-mobile-header-display":"","site-post-title":"","ast-breadcrumbs-content":"","ast-featured-img":"","footer-sml-layout":"","ast-disable-related-posts":"","theme-transparent-header-meta":"default","adv-header-id-meta":"","stick-header-meta":"","header-above-stick-meta":"","header-main-stick-meta":"","header-below-stick-meta":"","astra-migrate-meta-layouts":"set","ast-page-background-enabled":"default","ast-page-background-meta":{"desktop":{"background-color":"","background-image":"","background-repeat":"repeat","background-position":"center center","background-size":"auto","background-attachment":"scroll","background-type":"","background-media":"","overlay-type":"","overlay-color":"","overlay-opacity":"","overlay-gradient":""},"tablet":{"background-color":"","background-image":"","background-repeat":"repeat","background-position":"center center","background-size":"auto","background-attachment":"scroll","background-type":"","background-media":"","overlay-type":"","overlay-color":"","overlay-opacity":"","overlay-gradient":""},"mobile":{"background-color":"","background-image":"","background-repeat":"repeat","background-position":"center center","background-size":"auto","background-attachment":"scroll","background-type":"","background-media":"","overlay-type":"","overlay-color":"","overlay-opacity":"","overlay-gradient":""}},"ast-content-background-meta":{"desktop":{"background-color":"var(--ast-global-color-5)","background-image":"","background-repeat":"repeat","background-position":"center center","background-size":"auto","background-attachment":"scroll","background-type":"","background-media":"","overlay-type":"","overlay-color":"","overlay-opacity":"","overlay-gradient":""},"tablet":{"background-color":"var(--ast-global-color-5)","background-image":"","background-repeat":"repeat","background-position":"center center","background-size":"auto","background-attachment":"scroll","background-type":"","background-media":"","overlay-type":"","overlay-color":"","overlay-opacity":"","overlay-gradient":""},"mobile":{"background-color":"var(--ast-global-color-5)","background-image":"","background-repeat":"repeat","background-position":"center center","background-size":"auto","background-attachment":"scroll","background-type":"","background-media":"","overlay-type":"","overlay-color":"","overlay-opacity":"","overlay-gradient":""}}},"product_brand":[],"product_cat":[1621],"product_tag":[],"class_list":{"0":"post-18754","1":"product","2":"type-product","3":"status-publish","4":"has-post-thumbnail","6":"product_cat-candle-making-starter-kit","7":"desktop-align-left","8":"tablet-align-left","9":"mobile-align-left","10":"ast-product-gallery-layout-horizontal-slider","11":"ast-product-gallery-with-no-image","12":"ast-product-tabs-layout-horizontal","14":"first","15":"instock","16":"taxable","17":"shipping-taxable","18":"purchasable","19":"product-type-simple"},"acf":[],"yoast_head":"<title>Starter kit - Deluxe - Antwerp Luxury Candle Supplies<\/title>\n<meta name=\"robots\" content=\"index, follow, max-snippet:-1, max-image-preview:large, max-video-preview:-1\" \/>\n<link rel=\"canonical\" href=\"https:\/\/luxurycandlesupplies.eu\/de\/produkt\/starter-kit-deluxe\/\" \/>\n<meta property=\"og:locale\" content=\"de_DE\" \/>\n<meta property=\"og:type\" content=\"article\" \/>\n<meta property=\"og:title\" content=\"Starter kit - Deluxe - Antwerp Luxury Candle Supplies\" \/>\n<meta property=\"og:description\" content=\"Begin your candle crafting adventure and perfect the craft with this Candle Making Starter Kit from Antwerp Luxury Candle Supplies.  This kit provides all the essentials for making elegant, premium candles!  The Candle Making Kit Deluxe includes:   Delux Soy S16 - 1kg bag  4x Wick stickums  2x Wood Wick  2x Cotton Wick  2x Centering Tool  1x Pouring Jug  2x Fragrance Oil \u00a0(50ml)  4x Urban jar Small  Heatgun  Thermometer  Waxmelter 9L  &nbsp;  TIP : You can always add an extra Candle Dye Colour bag!\u00a0 Check out our selection of vibrant candle dye colours.  click here for candle dye colours\u00a0  &nbsp;  &nbsp;\" \/>\n<meta property=\"og:url\" content=\"https:\/\/luxurycandlesupplies.eu\/de\/produkt\/starter-kit-deluxe\/\" \/>\n<meta property=\"og:site_name\" content=\"Antwerp Luxury Candle Supplies\" \/>\n<meta property=\"article:publisher\" content=\"https:\/\/www.facebook.com\/Antwerpluxurycandlesupplies\/\" \/>\n<meta property=\"article:modified_time\" content=\"2024-11-12T14:52:42+00:00\" \/>\n<meta property=\"og:image\" content=\"https:\/\/luxurycandlesupplies.eu\/app\/uploads\/2024\/11\/1-1.jpg\" \/>\n\t<meta property=\"og:image:width\" content=\"940\" \/>\n\t<meta property=\"og:image:height\" content=\"788\" \/>\n\t<meta property=\"og:image:type\" content=\"image\/jpeg\" \/>\n<meta name=\"twitter:card\" content=\"summary_large_image\" \/>\n<meta name=\"twitter:label1\" content=\"Gesch\u00e4tzte Lesezeit\" \/>\n\t<meta name=\"twitter:data1\" content=\"1 minute\" \/>\n<script type=\"application\/ld+json\" class=\"yoast-schema-graph\">{\"@context\":\"https:\\\/\\\/schema.org\",\"@graph\":[{\"@type\":\"WebPage\",\"@id\":\"https:\\\/\\\/luxurycandlesupplies.eu\\\/product\\\/starter-kit-deluxe\\\/\",\"url\":\"https:\\\/\\\/luxurycandlesupplies.eu\\\/product\\\/starter-kit-deluxe\\\/\",\"name\":\"Starter kit - Deluxe - Antwerp Luxury Candle Supplies\",\"isPartOf\":{\"@id\":\"https:\\\/\\\/luxurycandlesupplies.eu\\\/#website\"},\"primaryImageOfPage\":{\"@id\":\"https:\\\/\\\/luxurycandlesupplies.eu\\\/product\\\/starter-kit-deluxe\\\/#primaryimage\"},\"image\":{\"@id\":\"https:\\\/\\\/luxurycandlesupplies.eu\\\/product\\\/starter-kit-deluxe\\\/#primaryimage\"},\"thumbnailUrl\":\"https:\\\/\\\/luxurycandlesupplies.eu\\\/app\\\/uploads\\\/2024\\\/11\\\/1-1.jpg\",\"datePublished\":\"2024-11-08T11:52:52+00:00\",\"dateModified\":\"2024-11-12T14:52:42+00:00\",\"breadcrumb\":{\"@id\":\"https:\\\/\\\/luxurycandlesupplies.eu\\\/product\\\/starter-kit-deluxe\\\/#breadcrumb\"},\"inLanguage\":\"de-DE\",\"potentialAction\":[{\"@type\":\"ReadAction\",\"target\":[\"https:\\\/\\\/luxurycandlesupplies.eu\\\/product\\\/starter-kit-deluxe\\\/\"]}]},{\"@type\":\"ImageObject\",\"inLanguage\":\"de-DE\",\"@id\":\"https:\\\/\\\/luxurycandlesupplies.eu\\\/product\\\/starter-kit-deluxe\\\/#primaryimage\",\"url\":\"https:\\\/\\\/luxurycandlesupplies.eu\\\/app\\\/uploads\\\/2024\\\/11\\\/1-1.jpg\",\"contentUrl\":\"https:\\\/\\\/luxurycandlesupplies.eu\\\/app\\\/uploads\\\/2024\\\/11\\\/1-1.jpg\",\"width\":940,\"height\":788},{\"@type\":\"BreadcrumbList\",\"@id\":\"https:\\\/\\\/luxurycandlesupplies.eu\\\/product\\\/starter-kit-deluxe\\\/#breadcrumb\",\"itemListElement\":[{\"@type\":\"ListItem\",\"position\":1,\"name\":\"Home\",\"item\":\"https:\\\/\\\/luxurycandlesupplies.eu\\\/\"},{\"@type\":\"ListItem\",\"position\":2,\"name\":\"Shop\",\"item\":\"https:\\\/\\\/luxurycandlesupplies.eu\\\/shop\\\/\"},{\"@type\":\"ListItem\",\"position\":3,\"name\":\"Starter kit &#8211; Deluxe\"}]},{\"@type\":\"WebSite\",\"@id\":\"https:\\\/\\\/luxurycandlesupplies.eu\\\/#website\",\"url\":\"https:\\\/\\\/luxurycandlesupplies.eu\\\/\",\"name\":\"Antwerp Luxury Candle Supplies\",\"description\":\"Distributor of all seasons soy wax\",\"publisher\":{\"@id\":\"https:\\\/\\\/luxurycandlesupplies.eu\\\/#organization\"},\"potentialAction\":[{\"@type\":\"SearchAction\",\"target\":{\"@type\":\"EntryPoint\",\"urlTemplate\":\"https:\\\/\\\/luxurycandlesupplies.eu\\\/?s={search_term_string}\"},\"query-input\":{\"@type\":\"PropertyValueSpecification\",\"valueRequired\":true,\"valueName\":\"search_term_string\"}}],\"inLanguage\":\"de-DE\"},{\"@type\":\"Organization\",\"@id\":\"https:\\\/\\\/luxurycandlesupplies.eu\\\/#organization\",\"name\":\"Antwerp Luxury Candle Supplies\",\"url\":\"https:\\\/\\\/luxurycandlesupplies.eu\\\/\",\"logo\":{\"@type\":\"ImageObject\",\"inLanguage\":\"de-DE\",\"@id\":\"https:\\\/\\\/luxurycandlesupplies.eu\\\/#\\\/schema\\\/logo\\\/image\\\/\",\"url\":\"https:\\\/\\\/luxurycandlesupplies.eu\\\/app\\\/uploads\\\/2022\\\/03\\\/antwerp-luxury-candle-supplies-1x.png\",\"contentUrl\":\"https:\\\/\\\/luxurycandlesupplies.eu\\\/app\\\/uploads\\\/2022\\\/03\\\/antwerp-luxury-candle-supplies-1x.png\",\"width\":330,\"height\":60,\"caption\":\"Antwerp Luxury Candle Supplies\"},\"image\":{\"@id\":\"https:\\\/\\\/luxurycandlesupplies.eu\\\/#\\\/schema\\\/logo\\\/image\\\/\"},\"sameAs\":[\"https:\\\/\\\/www.facebook.com\\\/Antwerpluxurycandlesupplies\\\/\",\"https:\\\/\\\/www.instagram.com\\\/antwerp_luxury_candle_supplies\\\/\",\"https:\\\/\\\/pin.it\\\/7joOXRW\"]}]}<\/script>","yoast_head_json":{"title":"Starter-Kit - Deluxe - Antwerpener Luxuskerzen-Bedarf","robots":{"index":"index","follow":"follow","max-snippet":"max-snippet:-1","max-image-preview":"max-image-preview:large","max-video-preview":"max-video-preview:-1"},"canonical":"https:\/\/luxurycandlesupplies.eu\/de\/produkt\/starter-kit-deluxe\/","og_locale":"de_DE","og_type":"article","og_title":"Starter kit - Deluxe - Antwerp Luxury Candle Supplies","og_description":"Begin your candle crafting adventure and perfect the craft with this Candle Making Starter Kit from Antwerp Luxury Candle Supplies.  This kit provides all the essentials for making elegant, premium candles!  The Candle Making Kit Deluxe includes:   Delux Soy S16 - 1kg bag  4x Wick stickums  2x Wood Wick  2x Cotton Wick  2x Centering Tool  1x Pouring Jug  2x Fragrance Oil \u00a0(50ml)  4x Urban jar Small  Heatgun  Thermometer  Waxmelter 9L  &nbsp;  TIP : You can always add an extra Candle Dye Colour bag!\u00a0 Check out our selection of vibrant candle dye colours.  click here for candle dye colours\u00a0  &nbsp;  &nbsp;","og_url":"https:\/\/luxurycandlesupplies.eu\/de\/produkt\/starter-kit-deluxe\/","og_site_name":"Antwerp Luxury Candle Supplies","article_publisher":"https:\/\/www.facebook.com\/Antwerpluxurycandlesupplies\/","article_modified_time":"2024-11-12T14:52:42+00:00","og_image":[{"width":940,"height":788,"url":"https:\/\/luxurycandlesupplies.eu\/app\/uploads\/2024\/11\/1-1.jpg","type":"image\/jpeg"}],"twitter_card":"summary_large_image","twitter_misc":{"Gesch\u00e4tzte Lesezeit":"1 minute"},"schema":{"@context":"https:\/\/schema.org","@graph":[{"@type":"WebPage","@id":"https:\/\/luxurycandlesupplies.eu\/product\/starter-kit-deluxe\/","url":"https:\/\/luxurycandlesupplies.eu\/product\/starter-kit-deluxe\/","name":"Starter-Kit - Deluxe - Antwerpener Luxuskerzen-Bedarf","isPartOf":{"@id":"https:\/\/luxurycandlesupplies.eu\/#website"},"primaryImageOfPage":{"@id":"https:\/\/luxurycandlesupplies.eu\/product\/starter-kit-deluxe\/#primaryimage"},"image":{"@id":"https:\/\/luxurycandlesupplies.eu\/product\/starter-kit-deluxe\/#primaryimage"},"thumbnailUrl":"https:\/\/luxurycandlesupplies.eu\/app\/uploads\/2024\/11\/1-1.jpg","datePublished":"2024-11-08T11:52:52+00:00","dateModified":"2024-11-12T14:52:42+00:00","breadcrumb":{"@id":"https:\/\/luxurycandlesupplies.eu\/product\/starter-kit-deluxe\/#breadcrumb"},"inLanguage":"de-DE","potentialAction":[{"@type":"ReadAction","target":["https:\/\/luxurycandlesupplies.eu\/product\/starter-kit-deluxe\/"]}]},{"@type":"ImageObject","inLanguage":"de-DE","@id":"https:\/\/luxurycandlesupplies.eu\/product\/starter-kit-deluxe\/#primaryimage","url":"https:\/\/luxurycandlesupplies.eu\/app\/uploads\/2024\/11\/1-1.jpg","contentUrl":"https:\/\/luxurycandlesupplies.eu\/app\/uploads\/2024\/11\/1-1.jpg","width":940,"height":788},{"@type":"BreadcrumbList","@id":"https:\/\/luxurycandlesupplies.eu\/product\/starter-kit-deluxe\/#breadcrumb","itemListElement":[{"@type":"ListItem","position":1,"name":"Home","item":"https:\/\/luxurycandlesupplies.eu\/"},{"@type":"ListItem","position":2,"name":"Shop","item":"https:\/\/luxurycandlesupplies.eu\/shop\/"},{"@type":"ListItem","position":3,"name":"Starter kit &#8211; Deluxe"}]},{"@type":"WebSite","@id":"https:\/\/luxurycandlesupplies.eu\/#website","url":"https:\/\/luxurycandlesupplies.eu\/","name":"Antwerpener Luxus-Kerzen-Bedarf","description":"Vertreiber von Sojawachs f\u00fcr alle Jahreszeiten","publisher":{"@id":"https:\/\/luxurycandlesupplies.eu\/#organization"},"potentialAction":[{"@type":"SearchAction","target":{"@type":"EntryPoint","urlTemplate":"https:\/\/luxurycandlesupplies.eu\/?s={search_term_string}"},"query-input":{"@type":"PropertyValueSpecification","valueRequired":true,"valueName":"search_term_string"}}],"inLanguage":"de-DE"},{"@type":"Organization","@id":"https:\/\/luxurycandlesupplies.eu\/#organization","name":"Antwerpener Luxus-Kerzen-Bedarf","url":"https:\/\/luxurycandlesupplies.eu\/","logo":{"@type":"ImageObject","inLanguage":"de-DE","@id":"https:\/\/luxurycandlesupplies.eu\/#\/schema\/logo\/image\/","url":"https:\/\/luxurycandlesupplies.eu\/app\/uploads\/2022\/03\/antwerp-luxury-candle-supplies-1x.png","contentUrl":"https:\/\/luxurycandlesupplies.eu\/app\/uploads\/2022\/03\/antwerp-luxury-candle-supplies-1x.png","width":330,"height":60,"caption":"Antwerp Luxury Candle Supplies"},"image":{"@id":"https:\/\/luxurycandlesupplies.eu\/#\/schema\/logo\/image\/"},"sameAs":["https:\/\/www.facebook.com\/Antwerpluxurycandlesupplies\/","https:\/\/www.instagram.com\/antwerp_luxury_candle_supplies\/","https:\/\/pin.it\/7joOXRW"]}]}},"_links":{"self":[{"href":"https:\/\/luxurycandlesupplies.eu\/de\/wp-json\/wp\/v2\/product\/18754","targetHints":{"allow":["GET"]}}],"collection":[{"href":"https:\/\/luxurycandlesupplies.eu\/de\/wp-json\/wp\/v2\/product"}],"about":[{"href":"https:\/\/luxurycandlesupplies.eu\/de\/wp-json\/wp\/v2\/types\/product"}],"wp:featuredmedia":[{"embeddable":true,"href":"https:\/\/luxurycandlesupplies.eu\/de\/wp-json\/wp\/v2\/media\/18800"}],"wp:attachment":[{"href":"https:\/\/luxurycandlesupplies.eu\/de\/wp-json\/wp\/v2\/media?parent=18754"}],"wp:term":[{"taxonomy":"product_brand","embeddable":true,"href":"https:\/\/luxurycandlesupplies.eu\/de\/wp-json\/wp\/v2\/product_brand?post=18754"},{"taxonomy":"product_cat","embeddable":true,"href":"https:\/\/luxurycandlesupplies.eu\/de\/wp-json\/wp\/v2\/product_cat?post=18754"},{"taxonomy":"product_tag","embeddable":true,"href":"https:\/\/luxurycandlesupplies.eu\/de\/wp-json\/wp\/v2\/product_tag?post=18754"}],"curies":[{"name":"wp","href":"https:\/\/api.w.org\/{rel}","templated":true}]}}