{"id":19066,"date":"2024-11-28T10:45:35","date_gmt":"2024-11-28T09:45:35","guid":{"rendered":"https:\/\/luxurycandlesupplies.eu\/?post_type=product&#038;p=19066"},"modified":"2025-02-11T10:50:52","modified_gmt":"2025-02-11T09:50:52","slug":"grunden-sie-ihr-eigenes-kerzengeschaft","status":"publish","type":"product","link":"https:\/\/luxurycandlesupplies.eu\/de\/product\/start-your-own-candle-business\/","title":{"rendered":"Starten Sie Ihr eigenes Kerzengesch\u00e4ft - Online-Kurs"},"content":{"rendered":"<h3><\/h3>\n<h3>Starten Sie Ihr eigenes Kerzengesch\u00e4ft<\/h3>\n<p>&nbsp;<\/p>\n<h6>Starten Sie erfolgreich Ihr Kerzengesch\u00e4ft ohne Stress, Sorgen und mit dem n\u00f6tigen Vorwissen und werden Sie sicher in Gesetzgebung, clp &amp; ufi.<\/h6>\n<p>&nbsp;<\/p>\n<p>Tr\u00e4umen Sie davon, Ihre Leidenschaft f\u00fcr die Kerzenherstellung in ein profitables Gesch\u00e4ft zu verwandeln? M\u00f6chten Sie nicht nur sch\u00f6ne Produkte herstellen, sondern auch sicherstellen, dass Sie alle rechtlichen Anforderungen erf\u00fcllen? Dann ist unser exklusives Paket genau das Richtige f\u00fcr Sie! Wir kombinieren unseren Intensivkurs \"Werden Sie professioneller Kerzenmacher\" mit der grundlegenden Schulung \"Lernen Sie die UFI- und CLP-Gesetzgebung\" in einem erschwinglichen Paket. Damit sind Sie bestens ger\u00fcstet, um Ihre kreative Vision in ein gesetzeskonformes und erfolgreiches Kerzengesch\u00e4ft zu verwandeln.<\/p>\n<p>&nbsp;<\/p>\n<p><strong>Was Sie lernen werden:<\/strong> Dieser Kurs bietet alles, was Sie brauchen, um ein rentables Kerzengesch\u00e4ft zu er\u00f6ffnen. Von der Entwicklung Ihres Gesch\u00e4ftsplans bis hin zu den richtigen Preisstrategien, von der Auswahl der besten Versandpartner bis zur Erstellung einer attraktiven Online-Pr\u00e4senz. Mit 10 Modulen und 57 Lektionen sind Sie bestens vorbereitet, um Ihr Gesch\u00e4ft zu starten und auszubauen. Der Kurs umfasst eine Community, an die Sie sich jederzeit mit Fragen, Tipps und Tricks wenden k\u00f6nnen. Au\u00dferdem wird der Kurs regelm\u00e4\u00dfig aktualisiert.<\/p>\n<p><strong>Boni:<\/strong> Dazu geh\u00f6ren Verkaufstipps, Website-Optimierung, nachhaltige Verpackungsoptionen und vieles mehr.<\/p>\n<p>&nbsp;<\/p>\n<p>&nbsp;<\/p>\n<h6><strong>Lernen Sie die UFI- und CLP-Gesetzgebung kennen<\/strong><\/h6>\n<p>&nbsp;<\/p>\n<p><strong>Was Sie lernen werden:<\/strong> Verstehen Sie die komplexen UFI- und CLP-Vorschriften, die f\u00fcr Produkte mit gef\u00e4hrlichen Gemischen in Europa gelten. Dieser Kurs hilft Ihnen Schritt f\u00fcr Schritt, alle notwendigen rechtlichen Dokumente selbst zu erstellen und die Vorschriften einzuhalten, damit Sie Ihr Unternehmen sorgenfrei f\u00fchren k\u00f6nnen. Mit 38 Lektionen und Videos mit ausf\u00fchrlichen, schrittweisen Anleitungen wird diese Gesetzgebung \u00fcberschaubar.<\/p>\n<p>F\u00fcr den UFI- und CLP-Kurs erscheint jedes Modul nach 14 Tagen, mit Ausnahme von Modul 7, so dass Sie angesichts der Komplexit\u00e4t der Materie gen\u00fcgend Zeit haben, alles vollst\u00e4ndig zu erfassen.<\/p>\n<p><strong>All-in-One-L\u00f6sung:<\/strong> Sie erhalten nicht nur das Wissen, um Ihr eigenes Kerzengesch\u00e4ft zu gr\u00fcnden, sondern auch das Fachwissen, um sicherzustellen, dass Sie alle rechtlichen Anforderungen erf\u00fcllen.<\/p>\n<p><strong>Kosteneinsparungen:<\/strong> Wenn Sie beide Kurse in diesem Paket kaufen, sparen Sie erheblich im Vergleich zum Einzelkauf der Kurse.<\/p>\n<p><strong>Flexibles Lernen:<\/strong> Sie k\u00f6nnen beide Kurse in Ihrem eigenen Tempo besuchen. Sie erhalten 5 Jahre lang Zugang zu beiden Kursen. Warum eine Frist? Nun, es ist wissenschaftlich erwiesen, dass Sie, wenn Sie eine Frist haben, um etwas zu lernen, nicht z\u00f6gern, sondern sofort loslegen, denn wir wollen, dass Sie mit Ihrem Kerzengesch\u00e4ft wirklich erfolgreich sind!<\/p>\n<p>&nbsp;<\/p>\n<p>Die Schulung ist in Englisch und Niederl\u00e4ndisch verf\u00fcgbar.<\/p>","protected":false},"excerpt":{"rendered":"<h4><\/h4>\n<h6><span style=\"font-size: 1.7em; font-weight: bold;\">Starten Sie Ihr eigenes Kerzengesch\u00e4ft<\/span><\/h6>\n<p>&nbsp;<\/p>\n<h6>Starten Sie erfolgreich Ihr Kerzengesch\u00e4ft ohne Stress, Sorgen und mit dem n\u00f6tigen Vorwissen und werden Sie sicher in Gesetzgebung, clp &amp; ufi.<\/h6>\n<p>&nbsp;<\/p>\n<p>Tr\u00e4umen Sie davon, Ihre Leidenschaft f\u00fcr die Kerzenherstellung in ein profitables Gesch\u00e4ft zu verwandeln? M\u00f6chten Sie nicht nur sch\u00f6ne Produkte herstellen, sondern auch sicherstellen, dass Sie alle rechtlichen Anforderungen erf\u00fcllen? Dann ist unser exklusives Paket genau das Richtige f\u00fcr Sie! Wir kombinieren unseren Intensivkurs \"Werden Sie professioneller Kerzenmacher\" mit der grundlegenden Schulung \"Lernen Sie die UFI- und CLP-Gesetzgebung\" in einem erschwinglichen Paket. Damit sind Sie bestens ger\u00fcstet, um Ihre kreative Vision in ein gesetzeskonformes und erfolgreiches Kerzengesch\u00e4ft zu verwandeln.<\/p>\n<p>&nbsp;<\/p>\n<p><strong>Was Sie lernen werden:<\/strong> Dieser Kurs bietet alles, was Sie brauchen, um ein rentables Kerzengesch\u00e4ft zu er\u00f6ffnen. Von der Entwicklung Ihres Gesch\u00e4ftsplans bis hin zu den richtigen Preisstrategien, von der Auswahl der besten Versandpartner bis zur Erstellung einer attraktiven Online-Pr\u00e4senz. Mit 10 Modulen und 57 Lektionen sind Sie bestens vorbereitet, um Ihr Gesch\u00e4ft zu starten und auszubauen. Der Kurs umfasst eine Community, an die Sie sich jederzeit mit Fragen, Tipps und Tricks wenden k\u00f6nnen. Au\u00dferdem wird der Kurs regelm\u00e4\u00dfig aktualisiert.<\/p>\n<p><strong>Boni:<\/strong> Dazu geh\u00f6ren Verkaufstipps, Website-Optimierung, nachhaltige Verpackungsoptionen und vieles mehr.<\/p>\n<p>&nbsp;<\/p>\n<p>&nbsp;<\/p>\n<h5><strong>Lernen Sie die UFI- und CLP-Gesetzgebung kennen<\/strong><\/h5>\n<p>&nbsp;<\/p>\n<p><strong>Was Sie lernen werden:<\/strong> Verstehen Sie die komplexen UFI- und CLP-Vorschriften, die f\u00fcr Produkte mit gef\u00e4hrlichen Gemischen in Europa gelten. Dieser Kurs hilft Ihnen Schritt f\u00fcr Schritt, alle notwendigen rechtlichen Dokumente selbst zu erstellen und die Vorschriften einzuhalten, damit Sie Ihr Unternehmen sorgenfrei f\u00fchren k\u00f6nnen. Mit 38 Lektionen und Videos mit ausf\u00fchrlichen, schrittweisen Anleitungen wird diese Gesetzgebung \u00fcberschaubar.<\/p>\n<p>F\u00fcr den UFI- und CLP-Kurs erscheint jedes Modul nach 14 Tagen, mit Ausnahme von Modul 7, so dass Sie angesichts der Komplexit\u00e4t der Materie gen\u00fcgend Zeit haben, alles vollst\u00e4ndig zu erfassen.<\/p>\n<p><strong>All-in-One-L\u00f6sung:<\/strong> Sie erhalten nicht nur das Wissen, um Ihr eigenes Kerzengesch\u00e4ft zu gr\u00fcnden, sondern auch das Fachwissen, um sicherzustellen, dass Sie alle rechtlichen Anforderungen erf\u00fcllen.<\/p>\n<p><strong>Kosteneinsparungen:<\/strong> Wenn Sie beide Kurse in diesem Paket kaufen, sparen Sie erheblich im Vergleich zum Einzelkauf der Kurse.<\/p>\n<p><strong>Flexibles Lernen:<\/strong> Sie k\u00f6nnen beide Kurse in Ihrem eigenen Tempo besuchen. Sie erhalten 5 Jahre lang Zugang zu beiden Kursen. Warum eine Frist? Nun, es ist wissenschaftlich erwiesen, dass Sie, wenn Sie eine Frist haben, um etwas zu lernen, nicht z\u00f6gern, sondern sofort loslegen, denn wir wollen, dass Sie mit Ihrem Kerzengesch\u00e4ft wirklich erfolgreich sind!<\/p>\n<p>&nbsp;<\/p>\n<p>Die Schulung ist in Englisch und Niederl\u00e4ndisch verf\u00fcgbar.<\/p>","protected":false},"featured_media":19070,"template":"","meta":{"_acf_changed":false,"site-sidebar-layout":"default","site-content-layout":"default","ast-site-content-layout":"default","site-content-style":"default","site-sidebar-style":"default","ast-global-header-display":"","ast-banner-title-visibility":"","ast-main-header-display":"","ast-hfb-above-header-display":"","ast-hfb-below-header-display":"","ast-hfb-mobile-header-display":"","site-post-title":"","ast-breadcrumbs-content":"","ast-featured-img":"","footer-sml-layout":"","ast-disable-related-posts":"","theme-transparent-header-meta":"default","adv-header-id-meta":"","stick-header-meta":"","header-above-stick-meta":"","header-main-stick-meta":"","header-below-stick-meta":"","astra-migrate-meta-layouts":"set","ast-page-background-enabled":"default","ast-page-background-meta":{"desktop":{"background-color":"","background-image":"","background-repeat":"repeat","background-position":"center center","background-size":"auto","background-attachment":"scroll","background-type":"","background-media":"","overlay-type":"","overlay-color":"","overlay-opacity":"","overlay-gradient":""},"tablet":{"background-color":"","background-image":"","background-repeat":"repeat","background-position":"center center","background-size":"auto","background-attachment":"scroll","background-type":"","background-media":"","overlay-type":"","overlay-color":"","overlay-opacity":"","overlay-gradient":""},"mobile":{"background-color":"","background-image":"","background-repeat":"repeat","background-position":"center center","background-size":"auto","background-attachment":"scroll","background-type":"","background-media":"","overlay-type":"","overlay-color":"","overlay-opacity":"","overlay-gradient":""}},"ast-content-background-meta":{"desktop":{"background-color":"var(--ast-global-color-5)","background-image":"","background-repeat":"repeat","background-position":"center center","background-size":"auto","background-attachment":"scroll","background-type":"","background-media":"","overlay-type":"","overlay-color":"","overlay-opacity":"","overlay-gradient":""},"tablet":{"background-color":"var(--ast-global-color-5)","background-image":"","background-repeat":"repeat","background-position":"center center","background-size":"auto","background-attachment":"scroll","background-type":"","background-media":"","overlay-type":"","overlay-color":"","overlay-opacity":"","overlay-gradient":""},"mobile":{"background-color":"var(--ast-global-color-5)","background-image":"","background-repeat":"repeat","background-position":"center center","background-size":"auto","background-attachment":"scroll","background-type":"","background-media":"","overlay-type":"","overlay-color":"","overlay-opacity":"","overlay-gradient":""}}},"product_brand":[],"product_cat":[333,1620],"product_tag":[337,335,334,336,1619],"class_list":{"0":"post-19066","1":"product","2":"type-product","3":"status-publish","4":"has-post-thumbnail","6":"product_cat-candle-making-class","7":"product_cat-candle-making-courses","8":"product_tag-candle-course","9":"product_tag-candle-making","10":"product_tag-class","11":"product_tag-online-candle-making-class","12":"product_tag-start-a-candle-business","13":"desktop-align-left","14":"tablet-align-left","15":"mobile-align-left","16":"ast-product-gallery-layout-horizontal-slider","17":"ast-product-tabs-layout-horizontal","19":"first","20":"instock","21":"virtual","22":"taxable","23":"purchasable","24":"product-type-simple"},"acf":[],"yoast_head":"<title>Start your own Candle Business - Online Course - Antwerp Luxury Candle Supplies<\/title>\n<meta name=\"robots\" content=\"index, follow, max-snippet:-1, max-image-preview:large, max-video-preview:-1\" \/>\n<link rel=\"canonical\" href=\"https:\/\/luxurycandlesupplies.eu\/de\/produkt\/grunden-sie-ihr-eigenes-kerzengeschaft\/\" \/>\n<meta property=\"og:locale\" content=\"de_DE\" \/>\n<meta property=\"og:type\" content=\"article\" \/>\n<meta property=\"og:title\" content=\"Start your own Candle Business - Online Course - Antwerp Luxury Candle Supplies\" \/>\n<meta property=\"og:description\" content=\"Start your own Candle Business &nbsp; Launch your candle business successfully without stress, worries, and all necessary foreknowledge and become confident in legislation, clp &amp; ufi. &nbsp;  Do you dream of turning your passion for candle making into a profitable business? Do you want to not only create beautiful products but also ensure you meet all legal requirements? Then our exclusive bundle is perfect for you! We combine our in-depth course &quot;Become a Professional Candle Maker&quot; with the essential training &quot;Learn UFI &amp; CLP Legislation&quot; in one affordable package. This will fully equip you to turn your creative vision into a compliant and successful candle business.  &nbsp;  What you&#039;ll learn: This course provides everything you need to start a profitable candle business. From developing your business plan to learning the right pricing strategies, and from choosing the best shipping partners to creating an attractive online presence. With 10 modules and 57 lessons, you&#039;re fully prepared to launch and grow your business. The course includes a community where you can always go with questions, tips, and tricks. Regular updates are also added to the course.  Bonuses: Includes sales tips, website optimization, sustainable packaging options, and much more.  &nbsp;  &nbsp; Learn UFI &amp; CLP Legislation &nbsp;  What you&#039;ll learn: Understand the complex UFI and CLP legislation applicable to products with hazardous mixtures in Europe. This course helps you step by step to prepare all necessary legal documents yourself and comply with the regulations, so you can run your business worry-free. With 38 lessons and videos with extensive phased guidance, this legislation becomes manageable.  For the UFI and CLP course, each module appears after 14 days, except for module 7, giving you time to fully grasp everything given the complexity of this matter.  All-in-One Solution: You get not only the knowledge to start your own candle business but also the expertise to ensure you meet all legal requirements.  Cost Savings: By purchasing both courses in this bundle, you save significantly compared to buying them separately.  Flexible Learning: Access both courses at your own pace. You get 5 years of access to both courses. Why a deadline? Well, it&#039;s scientifically proven that when you have a deadline to learn something, you won&#039;t procrastinate, you&#039;ll get started immediately, because we want you to be truly successful with your candle business!  &nbsp;  The training is available in English and Dutch.\" \/>\n<meta property=\"og:url\" content=\"https:\/\/luxurycandlesupplies.eu\/de\/produkt\/grunden-sie-ihr-eigenes-kerzengeschaft\/\" \/>\n<meta property=\"og:site_name\" content=\"Antwerp Luxury Candle Supplies\" \/>\n<meta property=\"article:publisher\" content=\"https:\/\/www.facebook.com\/Antwerpluxurycandlesupplies\/\" \/>\n<meta property=\"article:modified_time\" content=\"2025-02-11T09:50:52+00:00\" \/>\n<meta property=\"og:image\" content=\"https:\/\/luxurycandlesupplies.eu\/app\/uploads\/2024\/11\/438124958_1445220903029216_2148568822741173151_n_c7dca659-0101-4352-90d9-ce9d8bf6f47f.webp\" \/>\n\t<meta property=\"og:image:width\" content=\"713\" \/>\n\t<meta property=\"og:image:height\" content=\"713\" \/>\n\t<meta property=\"og:image:type\" content=\"image\/webp\" \/>\n<meta name=\"twitter:card\" content=\"summary_large_image\" \/>\n<meta name=\"twitter:label1\" content=\"Gesch\u00e4tzte Lesezeit\" \/>\n\t<meta name=\"twitter:data1\" content=\"2 minutes\" \/>\n<script type=\"application\/ld+json\" class=\"yoast-schema-graph\">{\"@context\":\"https:\\\/\\\/schema.org\",\"@graph\":[{\"@type\":\"WebPage\",\"@id\":\"https:\\\/\\\/luxurycandlesupplies.eu\\\/product\\\/start-your-own-candle-business\\\/\",\"url\":\"https:\\\/\\\/luxurycandlesupplies.eu\\\/product\\\/start-your-own-candle-business\\\/\",\"name\":\"Start your own Candle Business - Online Course - Antwerp Luxury Candle Supplies\",\"isPartOf\":{\"@id\":\"https:\\\/\\\/luxurycandlesupplies.eu\\\/#website\"},\"primaryImageOfPage\":{\"@id\":\"https:\\\/\\\/luxurycandlesupplies.eu\\\/product\\\/start-your-own-candle-business\\\/#primaryimage\"},\"image\":{\"@id\":\"https:\\\/\\\/luxurycandlesupplies.eu\\\/product\\\/start-your-own-candle-business\\\/#primaryimage\"},\"thumbnailUrl\":\"https:\\\/\\\/luxurycandlesupplies.eu\\\/app\\\/uploads\\\/2024\\\/11\\\/438124958_1445220903029216_2148568822741173151_n_c7dca659-0101-4352-90d9-ce9d8bf6f47f.webp\",\"datePublished\":\"2024-11-28T09:45:35+00:00\",\"dateModified\":\"2025-02-11T09:50:52+00:00\",\"breadcrumb\":{\"@id\":\"https:\\\/\\\/luxurycandlesupplies.eu\\\/product\\\/start-your-own-candle-business\\\/#breadcrumb\"},\"inLanguage\":\"de-DE\",\"potentialAction\":[{\"@type\":\"ReadAction\",\"target\":[\"https:\\\/\\\/luxurycandlesupplies.eu\\\/product\\\/start-your-own-candle-business\\\/\"]}]},{\"@type\":\"ImageObject\",\"inLanguage\":\"de-DE\",\"@id\":\"https:\\\/\\\/luxurycandlesupplies.eu\\\/product\\\/start-your-own-candle-business\\\/#primaryimage\",\"url\":\"https:\\\/\\\/luxurycandlesupplies.eu\\\/app\\\/uploads\\\/2024\\\/11\\\/438124958_1445220903029216_2148568822741173151_n_c7dca659-0101-4352-90d9-ce9d8bf6f47f.webp\",\"contentUrl\":\"https:\\\/\\\/luxurycandlesupplies.eu\\\/app\\\/uploads\\\/2024\\\/11\\\/438124958_1445220903029216_2148568822741173151_n_c7dca659-0101-4352-90d9-ce9d8bf6f47f.webp\",\"width\":713,\"height\":713},{\"@type\":\"BreadcrumbList\",\"@id\":\"https:\\\/\\\/luxurycandlesupplies.eu\\\/product\\\/start-your-own-candle-business\\\/#breadcrumb\",\"itemListElement\":[{\"@type\":\"ListItem\",\"position\":1,\"name\":\"Home\",\"item\":\"https:\\\/\\\/luxurycandlesupplies.eu\\\/\"},{\"@type\":\"ListItem\",\"position\":2,\"name\":\"Shop\",\"item\":\"https:\\\/\\\/luxurycandlesupplies.eu\\\/shop\\\/\"},{\"@type\":\"ListItem\",\"position\":3,\"name\":\"Start your own Candle Business &#8211; Online Course\"}]},{\"@type\":\"WebSite\",\"@id\":\"https:\\\/\\\/luxurycandlesupplies.eu\\\/#website\",\"url\":\"https:\\\/\\\/luxurycandlesupplies.eu\\\/\",\"name\":\"Antwerp Luxury Candle Supplies\",\"description\":\"Distributor of all seasons soy wax\",\"publisher\":{\"@id\":\"https:\\\/\\\/luxurycandlesupplies.eu\\\/#organization\"},\"potentialAction\":[{\"@type\":\"SearchAction\",\"target\":{\"@type\":\"EntryPoint\",\"urlTemplate\":\"https:\\\/\\\/luxurycandlesupplies.eu\\\/?s={search_term_string}\"},\"query-input\":{\"@type\":\"PropertyValueSpecification\",\"valueRequired\":true,\"valueName\":\"search_term_string\"}}],\"inLanguage\":\"de-DE\"},{\"@type\":\"Organization\",\"@id\":\"https:\\\/\\\/luxurycandlesupplies.eu\\\/#organization\",\"name\":\"Antwerp Luxury Candle Supplies\",\"url\":\"https:\\\/\\\/luxurycandlesupplies.eu\\\/\",\"logo\":{\"@type\":\"ImageObject\",\"inLanguage\":\"de-DE\",\"@id\":\"https:\\\/\\\/luxurycandlesupplies.eu\\\/#\\\/schema\\\/logo\\\/image\\\/\",\"url\":\"https:\\\/\\\/luxurycandlesupplies.eu\\\/app\\\/uploads\\\/2022\\\/03\\\/antwerp-luxury-candle-supplies-1x.png\",\"contentUrl\":\"https:\\\/\\\/luxurycandlesupplies.eu\\\/app\\\/uploads\\\/2022\\\/03\\\/antwerp-luxury-candle-supplies-1x.png\",\"width\":330,\"height\":60,\"caption\":\"Antwerp Luxury Candle Supplies\"},\"image\":{\"@id\":\"https:\\\/\\\/luxurycandlesupplies.eu\\\/#\\\/schema\\\/logo\\\/image\\\/\"},\"sameAs\":[\"https:\\\/\\\/www.facebook.com\\\/Antwerpluxurycandlesupplies\\\/\",\"https:\\\/\\\/www.instagram.com\\\/antwerp_luxury_candle_supplies\\\/\",\"https:\\\/\\\/pin.it\\\/7joOXRW\"]}]}<\/script>","yoast_head_json":{"title":"Starten Sie Ihr eigenes Kerzengesch\u00e4ft - Online-Kurs - Antwerpener Luxuskerzen-Bedarf","robots":{"index":"index","follow":"follow","max-snippet":"max-snippet:-1","max-image-preview":"max-image-preview:large","max-video-preview":"max-video-preview:-1"},"canonical":"https:\/\/luxurycandlesupplies.eu\/de\/produkt\/grunden-sie-ihr-eigenes-kerzengeschaft\/","og_locale":"de_DE","og_type":"article","og_title":"Start your own Candle Business - Online Course - Antwerp Luxury Candle Supplies","og_description":"Start your own Candle Business &nbsp; Launch your candle business successfully without stress, worries, and all necessary foreknowledge and become confident in legislation, clp &amp; ufi. &nbsp;  Do you dream of turning your passion for candle making into a profitable business? Do you want to not only create beautiful products but also ensure you meet all legal requirements? Then our exclusive bundle is perfect for you! We combine our in-depth course \"Become a Professional Candle Maker\" with the essential training \"Learn UFI &amp; CLP Legislation\" in one affordable package. This will fully equip you to turn your creative vision into a compliant and successful candle business.  &nbsp;  What you'll learn: This course provides everything you need to start a profitable candle business. From developing your business plan to learning the right pricing strategies, and from choosing the best shipping partners to creating an attractive online presence. With 10 modules and 57 lessons, you're fully prepared to launch and grow your business. The course includes a community where you can always go with questions, tips, and tricks. Regular updates are also added to the course.  Bonuses: Includes sales tips, website optimization, sustainable packaging options, and much more.  &nbsp;  &nbsp; Learn UFI &amp; CLP Legislation &nbsp;  What you'll learn: Understand the complex UFI and CLP legislation applicable to products with hazardous mixtures in Europe. This course helps you step by step to prepare all necessary legal documents yourself and comply with the regulations, so you can run your business worry-free. With 38 lessons and videos with extensive phased guidance, this legislation becomes manageable.  For the UFI and CLP course, each module appears after 14 days, except for module 7, giving you time to fully grasp everything given the complexity of this matter.  All-in-One Solution: You get not only the knowledge to start your own candle business but also the expertise to ensure you meet all legal requirements.  Cost Savings: By purchasing both courses in this bundle, you save significantly compared to buying them separately.  Flexible Learning: Access both courses at your own pace. You get 5 years of access to both courses. Why a deadline? Well, it's scientifically proven that when you have a deadline to learn something, you won't procrastinate, you'll get started immediately, because we want you to be truly successful with your candle business!  &nbsp;  The training is available in English and Dutch.","og_url":"https:\/\/luxurycandlesupplies.eu\/de\/produkt\/grunden-sie-ihr-eigenes-kerzengeschaft\/","og_site_name":"Antwerp Luxury Candle Supplies","article_publisher":"https:\/\/www.facebook.com\/Antwerpluxurycandlesupplies\/","article_modified_time":"2025-02-11T09:50:52+00:00","og_image":[{"width":713,"height":713,"url":"https:\/\/luxurycandlesupplies.eu\/app\/uploads\/2024\/11\/438124958_1445220903029216_2148568822741173151_n_c7dca659-0101-4352-90d9-ce9d8bf6f47f.webp","type":"image\/webp"}],"twitter_card":"summary_large_image","twitter_misc":{"Gesch\u00e4tzte Lesezeit":"2 minutes"},"schema":{"@context":"https:\/\/schema.org","@graph":[{"@type":"WebPage","@id":"https:\/\/luxurycandlesupplies.eu\/product\/start-your-own-candle-business\/","url":"https:\/\/luxurycandlesupplies.eu\/product\/start-your-own-candle-business\/","name":"Starten Sie Ihr eigenes Kerzengesch\u00e4ft - Online-Kurs - Antwerpener Luxuskerzen-Bedarf","isPartOf":{"@id":"https:\/\/luxurycandlesupplies.eu\/#website"},"primaryImageOfPage":{"@id":"https:\/\/luxurycandlesupplies.eu\/product\/start-your-own-candle-business\/#primaryimage"},"image":{"@id":"https:\/\/luxurycandlesupplies.eu\/product\/start-your-own-candle-business\/#primaryimage"},"thumbnailUrl":"https:\/\/luxurycandlesupplies.eu\/app\/uploads\/2024\/11\/438124958_1445220903029216_2148568822741173151_n_c7dca659-0101-4352-90d9-ce9d8bf6f47f.webp","datePublished":"2024-11-28T09:45:35+00:00","dateModified":"2025-02-11T09:50:52+00:00","breadcrumb":{"@id":"https:\/\/luxurycandlesupplies.eu\/product\/start-your-own-candle-business\/#breadcrumb"},"inLanguage":"de-DE","potentialAction":[{"@type":"ReadAction","target":["https:\/\/luxurycandlesupplies.eu\/product\/start-your-own-candle-business\/"]}]},{"@type":"ImageObject","inLanguage":"de-DE","@id":"https:\/\/luxurycandlesupplies.eu\/product\/start-your-own-candle-business\/#primaryimage","url":"https:\/\/luxurycandlesupplies.eu\/app\/uploads\/2024\/11\/438124958_1445220903029216_2148568822741173151_n_c7dca659-0101-4352-90d9-ce9d8bf6f47f.webp","contentUrl":"https:\/\/luxurycandlesupplies.eu\/app\/uploads\/2024\/11\/438124958_1445220903029216_2148568822741173151_n_c7dca659-0101-4352-90d9-ce9d8bf6f47f.webp","width":713,"height":713},{"@type":"BreadcrumbList","@id":"https:\/\/luxurycandlesupplies.eu\/product\/start-your-own-candle-business\/#breadcrumb","itemListElement":[{"@type":"ListItem","position":1,"name":"Home","item":"https:\/\/luxurycandlesupplies.eu\/"},{"@type":"ListItem","position":2,"name":"Shop","item":"https:\/\/luxurycandlesupplies.eu\/shop\/"},{"@type":"ListItem","position":3,"name":"Start your own Candle Business &#8211; Online Course"}]},{"@type":"WebSite","@id":"https:\/\/luxurycandlesupplies.eu\/#website","url":"https:\/\/luxurycandlesupplies.eu\/","name":"Antwerpener Luxus-Kerzen-Bedarf","description":"Vertreiber von Sojawachs f\u00fcr alle Jahreszeiten","publisher":{"@id":"https:\/\/luxurycandlesupplies.eu\/#organization"},"potentialAction":[{"@type":"SearchAction","target":{"@type":"EntryPoint","urlTemplate":"https:\/\/luxurycandlesupplies.eu\/?s={search_term_string}"},"query-input":{"@type":"PropertyValueSpecification","valueRequired":true,"valueName":"search_term_string"}}],"inLanguage":"de-DE"},{"@type":"Organization","@id":"https:\/\/luxurycandlesupplies.eu\/#organization","name":"Antwerpener Luxus-Kerzen-Bedarf","url":"https:\/\/luxurycandlesupplies.eu\/","logo":{"@type":"ImageObject","inLanguage":"de-DE","@id":"https:\/\/luxurycandlesupplies.eu\/#\/schema\/logo\/image\/","url":"https:\/\/luxurycandlesupplies.eu\/app\/uploads\/2022\/03\/antwerp-luxury-candle-supplies-1x.png","contentUrl":"https:\/\/luxurycandlesupplies.eu\/app\/uploads\/2022\/03\/antwerp-luxury-candle-supplies-1x.png","width":330,"height":60,"caption":"Antwerp Luxury Candle Supplies"},"image":{"@id":"https:\/\/luxurycandlesupplies.eu\/#\/schema\/logo\/image\/"},"sameAs":["https:\/\/www.facebook.com\/Antwerpluxurycandlesupplies\/","https:\/\/www.instagram.com\/antwerp_luxury_candle_supplies\/","https:\/\/pin.it\/7joOXRW"]}]}},"_links":{"self":[{"href":"https:\/\/luxurycandlesupplies.eu\/de\/wp-json\/wp\/v2\/product\/19066","targetHints":{"allow":["GET"]}}],"collection":[{"href":"https:\/\/luxurycandlesupplies.eu\/de\/wp-json\/wp\/v2\/product"}],"about":[{"href":"https:\/\/luxurycandlesupplies.eu\/de\/wp-json\/wp\/v2\/types\/product"}],"wp:featuredmedia":[{"embeddable":true,"href":"https:\/\/luxurycandlesupplies.eu\/de\/wp-json\/wp\/v2\/media\/19070"}],"wp:attachment":[{"href":"https:\/\/luxurycandlesupplies.eu\/de\/wp-json\/wp\/v2\/media?parent=19066"}],"wp:term":[{"taxonomy":"product_brand","embeddable":true,"href":"https:\/\/luxurycandlesupplies.eu\/de\/wp-json\/wp\/v2\/product_brand?post=19066"},{"taxonomy":"product_cat","embeddable":true,"href":"https:\/\/luxurycandlesupplies.eu\/de\/wp-json\/wp\/v2\/product_cat?post=19066"},{"taxonomy":"product_tag","embeddable":true,"href":"https:\/\/luxurycandlesupplies.eu\/de\/wp-json\/wp\/v2\/product_tag?post=19066"}],"curies":[{"name":"wp","href":"https:\/\/api.w.org\/{rel}","templated":true}]}}