{"id":1914,"date":"2022-05-10T20:38:26","date_gmt":"2022-05-10T18:38:26","guid":{"rendered":"https:\/\/luxurycandlesupplies.eu\/?post_type=product&#038;p=1914"},"modified":"2026-05-06T12:15:15","modified_gmt":"2026-05-06T10:15:15","slug":"renee-jar-matt-weis-2","status":"publish","type":"product","link":"https:\/\/luxurycandlesupplies.eu\/de\/product\/renee-jar-matte-white\/","title":{"rendered":"Renee Glas - Mattes Wei\u00df"},"content":{"rendered":"<h4>BESCHREIBUNG<\/h4>\n<p>&nbsp;<\/p>\n<div class=\"product info detailed after-content\">\n<div class=\"product data items\">\n<div class=\"product-data-items-content\">\n<div id=\"attributedescription\" class=\"data item content\" role=\"tabpanel\" data-role=\"content\" aria-labelledby=\"tab-label-attributedescription\" aria-hidden=\"false\">\n<div class=\"product attribute description\">\n<div class=\"value\">\n<p>Diese handgefertigten, hochwertigen Gl\u00e4ser sind im Einzelverkauf erh\u00e4ltlich und haben ein modernes Profil, das sie zu einem Must-Have unter den Kerzen macht.<br \/>\nDas Glas Renee hat ein Fassungsverm\u00f6gen von 450 ml. Diese Gl\u00e4ser wurden speziell im Hinblick auf Qualit\u00e4t und Klarheit entwickelt.<\/p>\n<p>Wie alle unsere Gl\u00e4ser wird auch das Glas von Luxury Candle Supplies von Hand geformt und nicht geblasen oder maschinell hergestellt. Dadurch sind unsere Gl\u00e4ser st\u00e4rker, sicherer und hitzebest\u00e4ndiger als andere auf dem Markt.<\/p>\n<p>LCS Glaswaren werden in der Produktionsphase \"kerzengepr\u00fcft\". Das bedeutet, dass sie eine bessere Wachshaftung aufweisen als andere auf dem Markt erh\u00e4ltliche Wachse.<\/p>\n<p>Nicht sp\u00fclmaschinenfest, wir empfehlen ein feuchtes Tuch, um \u00fcbersch\u00fcssigen Staub von der Innenseite abzuwischen.<\/p>\n<p><strong>WICHTIG! Bitte beachten Sie, dass die Konsistenz und F\u00e4rbung dieses Gef\u00e4\u00dfes aufgrund des handwerklichen Herstellungsverfahrens \u00c4nderungen unterworfen ist. Jedes Gef\u00e4\u00df wird einzeln von Hand gefertigt, so dass jedes Gef\u00e4\u00df ein einzigartiges Muster mit eigenem Charakter aufweist.<\/strong><\/p>\n<p>&nbsp;<\/p>\n<\/div>\n<\/div>\n<\/div>\n<\/div>\n<\/div>\n<\/div>","protected":false},"excerpt":{"rendered":"<h3>SPEZIFIKATION<\/h3>\n<div class=\"woocommerce-tabs wc-tabs-wrapper\">\n<div id=\"tab-description\" class=\"woocommerce-Tabs-panel woocommerce-Tabs-panel--description panel entry-content wc-tab\" role=\"tabpanel\" aria-labelledby=\"tab-title-description\">\n<p><strong>\u00c4u\u00dfere Abmessungen<\/strong>: 75mmW (Durchmesser oben) x 120mm (H\u00f6he) \/\/ 50mmW (Durchmesser unten)<br \/>\n<strong>Innere Abmessungen<\/strong>68 mm B (oberer Durchmesser) x 110 mm (H\u00f6he) \/\/ 90 mm B (gr\u00f6\u00dfter Durchmesser)<br \/>\n<strong>Kapazit\u00e4t des Schiffes<\/strong>: 450ml<br \/>\n<strong>Gewicht des Schiffes<\/strong>: 200g<\/p>\n<p><strong>Geeignete Dochtgr\u00f6\u00dfe<\/strong>: <a href=\"https:\/\/luxurycandlesupplies.eu\/de\/produkt\/dochte-von-lcs-85\/\" target=\"_blank\" rel=\"noopener\">LCS85<\/a><br \/>\n*Bitte beachten Sie, dass wir den Benutzern empfehlen, ihre eigenen Dochttests mit verschiedenen Wachs- und \u00d6lmischungen durchzuf\u00fchren, die sie zu verwenden beabsichtigen.<\/p>\n<p><strong>Gr\u00f6\u00dfe des Kartons<\/strong>: 32 Einheiten<\/p>\n<p>&nbsp;<\/p>\n<p><strong>WICHTIG!<\/strong> Bitte beachten Sie, dass das Produktfoto in Bezug auf die Farbe aufgrund von Beleuchtung und\/oder Herstellung vom tats\u00e4chlichen Artikel abweichen kann.<\/p>\n<\/div>\n<\/div>\n<section class=\"related products\"><\/section>","protected":false},"featured_media":1919,"template":"","meta":{"_acf_changed":false,"site-sidebar-layout":"default","site-content-layout":"default","ast-site-content-layout":"default","site-content-style":"default","site-sidebar-style":"default","ast-global-header-display":"","ast-banner-title-visibility":"","ast-main-header-display":"","ast-hfb-above-header-display":"","ast-hfb-below-header-display":"","ast-hfb-mobile-header-display":"","site-post-title":"","ast-breadcrumbs-content":"","ast-featured-img":"","footer-sml-layout":"","ast-disable-related-posts":"","theme-transparent-header-meta":"default","adv-header-id-meta":"","stick-header-meta":"","header-above-stick-meta":"","header-main-stick-meta":"","header-below-stick-meta":"","astra-migrate-meta-layouts":"set","ast-page-background-enabled":"default","ast-page-background-meta":{"desktop":{"background-color":"","background-image":"","background-repeat":"repeat","background-position":"center center","background-size":"auto","background-attachment":"scroll","background-type":"","background-media":"","overlay-type":"","overlay-color":"","overlay-opacity":"","overlay-gradient":""},"tablet":{"background-color":"","background-image":"","background-repeat":"repeat","background-position":"center center","background-size":"auto","background-attachment":"scroll","background-type":"","background-media":"","overlay-type":"","overlay-color":"","overlay-opacity":"","overlay-gradient":""},"mobile":{"background-color":"","background-image":"","background-repeat":"repeat","background-position":"center center","background-size":"auto","background-attachment":"scroll","background-type":"","background-media":"","overlay-type":"","overlay-color":"","overlay-opacity":"","overlay-gradient":""}},"ast-content-background-meta":{"desktop":{"background-color":"var(--ast-global-color-5)","background-image":"","background-repeat":"repeat","background-position":"center center","background-size":"auto","background-attachment":"scroll","background-type":"","background-media":"","overlay-type":"","overlay-color":"","overlay-opacity":"","overlay-gradient":""},"tablet":{"background-color":"var(--ast-global-color-5)","background-image":"","background-repeat":"repeat","background-position":"center center","background-size":"auto","background-attachment":"scroll","background-type":"","background-media":"","overlay-type":"","overlay-color":"","overlay-opacity":"","overlay-gradient":""},"mobile":{"background-color":"var(--ast-global-color-5)","background-image":"","background-repeat":"repeat","background-position":"center center","background-size":"auto","background-attachment":"scroll","background-type":"","background-media":"","overlay-type":"","overlay-color":"","overlay-opacity":"","overlay-gradient":""}}},"product_brand":[],"product_cat":[145,1580],"product_tag":[149,245,150,117,246],"class_list":{"0":"post-1914","1":"product","2":"type-product","3":"status-publish","4":"has-post-thumbnail","6":"product_cat-renee-collection","7":"product_cat-renee-collection-renee-collection","8":"product_tag-black","9":"product_tag-matte-white","10":"product_tag-renee","11":"product_tag-renee-jar","12":"product_tag-renee-matte-white","13":"desktop-align-left","14":"tablet-align-left","15":"mobile-align-left","16":"ast-product-gallery-layout-horizontal-slider","17":"ast-product-tabs-layout-horizontal","19":"first","20":"instock","21":"sale","22":"taxable","23":"shipping-taxable","24":"purchasable","25":"product-type-simple"},"acf":[],"yoast_head":"<title>Renee Jar - Matte White - Antwerp Luxury Candle Supplies<\/title>\n<meta name=\"robots\" content=\"index, follow, max-snippet:-1, max-image-preview:large, max-video-preview:-1\" \/>\n<link rel=\"canonical\" href=\"https:\/\/luxurycandlesupplies.eu\/de\/produkt\/renee-jar-matt-weis-2\/\" \/>\n<meta property=\"og:locale\" content=\"de_DE\" \/>\n<meta property=\"og:type\" content=\"article\" \/>\n<meta property=\"og:title\" content=\"Renee Jar - Matte White - Antwerp Luxury Candle Supplies\" \/>\n<meta property=\"og:description\" content=\"SPECIFICATION    External Dimensions: 75mmW (top diameter) x 120mm (height) \/\/ 50mmW (base diameter) Inner Dimensions: 68mmW (top diameter) x 110mm (height) \/\/ 90mmW (widest diameter) Vessel capacity: 450ml Vessel weight: 200g  Suitable wick size: LCS85 *Please note, we recommend users conduct their own wick tests with different blends of wax and oil that they intend to use.  Carton size: 32 units  &nbsp;  IMPORTANT! Please note, product photo may differ from actual item in terms of colour due to lighting and\/or manufacturing.\" \/>\n<meta property=\"og:url\" content=\"https:\/\/luxurycandlesupplies.eu\/de\/produkt\/renee-jar-matt-weis-2\/\" \/>\n<meta property=\"og:site_name\" content=\"Antwerp Luxury Candle Supplies\" \/>\n<meta property=\"article:publisher\" content=\"https:\/\/www.facebook.com\/Antwerpluxurycandlesupplies\/\" \/>\n<meta property=\"article:modified_time\" content=\"2026-05-06T10:15:15+00:00\" \/>\n<meta property=\"og:image\" content=\"https:\/\/luxurycandlesupplies.eu\/app\/uploads\/2022\/05\/lcs_renee-matte-white_01-300x300-1.jpg\" \/>\n\t<meta property=\"og:image:width\" content=\"300\" \/>\n\t<meta property=\"og:image:height\" content=\"300\" \/>\n\t<meta property=\"og:image:type\" content=\"image\/jpeg\" \/>\n<meta name=\"twitter:card\" content=\"summary_large_image\" \/>\n<meta name=\"twitter:label1\" content=\"Gesch\u00e4tzte Lesezeit\" \/>\n\t<meta name=\"twitter:data1\" content=\"1 minute\" \/>\n<script type=\"application\/ld+json\" class=\"yoast-schema-graph\">{\"@context\":\"https:\\\/\\\/schema.org\",\"@graph\":[{\"@type\":\"WebPage\",\"@id\":\"https:\\\/\\\/luxurycandlesupplies.eu\\\/product\\\/renee-jar-matte-white\\\/\",\"url\":\"https:\\\/\\\/luxurycandlesupplies.eu\\\/product\\\/renee-jar-matte-white\\\/\",\"name\":\"Renee Jar - Matte White - Antwerp Luxury Candle Supplies\",\"isPartOf\":{\"@id\":\"https:\\\/\\\/luxurycandlesupplies.eu\\\/#website\"},\"primaryImageOfPage\":{\"@id\":\"https:\\\/\\\/luxurycandlesupplies.eu\\\/product\\\/renee-jar-matte-white\\\/#primaryimage\"},\"image\":{\"@id\":\"https:\\\/\\\/luxurycandlesupplies.eu\\\/product\\\/renee-jar-matte-white\\\/#primaryimage\"},\"thumbnailUrl\":\"https:\\\/\\\/luxurycandlesupplies.eu\\\/app\\\/uploads\\\/2022\\\/05\\\/lcs_renee-matte-white_01-300x300-1.jpg\",\"datePublished\":\"2022-05-10T18:38:26+00:00\",\"dateModified\":\"2026-05-06T10:15:15+00:00\",\"breadcrumb\":{\"@id\":\"https:\\\/\\\/luxurycandlesupplies.eu\\\/product\\\/renee-jar-matte-white\\\/#breadcrumb\"},\"inLanguage\":\"de-DE\",\"potentialAction\":[{\"@type\":\"ReadAction\",\"target\":[\"https:\\\/\\\/luxurycandlesupplies.eu\\\/product\\\/renee-jar-matte-white\\\/\"]}]},{\"@type\":\"ImageObject\",\"inLanguage\":\"de-DE\",\"@id\":\"https:\\\/\\\/luxurycandlesupplies.eu\\\/product\\\/renee-jar-matte-white\\\/#primaryimage\",\"url\":\"https:\\\/\\\/luxurycandlesupplies.eu\\\/app\\\/uploads\\\/2022\\\/05\\\/lcs_renee-matte-white_01-300x300-1.jpg\",\"contentUrl\":\"https:\\\/\\\/luxurycandlesupplies.eu\\\/app\\\/uploads\\\/2022\\\/05\\\/lcs_renee-matte-white_01-300x300-1.jpg\",\"width\":300,\"height\":300},{\"@type\":\"BreadcrumbList\",\"@id\":\"https:\\\/\\\/luxurycandlesupplies.eu\\\/product\\\/renee-jar-matte-white\\\/#breadcrumb\",\"itemListElement\":[{\"@type\":\"ListItem\",\"position\":1,\"name\":\"Home\",\"item\":\"https:\\\/\\\/luxurycandlesupplies.eu\\\/\"},{\"@type\":\"ListItem\",\"position\":2,\"name\":\"Shop\",\"item\":\"https:\\\/\\\/luxurycandlesupplies.eu\\\/shop\\\/\"},{\"@type\":\"ListItem\",\"position\":3,\"name\":\"Renee Jar &#8211; Matte White\"}]},{\"@type\":\"WebSite\",\"@id\":\"https:\\\/\\\/luxurycandlesupplies.eu\\\/#website\",\"url\":\"https:\\\/\\\/luxurycandlesupplies.eu\\\/\",\"name\":\"Antwerp Luxury Candle Supplies\",\"description\":\"Distributor of all seasons soy wax\",\"publisher\":{\"@id\":\"https:\\\/\\\/luxurycandlesupplies.eu\\\/#organization\"},\"potentialAction\":[{\"@type\":\"SearchAction\",\"target\":{\"@type\":\"EntryPoint\",\"urlTemplate\":\"https:\\\/\\\/luxurycandlesupplies.eu\\\/?s={search_term_string}\"},\"query-input\":{\"@type\":\"PropertyValueSpecification\",\"valueRequired\":true,\"valueName\":\"search_term_string\"}}],\"inLanguage\":\"de-DE\"},{\"@type\":\"Organization\",\"@id\":\"https:\\\/\\\/luxurycandlesupplies.eu\\\/#organization\",\"name\":\"Antwerp Luxury Candle Supplies\",\"url\":\"https:\\\/\\\/luxurycandlesupplies.eu\\\/\",\"logo\":{\"@type\":\"ImageObject\",\"inLanguage\":\"de-DE\",\"@id\":\"https:\\\/\\\/luxurycandlesupplies.eu\\\/#\\\/schema\\\/logo\\\/image\\\/\",\"url\":\"https:\\\/\\\/luxurycandlesupplies.eu\\\/app\\\/uploads\\\/2022\\\/03\\\/antwerp-luxury-candle-supplies-1x.png\",\"contentUrl\":\"https:\\\/\\\/luxurycandlesupplies.eu\\\/app\\\/uploads\\\/2022\\\/03\\\/antwerp-luxury-candle-supplies-1x.png\",\"width\":330,\"height\":60,\"caption\":\"Antwerp Luxury Candle Supplies\"},\"image\":{\"@id\":\"https:\\\/\\\/luxurycandlesupplies.eu\\\/#\\\/schema\\\/logo\\\/image\\\/\"},\"sameAs\":[\"https:\\\/\\\/www.facebook.com\\\/Antwerpluxurycandlesupplies\\\/\",\"https:\\\/\\\/www.instagram.com\\\/antwerp_luxury_candle_supplies\\\/\",\"https:\\\/\\\/pin.it\\\/7joOXRW\"]}]}<\/script>","yoast_head_json":{"title":"Renee Glas - Mattes Wei\u00df - Antwerpener Luxuskerzen-Zubeh\u00f6r","robots":{"index":"index","follow":"follow","max-snippet":"max-snippet:-1","max-image-preview":"max-image-preview:large","max-video-preview":"max-video-preview:-1"},"canonical":"https:\/\/luxurycandlesupplies.eu\/de\/produkt\/renee-jar-matt-weis-2\/","og_locale":"de_DE","og_type":"article","og_title":"Renee Jar - Matte White - Antwerp Luxury Candle Supplies","og_description":"SPECIFICATION    External Dimensions: 75mmW (top diameter) x 120mm (height) \/\/ 50mmW (base diameter) Inner Dimensions: 68mmW (top diameter) x 110mm (height) \/\/ 90mmW (widest diameter) Vessel capacity: 450ml Vessel weight: 200g  Suitable wick size: LCS85 *Please note, we recommend users conduct their own wick tests with different blends of wax and oil that they intend to use.  Carton size: 32 units  &nbsp;  IMPORTANT! Please note, product photo may differ from actual item in terms of colour due to lighting and\/or manufacturing.","og_url":"https:\/\/luxurycandlesupplies.eu\/de\/produkt\/renee-jar-matt-weis-2\/","og_site_name":"Antwerp Luxury Candle Supplies","article_publisher":"https:\/\/www.facebook.com\/Antwerpluxurycandlesupplies\/","article_modified_time":"2026-05-06T10:15:15+00:00","og_image":[{"width":300,"height":300,"url":"https:\/\/luxurycandlesupplies.eu\/app\/uploads\/2022\/05\/lcs_renee-matte-white_01-300x300-1.jpg","type":"image\/jpeg"}],"twitter_card":"summary_large_image","twitter_misc":{"Gesch\u00e4tzte Lesezeit":"1 minute"},"schema":{"@context":"https:\/\/schema.org","@graph":[{"@type":"WebPage","@id":"https:\/\/luxurycandlesupplies.eu\/product\/renee-jar-matte-white\/","url":"https:\/\/luxurycandlesupplies.eu\/product\/renee-jar-matte-white\/","name":"Renee Glas - Mattes Wei\u00df - Antwerpener Luxuskerzen-Zubeh\u00f6r","isPartOf":{"@id":"https:\/\/luxurycandlesupplies.eu\/#website"},"primaryImageOfPage":{"@id":"https:\/\/luxurycandlesupplies.eu\/product\/renee-jar-matte-white\/#primaryimage"},"image":{"@id":"https:\/\/luxurycandlesupplies.eu\/product\/renee-jar-matte-white\/#primaryimage"},"thumbnailUrl":"https:\/\/luxurycandlesupplies.eu\/app\/uploads\/2022\/05\/lcs_renee-matte-white_01-300x300-1.jpg","datePublished":"2022-05-10T18:38:26+00:00","dateModified":"2026-05-06T10:15:15+00:00","breadcrumb":{"@id":"https:\/\/luxurycandlesupplies.eu\/product\/renee-jar-matte-white\/#breadcrumb"},"inLanguage":"de-DE","potentialAction":[{"@type":"ReadAction","target":["https:\/\/luxurycandlesupplies.eu\/product\/renee-jar-matte-white\/"]}]},{"@type":"ImageObject","inLanguage":"de-DE","@id":"https:\/\/luxurycandlesupplies.eu\/product\/renee-jar-matte-white\/#primaryimage","url":"https:\/\/luxurycandlesupplies.eu\/app\/uploads\/2022\/05\/lcs_renee-matte-white_01-300x300-1.jpg","contentUrl":"https:\/\/luxurycandlesupplies.eu\/app\/uploads\/2022\/05\/lcs_renee-matte-white_01-300x300-1.jpg","width":300,"height":300},{"@type":"BreadcrumbList","@id":"https:\/\/luxurycandlesupplies.eu\/product\/renee-jar-matte-white\/#breadcrumb","itemListElement":[{"@type":"ListItem","position":1,"name":"Home","item":"https:\/\/luxurycandlesupplies.eu\/"},{"@type":"ListItem","position":2,"name":"Shop","item":"https:\/\/luxurycandlesupplies.eu\/shop\/"},{"@type":"ListItem","position":3,"name":"Renee Jar &#8211; Matte White"}]},{"@type":"WebSite","@id":"https:\/\/luxurycandlesupplies.eu\/#website","url":"https:\/\/luxurycandlesupplies.eu\/","name":"Antwerpener Luxus-Kerzen-Bedarf","description":"Vertreiber von Sojawachs f\u00fcr alle Jahreszeiten","publisher":{"@id":"https:\/\/luxurycandlesupplies.eu\/#organization"},"potentialAction":[{"@type":"SearchAction","target":{"@type":"EntryPoint","urlTemplate":"https:\/\/luxurycandlesupplies.eu\/?s={search_term_string}"},"query-input":{"@type":"PropertyValueSpecification","valueRequired":true,"valueName":"search_term_string"}}],"inLanguage":"de-DE"},{"@type":"Organization","@id":"https:\/\/luxurycandlesupplies.eu\/#organization","name":"Antwerpener Luxus-Kerzen-Bedarf","url":"https:\/\/luxurycandlesupplies.eu\/","logo":{"@type":"ImageObject","inLanguage":"de-DE","@id":"https:\/\/luxurycandlesupplies.eu\/#\/schema\/logo\/image\/","url":"https:\/\/luxurycandlesupplies.eu\/app\/uploads\/2022\/03\/antwerp-luxury-candle-supplies-1x.png","contentUrl":"https:\/\/luxurycandlesupplies.eu\/app\/uploads\/2022\/03\/antwerp-luxury-candle-supplies-1x.png","width":330,"height":60,"caption":"Antwerp Luxury Candle Supplies"},"image":{"@id":"https:\/\/luxurycandlesupplies.eu\/#\/schema\/logo\/image\/"},"sameAs":["https:\/\/www.facebook.com\/Antwerpluxurycandlesupplies\/","https:\/\/www.instagram.com\/antwerp_luxury_candle_supplies\/","https:\/\/pin.it\/7joOXRW"]}]}},"_links":{"self":[{"href":"https:\/\/luxurycandlesupplies.eu\/de\/wp-json\/wp\/v2\/product\/1914","targetHints":{"allow":["GET"]}}],"collection":[{"href":"https:\/\/luxurycandlesupplies.eu\/de\/wp-json\/wp\/v2\/product"}],"about":[{"href":"https:\/\/luxurycandlesupplies.eu\/de\/wp-json\/wp\/v2\/types\/product"}],"wp:featuredmedia":[{"embeddable":true,"href":"https:\/\/luxurycandlesupplies.eu\/de\/wp-json\/wp\/v2\/media\/1919"}],"wp:attachment":[{"href":"https:\/\/luxurycandlesupplies.eu\/de\/wp-json\/wp\/v2\/media?parent=1914"}],"wp:term":[{"taxonomy":"product_brand","embeddable":true,"href":"https:\/\/luxurycandlesupplies.eu\/de\/wp-json\/wp\/v2\/product_brand?post=1914"},{"taxonomy":"product_cat","embeddable":true,"href":"https:\/\/luxurycandlesupplies.eu\/de\/wp-json\/wp\/v2\/product_cat?post=1914"},{"taxonomy":"product_tag","embeddable":true,"href":"https:\/\/luxurycandlesupplies.eu\/de\/wp-json\/wp\/v2\/product_tag?post=1914"}],"curies":[{"name":"wp","href":"https:\/\/api.w.org\/{rel}","templated":true}]}}