{"id":21075,"date":"2025-05-15T12:11:28","date_gmt":"2025-05-15T10:11:28","guid":{"rendered":"https:\/\/luxurycandlesupplies.eu\/?post_type=product&#038;p=21075"},"modified":"2026-05-16T20:12:38","modified_gmt":"2026-05-16T18:12:38","slug":"parfumhersteller-polysorbat","status":"publish","type":"product","link":"https:\/\/luxurycandlesupplies.eu\/de\/product\/perfumers-polysorbate\/","title":{"rendered":"Polysorbat 20"},"content":{"rendered":"<h3>BESCHREIBUNG<\/h3>\n<div>\n<p>&nbsp;<\/p>\n<h2>Polysorbat 20<\/h2>\n<h6><em>Die wesentliche Zutat f\u00fcr Raumsprays und Diffusoren<\/em><\/h6>\n<p>&nbsp;<\/p>\n<\/div>\n<p class=\"\" data-start=\"145\" data-end=\"430\">Polysorbat ist ein sanftes, nichtionisches <strong data-start=\"183\" data-end=\"198\">L\u00f6sungsvermittler<\/strong> und <strong data-start=\"203\" data-end=\"217\">Emulgator <\/strong>wird in Parf\u00fcmerieprodukten verwendet, um Inhaltsstoffe auf \u00d6l- und Wasserbasis zu kombinieren.<\/p>\n<p class=\"\" data-start=\"145\" data-end=\"430\">Es spielt eine entscheidende Rolle bei der Verhinderung der \"Trennung\" zwischen Duft\u00f6len und Wasser und gew\u00e4hrleistet eine gleichm\u00e4\u00dfige und konsistente Mischung.<\/p>\n<p class=\"\" data-start=\"432\" data-end=\"783\">Diese Zutat ist besonders beliebt f\u00fcr die Herstellung von <strong data-start=\"481\" data-end=\"509\">Raumsprays von Grund auf<\/strong>. Es erm\u00f6glicht die gleichm\u00e4\u00dfige Verteilung von Duft\u00f6l in Produkten auf Wasserbasis wie <strong data-start=\"583\" data-end=\"608\">Raum- und W\u00e4schesprays<\/strong>wodurch eine stabile L\u00f6sung entsteht. Ohne Polysorbat w\u00fcrden \u00d6le auf dem Wasser schwimmen, was zu einer schlechten Duftabgabe und Verstopfungsproblemen in Spr\u00fchflaschen f\u00fchren w\u00fcrde.<\/p>\n<p class=\"\" data-start=\"785\" data-end=\"811\"><strong data-start=\"785\" data-end=\"811\">Wichtigste Vorteile:<\/strong><\/p>\n<ul data-start=\"812\" data-end=\"1001\">\n<li class=\"\" data-start=\"812\" data-end=\"856\">\n<p class=\"\" data-start=\"814\" data-end=\"856\">Perfekt f\u00fcr Raumsprays und W\u00e4schesprays<\/p>\n<\/li>\n<li class=\"\" data-start=\"857\" data-end=\"926\">\n<p class=\"\" data-start=\"859\" data-end=\"926\">Ideal zum Mischen von Duft\u00f6len mit Diffusorbasen wie <a href=\"https:\/\/luxurycandlesupplies.eu\/de\/produkt\/augeo-naturlicher-diffusorboden\/\">Augeo<\/a> und <a href=\"https:\/\/luxurycandlesupplies.eu\/de\/produkt\/parfumalkohol\/\">Parf\u00fcm-Alkohol<\/a><\/p>\n<\/li>\n<li class=\"\" data-start=\"927\" data-end=\"967\">\n<p class=\"\" data-start=\"929\" data-end=\"967\">Verhindert die Trennung von \u00d6l und Wasser<\/p>\n<\/li>\n<\/ul>\n<p class=\"\" data-start=\"1003\" data-end=\"1219\"><strong data-start=\"1003\" data-end=\"1028\">Verwendungsempfehlung:<\/strong><\/p>\n<p class=\"\" data-start=\"1003\" data-end=\"1219\">Verwenden Sie Polysorbat in einem <strong data-start=\"1055\" data-end=\"1092\">im Verh\u00e4ltnis 1:1 mit Ihrem Duft\u00f6l<\/strong>. Wenn Sie zum Beispiel 5% Duft\u00f6l verwenden, f\u00fcgen Sie 5% Polysorbat hinzu.<\/p>\n<p class=\"\" data-start=\"1003\" data-end=\"1219\">Testen Sie immer in kleinen Chargen, um die Stabilit\u00e4t und Klarheit zu \u00fcberpr\u00fcfen!<\/p>\n<div>\n<p>&nbsp;<\/p>\n<\/div>\n<h2>ZUS\u00c4TZLICHE RESSOURCEN<\/h2>\n<p><a href=\"https:\/\/luxurycandlesupplies.eu\/app\/uploads\/2025\/05\/SDS-Polysorbaat-ENG.pdf\">SDS Polysorbaat <\/a><\/p>\n<p>&nbsp;<\/p>\n<p>&nbsp;<\/p>\n<h2 class=\"\" data-start=\"264\" data-end=\"331\"><strong data-start=\"267\" data-end=\"331\">Wie man ein Raumspray herstellt<\/strong><\/h2>\n<p class=\"\" data-start=\"333\" data-end=\"603\">Polysorbat 20 ist ein wesentlicher L\u00f6sungsvermittler, der dazu beitr\u00e4gt, dass sich Duft\u00f6le mit Wasser oder Alkohol vermischen, wodurch eine Trennung verhindert und eine gleichm\u00e4\u00dfige Duftverteilung gew\u00e4hrleistet wird.<\/p>\n<hr class=\"\" data-start=\"605\" data-end=\"608\" \/>\n<h3 class=\"\" data-start=\"610\" data-end=\"653\"><strong data-start=\"617\" data-end=\"653\">Raumspray auf Wasserbasis<\/strong><\/h3>\n<p class=\"\" data-start=\"655\" data-end=\"791\"><strong data-start=\"655\" data-end=\"688\">Ideal f\u00fcr alkoholfreie Sprays<\/strong>\u00a0<br data-start=\"728\" data-end=\"731\" \/><strong data-start=\"731\" data-end=\"739\">Hinweis<\/strong>: Wegen des hohen Wassergehalts ist ein Konservierungsmittel erforderlich.<\/p>\n<p class=\"\" data-start=\"793\" data-end=\"824\"><strong data-start=\"793\" data-end=\"824\">Zutaten (100 ml insgesamt):<\/strong><\/p>\n<ul data-start=\"825\" data-end=\"965\">\n<li class=\"\" data-start=\"825\" data-end=\"852\">\n<p class=\"\" data-start=\"827\" data-end=\"852\">5 ml Parf\u00fcm\u00f6l (5%)<\/p>\n<\/li>\n<li class=\"\" data-start=\"853\" data-end=\"881\">\n<p class=\"\" data-start=\"855\" data-end=\"881\">5 ml Polysorbat 20 (5%)<\/p>\n<\/li>\n<li class=\"\" data-start=\"882\" data-end=\"913\">\n<p class=\"\" data-start=\"884\" data-end=\"913\">88 ml destilliertes Wasser (88%)<\/p>\n<\/li>\n<\/ul>\n<p class=\"\" data-start=\"967\" data-end=\"984\"><strong data-start=\"967\" data-end=\"984\">Anweisungen:<\/strong><\/p>\n<ol data-start=\"985\" data-end=\"1206\">\n<li class=\"\" data-start=\"985\" data-end=\"1046\">\n<p class=\"\" data-start=\"988\" data-end=\"1046\">Mischen Sie das Duft\u00f6l mit Polysorbat 20, bis es vollst\u00e4ndig vermischt ist.<\/p>\n<\/li>\n<li class=\"\" data-start=\"1047\" data-end=\"1095\">\n<p class=\"\" data-start=\"1050\" data-end=\"1095\">Destilliertes Wasser hinzuf\u00fcgen und umr\u00fchren.<\/p>\n<\/li>\n<li class=\"\" data-start=\"1096\" data-end=\"1150\">\n<p class=\"\" data-start=\"1099\" data-end=\"1150\">Kombinieren Sie beide Mischungen und f\u00fcllen Sie sie in eine Spr\u00fchflasche.<\/p>\n<\/li>\n<li class=\"\" data-start=\"1151\" data-end=\"1206\">\n<p class=\"\" data-start=\"1154\" data-end=\"1206\">Vor jedem Gebrauch sch\u00fctteln. Ein milchiges Aussehen ist normal.<\/p>\n<\/li>\n<\/ol>\n<hr class=\"\" data-start=\"1208\" data-end=\"1211\" \/>\n<h3 class=\"\" data-start=\"1213\" data-end=\"1258\"><strong data-start=\"1220\" data-end=\"1258\">Raumspray auf Alkoholbasis<\/strong><\/h3>\n<p class=\"\" data-start=\"1260\" data-end=\"1395\"><strong data-start=\"1260\" data-end=\"1314\">Ideal f\u00fcr einen st\u00e4rkeren Duftaussto\u00df und ein klares Finish.<\/strong><br data-start=\"1314\" data-end=\"1317\" \/>Polysorbat 20 tr\u00e4gt zur L\u00f6slichkeit des Duftes bei und sorgt f\u00fcr langfristige Stabilit\u00e4t.<\/p>\n<p class=\"\" data-start=\"1397\" data-end=\"1428\"><strong data-start=\"1397\" data-end=\"1428\">Zutaten (100 ml insgesamt):<\/strong><\/p>\n<ul data-start=\"1429\" data-end=\"1522\">\n<li class=\"\" data-start=\"1429\" data-end=\"1458\">\n<p class=\"\" data-start=\"1431\" data-end=\"1458\">20 ml Parf\u00fcm\u00f6l (20%)<\/p>\n<\/li>\n<li class=\"\" data-start=\"1459\" data-end=\"1489\">\n<p class=\"\" data-start=\"1461\" data-end=\"1489\">20 ml Polysorbat 20 (20%)<\/p>\n<\/li>\n<li class=\"\" data-start=\"1490\" data-end=\"1522\">\n<p class=\"\" data-start=\"1492\" data-end=\"1522\">60 ml Parf\u00fcmierungsalkohol (60%)<\/p>\n<\/li>\n<\/ul>\n<p class=\"\" data-start=\"1524\" data-end=\"1541\"><strong data-start=\"1524\" data-end=\"1541\">Anweisungen:<\/strong><\/p>\n<ol data-start=\"1542\" data-end=\"1753\">\n<li class=\"\" data-start=\"1542\" data-end=\"1599\">\n<p class=\"\" data-start=\"1545\" data-end=\"1599\">Mischen Sie das Duft\u00f6l mit Polysorbat 20, bis es gleichm\u00e4\u00dfig ist.<\/p>\n<\/li>\n<li class=\"\" data-start=\"1600\" data-end=\"1645\">\n<p class=\"\" data-start=\"1603\" data-end=\"1645\">Parf\u00fcmalkohol hinzuf\u00fcgen und gr\u00fcndlich mischen.<\/p>\n<\/li>\n<li class=\"\" data-start=\"1646\" data-end=\"1699\">\n<p class=\"\" data-start=\"1649\" data-end=\"1699\">Lassen Sie die Mischung 24 Stunden ruhen, um optimale Ergebnisse zu erzielen.<\/p>\n<\/li>\n<li class=\"\" data-start=\"1700\" data-end=\"1753\">\n<p class=\"\" data-start=\"1703\" data-end=\"1753\">In eine Spr\u00fchflasche f\u00fcllen.<\/p>\n<\/li>\n<\/ol>\n<hr class=\"\" data-start=\"1755\" data-end=\"1758\" \/>\n<h3 class=\"\" data-start=\"1760\" data-end=\"1776\">Tipp:<\/h3>\n<p>Testen Sie immer zuerst in kleinem Ma\u00dfstab!<\/p>\n<p>&nbsp;<\/p>\n<p>&nbsp;<\/p>\n<p>&nbsp;<\/p>\n<div>\n<h2 data-start=\"154\" data-end=\"210\">Wie man einen Schilfdiffusor herstellt<\/h2>\n<p>&nbsp;<\/p>\n<p data-start=\"212\" data-end=\"291\">Um einen hochwertigen 100-ml-Schilfrohrdiffusor herzustellen, mischen Sie die folgenden Zutaten:<\/p>\n<ul data-start=\"293\" data-end=\"524\">\n<li data-start=\"293\" data-end=\"335\">\n<p data-start=\"295\" data-end=\"335\"><strong data-start=\"295\" data-end=\"333\">Parf\u00fcm\u00f6l - 20 ml (20%)<\/strong><\/p>\n<\/li>\n<li data-start=\"336\" data-end=\"387\">\n<p data-start=\"338\" data-end=\"387\"><strong data-start=\"338\" data-end=\"385\">DPG Dipropylenglykol - 20 ml (20%)<\/strong><\/p>\n<\/li>\n<li data-start=\"388\" data-end=\"435\">\n<p data-start=\"390\" data-end=\"435\"><strong data-start=\"390\" data-end=\"433\">Parf\u00fcmierungsalkohol - 35 ml (35 %)<\/strong><\/p>\n<\/li>\n<li data-start=\"436\" data-end=\"482\">\n<p data-start=\"438\" data-end=\"482\"><strong data-start=\"438\" data-end=\"480\">Augeo Clean Multi - 23 ml (23 %)<\/strong><\/p>\n<\/li>\n<li data-start=\"483\" data-end=\"524\">\n<p data-start=\"485\" data-end=\"524\"><strong data-start=\"485\" data-end=\"522\">Polysorbat 20 - 2 ml (2 %)<\/strong><\/p>\n<\/li>\n<\/ul>\n<\/div>\n<p>&nbsp;<\/p>\n<p>&nbsp;<\/p>","protected":false},"excerpt":{"rendered":"<h3>BESCHREIBUNG<\/h3>\n<div>\n<p>&nbsp;<\/p>\n<h2>Polysorbat 20<\/h2>\n<h6><em>Die wesentliche Zutat f\u00fcr Raumsprays und Diffusoren<\/em><\/h6>\n<p>&nbsp;<\/p>\n<\/div>\n<p class=\"\" data-start=\"145\" data-end=\"430\">Polysorbat ist ein sanftes, nichtionisches <strong data-start=\"183\" data-end=\"198\">L\u00f6sungsvermittler<\/strong> und <strong data-start=\"203\" data-end=\"217\">Emulgator <\/strong>wird in Parf\u00fcmerieprodukten verwendet, um Inhaltsstoffe auf \u00d6l- und Wasserbasis zu kombinieren.<\/p>\n<p class=\"\" data-start=\"145\" data-end=\"430\">Es spielt eine entscheidende Rolle bei der Verhinderung der \"Trennung\" zwischen Duft\u00f6len und Wasser und gew\u00e4hrleistet eine gleichm\u00e4\u00dfige und konsistente Mischung.<\/p>\n<p class=\"\" data-start=\"432\" data-end=\"783\">Diese Zutat ist besonders beliebt f\u00fcr die Herstellung von <strong data-start=\"481\" data-end=\"509\">Raumsprays von Grund auf<\/strong>. Es erm\u00f6glicht die gleichm\u00e4\u00dfige Verteilung von Duft\u00f6l in Produkten auf Wasserbasis wie <strong data-start=\"583\" data-end=\"608\">Raum- und W\u00e4schesprays<\/strong>wodurch eine stabile L\u00f6sung entsteht. Ohne Polysorbat w\u00fcrden \u00d6le auf dem Wasser schwimmen, was zu einer schlechten Duftabgabe und Verstopfungsproblemen in Spr\u00fchflaschen f\u00fchren w\u00fcrde.<\/p>","protected":false},"featured_media":21083,"template":"","meta":{"_acf_changed":false,"site-sidebar-layout":"default","site-content-layout":"default","ast-site-content-layout":"default","site-content-style":"default","site-sidebar-style":"default","ast-global-header-display":"","ast-banner-title-visibility":"","ast-main-header-display":"","ast-hfb-above-header-display":"","ast-hfb-below-header-display":"","ast-hfb-mobile-header-display":"","site-post-title":"","ast-breadcrumbs-content":"","ast-featured-img":"","footer-sml-layout":"","ast-disable-related-posts":"","theme-transparent-header-meta":"default","adv-header-id-meta":"","stick-header-meta":"","header-above-stick-meta":"","header-main-stick-meta":"","header-below-stick-meta":"","astra-migrate-meta-layouts":"set","ast-page-background-enabled":"default","ast-page-background-meta":{"desktop":{"background-color":"","background-image":"","background-repeat":"repeat","background-position":"center center","background-size":"auto","background-attachment":"scroll","background-type":"","background-media":"","overlay-type":"","overlay-color":"","overlay-opacity":"","overlay-gradient":""},"tablet":{"background-color":"","background-image":"","background-repeat":"repeat","background-position":"center center","background-size":"auto","background-attachment":"scroll","background-type":"","background-media":"","overlay-type":"","overlay-color":"","overlay-opacity":"","overlay-gradient":""},"mobile":{"background-color":"","background-image":"","background-repeat":"repeat","background-position":"center center","background-size":"auto","background-attachment":"scroll","background-type":"","background-media":"","overlay-type":"","overlay-color":"","overlay-opacity":"","overlay-gradient":""}},"ast-content-background-meta":{"desktop":{"background-color":"var(--ast-global-color-5)","background-image":"","background-repeat":"repeat","background-position":"center center","background-size":"auto","background-attachment":"scroll","background-type":"","background-media":"","overlay-type":"","overlay-color":"","overlay-opacity":"","overlay-gradient":""},"tablet":{"background-color":"var(--ast-global-color-5)","background-image":"","background-repeat":"repeat","background-position":"center center","background-size":"auto","background-attachment":"scroll","background-type":"","background-media":"","overlay-type":"","overlay-color":"","overlay-opacity":"","overlay-gradient":""},"mobile":{"background-color":"var(--ast-global-color-5)","background-image":"","background-repeat":"repeat","background-position":"center center","background-size":"auto","background-attachment":"scroll","background-type":"","background-media":"","overlay-type":"","overlay-color":"","overlay-opacity":"","overlay-gradient":""}}},"product_brand":[],"product_cat":[1648,1646,1329,1644,25,1716,1652,1647],"product_tag":[33,1645],"class_list":{"0":"post-21075","1":"product","2":"type-product","3":"status-publish","4":"has-post-thumbnail","6":"product_cat-diffuser-base","7":"product_cat-diffusers-diffusers","8":"product_cat-diffusers","9":"product_cat-fragrance-bases","10":"product_cat-fragrances","11":"product_cat-laundry-scent-booster","12":"product_cat-room-spray-bases","13":"product_cat-room-sprays","14":"product_tag-candle-making-accessories","15":"product_tag-polysorbate","16":"desktop-align-left","17":"tablet-align-left","18":"mobile-align-left","19":"ast-product-gallery-layout-horizontal-slider","20":"ast-product-single-variable","21":"ast-product-tabs-layout-horizontal","23":"first","24":"instock","25":"taxable","26":"shipping-taxable","27":"purchasable","28":"product-type-variable"},"acf":[],"yoast_head":"<title>Polysorbate 20 - Antwerp Luxury Candle Supplies<\/title>\n<meta name=\"robots\" content=\"index, follow, max-snippet:-1, max-image-preview:large, max-video-preview:-1\" \/>\n<link rel=\"canonical\" href=\"https:\/\/luxurycandlesupplies.eu\/de\/produkt\/parfumhersteller-polysorbat\/\" \/>\n<meta property=\"og:locale\" content=\"de_DE\" \/>\n<meta property=\"og:type\" content=\"article\" \/>\n<meta property=\"og:title\" content=\"Polysorbate 20 - Antwerp Luxury Candle Supplies\" \/>\n<meta property=\"og:description\" content=\"DESCRIPTION   &nbsp; Polysorbate 20 The Essential Ingredient for Room Sprays &amp; Diffusers &nbsp;   Polysorbate is a gentle, non-ionic solubilizer and emulsifier used in home fragrance products to combine oil-based and water-based ingredients. It plays a crucial role in preventing &#039;separation&#039; between fragrance oils and water, ensuring a smooth and consistent blend. This ingredient is especially popular for making room sprays from scratch. It allows fragrance oil to disperse evenly in water-based products like room and linen sprays, creating a stable solution. Without Polysorbate oils would float on top of the water, leading to poor scent throw and clogging issues in spray bottles.\" \/>\n<meta property=\"og:url\" content=\"https:\/\/luxurycandlesupplies.eu\/de\/produkt\/parfumhersteller-polysorbat\/\" \/>\n<meta property=\"og:site_name\" content=\"Antwerp Luxury Candle Supplies\" \/>\n<meta property=\"article:publisher\" content=\"https:\/\/www.facebook.com\/Antwerpluxurycandlesupplies\/\" \/>\n<meta property=\"article:modified_time\" content=\"2026-05-16T18:12:38+00:00\" \/>\n<meta property=\"og:image\" content=\"https:\/\/luxurycandlesupplies.eu\/app\/uploads\/2025\/05\/Perfume-Alcohol-1-2.png\" \/>\n\t<meta property=\"og:image:width\" content=\"1000\" \/>\n\t<meta property=\"og:image:height\" content=\"1000\" \/>\n\t<meta property=\"og:image:type\" content=\"image\/png\" \/>\n<meta name=\"twitter:card\" content=\"summary_large_image\" \/>\n<meta name=\"twitter:label1\" content=\"Gesch\u00e4tzte Lesezeit\" \/>\n\t<meta name=\"twitter:data1\" content=\"2 minutes\" \/>\n<script type=\"application\/ld+json\" class=\"yoast-schema-graph\">{\"@context\":\"https:\\\/\\\/schema.org\",\"@graph\":[{\"@type\":\"WebPage\",\"@id\":\"https:\\\/\\\/luxurycandlesupplies.eu\\\/product\\\/perfumers-polysorbate\\\/\",\"url\":\"https:\\\/\\\/luxurycandlesupplies.eu\\\/product\\\/perfumers-polysorbate\\\/\",\"name\":\"Polysorbate 20 - Antwerp Luxury Candle Supplies\",\"isPartOf\":{\"@id\":\"https:\\\/\\\/luxurycandlesupplies.eu\\\/#website\"},\"primaryImageOfPage\":{\"@id\":\"https:\\\/\\\/luxurycandlesupplies.eu\\\/product\\\/perfumers-polysorbate\\\/#primaryimage\"},\"image\":{\"@id\":\"https:\\\/\\\/luxurycandlesupplies.eu\\\/product\\\/perfumers-polysorbate\\\/#primaryimage\"},\"thumbnailUrl\":\"https:\\\/\\\/luxurycandlesupplies.eu\\\/app\\\/uploads\\\/2025\\\/05\\\/Perfume-Alcohol-1-2.png\",\"datePublished\":\"2025-05-15T10:11:28+00:00\",\"dateModified\":\"2026-05-16T18:12:38+00:00\",\"breadcrumb\":{\"@id\":\"https:\\\/\\\/luxurycandlesupplies.eu\\\/product\\\/perfumers-polysorbate\\\/#breadcrumb\"},\"inLanguage\":\"de-DE\",\"potentialAction\":[{\"@type\":\"ReadAction\",\"target\":[\"https:\\\/\\\/luxurycandlesupplies.eu\\\/product\\\/perfumers-polysorbate\\\/\"]}]},{\"@type\":\"ImageObject\",\"inLanguage\":\"de-DE\",\"@id\":\"https:\\\/\\\/luxurycandlesupplies.eu\\\/product\\\/perfumers-polysorbate\\\/#primaryimage\",\"url\":\"https:\\\/\\\/luxurycandlesupplies.eu\\\/app\\\/uploads\\\/2025\\\/05\\\/Perfume-Alcohol-1-2.png\",\"contentUrl\":\"https:\\\/\\\/luxurycandlesupplies.eu\\\/app\\\/uploads\\\/2025\\\/05\\\/Perfume-Alcohol-1-2.png\",\"width\":1000,\"height\":1000},{\"@type\":\"BreadcrumbList\",\"@id\":\"https:\\\/\\\/luxurycandlesupplies.eu\\\/product\\\/perfumers-polysorbate\\\/#breadcrumb\",\"itemListElement\":[{\"@type\":\"ListItem\",\"position\":1,\"name\":\"Home\",\"item\":\"https:\\\/\\\/luxurycandlesupplies.eu\\\/\"},{\"@type\":\"ListItem\",\"position\":2,\"name\":\"Shop\",\"item\":\"https:\\\/\\\/luxurycandlesupplies.eu\\\/shop\\\/\"},{\"@type\":\"ListItem\",\"position\":3,\"name\":\"Polysorbate 20\"}]},{\"@type\":\"WebSite\",\"@id\":\"https:\\\/\\\/luxurycandlesupplies.eu\\\/#website\",\"url\":\"https:\\\/\\\/luxurycandlesupplies.eu\\\/\",\"name\":\"Antwerp Luxury Candle Supplies\",\"description\":\"Distributor of all seasons soy wax\",\"publisher\":{\"@id\":\"https:\\\/\\\/luxurycandlesupplies.eu\\\/#organization\"},\"potentialAction\":[{\"@type\":\"SearchAction\",\"target\":{\"@type\":\"EntryPoint\",\"urlTemplate\":\"https:\\\/\\\/luxurycandlesupplies.eu\\\/?s={search_term_string}\"},\"query-input\":{\"@type\":\"PropertyValueSpecification\",\"valueRequired\":true,\"valueName\":\"search_term_string\"}}],\"inLanguage\":\"de-DE\"},{\"@type\":\"Organization\",\"@id\":\"https:\\\/\\\/luxurycandlesupplies.eu\\\/#organization\",\"name\":\"Antwerp Luxury Candle Supplies\",\"url\":\"https:\\\/\\\/luxurycandlesupplies.eu\\\/\",\"logo\":{\"@type\":\"ImageObject\",\"inLanguage\":\"de-DE\",\"@id\":\"https:\\\/\\\/luxurycandlesupplies.eu\\\/#\\\/schema\\\/logo\\\/image\\\/\",\"url\":\"https:\\\/\\\/luxurycandlesupplies.eu\\\/app\\\/uploads\\\/2022\\\/03\\\/antwerp-luxury-candle-supplies-1x.png\",\"contentUrl\":\"https:\\\/\\\/luxurycandlesupplies.eu\\\/app\\\/uploads\\\/2022\\\/03\\\/antwerp-luxury-candle-supplies-1x.png\",\"width\":330,\"height\":60,\"caption\":\"Antwerp Luxury Candle Supplies\"},\"image\":{\"@id\":\"https:\\\/\\\/luxurycandlesupplies.eu\\\/#\\\/schema\\\/logo\\\/image\\\/\"},\"sameAs\":[\"https:\\\/\\\/www.facebook.com\\\/Antwerpluxurycandlesupplies\\\/\",\"https:\\\/\\\/www.instagram.com\\\/antwerp_luxury_candle_supplies\\\/\",\"https:\\\/\\\/pin.it\\\/7joOXRW\"]}]}<\/script>","yoast_head_json":{"title":"Polysorbat 20 - Antwerpener Luxuskerzen-Bedarf","robots":{"index":"index","follow":"follow","max-snippet":"max-snippet:-1","max-image-preview":"max-image-preview:large","max-video-preview":"max-video-preview:-1"},"canonical":"https:\/\/luxurycandlesupplies.eu\/de\/produkt\/parfumhersteller-polysorbat\/","og_locale":"de_DE","og_type":"article","og_title":"Polysorbate 20 - Antwerp Luxury Candle Supplies","og_description":"DESCRIPTION   &nbsp; Polysorbate 20 The Essential Ingredient for Room Sprays &amp; Diffusers &nbsp;   Polysorbate is a gentle, non-ionic solubilizer and emulsifier used in home fragrance products to combine oil-based and water-based ingredients. It plays a crucial role in preventing 'separation' between fragrance oils and water, ensuring a smooth and consistent blend. This ingredient is especially popular for making room sprays from scratch. It allows fragrance oil to disperse evenly in water-based products like room and linen sprays, creating a stable solution. Without Polysorbate oils would float on top of the water, leading to poor scent throw and clogging issues in spray bottles.","og_url":"https:\/\/luxurycandlesupplies.eu\/de\/produkt\/parfumhersteller-polysorbat\/","og_site_name":"Antwerp Luxury Candle Supplies","article_publisher":"https:\/\/www.facebook.com\/Antwerpluxurycandlesupplies\/","article_modified_time":"2026-05-16T18:12:38+00:00","og_image":[{"width":1000,"height":1000,"url":"https:\/\/luxurycandlesupplies.eu\/app\/uploads\/2025\/05\/Perfume-Alcohol-1-2.png","type":"image\/png"}],"twitter_card":"summary_large_image","twitter_misc":{"Gesch\u00e4tzte Lesezeit":"2 minutes"},"schema":{"@context":"https:\/\/schema.org","@graph":[{"@type":"WebPage","@id":"https:\/\/luxurycandlesupplies.eu\/product\/perfumers-polysorbate\/","url":"https:\/\/luxurycandlesupplies.eu\/product\/perfumers-polysorbate\/","name":"Polysorbat 20 - Antwerpener Luxuskerzen-Bedarf","isPartOf":{"@id":"https:\/\/luxurycandlesupplies.eu\/#website"},"primaryImageOfPage":{"@id":"https:\/\/luxurycandlesupplies.eu\/product\/perfumers-polysorbate\/#primaryimage"},"image":{"@id":"https:\/\/luxurycandlesupplies.eu\/product\/perfumers-polysorbate\/#primaryimage"},"thumbnailUrl":"https:\/\/luxurycandlesupplies.eu\/app\/uploads\/2025\/05\/Perfume-Alcohol-1-2.png","datePublished":"2025-05-15T10:11:28+00:00","dateModified":"2026-05-16T18:12:38+00:00","breadcrumb":{"@id":"https:\/\/luxurycandlesupplies.eu\/product\/perfumers-polysorbate\/#breadcrumb"},"inLanguage":"de-DE","potentialAction":[{"@type":"ReadAction","target":["https:\/\/luxurycandlesupplies.eu\/product\/perfumers-polysorbate\/"]}]},{"@type":"ImageObject","inLanguage":"de-DE","@id":"https:\/\/luxurycandlesupplies.eu\/product\/perfumers-polysorbate\/#primaryimage","url":"https:\/\/luxurycandlesupplies.eu\/app\/uploads\/2025\/05\/Perfume-Alcohol-1-2.png","contentUrl":"https:\/\/luxurycandlesupplies.eu\/app\/uploads\/2025\/05\/Perfume-Alcohol-1-2.png","width":1000,"height":1000},{"@type":"BreadcrumbList","@id":"https:\/\/luxurycandlesupplies.eu\/product\/perfumers-polysorbate\/#breadcrumb","itemListElement":[{"@type":"ListItem","position":1,"name":"Home","item":"https:\/\/luxurycandlesupplies.eu\/"},{"@type":"ListItem","position":2,"name":"Shop","item":"https:\/\/luxurycandlesupplies.eu\/shop\/"},{"@type":"ListItem","position":3,"name":"Polysorbate 20"}]},{"@type":"WebSite","@id":"https:\/\/luxurycandlesupplies.eu\/#website","url":"https:\/\/luxurycandlesupplies.eu\/","name":"Antwerpener Luxus-Kerzen-Bedarf","description":"Vertreiber von Sojawachs f\u00fcr alle Jahreszeiten","publisher":{"@id":"https:\/\/luxurycandlesupplies.eu\/#organization"},"potentialAction":[{"@type":"SearchAction","target":{"@type":"EntryPoint","urlTemplate":"https:\/\/luxurycandlesupplies.eu\/?s={search_term_string}"},"query-input":{"@type":"PropertyValueSpecification","valueRequired":true,"valueName":"search_term_string"}}],"inLanguage":"de-DE"},{"@type":"Organization","@id":"https:\/\/luxurycandlesupplies.eu\/#organization","name":"Antwerpener Luxus-Kerzen-Bedarf","url":"https:\/\/luxurycandlesupplies.eu\/","logo":{"@type":"ImageObject","inLanguage":"de-DE","@id":"https:\/\/luxurycandlesupplies.eu\/#\/schema\/logo\/image\/","url":"https:\/\/luxurycandlesupplies.eu\/app\/uploads\/2022\/03\/antwerp-luxury-candle-supplies-1x.png","contentUrl":"https:\/\/luxurycandlesupplies.eu\/app\/uploads\/2022\/03\/antwerp-luxury-candle-supplies-1x.png","width":330,"height":60,"caption":"Antwerp Luxury Candle Supplies"},"image":{"@id":"https:\/\/luxurycandlesupplies.eu\/#\/schema\/logo\/image\/"},"sameAs":["https:\/\/www.facebook.com\/Antwerpluxurycandlesupplies\/","https:\/\/www.instagram.com\/antwerp_luxury_candle_supplies\/","https:\/\/pin.it\/7joOXRW"]}]}},"_links":{"self":[{"href":"https:\/\/luxurycandlesupplies.eu\/de\/wp-json\/wp\/v2\/product\/21075","targetHints":{"allow":["GET"]}}],"collection":[{"href":"https:\/\/luxurycandlesupplies.eu\/de\/wp-json\/wp\/v2\/product"}],"about":[{"href":"https:\/\/luxurycandlesupplies.eu\/de\/wp-json\/wp\/v2\/types\/product"}],"wp:featuredmedia":[{"embeddable":true,"href":"https:\/\/luxurycandlesupplies.eu\/de\/wp-json\/wp\/v2\/media\/21083"}],"wp:attachment":[{"href":"https:\/\/luxurycandlesupplies.eu\/de\/wp-json\/wp\/v2\/media?parent=21075"}],"wp:term":[{"taxonomy":"product_brand","embeddable":true,"href":"https:\/\/luxurycandlesupplies.eu\/de\/wp-json\/wp\/v2\/product_brand?post=21075"},{"taxonomy":"product_cat","embeddable":true,"href":"https:\/\/luxurycandlesupplies.eu\/de\/wp-json\/wp\/v2\/product_cat?post=21075"},{"taxonomy":"product_tag","embeddable":true,"href":"https:\/\/luxurycandlesupplies.eu\/de\/wp-json\/wp\/v2\/product_tag?post=21075"}],"curies":[{"name":"wp","href":"https:\/\/api.w.org\/{rel}","templated":true}]}}