{"id":21247,"date":"2025-05-27T12:09:32","date_gmt":"2025-05-27T10:09:32","guid":{"rendered":"https:\/\/luxurycandlesupplies.eu\/?post_type=product&#038;p=21247"},"modified":"2026-03-30T09:42:46","modified_gmt":"2026-03-30T07:42:46","slug":"clp-etikettendruck","status":"publish","type":"product","link":"https:\/\/luxurycandlesupplies.eu\/de\/product\/clp-label-printing\/","title":{"rendered":"CLP-Etikettendruck"},"content":{"rendered":"<h3><span style=\"font-size: 1.7em; font-weight: bold;\">CLP-Etikettendruck<\/span><\/h3>\n<div>\n<h6><em>Wir machen die CLP-Kennzeichnung f\u00fcr Sie einfach!<\/em><\/h6>\n<p>&nbsp;<\/p>\n<\/div>\n<div>\n<p data-start=\"56\" data-end=\"103\"><strong data-start=\"56\" data-end=\"103\">CLP-Etiketten - gebrauchsfertig und vollst\u00e4ndig konform<\/strong><\/p>\n<p data-start=\"56\" data-end=\"103\">Bei Antwerp Luxury Candle Supplies bieten wir gebrauchsfertige<strong data-start=\"187\" data-end=\"214\"> CLP-Etiketten<\/strong> die vollst\u00e4ndig mit den EU-Vorschriften konform sind.<\/p>\n<p data-start=\"56\" data-end=\"103\">Wir k\u00f6nnen Etiketten erstellen f\u00fcr <strong data-start=\"292\" data-end=\"350\">Duftkerzen, Wachsschmelzen, Raumsprays, <\/strong>und <strong data-start=\"292\" data-end=\"350\">Ausl\u00e4sse<\/strong>.<\/p>\n<p data-start=\"262\" data-end=\"382\">W\u00e4hlen Sie einfach Ihren Duft aus, senden Sie uns Ihre Unternehmensdaten (und den UFI-Code, falls erforderlich), und wir k\u00fcmmern uns um den Rest.<\/p>\n<p data-start=\"384\" data-end=\"497\">\u2714 Rechtskonformit\u00e4t<br data-start=\"416\" data-end=\"419\" \/>\u2714 Individuell mit Ihren Informationen<br data-start=\"453\" data-end=\"456\" \/>\u2714 Durchmesser: 6 cm<br data-start=\"472\" data-end=\"475\" \/>\u2714 Gl\u00e4nzend beschichtete Oberfl\u00e4che f\u00fcr ein professionelles Aussehen<br data-start=\"521\" data-end=\"524\" \/>\u2714 Erh\u00e4ltlich von nur <strong data-start=\"546\" data-end=\"559\">14 St\u00fcck<\/strong><\/p>\n<p data-start=\"499\" data-end=\"595\">Perfekt f\u00fcr Kerzenmacher, die sich sicher sein wollen, dass sie ein professionelles Ergebnis erzielen!<\/p>\n<p data-start=\"499\" data-end=\"595\">\n<\/div>\n<p data-start=\"499\" data-end=\"595\">Nach Abschluss des Kaufs senden Sie bitte alle Angaben zum CLP-Kennzeichnungsetikett - einschlie\u00dflich Ihrer Kontaktinformationen und ggf. des UFI-Codes - an <strong data-start=\"135\" data-end=\"167\"><a class=\"cursor-pointer\" rel=\"noopener\" data-start=\"137\" data-end=\"165\" data-is-only-node=\"\">mail@luxurycandlesupplies.eu<\/a><\/strong>.<\/p>\n<div>\n<p data-start=\"499\" data-end=\"595\">\n<\/div>\n<p>&nbsp;<\/p>\n<p>&nbsp;<\/p>\n<p>&nbsp;<\/p>","protected":false},"excerpt":{"rendered":"<h3><span style=\"font-size: 1.7em; font-weight: bold;\">CLP-Etikettendruck<\/span><\/h3>\n<div>\n<h6><em>Wir machen die CLP-Kennzeichnung f\u00fcr Sie einfach!<\/em><\/h6>\n<p>&nbsp;<\/p>\n<\/div>\n<div>\n<p data-start=\"56\" data-end=\"103\"><strong data-start=\"56\" data-end=\"103\">CLP-Etiketten - gebrauchsfertig und vollst\u00e4ndig konform<\/strong><\/p>\n<p data-start=\"56\" data-end=\"103\">Bei Antwerp Luxury Candle Supplies bieten wir gebrauchsfertige<strong data-start=\"187\" data-end=\"214\"> CLP-Etiketten<\/strong> die vollst\u00e4ndig mit den EU-Vorschriften konform sind.<\/p>\n<p data-start=\"56\" data-end=\"103\">Wir k\u00f6nnen Etiketten erstellen f\u00fcr <strong data-start=\"292\" data-end=\"350\">Duftkerzen, Wachsschmelzen, Raumsprays, <\/strong>und <strong data-start=\"292\" data-end=\"350\">Ausl\u00e4sse<\/strong>.<\/p>\n<p data-start=\"262\" data-end=\"382\">W\u00e4hlen Sie einfach Ihren Duft aus, senden Sie uns Ihre Unternehmensdaten (und den UFI-Code, falls erforderlich), und wir k\u00fcmmern uns um den Rest.<\/p>\n<p data-start=\"384\" data-end=\"497\">\u2714 Rechtskonformit\u00e4t<br data-start=\"416\" data-end=\"419\" \/>\u2714 Individuell mit Ihren Informationen<br data-start=\"453\" data-end=\"456\" \/>\u2714 Durchmesser: 6 cm<br data-start=\"472\" data-end=\"475\" \/>\u2714 Gl\u00e4nzend beschichtete Oberfl\u00e4che f\u00fcr ein professionelles Aussehen<br data-start=\"521\" data-end=\"524\" \/>\u2714 Erh\u00e4ltlich von nur <strong data-start=\"546\" data-end=\"559\">14 St\u00fcck<\/strong><\/p>\n<p data-start=\"499\" data-end=\"595\">Perfekt f\u00fcr Kerzenmacher, die sich sicher sein wollen, dass sie ein professionelles Ergebnis erzielen!<\/p>\n<\/div>\n<p>&nbsp;<\/p>\n<p>Nach Abschluss des Kaufs senden Sie bitte alle Angaben zum CLP-Kennzeichnungsetikett - einschlie\u00dflich Ihrer Kontaktinformationen und ggf. des UFI-Codes - an <strong data-start=\"135\" data-end=\"167\"><a class=\"cursor-pointer\" rel=\"noopener\" data-start=\"137\" data-end=\"165\" data-is-only-node=\"\">mail@luxurycandlesupplies.eu<\/a><\/strong>.<\/p>","protected":false},"featured_media":21245,"template":"","meta":{"_acf_changed":false,"site-sidebar-layout":"default","site-content-layout":"default","ast-site-content-layout":"default","site-content-style":"default","site-sidebar-style":"default","ast-global-header-display":"","ast-banner-title-visibility":"","ast-main-header-display":"","ast-hfb-above-header-display":"","ast-hfb-below-header-display":"","ast-hfb-mobile-header-display":"","site-post-title":"","ast-breadcrumbs-content":"","ast-featured-img":"","footer-sml-layout":"","ast-disable-related-posts":"","theme-transparent-header-meta":"default","adv-header-id-meta":"","stick-header-meta":"","header-above-stick-meta":"","header-main-stick-meta":"","header-below-stick-meta":"","astra-migrate-meta-layouts":"set","ast-page-background-enabled":"default","ast-page-background-meta":{"desktop":{"background-color":"","background-image":"","background-repeat":"repeat","background-position":"center center","background-size":"auto","background-attachment":"scroll","background-type":"","background-media":"","overlay-type":"","overlay-color":"","overlay-opacity":"","overlay-gradient":""},"tablet":{"background-color":"","background-image":"","background-repeat":"repeat","background-position":"center center","background-size":"auto","background-attachment":"scroll","background-type":"","background-media":"","overlay-type":"","overlay-color":"","overlay-opacity":"","overlay-gradient":""},"mobile":{"background-color":"","background-image":"","background-repeat":"repeat","background-position":"center center","background-size":"auto","background-attachment":"scroll","background-type":"","background-media":"","overlay-type":"","overlay-color":"","overlay-opacity":"","overlay-gradient":""}},"ast-content-background-meta":{"desktop":{"background-color":"var(--ast-global-color-5)","background-image":"","background-repeat":"repeat","background-position":"center center","background-size":"auto","background-attachment":"scroll","background-type":"","background-media":"","overlay-type":"","overlay-color":"","overlay-opacity":"","overlay-gradient":""},"tablet":{"background-color":"var(--ast-global-color-5)","background-image":"","background-repeat":"repeat","background-position":"center center","background-size":"auto","background-attachment":"scroll","background-type":"","background-media":"","overlay-type":"","overlay-color":"","overlay-opacity":"","overlay-gradient":""},"mobile":{"background-color":"var(--ast-global-color-5)","background-image":"","background-repeat":"repeat","background-position":"center center","background-size":"auto","background-attachment":"scroll","background-type":"","background-media":"","overlay-type":"","overlay-color":"","overlay-opacity":"","overlay-gradient":""}}},"product_brand":[],"product_cat":[1657,1646,1329,25,1647],"product_tag":[1624,1658],"class_list":{"0":"post-21247","1":"product","2":"type-product","3":"status-publish","4":"has-post-thumbnail","6":"product_cat-clp-label-printing","7":"product_cat-diffusers-diffusers","8":"product_cat-diffusers","9":"product_cat-fragrances","10":"product_cat-room-sprays","11":"product_tag-clp","12":"product_tag-label-printing","13":"desktop-align-left","14":"tablet-align-left","15":"mobile-align-left","16":"ast-product-gallery-layout-horizontal-slider","17":"ast-product-single-variable","18":"ast-product-tabs-layout-horizontal","20":"first","21":"instock","22":"taxable","23":"shipping-taxable","24":"purchasable","25":"product-type-variable"},"acf":[],"yoast_head":"<title>CLP Label Printing - Antwerp Luxury Candle Supplies<\/title>\n<meta name=\"robots\" content=\"index, follow, max-snippet:-1, max-image-preview:large, max-video-preview:-1\" \/>\n<link rel=\"canonical\" href=\"https:\/\/luxurycandlesupplies.eu\/de\/produkt\/clp-etikettendruck\/\" \/>\n<meta property=\"og:locale\" content=\"de_DE\" \/>\n<meta property=\"og:type\" content=\"article\" \/>\n<meta property=\"og:title\" content=\"CLP Label Printing - Antwerp Luxury Candle Supplies\" \/>\n<meta property=\"og:description\" content=\"CLP Label Printing  We make CLP labelling easy for you! &nbsp;    CLP Labels \u2013 Ready-to-Use &amp; Fully Compliant At Antwerp Luxury Candle Supplies, we offer ready-to-use CLP labels that are fully compliant with EU regulations. We can create labels for scented candles, wax melts, room sprays, and diffusers. Simply choose your fragrance, send us your business details (and UFI code if required), and we\u2019ll take care of the rest. \u2714 Legally compliant\u2714 Customised with your information\u2714 Diameter: 6 cm\u2714 Glossy coated finish for a professional look\u2714 Available from just 14 pieces Perfect for candle makers who want peace of mind and a professional finish!   &nbsp;  After completing your purchase, please send all CLP label details \u2013 including your contact information and UFI code if applicable \u2013 to mail@luxurycandlesupplies.eu.\" \/>\n<meta property=\"og:url\" content=\"https:\/\/luxurycandlesupplies.eu\/de\/produkt\/clp-etikettendruck\/\" \/>\n<meta property=\"og:site_name\" content=\"Antwerp Luxury Candle Supplies\" \/>\n<meta property=\"article:publisher\" content=\"https:\/\/www.facebook.com\/Antwerpluxurycandlesupplies\/\" \/>\n<meta property=\"article:modified_time\" content=\"2026-03-30T07:42:46+00:00\" \/>\n<meta property=\"og:image\" content=\"https:\/\/luxurycandlesupplies.eu\/app\/uploads\/2025\/05\/1.png\" \/>\n\t<meta property=\"og:image:width\" content=\"1080\" \/>\n\t<meta property=\"og:image:height\" content=\"1080\" \/>\n\t<meta property=\"og:image:type\" content=\"image\/png\" \/>\n<meta name=\"twitter:card\" content=\"summary_large_image\" \/>\n<meta name=\"twitter:label1\" content=\"Gesch\u00e4tzte Lesezeit\" \/>\n\t<meta name=\"twitter:data1\" content=\"1 minute\" \/>\n<script type=\"application\/ld+json\" class=\"yoast-schema-graph\">{\"@context\":\"https:\\\/\\\/schema.org\",\"@graph\":[{\"@type\":\"WebPage\",\"@id\":\"https:\\\/\\\/luxurycandlesupplies.eu\\\/product\\\/clp-label-printing\\\/\",\"url\":\"https:\\\/\\\/luxurycandlesupplies.eu\\\/product\\\/clp-label-printing\\\/\",\"name\":\"CLP Label Printing - Antwerp Luxury Candle Supplies\",\"isPartOf\":{\"@id\":\"https:\\\/\\\/luxurycandlesupplies.eu\\\/#website\"},\"primaryImageOfPage\":{\"@id\":\"https:\\\/\\\/luxurycandlesupplies.eu\\\/product\\\/clp-label-printing\\\/#primaryimage\"},\"image\":{\"@id\":\"https:\\\/\\\/luxurycandlesupplies.eu\\\/product\\\/clp-label-printing\\\/#primaryimage\"},\"thumbnailUrl\":\"https:\\\/\\\/luxurycandlesupplies.eu\\\/app\\\/uploads\\\/2025\\\/05\\\/1.png\",\"datePublished\":\"2025-05-27T10:09:32+00:00\",\"dateModified\":\"2026-03-30T07:42:46+00:00\",\"breadcrumb\":{\"@id\":\"https:\\\/\\\/luxurycandlesupplies.eu\\\/product\\\/clp-label-printing\\\/#breadcrumb\"},\"inLanguage\":\"de-DE\",\"potentialAction\":[{\"@type\":\"ReadAction\",\"target\":[\"https:\\\/\\\/luxurycandlesupplies.eu\\\/product\\\/clp-label-printing\\\/\"]}]},{\"@type\":\"ImageObject\",\"inLanguage\":\"de-DE\",\"@id\":\"https:\\\/\\\/luxurycandlesupplies.eu\\\/product\\\/clp-label-printing\\\/#primaryimage\",\"url\":\"https:\\\/\\\/luxurycandlesupplies.eu\\\/app\\\/uploads\\\/2025\\\/05\\\/1.png\",\"contentUrl\":\"https:\\\/\\\/luxurycandlesupplies.eu\\\/app\\\/uploads\\\/2025\\\/05\\\/1.png\",\"width\":1080,\"height\":1080},{\"@type\":\"BreadcrumbList\",\"@id\":\"https:\\\/\\\/luxurycandlesupplies.eu\\\/product\\\/clp-label-printing\\\/#breadcrumb\",\"itemListElement\":[{\"@type\":\"ListItem\",\"position\":1,\"name\":\"Home\",\"item\":\"https:\\\/\\\/luxurycandlesupplies.eu\\\/\"},{\"@type\":\"ListItem\",\"position\":2,\"name\":\"Shop\",\"item\":\"https:\\\/\\\/luxurycandlesupplies.eu\\\/shop\\\/\"},{\"@type\":\"ListItem\",\"position\":3,\"name\":\"CLP Label Printing\"}]},{\"@type\":\"WebSite\",\"@id\":\"https:\\\/\\\/luxurycandlesupplies.eu\\\/#website\",\"url\":\"https:\\\/\\\/luxurycandlesupplies.eu\\\/\",\"name\":\"Antwerp Luxury Candle Supplies\",\"description\":\"Distributor of all seasons soy wax\",\"publisher\":{\"@id\":\"https:\\\/\\\/luxurycandlesupplies.eu\\\/#organization\"},\"potentialAction\":[{\"@type\":\"SearchAction\",\"target\":{\"@type\":\"EntryPoint\",\"urlTemplate\":\"https:\\\/\\\/luxurycandlesupplies.eu\\\/?s={search_term_string}\"},\"query-input\":{\"@type\":\"PropertyValueSpecification\",\"valueRequired\":true,\"valueName\":\"search_term_string\"}}],\"inLanguage\":\"de-DE\"},{\"@type\":\"Organization\",\"@id\":\"https:\\\/\\\/luxurycandlesupplies.eu\\\/#organization\",\"name\":\"Antwerp Luxury Candle Supplies\",\"url\":\"https:\\\/\\\/luxurycandlesupplies.eu\\\/\",\"logo\":{\"@type\":\"ImageObject\",\"inLanguage\":\"de-DE\",\"@id\":\"https:\\\/\\\/luxurycandlesupplies.eu\\\/#\\\/schema\\\/logo\\\/image\\\/\",\"url\":\"https:\\\/\\\/luxurycandlesupplies.eu\\\/app\\\/uploads\\\/2022\\\/03\\\/antwerp-luxury-candle-supplies-1x.png\",\"contentUrl\":\"https:\\\/\\\/luxurycandlesupplies.eu\\\/app\\\/uploads\\\/2022\\\/03\\\/antwerp-luxury-candle-supplies-1x.png\",\"width\":330,\"height\":60,\"caption\":\"Antwerp Luxury Candle Supplies\"},\"image\":{\"@id\":\"https:\\\/\\\/luxurycandlesupplies.eu\\\/#\\\/schema\\\/logo\\\/image\\\/\"},\"sameAs\":[\"https:\\\/\\\/www.facebook.com\\\/Antwerpluxurycandlesupplies\\\/\",\"https:\\\/\\\/www.instagram.com\\\/antwerp_luxury_candle_supplies\\\/\",\"https:\\\/\\\/pin.it\\\/7joOXRW\"]}]}<\/script>","yoast_head_json":{"title":"CLP-Etikettendruck - Antwerpener Luxus-Kerzen-Bedarf","robots":{"index":"index","follow":"follow","max-snippet":"max-snippet:-1","max-image-preview":"max-image-preview:large","max-video-preview":"max-video-preview:-1"},"canonical":"https:\/\/luxurycandlesupplies.eu\/de\/produkt\/clp-etikettendruck\/","og_locale":"de_DE","og_type":"article","og_title":"CLP Label Printing - Antwerp Luxury Candle Supplies","og_description":"CLP Label Printing  We make CLP labelling easy for you! &nbsp;    CLP Labels \u2013 Ready-to-Use &amp; Fully Compliant At Antwerp Luxury Candle Supplies, we offer ready-to-use CLP labels that are fully compliant with EU regulations. We can create labels for scented candles, wax melts, room sprays, and diffusers. Simply choose your fragrance, send us your business details (and UFI code if required), and we\u2019ll take care of the rest. \u2714 Legally compliant\u2714 Customised with your information\u2714 Diameter: 6 cm\u2714 Glossy coated finish for a professional look\u2714 Available from just 14 pieces Perfect for candle makers who want peace of mind and a professional finish!   &nbsp;  After completing your purchase, please send all CLP label details \u2013 including your contact information and UFI code if applicable \u2013 to mail@luxurycandlesupplies.eu.","og_url":"https:\/\/luxurycandlesupplies.eu\/de\/produkt\/clp-etikettendruck\/","og_site_name":"Antwerp Luxury Candle Supplies","article_publisher":"https:\/\/www.facebook.com\/Antwerpluxurycandlesupplies\/","article_modified_time":"2026-03-30T07:42:46+00:00","og_image":[{"width":1080,"height":1080,"url":"https:\/\/luxurycandlesupplies.eu\/app\/uploads\/2025\/05\/1.png","type":"image\/png"}],"twitter_card":"summary_large_image","twitter_misc":{"Gesch\u00e4tzte Lesezeit":"1 minute"},"schema":{"@context":"https:\/\/schema.org","@graph":[{"@type":"WebPage","@id":"https:\/\/luxurycandlesupplies.eu\/product\/clp-label-printing\/","url":"https:\/\/luxurycandlesupplies.eu\/product\/clp-label-printing\/","name":"CLP-Etikettendruck - Antwerpener Luxus-Kerzen-Bedarf","isPartOf":{"@id":"https:\/\/luxurycandlesupplies.eu\/#website"},"primaryImageOfPage":{"@id":"https:\/\/luxurycandlesupplies.eu\/product\/clp-label-printing\/#primaryimage"},"image":{"@id":"https:\/\/luxurycandlesupplies.eu\/product\/clp-label-printing\/#primaryimage"},"thumbnailUrl":"https:\/\/luxurycandlesupplies.eu\/app\/uploads\/2025\/05\/1.png","datePublished":"2025-05-27T10:09:32+00:00","dateModified":"2026-03-30T07:42:46+00:00","breadcrumb":{"@id":"https:\/\/luxurycandlesupplies.eu\/product\/clp-label-printing\/#breadcrumb"},"inLanguage":"de-DE","potentialAction":[{"@type":"ReadAction","target":["https:\/\/luxurycandlesupplies.eu\/product\/clp-label-printing\/"]}]},{"@type":"ImageObject","inLanguage":"de-DE","@id":"https:\/\/luxurycandlesupplies.eu\/product\/clp-label-printing\/#primaryimage","url":"https:\/\/luxurycandlesupplies.eu\/app\/uploads\/2025\/05\/1.png","contentUrl":"https:\/\/luxurycandlesupplies.eu\/app\/uploads\/2025\/05\/1.png","width":1080,"height":1080},{"@type":"BreadcrumbList","@id":"https:\/\/luxurycandlesupplies.eu\/product\/clp-label-printing\/#breadcrumb","itemListElement":[{"@type":"ListItem","position":1,"name":"Home","item":"https:\/\/luxurycandlesupplies.eu\/"},{"@type":"ListItem","position":2,"name":"Shop","item":"https:\/\/luxurycandlesupplies.eu\/shop\/"},{"@type":"ListItem","position":3,"name":"CLP Label Printing"}]},{"@type":"WebSite","@id":"https:\/\/luxurycandlesupplies.eu\/#website","url":"https:\/\/luxurycandlesupplies.eu\/","name":"Antwerpener Luxus-Kerzen-Bedarf","description":"Vertreiber von Sojawachs f\u00fcr alle Jahreszeiten","publisher":{"@id":"https:\/\/luxurycandlesupplies.eu\/#organization"},"potentialAction":[{"@type":"SearchAction","target":{"@type":"EntryPoint","urlTemplate":"https:\/\/luxurycandlesupplies.eu\/?s={search_term_string}"},"query-input":{"@type":"PropertyValueSpecification","valueRequired":true,"valueName":"search_term_string"}}],"inLanguage":"de-DE"},{"@type":"Organization","@id":"https:\/\/luxurycandlesupplies.eu\/#organization","name":"Antwerpener Luxus-Kerzen-Bedarf","url":"https:\/\/luxurycandlesupplies.eu\/","logo":{"@type":"ImageObject","inLanguage":"de-DE","@id":"https:\/\/luxurycandlesupplies.eu\/#\/schema\/logo\/image\/","url":"https:\/\/luxurycandlesupplies.eu\/app\/uploads\/2022\/03\/antwerp-luxury-candle-supplies-1x.png","contentUrl":"https:\/\/luxurycandlesupplies.eu\/app\/uploads\/2022\/03\/antwerp-luxury-candle-supplies-1x.png","width":330,"height":60,"caption":"Antwerp Luxury Candle Supplies"},"image":{"@id":"https:\/\/luxurycandlesupplies.eu\/#\/schema\/logo\/image\/"},"sameAs":["https:\/\/www.facebook.com\/Antwerpluxurycandlesupplies\/","https:\/\/www.instagram.com\/antwerp_luxury_candle_supplies\/","https:\/\/pin.it\/7joOXRW"]}]}},"_links":{"self":[{"href":"https:\/\/luxurycandlesupplies.eu\/de\/wp-json\/wp\/v2\/product\/21247","targetHints":{"allow":["GET"]}}],"collection":[{"href":"https:\/\/luxurycandlesupplies.eu\/de\/wp-json\/wp\/v2\/product"}],"about":[{"href":"https:\/\/luxurycandlesupplies.eu\/de\/wp-json\/wp\/v2\/types\/product"}],"wp:featuredmedia":[{"embeddable":true,"href":"https:\/\/luxurycandlesupplies.eu\/de\/wp-json\/wp\/v2\/media\/21245"}],"wp:attachment":[{"href":"https:\/\/luxurycandlesupplies.eu\/de\/wp-json\/wp\/v2\/media?parent=21247"}],"wp:term":[{"taxonomy":"product_brand","embeddable":true,"href":"https:\/\/luxurycandlesupplies.eu\/de\/wp-json\/wp\/v2\/product_brand?post=21247"},{"taxonomy":"product_cat","embeddable":true,"href":"https:\/\/luxurycandlesupplies.eu\/de\/wp-json\/wp\/v2\/product_cat?post=21247"},{"taxonomy":"product_tag","embeddable":true,"href":"https:\/\/luxurycandlesupplies.eu\/de\/wp-json\/wp\/v2\/product_tag?post=21247"}],"curies":[{"name":"wp","href":"https:\/\/api.w.org\/{rel}","templated":true}]}}