{"id":21415,"date":"2025-06-12T09:22:39","date_gmt":"2025-06-12T07:22:39","guid":{"rendered":"https:\/\/luxurycandlesupplies.eu\/?post_type=product&#038;p=21415"},"modified":"2026-05-05T13:00:29","modified_gmt":"2026-05-05T11:00:29","slug":"omg-jar-weis-rose-gold","status":"publish","type":"product","link":"https:\/\/luxurycandlesupplies.eu\/de\/product\/omg-jar-white-rose-gold\/","title":{"rendered":"OMG-Glas - Wei\u00df &amp; Rose Gold"},"content":{"rendered":"<h2>Beschreibung<\/h2>\n<hr \/>\n<div><\/div>\n<p>Wie alle unsere Gl\u00e4ser wird auch das Glas von Luxury Candle Supplies von Hand geformt und nicht geblasen oder maschinell hergestellt. Dadurch sind unsere Gl\u00e4ser st\u00e4rker, sicherer und hitzebest\u00e4ndiger als andere auf dem Markt.<\/p>\n<p>LCS Glaswaren werden in der Produktionsphase \"kerzengepr\u00fcft\". Das bedeutet, dass sie eine bessere Wachshaftung aufweisen als andere auf dem Markt erh\u00e4ltliche Wachse.<\/p>\n<p>Nicht sp\u00fclmaschinenfest, wir empfehlen ein feuchtes Tuch, um \u00fcbersch\u00fcssigen Staub von der Innenseite abzuwischen.<\/p>\n<p>&nbsp;<\/p>\n<h3>SPEZIFIKATIONEN<\/h3>\n<hr \/>\n<div><\/div>\n<p><strong>\u00c4u\u00dfere Abmessungen<\/strong>: 105mm\u00d8 (oben) x 88mmH \/\/ ca. 120mm\u00d8 (breiteste Stelle)<br \/>\n<strong>Innere Abmessungen<\/strong>: 100mm\u00d8 (oben) x 80mmH<br \/>\n<strong>Kapazit\u00e4t des Schiffes<\/strong>: 600ml<br \/>\n<strong>Gewicht des Schiffes<\/strong>: 320g<\/p>\n<p><strong>Empfohlene Dochtgr\u00f6\u00dfe*<\/strong>:\u00a0<a href=\"https:\/\/luxurycandlesupplies.eu\/de\/produkt\/dochte-von-lcs-55\/\" target=\"_blank\" rel=\"noopener\">Doppeldocht 2 x LCS55<\/a><br \/>\n*Bitte beachten Sie, dass wir den Benutzern empfehlen, ihre eigenen Dochttests mit verschiedenen Wachs- und \u00d6lmischungen durchzuf\u00fchren, die sie zu verwenden beabsichtigen.<br \/>\n<strong>Vorgeschlagene Verpackung<\/strong>: N\/A<\/p>\n<p>Erh\u00e4ltlich in einzelnen Einheiten.<strong><br \/>\nGr\u00f6\u00dfe des Kartons<\/strong>: 18 Einheiten<\/p>\n<p>Bitte beachten Sie, dass das Produktfoto in Bezug auf die Farbe aufgrund von Beleuchtung und\/oder Herstellung vom tats\u00e4chlichen Artikel abweichen kann. Jedes Gef\u00e4\u00df ist unterschiedlich gemustert.<\/p>","protected":false},"excerpt":{"rendered":"<h2>Beschreibung<\/h2>\n<hr \/>\n<div><\/div>\n<p>Wie alle unsere Gl\u00e4ser wird auch das Glas von Luxury Candle Supplies von Hand geformt und nicht geblasen oder maschinell hergestellt. Dadurch sind unsere Gl\u00e4ser st\u00e4rker, sicherer und hitzebest\u00e4ndiger als andere auf dem Markt.<\/p>\n<p>LCS Glaswaren werden in der Produktionsphase \"kerzengepr\u00fcft\". Das bedeutet, dass sie eine bessere Wachshaftung aufweisen als andere auf dem Markt erh\u00e4ltliche Wachse.<\/p>\n<p>Nicht sp\u00fclmaschinenfest, wir empfehlen ein feuchtes Tuch, um \u00fcbersch\u00fcssigen Staub von der Innenseite abzuwischen.<\/p>\n<p>&nbsp;<\/p>\n<h3>SPEZIFIKATIONEN<\/h3>\n<hr \/>\n<div><\/div>\n<p><strong>\u00c4u\u00dfere Abmessungen<\/strong>: 105mm\u00d8 (oben) x 88mmH \/\/ ca. 120mm\u00d8 (breiteste Stelle)<br \/>\n<strong>Innere Abmessungen<\/strong>: 100mm\u00d8 (oben) x 80mmH<br \/>\n<strong>Kapazit\u00e4t des Schiffes<\/strong>: 600ml<br \/>\n<strong>Gewicht des Schiffes<\/strong>: 320g<\/p>\n<p><strong>Empfohlene Dochtgr\u00f6\u00dfe*<\/strong>:\u00a0<a href=\"https:\/\/luxurycandlesupplies.eu\/de\/produkt\/dochte-von-lcs-55\/\" target=\"_blank\" rel=\"noopener\">Doppeldocht 2 x LCS55<\/a><br \/>\n*Bitte beachten Sie, dass wir den Benutzern empfehlen, ihre eigenen Dochttests mit verschiedenen Wachs- und \u00d6lmischungen durchzuf\u00fchren, die sie zu verwenden beabsichtigen.<br \/>\n<strong>Vorgeschlagene Verpackung<\/strong>: N\/A<\/p>\n<p>Erh\u00e4ltlich in einzelnen Einheiten.<strong><br \/>\nGr\u00f6\u00dfe des Kartons<\/strong>: 18 Einheiten<\/p>\n<p>Bitte beachten Sie, dass das Produktfoto in Bezug auf die Farbe aufgrund von Beleuchtung und\/oder Herstellung vom tats\u00e4chlichen Artikel abweichen kann. Jedes Gef\u00e4\u00df ist unterschiedlich gemustert.<\/p>","protected":false},"featured_media":30329,"template":"","meta":{"_acf_changed":false,"site-sidebar-layout":"default","site-content-layout":"default","ast-site-content-layout":"default","site-content-style":"default","site-sidebar-style":"default","ast-global-header-display":"","ast-banner-title-visibility":"","ast-main-header-display":"","ast-hfb-above-header-display":"","ast-hfb-below-header-display":"","ast-hfb-mobile-header-display":"","site-post-title":"","ast-breadcrumbs-content":"","ast-featured-img":"","footer-sml-layout":"","ast-disable-related-posts":"","theme-transparent-header-meta":"default","adv-header-id-meta":"","stick-header-meta":"","header-above-stick-meta":"","header-main-stick-meta":"","header-below-stick-meta":"","astra-migrate-meta-layouts":"set","ast-page-background-enabled":"default","ast-page-background-meta":{"desktop":{"background-color":"","background-image":"","background-repeat":"repeat","background-position":"center center","background-size":"auto","background-attachment":"scroll","background-type":"","background-media":"","overlay-type":"","overlay-color":"","overlay-opacity":"","overlay-gradient":""},"tablet":{"background-color":"","background-image":"","background-repeat":"repeat","background-position":"center center","background-size":"auto","background-attachment":"scroll","background-type":"","background-media":"","overlay-type":"","overlay-color":"","overlay-opacity":"","overlay-gradient":""},"mobile":{"background-color":"","background-image":"","background-repeat":"repeat","background-position":"center center","background-size":"auto","background-attachment":"scroll","background-type":"","background-media":"","overlay-type":"","overlay-color":"","overlay-opacity":"","overlay-gradient":""}},"ast-content-background-meta":{"desktop":{"background-color":"var(--ast-global-color-5)","background-image":"","background-repeat":"repeat","background-position":"center center","background-size":"auto","background-attachment":"scroll","background-type":"","background-media":"","overlay-type":"","overlay-color":"","overlay-opacity":"","overlay-gradient":""},"tablet":{"background-color":"var(--ast-global-color-5)","background-image":"","background-repeat":"repeat","background-position":"center center","background-size":"auto","background-attachment":"scroll","background-type":"","background-media":"","overlay-type":"","overlay-color":"","overlay-opacity":"","overlay-gradient":""},"mobile":{"background-color":"var(--ast-global-color-5)","background-image":"","background-repeat":"repeat","background-position":"center center","background-size":"auto","background-attachment":"scroll","background-type":"","background-media":"","overlay-type":"","overlay-color":"","overlay-opacity":"","overlay-gradient":""}}},"product_brand":[],"product_cat":[67,1592],"product_tag":[149,1593],"class_list":{"0":"post-21415","1":"product","2":"type-product","3":"status-publish","4":"has-post-thumbnail","6":"product_cat-candlejars","7":"product_cat-omg-collection","8":"product_tag-black","9":"product_tag-omg","10":"desktop-align-left","11":"tablet-align-left","12":"mobile-align-left","13":"ast-product-gallery-layout-horizontal-slider","14":"ast-product-tabs-layout-horizontal","16":"first","17":"instock","18":"taxable","19":"shipping-taxable","20":"purchasable","21":"product-type-simple"},"acf":[],"yoast_head":"<title>OMG Jar - White &amp; Rose Gold - Antwerp Luxury Candle Supplies<\/title>\n<meta name=\"robots\" content=\"index, follow, max-snippet:-1, max-image-preview:large, max-video-preview:-1\" \/>\n<link rel=\"canonical\" href=\"https:\/\/luxurycandlesupplies.eu\/de\/produkt\/omg-jar-weis-rose-gold\/\" \/>\n<meta property=\"og:locale\" content=\"de_DE\" \/>\n<meta property=\"og:type\" content=\"article\" \/>\n<meta property=\"og:title\" content=\"OMG Jar - White &amp; Rose Gold - Antwerp Luxury Candle Supplies\" \/>\n<meta property=\"og:description\" content=\"Description     As with all our jars, Luxury Candle Supplies\u2019 Glass Range utilises a hand mould production process rather than blown or machine automation \u2013 this ensures our Glass Range are stronger, safer and have greater heat resistance than others on the market.  LCS Glassware are \u2018candle-tested\u2019 in the production phase. This means they\u2019ll have enhanced wax adhesion that other waxes on the market.  Not dishwasher safe, we recommend a damp cloth to wipe any excess dust from the inside only.  &nbsp; SPECIFICATIONS     External Dimensions: 105mm\u00d8 (top) x 88mmH \/\/ approx. 120mm\u00d8 (widest point) Inner Dimensions: 100mm\u00d8 (top) x 80mmH Vessel capacity: 600ml Vessel weight: 320g  Suggested wick size*:\u00a0Double-wick 2 x LCS55 *Please note, we recommend users conduct their own wick tests with different blends of wax and oil that they intend to use. Suggested packaging: N\/A  Available in single units. Carton size: 18 units  Please note, product photo may differ from actual item in terms of colour due to lighting and\/or manufacturing. Each vessel will be distinctively patterned.\" \/>\n<meta property=\"og:url\" content=\"https:\/\/luxurycandlesupplies.eu\/de\/produkt\/omg-jar-weis-rose-gold\/\" \/>\n<meta property=\"og:site_name\" content=\"Antwerp Luxury Candle Supplies\" \/>\n<meta property=\"article:publisher\" content=\"https:\/\/www.facebook.com\/Antwerpluxurycandlesupplies\/\" \/>\n<meta property=\"article:modified_time\" content=\"2026-05-05T11:00:29+00:00\" \/>\n<meta property=\"og:image\" content=\"https:\/\/luxurycandlesupplies.eu\/app\/uploads\/2025\/06\/I6A5507-web.jpg\" \/>\n\t<meta property=\"og:image:width\" content=\"2000\" \/>\n\t<meta property=\"og:image:height\" content=\"2000\" \/>\n\t<meta property=\"og:image:type\" content=\"image\/jpeg\" \/>\n<meta name=\"twitter:card\" content=\"summary_large_image\" \/>\n<meta name=\"twitter:label1\" content=\"Gesch\u00e4tzte Lesezeit\" \/>\n\t<meta name=\"twitter:data1\" content=\"1 minute\" \/>\n<script type=\"application\/ld+json\" class=\"yoast-schema-graph\">{\"@context\":\"https:\\\/\\\/schema.org\",\"@graph\":[{\"@type\":\"WebPage\",\"@id\":\"https:\\\/\\\/luxurycandlesupplies.eu\\\/product\\\/omg-jar-white-rose-gold\\\/\",\"url\":\"https:\\\/\\\/luxurycandlesupplies.eu\\\/product\\\/omg-jar-white-rose-gold\\\/\",\"name\":\"OMG Jar - White & Rose Gold - Antwerp Luxury Candle Supplies\",\"isPartOf\":{\"@id\":\"https:\\\/\\\/luxurycandlesupplies.eu\\\/#website\"},\"primaryImageOfPage\":{\"@id\":\"https:\\\/\\\/luxurycandlesupplies.eu\\\/product\\\/omg-jar-white-rose-gold\\\/#primaryimage\"},\"image\":{\"@id\":\"https:\\\/\\\/luxurycandlesupplies.eu\\\/product\\\/omg-jar-white-rose-gold\\\/#primaryimage\"},\"thumbnailUrl\":\"https:\\\/\\\/luxurycandlesupplies.eu\\\/app\\\/uploads\\\/2025\\\/06\\\/I6A5507-web.jpg\",\"datePublished\":\"2025-06-12T07:22:39+00:00\",\"dateModified\":\"2026-05-05T11:00:29+00:00\",\"breadcrumb\":{\"@id\":\"https:\\\/\\\/luxurycandlesupplies.eu\\\/product\\\/omg-jar-white-rose-gold\\\/#breadcrumb\"},\"inLanguage\":\"de-DE\",\"potentialAction\":[{\"@type\":\"ReadAction\",\"target\":[\"https:\\\/\\\/luxurycandlesupplies.eu\\\/product\\\/omg-jar-white-rose-gold\\\/\"]}]},{\"@type\":\"ImageObject\",\"inLanguage\":\"de-DE\",\"@id\":\"https:\\\/\\\/luxurycandlesupplies.eu\\\/product\\\/omg-jar-white-rose-gold\\\/#primaryimage\",\"url\":\"https:\\\/\\\/luxurycandlesupplies.eu\\\/app\\\/uploads\\\/2025\\\/06\\\/I6A5507-web.jpg\",\"contentUrl\":\"https:\\\/\\\/luxurycandlesupplies.eu\\\/app\\\/uploads\\\/2025\\\/06\\\/I6A5507-web.jpg\",\"width\":2000,\"height\":2000},{\"@type\":\"BreadcrumbList\",\"@id\":\"https:\\\/\\\/luxurycandlesupplies.eu\\\/product\\\/omg-jar-white-rose-gold\\\/#breadcrumb\",\"itemListElement\":[{\"@type\":\"ListItem\",\"position\":1,\"name\":\"Home\",\"item\":\"https:\\\/\\\/luxurycandlesupplies.eu\\\/\"},{\"@type\":\"ListItem\",\"position\":2,\"name\":\"Shop\",\"item\":\"https:\\\/\\\/luxurycandlesupplies.eu\\\/shop\\\/\"},{\"@type\":\"ListItem\",\"position\":3,\"name\":\"OMG Jar &#8211; White &#038; Rose Gold\"}]},{\"@type\":\"WebSite\",\"@id\":\"https:\\\/\\\/luxurycandlesupplies.eu\\\/#website\",\"url\":\"https:\\\/\\\/luxurycandlesupplies.eu\\\/\",\"name\":\"Antwerp Luxury Candle Supplies\",\"description\":\"Distributor of all seasons soy wax\",\"publisher\":{\"@id\":\"https:\\\/\\\/luxurycandlesupplies.eu\\\/#organization\"},\"potentialAction\":[{\"@type\":\"SearchAction\",\"target\":{\"@type\":\"EntryPoint\",\"urlTemplate\":\"https:\\\/\\\/luxurycandlesupplies.eu\\\/?s={search_term_string}\"},\"query-input\":{\"@type\":\"PropertyValueSpecification\",\"valueRequired\":true,\"valueName\":\"search_term_string\"}}],\"inLanguage\":\"de-DE\"},{\"@type\":\"Organization\",\"@id\":\"https:\\\/\\\/luxurycandlesupplies.eu\\\/#organization\",\"name\":\"Antwerp Luxury Candle Supplies\",\"url\":\"https:\\\/\\\/luxurycandlesupplies.eu\\\/\",\"logo\":{\"@type\":\"ImageObject\",\"inLanguage\":\"de-DE\",\"@id\":\"https:\\\/\\\/luxurycandlesupplies.eu\\\/#\\\/schema\\\/logo\\\/image\\\/\",\"url\":\"https:\\\/\\\/luxurycandlesupplies.eu\\\/app\\\/uploads\\\/2022\\\/03\\\/antwerp-luxury-candle-supplies-1x.png\",\"contentUrl\":\"https:\\\/\\\/luxurycandlesupplies.eu\\\/app\\\/uploads\\\/2022\\\/03\\\/antwerp-luxury-candle-supplies-1x.png\",\"width\":330,\"height\":60,\"caption\":\"Antwerp Luxury Candle Supplies\"},\"image\":{\"@id\":\"https:\\\/\\\/luxurycandlesupplies.eu\\\/#\\\/schema\\\/logo\\\/image\\\/\"},\"sameAs\":[\"https:\\\/\\\/www.facebook.com\\\/Antwerpluxurycandlesupplies\\\/\",\"https:\\\/\\\/www.instagram.com\\\/antwerp_luxury_candle_supplies\\\/\",\"https:\\\/\\\/pin.it\\\/7joOXRW\"]}]}<\/script>","yoast_head_json":{"title":"OMG Glas - Wei\u00df &amp; Rose Gold - Antwerp Luxury Candle Supplies","robots":{"index":"index","follow":"follow","max-snippet":"max-snippet:-1","max-image-preview":"max-image-preview:large","max-video-preview":"max-video-preview:-1"},"canonical":"https:\/\/luxurycandlesupplies.eu\/de\/produkt\/omg-jar-weis-rose-gold\/","og_locale":"de_DE","og_type":"article","og_title":"OMG Jar - White & Rose Gold - Antwerp Luxury Candle Supplies","og_description":"Description     As with all our jars, Luxury Candle Supplies\u2019 Glass Range utilises a hand mould production process rather than blown or machine automation \u2013 this ensures our Glass Range are stronger, safer and have greater heat resistance than others on the market.  LCS Glassware are \u2018candle-tested\u2019 in the production phase. This means they\u2019ll have enhanced wax adhesion that other waxes on the market.  Not dishwasher safe, we recommend a damp cloth to wipe any excess dust from the inside only.  &nbsp; SPECIFICATIONS     External Dimensions: 105mm\u00d8 (top) x 88mmH \/\/ approx. 120mm\u00d8 (widest point) Inner Dimensions: 100mm\u00d8 (top) x 80mmH Vessel capacity: 600ml Vessel weight: 320g  Suggested wick size*:\u00a0Double-wick 2 x LCS55 *Please note, we recommend users conduct their own wick tests with different blends of wax and oil that they intend to use. Suggested packaging: N\/A  Available in single units. Carton size: 18 units  Please note, product photo may differ from actual item in terms of colour due to lighting and\/or manufacturing. Each vessel will be distinctively patterned.","og_url":"https:\/\/luxurycandlesupplies.eu\/de\/produkt\/omg-jar-weis-rose-gold\/","og_site_name":"Antwerp Luxury Candle Supplies","article_publisher":"https:\/\/www.facebook.com\/Antwerpluxurycandlesupplies\/","article_modified_time":"2026-05-05T11:00:29+00:00","og_image":[{"width":2000,"height":2000,"url":"https:\/\/luxurycandlesupplies.eu\/app\/uploads\/2025\/06\/I6A5507-web.jpg","type":"image\/jpeg"}],"twitter_card":"summary_large_image","twitter_misc":{"Gesch\u00e4tzte Lesezeit":"1 minute"},"schema":{"@context":"https:\/\/schema.org","@graph":[{"@type":"WebPage","@id":"https:\/\/luxurycandlesupplies.eu\/product\/omg-jar-white-rose-gold\/","url":"https:\/\/luxurycandlesupplies.eu\/product\/omg-jar-white-rose-gold\/","name":"OMG Glas - Wei\u00df &amp; Rose Gold - Antwerp Luxury Candle Supplies","isPartOf":{"@id":"https:\/\/luxurycandlesupplies.eu\/#website"},"primaryImageOfPage":{"@id":"https:\/\/luxurycandlesupplies.eu\/product\/omg-jar-white-rose-gold\/#primaryimage"},"image":{"@id":"https:\/\/luxurycandlesupplies.eu\/product\/omg-jar-white-rose-gold\/#primaryimage"},"thumbnailUrl":"https:\/\/luxurycandlesupplies.eu\/app\/uploads\/2025\/06\/I6A5507-web.jpg","datePublished":"2025-06-12T07:22:39+00:00","dateModified":"2026-05-05T11:00:29+00:00","breadcrumb":{"@id":"https:\/\/luxurycandlesupplies.eu\/product\/omg-jar-white-rose-gold\/#breadcrumb"},"inLanguage":"de-DE","potentialAction":[{"@type":"ReadAction","target":["https:\/\/luxurycandlesupplies.eu\/product\/omg-jar-white-rose-gold\/"]}]},{"@type":"ImageObject","inLanguage":"de-DE","@id":"https:\/\/luxurycandlesupplies.eu\/product\/omg-jar-white-rose-gold\/#primaryimage","url":"https:\/\/luxurycandlesupplies.eu\/app\/uploads\/2025\/06\/I6A5507-web.jpg","contentUrl":"https:\/\/luxurycandlesupplies.eu\/app\/uploads\/2025\/06\/I6A5507-web.jpg","width":2000,"height":2000},{"@type":"BreadcrumbList","@id":"https:\/\/luxurycandlesupplies.eu\/product\/omg-jar-white-rose-gold\/#breadcrumb","itemListElement":[{"@type":"ListItem","position":1,"name":"Home","item":"https:\/\/luxurycandlesupplies.eu\/"},{"@type":"ListItem","position":2,"name":"Shop","item":"https:\/\/luxurycandlesupplies.eu\/shop\/"},{"@type":"ListItem","position":3,"name":"OMG Jar &#8211; White &#038; Rose Gold"}]},{"@type":"WebSite","@id":"https:\/\/luxurycandlesupplies.eu\/#website","url":"https:\/\/luxurycandlesupplies.eu\/","name":"Antwerpener Luxus-Kerzen-Bedarf","description":"Vertreiber von Sojawachs f\u00fcr alle Jahreszeiten","publisher":{"@id":"https:\/\/luxurycandlesupplies.eu\/#organization"},"potentialAction":[{"@type":"SearchAction","target":{"@type":"EntryPoint","urlTemplate":"https:\/\/luxurycandlesupplies.eu\/?s={search_term_string}"},"query-input":{"@type":"PropertyValueSpecification","valueRequired":true,"valueName":"search_term_string"}}],"inLanguage":"de-DE"},{"@type":"Organization","@id":"https:\/\/luxurycandlesupplies.eu\/#organization","name":"Antwerpener Luxus-Kerzen-Bedarf","url":"https:\/\/luxurycandlesupplies.eu\/","logo":{"@type":"ImageObject","inLanguage":"de-DE","@id":"https:\/\/luxurycandlesupplies.eu\/#\/schema\/logo\/image\/","url":"https:\/\/luxurycandlesupplies.eu\/app\/uploads\/2022\/03\/antwerp-luxury-candle-supplies-1x.png","contentUrl":"https:\/\/luxurycandlesupplies.eu\/app\/uploads\/2022\/03\/antwerp-luxury-candle-supplies-1x.png","width":330,"height":60,"caption":"Antwerp Luxury Candle Supplies"},"image":{"@id":"https:\/\/luxurycandlesupplies.eu\/#\/schema\/logo\/image\/"},"sameAs":["https:\/\/www.facebook.com\/Antwerpluxurycandlesupplies\/","https:\/\/www.instagram.com\/antwerp_luxury_candle_supplies\/","https:\/\/pin.it\/7joOXRW"]}]}},"_links":{"self":[{"href":"https:\/\/luxurycandlesupplies.eu\/de\/wp-json\/wp\/v2\/product\/21415","targetHints":{"allow":["GET"]}}],"collection":[{"href":"https:\/\/luxurycandlesupplies.eu\/de\/wp-json\/wp\/v2\/product"}],"about":[{"href":"https:\/\/luxurycandlesupplies.eu\/de\/wp-json\/wp\/v2\/types\/product"}],"wp:featuredmedia":[{"embeddable":true,"href":"https:\/\/luxurycandlesupplies.eu\/de\/wp-json\/wp\/v2\/media\/30329"}],"wp:attachment":[{"href":"https:\/\/luxurycandlesupplies.eu\/de\/wp-json\/wp\/v2\/media?parent=21415"}],"wp:term":[{"taxonomy":"product_brand","embeddable":true,"href":"https:\/\/luxurycandlesupplies.eu\/de\/wp-json\/wp\/v2\/product_brand?post=21415"},{"taxonomy":"product_cat","embeddable":true,"href":"https:\/\/luxurycandlesupplies.eu\/de\/wp-json\/wp\/v2\/product_cat?post=21415"},{"taxonomy":"product_tag","embeddable":true,"href":"https:\/\/luxurycandlesupplies.eu\/de\/wp-json\/wp\/v2\/product_tag?post=21415"}],"curies":[{"name":"wp","href":"https:\/\/api.w.org\/{rel}","templated":true}]}}