{"id":21605,"date":"2025-06-24T11:50:52","date_gmt":"2025-06-24T09:50:52","guid":{"rendered":"https:\/\/luxurycandlesupplies.eu\/?post_type=product&#038;p=21605"},"modified":"2026-04-21T15:33:16","modified_gmt":"2026-04-21T13:33:16","slug":"demineralisiertes-wasser","status":"publish","type":"product","link":"https:\/\/luxurycandlesupplies.eu\/de\/product\/demineralised-water\/","title":{"rendered":"Demineralisiertes Wasser"},"content":{"rendered":"<h3>BESCHREIBUNG<\/h3>\n<div>\n<p>&nbsp;<\/p>\n<h2>Demineralisiertes Wasser<\/h2>\n<h6><em>Die reine Basis f\u00fcr Ihre Raumsprays<\/em><\/h6>\n<p>&nbsp;<\/p>\n<\/div>\n<p data-start=\"178\" data-end=\"386\">Sie m\u00f6chten hochwertige Raumsprays herstellen? Beginnen Sie mit der richtigen Basis.<br data-start=\"248\" data-end=\"251\" \/>Unser <strong data-start=\"255\" data-end=\"278\">demineralisiertes Wasser<\/strong> ist v\u00f6llig frei von Mineralien und Verunreinigungen und damit die ideale Wahl f\u00fcr eine saubere und stabile Formel.<\/p>\n<p data-start=\"388\" data-end=\"540\">Warum das wichtig ist:<br data-start=\"403\" data-end=\"406\" \/>\u2714\ufe0f Verhindert Tr\u00fcbungen und Ablagerungen<br data-start=\"441\" data-end=\"444\" \/>\u2714\ufe0f Sch\u00fctzt Ihre Spr\u00fchd\u00fcsen vor Verstopfung<br data-start=\"488\" data-end=\"491\" \/>\u2714\ufe0f Sorgt f\u00fcr ein perfektes Gleichgewicht Ihrer Duft\u00f6le<\/p>\n<p data-start=\"542\" data-end=\"724\">Im Gegensatz zu Leitungswasser oder sogar destilliertem Wasser beeintr\u00e4chtigt demineralisiertes Wasser weder den Duft noch die Haltbarkeit Ihrer Sprays. Es ist der professionelle Standard f\u00fcr Heimduftprodukte.<\/p>\n<p data-start=\"726\" data-end=\"780\"><strong data-start=\"726\" data-end=\"780\">Ein Muss f\u00fcr jeden Kerzen- und Raumsprayhersteller.<\/strong><\/p>\n<div>\n<p>&nbsp;<\/p>\n<\/div>\n<h2>ZUS\u00c4TZLICHE RESSOURCEN<\/h2>\n<p>&nbsp;<\/p>\n<p><a href=\"https:\/\/luxurycandlesupplies.eu\/app\/uploads\/2025\/06\/SDS-Demineralized-Water.pdf\">SDS Demineralisiertes Wasser<\/a><\/p>\n<p>&nbsp;<\/p>\n<p>&nbsp;<\/p>\n<h2 class=\"\" data-start=\"264\" data-end=\"331\"><strong data-start=\"267\" data-end=\"331\">Wie man ein Raumspray herstellt<\/strong><\/h2>\n<hr class=\"\" data-start=\"1208\" data-end=\"1211\" \/>\n<h3 class=\"\" data-start=\"1213\" data-end=\"1258\"><strong data-start=\"1220\" data-end=\"1258\">Raumspray auf Alkoholbasis<\/strong><\/h3>\n<p class=\"\" data-start=\"1260\" data-end=\"1395\"><strong data-start=\"1260\" data-end=\"1314\">Ideal f\u00fcr einen st\u00e4rkeren Duftaussto\u00df und ein klares Finish.<\/strong><br data-start=\"1314\" data-end=\"1317\" \/>Polysorbat 20 tr\u00e4gt zur L\u00f6slichkeit des Duftes bei und sorgt f\u00fcr langfristige Stabilit\u00e4t.<\/p>\n<p class=\"\" data-start=\"1397\" data-end=\"1428\"><strong data-start=\"1397\" data-end=\"1428\">Zutaten (100 ml insgesamt):<\/strong><\/p>\n<p>50 ml demineralisiertes Wasser (50%)<br data-start=\"167\" data-end=\"170\" \/>20 ml Parf\u00fcmierungsalkohol (20%)<br data-start=\"200\" data-end=\"203\" \/>20 ml Parf\u00fcm\u00f6l (20%)<br data-start=\"228\" data-end=\"231\" \/>10 ml Polysorbat 20 (10%)<\/p>\n<p data-start=\"83\" data-end=\"100\"><strong data-start=\"83\" data-end=\"100\">Anweisungen:<\/strong><\/p>\n<ol data-start=\"102\" data-end=\"494\" data-is-last-node=\"\" data-is-only-node=\"\">\n<li data-start=\"102\" data-end=\"205\">\n<p data-start=\"105\" data-end=\"205\">Mischen Sie die F<strong data-start=\"115\" data-end=\"152\">Parf\u00fcm\u00f6l mit Polysorbat 20<\/strong> bis die Mischung gleichm\u00e4\u00dfig und vollst\u00e4ndig emulgiert ist.<\/p>\n<\/li>\n<li data-start=\"206\" data-end=\"261\">\n<p data-start=\"209\" data-end=\"261\">F\u00fcgen Sie die <strong data-start=\"217\" data-end=\"239\">Parf\u00fcm-Alkohol<\/strong> und gr\u00fcndlich mischen.<\/p>\n<\/li>\n<li data-start=\"262\" data-end=\"339\">\n<p data-start=\"265\" data-end=\"339\">F\u00fcgen Sie langsam die <strong data-start=\"280\" data-end=\"303\">Demineralisiertes Wasser<\/strong> unter vorsichtigem R\u00fchren vermengen.<\/p>\n<\/li>\n<li data-start=\"340\" data-end=\"424\">\n<p data-start=\"343\" data-end=\"424\">Die Mischung ruhen lassen f\u00fcr <strong data-start=\"368\" data-end=\"386\">24 bis 48 Stunden<\/strong> um die Klarheit und Stabilit\u00e4t zu \u00fcberpr\u00fcfen.<\/p>\n<\/li>\n<li data-start=\"425\" data-end=\"494\" data-is-last-node=\"\">\n<p data-start=\"428\" data-end=\"494\" data-is-last-node=\"\">Sobald es stabil ist, in eine saubere Spr\u00fchflasche f\u00fcllen und entsprechend beschriften.<\/p>\n<\/li>\n<\/ol>\n<hr class=\"\" data-start=\"1755\" data-end=\"1758\" \/>\n<h3 class=\"\" data-start=\"1760\" data-end=\"1776\">Tipp:<\/h3>\n<p>Testen Sie immer zuerst in kleinem Ma\u00dfstab!<\/p>\n<p>&nbsp;<\/p>","protected":false},"excerpt":{"rendered":"<h3>BESCHREIBUNG<\/h3>\n<p>&nbsp;<\/p>\n<div>\n<h5>Demineralisiertes Wasser<\/h5>\n<h6><em>Die reine Basis f\u00fcr Ihre Raumsprays<\/em><\/h6>\n<p>&nbsp;<\/p>\n<\/div>\n<p data-start=\"178\" data-end=\"386\">Sie m\u00f6chten hochwertige Raumsprays herstellen? Beginnen Sie mit der richtigen Basis.<br data-start=\"248\" data-end=\"251\" \/>Unser <strong data-start=\"255\" data-end=\"278\">demineralisiertes Wasser<\/strong> ist v\u00f6llig frei von Mineralien und Verunreinigungen und damit die ideale Wahl f\u00fcr eine saubere und stabile Formel.<\/p>\n<p data-start=\"388\" data-end=\"540\">Warum das wichtig ist:<br data-start=\"403\" data-end=\"406\" \/>\u2714\ufe0f Verhindert Tr\u00fcbungen und Ablagerungen<br data-start=\"441\" data-end=\"444\" \/>\u2714\ufe0f Sch\u00fctzt Ihre Spr\u00fchd\u00fcsen vor Verstopfung<br data-start=\"488\" data-end=\"491\" \/>\u2714\ufe0f Sorgt f\u00fcr ein perfektes Gleichgewicht Ihrer Duft\u00f6le<\/p>\n<p data-start=\"542\" data-end=\"724\">Im Gegensatz zu Leitungswasser oder sogar destilliertem Wasser beeintr\u00e4chtigt demineralisiertes Wasser weder den Duft noch die Haltbarkeit Ihrer Sprays. Es ist der professionelle Standard f\u00fcr Heimduftprodukte.<\/p>\n<p data-start=\"726\" data-end=\"780\"><strong data-start=\"726\" data-end=\"780\">Ein Muss f\u00fcr jeden Kerzen- und Raumsprayhersteller.<\/strong><\/p>\n<div>\n<p>&nbsp;<\/p>\n<\/div>","protected":false},"featured_media":21611,"template":"","meta":{"_acf_changed":false,"site-sidebar-layout":"default","site-content-layout":"default","ast-site-content-layout":"default","site-content-style":"default","site-sidebar-style":"default","ast-global-header-display":"","ast-banner-title-visibility":"","ast-main-header-display":"","ast-hfb-above-header-display":"","ast-hfb-below-header-display":"","ast-hfb-mobile-header-display":"","site-post-title":"","ast-breadcrumbs-content":"","ast-featured-img":"","footer-sml-layout":"","ast-disable-related-posts":"","theme-transparent-header-meta":"default","adv-header-id-meta":"","stick-header-meta":"","header-above-stick-meta":"","header-main-stick-meta":"","header-below-stick-meta":"","astra-migrate-meta-layouts":"set","ast-page-background-enabled":"default","ast-page-background-meta":{"desktop":{"background-color":"","background-image":"","background-repeat":"repeat","background-position":"center center","background-size":"auto","background-attachment":"scroll","background-type":"","background-media":"","overlay-type":"","overlay-color":"","overlay-opacity":"","overlay-gradient":""},"tablet":{"background-color":"","background-image":"","background-repeat":"repeat","background-position":"center center","background-size":"auto","background-attachment":"scroll","background-type":"","background-media":"","overlay-type":"","overlay-color":"","overlay-opacity":"","overlay-gradient":""},"mobile":{"background-color":"","background-image":"","background-repeat":"repeat","background-position":"center center","background-size":"auto","background-attachment":"scroll","background-type":"","background-media":"","overlay-type":"","overlay-color":"","overlay-opacity":"","overlay-gradient":""}},"ast-content-background-meta":{"desktop":{"background-color":"var(--ast-global-color-5)","background-image":"","background-repeat":"repeat","background-position":"center center","background-size":"auto","background-attachment":"scroll","background-type":"","background-media":"","overlay-type":"","overlay-color":"","overlay-opacity":"","overlay-gradient":""},"tablet":{"background-color":"var(--ast-global-color-5)","background-image":"","background-repeat":"repeat","background-position":"center center","background-size":"auto","background-attachment":"scroll","background-type":"","background-media":"","overlay-type":"","overlay-color":"","overlay-opacity":"","overlay-gradient":""},"mobile":{"background-color":"var(--ast-global-color-5)","background-image":"","background-repeat":"repeat","background-position":"center center","background-size":"auto","background-attachment":"scroll","background-type":"","background-media":"","overlay-type":"","overlay-color":"","overlay-opacity":"","overlay-gradient":""}}},"product_brand":[],"product_cat":[1329,1644,1716,1652,1647],"product_tag":[1654],"class_list":{"0":"post-21605","1":"product","2":"type-product","3":"status-publish","4":"has-post-thumbnail","6":"product_cat-diffusers","7":"product_cat-fragrance-bases","8":"product_cat-laundry-scent-booster","9":"product_cat-room-spray-bases","10":"product_cat-room-sprays","11":"product_tag-room-spray","12":"desktop-align-left","13":"tablet-align-left","14":"mobile-align-left","15":"ast-product-gallery-layout-horizontal-slider","16":"ast-product-single-variable","17":"ast-product-tabs-layout-horizontal","19":"first","20":"instock","21":"taxable","22":"shipping-taxable","23":"purchasable","24":"product-type-variable"},"acf":[],"yoast_head":"<title>Demineralised Water - Antwerp Luxury Candle Supplies<\/title>\n<meta name=\"robots\" content=\"index, follow, max-snippet:-1, max-image-preview:large, max-video-preview:-1\" \/>\n<link rel=\"canonical\" href=\"https:\/\/luxurycandlesupplies.eu\/de\/produkt\/demineralisiertes-wasser\/\" \/>\n<meta property=\"og:locale\" content=\"de_DE\" \/>\n<meta property=\"og:type\" content=\"article\" \/>\n<meta property=\"og:title\" content=\"Demineralised Water - Antwerp Luxury Candle Supplies\" \/>\n<meta property=\"og:description\" content=\"DESCRIPTION &nbsp;  Demineralised Water The Pure Base for Your Room Sprays &nbsp;   Looking to create high-quality room sprays? Start with the right base.Our demineralised water is completely free from minerals and impurities, making it the ideal choice for a clean and stable formula. Why it matters:\u2714\ufe0f Prevents cloudiness and sediment\u2714\ufe0f Protects your spray nozzles from clogging\u2714\ufe0f Keeps your fragrance oils perfectly balanced Unlike tap water or even distilled water, demineralised water won\u2019t interfere with the scent or shelf life of your sprays. It\u2019s the professional standard for home fragrance products. A must-have for every candle and room spray maker.    &nbsp;\" \/>\n<meta property=\"og:url\" content=\"https:\/\/luxurycandlesupplies.eu\/de\/produkt\/demineralisiertes-wasser\/\" \/>\n<meta property=\"og:site_name\" content=\"Antwerp Luxury Candle Supplies\" \/>\n<meta property=\"article:publisher\" content=\"https:\/\/www.facebook.com\/Antwerpluxurycandlesupplies\/\" \/>\n<meta property=\"article:modified_time\" content=\"2026-04-21T13:33:16+00:00\" \/>\n<meta property=\"og:image\" content=\"https:\/\/luxurycandlesupplies.eu\/app\/uploads\/2025\/06\/Ontwerp-zonder-titel-9.jpg\" \/>\n\t<meta property=\"og:image:width\" content=\"1080\" \/>\n\t<meta property=\"og:image:height\" content=\"1350\" \/>\n\t<meta property=\"og:image:type\" content=\"image\/jpeg\" \/>\n<meta name=\"twitter:card\" content=\"summary_large_image\" \/>\n<meta name=\"twitter:label1\" content=\"Gesch\u00e4tzte Lesezeit\" \/>\n\t<meta name=\"twitter:data1\" content=\"2 minutes\" \/>\n<script type=\"application\/ld+json\" class=\"yoast-schema-graph\">{\"@context\":\"https:\\\/\\\/schema.org\",\"@graph\":[{\"@type\":\"WebPage\",\"@id\":\"https:\\\/\\\/luxurycandlesupplies.eu\\\/product\\\/demineralised-water\\\/\",\"url\":\"https:\\\/\\\/luxurycandlesupplies.eu\\\/product\\\/demineralised-water\\\/\",\"name\":\"Demineralised Water - Antwerp Luxury Candle Supplies\",\"isPartOf\":{\"@id\":\"https:\\\/\\\/luxurycandlesupplies.eu\\\/#website\"},\"primaryImageOfPage\":{\"@id\":\"https:\\\/\\\/luxurycandlesupplies.eu\\\/product\\\/demineralised-water\\\/#primaryimage\"},\"image\":{\"@id\":\"https:\\\/\\\/luxurycandlesupplies.eu\\\/product\\\/demineralised-water\\\/#primaryimage\"},\"thumbnailUrl\":\"https:\\\/\\\/luxurycandlesupplies.eu\\\/app\\\/uploads\\\/2025\\\/06\\\/Ontwerp-zonder-titel-9.jpg\",\"datePublished\":\"2025-06-24T09:50:52+00:00\",\"dateModified\":\"2026-04-21T13:33:16+00:00\",\"breadcrumb\":{\"@id\":\"https:\\\/\\\/luxurycandlesupplies.eu\\\/product\\\/demineralised-water\\\/#breadcrumb\"},\"inLanguage\":\"de-DE\",\"potentialAction\":[{\"@type\":\"ReadAction\",\"target\":[\"https:\\\/\\\/luxurycandlesupplies.eu\\\/product\\\/demineralised-water\\\/\"]}]},{\"@type\":\"ImageObject\",\"inLanguage\":\"de-DE\",\"@id\":\"https:\\\/\\\/luxurycandlesupplies.eu\\\/product\\\/demineralised-water\\\/#primaryimage\",\"url\":\"https:\\\/\\\/luxurycandlesupplies.eu\\\/app\\\/uploads\\\/2025\\\/06\\\/Ontwerp-zonder-titel-9.jpg\",\"contentUrl\":\"https:\\\/\\\/luxurycandlesupplies.eu\\\/app\\\/uploads\\\/2025\\\/06\\\/Ontwerp-zonder-titel-9.jpg\",\"width\":1080,\"height\":1350},{\"@type\":\"BreadcrumbList\",\"@id\":\"https:\\\/\\\/luxurycandlesupplies.eu\\\/product\\\/demineralised-water\\\/#breadcrumb\",\"itemListElement\":[{\"@type\":\"ListItem\",\"position\":1,\"name\":\"Home\",\"item\":\"https:\\\/\\\/luxurycandlesupplies.eu\\\/\"},{\"@type\":\"ListItem\",\"position\":2,\"name\":\"Shop\",\"item\":\"https:\\\/\\\/luxurycandlesupplies.eu\\\/shop\\\/\"},{\"@type\":\"ListItem\",\"position\":3,\"name\":\"Demineralised Water\"}]},{\"@type\":\"WebSite\",\"@id\":\"https:\\\/\\\/luxurycandlesupplies.eu\\\/#website\",\"url\":\"https:\\\/\\\/luxurycandlesupplies.eu\\\/\",\"name\":\"Antwerp Luxury Candle Supplies\",\"description\":\"Distributor of all seasons soy wax\",\"publisher\":{\"@id\":\"https:\\\/\\\/luxurycandlesupplies.eu\\\/#organization\"},\"potentialAction\":[{\"@type\":\"SearchAction\",\"target\":{\"@type\":\"EntryPoint\",\"urlTemplate\":\"https:\\\/\\\/luxurycandlesupplies.eu\\\/?s={search_term_string}\"},\"query-input\":{\"@type\":\"PropertyValueSpecification\",\"valueRequired\":true,\"valueName\":\"search_term_string\"}}],\"inLanguage\":\"de-DE\"},{\"@type\":\"Organization\",\"@id\":\"https:\\\/\\\/luxurycandlesupplies.eu\\\/#organization\",\"name\":\"Antwerp Luxury Candle Supplies\",\"url\":\"https:\\\/\\\/luxurycandlesupplies.eu\\\/\",\"logo\":{\"@type\":\"ImageObject\",\"inLanguage\":\"de-DE\",\"@id\":\"https:\\\/\\\/luxurycandlesupplies.eu\\\/#\\\/schema\\\/logo\\\/image\\\/\",\"url\":\"https:\\\/\\\/luxurycandlesupplies.eu\\\/app\\\/uploads\\\/2022\\\/03\\\/antwerp-luxury-candle-supplies-1x.png\",\"contentUrl\":\"https:\\\/\\\/luxurycandlesupplies.eu\\\/app\\\/uploads\\\/2022\\\/03\\\/antwerp-luxury-candle-supplies-1x.png\",\"width\":330,\"height\":60,\"caption\":\"Antwerp Luxury Candle Supplies\"},\"image\":{\"@id\":\"https:\\\/\\\/luxurycandlesupplies.eu\\\/#\\\/schema\\\/logo\\\/image\\\/\"},\"sameAs\":[\"https:\\\/\\\/www.facebook.com\\\/Antwerpluxurycandlesupplies\\\/\",\"https:\\\/\\\/www.instagram.com\\\/antwerp_luxury_candle_supplies\\\/\",\"https:\\\/\\\/pin.it\\\/7joOXRW\"]}]}<\/script>","yoast_head_json":{"title":"Demineralisiertes Wasser - Antwerp Luxury Candle Supplies","robots":{"index":"index","follow":"follow","max-snippet":"max-snippet:-1","max-image-preview":"max-image-preview:large","max-video-preview":"max-video-preview:-1"},"canonical":"https:\/\/luxurycandlesupplies.eu\/de\/produkt\/demineralisiertes-wasser\/","og_locale":"de_DE","og_type":"article","og_title":"Demineralised Water - Antwerp Luxury Candle Supplies","og_description":"DESCRIPTION &nbsp;  Demineralised Water The Pure Base for Your Room Sprays &nbsp;   Looking to create high-quality room sprays? Start with the right base.Our demineralised water is completely free from minerals and impurities, making it the ideal choice for a clean and stable formula. Why it matters:\u2714\ufe0f Prevents cloudiness and sediment\u2714\ufe0f Protects your spray nozzles from clogging\u2714\ufe0f Keeps your fragrance oils perfectly balanced Unlike tap water or even distilled water, demineralised water won\u2019t interfere with the scent or shelf life of your sprays. It\u2019s the professional standard for home fragrance products. A must-have for every candle and room spray maker.    &nbsp;","og_url":"https:\/\/luxurycandlesupplies.eu\/de\/produkt\/demineralisiertes-wasser\/","og_site_name":"Antwerp Luxury Candle Supplies","article_publisher":"https:\/\/www.facebook.com\/Antwerpluxurycandlesupplies\/","article_modified_time":"2026-04-21T13:33:16+00:00","og_image":[{"width":1080,"height":1350,"url":"https:\/\/luxurycandlesupplies.eu\/app\/uploads\/2025\/06\/Ontwerp-zonder-titel-9.jpg","type":"image\/jpeg"}],"twitter_card":"summary_large_image","twitter_misc":{"Gesch\u00e4tzte Lesezeit":"2 minutes"},"schema":{"@context":"https:\/\/schema.org","@graph":[{"@type":"WebPage","@id":"https:\/\/luxurycandlesupplies.eu\/product\/demineralised-water\/","url":"https:\/\/luxurycandlesupplies.eu\/product\/demineralised-water\/","name":"Demineralisiertes Wasser - Antwerp Luxury Candle Supplies","isPartOf":{"@id":"https:\/\/luxurycandlesupplies.eu\/#website"},"primaryImageOfPage":{"@id":"https:\/\/luxurycandlesupplies.eu\/product\/demineralised-water\/#primaryimage"},"image":{"@id":"https:\/\/luxurycandlesupplies.eu\/product\/demineralised-water\/#primaryimage"},"thumbnailUrl":"https:\/\/luxurycandlesupplies.eu\/app\/uploads\/2025\/06\/Ontwerp-zonder-titel-9.jpg","datePublished":"2025-06-24T09:50:52+00:00","dateModified":"2026-04-21T13:33:16+00:00","breadcrumb":{"@id":"https:\/\/luxurycandlesupplies.eu\/product\/demineralised-water\/#breadcrumb"},"inLanguage":"de-DE","potentialAction":[{"@type":"ReadAction","target":["https:\/\/luxurycandlesupplies.eu\/product\/demineralised-water\/"]}]},{"@type":"ImageObject","inLanguage":"de-DE","@id":"https:\/\/luxurycandlesupplies.eu\/product\/demineralised-water\/#primaryimage","url":"https:\/\/luxurycandlesupplies.eu\/app\/uploads\/2025\/06\/Ontwerp-zonder-titel-9.jpg","contentUrl":"https:\/\/luxurycandlesupplies.eu\/app\/uploads\/2025\/06\/Ontwerp-zonder-titel-9.jpg","width":1080,"height":1350},{"@type":"BreadcrumbList","@id":"https:\/\/luxurycandlesupplies.eu\/product\/demineralised-water\/#breadcrumb","itemListElement":[{"@type":"ListItem","position":1,"name":"Home","item":"https:\/\/luxurycandlesupplies.eu\/"},{"@type":"ListItem","position":2,"name":"Shop","item":"https:\/\/luxurycandlesupplies.eu\/shop\/"},{"@type":"ListItem","position":3,"name":"Demineralised Water"}]},{"@type":"WebSite","@id":"https:\/\/luxurycandlesupplies.eu\/#website","url":"https:\/\/luxurycandlesupplies.eu\/","name":"Antwerpener Luxus-Kerzen-Bedarf","description":"Vertreiber von Sojawachs f\u00fcr alle Jahreszeiten","publisher":{"@id":"https:\/\/luxurycandlesupplies.eu\/#organization"},"potentialAction":[{"@type":"SearchAction","target":{"@type":"EntryPoint","urlTemplate":"https:\/\/luxurycandlesupplies.eu\/?s={search_term_string}"},"query-input":{"@type":"PropertyValueSpecification","valueRequired":true,"valueName":"search_term_string"}}],"inLanguage":"de-DE"},{"@type":"Organization","@id":"https:\/\/luxurycandlesupplies.eu\/#organization","name":"Antwerpener Luxus-Kerzen-Bedarf","url":"https:\/\/luxurycandlesupplies.eu\/","logo":{"@type":"ImageObject","inLanguage":"de-DE","@id":"https:\/\/luxurycandlesupplies.eu\/#\/schema\/logo\/image\/","url":"https:\/\/luxurycandlesupplies.eu\/app\/uploads\/2022\/03\/antwerp-luxury-candle-supplies-1x.png","contentUrl":"https:\/\/luxurycandlesupplies.eu\/app\/uploads\/2022\/03\/antwerp-luxury-candle-supplies-1x.png","width":330,"height":60,"caption":"Antwerp Luxury Candle Supplies"},"image":{"@id":"https:\/\/luxurycandlesupplies.eu\/#\/schema\/logo\/image\/"},"sameAs":["https:\/\/www.facebook.com\/Antwerpluxurycandlesupplies\/","https:\/\/www.instagram.com\/antwerp_luxury_candle_supplies\/","https:\/\/pin.it\/7joOXRW"]}]}},"_links":{"self":[{"href":"https:\/\/luxurycandlesupplies.eu\/de\/wp-json\/wp\/v2\/product\/21605","targetHints":{"allow":["GET"]}}],"collection":[{"href":"https:\/\/luxurycandlesupplies.eu\/de\/wp-json\/wp\/v2\/product"}],"about":[{"href":"https:\/\/luxurycandlesupplies.eu\/de\/wp-json\/wp\/v2\/types\/product"}],"wp:featuredmedia":[{"embeddable":true,"href":"https:\/\/luxurycandlesupplies.eu\/de\/wp-json\/wp\/v2\/media\/21611"}],"wp:attachment":[{"href":"https:\/\/luxurycandlesupplies.eu\/de\/wp-json\/wp\/v2\/media?parent=21605"}],"wp:term":[{"taxonomy":"product_brand","embeddable":true,"href":"https:\/\/luxurycandlesupplies.eu\/de\/wp-json\/wp\/v2\/product_brand?post=21605"},{"taxonomy":"product_cat","embeddable":true,"href":"https:\/\/luxurycandlesupplies.eu\/de\/wp-json\/wp\/v2\/product_cat?post=21605"},{"taxonomy":"product_tag","embeddable":true,"href":"https:\/\/luxurycandlesupplies.eu\/de\/wp-json\/wp\/v2\/product_tag?post=21605"}],"curies":[{"name":"wp","href":"https:\/\/api.w.org\/{rel}","templated":true}]}}