{"id":21791,"date":"2025-07-11T15:10:50","date_gmt":"2025-07-11T13:10:50","guid":{"rendered":"https:\/\/luxurycandlesupplies.eu\/?post_type=product&#038;p=21791"},"modified":"2026-04-28T18:43:10","modified_gmt":"2026-04-28T16:43:10","slug":"duo-geschenkbox-matt-glanzend-schwarz-fur-2x-vogue-urban-s","status":"publish","type":"product","link":"https:\/\/luxurycandlesupplies.eu\/de\/product\/duo-gift-box-matte-gloss-black-for-2x-vogue-urban-s\/","title":{"rendered":"Duo-Geschenkbox - Schwarz matt\/gl\u00e4nzend f\u00fcr 2x Vogue\/urban S"},"content":{"rendered":"<h4>BESCHREIBUNG<\/h4>\n<p>&nbsp;<\/p>\n<div class=\"product info detailed after-content\">\n<div class=\"product data items\">\n<div class=\"product-data-items-content\">\n<div id=\"attributedescription\" class=\"data item content\" role=\"tabpanel\" data-role=\"content\" aria-labelledby=\"tab-label-attributedescription\" aria-hidden=\"false\">\n<div class=\"product attribute description\">\n<div class=\"value\">\n<p>Die Verpackungsoptionen von Antwerp Luxury Candle Supplies sind ein Muss f\u00fcr jedes Unternehmen.<\/p>\n<\/div>\n<p>Der erste Eindruck z\u00e4hlt, also sorgen Sie daf\u00fcr, dass sich Ihre Kunden von dem Moment an, in dem sie ihren Einkauf \u00f6ffnen, in Ihr Parfum verlieben. Diese edle, elegante und robuste Box sch\u00fctzt Ihr Produkt und verleiht dem Empf\u00e4nger ein luxuri\u00f6ses Gef\u00fchl.<\/p>\n<p>Diese Schachtel enth\u00e4lt keine Schaumstoffeinlage. Der entsprechende Einsatz ist:<\/p>\n<p><a href=\"https:\/\/luxurycandlesupplies.eu\/de\/produkt\/schaumstoffeinlage-grose-geschenkbox-schwarz-2\/\">Schaumstoffeinsatz f\u00fcr 2 kleine Vogues oder 2 kleine Urbans<\/a><\/p>\n<p>&nbsp;<\/p>\n<p><strong>Geeignete Gef\u00e4\u00dfe:<\/strong><\/p>\n<p><a href=\"https:\/\/luxurycandlesupplies.eu\/de\/produkt\/vogue-santorini\/\">Klein Vogue<\/a><\/p>\n<p><a href=\"https:\/\/luxurycandlesupplies.eu\/de\/produkt\/urban-klein-eisgrau\/\">Klein Urban<\/a><\/p>\n<div class=\"value\">\n<p>&nbsp;<\/p>\n<p>&nbsp;<\/p>\n<div>\n<h3>SPEZIFIKATIONEN<\/h3>\n<hr \/>\n<div>\n<div><\/div>\n<\/div>\n<p><strong>\u00c4u\u00dfere Abmessungen<\/strong>: 210mmB x 80mmT x 95mmH<br \/>\n<strong>Material<\/strong>: 1.000-GSM-Spanplatte, eingewickelt in 150-GSM-Papier<br \/>\n<strong>Geeignet f\u00fcr<\/strong>: <a href=\"https:\/\/luxurycandlesupplies.eu\/de\/produkt\/urban-klein-glanzend-weis\/\">Klein Urban<\/a> oder <a href=\"https:\/\/luxurycandlesupplies.eu\/de\/produkt\/klein-vogue-glamour-rosa\/\">Klein Vogue<\/a><\/p>\n<p><strong>Menge<\/strong>: Erh\u00e4ltlich als Einzelger\u00e4te<br \/>\n<strong>Gr\u00f6\u00dfe des Kartons:<\/strong>\u00a020 Einheiten<\/p>\n<p><strong>Personalisierung<\/strong>: F\u00fcr kundenspezifische Markenverpackungen - bitte kontaktieren Sie mail@luxurycandlesupplies.eu<\/p>\n<p>&nbsp;<\/p>\n<\/div>\n<\/div>\n<\/div>\n<\/div>\n<\/div>\n<\/div>\n<\/div>","protected":false},"excerpt":{"rendered":"<div>\n<p>&nbsp;<\/p>\n<div>\n<h3>SPEZIFIKATIONEN<\/h3>\n<hr \/>\n<div>\n<div><\/div>\n<\/div>\n<p><strong>\u00c4u\u00dfere Abmessungen<\/strong>: 210mmB x 80mmT x 95mmH<br \/>\n<strong>Material<\/strong>: 1.000-GSM-Spanplatte, eingewickelt in 150-GSM-Papier<br \/>\n<strong>Geeignet f\u00fcr<\/strong>: <a href=\"https:\/\/luxurycandlesupplies.eu\/de\/produkt\/urban-klein-glanzend-weis\/\">Klein Urban<\/a> oder <a href=\"https:\/\/luxurycandlesupplies.eu\/de\/produkt\/klein-vogue-glamour-rosa\/\">Klein Vogue<\/a><\/p>\n<p><strong>Menge<\/strong>: Erh\u00e4ltlich als Einzelger\u00e4te<br \/>\n<strong>Gr\u00f6\u00dfe des Kartons:<\/strong> 10 Einheiten<\/p>\n<p><strong>Personalisierung<\/strong>: F\u00fcr kundenspezifische Markenverpackungen - bitte kontaktieren Sie mail@luxurycandlesupplies.eu<\/p>\n<\/div>\n<\/div>\n<p>&nbsp;<\/p>","protected":false},"featured_media":16584,"template":"","meta":{"_acf_changed":false,"site-sidebar-layout":"default","site-content-layout":"default","ast-site-content-layout":"default","site-content-style":"default","site-sidebar-style":"default","ast-global-header-display":"","ast-banner-title-visibility":"","ast-main-header-display":"","ast-hfb-above-header-display":"","ast-hfb-below-header-display":"","ast-hfb-mobile-header-display":"","site-post-title":"","ast-breadcrumbs-content":"","ast-featured-img":"","footer-sml-layout":"","ast-disable-related-posts":"","theme-transparent-header-meta":"default","adv-header-id-meta":"","stick-header-meta":"","header-above-stick-meta":"","header-main-stick-meta":"","header-below-stick-meta":"","astra-migrate-meta-layouts":"set","ast-page-background-enabled":"default","ast-page-background-meta":{"desktop":{"background-color":"","background-image":"","background-repeat":"repeat","background-position":"center center","background-size":"auto","background-attachment":"scroll","background-type":"","background-media":"","overlay-type":"","overlay-color":"","overlay-opacity":"","overlay-gradient":""},"tablet":{"background-color":"","background-image":"","background-repeat":"repeat","background-position":"center center","background-size":"auto","background-attachment":"scroll","background-type":"","background-media":"","overlay-type":"","overlay-color":"","overlay-opacity":"","overlay-gradient":""},"mobile":{"background-color":"","background-image":"","background-repeat":"repeat","background-position":"center center","background-size":"auto","background-attachment":"scroll","background-type":"","background-media":"","overlay-type":"","overlay-color":"","overlay-opacity":"","overlay-gradient":""}},"ast-content-background-meta":{"desktop":{"background-color":"var(--ast-global-color-5)","background-image":"","background-repeat":"repeat","background-position":"center center","background-size":"auto","background-attachment":"scroll","background-type":"","background-media":"","overlay-type":"","overlay-color":"","overlay-opacity":"","overlay-gradient":""},"tablet":{"background-color":"var(--ast-global-color-5)","background-image":"","background-repeat":"repeat","background-position":"center center","background-size":"auto","background-attachment":"scroll","background-type":"","background-media":"","overlay-type":"","overlay-color":"","overlay-opacity":"","overlay-gradient":""},"mobile":{"background-color":"var(--ast-global-color-5)","background-image":"","background-repeat":"repeat","background-position":"center center","background-size":"auto","background-attachment":"scroll","background-type":"","background-media":"","overlay-type":"","overlay-color":"","overlay-opacity":"","overlay-gradient":""}}},"product_brand":[],"product_cat":[1575,1510],"product_tag":[149,1574,427,1511],"class_list":{"0":"post-21791","1":"product","2":"type-product","3":"status-publish","4":"has-post-thumbnail","6":"product_cat-candle-box","7":"product_cat-packaging","8":"product_tag-black","9":"product_tag-flat-box","10":"product_tag-large","11":"product_tag-packaging","12":"desktop-align-left","13":"tablet-align-left","14":"mobile-align-left","15":"ast-product-gallery-layout-horizontal-slider","16":"ast-product-tabs-layout-horizontal","18":"first","19":"instock","20":"taxable","21":"shipping-taxable","22":"purchasable","23":"product-type-simple"},"acf":[],"yoast_head":"<title>Duo Gift Box \u2013 Matte\/gloss black for 2x Vogue\/urban S - Antwerp Luxury Candle Supplies<\/title>\n<meta name=\"robots\" content=\"index, follow, max-snippet:-1, max-image-preview:large, max-video-preview:-1\" \/>\n<link rel=\"canonical\" href=\"https:\/\/luxurycandlesupplies.eu\/de\/produkt\/duo-geschenkbox-matt-glanzend-schwarz-fur-2x-vogue-urban-s\/\" \/>\n<meta property=\"og:locale\" content=\"de_DE\" \/>\n<meta property=\"og:type\" content=\"article\" \/>\n<meta property=\"og:title\" content=\"Duo Gift Box \u2013 Matte\/gloss black for 2x Vogue\/urban S - Antwerp Luxury Candle Supplies\" \/>\n<meta property=\"og:description\" content=\"&nbsp;  SPECIFICATIONS       Exterior Dimensions: 210mmW x 80mmD x 95mmH Material: 1,000GSM Chipboard wrapped in 150GSM Paper Suitable for: Small Urban or Small Vogue  Qty: Available as single units Carton size: 10 units  Customisation: For customised branded packaging \u2013 please contact mail@luxurycandlesupplies.eu    &nbsp;\" \/>\n<meta property=\"og:url\" content=\"https:\/\/luxurycandlesupplies.eu\/de\/produkt\/duo-geschenkbox-matt-glanzend-schwarz-fur-2x-vogue-urban-s\/\" \/>\n<meta property=\"og:site_name\" content=\"Antwerp Luxury Candle Supplies\" \/>\n<meta property=\"article:publisher\" content=\"https:\/\/www.facebook.com\/Antwerpluxurycandlesupplies\/\" \/>\n<meta property=\"article:modified_time\" content=\"2026-04-28T16:43:10+00:00\" \/>\n<meta property=\"og:image\" content=\"https:\/\/luxurycandlesupplies.eu\/app\/uploads\/2024\/06\/Gift-Box-BLK-Lrg.jpg\" \/>\n\t<meta property=\"og:image:width\" content=\"600\" \/>\n\t<meta property=\"og:image:height\" content=\"500\" \/>\n\t<meta property=\"og:image:type\" content=\"image\/jpeg\" \/>\n<meta name=\"twitter:card\" content=\"summary_large_image\" \/>\n<meta name=\"twitter:label1\" content=\"Gesch\u00e4tzte Lesezeit\" \/>\n\t<meta name=\"twitter:data1\" content=\"1 minute\" \/>\n<script type=\"application\/ld+json\" class=\"yoast-schema-graph\">{\"@context\":\"https:\\\/\\\/schema.org\",\"@graph\":[{\"@type\":\"WebPage\",\"@id\":\"https:\\\/\\\/luxurycandlesupplies.eu\\\/product\\\/duo-gift-box-matte-gloss-black-for-2x-vogue-urban-s\\\/\",\"url\":\"https:\\\/\\\/luxurycandlesupplies.eu\\\/product\\\/duo-gift-box-matte-gloss-black-for-2x-vogue-urban-s\\\/\",\"name\":\"Duo Gift Box \u2013 Matte\\\/gloss black for 2x Vogue\\\/urban S - Antwerp Luxury Candle Supplies\",\"isPartOf\":{\"@id\":\"https:\\\/\\\/luxurycandlesupplies.eu\\\/#website\"},\"primaryImageOfPage\":{\"@id\":\"https:\\\/\\\/luxurycandlesupplies.eu\\\/product\\\/duo-gift-box-matte-gloss-black-for-2x-vogue-urban-s\\\/#primaryimage\"},\"image\":{\"@id\":\"https:\\\/\\\/luxurycandlesupplies.eu\\\/product\\\/duo-gift-box-matte-gloss-black-for-2x-vogue-urban-s\\\/#primaryimage\"},\"thumbnailUrl\":\"https:\\\/\\\/luxurycandlesupplies.eu\\\/app\\\/uploads\\\/2024\\\/06\\\/Gift-Box-BLK-Lrg.jpg\",\"datePublished\":\"2025-07-11T13:10:50+00:00\",\"dateModified\":\"2026-04-28T16:43:10+00:00\",\"breadcrumb\":{\"@id\":\"https:\\\/\\\/luxurycandlesupplies.eu\\\/product\\\/duo-gift-box-matte-gloss-black-for-2x-vogue-urban-s\\\/#breadcrumb\"},\"inLanguage\":\"de-DE\",\"potentialAction\":[{\"@type\":\"ReadAction\",\"target\":[\"https:\\\/\\\/luxurycandlesupplies.eu\\\/product\\\/duo-gift-box-matte-gloss-black-for-2x-vogue-urban-s\\\/\"]}]},{\"@type\":\"ImageObject\",\"inLanguage\":\"de-DE\",\"@id\":\"https:\\\/\\\/luxurycandlesupplies.eu\\\/product\\\/duo-gift-box-matte-gloss-black-for-2x-vogue-urban-s\\\/#primaryimage\",\"url\":\"https:\\\/\\\/luxurycandlesupplies.eu\\\/app\\\/uploads\\\/2024\\\/06\\\/Gift-Box-BLK-Lrg.jpg\",\"contentUrl\":\"https:\\\/\\\/luxurycandlesupplies.eu\\\/app\\\/uploads\\\/2024\\\/06\\\/Gift-Box-BLK-Lrg.jpg\",\"width\":600,\"height\":500},{\"@type\":\"BreadcrumbList\",\"@id\":\"https:\\\/\\\/luxurycandlesupplies.eu\\\/product\\\/duo-gift-box-matte-gloss-black-for-2x-vogue-urban-s\\\/#breadcrumb\",\"itemListElement\":[{\"@type\":\"ListItem\",\"position\":1,\"name\":\"Home\",\"item\":\"https:\\\/\\\/luxurycandlesupplies.eu\\\/\"},{\"@type\":\"ListItem\",\"position\":2,\"name\":\"Shop\",\"item\":\"https:\\\/\\\/luxurycandlesupplies.eu\\\/shop\\\/\"},{\"@type\":\"ListItem\",\"position\":3,\"name\":\"Duo Gift Box \u2013 Matte\\\/gloss black for 2x Vogue\\\/urban S\"}]},{\"@type\":\"WebSite\",\"@id\":\"https:\\\/\\\/luxurycandlesupplies.eu\\\/#website\",\"url\":\"https:\\\/\\\/luxurycandlesupplies.eu\\\/\",\"name\":\"Antwerp Luxury Candle Supplies\",\"description\":\"Distributor of all seasons soy wax\",\"publisher\":{\"@id\":\"https:\\\/\\\/luxurycandlesupplies.eu\\\/#organization\"},\"potentialAction\":[{\"@type\":\"SearchAction\",\"target\":{\"@type\":\"EntryPoint\",\"urlTemplate\":\"https:\\\/\\\/luxurycandlesupplies.eu\\\/?s={search_term_string}\"},\"query-input\":{\"@type\":\"PropertyValueSpecification\",\"valueRequired\":true,\"valueName\":\"search_term_string\"}}],\"inLanguage\":\"de-DE\"},{\"@type\":\"Organization\",\"@id\":\"https:\\\/\\\/luxurycandlesupplies.eu\\\/#organization\",\"name\":\"Antwerp Luxury Candle Supplies\",\"url\":\"https:\\\/\\\/luxurycandlesupplies.eu\\\/\",\"logo\":{\"@type\":\"ImageObject\",\"inLanguage\":\"de-DE\",\"@id\":\"https:\\\/\\\/luxurycandlesupplies.eu\\\/#\\\/schema\\\/logo\\\/image\\\/\",\"url\":\"https:\\\/\\\/luxurycandlesupplies.eu\\\/app\\\/uploads\\\/2022\\\/03\\\/antwerp-luxury-candle-supplies-1x.png\",\"contentUrl\":\"https:\\\/\\\/luxurycandlesupplies.eu\\\/app\\\/uploads\\\/2022\\\/03\\\/antwerp-luxury-candle-supplies-1x.png\",\"width\":330,\"height\":60,\"caption\":\"Antwerp Luxury Candle Supplies\"},\"image\":{\"@id\":\"https:\\\/\\\/luxurycandlesupplies.eu\\\/#\\\/schema\\\/logo\\\/image\\\/\"},\"sameAs\":[\"https:\\\/\\\/www.facebook.com\\\/Antwerpluxurycandlesupplies\\\/\",\"https:\\\/\\\/www.instagram.com\\\/antwerp_luxury_candle_supplies\\\/\",\"https:\\\/\\\/pin.it\\\/7joOXRW\"]}]}<\/script>","yoast_head_json":{"title":"Duo-Geschenkbox - Schwarz matt\/gl\u00e4nzend f\u00fcr 2x Vogue\/urban S - Antwerp Luxury Candle Supplies","robots":{"index":"index","follow":"follow","max-snippet":"max-snippet:-1","max-image-preview":"max-image-preview:large","max-video-preview":"max-video-preview:-1"},"canonical":"https:\/\/luxurycandlesupplies.eu\/de\/produkt\/duo-geschenkbox-matt-glanzend-schwarz-fur-2x-vogue-urban-s\/","og_locale":"de_DE","og_type":"article","og_title":"Duo Gift Box \u2013 Matte\/gloss black for 2x Vogue\/urban S - Antwerp Luxury Candle Supplies","og_description":"&nbsp;  SPECIFICATIONS       Exterior Dimensions: 210mmW x 80mmD x 95mmH Material: 1,000GSM Chipboard wrapped in 150GSM Paper Suitable for: Small Urban or Small Vogue  Qty: Available as single units Carton size: 10 units  Customisation: For customised branded packaging \u2013 please contact mail@luxurycandlesupplies.eu    &nbsp;","og_url":"https:\/\/luxurycandlesupplies.eu\/de\/produkt\/duo-geschenkbox-matt-glanzend-schwarz-fur-2x-vogue-urban-s\/","og_site_name":"Antwerp Luxury Candle Supplies","article_publisher":"https:\/\/www.facebook.com\/Antwerpluxurycandlesupplies\/","article_modified_time":"2026-04-28T16:43:10+00:00","og_image":[{"width":600,"height":500,"url":"https:\/\/luxurycandlesupplies.eu\/app\/uploads\/2024\/06\/Gift-Box-BLK-Lrg.jpg","type":"image\/jpeg"}],"twitter_card":"summary_large_image","twitter_misc":{"Gesch\u00e4tzte Lesezeit":"1 minute"},"schema":{"@context":"https:\/\/schema.org","@graph":[{"@type":"WebPage","@id":"https:\/\/luxurycandlesupplies.eu\/product\/duo-gift-box-matte-gloss-black-for-2x-vogue-urban-s\/","url":"https:\/\/luxurycandlesupplies.eu\/product\/duo-gift-box-matte-gloss-black-for-2x-vogue-urban-s\/","name":"Duo-Geschenkbox - Schwarz matt\/gl\u00e4nzend f\u00fcr 2x Vogue\/urban S - Antwerp Luxury Candle Supplies","isPartOf":{"@id":"https:\/\/luxurycandlesupplies.eu\/#website"},"primaryImageOfPage":{"@id":"https:\/\/luxurycandlesupplies.eu\/product\/duo-gift-box-matte-gloss-black-for-2x-vogue-urban-s\/#primaryimage"},"image":{"@id":"https:\/\/luxurycandlesupplies.eu\/product\/duo-gift-box-matte-gloss-black-for-2x-vogue-urban-s\/#primaryimage"},"thumbnailUrl":"https:\/\/luxurycandlesupplies.eu\/app\/uploads\/2024\/06\/Gift-Box-BLK-Lrg.jpg","datePublished":"2025-07-11T13:10:50+00:00","dateModified":"2026-04-28T16:43:10+00:00","breadcrumb":{"@id":"https:\/\/luxurycandlesupplies.eu\/product\/duo-gift-box-matte-gloss-black-for-2x-vogue-urban-s\/#breadcrumb"},"inLanguage":"de-DE","potentialAction":[{"@type":"ReadAction","target":["https:\/\/luxurycandlesupplies.eu\/product\/duo-gift-box-matte-gloss-black-for-2x-vogue-urban-s\/"]}]},{"@type":"ImageObject","inLanguage":"de-DE","@id":"https:\/\/luxurycandlesupplies.eu\/product\/duo-gift-box-matte-gloss-black-for-2x-vogue-urban-s\/#primaryimage","url":"https:\/\/luxurycandlesupplies.eu\/app\/uploads\/2024\/06\/Gift-Box-BLK-Lrg.jpg","contentUrl":"https:\/\/luxurycandlesupplies.eu\/app\/uploads\/2024\/06\/Gift-Box-BLK-Lrg.jpg","width":600,"height":500},{"@type":"BreadcrumbList","@id":"https:\/\/luxurycandlesupplies.eu\/product\/duo-gift-box-matte-gloss-black-for-2x-vogue-urban-s\/#breadcrumb","itemListElement":[{"@type":"ListItem","position":1,"name":"Home","item":"https:\/\/luxurycandlesupplies.eu\/"},{"@type":"ListItem","position":2,"name":"Shop","item":"https:\/\/luxurycandlesupplies.eu\/shop\/"},{"@type":"ListItem","position":3,"name":"Duo Gift Box \u2013 Matte\/gloss black for 2x Vogue\/urban S"}]},{"@type":"WebSite","@id":"https:\/\/luxurycandlesupplies.eu\/#website","url":"https:\/\/luxurycandlesupplies.eu\/","name":"Antwerpener Luxus-Kerzen-Bedarf","description":"Vertreiber von Sojawachs f\u00fcr alle Jahreszeiten","publisher":{"@id":"https:\/\/luxurycandlesupplies.eu\/#organization"},"potentialAction":[{"@type":"SearchAction","target":{"@type":"EntryPoint","urlTemplate":"https:\/\/luxurycandlesupplies.eu\/?s={search_term_string}"},"query-input":{"@type":"PropertyValueSpecification","valueRequired":true,"valueName":"search_term_string"}}],"inLanguage":"de-DE"},{"@type":"Organization","@id":"https:\/\/luxurycandlesupplies.eu\/#organization","name":"Antwerpener Luxus-Kerzen-Bedarf","url":"https:\/\/luxurycandlesupplies.eu\/","logo":{"@type":"ImageObject","inLanguage":"de-DE","@id":"https:\/\/luxurycandlesupplies.eu\/#\/schema\/logo\/image\/","url":"https:\/\/luxurycandlesupplies.eu\/app\/uploads\/2022\/03\/antwerp-luxury-candle-supplies-1x.png","contentUrl":"https:\/\/luxurycandlesupplies.eu\/app\/uploads\/2022\/03\/antwerp-luxury-candle-supplies-1x.png","width":330,"height":60,"caption":"Antwerp Luxury Candle Supplies"},"image":{"@id":"https:\/\/luxurycandlesupplies.eu\/#\/schema\/logo\/image\/"},"sameAs":["https:\/\/www.facebook.com\/Antwerpluxurycandlesupplies\/","https:\/\/www.instagram.com\/antwerp_luxury_candle_supplies\/","https:\/\/pin.it\/7joOXRW"]}]}},"_links":{"self":[{"href":"https:\/\/luxurycandlesupplies.eu\/de\/wp-json\/wp\/v2\/product\/21791","targetHints":{"allow":["GET"]}}],"collection":[{"href":"https:\/\/luxurycandlesupplies.eu\/de\/wp-json\/wp\/v2\/product"}],"about":[{"href":"https:\/\/luxurycandlesupplies.eu\/de\/wp-json\/wp\/v2\/types\/product"}],"wp:featuredmedia":[{"embeddable":true,"href":"https:\/\/luxurycandlesupplies.eu\/de\/wp-json\/wp\/v2\/media\/16584"}],"wp:attachment":[{"href":"https:\/\/luxurycandlesupplies.eu\/de\/wp-json\/wp\/v2\/media?parent=21791"}],"wp:term":[{"taxonomy":"product_brand","embeddable":true,"href":"https:\/\/luxurycandlesupplies.eu\/de\/wp-json\/wp\/v2\/product_brand?post=21791"},{"taxonomy":"product_cat","embeddable":true,"href":"https:\/\/luxurycandlesupplies.eu\/de\/wp-json\/wp\/v2\/product_cat?post=21791"},{"taxonomy":"product_tag","embeddable":true,"href":"https:\/\/luxurycandlesupplies.eu\/de\/wp-json\/wp\/v2\/product_tag?post=21791"}],"curies":[{"name":"wp","href":"https:\/\/api.w.org\/{rel}","templated":true}]}}