{"id":22934,"date":"2025-08-14T11:20:16","date_gmt":"2025-08-14T09:20:16","guid":{"rendered":"https:\/\/luxurycandlesupplies.eu\/?post_type=product&#038;p=22934"},"modified":"2026-05-06T20:46:39","modified_gmt":"2026-05-06T18:46:39","slug":"lampengefas-gepard","status":"publish","type":"product","link":"https:\/\/luxurycandlesupplies.eu\/de\/product\/lamp-jar-cheetah\/","title":{"rendered":"Lampengef\u00e4\u00df - Schwarz"},"content":{"rendered":"<h2>BESCHREIBUNG<\/h2>\n<p>&nbsp;<\/p>\n<p><strong>Gef\u00e4\u00df &amp; Schirm Au\u00dfenabmessungen<\/strong>: 150mmB x 165mmH<\/p>\n<p><strong>\u00c4u\u00dfere Abmessungen des Gef\u00e4\u00dfes<\/strong>: 94mm\u00f8 (oben) x 120mm\u00f8 (unten) x 100mmH<\/p>\n<p><strong>Innere Abmessungen des Gef\u00e4\u00dfes<\/strong>: 78mm\u00f8 (oben) x 100mm\u00f8 (unten) x 90mmH<\/p>\n<p>&nbsp;<\/p>\n<p><strong>Kapazit\u00e4t des Schiffes<\/strong>: 500ml<br \/>\n<strong>Gewicht des Gef\u00e4\u00dfes und des Schirms<\/strong>: 760g<\/p>\n<p>&nbsp;<\/p>\n<p><strong>Empfohlene F\u00fcllmenge<\/strong>: 480g<br \/>\n<strong>Gewicht des Schiffes<\/strong>: 380g<\/p>\n<p>&nbsp;<\/p>\n<p><strong>Geeigneter Deckel<\/strong>: Wird mit einem eigenen Lampendeckel geliefert.<\/p>\n<p><strong>Geeignete Verpackung<\/strong>: N\/A<\/p>\n<p><strong>Geeignete Dochtgr\u00f6\u00dfe<\/strong>:\u00a0<a href=\"https:\/\/luxurycandlesupplies.eu\/de\/produkt\/dochte-von-lcs-45\/\">2 x LCS45<\/a>,\u00a0<a href=\"https:\/\/luxurycandlesupplies.eu\/de\/produkt\/dochte-von-lcs-50\/\">2 x LCS50<\/a><br \/>\n* Bitte beachten Sie, dass die Dochtgr\u00f6\u00dfen nur Vorschl\u00e4ge sind.<\/p>\n<p>&nbsp;<\/p>\n<p>Verkauft in einzelnen Einheiten<br \/>\n<strong>Gr\u00f6\u00dfe des Kartons<\/strong>: 8 Einheiten<\/p>\n<p>&nbsp;<\/p>","protected":false},"excerpt":{"rendered":"<h2>SPEZIFIKATIONEN<\/h2>\n<p>&nbsp;<\/p>\n<p><strong>Gef\u00e4\u00df &amp; Schirm Au\u00dfenabmessungen<\/strong>: 150mmB x 165mmH<\/p>\n<p><strong>\u00c4u\u00dfere Abmessungen des Gef\u00e4\u00dfes<\/strong>: 94mm\u00f8 (oben) x 120mm\u00f8 (unten) x 100mmH<\/p>\n<p><strong>Innere Abmessungen des Gef\u00e4\u00dfes<\/strong>: 78mm\u00f8 (oben) x 100mm\u00f8 (unten) x 90mmH<\/p>\n<p><strong>Kapazit\u00e4t des Schiffes<\/strong>: 500ml<\/p>\n<p><strong>Gewicht des Gef\u00e4\u00dfes und des Schirms<\/strong>: 760g<\/p>\n<p><strong>Empfohlene F\u00fcllmenge<\/strong>: 480g<\/p>\n<p><strong>Gewicht des Schiffes<\/strong>: 380g<\/p>\n<p>*Bitte beachten Sie, dass die Lampengl\u00e4ser jeweils einen einzigartigen Druck haben und Abweichungen zwischen den einzelnen St\u00fccken normal sind.<\/p>\n<p>&nbsp;<\/p>\n<p><strong>Geeigneter Deckel<\/strong>: Wird mit einem eigenen Lampendeckel geliefert.<\/p>\n<p><strong>Geeignete Verpackung<\/strong>: N\/A<\/p>\n<p><strong>Geeignete Dochtgr\u00f6\u00dfe<\/strong>:\u00a0<a href=\"https:\/\/luxurycandlesupplies.eu\/de\/produkt\/dochte-von-lcs-45\/\">2 x LCS45<\/a>,\u00a0<a href=\"https:\/\/luxurycandlesupplies.eu\/de\/produkt\/dochte-von-lcs-50\/\">2 x LCS50<\/a><br \/>\n* Bitte beachten Sie, dass die Dochtgr\u00f6\u00dfen nur Vorschl\u00e4ge sind.<\/p>\n<p>&nbsp;<\/p>\n<p>Verkauft in einzelnen Einheiten<br \/>\n<strong>Gr\u00f6\u00dfe des Kartons<\/strong>: 8 Einheiten<\/p>","protected":false},"featured_media":26613,"template":"","meta":{"_acf_changed":false,"site-sidebar-layout":"default","site-content-layout":"default","ast-site-content-layout":"default","site-content-style":"default","site-sidebar-style":"default","ast-global-header-display":"","ast-banner-title-visibility":"","ast-main-header-display":"","ast-hfb-above-header-display":"","ast-hfb-below-header-display":"","ast-hfb-mobile-header-display":"","site-post-title":"","ast-breadcrumbs-content":"","ast-featured-img":"","footer-sml-layout":"","ast-disable-related-posts":"","theme-transparent-header-meta":"default","adv-header-id-meta":"","stick-header-meta":"","header-above-stick-meta":"","header-main-stick-meta":"","header-below-stick-meta":"","astra-migrate-meta-layouts":"set","ast-page-background-enabled":"default","ast-page-background-meta":{"desktop":{"background-color":"","background-image":"","background-repeat":"repeat","background-position":"center center","background-size":"auto","background-attachment":"scroll","background-type":"","background-media":"","overlay-type":"","overlay-color":"","overlay-opacity":"","overlay-gradient":""},"tablet":{"background-color":"","background-image":"","background-repeat":"repeat","background-position":"center center","background-size":"auto","background-attachment":"scroll","background-type":"","background-media":"","overlay-type":"","overlay-color":"","overlay-opacity":"","overlay-gradient":""},"mobile":{"background-color":"","background-image":"","background-repeat":"repeat","background-position":"center center","background-size":"auto","background-attachment":"scroll","background-type":"","background-media":"","overlay-type":"","overlay-color":"","overlay-opacity":"","overlay-gradient":""}},"ast-content-background-meta":{"desktop":{"background-color":"var(--ast-global-color-5)","background-image":"","background-repeat":"repeat","background-position":"center center","background-size":"auto","background-attachment":"scroll","background-type":"","background-media":"","overlay-type":"","overlay-color":"","overlay-opacity":"","overlay-gradient":""},"tablet":{"background-color":"var(--ast-global-color-5)","background-image":"","background-repeat":"repeat","background-position":"center center","background-size":"auto","background-attachment":"scroll","background-type":"","background-media":"","overlay-type":"","overlay-color":"","overlay-opacity":"","overlay-gradient":""},"mobile":{"background-color":"var(--ast-global-color-5)","background-image":"","background-repeat":"repeat","background-position":"center center","background-size":"auto","background-attachment":"scroll","background-type":"","background-media":"","overlay-type":"","overlay-color":"","overlay-opacity":"","overlay-gradient":""}}},"product_brand":[],"product_cat":[1550],"product_tag":[1552,112,1553],"class_list":{"0":"post-22934","1":"product","2":"type-product","3":"status-publish","4":"has-post-thumbnail","6":"product_cat-lamp-jar-collection","7":"product_tag-lamp-jar","8":"product_tag-leopard","9":"product_tag-tortoiseshell","10":"desktop-align-left","11":"tablet-align-left","12":"mobile-align-left","13":"ast-product-gallery-layout-horizontal-slider","14":"ast-product-tabs-layout-horizontal","16":"first","17":"instock","18":"taxable","19":"shipping-taxable","20":"purchasable","21":"product-type-simple"},"acf":[],"yoast_head":"<title>Lamp Jar - Black - Antwerp Luxury Candle Supplies<\/title>\n<meta name=\"robots\" content=\"index, follow, max-snippet:-1, max-image-preview:large, max-video-preview:-1\" \/>\n<link rel=\"canonical\" href=\"https:\/\/luxurycandlesupplies.eu\/de\/produkt\/lampengefas-gepard\/\" \/>\n<meta property=\"og:locale\" content=\"de_DE\" \/>\n<meta property=\"og:type\" content=\"article\" \/>\n<meta property=\"og:title\" content=\"Lamp Jar - Black - Antwerp Luxury Candle Supplies\" \/>\n<meta property=\"og:description\" content=\"SPECIFICATIONS &nbsp;  Jar &amp; Shade External Dimensions: 150mmW x 165mmH  Jar External Dimensions: 94mm\u00f8 (top) x 120mm\u00f8 (base) x 100mmH  Jar Inner Dimensions: 78mm\u00f8 (top) x 100mm\u00f8 (base) x 90mmH  Vessel capacity: 500ml  Vessel &amp; Shade weight: 760g  Suggested Fill Capacity: 480g  Vessel weight: 380g  *please note that the Lamp Jars each have a unique print, and variations between individual pieces are normal.  &nbsp;  Suitable Lid: Comes with its own lamp lid.  Suitable packaging: N\/A  Suitable wick size:\u00a02 x LCS45,\u00a02 x LCS50 * Please note, wick sizes are suggestions only.  &nbsp;  Sold in single units Carton size: 8 units\" \/>\n<meta property=\"og:url\" content=\"https:\/\/luxurycandlesupplies.eu\/de\/produkt\/lampengefas-gepard\/\" \/>\n<meta property=\"og:site_name\" content=\"Antwerp Luxury Candle Supplies\" \/>\n<meta property=\"article:publisher\" content=\"https:\/\/www.facebook.com\/Antwerpluxurycandlesupplies\/\" \/>\n<meta property=\"article:modified_time\" content=\"2026-05-06T18:46:39+00:00\" \/>\n<meta property=\"og:image\" content=\"https:\/\/luxurycandlesupplies.eu\/app\/uploads\/2025\/08\/Luxury-Candle-Supplies-20.jpg\" \/>\n\t<meta property=\"og:image:width\" content=\"2000\" \/>\n\t<meta property=\"og:image:height\" content=\"2000\" \/>\n\t<meta property=\"og:image:type\" content=\"image\/jpeg\" \/>\n<meta name=\"twitter:card\" content=\"summary_large_image\" \/>\n<meta name=\"twitter:label1\" content=\"Gesch\u00e4tzte Lesezeit\" \/>\n\t<meta name=\"twitter:data1\" content=\"1 minute\" \/>\n<script type=\"application\/ld+json\" class=\"yoast-schema-graph\">{\"@context\":\"https:\\\/\\\/schema.org\",\"@graph\":[{\"@type\":\"WebPage\",\"@id\":\"https:\\\/\\\/luxurycandlesupplies.eu\\\/product\\\/lamp-jar-cheetah\\\/\",\"url\":\"https:\\\/\\\/luxurycandlesupplies.eu\\\/product\\\/lamp-jar-cheetah\\\/\",\"name\":\"Lamp Jar - Black - Antwerp Luxury Candle Supplies\",\"isPartOf\":{\"@id\":\"https:\\\/\\\/luxurycandlesupplies.eu\\\/#website\"},\"primaryImageOfPage\":{\"@id\":\"https:\\\/\\\/luxurycandlesupplies.eu\\\/product\\\/lamp-jar-cheetah\\\/#primaryimage\"},\"image\":{\"@id\":\"https:\\\/\\\/luxurycandlesupplies.eu\\\/product\\\/lamp-jar-cheetah\\\/#primaryimage\"},\"thumbnailUrl\":\"https:\\\/\\\/luxurycandlesupplies.eu\\\/app\\\/uploads\\\/2025\\\/08\\\/Luxury-Candle-Supplies-20.jpg\",\"datePublished\":\"2025-08-14T09:20:16+00:00\",\"dateModified\":\"2026-05-06T18:46:39+00:00\",\"breadcrumb\":{\"@id\":\"https:\\\/\\\/luxurycandlesupplies.eu\\\/product\\\/lamp-jar-cheetah\\\/#breadcrumb\"},\"inLanguage\":\"de-DE\",\"potentialAction\":[{\"@type\":\"ReadAction\",\"target\":[\"https:\\\/\\\/luxurycandlesupplies.eu\\\/product\\\/lamp-jar-cheetah\\\/\"]}]},{\"@type\":\"ImageObject\",\"inLanguage\":\"de-DE\",\"@id\":\"https:\\\/\\\/luxurycandlesupplies.eu\\\/product\\\/lamp-jar-cheetah\\\/#primaryimage\",\"url\":\"https:\\\/\\\/luxurycandlesupplies.eu\\\/app\\\/uploads\\\/2025\\\/08\\\/Luxury-Candle-Supplies-20.jpg\",\"contentUrl\":\"https:\\\/\\\/luxurycandlesupplies.eu\\\/app\\\/uploads\\\/2025\\\/08\\\/Luxury-Candle-Supplies-20.jpg\",\"width\":2000,\"height\":2000},{\"@type\":\"BreadcrumbList\",\"@id\":\"https:\\\/\\\/luxurycandlesupplies.eu\\\/product\\\/lamp-jar-cheetah\\\/#breadcrumb\",\"itemListElement\":[{\"@type\":\"ListItem\",\"position\":1,\"name\":\"Home\",\"item\":\"https:\\\/\\\/luxurycandlesupplies.eu\\\/\"},{\"@type\":\"ListItem\",\"position\":2,\"name\":\"Shop\",\"item\":\"https:\\\/\\\/luxurycandlesupplies.eu\\\/shop\\\/\"},{\"@type\":\"ListItem\",\"position\":3,\"name\":\"Lamp Jar &#8211; Black\"}]},{\"@type\":\"WebSite\",\"@id\":\"https:\\\/\\\/luxurycandlesupplies.eu\\\/#website\",\"url\":\"https:\\\/\\\/luxurycandlesupplies.eu\\\/\",\"name\":\"Antwerp Luxury Candle Supplies\",\"description\":\"Distributor of all seasons soy wax\",\"publisher\":{\"@id\":\"https:\\\/\\\/luxurycandlesupplies.eu\\\/#organization\"},\"potentialAction\":[{\"@type\":\"SearchAction\",\"target\":{\"@type\":\"EntryPoint\",\"urlTemplate\":\"https:\\\/\\\/luxurycandlesupplies.eu\\\/?s={search_term_string}\"},\"query-input\":{\"@type\":\"PropertyValueSpecification\",\"valueRequired\":true,\"valueName\":\"search_term_string\"}}],\"inLanguage\":\"de-DE\"},{\"@type\":\"Organization\",\"@id\":\"https:\\\/\\\/luxurycandlesupplies.eu\\\/#organization\",\"name\":\"Antwerp Luxury Candle Supplies\",\"url\":\"https:\\\/\\\/luxurycandlesupplies.eu\\\/\",\"logo\":{\"@type\":\"ImageObject\",\"inLanguage\":\"de-DE\",\"@id\":\"https:\\\/\\\/luxurycandlesupplies.eu\\\/#\\\/schema\\\/logo\\\/image\\\/\",\"url\":\"https:\\\/\\\/luxurycandlesupplies.eu\\\/app\\\/uploads\\\/2022\\\/03\\\/antwerp-luxury-candle-supplies-1x.png\",\"contentUrl\":\"https:\\\/\\\/luxurycandlesupplies.eu\\\/app\\\/uploads\\\/2022\\\/03\\\/antwerp-luxury-candle-supplies-1x.png\",\"width\":330,\"height\":60,\"caption\":\"Antwerp Luxury Candle Supplies\"},\"image\":{\"@id\":\"https:\\\/\\\/luxurycandlesupplies.eu\\\/#\\\/schema\\\/logo\\\/image\\\/\"},\"sameAs\":[\"https:\\\/\\\/www.facebook.com\\\/Antwerpluxurycandlesupplies\\\/\",\"https:\\\/\\\/www.instagram.com\\\/antwerp_luxury_candle_supplies\\\/\",\"https:\\\/\\\/pin.it\\\/7joOXRW\"]}]}<\/script>","yoast_head_json":{"title":"Lampenglas - Schwarz - Antwerp Luxury Candle Supplies","robots":{"index":"index","follow":"follow","max-snippet":"max-snippet:-1","max-image-preview":"max-image-preview:large","max-video-preview":"max-video-preview:-1"},"canonical":"https:\/\/luxurycandlesupplies.eu\/de\/produkt\/lampengefas-gepard\/","og_locale":"de_DE","og_type":"article","og_title":"Lamp Jar - Black - Antwerp Luxury Candle Supplies","og_description":"SPECIFICATIONS &nbsp;  Jar &amp; Shade External Dimensions: 150mmW x 165mmH  Jar External Dimensions: 94mm\u00f8 (top) x 120mm\u00f8 (base) x 100mmH  Jar Inner Dimensions: 78mm\u00f8 (top) x 100mm\u00f8 (base) x 90mmH  Vessel capacity: 500ml  Vessel &amp; Shade weight: 760g  Suggested Fill Capacity: 480g  Vessel weight: 380g  *please note that the Lamp Jars each have a unique print, and variations between individual pieces are normal.  &nbsp;  Suitable Lid: Comes with its own lamp lid.  Suitable packaging: N\/A  Suitable wick size:\u00a02 x LCS45,\u00a02 x LCS50 * Please note, wick sizes are suggestions only.  &nbsp;  Sold in single units Carton size: 8 units","og_url":"https:\/\/luxurycandlesupplies.eu\/de\/produkt\/lampengefas-gepard\/","og_site_name":"Antwerp Luxury Candle Supplies","article_publisher":"https:\/\/www.facebook.com\/Antwerpluxurycandlesupplies\/","article_modified_time":"2026-05-06T18:46:39+00:00","og_image":[{"width":2000,"height":2000,"url":"https:\/\/luxurycandlesupplies.eu\/app\/uploads\/2025\/08\/Luxury-Candle-Supplies-20.jpg","type":"image\/jpeg"}],"twitter_card":"summary_large_image","twitter_misc":{"Gesch\u00e4tzte Lesezeit":"1 minute"},"schema":{"@context":"https:\/\/schema.org","@graph":[{"@type":"WebPage","@id":"https:\/\/luxurycandlesupplies.eu\/product\/lamp-jar-cheetah\/","url":"https:\/\/luxurycandlesupplies.eu\/product\/lamp-jar-cheetah\/","name":"Lampenglas - Schwarz - Antwerp Luxury Candle Supplies","isPartOf":{"@id":"https:\/\/luxurycandlesupplies.eu\/#website"},"primaryImageOfPage":{"@id":"https:\/\/luxurycandlesupplies.eu\/product\/lamp-jar-cheetah\/#primaryimage"},"image":{"@id":"https:\/\/luxurycandlesupplies.eu\/product\/lamp-jar-cheetah\/#primaryimage"},"thumbnailUrl":"https:\/\/luxurycandlesupplies.eu\/app\/uploads\/2025\/08\/Luxury-Candle-Supplies-20.jpg","datePublished":"2025-08-14T09:20:16+00:00","dateModified":"2026-05-06T18:46:39+00:00","breadcrumb":{"@id":"https:\/\/luxurycandlesupplies.eu\/product\/lamp-jar-cheetah\/#breadcrumb"},"inLanguage":"de-DE","potentialAction":[{"@type":"ReadAction","target":["https:\/\/luxurycandlesupplies.eu\/product\/lamp-jar-cheetah\/"]}]},{"@type":"ImageObject","inLanguage":"de-DE","@id":"https:\/\/luxurycandlesupplies.eu\/product\/lamp-jar-cheetah\/#primaryimage","url":"https:\/\/luxurycandlesupplies.eu\/app\/uploads\/2025\/08\/Luxury-Candle-Supplies-20.jpg","contentUrl":"https:\/\/luxurycandlesupplies.eu\/app\/uploads\/2025\/08\/Luxury-Candle-Supplies-20.jpg","width":2000,"height":2000},{"@type":"BreadcrumbList","@id":"https:\/\/luxurycandlesupplies.eu\/product\/lamp-jar-cheetah\/#breadcrumb","itemListElement":[{"@type":"ListItem","position":1,"name":"Home","item":"https:\/\/luxurycandlesupplies.eu\/"},{"@type":"ListItem","position":2,"name":"Shop","item":"https:\/\/luxurycandlesupplies.eu\/shop\/"},{"@type":"ListItem","position":3,"name":"Lamp Jar &#8211; Black"}]},{"@type":"WebSite","@id":"https:\/\/luxurycandlesupplies.eu\/#website","url":"https:\/\/luxurycandlesupplies.eu\/","name":"Antwerpener Luxus-Kerzen-Bedarf","description":"Vertreiber von Sojawachs f\u00fcr alle Jahreszeiten","publisher":{"@id":"https:\/\/luxurycandlesupplies.eu\/#organization"},"potentialAction":[{"@type":"SearchAction","target":{"@type":"EntryPoint","urlTemplate":"https:\/\/luxurycandlesupplies.eu\/?s={search_term_string}"},"query-input":{"@type":"PropertyValueSpecification","valueRequired":true,"valueName":"search_term_string"}}],"inLanguage":"de-DE"},{"@type":"Organization","@id":"https:\/\/luxurycandlesupplies.eu\/#organization","name":"Antwerpener Luxus-Kerzen-Bedarf","url":"https:\/\/luxurycandlesupplies.eu\/","logo":{"@type":"ImageObject","inLanguage":"de-DE","@id":"https:\/\/luxurycandlesupplies.eu\/#\/schema\/logo\/image\/","url":"https:\/\/luxurycandlesupplies.eu\/app\/uploads\/2022\/03\/antwerp-luxury-candle-supplies-1x.png","contentUrl":"https:\/\/luxurycandlesupplies.eu\/app\/uploads\/2022\/03\/antwerp-luxury-candle-supplies-1x.png","width":330,"height":60,"caption":"Antwerp Luxury Candle Supplies"},"image":{"@id":"https:\/\/luxurycandlesupplies.eu\/#\/schema\/logo\/image\/"},"sameAs":["https:\/\/www.facebook.com\/Antwerpluxurycandlesupplies\/","https:\/\/www.instagram.com\/antwerp_luxury_candle_supplies\/","https:\/\/pin.it\/7joOXRW"]}]}},"_links":{"self":[{"href":"https:\/\/luxurycandlesupplies.eu\/de\/wp-json\/wp\/v2\/product\/22934","targetHints":{"allow":["GET"]}}],"collection":[{"href":"https:\/\/luxurycandlesupplies.eu\/de\/wp-json\/wp\/v2\/product"}],"about":[{"href":"https:\/\/luxurycandlesupplies.eu\/de\/wp-json\/wp\/v2\/types\/product"}],"wp:featuredmedia":[{"embeddable":true,"href":"https:\/\/luxurycandlesupplies.eu\/de\/wp-json\/wp\/v2\/media\/26613"}],"wp:attachment":[{"href":"https:\/\/luxurycandlesupplies.eu\/de\/wp-json\/wp\/v2\/media?parent=22934"}],"wp:term":[{"taxonomy":"product_brand","embeddable":true,"href":"https:\/\/luxurycandlesupplies.eu\/de\/wp-json\/wp\/v2\/product_brand?post=22934"},{"taxonomy":"product_cat","embeddable":true,"href":"https:\/\/luxurycandlesupplies.eu\/de\/wp-json\/wp\/v2\/product_cat?post=22934"},{"taxonomy":"product_tag","embeddable":true,"href":"https:\/\/luxurycandlesupplies.eu\/de\/wp-json\/wp\/v2\/product_tag?post=22934"}],"curies":[{"name":"wp","href":"https:\/\/api.w.org\/{rel}","templated":true}]}}