{"id":23054,"date":"2025-08-28T13:54:26","date_gmt":"2025-08-28T11:54:26","guid":{"rendered":"https:\/\/luxurycandlesupplies.eu\/?post_type=product&#038;p=23054"},"modified":"2026-02-22T21:25:42","modified_gmt":"2026-02-22T20:25:42","slug":"botanische-kollektion-klein-babybreath-rosa","status":"publish","type":"product","link":"https:\/\/luxurycandlesupplies.eu\/de\/product\/botanical-collection-small-babybreath-pink\/","title":{"rendered":"Botanische Kollektion - Kleines Babybreath Rosa"},"content":{"rendered":"<h4>BESCHREIBUNG<\/h4>\n<hr \/>\n<p data-start=\"80\" data-end=\"165\"><strong data-start=\"80\" data-end=\"115\">Doppelte Glasblumen-Kerzengl\u00e4ser<\/strong><\/p>\n<p data-start=\"80\" data-end=\"165\">Kreieren Sie atemberaubende Kerzen mit einer nat\u00fcrlichen Note.<\/p>\n<p data-start=\"167\" data-end=\"408\">Diese einzigartigen Kerzengl\u00e4ser haben ein <em data-start=\"202\" data-end=\"221\">doppelwandiges Glas<\/em> Gestaltung. Die Blumen sind nicht fixiert, sondern bewegen sich frei im Glas, was jedem Glas ein zartes Aussehen verleiht.<\/p>\n<p data-start=\"410\" data-end=\"601\">Perfekt, um Ihren Kerzen eine botanische und romantische Note zu verleihen.<\/p>","protected":false},"excerpt":{"rendered":"<h3>SPEZIFIKATIONEN<\/h3>\n<p>&nbsp;<\/p>\n<p><strong>\u00c4u\u00dfere Abmessungen des Beh\u00e4lters<\/strong>:<br \/>\n<strong>Abmessungen des Innenbeh\u00e4lters<\/strong>:<\/p>\n<p>&nbsp;<\/p>\n<p><strong>Empfohlene F\u00fcllmenge<\/strong>: Ca. 240g<br \/>\n<strong>Kapazit\u00e4t des Schiffes<\/strong>: 300ml<br \/>\n<strong>Glas Gewicht<\/strong>: 420g<\/p>\n<p>&nbsp;<\/p>\n<p><strong>Geeigneter Deckel<\/strong>: N\/A<br \/>\n<strong>Geeignete Verpackung<\/strong>:<br \/>\n<strong>Empfohlene Dochtgr\u00f6\u00dfe<\/strong>*:<br \/>\n*Bitte beachten Sie, dass die Dochtgr\u00f6\u00dfen nur Vorschl\u00e4ge sind. Um optimale Ergebnisse zu erzielen, empfehlen wir den Nutzern, ihre eigenen Dochttests mit verschiedenen Wachs- und \u00d6lmischungen, die sie verwenden m\u00f6chten, durchzuf\u00fchren.<\/p>\n<p>&nbsp;<\/p>\n<p>Erh\u00e4ltlich in einzelnen Einheiten.<\/p>\n<p><strong>Gr\u00f6\u00dfe des Kartons<\/strong>:<\/p>\n<p>&nbsp;<\/p>","protected":false},"featured_media":26574,"template":"","meta":{"_acf_changed":false,"site-sidebar-layout":"default","site-content-layout":"default","ast-site-content-layout":"default","site-content-style":"default","site-sidebar-style":"default","ast-global-header-display":"","ast-banner-title-visibility":"","ast-main-header-display":"","ast-hfb-above-header-display":"","ast-hfb-below-header-display":"","ast-hfb-mobile-header-display":"","site-post-title":"","ast-breadcrumbs-content":"","ast-featured-img":"","footer-sml-layout":"","ast-disable-related-posts":"","theme-transparent-header-meta":"default","adv-header-id-meta":"","stick-header-meta":"","header-above-stick-meta":"","header-main-stick-meta":"","header-below-stick-meta":"","astra-migrate-meta-layouts":"set","ast-page-background-enabled":"default","ast-page-background-meta":{"desktop":{"background-color":"","background-image":"","background-repeat":"repeat","background-position":"center center","background-size":"auto","background-attachment":"scroll","background-type":"","background-media":"","overlay-type":"","overlay-color":"","overlay-opacity":"","overlay-gradient":""},"tablet":{"background-color":"","background-image":"","background-repeat":"repeat","background-position":"center center","background-size":"auto","background-attachment":"scroll","background-type":"","background-media":"","overlay-type":"","overlay-color":"","overlay-opacity":"","overlay-gradient":""},"mobile":{"background-color":"","background-image":"","background-repeat":"repeat","background-position":"center center","background-size":"auto","background-attachment":"scroll","background-type":"","background-media":"","overlay-type":"","overlay-color":"","overlay-opacity":"","overlay-gradient":""}},"ast-content-background-meta":{"desktop":{"background-color":"var(--ast-global-color-5)","background-image":"","background-repeat":"repeat","background-position":"center center","background-size":"auto","background-attachment":"scroll","background-type":"","background-media":"","overlay-type":"","overlay-color":"","overlay-opacity":"","overlay-gradient":""},"tablet":{"background-color":"var(--ast-global-color-5)","background-image":"","background-repeat":"repeat","background-position":"center center","background-size":"auto","background-attachment":"scroll","background-type":"","background-media":"","overlay-type":"","overlay-color":"","overlay-opacity":"","overlay-gradient":""},"mobile":{"background-color":"var(--ast-global-color-5)","background-image":"","background-repeat":"repeat","background-position":"center center","background-size":"auto","background-attachment":"scroll","background-type":"","background-media":"","overlay-type":"","overlay-color":"","overlay-opacity":"","overlay-gradient":""}}},"product_brand":[],"product_cat":[1686],"product_tag":[1687,442],"class_list":{"0":"post-23054","1":"product","2":"type-product","3":"status-publish","4":"has-post-thumbnail","6":"product_cat-botanical-collection","7":"product_tag-botanical","8":"product_tag-flowers","9":"desktop-align-left","10":"tablet-align-left","11":"mobile-align-left","12":"ast-product-gallery-layout-horizontal-slider","13":"ast-product-tabs-layout-horizontal","15":"first","16":"outofstock","17":"taxable","18":"shipping-taxable","19":"purchasable","20":"product-type-simple"},"acf":[],"yoast_head":"<title>Botanical Collection - Small Babybreath Pink - Antwerp Luxury Candle Supplies<\/title>\n<meta name=\"robots\" content=\"index, follow, max-snippet:-1, max-image-preview:large, max-video-preview:-1\" \/>\n<link rel=\"canonical\" href=\"https:\/\/luxurycandlesupplies.eu\/de\/produkt\/botanische-kollektion-klein-babybreath-rosa\/\" \/>\n<meta property=\"og:locale\" content=\"de_DE\" \/>\n<meta property=\"og:type\" content=\"article\" \/>\n<meta property=\"og:title\" content=\"Botanical Collection - Small Babybreath Pink - Antwerp Luxury Candle Supplies\" \/>\n<meta property=\"og:description\" content=\"SPECIFICATIONS &nbsp;  External Vessel Dimensions: Internal Vessel Dimensions:  &nbsp;  Suggested Fill Capacity: Approx 240g Vessel Capacity: 300ml Glass Weight: 420g  &nbsp;  Suitable Lid: N\/A Suitable Packaging: Suggested Wick Size*: *Please note, wick sizes are suggestions only. For optimum results, we recommend users conduct their own wick tests with different blends of wax and oils that they intend to use.  &nbsp;  Available in single units.  Carton size:  &nbsp;\" \/>\n<meta property=\"og:url\" content=\"https:\/\/luxurycandlesupplies.eu\/de\/produkt\/botanische-kollektion-klein-babybreath-rosa\/\" \/>\n<meta property=\"og:site_name\" content=\"Antwerp Luxury Candle Supplies\" \/>\n<meta property=\"article:publisher\" content=\"https:\/\/www.facebook.com\/Antwerpluxurycandlesupplies\/\" \/>\n<meta property=\"article:modified_time\" content=\"2026-02-22T20:25:42+00:00\" \/>\n<meta property=\"og:image\" content=\"https:\/\/luxurycandlesupplies.eu\/app\/uploads\/2026\/01\/Luxury-Candle-Supplies-42.jpg\" \/>\n\t<meta property=\"og:image:width\" content=\"2000\" \/>\n\t<meta property=\"og:image:height\" content=\"2000\" \/>\n\t<meta property=\"og:image:type\" content=\"image\/jpeg\" \/>\n<meta name=\"twitter:card\" content=\"summary_large_image\" \/>\n<meta name=\"twitter:label1\" content=\"Gesch\u00e4tzte Lesezeit\" \/>\n\t<meta name=\"twitter:data1\" content=\"1 minute\" \/>\n<script type=\"application\/ld+json\" class=\"yoast-schema-graph\">{\"@context\":\"https:\\\/\\\/schema.org\",\"@graph\":[{\"@type\":\"WebPage\",\"@id\":\"https:\\\/\\\/luxurycandlesupplies.eu\\\/product\\\/botanical-collection-small-babybreath-pink\\\/\",\"url\":\"https:\\\/\\\/luxurycandlesupplies.eu\\\/product\\\/botanical-collection-small-babybreath-pink\\\/\",\"name\":\"Botanical Collection - Small Babybreath Pink - Antwerp Luxury Candle Supplies\",\"isPartOf\":{\"@id\":\"https:\\\/\\\/luxurycandlesupplies.eu\\\/#website\"},\"primaryImageOfPage\":{\"@id\":\"https:\\\/\\\/luxurycandlesupplies.eu\\\/product\\\/botanical-collection-small-babybreath-pink\\\/#primaryimage\"},\"image\":{\"@id\":\"https:\\\/\\\/luxurycandlesupplies.eu\\\/product\\\/botanical-collection-small-babybreath-pink\\\/#primaryimage\"},\"thumbnailUrl\":\"https:\\\/\\\/luxurycandlesupplies.eu\\\/app\\\/uploads\\\/2026\\\/01\\\/Luxury-Candle-Supplies-42.jpg\",\"datePublished\":\"2025-08-28T11:54:26+00:00\",\"dateModified\":\"2026-02-22T20:25:42+00:00\",\"breadcrumb\":{\"@id\":\"https:\\\/\\\/luxurycandlesupplies.eu\\\/product\\\/botanical-collection-small-babybreath-pink\\\/#breadcrumb\"},\"inLanguage\":\"de-DE\",\"potentialAction\":[{\"@type\":\"ReadAction\",\"target\":[\"https:\\\/\\\/luxurycandlesupplies.eu\\\/product\\\/botanical-collection-small-babybreath-pink\\\/\"]}]},{\"@type\":\"ImageObject\",\"inLanguage\":\"de-DE\",\"@id\":\"https:\\\/\\\/luxurycandlesupplies.eu\\\/product\\\/botanical-collection-small-babybreath-pink\\\/#primaryimage\",\"url\":\"https:\\\/\\\/luxurycandlesupplies.eu\\\/app\\\/uploads\\\/2026\\\/01\\\/Luxury-Candle-Supplies-42.jpg\",\"contentUrl\":\"https:\\\/\\\/luxurycandlesupplies.eu\\\/app\\\/uploads\\\/2026\\\/01\\\/Luxury-Candle-Supplies-42.jpg\",\"width\":2000,\"height\":2000},{\"@type\":\"BreadcrumbList\",\"@id\":\"https:\\\/\\\/luxurycandlesupplies.eu\\\/product\\\/botanical-collection-small-babybreath-pink\\\/#breadcrumb\",\"itemListElement\":[{\"@type\":\"ListItem\",\"position\":1,\"name\":\"Home\",\"item\":\"https:\\\/\\\/luxurycandlesupplies.eu\\\/\"},{\"@type\":\"ListItem\",\"position\":2,\"name\":\"Shop\",\"item\":\"https:\\\/\\\/luxurycandlesupplies.eu\\\/shop\\\/\"},{\"@type\":\"ListItem\",\"position\":3,\"name\":\"Botanical Collection &#8211; Small Babybreath Pink\"}]},{\"@type\":\"WebSite\",\"@id\":\"https:\\\/\\\/luxurycandlesupplies.eu\\\/#website\",\"url\":\"https:\\\/\\\/luxurycandlesupplies.eu\\\/\",\"name\":\"Antwerp Luxury Candle Supplies\",\"description\":\"Distributor of all seasons soy wax\",\"publisher\":{\"@id\":\"https:\\\/\\\/luxurycandlesupplies.eu\\\/#organization\"},\"potentialAction\":[{\"@type\":\"SearchAction\",\"target\":{\"@type\":\"EntryPoint\",\"urlTemplate\":\"https:\\\/\\\/luxurycandlesupplies.eu\\\/?s={search_term_string}\"},\"query-input\":{\"@type\":\"PropertyValueSpecification\",\"valueRequired\":true,\"valueName\":\"search_term_string\"}}],\"inLanguage\":\"de-DE\"},{\"@type\":\"Organization\",\"@id\":\"https:\\\/\\\/luxurycandlesupplies.eu\\\/#organization\",\"name\":\"Antwerp Luxury Candle Supplies\",\"url\":\"https:\\\/\\\/luxurycandlesupplies.eu\\\/\",\"logo\":{\"@type\":\"ImageObject\",\"inLanguage\":\"de-DE\",\"@id\":\"https:\\\/\\\/luxurycandlesupplies.eu\\\/#\\\/schema\\\/logo\\\/image\\\/\",\"url\":\"https:\\\/\\\/luxurycandlesupplies.eu\\\/app\\\/uploads\\\/2022\\\/03\\\/antwerp-luxury-candle-supplies-1x.png\",\"contentUrl\":\"https:\\\/\\\/luxurycandlesupplies.eu\\\/app\\\/uploads\\\/2022\\\/03\\\/antwerp-luxury-candle-supplies-1x.png\",\"width\":330,\"height\":60,\"caption\":\"Antwerp Luxury Candle Supplies\"},\"image\":{\"@id\":\"https:\\\/\\\/luxurycandlesupplies.eu\\\/#\\\/schema\\\/logo\\\/image\\\/\"},\"sameAs\":[\"https:\\\/\\\/www.facebook.com\\\/Antwerpluxurycandlesupplies\\\/\",\"https:\\\/\\\/www.instagram.com\\\/antwerp_luxury_candle_supplies\\\/\",\"https:\\\/\\\/pin.it\\\/7joOXRW\"]}]}<\/script>","yoast_head_json":{"title":"Botanical Collection - Kleiner Babybreath Rosa - Antwerpener Luxuskerzenbedarf","robots":{"index":"index","follow":"follow","max-snippet":"max-snippet:-1","max-image-preview":"max-image-preview:large","max-video-preview":"max-video-preview:-1"},"canonical":"https:\/\/luxurycandlesupplies.eu\/de\/produkt\/botanische-kollektion-klein-babybreath-rosa\/","og_locale":"de_DE","og_type":"article","og_title":"Botanical Collection - Small Babybreath Pink - Antwerp Luxury Candle Supplies","og_description":"SPECIFICATIONS &nbsp;  External Vessel Dimensions: Internal Vessel Dimensions:  &nbsp;  Suggested Fill Capacity: Approx 240g Vessel Capacity: 300ml Glass Weight: 420g  &nbsp;  Suitable Lid: N\/A Suitable Packaging: Suggested Wick Size*: *Please note, wick sizes are suggestions only. For optimum results, we recommend users conduct their own wick tests with different blends of wax and oils that they intend to use.  &nbsp;  Available in single units.  Carton size:  &nbsp;","og_url":"https:\/\/luxurycandlesupplies.eu\/de\/produkt\/botanische-kollektion-klein-babybreath-rosa\/","og_site_name":"Antwerp Luxury Candle Supplies","article_publisher":"https:\/\/www.facebook.com\/Antwerpluxurycandlesupplies\/","article_modified_time":"2026-02-22T20:25:42+00:00","og_image":[{"width":2000,"height":2000,"url":"https:\/\/luxurycandlesupplies.eu\/app\/uploads\/2026\/01\/Luxury-Candle-Supplies-42.jpg","type":"image\/jpeg"}],"twitter_card":"summary_large_image","twitter_misc":{"Gesch\u00e4tzte Lesezeit":"1 minute"},"schema":{"@context":"https:\/\/schema.org","@graph":[{"@type":"WebPage","@id":"https:\/\/luxurycandlesupplies.eu\/product\/botanical-collection-small-babybreath-pink\/","url":"https:\/\/luxurycandlesupplies.eu\/product\/botanical-collection-small-babybreath-pink\/","name":"Botanical Collection - Kleiner Babybreath Rosa - Antwerpener Luxuskerzenbedarf","isPartOf":{"@id":"https:\/\/luxurycandlesupplies.eu\/#website"},"primaryImageOfPage":{"@id":"https:\/\/luxurycandlesupplies.eu\/product\/botanical-collection-small-babybreath-pink\/#primaryimage"},"image":{"@id":"https:\/\/luxurycandlesupplies.eu\/product\/botanical-collection-small-babybreath-pink\/#primaryimage"},"thumbnailUrl":"https:\/\/luxurycandlesupplies.eu\/app\/uploads\/2026\/01\/Luxury-Candle-Supplies-42.jpg","datePublished":"2025-08-28T11:54:26+00:00","dateModified":"2026-02-22T20:25:42+00:00","breadcrumb":{"@id":"https:\/\/luxurycandlesupplies.eu\/product\/botanical-collection-small-babybreath-pink\/#breadcrumb"},"inLanguage":"de-DE","potentialAction":[{"@type":"ReadAction","target":["https:\/\/luxurycandlesupplies.eu\/product\/botanical-collection-small-babybreath-pink\/"]}]},{"@type":"ImageObject","inLanguage":"de-DE","@id":"https:\/\/luxurycandlesupplies.eu\/product\/botanical-collection-small-babybreath-pink\/#primaryimage","url":"https:\/\/luxurycandlesupplies.eu\/app\/uploads\/2026\/01\/Luxury-Candle-Supplies-42.jpg","contentUrl":"https:\/\/luxurycandlesupplies.eu\/app\/uploads\/2026\/01\/Luxury-Candle-Supplies-42.jpg","width":2000,"height":2000},{"@type":"BreadcrumbList","@id":"https:\/\/luxurycandlesupplies.eu\/product\/botanical-collection-small-babybreath-pink\/#breadcrumb","itemListElement":[{"@type":"ListItem","position":1,"name":"Home","item":"https:\/\/luxurycandlesupplies.eu\/"},{"@type":"ListItem","position":2,"name":"Shop","item":"https:\/\/luxurycandlesupplies.eu\/shop\/"},{"@type":"ListItem","position":3,"name":"Botanical Collection &#8211; Small Babybreath Pink"}]},{"@type":"WebSite","@id":"https:\/\/luxurycandlesupplies.eu\/#website","url":"https:\/\/luxurycandlesupplies.eu\/","name":"Antwerpener Luxus-Kerzen-Bedarf","description":"Vertreiber von Sojawachs f\u00fcr alle Jahreszeiten","publisher":{"@id":"https:\/\/luxurycandlesupplies.eu\/#organization"},"potentialAction":[{"@type":"SearchAction","target":{"@type":"EntryPoint","urlTemplate":"https:\/\/luxurycandlesupplies.eu\/?s={search_term_string}"},"query-input":{"@type":"PropertyValueSpecification","valueRequired":true,"valueName":"search_term_string"}}],"inLanguage":"de-DE"},{"@type":"Organization","@id":"https:\/\/luxurycandlesupplies.eu\/#organization","name":"Antwerpener Luxus-Kerzen-Bedarf","url":"https:\/\/luxurycandlesupplies.eu\/","logo":{"@type":"ImageObject","inLanguage":"de-DE","@id":"https:\/\/luxurycandlesupplies.eu\/#\/schema\/logo\/image\/","url":"https:\/\/luxurycandlesupplies.eu\/app\/uploads\/2022\/03\/antwerp-luxury-candle-supplies-1x.png","contentUrl":"https:\/\/luxurycandlesupplies.eu\/app\/uploads\/2022\/03\/antwerp-luxury-candle-supplies-1x.png","width":330,"height":60,"caption":"Antwerp Luxury Candle Supplies"},"image":{"@id":"https:\/\/luxurycandlesupplies.eu\/#\/schema\/logo\/image\/"},"sameAs":["https:\/\/www.facebook.com\/Antwerpluxurycandlesupplies\/","https:\/\/www.instagram.com\/antwerp_luxury_candle_supplies\/","https:\/\/pin.it\/7joOXRW"]}]}},"_links":{"self":[{"href":"https:\/\/luxurycandlesupplies.eu\/de\/wp-json\/wp\/v2\/product\/23054","targetHints":{"allow":["GET"]}}],"collection":[{"href":"https:\/\/luxurycandlesupplies.eu\/de\/wp-json\/wp\/v2\/product"}],"about":[{"href":"https:\/\/luxurycandlesupplies.eu\/de\/wp-json\/wp\/v2\/types\/product"}],"wp:featuredmedia":[{"embeddable":true,"href":"https:\/\/luxurycandlesupplies.eu\/de\/wp-json\/wp\/v2\/media\/26574"}],"wp:attachment":[{"href":"https:\/\/luxurycandlesupplies.eu\/de\/wp-json\/wp\/v2\/media?parent=23054"}],"wp:term":[{"taxonomy":"product_brand","embeddable":true,"href":"https:\/\/luxurycandlesupplies.eu\/de\/wp-json\/wp\/v2\/product_brand?post=23054"},{"taxonomy":"product_cat","embeddable":true,"href":"https:\/\/luxurycandlesupplies.eu\/de\/wp-json\/wp\/v2\/product_cat?post=23054"},{"taxonomy":"product_tag","embeddable":true,"href":"https:\/\/luxurycandlesupplies.eu\/de\/wp-json\/wp\/v2\/product_tag?post=23054"}],"curies":[{"name":"wp","href":"https:\/\/api.w.org\/{rel}","templated":true}]}}