{"id":23176,"date":"2025-09-06T08:06:39","date_gmt":"2025-09-06T06:06:39","guid":{"rendered":"https:\/\/luxurycandlesupplies.eu\/?post_type=product&#038;p=23176"},"modified":"2026-05-15T10:13:29","modified_gmt":"2026-05-15T08:13:29","slug":"auto-diffusor-bernstein-8ml","status":"publish","type":"product","link":"https:\/\/luxurycandlesupplies.eu\/de\/product\/car-diffuser-amber-8ml\/","title":{"rendered":"Auto Diffusor Bernstein 8ml"},"content":{"rendered":"<h4>BESCHREIBUNG<\/h4>\n<p>&nbsp;<\/p>\n<div class=\"product info detailed after-content\">\n<div class=\"product data items\">\n<div class=\"product-data-items-content\">\n<div id=\"attributedescription\" class=\"data item content\" role=\"tabpanel\" data-role=\"content\" aria-labelledby=\"tab-label-attributedescription\" aria-hidden=\"false\">\n<div class=\"product attribute description\">\n<div class=\"value\">\n<p data-start=\"110\" data-end=\"296\"><strong data-start=\"110\" data-end=\"167\">Auto-Diffusor - Mattes Naturholz &amp; bernsteinfarbenes Glas mit Farbverlauf<\/strong><br data-start=\"167\" data-end=\"170\" \/>Verbessern Sie Ihr Fahrerlebnis mit unserem eleganten <strong data-start=\"219\" data-end=\"235\">Auto Diffusor<\/strong>Er ist so konzipiert, dass er leicht am L\u00fcftungsgitter Ihres Autos befestigt werden kann.<\/p>\n<p data-start=\"298\" data-end=\"558\">Gefertigt aus <strong data-start=\"311\" data-end=\"331\">mattes Naturholz<\/strong> und <strong data-start=\"336\" data-end=\"376\">Glas in bernsteinfarbener Ombr\u00e9-Optik<\/strong>Dieser Diffusor verleiht dem Innenraum Ihres Autos einen Hauch von Luxus. F\u00fcllen Sie ihn einfach mit Ihrer Lieblingsduftmischung und genie\u00dfen Sie eine kontinuierliche Duftabgabe, w\u00e4hrend die Luft durch die L\u00fcftungs\u00f6ffnungen str\u00f6mt.<\/p>\n<p data-start=\"560\" data-end=\"701\">F\u00fcr eine 8-ml-Flasche empfehlen wir die folgende Mischung:<br data-start=\"613\" data-end=\"616\" \/>\u2714\ufe0f <strong data-start=\"619\" data-end=\"641\">2 ml Duft\u00f6l<\/strong><br data-start=\"641\" data-end=\"644\" \/>\u2714\ufe0f <strong>6 ml <a href=\"https:\/\/luxurycandlesupplies.eu\/de\/produkt\/augeo-naturlicher-diffusorboden\/\">Augeo Diffusor Basis\u00a0<\/a><\/strong><\/p>\n<p data-start=\"703\" data-end=\"791\">Diese Formel gew\u00e4hrleistet einen stabilen, ausgewogenen Duftaussto\u00df, ohne zu verstopfen oder sich zu trennen.<\/p>\n<p data-start=\"926\" data-end=\"1008\">Ein stilvolles und funktionelles Accessoire, mit dem sich jede Fahrt wie eine Flucht anf\u00fchlt!<\/p>\n<\/div>\n<\/div>\n<p data-start=\"926\" data-end=\"1008\"><strong>Verkauft in Packungen mit 10 St\u00fcck.<\/strong><\/p>\n<\/div>\n<\/div>\n<\/div>\n<\/div>","protected":false},"excerpt":{"rendered":"<h4>BESCHREIBUNG<\/h4>\n<p>&nbsp;<\/p>\n<div class=\"product info detailed after-content\">\n<div class=\"product data items\">\n<div class=\"product-data-items-content\">\n<div id=\"attributedescription\" class=\"data item content\" role=\"tabpanel\" data-role=\"content\" aria-labelledby=\"tab-label-attributedescription\" aria-hidden=\"false\">\n<div class=\"product attribute description\">\n<div class=\"value\">\n<p data-start=\"110\" data-end=\"296\"><strong data-start=\"110\" data-end=\"167\">Auto-Diffusor - Mattes Naturholz &amp; bernsteinfarbenes Glas mit Farbverlauf<\/strong><br data-start=\"167\" data-end=\"170\" \/>Verbessern Sie Ihr Fahrerlebnis mit unserem eleganten <strong data-start=\"219\" data-end=\"235\">Auto Diffusor<\/strong>Er ist so konzipiert, dass er leicht am L\u00fcftungsgitter Ihres Autos befestigt werden kann.<\/p>\n<p data-start=\"298\" data-end=\"558\">Gefertigt aus <strong data-start=\"311\" data-end=\"331\">mattes Naturholz<\/strong> und <strong data-start=\"336\" data-end=\"376\">Glas in bernsteinfarbener Ombr\u00e9-Optik<\/strong>Dieser Diffusor verleiht dem Innenraum Ihres Autos einen Hauch von Luxus. F\u00fcllen Sie ihn einfach mit Ihrer Lieblingsduftmischung und genie\u00dfen Sie eine kontinuierliche Duftabgabe, w\u00e4hrend die Luft durch die L\u00fcftungs\u00f6ffnungen str\u00f6mt.<\/p>\n<p data-start=\"560\" data-end=\"701\">F\u00fcr eine 8-ml-Flasche empfehlen wir die folgende Mischung:<br data-start=\"613\" data-end=\"616\" \/>\u2714\ufe0f <strong data-start=\"619\" data-end=\"641\">2 ml Duft\u00f6l<\/strong><br data-start=\"641\" data-end=\"644\" \/>\u2714\ufe0f <strong>6ml <a href=\"https:\/\/luxurycandlesupplies.eu\/de\/produkt\/augeo-naturlicher-diffusorboden\/\">Augeo Diffusor Basis<\/a><\/strong><\/p>\n<p data-start=\"703\" data-end=\"791\">Diese Formel gew\u00e4hrleistet einen stabilen, ausgewogenen Duftaussto\u00df, ohne zu verstopfen oder sich zu trennen.<\/p>\n<p data-start=\"926\" data-end=\"1008\">Ein stilvolles und funktionelles Accessoire, mit dem sich jede Fahrt wie eine Flucht anf\u00fchlt!<\/p>\n<\/div>\n<p data-start=\"926\" data-end=\"1008\"><strong>Verkauft in Packungen mit 10 St\u00fcck.<\/strong><\/p>\n<\/div>\n<p data-start=\"926\" data-end=\"1008\">\n<\/div>\n<\/div>\n<\/div>\n<\/div>","protected":false},"featured_media":28562,"template":"","meta":{"_acf_changed":false,"site-sidebar-layout":"default","site-content-layout":"default","ast-site-content-layout":"default","site-content-style":"default","site-sidebar-style":"default","ast-global-header-display":"","ast-banner-title-visibility":"","ast-main-header-display":"","ast-hfb-above-header-display":"","ast-hfb-below-header-display":"","ast-hfb-mobile-header-display":"","site-post-title":"","ast-breadcrumbs-content":"","ast-featured-img":"","footer-sml-layout":"","ast-disable-related-posts":"","theme-transparent-header-meta":"default","adv-header-id-meta":"","stick-header-meta":"","header-above-stick-meta":"","header-main-stick-meta":"","header-below-stick-meta":"","astra-migrate-meta-layouts":"set","ast-page-background-enabled":"default","ast-page-background-meta":{"desktop":{"background-color":"","background-image":"","background-repeat":"repeat","background-position":"center center","background-size":"auto","background-attachment":"scroll","background-type":"","background-media":"","overlay-type":"","overlay-color":"","overlay-opacity":"","overlay-gradient":""},"tablet":{"background-color":"","background-image":"","background-repeat":"repeat","background-position":"center center","background-size":"auto","background-attachment":"scroll","background-type":"","background-media":"","overlay-type":"","overlay-color":"","overlay-opacity":"","overlay-gradient":""},"mobile":{"background-color":"","background-image":"","background-repeat":"repeat","background-position":"center center","background-size":"auto","background-attachment":"scroll","background-type":"","background-media":"","overlay-type":"","overlay-color":"","overlay-opacity":"","overlay-gradient":""}},"ast-content-background-meta":{"desktop":{"background-color":"var(--ast-global-color-5)","background-image":"","background-repeat":"repeat","background-position":"center center","background-size":"auto","background-attachment":"scroll","background-type":"","background-media":"","overlay-type":"","overlay-color":"","overlay-opacity":"","overlay-gradient":""},"tablet":{"background-color":"var(--ast-global-color-5)","background-image":"","background-repeat":"repeat","background-position":"center center","background-size":"auto","background-attachment":"scroll","background-type":"","background-media":"","overlay-type":"","overlay-color":"","overlay-opacity":"","overlay-gradient":""},"mobile":{"background-color":"var(--ast-global-color-5)","background-image":"","background-repeat":"repeat","background-position":"center center","background-size":"auto","background-attachment":"scroll","background-type":"","background-media":"","overlay-type":"","overlay-color":"","overlay-opacity":"","overlay-gradient":""}}},"product_brand":[],"product_cat":[1685,1329],"product_tag":[1691],"class_list":{"0":"post-23176","1":"product","2":"type-product","3":"status-publish","4":"has-post-thumbnail","6":"product_cat-car-diffusers","7":"product_cat-diffusers","8":"product_tag-diffuser-car","9":"desktop-align-left","10":"tablet-align-left","11":"mobile-align-left","12":"ast-product-gallery-layout-horizontal-slider","13":"ast-product-gallery-with-no-image","14":"ast-product-tabs-layout-horizontal","16":"first","17":"instock","18":"taxable","19":"shipping-taxable","20":"purchasable","21":"product-type-simple"},"acf":[],"yoast_head":"<title>Car Diffuser Amber 8ml - Antwerp Luxury Candle Supplies<\/title>\n<meta name=\"robots\" content=\"index, follow, max-snippet:-1, max-image-preview:large, max-video-preview:-1\" \/>\n<link rel=\"canonical\" href=\"https:\/\/luxurycandlesupplies.eu\/de\/produkt\/auto-diffusor-bernstein-8ml\/\" \/>\n<meta property=\"og:locale\" content=\"de_DE\" \/>\n<meta property=\"og:type\" content=\"article\" \/>\n<meta property=\"og:title\" content=\"Car Diffuser Amber 8ml - Antwerp Luxury Candle Supplies\" \/>\n<meta property=\"og:description\" content=\"DESCRIPTION &nbsp;       Car Diffuser \u2013 Matte Natural Wood &amp; Amber Gradient GlassUpgrade your driving experience with our elegant Car Diffuser, designed to clip easily onto your car&#039;s ventilation grille. Crafted from matte natural wood and glass in an amber ombr\u00e9 finish, this diffuser adds a touch of luxury to your car interior. Just fill it with your favorite fragrance blend and enjoy a continuous scent release as the air flows through your vents. For an 8 ml bottle, we recommend the following blend:\u2714\ufe0f 2 ml fragrance oil\u2714\ufe0f 6ml Augeo Diffuser Base This formula ensures a stable, well-balanced scent throw without clogging or separating. A stylish and functional accessory that makes every ride feel like a fresh escape!   Sold in packs of 10 pieces.\" \/>\n<meta property=\"og:url\" content=\"https:\/\/luxurycandlesupplies.eu\/de\/produkt\/auto-diffusor-bernstein-8ml\/\" \/>\n<meta property=\"og:site_name\" content=\"Antwerp Luxury Candle Supplies\" \/>\n<meta property=\"article:publisher\" content=\"https:\/\/www.facebook.com\/Antwerpluxurycandlesupplies\/\" \/>\n<meta property=\"article:modified_time\" content=\"2026-05-15T08:13:29+00:00\" \/>\n<meta property=\"og:image\" content=\"https:\/\/luxurycandlesupplies.eu\/app\/uploads\/2025\/09\/1.png\" \/>\n\t<meta property=\"og:image:width\" content=\"1080\" \/>\n\t<meta property=\"og:image:height\" content=\"1350\" \/>\n\t<meta property=\"og:image:type\" content=\"image\/png\" \/>\n<meta name=\"twitter:card\" content=\"summary_large_image\" \/>\n<meta name=\"twitter:label1\" content=\"Gesch\u00e4tzte Lesezeit\" \/>\n\t<meta name=\"twitter:data1\" content=\"1 minute\" \/>\n<script type=\"application\/ld+json\" class=\"yoast-schema-graph\">{\"@context\":\"https:\\\/\\\/schema.org\",\"@graph\":[{\"@type\":\"WebPage\",\"@id\":\"https:\\\/\\\/luxurycandlesupplies.eu\\\/product\\\/car-diffuser-amber-8ml\\\/\",\"url\":\"https:\\\/\\\/luxurycandlesupplies.eu\\\/product\\\/car-diffuser-amber-8ml\\\/\",\"name\":\"Car Diffuser Amber 8ml - Antwerp Luxury Candle Supplies\",\"isPartOf\":{\"@id\":\"https:\\\/\\\/luxurycandlesupplies.eu\\\/#website\"},\"primaryImageOfPage\":{\"@id\":\"https:\\\/\\\/luxurycandlesupplies.eu\\\/product\\\/car-diffuser-amber-8ml\\\/#primaryimage\"},\"image\":{\"@id\":\"https:\\\/\\\/luxurycandlesupplies.eu\\\/product\\\/car-diffuser-amber-8ml\\\/#primaryimage\"},\"thumbnailUrl\":\"https:\\\/\\\/luxurycandlesupplies.eu\\\/app\\\/uploads\\\/2025\\\/09\\\/1.png\",\"datePublished\":\"2025-09-06T06:06:39+00:00\",\"dateModified\":\"2026-05-15T08:13:29+00:00\",\"breadcrumb\":{\"@id\":\"https:\\\/\\\/luxurycandlesupplies.eu\\\/product\\\/car-diffuser-amber-8ml\\\/#breadcrumb\"},\"inLanguage\":\"de-DE\",\"potentialAction\":[{\"@type\":\"ReadAction\",\"target\":[\"https:\\\/\\\/luxurycandlesupplies.eu\\\/product\\\/car-diffuser-amber-8ml\\\/\"]}]},{\"@type\":\"ImageObject\",\"inLanguage\":\"de-DE\",\"@id\":\"https:\\\/\\\/luxurycandlesupplies.eu\\\/product\\\/car-diffuser-amber-8ml\\\/#primaryimage\",\"url\":\"https:\\\/\\\/luxurycandlesupplies.eu\\\/app\\\/uploads\\\/2025\\\/09\\\/1.png\",\"contentUrl\":\"https:\\\/\\\/luxurycandlesupplies.eu\\\/app\\\/uploads\\\/2025\\\/09\\\/1.png\",\"width\":1080,\"height\":1350},{\"@type\":\"BreadcrumbList\",\"@id\":\"https:\\\/\\\/luxurycandlesupplies.eu\\\/product\\\/car-diffuser-amber-8ml\\\/#breadcrumb\",\"itemListElement\":[{\"@type\":\"ListItem\",\"position\":1,\"name\":\"Home\",\"item\":\"https:\\\/\\\/luxurycandlesupplies.eu\\\/\"},{\"@type\":\"ListItem\",\"position\":2,\"name\":\"Shop\",\"item\":\"https:\\\/\\\/luxurycandlesupplies.eu\\\/shop\\\/\"},{\"@type\":\"ListItem\",\"position\":3,\"name\":\"Car Diffuser Amber 8ml\"}]},{\"@type\":\"WebSite\",\"@id\":\"https:\\\/\\\/luxurycandlesupplies.eu\\\/#website\",\"url\":\"https:\\\/\\\/luxurycandlesupplies.eu\\\/\",\"name\":\"Antwerp Luxury Candle Supplies\",\"description\":\"Distributor of all seasons soy wax\",\"publisher\":{\"@id\":\"https:\\\/\\\/luxurycandlesupplies.eu\\\/#organization\"},\"potentialAction\":[{\"@type\":\"SearchAction\",\"target\":{\"@type\":\"EntryPoint\",\"urlTemplate\":\"https:\\\/\\\/luxurycandlesupplies.eu\\\/?s={search_term_string}\"},\"query-input\":{\"@type\":\"PropertyValueSpecification\",\"valueRequired\":true,\"valueName\":\"search_term_string\"}}],\"inLanguage\":\"de-DE\"},{\"@type\":\"Organization\",\"@id\":\"https:\\\/\\\/luxurycandlesupplies.eu\\\/#organization\",\"name\":\"Antwerp Luxury Candle Supplies\",\"url\":\"https:\\\/\\\/luxurycandlesupplies.eu\\\/\",\"logo\":{\"@type\":\"ImageObject\",\"inLanguage\":\"de-DE\",\"@id\":\"https:\\\/\\\/luxurycandlesupplies.eu\\\/#\\\/schema\\\/logo\\\/image\\\/\",\"url\":\"https:\\\/\\\/luxurycandlesupplies.eu\\\/app\\\/uploads\\\/2022\\\/03\\\/antwerp-luxury-candle-supplies-1x.png\",\"contentUrl\":\"https:\\\/\\\/luxurycandlesupplies.eu\\\/app\\\/uploads\\\/2022\\\/03\\\/antwerp-luxury-candle-supplies-1x.png\",\"width\":330,\"height\":60,\"caption\":\"Antwerp Luxury Candle Supplies\"},\"image\":{\"@id\":\"https:\\\/\\\/luxurycandlesupplies.eu\\\/#\\\/schema\\\/logo\\\/image\\\/\"},\"sameAs\":[\"https:\\\/\\\/www.facebook.com\\\/Antwerpluxurycandlesupplies\\\/\",\"https:\\\/\\\/www.instagram.com\\\/antwerp_luxury_candle_supplies\\\/\",\"https:\\\/\\\/pin.it\\\/7joOXRW\"]}]}<\/script>","yoast_head_json":{"title":"Auto Diffusor Amber 8ml - Antwerpener Luxuskerzenbedarf","robots":{"index":"index","follow":"follow","max-snippet":"max-snippet:-1","max-image-preview":"max-image-preview:large","max-video-preview":"max-video-preview:-1"},"canonical":"https:\/\/luxurycandlesupplies.eu\/de\/produkt\/auto-diffusor-bernstein-8ml\/","og_locale":"de_DE","og_type":"article","og_title":"Car Diffuser Amber 8ml - Antwerp Luxury Candle Supplies","og_description":"DESCRIPTION &nbsp;       Car Diffuser \u2013 Matte Natural Wood &amp; Amber Gradient GlassUpgrade your driving experience with our elegant Car Diffuser, designed to clip easily onto your car's ventilation grille. Crafted from matte natural wood and glass in an amber ombr\u00e9 finish, this diffuser adds a touch of luxury to your car interior. Just fill it with your favorite fragrance blend and enjoy a continuous scent release as the air flows through your vents. For an 8 ml bottle, we recommend the following blend:\u2714\ufe0f 2 ml fragrance oil\u2714\ufe0f 6ml Augeo Diffuser Base This formula ensures a stable, well-balanced scent throw without clogging or separating. A stylish and functional accessory that makes every ride feel like a fresh escape!   Sold in packs of 10 pieces.","og_url":"https:\/\/luxurycandlesupplies.eu\/de\/produkt\/auto-diffusor-bernstein-8ml\/","og_site_name":"Antwerp Luxury Candle Supplies","article_publisher":"https:\/\/www.facebook.com\/Antwerpluxurycandlesupplies\/","article_modified_time":"2026-05-15T08:13:29+00:00","og_image":[{"width":1080,"height":1350,"url":"https:\/\/luxurycandlesupplies.eu\/app\/uploads\/2025\/09\/1.png","type":"image\/png"}],"twitter_card":"summary_large_image","twitter_misc":{"Gesch\u00e4tzte Lesezeit":"1 minute"},"schema":{"@context":"https:\/\/schema.org","@graph":[{"@type":"WebPage","@id":"https:\/\/luxurycandlesupplies.eu\/product\/car-diffuser-amber-8ml\/","url":"https:\/\/luxurycandlesupplies.eu\/product\/car-diffuser-amber-8ml\/","name":"Auto Diffusor Amber 8ml - Antwerpener Luxuskerzenbedarf","isPartOf":{"@id":"https:\/\/luxurycandlesupplies.eu\/#website"},"primaryImageOfPage":{"@id":"https:\/\/luxurycandlesupplies.eu\/product\/car-diffuser-amber-8ml\/#primaryimage"},"image":{"@id":"https:\/\/luxurycandlesupplies.eu\/product\/car-diffuser-amber-8ml\/#primaryimage"},"thumbnailUrl":"https:\/\/luxurycandlesupplies.eu\/app\/uploads\/2025\/09\/1.png","datePublished":"2025-09-06T06:06:39+00:00","dateModified":"2026-05-15T08:13:29+00:00","breadcrumb":{"@id":"https:\/\/luxurycandlesupplies.eu\/product\/car-diffuser-amber-8ml\/#breadcrumb"},"inLanguage":"de-DE","potentialAction":[{"@type":"ReadAction","target":["https:\/\/luxurycandlesupplies.eu\/product\/car-diffuser-amber-8ml\/"]}]},{"@type":"ImageObject","inLanguage":"de-DE","@id":"https:\/\/luxurycandlesupplies.eu\/product\/car-diffuser-amber-8ml\/#primaryimage","url":"https:\/\/luxurycandlesupplies.eu\/app\/uploads\/2025\/09\/1.png","contentUrl":"https:\/\/luxurycandlesupplies.eu\/app\/uploads\/2025\/09\/1.png","width":1080,"height":1350},{"@type":"BreadcrumbList","@id":"https:\/\/luxurycandlesupplies.eu\/product\/car-diffuser-amber-8ml\/#breadcrumb","itemListElement":[{"@type":"ListItem","position":1,"name":"Home","item":"https:\/\/luxurycandlesupplies.eu\/"},{"@type":"ListItem","position":2,"name":"Shop","item":"https:\/\/luxurycandlesupplies.eu\/shop\/"},{"@type":"ListItem","position":3,"name":"Car Diffuser Amber 8ml"}]},{"@type":"WebSite","@id":"https:\/\/luxurycandlesupplies.eu\/#website","url":"https:\/\/luxurycandlesupplies.eu\/","name":"Antwerpener Luxus-Kerzen-Bedarf","description":"Vertreiber von Sojawachs f\u00fcr alle Jahreszeiten","publisher":{"@id":"https:\/\/luxurycandlesupplies.eu\/#organization"},"potentialAction":[{"@type":"SearchAction","target":{"@type":"EntryPoint","urlTemplate":"https:\/\/luxurycandlesupplies.eu\/?s={search_term_string}"},"query-input":{"@type":"PropertyValueSpecification","valueRequired":true,"valueName":"search_term_string"}}],"inLanguage":"de-DE"},{"@type":"Organization","@id":"https:\/\/luxurycandlesupplies.eu\/#organization","name":"Antwerpener Luxus-Kerzen-Bedarf","url":"https:\/\/luxurycandlesupplies.eu\/","logo":{"@type":"ImageObject","inLanguage":"de-DE","@id":"https:\/\/luxurycandlesupplies.eu\/#\/schema\/logo\/image\/","url":"https:\/\/luxurycandlesupplies.eu\/app\/uploads\/2022\/03\/antwerp-luxury-candle-supplies-1x.png","contentUrl":"https:\/\/luxurycandlesupplies.eu\/app\/uploads\/2022\/03\/antwerp-luxury-candle-supplies-1x.png","width":330,"height":60,"caption":"Antwerp Luxury Candle Supplies"},"image":{"@id":"https:\/\/luxurycandlesupplies.eu\/#\/schema\/logo\/image\/"},"sameAs":["https:\/\/www.facebook.com\/Antwerpluxurycandlesupplies\/","https:\/\/www.instagram.com\/antwerp_luxury_candle_supplies\/","https:\/\/pin.it\/7joOXRW"]}]}},"_links":{"self":[{"href":"https:\/\/luxurycandlesupplies.eu\/de\/wp-json\/wp\/v2\/product\/23176","targetHints":{"allow":["GET"]}}],"collection":[{"href":"https:\/\/luxurycandlesupplies.eu\/de\/wp-json\/wp\/v2\/product"}],"about":[{"href":"https:\/\/luxurycandlesupplies.eu\/de\/wp-json\/wp\/v2\/types\/product"}],"wp:featuredmedia":[{"embeddable":true,"href":"https:\/\/luxurycandlesupplies.eu\/de\/wp-json\/wp\/v2\/media\/28562"}],"wp:attachment":[{"href":"https:\/\/luxurycandlesupplies.eu\/de\/wp-json\/wp\/v2\/media?parent=23176"}],"wp:term":[{"taxonomy":"product_brand","embeddable":true,"href":"https:\/\/luxurycandlesupplies.eu\/de\/wp-json\/wp\/v2\/product_brand?post=23176"},{"taxonomy":"product_cat","embeddable":true,"href":"https:\/\/luxurycandlesupplies.eu\/de\/wp-json\/wp\/v2\/product_cat?post=23176"},{"taxonomy":"product_tag","embeddable":true,"href":"https:\/\/luxurycandlesupplies.eu\/de\/wp-json\/wp\/v2\/product_tag?post=23176"}],"curies":[{"name":"wp","href":"https:\/\/api.w.org\/{rel}","templated":true}]}}