{"id":24159,"date":"2025-10-14T12:36:16","date_gmt":"2025-10-14T10:36:16","guid":{"rendered":"https:\/\/luxurycandlesupplies.eu\/?post_type=product&#038;p=24159"},"modified":"2026-05-14T18:33:02","modified_gmt":"2026-05-14T16:33:02","slug":"urban-xs-creme-frohe-weihnachten-rot-grun","status":"publish","type":"product","link":"https:\/\/luxurycandlesupplies.eu\/de\/product\/urban-xs-cream-merry-christmas-red-green\/","title":{"rendered":"Urban XS - Fr\u00f6hliche Weihnachten Rot &amp; Gr\u00fcn"},"content":{"rendered":"<h4>BESCHREIBUNG<\/h4>\n<hr \/>\n<p><strong data-start=\"47\" data-end=\"92\">Urban XS in Creme - Weihnachtsausgabe\u00a0<\/strong><\/p>\n<p><br data-start=\"92\" data-end=\"95\" \/>Unser beliebtes Urban XS-Glas in einer sanften Cremefarbe, jetzt mit einem festlichen Weihnachtsdruck. Perfekt zum Mischen und Kombinieren mit anderen Designs!<br data-start=\"264\" data-end=\"267\" \/>Erh\u00e4ltlich als Einzelst\u00fcck oder als Teil eines charmanten Geschenksets mit einer luxuri\u00f6sen Verpackung.<\/p>\n<p><br data-start=\"352\" data-end=\"355\" \/>Ideal f\u00fcr Weihnachtsgeschenke, gem\u00fctliche Winterstimmung oder um Ihrer Kerzensammlung einen Hauch von Weihnachtszauber zu verleihen.<\/p>","protected":false},"excerpt":{"rendered":"<h3>SPEZIFIKATIONEN<\/h3>\n<hr \/>\n<p><strong>\u00c4u\u00dfere Abmessungen<\/strong>: 65 mm\u2300 x 70 mmH<br \/>\n<strong>Innere Abmessungen:\u00a0<\/strong> 63 mm\u2300 x 67 mmH<br \/>\n<strong>Kapazit\u00e4t des Schiffes<\/strong>: 200 ml<br \/>\n<strong>Ungef\u00e4hres Wachsvolumen<\/strong>: 180g (dies ist nur ein Richtwert und h\u00e4ngt von den Vorlieben des jeweiligen Benutzers ab)<br \/>\n<strong>Gewicht des Schiffes<\/strong>: 0,064 g<\/p>\n<p><strong>Geeigneter Deckel<\/strong>: TBA<br \/>\n<strong>Empfohlene Dochtgr\u00f6\u00dfe*<\/strong>:<br \/>\n*Bitte beachten Sie, dass wir den Benutzern empfehlen, ihre eigenen Dochttests mit verschiedenen Wachs- und \u00d6lmischungen durchzuf\u00fchren, die sie zu verwenden beabsichtigen.<\/p>\n<p>Erh\u00e4ltlich in einzelnen Einheiten.<strong><br \/>\nGr\u00f6\u00dfe des Kartons<\/strong>: 48 Einheiten<\/p>\n<p><strong>Verpackung:\u00a0<a href=\"https:\/\/luxurycandlesupplies.eu\/de\/produkt\/dreifach-geschenkbox-matt-glanzend-schwarz-fur-3x-vogue-urban-s\/\">Dreifach-Geschenkbox - matt\/gl\u00e4nzend schwarz f\u00fcr 3x Urban XS<\/a><\/strong><\/p>\n<p>Bitte beachten Sie, dass das Produktfoto in Bezug auf die Farbe aufgrund von Beleuchtung und\/oder Herstellung vom tats\u00e4chlichen Artikel abweichen kann.<\/p>","protected":false},"featured_media":24160,"template":"","meta":{"_acf_changed":false,"site-sidebar-layout":"default","site-content-layout":"default","ast-site-content-layout":"default","site-content-style":"default","site-sidebar-style":"default","ast-global-header-display":"","ast-banner-title-visibility":"","ast-main-header-display":"","ast-hfb-above-header-display":"","ast-hfb-below-header-display":"","ast-hfb-mobile-header-display":"","site-post-title":"","ast-breadcrumbs-content":"","ast-featured-img":"","footer-sml-layout":"","ast-disable-related-posts":"","theme-transparent-header-meta":"default","adv-header-id-meta":"","stick-header-meta":"","header-above-stick-meta":"","header-main-stick-meta":"","header-below-stick-meta":"","astra-migrate-meta-layouts":"set","ast-page-background-enabled":"default","ast-page-background-meta":{"desktop":{"background-color":"","background-image":"","background-repeat":"repeat","background-position":"center center","background-size":"auto","background-attachment":"scroll","background-type":"","background-media":"","overlay-type":"","overlay-color":"","overlay-opacity":"","overlay-gradient":""},"tablet":{"background-color":"","background-image":"","background-repeat":"repeat","background-position":"center center","background-size":"auto","background-attachment":"scroll","background-type":"","background-media":"","overlay-type":"","overlay-color":"","overlay-opacity":"","overlay-gradient":""},"mobile":{"background-color":"","background-image":"","background-repeat":"repeat","background-position":"center center","background-size":"auto","background-attachment":"scroll","background-type":"","background-media":"","overlay-type":"","overlay-color":"","overlay-opacity":"","overlay-gradient":""}},"ast-content-background-meta":{"desktop":{"background-color":"var(--ast-global-color-5)","background-image":"","background-repeat":"repeat","background-position":"center center","background-size":"auto","background-attachment":"scroll","background-type":"","background-media":"","overlay-type":"","overlay-color":"","overlay-opacity":"","overlay-gradient":""},"tablet":{"background-color":"var(--ast-global-color-5)","background-image":"","background-repeat":"repeat","background-position":"center center","background-size":"auto","background-attachment":"scroll","background-type":"","background-media":"","overlay-type":"","overlay-color":"","overlay-opacity":"","overlay-gradient":""},"mobile":{"background-color":"var(--ast-global-color-5)","background-image":"","background-repeat":"repeat","background-position":"center center","background-size":"auto","background-attachment":"scroll","background-type":"","background-media":"","overlay-type":"","overlay-color":"","overlay-opacity":"","overlay-gradient":""}}},"product_brand":[],"product_cat":[287],"product_tag":[59,1546,1675,75,76,77,1674],"class_list":{"0":"post-24159","1":"product","2":"type-product","3":"status-publish","4":"has-post-thumbnail","6":"product_cat-christmas_jars","7":"product_tag-christmas","8":"product_tag-cream-white","9":"product_tag-extra-small","10":"product_tag-glassware","11":"product_tag-urban-collection","12":"product_tag-urban-jar","13":"product_tag-xs","14":"desktop-align-left","15":"tablet-align-left","16":"mobile-align-left","17":"ast-product-gallery-layout-horizontal-slider","18":"ast-product-tabs-layout-horizontal","20":"first","21":"instock","22":"taxable","23":"shipping-taxable","24":"purchasable","25":"product-type-simple"},"acf":[],"yoast_head":"<title>Urban XS - Merry Christmas Red &amp; Green - Antwerp Luxury Candle Supplies<\/title>\n<meta name=\"robots\" content=\"index, follow, max-snippet:-1, max-image-preview:large, max-video-preview:-1\" \/>\n<link rel=\"canonical\" href=\"https:\/\/luxurycandlesupplies.eu\/de\/produkt\/urban-xs-creme-frohe-weihnachten-rot-grun\/\" \/>\n<meta property=\"og:locale\" content=\"de_DE\" \/>\n<meta property=\"og:type\" content=\"article\" \/>\n<meta property=\"og:title\" content=\"Urban XS - Merry Christmas Red &amp; Green - Antwerp Luxury Candle Supplies\" \/>\n<meta property=\"og:description\" content=\"SPECIFICATIONS    External Dimensions:\u00a0 65 mm\u2300 x 70 mmH Inner Dimensions:\u00a0 63 mm\u2300 x 67 mmH Vessel capacity: 200 ml Approximate wax capacity: 180g (this is a suggested pour capacity only and is subject to each users preference) Vessel weight: 0,064 g  Suitable Lid: TBA Suggested wick size*: *Please note, we recommend users conduct their own wick tests with different blends of wax and oil that they intend to use.  Available in single units. Carton size: 48 units  Packaging:\u00a0Triple Gift Box \u2013 Matte\/gloss black for 3x Urban XS  Please note, product photo may differ from actual item in terms of colour due to lighting and\/or manufacturing.\" \/>\n<meta property=\"og:url\" content=\"https:\/\/luxurycandlesupplies.eu\/de\/produkt\/urban-xs-creme-frohe-weihnachten-rot-grun\/\" \/>\n<meta property=\"og:site_name\" content=\"Antwerp Luxury Candle Supplies\" \/>\n<meta property=\"article:publisher\" content=\"https:\/\/www.facebook.com\/Antwerpluxurycandlesupplies\/\" \/>\n<meta property=\"article:modified_time\" content=\"2026-05-14T16:33:02+00:00\" \/>\n<meta property=\"og:image\" content=\"https:\/\/luxurycandlesupplies.eu\/app\/uploads\/2025\/10\/Christmas-7.png\" \/>\n\t<meta property=\"og:image:width\" content=\"1080\" \/>\n\t<meta property=\"og:image:height\" content=\"1080\" \/>\n\t<meta property=\"og:image:type\" content=\"image\/png\" \/>\n<meta name=\"twitter:card\" content=\"summary_large_image\" \/>\n<meta name=\"twitter:label1\" content=\"Gesch\u00e4tzte Lesezeit\" \/>\n\t<meta name=\"twitter:data1\" content=\"1 minute\" \/>\n<script type=\"application\/ld+json\" class=\"yoast-schema-graph\">{\"@context\":\"https:\\\/\\\/schema.org\",\"@graph\":[{\"@type\":\"WebPage\",\"@id\":\"https:\\\/\\\/luxurycandlesupplies.eu\\\/product\\\/urban-xs-cream-merry-christmas-red-green\\\/\",\"url\":\"https:\\\/\\\/luxurycandlesupplies.eu\\\/product\\\/urban-xs-cream-merry-christmas-red-green\\\/\",\"name\":\"Urban XS - Merry Christmas Red & Green - Antwerp Luxury Candle Supplies\",\"isPartOf\":{\"@id\":\"https:\\\/\\\/luxurycandlesupplies.eu\\\/#website\"},\"primaryImageOfPage\":{\"@id\":\"https:\\\/\\\/luxurycandlesupplies.eu\\\/product\\\/urban-xs-cream-merry-christmas-red-green\\\/#primaryimage\"},\"image\":{\"@id\":\"https:\\\/\\\/luxurycandlesupplies.eu\\\/product\\\/urban-xs-cream-merry-christmas-red-green\\\/#primaryimage\"},\"thumbnailUrl\":\"https:\\\/\\\/luxurycandlesupplies.eu\\\/app\\\/uploads\\\/2025\\\/10\\\/Christmas-7.png\",\"datePublished\":\"2025-10-14T10:36:16+00:00\",\"dateModified\":\"2026-05-14T16:33:02+00:00\",\"breadcrumb\":{\"@id\":\"https:\\\/\\\/luxurycandlesupplies.eu\\\/product\\\/urban-xs-cream-merry-christmas-red-green\\\/#breadcrumb\"},\"inLanguage\":\"de-DE\",\"potentialAction\":[{\"@type\":\"ReadAction\",\"target\":[\"https:\\\/\\\/luxurycandlesupplies.eu\\\/product\\\/urban-xs-cream-merry-christmas-red-green\\\/\"]}]},{\"@type\":\"ImageObject\",\"inLanguage\":\"de-DE\",\"@id\":\"https:\\\/\\\/luxurycandlesupplies.eu\\\/product\\\/urban-xs-cream-merry-christmas-red-green\\\/#primaryimage\",\"url\":\"https:\\\/\\\/luxurycandlesupplies.eu\\\/app\\\/uploads\\\/2025\\\/10\\\/Christmas-7.png\",\"contentUrl\":\"https:\\\/\\\/luxurycandlesupplies.eu\\\/app\\\/uploads\\\/2025\\\/10\\\/Christmas-7.png\",\"width\":1080,\"height\":1080},{\"@type\":\"BreadcrumbList\",\"@id\":\"https:\\\/\\\/luxurycandlesupplies.eu\\\/product\\\/urban-xs-cream-merry-christmas-red-green\\\/#breadcrumb\",\"itemListElement\":[{\"@type\":\"ListItem\",\"position\":1,\"name\":\"Home\",\"item\":\"https:\\\/\\\/luxurycandlesupplies.eu\\\/\"},{\"@type\":\"ListItem\",\"position\":2,\"name\":\"Shop\",\"item\":\"https:\\\/\\\/luxurycandlesupplies.eu\\\/shop\\\/\"},{\"@type\":\"ListItem\",\"position\":3,\"name\":\"Urban XS &#8211; Merry Christmas Red &#038; Green\"}]},{\"@type\":\"WebSite\",\"@id\":\"https:\\\/\\\/luxurycandlesupplies.eu\\\/#website\",\"url\":\"https:\\\/\\\/luxurycandlesupplies.eu\\\/\",\"name\":\"Antwerp Luxury Candle Supplies\",\"description\":\"Distributor of all seasons soy wax\",\"publisher\":{\"@id\":\"https:\\\/\\\/luxurycandlesupplies.eu\\\/#organization\"},\"potentialAction\":[{\"@type\":\"SearchAction\",\"target\":{\"@type\":\"EntryPoint\",\"urlTemplate\":\"https:\\\/\\\/luxurycandlesupplies.eu\\\/?s={search_term_string}\"},\"query-input\":{\"@type\":\"PropertyValueSpecification\",\"valueRequired\":true,\"valueName\":\"search_term_string\"}}],\"inLanguage\":\"de-DE\"},{\"@type\":\"Organization\",\"@id\":\"https:\\\/\\\/luxurycandlesupplies.eu\\\/#organization\",\"name\":\"Antwerp Luxury Candle Supplies\",\"url\":\"https:\\\/\\\/luxurycandlesupplies.eu\\\/\",\"logo\":{\"@type\":\"ImageObject\",\"inLanguage\":\"de-DE\",\"@id\":\"https:\\\/\\\/luxurycandlesupplies.eu\\\/#\\\/schema\\\/logo\\\/image\\\/\",\"url\":\"https:\\\/\\\/luxurycandlesupplies.eu\\\/app\\\/uploads\\\/2022\\\/03\\\/antwerp-luxury-candle-supplies-1x.png\",\"contentUrl\":\"https:\\\/\\\/luxurycandlesupplies.eu\\\/app\\\/uploads\\\/2022\\\/03\\\/antwerp-luxury-candle-supplies-1x.png\",\"width\":330,\"height\":60,\"caption\":\"Antwerp Luxury Candle Supplies\"},\"image\":{\"@id\":\"https:\\\/\\\/luxurycandlesupplies.eu\\\/#\\\/schema\\\/logo\\\/image\\\/\"},\"sameAs\":[\"https:\\\/\\\/www.facebook.com\\\/Antwerpluxurycandlesupplies\\\/\",\"https:\\\/\\\/www.instagram.com\\\/antwerp_luxury_candle_supplies\\\/\",\"https:\\\/\\\/pin.it\\\/7joOXRW\"]}]}<\/script>","yoast_head_json":{"title":"Urban XS - Fr\u00f6hliche Weihnachten Rot &amp; Gr\u00fcn - Antwerpener Luxuskerzenbedarf","robots":{"index":"index","follow":"follow","max-snippet":"max-snippet:-1","max-image-preview":"max-image-preview:large","max-video-preview":"max-video-preview:-1"},"canonical":"https:\/\/luxurycandlesupplies.eu\/de\/produkt\/urban-xs-creme-frohe-weihnachten-rot-grun\/","og_locale":"de_DE","og_type":"article","og_title":"Urban XS - Merry Christmas Red & Green - Antwerp Luxury Candle Supplies","og_description":"SPECIFICATIONS    External Dimensions:\u00a0 65 mm\u2300 x 70 mmH Inner Dimensions:\u00a0 63 mm\u2300 x 67 mmH Vessel capacity: 200 ml Approximate wax capacity: 180g (this is a suggested pour capacity only and is subject to each users preference) Vessel weight: 0,064 g  Suitable Lid: TBA Suggested wick size*: *Please note, we recommend users conduct their own wick tests with different blends of wax and oil that they intend to use.  Available in single units. Carton size: 48 units  Packaging:\u00a0Triple Gift Box \u2013 Matte\/gloss black for 3x Urban XS  Please note, product photo may differ from actual item in terms of colour due to lighting and\/or manufacturing.","og_url":"https:\/\/luxurycandlesupplies.eu\/de\/produkt\/urban-xs-creme-frohe-weihnachten-rot-grun\/","og_site_name":"Antwerp Luxury Candle Supplies","article_publisher":"https:\/\/www.facebook.com\/Antwerpluxurycandlesupplies\/","article_modified_time":"2026-05-14T16:33:02+00:00","og_image":[{"width":1080,"height":1080,"url":"https:\/\/luxurycandlesupplies.eu\/app\/uploads\/2025\/10\/Christmas-7.png","type":"image\/png"}],"twitter_card":"summary_large_image","twitter_misc":{"Gesch\u00e4tzte Lesezeit":"1 minute"},"schema":{"@context":"https:\/\/schema.org","@graph":[{"@type":"WebPage","@id":"https:\/\/luxurycandlesupplies.eu\/product\/urban-xs-cream-merry-christmas-red-green\/","url":"https:\/\/luxurycandlesupplies.eu\/product\/urban-xs-cream-merry-christmas-red-green\/","name":"Urban XS - Fr\u00f6hliche Weihnachten Rot &amp; Gr\u00fcn - Antwerpener Luxuskerzenbedarf","isPartOf":{"@id":"https:\/\/luxurycandlesupplies.eu\/#website"},"primaryImageOfPage":{"@id":"https:\/\/luxurycandlesupplies.eu\/product\/urban-xs-cream-merry-christmas-red-green\/#primaryimage"},"image":{"@id":"https:\/\/luxurycandlesupplies.eu\/product\/urban-xs-cream-merry-christmas-red-green\/#primaryimage"},"thumbnailUrl":"https:\/\/luxurycandlesupplies.eu\/app\/uploads\/2025\/10\/Christmas-7.png","datePublished":"2025-10-14T10:36:16+00:00","dateModified":"2026-05-14T16:33:02+00:00","breadcrumb":{"@id":"https:\/\/luxurycandlesupplies.eu\/product\/urban-xs-cream-merry-christmas-red-green\/#breadcrumb"},"inLanguage":"de-DE","potentialAction":[{"@type":"ReadAction","target":["https:\/\/luxurycandlesupplies.eu\/product\/urban-xs-cream-merry-christmas-red-green\/"]}]},{"@type":"ImageObject","inLanguage":"de-DE","@id":"https:\/\/luxurycandlesupplies.eu\/product\/urban-xs-cream-merry-christmas-red-green\/#primaryimage","url":"https:\/\/luxurycandlesupplies.eu\/app\/uploads\/2025\/10\/Christmas-7.png","contentUrl":"https:\/\/luxurycandlesupplies.eu\/app\/uploads\/2025\/10\/Christmas-7.png","width":1080,"height":1080},{"@type":"BreadcrumbList","@id":"https:\/\/luxurycandlesupplies.eu\/product\/urban-xs-cream-merry-christmas-red-green\/#breadcrumb","itemListElement":[{"@type":"ListItem","position":1,"name":"Home","item":"https:\/\/luxurycandlesupplies.eu\/"},{"@type":"ListItem","position":2,"name":"Shop","item":"https:\/\/luxurycandlesupplies.eu\/shop\/"},{"@type":"ListItem","position":3,"name":"Urban XS &#8211; Merry Christmas Red &#038; Green"}]},{"@type":"WebSite","@id":"https:\/\/luxurycandlesupplies.eu\/#website","url":"https:\/\/luxurycandlesupplies.eu\/","name":"Antwerpener Luxus-Kerzen-Bedarf","description":"Vertreiber von Sojawachs f\u00fcr alle Jahreszeiten","publisher":{"@id":"https:\/\/luxurycandlesupplies.eu\/#organization"},"potentialAction":[{"@type":"SearchAction","target":{"@type":"EntryPoint","urlTemplate":"https:\/\/luxurycandlesupplies.eu\/?s={search_term_string}"},"query-input":{"@type":"PropertyValueSpecification","valueRequired":true,"valueName":"search_term_string"}}],"inLanguage":"de-DE"},{"@type":"Organization","@id":"https:\/\/luxurycandlesupplies.eu\/#organization","name":"Antwerpener Luxus-Kerzen-Bedarf","url":"https:\/\/luxurycandlesupplies.eu\/","logo":{"@type":"ImageObject","inLanguage":"de-DE","@id":"https:\/\/luxurycandlesupplies.eu\/#\/schema\/logo\/image\/","url":"https:\/\/luxurycandlesupplies.eu\/app\/uploads\/2022\/03\/antwerp-luxury-candle-supplies-1x.png","contentUrl":"https:\/\/luxurycandlesupplies.eu\/app\/uploads\/2022\/03\/antwerp-luxury-candle-supplies-1x.png","width":330,"height":60,"caption":"Antwerp Luxury Candle Supplies"},"image":{"@id":"https:\/\/luxurycandlesupplies.eu\/#\/schema\/logo\/image\/"},"sameAs":["https:\/\/www.facebook.com\/Antwerpluxurycandlesupplies\/","https:\/\/www.instagram.com\/antwerp_luxury_candle_supplies\/","https:\/\/pin.it\/7joOXRW"]}]}},"_links":{"self":[{"href":"https:\/\/luxurycandlesupplies.eu\/de\/wp-json\/wp\/v2\/product\/24159","targetHints":{"allow":["GET"]}}],"collection":[{"href":"https:\/\/luxurycandlesupplies.eu\/de\/wp-json\/wp\/v2\/product"}],"about":[{"href":"https:\/\/luxurycandlesupplies.eu\/de\/wp-json\/wp\/v2\/types\/product"}],"wp:featuredmedia":[{"embeddable":true,"href":"https:\/\/luxurycandlesupplies.eu\/de\/wp-json\/wp\/v2\/media\/24160"}],"wp:attachment":[{"href":"https:\/\/luxurycandlesupplies.eu\/de\/wp-json\/wp\/v2\/media?parent=24159"}],"wp:term":[{"taxonomy":"product_brand","embeddable":true,"href":"https:\/\/luxurycandlesupplies.eu\/de\/wp-json\/wp\/v2\/product_brand?post=24159"},{"taxonomy":"product_cat","embeddable":true,"href":"https:\/\/luxurycandlesupplies.eu\/de\/wp-json\/wp\/v2\/product_cat?post=24159"},{"taxonomy":"product_tag","embeddable":true,"href":"https:\/\/luxurycandlesupplies.eu\/de\/wp-json\/wp\/v2\/product_tag?post=24159"}],"curies":[{"name":"wp","href":"https:\/\/api.w.org\/{rel}","templated":true}]}}