{"id":27004,"date":"2026-01-20T11:55:02","date_gmt":"2026-01-20T10:55:02","guid":{"rendered":"https:\/\/luxurycandlesupplies.eu\/?post_type=product&#038;p=27004"},"modified":"2026-04-21T11:32:06","modified_gmt":"2026-04-21T09:32:06","slug":"gebrauchsfertige-diffusormischung","status":"publish","type":"product","link":"https:\/\/luxurycandlesupplies.eu\/de\/product\/ready-to-use-diffuser-blend\/","title":{"rendered":"Gebrauchsfertige \u2018Diffusormischung\u2019"},"content":{"rendered":"<h3>BESCHREIBUNG<\/h3>\n<div>\n<p>&nbsp;<\/p>\n<h2>Gebrauchsfertige \u2018Diffusormischung\u2019<\/h2>\n<p>&nbsp;<\/p>\n<\/div>\n<p data-start=\"33\" data-end=\"138\">Wir haben die perfekte Formel entwickelt, um mit Leichtigkeit und Best\u00e4ndigkeit hochwertige Rohrblattdiffusoren herzustellen.<\/p>\n<p data-start=\"140\" data-end=\"356\">Unsere gebrauchsfertige Diffusormischung ist so konzipiert, dass die Herstellung von Diffusoren nicht mehr kompliziert ist. Kein Abwiegen, Berechnen oder K\u00e4mpfen mit Mischungsverh\u00e4ltnissen mehr. F\u00fcgen Sie einfach Ihr Duft\u00f6l hinzu, mischen Sie es, gie\u00dfen Sie es und Ihr Diffusor ist fertig!<\/p>\n<p data-start=\"358\" data-end=\"506\">Diese professionell ausbalancierte Basis sorgt f\u00fcr eine hervorragende Duftverbreitung, Klarheit und Stabilit\u00e4t, so dass Sie jedes Mal ein zuverl\u00e4ssiges und erstklassiges Ergebnis erzielen.<\/p>\n<p data-start=\"358\" data-end=\"506\">\n<p data-start=\"508\" data-end=\"812\"><strong data-start=\"508\" data-end=\"522\">Wie zu verwenden:<\/strong><br data-start=\"522\" data-end=\"525\" \/>Geben Sie das von Ihnen gew\u00e4hlte Duft\u00f6l in die Diffusormischung und mischen Sie es vorsichtig f\u00fcr <strong data-start=\"71\" data-end=\"84\">2 Minuten<\/strong> um eine gleichm\u00e4\u00dfige und stabile Mischung zu gew\u00e4hrleisten.<\/p>\n<p data-start=\"508\" data-end=\"812\">Der genaue prozentuale Anteil des Duftstoffs h\u00e4ngt von dem jeweiligen Parf\u00fcm ab und muss immer im IFRA-Dokument nachgesehen werden. Unter Kategorie 10A finden Sie die maximal zul\u00e4ssige Duftstoffkonzentration, die je nach Duftstoff variieren kann.<\/p>\n<p data-start=\"508\" data-end=\"812\">\n<p data-start=\"814\" data-end=\"1061\"><strong data-start=\"814\" data-end=\"846\">Warum werden Sie diese Mischung lieben?<\/strong><br data-start=\"846\" data-end=\"849\" \/>- Gebrauchsfertige Formel<br data-start=\"871\" data-end=\"874\" \/>- Kein Wiegen oder komplizierte Berechnungen<br data-start=\"915\" data-end=\"918\" \/>- Konsistente und professionelle Ergebnisse<br data-start=\"955\" data-end=\"958\" \/>- Ausgezeichnete Duftverbreitung<br data-start=\"985\" data-end=\"988\" \/>- Klare und stabile Basis<br data-start=\"1011\" data-end=\"1014\" \/>- Geeignet f\u00fcr eine breite Palette von Duft\u00f6len<\/p>\n<p data-start=\"814\" data-end=\"1061\">\n<p data-start=\"1063\" data-end=\"1218\">Diese Diffusormischung erm\u00f6glicht es Ihnen, schneller, sauberer und mit vollem Vertrauen zu arbeiten.<\/p>\n<p data-start=\"1220\" data-end=\"1240\" data-is-last-node=\"\" data-is-only-node=\"\">\n<div>\n<p>&nbsp;<\/p>\n<p>&nbsp;<\/p>\n<\/div>\n<h2>SICHERHEITSDOKUMENTE<\/h2>\n<p><a href=\"https:\/\/luxurycandlesupplies.eu\/app\/uploads\/2026\/01\/Ready_To_Use_Diffuser_Blend_SDS.pdf\">Gebrauchsfertig_Diffuser_Blend_SDS<\/a><\/p>\n<p>UFI: EK80-R0K8-X007-YUQE<\/p>\n<p><img decoding=\"async\" class=\"alignnone wp-image-23488\" src=\"https:\/\/luxurycandlesupplies.eu\/app\/uploads\/2025\/07\/Danger-3-300x300.png\" alt=\"\" width=\"96\" height=\"96\" srcset=\"https:\/\/luxurycandlesupplies.eu\/app\/uploads\/2025\/07\/Danger-3-300x300.png 300w, https:\/\/luxurycandlesupplies.eu\/app\/uploads\/2025\/07\/Danger-3-1024x1024.png 1024w, https:\/\/luxurycandlesupplies.eu\/app\/uploads\/2025\/07\/Danger-3-150x150.png 150w, https:\/\/luxurycandlesupplies.eu\/app\/uploads\/2025\/07\/Danger-3-768x768.png 768w, https:\/\/luxurycandlesupplies.eu\/app\/uploads\/2025\/07\/Danger-3-12x12.png 12w, https:\/\/luxurycandlesupplies.eu\/app\/uploads\/2025\/07\/Danger-3-600x600.png 600w, https:\/\/luxurycandlesupplies.eu\/app\/uploads\/2025\/07\/Danger-3-100x100.png 100w, https:\/\/luxurycandlesupplies.eu\/app\/uploads\/2025\/07\/Danger-3.png 1080w\" sizes=\"(max-width: 96px) 100vw, 96px\" \/><\/p>\n<p>NL: Waarschuwing - Veroorzaakt ernstige oogirritatie. Bij het inwinnen van medisch advies, de verpakking of het etiket ter beschikking houden. Buiten het bereik van kinderen houden.<\/p>\n<p>FR: Avertissement - Provoque une s\u00e9v\u00e8re irritation des yeux. En cas de consultation d'un m\u00e9decin, garder \u00e0 disposition le r\u00e9cipient ou l'\u00e9tiquette. Tenir hors de port\u00e9e des enfants.<\/p>\n<p>DE: Warnung - Verursacht schwere Augenreizung. Bei \u00e4rztlichem Rat Verpackung oder Kennzeichnungsetikett bereithalten. Darf nicht in die H\u00e4nde von Kindern gelangen.<\/p>\n<p>Stoffe: Ethanol; Propan-2-ol; Butanon; 1,3-Dioxolan-4-methanol, 2,2-dimethyl- ; Denatoniumbenzoaat<\/p>","protected":false},"excerpt":{"rendered":"<div>\n<h2>Gebrauchsfertige \u2018Diffusormischung\u2019<\/h2>\n<p>&nbsp;<\/p>\n<\/div>\n<p data-start=\"33\" data-end=\"138\">Wir haben die perfekte Formel entwickelt, um mit Leichtigkeit und Best\u00e4ndigkeit hochwertige Rohrblattdiffusoren herzustellen.<\/p>\n<p data-start=\"140\" data-end=\"356\">Unsere gebrauchsfertige Diffusormischung ist so konzipiert, dass die Herstellung von Diffusoren nicht mehr kompliziert ist. Kein Abwiegen, Berechnen oder K\u00e4mpfen mit Mischungsverh\u00e4ltnissen mehr. F\u00fcgen Sie einfach Ihr Duft\u00f6l hinzu, mischen Sie es, gie\u00dfen Sie es und Ihr Diffusor ist fertig!<\/p>\n<p data-start=\"358\" data-end=\"506\">Diese professionell ausbalancierte Basis sorgt f\u00fcr eine hervorragende Duftverbreitung, Klarheit und Stabilit\u00e4t, so dass Sie jedes Mal ein zuverl\u00e4ssiges und erstklassiges Ergebnis erzielen.<\/p>\n<p data-start=\"508\" data-end=\"812\"><strong data-start=\"508\" data-end=\"522\">Wie zu verwenden:<\/strong><br data-start=\"522\" data-end=\"525\" \/>Geben Sie das von Ihnen gew\u00e4hlte Duft\u00f6l in die Diffusormischung und mischen Sie es vorsichtig f\u00fcr <strong data-start=\"71\" data-end=\"84\">2 Minuten<\/strong> um eine gleichm\u00e4\u00dfige und stabile Mischung zu gew\u00e4hrleisten.<\/p>\n<p data-start=\"508\" data-end=\"812\">Der genaue prozentuale Anteil des Duftstoffs h\u00e4ngt von dem jeweiligen Parf\u00fcm ab und muss immer im IFRA-Dokument nachgesehen werden. Unter Kategorie 10A finden Sie die maximal zul\u00e4ssige Duftstoffkonzentration, die je nach Duftstoff variieren kann.<\/p>\n<p data-start=\"814\" data-end=\"1061\"><strong data-start=\"814\" data-end=\"846\">Warum werden Sie diese Mischung lieben?<\/strong><br data-start=\"846\" data-end=\"849\" \/>- Gebrauchsfertige Formel<br data-start=\"871\" data-end=\"874\" \/>- Kein Wiegen oder komplizierte Berechnungen<br data-start=\"915\" data-end=\"918\" \/>- Konsistente und professionelle Ergebnisse<br data-start=\"955\" data-end=\"958\" \/>- Ausgezeichnete Duftverbreitung<br data-start=\"985\" data-end=\"988\" \/>- Klare und stabile Basis<br data-start=\"1011\" data-end=\"1014\" \/>- Geeignet f\u00fcr eine breite Palette von Duft\u00f6len<\/p>\n<p data-start=\"1063\" data-end=\"1218\">Diese Diffusormischung erm\u00f6glicht es Ihnen, schneller, sauberer und mit vollem Vertrauen zu arbeiten.<\/p>\n<p data-start=\"1220\" data-end=\"1240\" data-is-last-node=\"\" data-is-only-node=\"\">\n<div>\n<p>&nbsp;<\/p>\n<\/div>","protected":false},"featured_media":27010,"template":"","meta":{"_acf_changed":false,"site-sidebar-layout":"default","site-content-layout":"default","ast-site-content-layout":"default","site-content-style":"default","site-sidebar-style":"default","ast-global-header-display":"","ast-banner-title-visibility":"","ast-main-header-display":"","ast-hfb-above-header-display":"","ast-hfb-below-header-display":"","ast-hfb-mobile-header-display":"","site-post-title":"","ast-breadcrumbs-content":"","ast-featured-img":"","footer-sml-layout":"","ast-disable-related-posts":"","theme-transparent-header-meta":"default","adv-header-id-meta":"","stick-header-meta":"","header-above-stick-meta":"","header-main-stick-meta":"","header-below-stick-meta":"","astra-migrate-meta-layouts":"set","ast-page-background-enabled":"default","ast-page-background-meta":{"desktop":{"background-color":"","background-image":"","background-repeat":"repeat","background-position":"center center","background-size":"auto","background-attachment":"scroll","background-type":"","background-media":"","overlay-type":"","overlay-color":"","overlay-opacity":"","overlay-gradient":""},"tablet":{"background-color":"","background-image":"","background-repeat":"repeat","background-position":"center center","background-size":"auto","background-attachment":"scroll","background-type":"","background-media":"","overlay-type":"","overlay-color":"","overlay-opacity":"","overlay-gradient":""},"mobile":{"background-color":"","background-image":"","background-repeat":"repeat","background-position":"center center","background-size":"auto","background-attachment":"scroll","background-type":"","background-media":"","overlay-type":"","overlay-color":"","overlay-opacity":"","overlay-gradient":""}},"ast-content-background-meta":{"desktop":{"background-color":"var(--ast-global-color-5)","background-image":"","background-repeat":"repeat","background-position":"center center","background-size":"auto","background-attachment":"scroll","background-type":"","background-media":"","overlay-type":"","overlay-color":"","overlay-opacity":"","overlay-gradient":""},"tablet":{"background-color":"var(--ast-global-color-5)","background-image":"","background-repeat":"repeat","background-position":"center center","background-size":"auto","background-attachment":"scroll","background-type":"","background-media":"","overlay-type":"","overlay-color":"","overlay-opacity":"","overlay-gradient":""},"mobile":{"background-color":"var(--ast-global-color-5)","background-image":"","background-repeat":"repeat","background-position":"center center","background-size":"auto","background-attachment":"scroll","background-type":"","background-media":"","overlay-type":"","overlay-color":"","overlay-opacity":"","overlay-gradient":""}}},"product_brand":[],"product_cat":[1648,1646,1329,1644],"product_tag":[1402,1403],"class_list":{"0":"post-27004","1":"product","2":"type-product","3":"status-publish","4":"has-post-thumbnail","6":"product_cat-diffuser-base","7":"product_cat-diffusers-diffusers","8":"product_cat-diffusers","9":"product_cat-fragrance-bases","10":"product_tag-diffuser-base","11":"product_tag-diffusers","12":"desktop-align-left","13":"tablet-align-left","14":"mobile-align-left","15":"ast-product-gallery-layout-horizontal-slider","16":"ast-product-single-variable","17":"ast-product-tabs-layout-horizontal","19":"first","20":"instock","21":"taxable","22":"shipping-taxable","23":"purchasable","24":"product-type-variable"},"acf":[],"yoast_head":"<title>Ready to use &#039;Diffuser Blend&#039; - Antwerp Luxury Candle Supplies<\/title>\n<meta name=\"robots\" content=\"index, follow, max-snippet:-1, max-image-preview:large, max-video-preview:-1\" \/>\n<link rel=\"canonical\" href=\"https:\/\/luxurycandlesupplies.eu\/de\/produkt\/gebrauchsfertige-diffusormischung\/\" \/>\n<meta property=\"og:locale\" content=\"de_DE\" \/>\n<meta property=\"og:type\" content=\"article\" \/>\n<meta property=\"og:title\" content=\"Ready to use &#039;Diffuser Blend&#039; - Antwerp Luxury Candle Supplies\" \/>\n<meta property=\"og:description\" content=\"Ready to use &#039;Diffuser Blend&#039; &nbsp;   We have developed the perfect formula for creating high-quality reed diffusers with ease and consistency. Our ready to use diffuser blend is designed to take the complexity out of diffuser making. No more weighing, calculating or struggling with ratios. Simply add your fragrance oil, mix, pour and your diffuser is ready! This professionally balanced base ensures excellent fragrance diffusion, clarity and stability, giving you a reliable and premium result every time. How to use:Add your chosen fragrance oil to the diffuser blend and mix gently for 2 minutes to ensure an even and stable blend. The exact fragrance percentage depends on the specific perfume and must always be checked in the IFRA document. Under category 10A you will find the maximum allowed fragrance concentration, which can vary per fragrance. Why you will love this blend?\u2022 Ready to use formula\u2022 No weighing or complicated calculations\u2022 Consistent and professional results\u2022 Excellent scent diffusion\u2022 Clear and stable base\u2022 Suitable for a wide range of fragrance oils This diffuser blend allows you to work faster, cleaner and with complete confidence.     &nbsp;\" \/>\n<meta property=\"og:url\" content=\"https:\/\/luxurycandlesupplies.eu\/de\/produkt\/gebrauchsfertige-diffusormischung\/\" \/>\n<meta property=\"og:site_name\" content=\"Antwerp Luxury Candle Supplies\" \/>\n<meta property=\"article:publisher\" content=\"https:\/\/www.facebook.com\/Antwerpluxurycandlesupplies\/\" \/>\n<meta property=\"article:modified_time\" content=\"2026-04-21T09:32:06+00:00\" \/>\n<meta property=\"og:image\" content=\"https:\/\/luxurycandlesupplies.eu\/app\/uploads\/2026\/01\/DiffuserBase.webp\" \/>\n\t<meta property=\"og:image:width\" content=\"788\" \/>\n\t<meta property=\"og:image:height\" content=\"836\" \/>\n\t<meta property=\"og:image:type\" content=\"image\/webp\" \/>\n<meta name=\"twitter:card\" content=\"summary_large_image\" \/>\n<meta name=\"twitter:label1\" content=\"Gesch\u00e4tzte Lesezeit\" \/>\n\t<meta name=\"twitter:data1\" content=\"2 minutes\" \/>\n<script type=\"application\/ld+json\" class=\"yoast-schema-graph\">{\"@context\":\"https:\\\/\\\/schema.org\",\"@graph\":[{\"@type\":\"WebPage\",\"@id\":\"https:\\\/\\\/luxurycandlesupplies.eu\\\/product\\\/ready-to-use-diffuser-blend\\\/\",\"url\":\"https:\\\/\\\/luxurycandlesupplies.eu\\\/product\\\/ready-to-use-diffuser-blend\\\/\",\"name\":\"Ready to use 'Diffuser Blend' - Antwerp Luxury Candle Supplies\",\"isPartOf\":{\"@id\":\"https:\\\/\\\/luxurycandlesupplies.eu\\\/#website\"},\"primaryImageOfPage\":{\"@id\":\"https:\\\/\\\/luxurycandlesupplies.eu\\\/product\\\/ready-to-use-diffuser-blend\\\/#primaryimage\"},\"image\":{\"@id\":\"https:\\\/\\\/luxurycandlesupplies.eu\\\/product\\\/ready-to-use-diffuser-blend\\\/#primaryimage\"},\"thumbnailUrl\":\"https:\\\/\\\/luxurycandlesupplies.eu\\\/app\\\/uploads\\\/2026\\\/01\\\/DiffuserBase.webp\",\"datePublished\":\"2026-01-20T10:55:02+00:00\",\"dateModified\":\"2026-04-21T09:32:06+00:00\",\"breadcrumb\":{\"@id\":\"https:\\\/\\\/luxurycandlesupplies.eu\\\/product\\\/ready-to-use-diffuser-blend\\\/#breadcrumb\"},\"inLanguage\":\"de-DE\",\"potentialAction\":[{\"@type\":\"ReadAction\",\"target\":[\"https:\\\/\\\/luxurycandlesupplies.eu\\\/product\\\/ready-to-use-diffuser-blend\\\/\"]}]},{\"@type\":\"ImageObject\",\"inLanguage\":\"de-DE\",\"@id\":\"https:\\\/\\\/luxurycandlesupplies.eu\\\/product\\\/ready-to-use-diffuser-blend\\\/#primaryimage\",\"url\":\"https:\\\/\\\/luxurycandlesupplies.eu\\\/app\\\/uploads\\\/2026\\\/01\\\/DiffuserBase.webp\",\"contentUrl\":\"https:\\\/\\\/luxurycandlesupplies.eu\\\/app\\\/uploads\\\/2026\\\/01\\\/DiffuserBase.webp\",\"width\":788,\"height\":836},{\"@type\":\"BreadcrumbList\",\"@id\":\"https:\\\/\\\/luxurycandlesupplies.eu\\\/product\\\/ready-to-use-diffuser-blend\\\/#breadcrumb\",\"itemListElement\":[{\"@type\":\"ListItem\",\"position\":1,\"name\":\"Home\",\"item\":\"https:\\\/\\\/luxurycandlesupplies.eu\\\/\"},{\"@type\":\"ListItem\",\"position\":2,\"name\":\"Shop\",\"item\":\"https:\\\/\\\/luxurycandlesupplies.eu\\\/shop\\\/\"},{\"@type\":\"ListItem\",\"position\":3,\"name\":\"Ready to use &#8216;Diffuser Blend&#8217;\"}]},{\"@type\":\"WebSite\",\"@id\":\"https:\\\/\\\/luxurycandlesupplies.eu\\\/#website\",\"url\":\"https:\\\/\\\/luxurycandlesupplies.eu\\\/\",\"name\":\"Antwerp Luxury Candle Supplies\",\"description\":\"Distributor of all seasons soy wax\",\"publisher\":{\"@id\":\"https:\\\/\\\/luxurycandlesupplies.eu\\\/#organization\"},\"potentialAction\":[{\"@type\":\"SearchAction\",\"target\":{\"@type\":\"EntryPoint\",\"urlTemplate\":\"https:\\\/\\\/luxurycandlesupplies.eu\\\/?s={search_term_string}\"},\"query-input\":{\"@type\":\"PropertyValueSpecification\",\"valueRequired\":true,\"valueName\":\"search_term_string\"}}],\"inLanguage\":\"de-DE\"},{\"@type\":\"Organization\",\"@id\":\"https:\\\/\\\/luxurycandlesupplies.eu\\\/#organization\",\"name\":\"Antwerp Luxury Candle Supplies\",\"url\":\"https:\\\/\\\/luxurycandlesupplies.eu\\\/\",\"logo\":{\"@type\":\"ImageObject\",\"inLanguage\":\"de-DE\",\"@id\":\"https:\\\/\\\/luxurycandlesupplies.eu\\\/#\\\/schema\\\/logo\\\/image\\\/\",\"url\":\"https:\\\/\\\/luxurycandlesupplies.eu\\\/app\\\/uploads\\\/2022\\\/03\\\/antwerp-luxury-candle-supplies-1x.png\",\"contentUrl\":\"https:\\\/\\\/luxurycandlesupplies.eu\\\/app\\\/uploads\\\/2022\\\/03\\\/antwerp-luxury-candle-supplies-1x.png\",\"width\":330,\"height\":60,\"caption\":\"Antwerp Luxury Candle Supplies\"},\"image\":{\"@id\":\"https:\\\/\\\/luxurycandlesupplies.eu\\\/#\\\/schema\\\/logo\\\/image\\\/\"},\"sameAs\":[\"https:\\\/\\\/www.facebook.com\\\/Antwerpluxurycandlesupplies\\\/\",\"https:\\\/\\\/www.instagram.com\\\/antwerp_luxury_candle_supplies\\\/\",\"https:\\\/\\\/pin.it\\\/7joOXRW\"]}]}<\/script>","yoast_head_json":{"title":"Gebrauchsfertige 'Diffuser-Mischung' - Antwerp Luxury Candle Supplies","robots":{"index":"index","follow":"follow","max-snippet":"max-snippet:-1","max-image-preview":"max-image-preview:large","max-video-preview":"max-video-preview:-1"},"canonical":"https:\/\/luxurycandlesupplies.eu\/de\/produkt\/gebrauchsfertige-diffusormischung\/","og_locale":"de_DE","og_type":"article","og_title":"Ready to use 'Diffuser Blend' - Antwerp Luxury Candle Supplies","og_description":"Ready to use 'Diffuser Blend' &nbsp;   We have developed the perfect formula for creating high-quality reed diffusers with ease and consistency. Our ready to use diffuser blend is designed to take the complexity out of diffuser making. No more weighing, calculating or struggling with ratios. Simply add your fragrance oil, mix, pour and your diffuser is ready! This professionally balanced base ensures excellent fragrance diffusion, clarity and stability, giving you a reliable and premium result every time. How to use:Add your chosen fragrance oil to the diffuser blend and mix gently for 2 minutes to ensure an even and stable blend. The exact fragrance percentage depends on the specific perfume and must always be checked in the IFRA document. Under category 10A you will find the maximum allowed fragrance concentration, which can vary per fragrance. Why you will love this blend?\u2022 Ready to use formula\u2022 No weighing or complicated calculations\u2022 Consistent and professional results\u2022 Excellent scent diffusion\u2022 Clear and stable base\u2022 Suitable for a wide range of fragrance oils This diffuser blend allows you to work faster, cleaner and with complete confidence.     &nbsp;","og_url":"https:\/\/luxurycandlesupplies.eu\/de\/produkt\/gebrauchsfertige-diffusormischung\/","og_site_name":"Antwerp Luxury Candle Supplies","article_publisher":"https:\/\/www.facebook.com\/Antwerpluxurycandlesupplies\/","article_modified_time":"2026-04-21T09:32:06+00:00","og_image":[{"width":788,"height":836,"url":"https:\/\/luxurycandlesupplies.eu\/app\/uploads\/2026\/01\/DiffuserBase.webp","type":"image\/webp"}],"twitter_card":"summary_large_image","twitter_misc":{"Gesch\u00e4tzte Lesezeit":"2 minutes"},"schema":{"@context":"https:\/\/schema.org","@graph":[{"@type":"WebPage","@id":"https:\/\/luxurycandlesupplies.eu\/product\/ready-to-use-diffuser-blend\/","url":"https:\/\/luxurycandlesupplies.eu\/product\/ready-to-use-diffuser-blend\/","name":"Gebrauchsfertige 'Diffuser-Mischung' - Antwerp Luxury Candle Supplies","isPartOf":{"@id":"https:\/\/luxurycandlesupplies.eu\/#website"},"primaryImageOfPage":{"@id":"https:\/\/luxurycandlesupplies.eu\/product\/ready-to-use-diffuser-blend\/#primaryimage"},"image":{"@id":"https:\/\/luxurycandlesupplies.eu\/product\/ready-to-use-diffuser-blend\/#primaryimage"},"thumbnailUrl":"https:\/\/luxurycandlesupplies.eu\/app\/uploads\/2026\/01\/DiffuserBase.webp","datePublished":"2026-01-20T10:55:02+00:00","dateModified":"2026-04-21T09:32:06+00:00","breadcrumb":{"@id":"https:\/\/luxurycandlesupplies.eu\/product\/ready-to-use-diffuser-blend\/#breadcrumb"},"inLanguage":"de-DE","potentialAction":[{"@type":"ReadAction","target":["https:\/\/luxurycandlesupplies.eu\/product\/ready-to-use-diffuser-blend\/"]}]},{"@type":"ImageObject","inLanguage":"de-DE","@id":"https:\/\/luxurycandlesupplies.eu\/product\/ready-to-use-diffuser-blend\/#primaryimage","url":"https:\/\/luxurycandlesupplies.eu\/app\/uploads\/2026\/01\/DiffuserBase.webp","contentUrl":"https:\/\/luxurycandlesupplies.eu\/app\/uploads\/2026\/01\/DiffuserBase.webp","width":788,"height":836},{"@type":"BreadcrumbList","@id":"https:\/\/luxurycandlesupplies.eu\/product\/ready-to-use-diffuser-blend\/#breadcrumb","itemListElement":[{"@type":"ListItem","position":1,"name":"Home","item":"https:\/\/luxurycandlesupplies.eu\/"},{"@type":"ListItem","position":2,"name":"Shop","item":"https:\/\/luxurycandlesupplies.eu\/shop\/"},{"@type":"ListItem","position":3,"name":"Ready to use &#8216;Diffuser Blend&#8217;"}]},{"@type":"WebSite","@id":"https:\/\/luxurycandlesupplies.eu\/#website","url":"https:\/\/luxurycandlesupplies.eu\/","name":"Antwerpener Luxus-Kerzen-Bedarf","description":"Vertreiber von Sojawachs f\u00fcr alle Jahreszeiten","publisher":{"@id":"https:\/\/luxurycandlesupplies.eu\/#organization"},"potentialAction":[{"@type":"SearchAction","target":{"@type":"EntryPoint","urlTemplate":"https:\/\/luxurycandlesupplies.eu\/?s={search_term_string}"},"query-input":{"@type":"PropertyValueSpecification","valueRequired":true,"valueName":"search_term_string"}}],"inLanguage":"de-DE"},{"@type":"Organization","@id":"https:\/\/luxurycandlesupplies.eu\/#organization","name":"Antwerpener Luxus-Kerzen-Bedarf","url":"https:\/\/luxurycandlesupplies.eu\/","logo":{"@type":"ImageObject","inLanguage":"de-DE","@id":"https:\/\/luxurycandlesupplies.eu\/#\/schema\/logo\/image\/","url":"https:\/\/luxurycandlesupplies.eu\/app\/uploads\/2022\/03\/antwerp-luxury-candle-supplies-1x.png","contentUrl":"https:\/\/luxurycandlesupplies.eu\/app\/uploads\/2022\/03\/antwerp-luxury-candle-supplies-1x.png","width":330,"height":60,"caption":"Antwerp Luxury Candle Supplies"},"image":{"@id":"https:\/\/luxurycandlesupplies.eu\/#\/schema\/logo\/image\/"},"sameAs":["https:\/\/www.facebook.com\/Antwerpluxurycandlesupplies\/","https:\/\/www.instagram.com\/antwerp_luxury_candle_supplies\/","https:\/\/pin.it\/7joOXRW"]}]}},"_links":{"self":[{"href":"https:\/\/luxurycandlesupplies.eu\/de\/wp-json\/wp\/v2\/product\/27004","targetHints":{"allow":["GET"]}}],"collection":[{"href":"https:\/\/luxurycandlesupplies.eu\/de\/wp-json\/wp\/v2\/product"}],"about":[{"href":"https:\/\/luxurycandlesupplies.eu\/de\/wp-json\/wp\/v2\/types\/product"}],"wp:featuredmedia":[{"embeddable":true,"href":"https:\/\/luxurycandlesupplies.eu\/de\/wp-json\/wp\/v2\/media\/27010"}],"wp:attachment":[{"href":"https:\/\/luxurycandlesupplies.eu\/de\/wp-json\/wp\/v2\/media?parent=27004"}],"wp:term":[{"taxonomy":"product_brand","embeddable":true,"href":"https:\/\/luxurycandlesupplies.eu\/de\/wp-json\/wp\/v2\/product_brand?post=27004"},{"taxonomy":"product_cat","embeddable":true,"href":"https:\/\/luxurycandlesupplies.eu\/de\/wp-json\/wp\/v2\/product_cat?post=27004"},{"taxonomy":"product_tag","embeddable":true,"href":"https:\/\/luxurycandlesupplies.eu\/de\/wp-json\/wp\/v2\/product_tag?post=27004"}],"curies":[{"name":"wp","href":"https:\/\/api.w.org\/{rel}","templated":true}]}}