{"id":29258,"date":"2026-04-10T14:18:12","date_gmt":"2026-04-10T12:18:12","guid":{"rendered":"https:\/\/luxurycandlesupplies.eu\/?post_type=product&#038;p=29258"},"modified":"2026-04-23T16:32:21","modified_gmt":"2026-04-23T14:32:21","slug":"dpg-dipropyleenglykol-2","status":"publish","type":"product","link":"https:\/\/luxurycandlesupplies.eu\/de\/product\/dpg-dipropyleenglycol-2\/","title":{"rendered":"DPG Dipropyleenglykol"},"content":{"rendered":"<h3>BESCHREIBUNG<\/h3>\n<div>\n<p>&nbsp;<\/p>\n<h2>DPG Dipropyleenglykol<\/h2>\n<p>&nbsp;<\/p>\n<\/div>\n<h2 data-start=\"82\" data-end=\"143\">Der unverzichtbare Dufttr\u00e4ger f\u00fcr hochwertige Rohrdiffusoren<\/h2>\n<p data-start=\"145\" data-end=\"388\">DPG ist eine kristallklare, nahezu geruchlose Fl\u00fcssigkeit, die sich in der gesamten Parf\u00fcmindustrie bew\u00e4hrt hat.<br data-start=\"239\" data-end=\"242\" \/>Seine au\u00dfergew\u00f6hnliche F\u00e4higkeit, sich mit Duft\u00f6len zu vermischen, macht es zum perfekten Tr\u00e4ger f\u00fcr die Herstellung von glatten, stabilen und hochwertigen <strong data-start=\"369\" data-end=\"387\">Rohrbel\u00fcfter<\/strong>.<\/p>\n<h3 data-start=\"390\" data-end=\"423\">Warum sollten Sie sich f\u00fcr DPG-Diffusoren entscheiden?<\/h3>\n<p data-start=\"425\" data-end=\"692\">DPG verbessert Ihre Diffusorformulierungen, indem es Folgendes gew\u00e4hrleistet <strong data-start=\"477\" data-end=\"524\">eine langsame, gleichm\u00e4\u00dfige und lang anhaltende Duftabgabe<\/strong> durch das Schilf.<br data-start=\"543\" data-end=\"546\" \/>Es verhindert eine schnelle Verdunstung, h\u00e4lt die Duftmischung sch\u00f6n gleichm\u00e4\u00dfig und verbessert die effektive Verbreitung des Duftes in den St\u00e4bchen.<\/p>\n<p data-start=\"694\" data-end=\"791\">Das Ergebnis ist ein raffiniertes, ausgewogenes und lang anhaltendes Dufterlebnis, das Ihre Kunden lieben werden.<\/p>\n<div>\n<p>&nbsp;<\/p>\n<p>&nbsp;<\/p>\n<\/div>\n<h2>SICHERHEITSDOKUMENTE<\/h2>\n<p>&nbsp;<\/p>\n<p><a href=\"https:\/\/luxurycandlesupplies.eu\/app\/uploads\/2025\/12\/SDS-DPG-1.pdf\">SDS DPG<\/a><\/p>","protected":false},"excerpt":{"rendered":"<div>\n<h3>BESCHREIBUNG<\/h3>\n<div>\n<p>&nbsp;<\/p>\n<h2>DPG Dipropyleenglykol<\/h2>\n<p>&nbsp;<\/p>\n<\/div>\n<h2 data-start=\"82\" data-end=\"143\">Der unverzichtbare Dufttr\u00e4ger f\u00fcr hochwertige Rohrdiffusoren<\/h2>\n<p data-start=\"145\" data-end=\"388\">DPG ist eine kristallklare, nahezu geruchlose Fl\u00fcssigkeit, die sich in der gesamten Parf\u00fcmindustrie bew\u00e4hrt hat.<br data-start=\"239\" data-end=\"242\" \/>Seine au\u00dfergew\u00f6hnliche F\u00e4higkeit, sich mit Duft\u00f6len zu vermischen, macht es zum perfekten Tr\u00e4ger f\u00fcr die Herstellung von glatten, stabilen und hochwertigen <strong data-start=\"369\" data-end=\"387\">Rohrbel\u00fcfter<\/strong>.<\/p>\n<h3 data-start=\"390\" data-end=\"423\">Warum sollten Sie sich f\u00fcr DPG-Diffusoren entscheiden?<\/h3>\n<p data-start=\"425\" data-end=\"692\">DPG verbessert Ihre Diffusorformulierungen, indem es Folgendes gew\u00e4hrleistet <strong data-start=\"477\" data-end=\"524\">eine langsame, gleichm\u00e4\u00dfige und lang anhaltende Duftabgabe<\/strong> durch das Schilf.<br data-start=\"543\" data-end=\"546\" \/>Es verhindert eine schnelle Verdunstung, h\u00e4lt die Duftmischung sch\u00f6n gleichm\u00e4\u00dfig und verbessert die effektive Verbreitung des Duftes in den St\u00e4bchen.<\/p>\n<p data-start=\"694\" data-end=\"791\">Das Ergebnis ist ein raffiniertes, ausgewogenes und lang anhaltendes Dufterlebnis, das Ihre Kunden lieben werden.<\/p>\n<div>\n<p>&nbsp;<\/p>\n<h2 data-start=\"154\" data-end=\"210\">Wie man einen Schilfdiffusor herstellt:<\/h2>\n<p>&nbsp;<\/p>\n<p data-start=\"212\" data-end=\"291\">Um einen hochwertigen 100-ml-Schilfrohrdiffusor herzustellen, mischen Sie die folgenden Zutaten:<\/p>\n<ul data-start=\"293\" data-end=\"524\">\n<li data-start=\"293\" data-end=\"335\">\n<p data-start=\"295\" data-end=\"335\"><strong data-start=\"295\" data-end=\"333\">Parf\u00fcm\u00f6l - 20 ml (20%)<\/strong><\/p>\n<\/li>\n<li data-start=\"336\" data-end=\"387\">\n<p data-start=\"338\" data-end=\"387\"><strong data-start=\"338\" data-end=\"385\">DPG Dipropylenglykol - 20 ml (20%)<\/strong><\/p>\n<\/li>\n<li data-start=\"388\" data-end=\"435\">\n<p data-start=\"390\" data-end=\"435\"><strong data-start=\"390\" data-end=\"433\">Parf\u00fcmierungsalkohol - 35 ml (35 %)<\/strong><\/p>\n<\/li>\n<li data-start=\"436\" data-end=\"482\">\n<p data-start=\"438\" data-end=\"482\"><strong data-start=\"438\" data-end=\"480\">Augeo Clean Multi - 23 ml (23 %)<\/strong><\/p>\n<\/li>\n<li data-start=\"483\" data-end=\"524\">\n<p data-start=\"485\" data-end=\"524\"><strong data-start=\"485\" data-end=\"522\">Polysorbat 20 - 2 ml (2 %)<\/strong><\/p>\n<\/li>\n<\/ul>\n<\/div>\n<p>&nbsp;<\/p>\n<p>&nbsp;<\/p>\n<\/div>","protected":false},"featured_media":25834,"template":"","meta":{"_acf_changed":false,"site-sidebar-layout":"default","site-content-layout":"default","ast-site-content-layout":"default","site-content-style":"default","site-sidebar-style":"default","ast-global-header-display":"","ast-banner-title-visibility":"","ast-main-header-display":"","ast-hfb-above-header-display":"","ast-hfb-below-header-display":"","ast-hfb-mobile-header-display":"","site-post-title":"","ast-breadcrumbs-content":"","ast-featured-img":"","footer-sml-layout":"","ast-disable-related-posts":"","theme-transparent-header-meta":"default","adv-header-id-meta":"","stick-header-meta":"","header-above-stick-meta":"","header-main-stick-meta":"","header-below-stick-meta":"","astra-migrate-meta-layouts":"set","ast-page-background-enabled":"default","ast-page-background-meta":{"desktop":{"background-color":"","background-image":"","background-repeat":"repeat","background-position":"center center","background-size":"auto","background-attachment":"scroll","background-type":"","background-media":"","overlay-type":"","overlay-color":"","overlay-opacity":"","overlay-gradient":""},"tablet":{"background-color":"","background-image":"","background-repeat":"repeat","background-position":"center center","background-size":"auto","background-attachment":"scroll","background-type":"","background-media":"","overlay-type":"","overlay-color":"","overlay-opacity":"","overlay-gradient":""},"mobile":{"background-color":"","background-image":"","background-repeat":"repeat","background-position":"center center","background-size":"auto","background-attachment":"scroll","background-type":"","background-media":"","overlay-type":"","overlay-color":"","overlay-opacity":"","overlay-gradient":""}},"ast-content-background-meta":{"desktop":{"background-color":"var(--ast-global-color-5)","background-image":"","background-repeat":"repeat","background-position":"center center","background-size":"auto","background-attachment":"scroll","background-type":"","background-media":"","overlay-type":"","overlay-color":"","overlay-opacity":"","overlay-gradient":""},"tablet":{"background-color":"var(--ast-global-color-5)","background-image":"","background-repeat":"repeat","background-position":"center center","background-size":"auto","background-attachment":"scroll","background-type":"","background-media":"","overlay-type":"","overlay-color":"","overlay-opacity":"","overlay-gradient":""},"mobile":{"background-color":"var(--ast-global-color-5)","background-image":"","background-repeat":"repeat","background-position":"center center","background-size":"auto","background-attachment":"scroll","background-type":"","background-media":"","overlay-type":"","overlay-color":"","overlay-opacity":"","overlay-gradient":""}}},"product_brand":[],"product_cat":[1648,1646,1329,1644,1716],"product_tag":[1402,1403],"class_list":{"0":"post-29258","1":"product","2":"type-product","3":"status-publish","4":"has-post-thumbnail","6":"product_cat-diffuser-base","7":"product_cat-diffusers-diffusers","8":"product_cat-diffusers","9":"product_cat-fragrance-bases","10":"product_cat-laundry-scent-booster","11":"product_tag-diffuser-base","12":"product_tag-diffusers","13":"desktop-align-left","14":"tablet-align-left","15":"mobile-align-left","16":"ast-product-gallery-layout-horizontal-slider","17":"ast-product-single-variable","18":"ast-product-tabs-layout-horizontal","20":"first","21":"instock","22":"taxable","23":"shipping-taxable","24":"purchasable","25":"product-type-variable"},"acf":[],"yoast_head":"<title>DPG Dipropyleenglycol - Antwerp Luxury Candle Supplies<\/title>\n<meta name=\"robots\" content=\"index, follow, max-snippet:-1, max-image-preview:large, max-video-preview:-1\" \/>\n<link rel=\"canonical\" href=\"https:\/\/luxurycandlesupplies.eu\/de\/produkt\/dpg-dipropyleenglykol-2\/\" \/>\n<meta property=\"og:locale\" content=\"de_DE\" \/>\n<meta property=\"og:type\" content=\"article\" \/>\n<meta property=\"og:title\" content=\"DPG Dipropyleenglycol - Antwerp Luxury Candle Supplies\" \/>\n<meta property=\"og:description\" content=\"DESCRIPTION   &nbsp; DPG Dipropyleenglycol &nbsp;   The essential fragrance carrier for premium reed diffusers DPG is a crystal clear, nearly odorless liquid trusted throughout the home fragrance industry.Its exceptional ability to blend with fragrance oils makes it the perfect carrier for creating smooth, stable and high-quality reed diffusers.  Why choose DPG for diffusers? DPG enhances your diffuser formulations by ensuring a slow, even and long-lasting scent release through the reeds.It prevents rapid evaporation, keeps the fragrance blend beautifully consistent and improves how effectively the scent travels through the sticks. The result is a refined, balanced and long-lasting fragrance experience your customers will love.    &nbsp; How to make a Reed Diffuser: &nbsp; To create a high-quality 100 ml reed diffuser, blend the following ingredients:     Fragrance Oil \u2013 20 ml (20%)    DPG Dipropylene Glycol \u2013 20 ml (20%)    Perfumer&#039;s Alcohol\u00a0 \u2013 35 ml (35 %)    Augeo Clean Multi \u2013 23 ml (23 %)    Polysorbate 20 \u2013 2 ml (2 %)    &nbsp;  &nbsp;\" \/>\n<meta property=\"og:url\" content=\"https:\/\/luxurycandlesupplies.eu\/de\/produkt\/dpg-dipropyleenglykol-2\/\" \/>\n<meta property=\"og:site_name\" content=\"Antwerp Luxury Candle Supplies\" \/>\n<meta property=\"article:publisher\" content=\"https:\/\/www.facebook.com\/Antwerpluxurycandlesupplies\/\" \/>\n<meta property=\"article:modified_time\" content=\"2026-04-23T14:32:21+00:00\" \/>\n<meta property=\"og:image\" content=\"https:\/\/luxurycandlesupplies.eu\/app\/uploads\/2025\/12\/DPG-1.jpg\" \/>\n\t<meta property=\"og:image:width\" content=\"1080\" \/>\n\t<meta property=\"og:image:height\" content=\"1350\" \/>\n\t<meta property=\"og:image:type\" content=\"image\/jpeg\" \/>\n<meta name=\"twitter:card\" content=\"summary_large_image\" \/>\n<meta name=\"twitter:label1\" content=\"Gesch\u00e4tzte Lesezeit\" \/>\n\t<meta name=\"twitter:data1\" content=\"1 minute\" \/>\n<script type=\"application\/ld+json\" class=\"yoast-schema-graph\">{\"@context\":\"https:\\\/\\\/schema.org\",\"@graph\":[{\"@type\":\"WebPage\",\"@id\":\"https:\\\/\\\/luxurycandlesupplies.eu\\\/product\\\/dpg-dipropyleenglycol-2\\\/\",\"url\":\"https:\\\/\\\/luxurycandlesupplies.eu\\\/product\\\/dpg-dipropyleenglycol-2\\\/\",\"name\":\"DPG Dipropyleenglycol - Antwerp Luxury Candle Supplies\",\"isPartOf\":{\"@id\":\"https:\\\/\\\/luxurycandlesupplies.eu\\\/#website\"},\"primaryImageOfPage\":{\"@id\":\"https:\\\/\\\/luxurycandlesupplies.eu\\\/product\\\/dpg-dipropyleenglycol-2\\\/#primaryimage\"},\"image\":{\"@id\":\"https:\\\/\\\/luxurycandlesupplies.eu\\\/product\\\/dpg-dipropyleenglycol-2\\\/#primaryimage\"},\"thumbnailUrl\":\"https:\\\/\\\/luxurycandlesupplies.eu\\\/app\\\/uploads\\\/2025\\\/12\\\/DPG-1.jpg\",\"datePublished\":\"2026-04-10T12:18:12+00:00\",\"dateModified\":\"2026-04-23T14:32:21+00:00\",\"breadcrumb\":{\"@id\":\"https:\\\/\\\/luxurycandlesupplies.eu\\\/product\\\/dpg-dipropyleenglycol-2\\\/#breadcrumb\"},\"inLanguage\":\"de-DE\",\"potentialAction\":[{\"@type\":\"ReadAction\",\"target\":[\"https:\\\/\\\/luxurycandlesupplies.eu\\\/product\\\/dpg-dipropyleenglycol-2\\\/\"]}]},{\"@type\":\"ImageObject\",\"inLanguage\":\"de-DE\",\"@id\":\"https:\\\/\\\/luxurycandlesupplies.eu\\\/product\\\/dpg-dipropyleenglycol-2\\\/#primaryimage\",\"url\":\"https:\\\/\\\/luxurycandlesupplies.eu\\\/app\\\/uploads\\\/2025\\\/12\\\/DPG-1.jpg\",\"contentUrl\":\"https:\\\/\\\/luxurycandlesupplies.eu\\\/app\\\/uploads\\\/2025\\\/12\\\/DPG-1.jpg\",\"width\":1080,\"height\":1350},{\"@type\":\"BreadcrumbList\",\"@id\":\"https:\\\/\\\/luxurycandlesupplies.eu\\\/product\\\/dpg-dipropyleenglycol-2\\\/#breadcrumb\",\"itemListElement\":[{\"@type\":\"ListItem\",\"position\":1,\"name\":\"Home\",\"item\":\"https:\\\/\\\/luxurycandlesupplies.eu\\\/\"},{\"@type\":\"ListItem\",\"position\":2,\"name\":\"Shop\",\"item\":\"https:\\\/\\\/luxurycandlesupplies.eu\\\/shop\\\/\"},{\"@type\":\"ListItem\",\"position\":3,\"name\":\"DPG Dipropyleenglycol\"}]},{\"@type\":\"WebSite\",\"@id\":\"https:\\\/\\\/luxurycandlesupplies.eu\\\/#website\",\"url\":\"https:\\\/\\\/luxurycandlesupplies.eu\\\/\",\"name\":\"Antwerp Luxury Candle Supplies\",\"description\":\"Distributor of all seasons soy wax\",\"publisher\":{\"@id\":\"https:\\\/\\\/luxurycandlesupplies.eu\\\/#organization\"},\"potentialAction\":[{\"@type\":\"SearchAction\",\"target\":{\"@type\":\"EntryPoint\",\"urlTemplate\":\"https:\\\/\\\/luxurycandlesupplies.eu\\\/?s={search_term_string}\"},\"query-input\":{\"@type\":\"PropertyValueSpecification\",\"valueRequired\":true,\"valueName\":\"search_term_string\"}}],\"inLanguage\":\"de-DE\"},{\"@type\":\"Organization\",\"@id\":\"https:\\\/\\\/luxurycandlesupplies.eu\\\/#organization\",\"name\":\"Antwerp Luxury Candle Supplies\",\"url\":\"https:\\\/\\\/luxurycandlesupplies.eu\\\/\",\"logo\":{\"@type\":\"ImageObject\",\"inLanguage\":\"de-DE\",\"@id\":\"https:\\\/\\\/luxurycandlesupplies.eu\\\/#\\\/schema\\\/logo\\\/image\\\/\",\"url\":\"https:\\\/\\\/luxurycandlesupplies.eu\\\/app\\\/uploads\\\/2022\\\/03\\\/antwerp-luxury-candle-supplies-1x.png\",\"contentUrl\":\"https:\\\/\\\/luxurycandlesupplies.eu\\\/app\\\/uploads\\\/2022\\\/03\\\/antwerp-luxury-candle-supplies-1x.png\",\"width\":330,\"height\":60,\"caption\":\"Antwerp Luxury Candle Supplies\"},\"image\":{\"@id\":\"https:\\\/\\\/luxurycandlesupplies.eu\\\/#\\\/schema\\\/logo\\\/image\\\/\"},\"sameAs\":[\"https:\\\/\\\/www.facebook.com\\\/Antwerpluxurycandlesupplies\\\/\",\"https:\\\/\\\/www.instagram.com\\\/antwerp_luxury_candle_supplies\\\/\",\"https:\\\/\\\/pin.it\\\/7joOXRW\"]}]}<\/script>","yoast_head_json":{"title":"DPG Dipropyleenglykol - Antwerpener Luxuskerzenbedarf","robots":{"index":"index","follow":"follow","max-snippet":"max-snippet:-1","max-image-preview":"max-image-preview:large","max-video-preview":"max-video-preview:-1"},"canonical":"https:\/\/luxurycandlesupplies.eu\/de\/produkt\/dpg-dipropyleenglykol-2\/","og_locale":"de_DE","og_type":"article","og_title":"DPG Dipropyleenglycol - Antwerp Luxury Candle Supplies","og_description":"DESCRIPTION   &nbsp; DPG Dipropyleenglycol &nbsp;   The essential fragrance carrier for premium reed diffusers DPG is a crystal clear, nearly odorless liquid trusted throughout the home fragrance industry.Its exceptional ability to blend with fragrance oils makes it the perfect carrier for creating smooth, stable and high-quality reed diffusers.  Why choose DPG for diffusers? DPG enhances your diffuser formulations by ensuring a slow, even and long-lasting scent release through the reeds.It prevents rapid evaporation, keeps the fragrance blend beautifully consistent and improves how effectively the scent travels through the sticks. The result is a refined, balanced and long-lasting fragrance experience your customers will love.    &nbsp; How to make a Reed Diffuser: &nbsp; To create a high-quality 100 ml reed diffuser, blend the following ingredients:     Fragrance Oil \u2013 20 ml (20%)    DPG Dipropylene Glycol \u2013 20 ml (20%)    Perfumer's Alcohol\u00a0 \u2013 35 ml (35 %)    Augeo Clean Multi \u2013 23 ml (23 %)    Polysorbate 20 \u2013 2 ml (2 %)    &nbsp;  &nbsp;","og_url":"https:\/\/luxurycandlesupplies.eu\/de\/produkt\/dpg-dipropyleenglykol-2\/","og_site_name":"Antwerp Luxury Candle Supplies","article_publisher":"https:\/\/www.facebook.com\/Antwerpluxurycandlesupplies\/","article_modified_time":"2026-04-23T14:32:21+00:00","og_image":[{"width":1080,"height":1350,"url":"https:\/\/luxurycandlesupplies.eu\/app\/uploads\/2025\/12\/DPG-1.jpg","type":"image\/jpeg"}],"twitter_card":"summary_large_image","twitter_misc":{"Gesch\u00e4tzte Lesezeit":"1 minute"},"schema":{"@context":"https:\/\/schema.org","@graph":[{"@type":"WebPage","@id":"https:\/\/luxurycandlesupplies.eu\/product\/dpg-dipropyleenglycol-2\/","url":"https:\/\/luxurycandlesupplies.eu\/product\/dpg-dipropyleenglycol-2\/","name":"DPG Dipropyleenglykol - Antwerpener Luxuskerzenbedarf","isPartOf":{"@id":"https:\/\/luxurycandlesupplies.eu\/#website"},"primaryImageOfPage":{"@id":"https:\/\/luxurycandlesupplies.eu\/product\/dpg-dipropyleenglycol-2\/#primaryimage"},"image":{"@id":"https:\/\/luxurycandlesupplies.eu\/product\/dpg-dipropyleenglycol-2\/#primaryimage"},"thumbnailUrl":"https:\/\/luxurycandlesupplies.eu\/app\/uploads\/2025\/12\/DPG-1.jpg","datePublished":"2026-04-10T12:18:12+00:00","dateModified":"2026-04-23T14:32:21+00:00","breadcrumb":{"@id":"https:\/\/luxurycandlesupplies.eu\/product\/dpg-dipropyleenglycol-2\/#breadcrumb"},"inLanguage":"de-DE","potentialAction":[{"@type":"ReadAction","target":["https:\/\/luxurycandlesupplies.eu\/product\/dpg-dipropyleenglycol-2\/"]}]},{"@type":"ImageObject","inLanguage":"de-DE","@id":"https:\/\/luxurycandlesupplies.eu\/product\/dpg-dipropyleenglycol-2\/#primaryimage","url":"https:\/\/luxurycandlesupplies.eu\/app\/uploads\/2025\/12\/DPG-1.jpg","contentUrl":"https:\/\/luxurycandlesupplies.eu\/app\/uploads\/2025\/12\/DPG-1.jpg","width":1080,"height":1350},{"@type":"BreadcrumbList","@id":"https:\/\/luxurycandlesupplies.eu\/product\/dpg-dipropyleenglycol-2\/#breadcrumb","itemListElement":[{"@type":"ListItem","position":1,"name":"Home","item":"https:\/\/luxurycandlesupplies.eu\/"},{"@type":"ListItem","position":2,"name":"Shop","item":"https:\/\/luxurycandlesupplies.eu\/shop\/"},{"@type":"ListItem","position":3,"name":"DPG Dipropyleenglycol"}]},{"@type":"WebSite","@id":"https:\/\/luxurycandlesupplies.eu\/#website","url":"https:\/\/luxurycandlesupplies.eu\/","name":"Antwerpener Luxus-Kerzen-Bedarf","description":"Vertreiber von Sojawachs f\u00fcr alle Jahreszeiten","publisher":{"@id":"https:\/\/luxurycandlesupplies.eu\/#organization"},"potentialAction":[{"@type":"SearchAction","target":{"@type":"EntryPoint","urlTemplate":"https:\/\/luxurycandlesupplies.eu\/?s={search_term_string}"},"query-input":{"@type":"PropertyValueSpecification","valueRequired":true,"valueName":"search_term_string"}}],"inLanguage":"de-DE"},{"@type":"Organization","@id":"https:\/\/luxurycandlesupplies.eu\/#organization","name":"Antwerpener Luxus-Kerzen-Bedarf","url":"https:\/\/luxurycandlesupplies.eu\/","logo":{"@type":"ImageObject","inLanguage":"de-DE","@id":"https:\/\/luxurycandlesupplies.eu\/#\/schema\/logo\/image\/","url":"https:\/\/luxurycandlesupplies.eu\/app\/uploads\/2022\/03\/antwerp-luxury-candle-supplies-1x.png","contentUrl":"https:\/\/luxurycandlesupplies.eu\/app\/uploads\/2022\/03\/antwerp-luxury-candle-supplies-1x.png","width":330,"height":60,"caption":"Antwerp Luxury Candle Supplies"},"image":{"@id":"https:\/\/luxurycandlesupplies.eu\/#\/schema\/logo\/image\/"},"sameAs":["https:\/\/www.facebook.com\/Antwerpluxurycandlesupplies\/","https:\/\/www.instagram.com\/antwerp_luxury_candle_supplies\/","https:\/\/pin.it\/7joOXRW"]}]}},"_links":{"self":[{"href":"https:\/\/luxurycandlesupplies.eu\/de\/wp-json\/wp\/v2\/product\/29258","targetHints":{"allow":["GET"]}}],"collection":[{"href":"https:\/\/luxurycandlesupplies.eu\/de\/wp-json\/wp\/v2\/product"}],"about":[{"href":"https:\/\/luxurycandlesupplies.eu\/de\/wp-json\/wp\/v2\/types\/product"}],"wp:featuredmedia":[{"embeddable":true,"href":"https:\/\/luxurycandlesupplies.eu\/de\/wp-json\/wp\/v2\/media\/25834"}],"wp:attachment":[{"href":"https:\/\/luxurycandlesupplies.eu\/de\/wp-json\/wp\/v2\/media?parent=29258"}],"wp:term":[{"taxonomy":"product_brand","embeddable":true,"href":"https:\/\/luxurycandlesupplies.eu\/de\/wp-json\/wp\/v2\/product_brand?post=29258"},{"taxonomy":"product_cat","embeddable":true,"href":"https:\/\/luxurycandlesupplies.eu\/de\/wp-json\/wp\/v2\/product_cat?post=29258"},{"taxonomy":"product_tag","embeddable":true,"href":"https:\/\/luxurycandlesupplies.eu\/de\/wp-json\/wp\/v2\/product_tag?post=29258"}],"curies":[{"name":"wp","href":"https:\/\/api.w.org\/{rel}","templated":true}]}}