{"id":29444,"date":"2026-04-15T12:57:36","date_gmt":"2026-04-15T10:57:36","guid":{"rendered":"https:\/\/luxurycandlesupplies.eu\/?post_type=product&#038;p=29444"},"modified":"2026-05-16T16:19:17","modified_gmt":"2026-05-16T14:19:17","slug":"dochte-von-lcs-50","status":"publish","type":"product","link":"https:\/\/luxurycandlesupplies.eu\/de\/product\/wicks-by-lcs-50\/","title":{"rendered":"Dochte von LCS : 50"},"content":{"rendered":"<h2>BESCHREIBUNG<\/h2>\n<hr \/>\n<p><strong>Unser Candlewick bietet die Festigkeit von Zink ohne den Metalldraht. Diese Produktlinie macht Kerzenhersteller unabh\u00e4ngig von der Verwendung von Dochten mit Zinkkern. Dies ist ein Docht aus reiner Faser. Er hat die Steifigkeit eines Zinkkerns ohne Draht oder Papier im Kern.<\/strong><\/p>\n<p>Der Kern besteht aus einer speziell behandelten Faser, die vollst\u00e4ndig verbrennt. Da der Kern dieses fortschrittlichen Dochts aus Fasern und nicht aus Metall besteht, hinterl\u00e4sst er beim Verbrennen keinen unansehnlichen Metalldraht, der aus der Flamme herausragt.<\/p>\n<p>Der Docht bleibt beim Bef\u00fcllen der Kerze und vor allem w\u00e4hrend des Abbrennens gerade. Dieser Docht ist eine ausgezeichnete Wahl f\u00fcr Beh\u00e4lterkerzen.<\/p>\n<p>&nbsp;<\/p>\n<h3>MERKMALE UND VORTEILE<\/h3>\n<hr \/>\n<ul>\n<li>Steifigkeit im Abf\u00fcllprozess<\/li>\n<li>100% Faserdochtkonstruktion<\/li>\n<li>Tolle Alternative zum Zinkkerndocht<\/li>\n<li>Patentierte offene Konstruktion<\/li>\n<li>Unerreichte Konsistenz von Spule zu Spule und von Charge zu Charge<\/li>\n<\/ul>\n<h3>BRENNKURVE<\/h3>\n<hr \/>\n<p>Unsere Beschreibung der Dochtgr\u00f6\u00dfe ist sehr \"benutzerfreundlich\". Die Beschreibung stellt den Durchmesser des Zwei-Stunden-Pools bei einem Schmelzpunkt von 60\u00b0 C mit den meisten Sojawachsen dar. Mit dieser Methode kann der Benutzer die Dochtgr\u00f6\u00dfe und -leistung leicht vergleichen. Diese Tabelle bietet dem Kerzenhersteller einen Ausgangspunkt f\u00fcr die Auswahl des Dochtes. Die Auswahl des Dochtes h\u00e4ngt von der Wachsmischung, der Farbe und den Duftstoffen ab.<\/p>\n<h2>*BITTE BEACHTEN SIE, DASS DIE OBEN ANGEGEBENEN GEF\u00c4SSDURCHMESSER NUR VORSCHL\u00c4GE SIND. WIR EMPFEHLEN DEN BENUTZERN, IHRE EIGENEN DOCHTTESTS MIT DEN VERSCHIEDENEN WACHS- UND \u00d6LMISCHUNGEN DURCHZUF\u00dcHREN, DIE SIE ZU VERWENDEN BEABSICHTIGEN.<\/h2>\n<p><a href=\"https:\/\/luxurycandlesupplies.eu\/app\/uploads\/2023\/01\/Burn-rate-chart-Wicks.pdf\" target=\"_blank\" rel=\"noopener\"><img fetchpriority=\"high\" decoding=\"async\" class=\"alignnone size-full wp-image-27592 entered lazyloaded\" src=\"https:\/\/luxurycandlesupplies.eu\/app\/uploads\/2023\/07\/lcs-burn-chart_small.jpg\" alt=\"\" width=\"913\" height=\"814\" data-lazy-src=\"https:\/\/luxurycandlesupplies.eu\/app\/uploads\/2023\/07\/lcs-burn-chart_small.jpg\" data-ll-status=\"loaded\" \/><\/a><\/p>\n<p><a href=\"https:\/\/luxurycandlesupplies.eu\/app\/uploads\/2023\/01\/Burn-rate-chart-Wicks.pdf\" target=\"_blank\" rel=\"noopener\">Laden Sie die ausdruckbare Verbrennungsrate-Tabelle herunter<\/a><\/p>\n<p>Wenn Sie irgendwelche Fragen haben, z\u00f6gern Sie bitte nicht, uns zu kontaktieren.<\/p>","protected":false},"excerpt":{"rendered":"<p>Empfohlener Docht f\u00fcr Gef\u00e4\u00dfdurchmesser 50 - 55 mm<\/p>","protected":false},"featured_media":10441,"template":"","meta":{"_acf_changed":false,"site-sidebar-layout":"default","site-content-layout":"","ast-site-content-layout":"default","site-content-style":"default","site-sidebar-style":"default","ast-global-header-display":"","ast-banner-title-visibility":"","ast-main-header-display":"","ast-hfb-above-header-display":"","ast-hfb-below-header-display":"","ast-hfb-mobile-header-display":"","site-post-title":"","ast-breadcrumbs-content":"","ast-featured-img":"","footer-sml-layout":"","ast-disable-related-posts":"","theme-transparent-header-meta":"default","adv-header-id-meta":"","stick-header-meta":"","header-above-stick-meta":"","header-main-stick-meta":"","header-below-stick-meta":"","astra-migrate-meta-layouts":"set","ast-page-background-enabled":"default","ast-page-background-meta":{"desktop":{"background-color":"","background-image":"","background-repeat":"repeat","background-position":"center center","background-size":"auto","background-attachment":"scroll","background-type":"","background-media":"","overlay-type":"","overlay-color":"","overlay-opacity":"","overlay-gradient":""},"tablet":{"background-color":"","background-image":"","background-repeat":"repeat","background-position":"center center","background-size":"auto","background-attachment":"scroll","background-type":"","background-media":"","overlay-type":"","overlay-color":"","overlay-opacity":"","overlay-gradient":""},"mobile":{"background-color":"","background-image":"","background-repeat":"repeat","background-position":"center center","background-size":"auto","background-attachment":"scroll","background-type":"","background-media":"","overlay-type":"","overlay-color":"","overlay-opacity":"","overlay-gradient":""}},"ast-content-background-meta":{"desktop":{"background-color":"var(--ast-global-color-5)","background-image":"","background-repeat":"repeat","background-position":"center center","background-size":"auto","background-attachment":"scroll","background-type":"","background-media":"","overlay-type":"","overlay-color":"","overlay-opacity":"","overlay-gradient":""},"tablet":{"background-color":"var(--ast-global-color-5)","background-image":"","background-repeat":"repeat","background-position":"center center","background-size":"auto","background-attachment":"scroll","background-type":"","background-media":"","overlay-type":"","overlay-color":"","overlay-opacity":"","overlay-gradient":""},"mobile":{"background-color":"var(--ast-global-color-5)","background-image":"","background-repeat":"repeat","background-position":"center center","background-size":"auto","background-attachment":"scroll","background-type":"","background-media":"","overlay-type":"","overlay-color":"","overlay-opacity":"","overlay-gradient":""}}},"product_brand":[],"product_cat":[52],"product_tag":[],"class_list":{"0":"post-29444","1":"product","2":"type-product","3":"status-publish","4":"has-post-thumbnail","6":"product_cat-cotton-wicks-by-lcs","7":"desktop-align-left","8":"tablet-align-left","9":"mobile-align-left","10":"ast-product-gallery-layout-horizontal-slider","11":"ast-product-gallery-with-no-image","12":"ast-product-single-variable","13":"ast-product-tabs-layout-horizontal","15":"first","16":"instock","17":"taxable","18":"shipping-taxable","19":"purchasable","20":"product-type-variable"},"acf":[],"yoast_head":"<title>Wicks by LCS : 50 - Antwerp Luxury Candle Supplies<\/title>\n<meta name=\"robots\" content=\"index, follow, max-snippet:-1, max-image-preview:large, max-video-preview:-1\" \/>\n<link rel=\"canonical\" href=\"https:\/\/luxurycandlesupplies.eu\/de\/produkt\/dochte-von-lcs-50\/\" \/>\n<meta property=\"og:locale\" content=\"de_DE\" \/>\n<meta property=\"og:type\" content=\"article\" \/>\n<meta property=\"og:title\" content=\"Wicks by LCS : 50 - Antwerp Luxury Candle Supplies\" \/>\n<meta property=\"og:description\" content=\"Suggested wick for vessel diameter 50 - 55 mm\" \/>\n<meta property=\"og:url\" content=\"https:\/\/luxurycandlesupplies.eu\/de\/produkt\/dochte-von-lcs-50\/\" \/>\n<meta property=\"og:site_name\" content=\"Antwerp Luxury Candle Supplies\" \/>\n<meta property=\"article:publisher\" content=\"https:\/\/www.facebook.com\/Antwerpluxurycandlesupplies\/\" \/>\n<meta property=\"article:modified_time\" content=\"2026-05-16T14:19:17+00:00\" \/>\n<meta property=\"og:image\" content=\"https:\/\/luxurycandlesupplies.eu\/app\/uploads\/2022\/05\/wicks_14.jpg\" \/>\n\t<meta property=\"og:image:width\" content=\"900\" \/>\n\t<meta property=\"og:image:height\" content=\"900\" \/>\n\t<meta property=\"og:image:type\" content=\"image\/jpeg\" \/>\n<meta name=\"twitter:card\" content=\"summary_large_image\" \/>\n<meta name=\"twitter:label1\" content=\"Gesch\u00e4tzte Lesezeit\" \/>\n\t<meta name=\"twitter:data1\" content=\"2 minutes\" \/>\n<script type=\"application\/ld+json\" class=\"yoast-schema-graph\">{\"@context\":\"https:\\\/\\\/schema.org\",\"@graph\":[{\"@type\":\"WebPage\",\"@id\":\"https:\\\/\\\/luxurycandlesupplies.eu\\\/product\\\/wicks-by-lcs-50\\\/\",\"url\":\"https:\\\/\\\/luxurycandlesupplies.eu\\\/product\\\/wicks-by-lcs-50\\\/\",\"name\":\"Wicks by LCS : 50 - Antwerp Luxury Candle Supplies\",\"isPartOf\":{\"@id\":\"https:\\\/\\\/luxurycandlesupplies.eu\\\/#website\"},\"primaryImageOfPage\":{\"@id\":\"https:\\\/\\\/luxurycandlesupplies.eu\\\/product\\\/wicks-by-lcs-50\\\/#primaryimage\"},\"image\":{\"@id\":\"https:\\\/\\\/luxurycandlesupplies.eu\\\/product\\\/wicks-by-lcs-50\\\/#primaryimage\"},\"thumbnailUrl\":\"https:\\\/\\\/luxurycandlesupplies.eu\\\/app\\\/uploads\\\/2022\\\/05\\\/wicks_14.jpg\",\"datePublished\":\"2026-04-15T10:57:36+00:00\",\"dateModified\":\"2026-05-16T14:19:17+00:00\",\"breadcrumb\":{\"@id\":\"https:\\\/\\\/luxurycandlesupplies.eu\\\/product\\\/wicks-by-lcs-50\\\/#breadcrumb\"},\"inLanguage\":\"de-DE\",\"potentialAction\":[{\"@type\":\"ReadAction\",\"target\":[\"https:\\\/\\\/luxurycandlesupplies.eu\\\/product\\\/wicks-by-lcs-50\\\/\"]}]},{\"@type\":\"ImageObject\",\"inLanguage\":\"de-DE\",\"@id\":\"https:\\\/\\\/luxurycandlesupplies.eu\\\/product\\\/wicks-by-lcs-50\\\/#primaryimage\",\"url\":\"https:\\\/\\\/luxurycandlesupplies.eu\\\/app\\\/uploads\\\/2022\\\/05\\\/wicks_14.jpg\",\"contentUrl\":\"https:\\\/\\\/luxurycandlesupplies.eu\\\/app\\\/uploads\\\/2022\\\/05\\\/wicks_14.jpg\",\"width\":900,\"height\":900},{\"@type\":\"BreadcrumbList\",\"@id\":\"https:\\\/\\\/luxurycandlesupplies.eu\\\/product\\\/wicks-by-lcs-50\\\/#breadcrumb\",\"itemListElement\":[{\"@type\":\"ListItem\",\"position\":1,\"name\":\"Home\",\"item\":\"https:\\\/\\\/luxurycandlesupplies.eu\\\/\"},{\"@type\":\"ListItem\",\"position\":2,\"name\":\"Shop\",\"item\":\"https:\\\/\\\/luxurycandlesupplies.eu\\\/shop\\\/\"},{\"@type\":\"ListItem\",\"position\":3,\"name\":\"Wicks by LCS : 50\"}]},{\"@type\":\"WebSite\",\"@id\":\"https:\\\/\\\/luxurycandlesupplies.eu\\\/#website\",\"url\":\"https:\\\/\\\/luxurycandlesupplies.eu\\\/\",\"name\":\"Antwerp Luxury Candle Supplies\",\"description\":\"Distributor of all seasons soy wax\",\"publisher\":{\"@id\":\"https:\\\/\\\/luxurycandlesupplies.eu\\\/#organization\"},\"potentialAction\":[{\"@type\":\"SearchAction\",\"target\":{\"@type\":\"EntryPoint\",\"urlTemplate\":\"https:\\\/\\\/luxurycandlesupplies.eu\\\/?s={search_term_string}\"},\"query-input\":{\"@type\":\"PropertyValueSpecification\",\"valueRequired\":true,\"valueName\":\"search_term_string\"}}],\"inLanguage\":\"de-DE\"},{\"@type\":\"Organization\",\"@id\":\"https:\\\/\\\/luxurycandlesupplies.eu\\\/#organization\",\"name\":\"Antwerp Luxury Candle Supplies\",\"url\":\"https:\\\/\\\/luxurycandlesupplies.eu\\\/\",\"logo\":{\"@type\":\"ImageObject\",\"inLanguage\":\"de-DE\",\"@id\":\"https:\\\/\\\/luxurycandlesupplies.eu\\\/#\\\/schema\\\/logo\\\/image\\\/\",\"url\":\"https:\\\/\\\/luxurycandlesupplies.eu\\\/app\\\/uploads\\\/2022\\\/03\\\/antwerp-luxury-candle-supplies-1x.png\",\"contentUrl\":\"https:\\\/\\\/luxurycandlesupplies.eu\\\/app\\\/uploads\\\/2022\\\/03\\\/antwerp-luxury-candle-supplies-1x.png\",\"width\":330,\"height\":60,\"caption\":\"Antwerp Luxury Candle Supplies\"},\"image\":{\"@id\":\"https:\\\/\\\/luxurycandlesupplies.eu\\\/#\\\/schema\\\/logo\\\/image\\\/\"},\"sameAs\":[\"https:\\\/\\\/www.facebook.com\\\/Antwerpluxurycandlesupplies\\\/\",\"https:\\\/\\\/www.instagram.com\\\/antwerp_luxury_candle_supplies\\\/\",\"https:\\\/\\\/pin.it\\\/7joOXRW\"]}]}<\/script>","yoast_head_json":{"title":"Dochte von LCS : 50 - Antwerpener Luxuskerzenbedarf","robots":{"index":"index","follow":"follow","max-snippet":"max-snippet:-1","max-image-preview":"max-image-preview:large","max-video-preview":"max-video-preview:-1"},"canonical":"https:\/\/luxurycandlesupplies.eu\/de\/produkt\/dochte-von-lcs-50\/","og_locale":"de_DE","og_type":"article","og_title":"Wicks by LCS : 50 - Antwerp Luxury Candle Supplies","og_description":"Suggested wick for vessel diameter 50 - 55 mm","og_url":"https:\/\/luxurycandlesupplies.eu\/de\/produkt\/dochte-von-lcs-50\/","og_site_name":"Antwerp Luxury Candle Supplies","article_publisher":"https:\/\/www.facebook.com\/Antwerpluxurycandlesupplies\/","article_modified_time":"2026-05-16T14:19:17+00:00","og_image":[{"width":900,"height":900,"url":"https:\/\/luxurycandlesupplies.eu\/app\/uploads\/2022\/05\/wicks_14.jpg","type":"image\/jpeg"}],"twitter_card":"summary_large_image","twitter_misc":{"Gesch\u00e4tzte Lesezeit":"2 minutes"},"schema":{"@context":"https:\/\/schema.org","@graph":[{"@type":"WebPage","@id":"https:\/\/luxurycandlesupplies.eu\/product\/wicks-by-lcs-50\/","url":"https:\/\/luxurycandlesupplies.eu\/product\/wicks-by-lcs-50\/","name":"Dochte von LCS : 50 - Antwerpener Luxuskerzenbedarf","isPartOf":{"@id":"https:\/\/luxurycandlesupplies.eu\/#website"},"primaryImageOfPage":{"@id":"https:\/\/luxurycandlesupplies.eu\/product\/wicks-by-lcs-50\/#primaryimage"},"image":{"@id":"https:\/\/luxurycandlesupplies.eu\/product\/wicks-by-lcs-50\/#primaryimage"},"thumbnailUrl":"https:\/\/luxurycandlesupplies.eu\/app\/uploads\/2022\/05\/wicks_14.jpg","datePublished":"2026-04-15T10:57:36+00:00","dateModified":"2026-05-16T14:19:17+00:00","breadcrumb":{"@id":"https:\/\/luxurycandlesupplies.eu\/product\/wicks-by-lcs-50\/#breadcrumb"},"inLanguage":"de-DE","potentialAction":[{"@type":"ReadAction","target":["https:\/\/luxurycandlesupplies.eu\/product\/wicks-by-lcs-50\/"]}]},{"@type":"ImageObject","inLanguage":"de-DE","@id":"https:\/\/luxurycandlesupplies.eu\/product\/wicks-by-lcs-50\/#primaryimage","url":"https:\/\/luxurycandlesupplies.eu\/app\/uploads\/2022\/05\/wicks_14.jpg","contentUrl":"https:\/\/luxurycandlesupplies.eu\/app\/uploads\/2022\/05\/wicks_14.jpg","width":900,"height":900},{"@type":"BreadcrumbList","@id":"https:\/\/luxurycandlesupplies.eu\/product\/wicks-by-lcs-50\/#breadcrumb","itemListElement":[{"@type":"ListItem","position":1,"name":"Home","item":"https:\/\/luxurycandlesupplies.eu\/"},{"@type":"ListItem","position":2,"name":"Shop","item":"https:\/\/luxurycandlesupplies.eu\/shop\/"},{"@type":"ListItem","position":3,"name":"Wicks by LCS : 50"}]},{"@type":"WebSite","@id":"https:\/\/luxurycandlesupplies.eu\/#website","url":"https:\/\/luxurycandlesupplies.eu\/","name":"Antwerpener Luxus-Kerzen-Bedarf","description":"Vertreiber von Sojawachs f\u00fcr alle Jahreszeiten","publisher":{"@id":"https:\/\/luxurycandlesupplies.eu\/#organization"},"potentialAction":[{"@type":"SearchAction","target":{"@type":"EntryPoint","urlTemplate":"https:\/\/luxurycandlesupplies.eu\/?s={search_term_string}"},"query-input":{"@type":"PropertyValueSpecification","valueRequired":true,"valueName":"search_term_string"}}],"inLanguage":"de-DE"},{"@type":"Organization","@id":"https:\/\/luxurycandlesupplies.eu\/#organization","name":"Antwerpener Luxus-Kerzen-Bedarf","url":"https:\/\/luxurycandlesupplies.eu\/","logo":{"@type":"ImageObject","inLanguage":"de-DE","@id":"https:\/\/luxurycandlesupplies.eu\/#\/schema\/logo\/image\/","url":"https:\/\/luxurycandlesupplies.eu\/app\/uploads\/2022\/03\/antwerp-luxury-candle-supplies-1x.png","contentUrl":"https:\/\/luxurycandlesupplies.eu\/app\/uploads\/2022\/03\/antwerp-luxury-candle-supplies-1x.png","width":330,"height":60,"caption":"Antwerp Luxury Candle Supplies"},"image":{"@id":"https:\/\/luxurycandlesupplies.eu\/#\/schema\/logo\/image\/"},"sameAs":["https:\/\/www.facebook.com\/Antwerpluxurycandlesupplies\/","https:\/\/www.instagram.com\/antwerp_luxury_candle_supplies\/","https:\/\/pin.it\/7joOXRW"]}]}},"_links":{"self":[{"href":"https:\/\/luxurycandlesupplies.eu\/de\/wp-json\/wp\/v2\/product\/29444","targetHints":{"allow":["GET"]}}],"collection":[{"href":"https:\/\/luxurycandlesupplies.eu\/de\/wp-json\/wp\/v2\/product"}],"about":[{"href":"https:\/\/luxurycandlesupplies.eu\/de\/wp-json\/wp\/v2\/types\/product"}],"wp:featuredmedia":[{"embeddable":true,"href":"https:\/\/luxurycandlesupplies.eu\/de\/wp-json\/wp\/v2\/media\/10441"}],"wp:attachment":[{"href":"https:\/\/luxurycandlesupplies.eu\/de\/wp-json\/wp\/v2\/media?parent=29444"}],"wp:term":[{"taxonomy":"product_brand","embeddable":true,"href":"https:\/\/luxurycandlesupplies.eu\/de\/wp-json\/wp\/v2\/product_brand?post=29444"},{"taxonomy":"product_cat","embeddable":true,"href":"https:\/\/luxurycandlesupplies.eu\/de\/wp-json\/wp\/v2\/product_cat?post=29444"},{"taxonomy":"product_tag","embeddable":true,"href":"https:\/\/luxurycandlesupplies.eu\/de\/wp-json\/wp\/v2\/product_tag?post=29444"}],"curies":[{"name":"wp","href":"https:\/\/api.w.org\/{rel}","templated":true}]}}