{"id":29855,"date":"2026-04-24T14:53:00","date_gmt":"2026-04-24T12:53:00","guid":{"rendered":"https:\/\/luxurycandlesupplies.eu\/?post_type=product&#038;p=29855"},"modified":"2026-04-27T10:43:28","modified_gmt":"2026-04-27T08:43:28","slug":"augeo-diffusor-basis-2","status":"publish","type":"product","link":"https:\/\/luxurycandlesupplies.eu\/de\/product\/augeo-diffuser-base-2\/","title":{"rendered":"Augeo Diffusor Basis"},"content":{"rendered":"<h3>BESCHREIBUNG<\/h3>\n<div>\n<p>&nbsp;<\/p>\n<h2>AUGEO<\/h2>\n<h2><\/h2>\n<h3>Die leistungsst\u00e4rkste \"vegan-freundliche\" Diffusor-Basis auf dem Markt.<\/h3>\n<p>&nbsp;<\/p>\n<p>Augeo ist eine hochmoderne Diffusorunterlage, die aus erneuerbaren Ressourcen hergestellt wird und mit innovativer Technologie entwickelt wurde - die wohl beste umweltfreundliche\" Basis f\u00fcr die Herstellung von Diffusoren, die auf dem Markt erh\u00e4ltlich ist.<\/p>\n<p>&nbsp;<\/p>\n<p><span style=\"font-size: 16px;\">Zur Verwendung in allen Arten von Aromadiffusoren. Die Basis des Augeo-Aromadiffusors ist speziell f\u00fcr einen Tr\u00e4ger und\/oder ein Verd\u00fcnnungsmittel f\u00fcr D\u00fcfte konzipiert. Dadurch wird der hinzugef\u00fcgte Duft verst\u00e4rkt. Es handelt sich um eine Basis mit hervorragender Leistung zur Verst\u00e4rkung von D\u00fcften in einer breiten Palette von Heimduftprodukten. Sie ist ungiftig, hat einen geringen Kohlenstoff-Fu\u00dfabdruck und ist geruchsneutral.<\/span><\/p>\n<\/div>\n<p>Verwenden Sie unsere \u00e4therischen \u00d6le f\u00fcr einen wirklich nat\u00fcrlichen Rohrdiffusor.<\/p>\n<p>&nbsp;<\/p>\n<h3>Augeo Aroma Diffusor Basis Merkmale:<\/h3>\n<ul>\n<li>Verbessert den Geruch<\/li>\n<li>Optimale Verdunstung<\/li>\n<li>Gut l\u00f6slich<\/li>\n<li>Niedriger Kohlenstoff-Fu\u00dfabdruck<\/li>\n<li>Ungiftig<\/li>\n<li>HSE-Profil<\/li>\n<li>Entspricht der VOC-Gesetzgebung<\/li>\n<\/ul>\n<h3>Wie Sie Ihr eigenes Schilfdiffusor\u00f6l herstellen:<\/h3>\n<p>Wir empfehlen die Verwendung eines Duft\u00f6ls zwischen 10% und 25%, je nach IFRA.<\/p>\n<ul>\n<li>10% -25% Parf\u00fcm\u00f6l<\/li>\n<li>75% - 90% Augeo<\/li>\n<\/ul>\n<p>Zur Herstellung des Diffusor\u00f6ls das Duft\u00f6l mit dem Augeo mischen, bis es klar ist. Den Beh\u00e4lter verschlie\u00dfen und vor der Verwendung 2 bis 3 Tage stehen lassen.<\/p>\n<div>\n<p>&nbsp;<\/p>\n<p>&nbsp;<\/p>\n<\/div>\n<h2>SICHERHEITSDOKUMENTE<\/h2>\n<p>&nbsp;<\/p>\n<p><a href=\"https:\/\/luxurycandlesupplies.eu\/app\/uploads\/2024\/05\/SDS-Augeo.pdf\">SDS Augeo<\/a><\/p>\n<p><a href=\"https:\/\/luxurycandlesupplies.eu\/app\/uploads\/2024\/05\/SDS-Augeo-ENG-_-ALCS-28.07.25.pdf\">SDS Augeo ENG _ ALCS 28.07.25<\/a><\/p>","protected":false},"excerpt":{"rendered":"<h3>BESCHREIBUNG<\/h3>\n<div>\n<p>&nbsp;<\/p>\n<h2>AUGEO<\/h2>\n<h2><\/h2>\n<h3>Die leistungsst\u00e4rkste \"vegan-freundliche\" Diffusor-Basis auf dem Markt.<\/h3>\n<p>&nbsp;<\/p>\n<p>Augeo ist eine hochmoderne Diffusorunterlage, die aus erneuerbaren Ressourcen hergestellt wird und mit innovativer Technologie entwickelt wurde - die wohl beste umweltfreundliche\" Basis f\u00fcr die Herstellung von Diffusoren, die auf dem Markt erh\u00e4ltlich ist.<\/p>\n<\/div>","protected":false},"featured_media":15957,"template":"","meta":{"_acf_changed":false,"site-sidebar-layout":"default","site-content-layout":"default","ast-site-content-layout":"default","site-content-style":"default","site-sidebar-style":"default","ast-global-header-display":"","ast-banner-title-visibility":"","ast-main-header-display":"","ast-hfb-above-header-display":"","ast-hfb-below-header-display":"","ast-hfb-mobile-header-display":"","site-post-title":"","ast-breadcrumbs-content":"","ast-featured-img":"","footer-sml-layout":"","ast-disable-related-posts":"","theme-transparent-header-meta":"default","adv-header-id-meta":"","stick-header-meta":"","header-above-stick-meta":"","header-main-stick-meta":"","header-below-stick-meta":"","astra-migrate-meta-layouts":"set","ast-page-background-enabled":"default","ast-page-background-meta":{"desktop":{"background-color":"","background-image":"","background-repeat":"repeat","background-position":"center center","background-size":"auto","background-attachment":"scroll","background-type":"","background-media":"","overlay-type":"","overlay-color":"","overlay-opacity":"","overlay-gradient":""},"tablet":{"background-color":"","background-image":"","background-repeat":"repeat","background-position":"center center","background-size":"auto","background-attachment":"scroll","background-type":"","background-media":"","overlay-type":"","overlay-color":"","overlay-opacity":"","overlay-gradient":""},"mobile":{"background-color":"","background-image":"","background-repeat":"repeat","background-position":"center center","background-size":"auto","background-attachment":"scroll","background-type":"","background-media":"","overlay-type":"","overlay-color":"","overlay-opacity":"","overlay-gradient":""}},"ast-content-background-meta":{"desktop":{"background-color":"var(--ast-global-color-5)","background-image":"","background-repeat":"repeat","background-position":"center center","background-size":"auto","background-attachment":"scroll","background-type":"","background-media":"","overlay-type":"","overlay-color":"","overlay-opacity":"","overlay-gradient":""},"tablet":{"background-color":"var(--ast-global-color-5)","background-image":"","background-repeat":"repeat","background-position":"center center","background-size":"auto","background-attachment":"scroll","background-type":"","background-media":"","overlay-type":"","overlay-color":"","overlay-opacity":"","overlay-gradient":""},"mobile":{"background-color":"var(--ast-global-color-5)","background-image":"","background-repeat":"repeat","background-position":"center center","background-size":"auto","background-attachment":"scroll","background-type":"","background-media":"","overlay-type":"","overlay-color":"","overlay-opacity":"","overlay-gradient":""}}},"product_brand":[],"product_cat":[1648,1646,1329,1644],"product_tag":[33,1402,1403],"class_list":{"0":"post-29855","1":"product","2":"type-product","3":"status-publish","4":"has-post-thumbnail","6":"product_cat-diffuser-base","7":"product_cat-diffusers-diffusers","8":"product_cat-diffusers","9":"product_cat-fragrance-bases","10":"product_tag-candle-making-accessories","11":"product_tag-diffuser-base","12":"product_tag-diffusers","13":"desktop-align-left","14":"tablet-align-left","15":"mobile-align-left","16":"ast-product-gallery-layout-horizontal-slider","17":"ast-product-single-variable","18":"ast-product-tabs-layout-horizontal","20":"first","21":"instock","22":"taxable","23":"shipping-taxable","24":"purchasable","25":"product-type-variable"},"acf":[],"yoast_head":"<title>Augeo Diffuser Base - Antwerp Luxury Candle Supplies<\/title>\n<meta name=\"robots\" content=\"index, follow, max-snippet:-1, max-image-preview:large, max-video-preview:-1\" \/>\n<link rel=\"canonical\" href=\"https:\/\/luxurycandlesupplies.eu\/de\/produkt\/augeo-diffusor-basis-2\/\" \/>\n<meta property=\"og:locale\" content=\"de_DE\" \/>\n<meta property=\"og:type\" content=\"article\" \/>\n<meta property=\"og:title\" content=\"Augeo Diffuser Base - Antwerp Luxury Candle Supplies\" \/>\n<meta property=\"og:description\" content=\"DESCRIPTION   &nbsp; AUGEO  The best performing &#039;vegan-friendly&#039; diffuser base on the market. &nbsp;  Augeo is a state of the art diffuser base, made from renewable resources, and pioneered using innovative technology - arguably the best &#039;eco-friendly&#039; base for\u00a0diffuser making\u00a0available on the market.\" \/>\n<meta property=\"og:url\" content=\"https:\/\/luxurycandlesupplies.eu\/de\/produkt\/augeo-diffusor-basis-2\/\" \/>\n<meta property=\"og:site_name\" content=\"Antwerp Luxury Candle Supplies\" \/>\n<meta property=\"article:publisher\" content=\"https:\/\/www.facebook.com\/Antwerpluxurycandlesupplies\/\" \/>\n<meta property=\"article:modified_time\" content=\"2026-04-27T08:43:28+00:00\" \/>\n<meta property=\"og:image\" content=\"https:\/\/luxurycandlesupplies.eu\/app\/uploads\/2024\/05\/Augeo.png\" \/>\n\t<meta property=\"og:image:width\" content=\"1080\" \/>\n\t<meta property=\"og:image:height\" content=\"1080\" \/>\n\t<meta property=\"og:image:type\" content=\"image\/png\" \/>\n<meta name=\"twitter:card\" content=\"summary_large_image\" \/>\n<meta name=\"twitter:label1\" content=\"Gesch\u00e4tzte Lesezeit\" \/>\n\t<meta name=\"twitter:data1\" content=\"2 minutes\" \/>\n<script type=\"application\/ld+json\" class=\"yoast-schema-graph\">{\"@context\":\"https:\\\/\\\/schema.org\",\"@graph\":[{\"@type\":\"WebPage\",\"@id\":\"https:\\\/\\\/luxurycandlesupplies.eu\\\/product\\\/augeo-diffuser-base-2\\\/\",\"url\":\"https:\\\/\\\/luxurycandlesupplies.eu\\\/product\\\/augeo-diffuser-base-2\\\/\",\"name\":\"Augeo Diffuser Base - Antwerp Luxury Candle Supplies\",\"isPartOf\":{\"@id\":\"https:\\\/\\\/luxurycandlesupplies.eu\\\/#website\"},\"primaryImageOfPage\":{\"@id\":\"https:\\\/\\\/luxurycandlesupplies.eu\\\/product\\\/augeo-diffuser-base-2\\\/#primaryimage\"},\"image\":{\"@id\":\"https:\\\/\\\/luxurycandlesupplies.eu\\\/product\\\/augeo-diffuser-base-2\\\/#primaryimage\"},\"thumbnailUrl\":\"https:\\\/\\\/luxurycandlesupplies.eu\\\/app\\\/uploads\\\/2024\\\/05\\\/Augeo.png\",\"datePublished\":\"2026-04-24T12:53:00+00:00\",\"dateModified\":\"2026-04-27T08:43:28+00:00\",\"breadcrumb\":{\"@id\":\"https:\\\/\\\/luxurycandlesupplies.eu\\\/product\\\/augeo-diffuser-base-2\\\/#breadcrumb\"},\"inLanguage\":\"de-DE\",\"potentialAction\":[{\"@type\":\"ReadAction\",\"target\":[\"https:\\\/\\\/luxurycandlesupplies.eu\\\/product\\\/augeo-diffuser-base-2\\\/\"]}]},{\"@type\":\"ImageObject\",\"inLanguage\":\"de-DE\",\"@id\":\"https:\\\/\\\/luxurycandlesupplies.eu\\\/product\\\/augeo-diffuser-base-2\\\/#primaryimage\",\"url\":\"https:\\\/\\\/luxurycandlesupplies.eu\\\/app\\\/uploads\\\/2024\\\/05\\\/Augeo.png\",\"contentUrl\":\"https:\\\/\\\/luxurycandlesupplies.eu\\\/app\\\/uploads\\\/2024\\\/05\\\/Augeo.png\",\"width\":1080,\"height\":1080},{\"@type\":\"BreadcrumbList\",\"@id\":\"https:\\\/\\\/luxurycandlesupplies.eu\\\/product\\\/augeo-diffuser-base-2\\\/#breadcrumb\",\"itemListElement\":[{\"@type\":\"ListItem\",\"position\":1,\"name\":\"Home\",\"item\":\"https:\\\/\\\/luxurycandlesupplies.eu\\\/\"},{\"@type\":\"ListItem\",\"position\":2,\"name\":\"Shop\",\"item\":\"https:\\\/\\\/luxurycandlesupplies.eu\\\/shop\\\/\"},{\"@type\":\"ListItem\",\"position\":3,\"name\":\"Augeo Diffuser Base\"}]},{\"@type\":\"WebSite\",\"@id\":\"https:\\\/\\\/luxurycandlesupplies.eu\\\/#website\",\"url\":\"https:\\\/\\\/luxurycandlesupplies.eu\\\/\",\"name\":\"Antwerp Luxury Candle Supplies\",\"description\":\"Distributor of all seasons soy wax\",\"publisher\":{\"@id\":\"https:\\\/\\\/luxurycandlesupplies.eu\\\/#organization\"},\"potentialAction\":[{\"@type\":\"SearchAction\",\"target\":{\"@type\":\"EntryPoint\",\"urlTemplate\":\"https:\\\/\\\/luxurycandlesupplies.eu\\\/?s={search_term_string}\"},\"query-input\":{\"@type\":\"PropertyValueSpecification\",\"valueRequired\":true,\"valueName\":\"search_term_string\"}}],\"inLanguage\":\"de-DE\"},{\"@type\":\"Organization\",\"@id\":\"https:\\\/\\\/luxurycandlesupplies.eu\\\/#organization\",\"name\":\"Antwerp Luxury Candle Supplies\",\"url\":\"https:\\\/\\\/luxurycandlesupplies.eu\\\/\",\"logo\":{\"@type\":\"ImageObject\",\"inLanguage\":\"de-DE\",\"@id\":\"https:\\\/\\\/luxurycandlesupplies.eu\\\/#\\\/schema\\\/logo\\\/image\\\/\",\"url\":\"https:\\\/\\\/luxurycandlesupplies.eu\\\/app\\\/uploads\\\/2022\\\/03\\\/antwerp-luxury-candle-supplies-1x.png\",\"contentUrl\":\"https:\\\/\\\/luxurycandlesupplies.eu\\\/app\\\/uploads\\\/2022\\\/03\\\/antwerp-luxury-candle-supplies-1x.png\",\"width\":330,\"height\":60,\"caption\":\"Antwerp Luxury Candle Supplies\"},\"image\":{\"@id\":\"https:\\\/\\\/luxurycandlesupplies.eu\\\/#\\\/schema\\\/logo\\\/image\\\/\"},\"sameAs\":[\"https:\\\/\\\/www.facebook.com\\\/Antwerpluxurycandlesupplies\\\/\",\"https:\\\/\\\/www.instagram.com\\\/antwerp_luxury_candle_supplies\\\/\",\"https:\\\/\\\/pin.it\\\/7joOXRW\"]}]}<\/script>","yoast_head_json":{"title":"Augeo Diffusor Basis - Antwerpener Luxuskerzen-Bedarf","robots":{"index":"index","follow":"follow","max-snippet":"max-snippet:-1","max-image-preview":"max-image-preview:large","max-video-preview":"max-video-preview:-1"},"canonical":"https:\/\/luxurycandlesupplies.eu\/de\/produkt\/augeo-diffusor-basis-2\/","og_locale":"de_DE","og_type":"article","og_title":"Augeo Diffuser Base - Antwerp Luxury Candle Supplies","og_description":"DESCRIPTION   &nbsp; AUGEO  The best performing 'vegan-friendly' diffuser base on the market. &nbsp;  Augeo is a state of the art diffuser base, made from renewable resources, and pioneered using innovative technology - arguably the best 'eco-friendly' base for\u00a0diffuser making\u00a0available on the market.","og_url":"https:\/\/luxurycandlesupplies.eu\/de\/produkt\/augeo-diffusor-basis-2\/","og_site_name":"Antwerp Luxury Candle Supplies","article_publisher":"https:\/\/www.facebook.com\/Antwerpluxurycandlesupplies\/","article_modified_time":"2026-04-27T08:43:28+00:00","og_image":[{"width":1080,"height":1080,"url":"https:\/\/luxurycandlesupplies.eu\/app\/uploads\/2024\/05\/Augeo.png","type":"image\/png"}],"twitter_card":"summary_large_image","twitter_misc":{"Gesch\u00e4tzte Lesezeit":"2 minutes"},"schema":{"@context":"https:\/\/schema.org","@graph":[{"@type":"WebPage","@id":"https:\/\/luxurycandlesupplies.eu\/product\/augeo-diffuser-base-2\/","url":"https:\/\/luxurycandlesupplies.eu\/product\/augeo-diffuser-base-2\/","name":"Augeo Diffusor Basis - Antwerpener Luxuskerzen-Bedarf","isPartOf":{"@id":"https:\/\/luxurycandlesupplies.eu\/#website"},"primaryImageOfPage":{"@id":"https:\/\/luxurycandlesupplies.eu\/product\/augeo-diffuser-base-2\/#primaryimage"},"image":{"@id":"https:\/\/luxurycandlesupplies.eu\/product\/augeo-diffuser-base-2\/#primaryimage"},"thumbnailUrl":"https:\/\/luxurycandlesupplies.eu\/app\/uploads\/2024\/05\/Augeo.png","datePublished":"2026-04-24T12:53:00+00:00","dateModified":"2026-04-27T08:43:28+00:00","breadcrumb":{"@id":"https:\/\/luxurycandlesupplies.eu\/product\/augeo-diffuser-base-2\/#breadcrumb"},"inLanguage":"de-DE","potentialAction":[{"@type":"ReadAction","target":["https:\/\/luxurycandlesupplies.eu\/product\/augeo-diffuser-base-2\/"]}]},{"@type":"ImageObject","inLanguage":"de-DE","@id":"https:\/\/luxurycandlesupplies.eu\/product\/augeo-diffuser-base-2\/#primaryimage","url":"https:\/\/luxurycandlesupplies.eu\/app\/uploads\/2024\/05\/Augeo.png","contentUrl":"https:\/\/luxurycandlesupplies.eu\/app\/uploads\/2024\/05\/Augeo.png","width":1080,"height":1080},{"@type":"BreadcrumbList","@id":"https:\/\/luxurycandlesupplies.eu\/product\/augeo-diffuser-base-2\/#breadcrumb","itemListElement":[{"@type":"ListItem","position":1,"name":"Home","item":"https:\/\/luxurycandlesupplies.eu\/"},{"@type":"ListItem","position":2,"name":"Shop","item":"https:\/\/luxurycandlesupplies.eu\/shop\/"},{"@type":"ListItem","position":3,"name":"Augeo Diffuser Base"}]},{"@type":"WebSite","@id":"https:\/\/luxurycandlesupplies.eu\/#website","url":"https:\/\/luxurycandlesupplies.eu\/","name":"Antwerpener Luxus-Kerzen-Bedarf","description":"Vertreiber von Sojawachs f\u00fcr alle Jahreszeiten","publisher":{"@id":"https:\/\/luxurycandlesupplies.eu\/#organization"},"potentialAction":[{"@type":"SearchAction","target":{"@type":"EntryPoint","urlTemplate":"https:\/\/luxurycandlesupplies.eu\/?s={search_term_string}"},"query-input":{"@type":"PropertyValueSpecification","valueRequired":true,"valueName":"search_term_string"}}],"inLanguage":"de-DE"},{"@type":"Organization","@id":"https:\/\/luxurycandlesupplies.eu\/#organization","name":"Antwerpener Luxus-Kerzen-Bedarf","url":"https:\/\/luxurycandlesupplies.eu\/","logo":{"@type":"ImageObject","inLanguage":"de-DE","@id":"https:\/\/luxurycandlesupplies.eu\/#\/schema\/logo\/image\/","url":"https:\/\/luxurycandlesupplies.eu\/app\/uploads\/2022\/03\/antwerp-luxury-candle-supplies-1x.png","contentUrl":"https:\/\/luxurycandlesupplies.eu\/app\/uploads\/2022\/03\/antwerp-luxury-candle-supplies-1x.png","width":330,"height":60,"caption":"Antwerp Luxury Candle Supplies"},"image":{"@id":"https:\/\/luxurycandlesupplies.eu\/#\/schema\/logo\/image\/"},"sameAs":["https:\/\/www.facebook.com\/Antwerpluxurycandlesupplies\/","https:\/\/www.instagram.com\/antwerp_luxury_candle_supplies\/","https:\/\/pin.it\/7joOXRW"]}]}},"_links":{"self":[{"href":"https:\/\/luxurycandlesupplies.eu\/de\/wp-json\/wp\/v2\/product\/29855","targetHints":{"allow":["GET"]}}],"collection":[{"href":"https:\/\/luxurycandlesupplies.eu\/de\/wp-json\/wp\/v2\/product"}],"about":[{"href":"https:\/\/luxurycandlesupplies.eu\/de\/wp-json\/wp\/v2\/types\/product"}],"wp:featuredmedia":[{"embeddable":true,"href":"https:\/\/luxurycandlesupplies.eu\/de\/wp-json\/wp\/v2\/media\/15957"}],"wp:attachment":[{"href":"https:\/\/luxurycandlesupplies.eu\/de\/wp-json\/wp\/v2\/media?parent=29855"}],"wp:term":[{"taxonomy":"product_brand","embeddable":true,"href":"https:\/\/luxurycandlesupplies.eu\/de\/wp-json\/wp\/v2\/product_brand?post=29855"},{"taxonomy":"product_cat","embeddable":true,"href":"https:\/\/luxurycandlesupplies.eu\/de\/wp-json\/wp\/v2\/product_cat?post=29855"},{"taxonomy":"product_tag","embeddable":true,"href":"https:\/\/luxurycandlesupplies.eu\/de\/wp-json\/wp\/v2\/product_tag?post=29855"}],"curies":[{"name":"wp","href":"https:\/\/api.w.org\/{rel}","templated":true}]}}