{"id":29902,"date":"2026-04-24T15:57:01","date_gmt":"2026-04-24T13:57:01","guid":{"rendered":"https:\/\/luxurycandlesupplies.eu\/?post_type=product&#038;p=29902"},"modified":"2026-05-05T11:42:51","modified_gmt":"2026-05-05T09:42:51","slug":"apfelbluten-wasserblumen-ufi-exempt","status":"publish","type":"product","link":"https:\/\/luxurycandlesupplies.eu\/de\/product\/apple-blossom-water-flowers-ufi-exempt\/","title":{"rendered":"Apfelbl\u00fcte &amp; Wasserblumen - UFI exempt <8%"},"content":{"rendered":"<h3>BESCHREIBUNG<\/h3>\n<p>&nbsp;<\/p>\n<h3><em><strong>Apfelbl\u00fcte &amp; Wasserblumen<\/strong><\/em><\/h3>\n<p class=\"\" data-start=\"160\" data-end=\"300\">Apple Blossom &amp; Water Flowers ist ein zarter und erfrischender Duft, der die Essenz eines bl\u00fchenden Obstgartens einf\u00e4ngt, der von sanftem Wasser gek\u00fcsst wird.<\/p>\n<p class=\"\" data-start=\"302\" data-end=\"692\">Die Kopfnoten von spritziger Zitrone, knackiger Apfelbl\u00fcte und saftiger Melone bilden einen frischen, fruchtigen Auftakt, der die Sinne sofort anregt.<br data-start=\"432\" data-end=\"435\" \/>Im Herzen mischen sich aquatische Wasserblumen mit beruhigender Aloe Vera, die ein Gef\u00fchl der Ruhe und Reinheit hervorrufen.<\/p>\n<p class=\"\" data-start=\"302\" data-end=\"692\"><br data-start=\"539\" data-end=\"542\" \/>In der Basis entfaltet sich ein weicher, cremiger Abgang aus Kokosnuss, warmer Vanille und einem Hauch von Moschus, der eine sanfte, lang anhaltende Spur in Ihrem Raum hinterl\u00e4sst.<\/p>\n<p>&nbsp;<\/p>\n<p>&nbsp;<\/p>\n<p>Kopfnoten:  Zitrone - Apfelbl\u00fcte - Melone<\/p>\n<p>Mittlere Noten: Wasserbl\u00fcten - Alo\u00eb Vera<\/p>\n<p>Basisnoten: Kokosnuss - Vanille - Musk<\/p>\n<p>&nbsp;<\/p>\n<h3>UNSERE EMPFEHLUNG<\/h3>\n<hr \/>\n<div>\n<p>Die Verwendung von Duft\u00f6len h\u00e4ngt von dem Produkt ab, das Sie herstellen. Im folgenden Leitfaden finden Sie die f\u00fcr Ihr Produkt geeigneten Mischungsverh\u00e4ltnisse.<\/p>\n<p>Bitte beachten Sie, dass es sich bei den unten genannten Werten nur um Vorschl\u00e4ge handelt. Wir empfehlen den Benutzern, ihre eigenen Tests mit den vorgesehenen Wachs- und \u00d6lmischungen durchzuf\u00fchren, um optimale Ergebnisse zu erzielen.<\/p>\n<p>Kerzen: 6-10%, UFI Free max 8%<br \/>\nWachsmelonen: 10-12%<\/p>\n<p>&nbsp;<\/p>\n<\/div>\n<h3>CLP &amp; SDS INFORMATIONEN<\/h3>\n<hr \/>\n<div>\n<p><a href=\"https:\/\/luxurycandlesupplies.eu\/app\/uploads\/2024\/09\/SDS-ALCS-Apple-Blossom-Water-Flowers-ENG.pdf\">SDS ALCS Apple Blossom &amp; Water Flowers ENG<\/a><\/p>\n<\/div>\n<p><a href=\"https:\/\/luxurycandlesupplies.eu\/app\/uploads\/2024\/09\/Apple-Blossom-Water-Flowers-IFRA.pdf\">Apfelbl\u00fcte &amp; Wasserblumen IFRA<\/a><\/p>\n<p><a href=\"https:\/\/luxurycandlesupplies.eu\/app\/uploads\/2024\/09\/CLP-label-_-Apple-blossom-waterflowers_-candle-8_Free-of-UFI.pdf\">CLP-Etikett _ Apfelbl\u00fcte &amp; Wasserblumen_ Kerze 8%_Frei von UFI<\/a><\/p>\n<p>&nbsp;<\/p>\n<p>UFI: 5UA0-W0HT-6000-5TRQ<\/p>\n<p><img decoding=\"async\" class=\"alignnone wp-image-23488\" src=\"https:\/\/luxurycandlesupplies.eu\/app\/uploads\/2025\/07\/Danger-3-300x300.png\" alt=\"\" width=\"122\" height=\"122\" srcset=\"https:\/\/luxurycandlesupplies.eu\/app\/uploads\/2025\/07\/Danger-3-300x300.png 300w, https:\/\/luxurycandlesupplies.eu\/app\/uploads\/2025\/07\/Danger-3-1024x1024.png 1024w, https:\/\/luxurycandlesupplies.eu\/app\/uploads\/2025\/07\/Danger-3-150x150.png 150w, https:\/\/luxurycandlesupplies.eu\/app\/uploads\/2025\/07\/Danger-3-768x768.png 768w, https:\/\/luxurycandlesupplies.eu\/app\/uploads\/2025\/07\/Danger-3-12x12.png 12w, https:\/\/luxurycandlesupplies.eu\/app\/uploads\/2025\/07\/Danger-3-600x600.png 600w, https:\/\/luxurycandlesupplies.eu\/app\/uploads\/2025\/07\/Danger-3-100x100.png 100w, https:\/\/luxurycandlesupplies.eu\/app\/uploads\/2025\/07\/Danger-3.png 1080w\" sizes=\"(max-width: 122px) 100vw, 122px\" \/><\/p>\n<p><strong>Apfelbl\u00fcte &amp; Wasserblumen NL<\/strong><\/p>\n<p>H319 Veroorzaakt ernstige oogirritatie. H317 Kan een allergische huidreactie veroorzaken. H412<br \/>\nSchadelijk voor in het water levende organismen, met langdurige gevolgen. P280 Beschermende<br \/>\nhandschoenen\/beschermende kleding\/oogbescherming\/gelaatsbescherming dragen. P337+P313 Bij<br \/>\naanhoudende oogirritatie: een arts raadplegen. P261 Inademing van<br \/>\nstof\/rook\/gas\/nevel\/damp\/spuitnevel vermijden. P333+P313 Bij huidirritatie of uitslag: een arts<br \/>\nraadplegen. P273 Voorkom lozing in het milieu. P362+P364 Verontreinigde kleding uittrekken en<br \/>\nwenn Sie diese M\u00f6glichkeit in Anspruch nehmen m\u00f6chten.<\/p>\n<p>&nbsp;<\/p>\n<p><strong>Apfelbl\u00fcte &amp; Wasserblumen FR<\/strong><\/p>\n<p>H319 Provoziert eine schwere Reizung der Augen. H317 Kann eine allergische Hautreaktion hervorrufen.<br \/>\nH412 Sch\u00e4dlich f\u00fcr Wasserorganismen, f\u00fchrt langfristig zu unerw\u00fcnschten Wirkungen. P280 Gep\u00e4cktr\u00e4ger<br \/>\ndes gants de protection\/des v\u00eatements de protection\/une protection des yeux\/du visage. P337+P313<br \/>\nEn cas d'irritation oculaire persistante : consulter un m\u00e9decin. P261 \u00c9viter de respirer les<br \/>\npoussi\u00e8res\/fum\u00e9es\/gaz\/brouillards\/vapeurs\/a\u00e9rosols. P333+P313 En cas d'irritation ou d'\u00e9ruption<br \/>\ncutan\u00e9e : consulter un m\u00e9decin. P273 Vermeiden Sie den R\u00fccksto\u00df in die Umwelt. P362+P364 Beseitigen Sie die<br \/>\nVerunreinigte Kleidungsst\u00fccke vor der Wiederverwendung abwaschen.<\/p>\n<p>&nbsp;<\/p>\n<p><strong>Apfelbl\u00fcte &amp; Wasserblumen ENG<\/strong><\/p>\n<p>H319 Verursacht schwere Augenreizung. H317 Kann eine allergische Hautreaktion verursachen. H412 Sch\u00e4dlich f\u00fcr Wasserorganismen mit langfristiger Wirkung. P280 Bei der Arbeit Schutzhandschuhe\/Schutzkleidung\/Augenschutz\/Gesichtsschutz tragen. P337+P313 Bei andauernder Augenreizung: \u00c4rztlichen Rat einholen. P261 Einatmen von Staub\/Rauch\/Gas\/Nebel\/Dampf\/Aerosol vermeiden. P333+P313 Bei Auftreten von Hautreizungen oder Hautausschlag: \u00c4rztlichen Rat einholen. P273 Freisetzung in die Umwelt vermeiden. P362+P364 Kontaminierte Kleidung ausziehen und vor erneutem Tragen waschen.<\/p>","protected":false},"excerpt":{"rendered":"<h3>BESCHREIBUNG<\/h3>\n<p>&nbsp;<\/p>\n<h3><em><strong>Apfelbl\u00fcte &amp; Wasserblumen<\/strong><\/em><\/h3>\n<p>&nbsp;<\/p>\n<p class=\"\" data-start=\"160\" data-end=\"300\">Apple Blossom &amp; Water Flowers ist ein zarter und erfrischender Duft, der die Essenz eines bl\u00fchenden Obstgartens einf\u00e4ngt, der von sanftem Wasser gek\u00fcsst wird.<\/p>\n<p class=\"\" data-start=\"302\" data-end=\"692\">Die Kopfnoten von spritziger Zitrone, knackiger Apfelbl\u00fcte und saftiger Melone bilden einen frischen, fruchtigen Auftakt, der die Sinne sofort anregt.<br data-start=\"432\" data-end=\"435\" \/>Im Herzen mischen sich aquatische Wasserblumen mit beruhigender Aloe Vera, die ein Gef\u00fchl der Ruhe und Reinheit hervorrufen.<\/p>\n<p class=\"\" data-start=\"302\" data-end=\"692\">","protected":false},"featured_media":20671,"template":"","meta":{"_acf_changed":false,"site-sidebar-layout":"default","site-content-layout":"default","ast-site-content-layout":"default","site-content-style":"default","site-sidebar-style":"default","ast-global-header-display":"","ast-banner-title-visibility":"","ast-main-header-display":"","ast-hfb-above-header-display":"","ast-hfb-below-header-display":"","ast-hfb-mobile-header-display":"","site-post-title":"","ast-breadcrumbs-content":"","ast-featured-img":"","footer-sml-layout":"","ast-disable-related-posts":"","theme-transparent-header-meta":"default","adv-header-id-meta":"","stick-header-meta":"","header-above-stick-meta":"","header-main-stick-meta":"","header-below-stick-meta":"","astra-migrate-meta-layouts":"set","ast-page-background-enabled":"default","ast-page-background-meta":{"desktop":{"background-color":"","background-image":"","background-repeat":"repeat","background-position":"center center","background-size":"auto","background-attachment":"scroll","background-type":"","background-media":"","overlay-type":"","overlay-color":"","overlay-opacity":"","overlay-gradient":""},"tablet":{"background-color":"","background-image":"","background-repeat":"repeat","background-position":"center center","background-size":"auto","background-attachment":"scroll","background-type":"","background-media":"","overlay-type":"","overlay-color":"","overlay-opacity":"","overlay-gradient":""},"mobile":{"background-color":"","background-image":"","background-repeat":"repeat","background-position":"center center","background-size":"auto","background-attachment":"scroll","background-type":"","background-media":"","overlay-type":"","overlay-color":"","overlay-opacity":"","overlay-gradient":""}},"ast-content-background-meta":{"desktop":{"background-color":"var(--ast-global-color-5)","background-image":"","background-repeat":"repeat","background-position":"center center","background-size":"auto","background-attachment":"scroll","background-type":"","background-media":"","overlay-type":"","overlay-color":"","overlay-opacity":"","overlay-gradient":""},"tablet":{"background-color":"var(--ast-global-color-5)","background-image":"","background-repeat":"repeat","background-position":"center center","background-size":"auto","background-attachment":"scroll","background-type":"","background-media":"","overlay-type":"","overlay-color":"","overlay-opacity":"","overlay-gradient":""},"mobile":{"background-color":"var(--ast-global-color-5)","background-image":"","background-repeat":"repeat","background-position":"center center","background-size":"auto","background-attachment":"scroll","background-type":"","background-media":"","overlay-type":"","overlay-color":"","overlay-opacity":"","overlay-gradient":""}}},"product_brand":[],"product_cat":[25,1681],"product_tag":[1614,1612,1537,442,1615,1533,1613],"class_list":{"0":"post-29902","1":"product","2":"type-product","3":"status-publish","4":"has-post-thumbnail","6":"product_cat-fragrances","7":"product_cat-fragrances-ufi-exempt","8":"product_tag-aloe-vera","9":"product_tag-apple-blossom","10":"product_tag-candle-fragrance","11":"product_tag-flowers","12":"product_tag-fragrance-oil","13":"product_tag-lemon","14":"product_tag-melon","15":"desktop-align-left","16":"tablet-align-left","17":"mobile-align-left","18":"ast-product-gallery-layout-horizontal-slider","19":"ast-product-single-variable","20":"ast-product-tabs-layout-horizontal","22":"first","23":"instock","24":"taxable","25":"shipping-taxable","26":"purchasable","27":"product-type-variable"},"acf":[],"yoast_head":"<title>Apple Blossom &amp; Water Flowers - UFI exempt<\/title>\n<meta name=\"robots\" content=\"index, follow, max-snippet:-1, max-image-preview:large, max-video-preview:-1\" \/>\n<link rel=\"canonical\" href=\"https:\/\/luxurycandlesupplies.eu\/de\/produkt\/apfelbluten-wasserblumen-ufi-exempt\/\" \/>\n<meta property=\"og:locale\" content=\"de_DE\" \/>\n<meta property=\"og:type\" content=\"article\" \/>\n<meta property=\"og:title\" content=\"Apple Blossom &amp; Water Flowers - UFI exempt\" \/>\n<meta property=\"og:description\" content=\"DESCRIPTION &nbsp; Apple Blossom &amp; Water Flowers &nbsp; Delicate and refreshing, Apple Blossom &amp; Water Flowers is a scent that captures the essence of a blooming orchard kissed by gentle waters. Top notes of zesty lemon, crisp apple blossom, and juicy melon create a fresh, fruity opening that instantly energizes the senses.At the heart, aquatic water flowers blend with soothing aloe vera, evoking a feeling of calm and purity.\" \/>\n<meta property=\"og:url\" content=\"https:\/\/luxurycandlesupplies.eu\/de\/produkt\/apfelbluten-wasserblumen-ufi-exempt\/\" \/>\n<meta property=\"og:site_name\" content=\"Antwerp Luxury Candle Supplies\" \/>\n<meta property=\"article:publisher\" content=\"https:\/\/www.facebook.com\/Antwerpluxurycandlesupplies\/\" \/>\n<meta property=\"article:modified_time\" content=\"2026-05-05T09:42:51+00:00\" \/>\n<meta property=\"og:image\" content=\"https:\/\/luxurycandlesupplies.eu\/app\/uploads\/2024\/09\/2-1.png\" \/>\n\t<meta property=\"og:image:width\" content=\"1080\" \/>\n\t<meta property=\"og:image:height\" content=\"1080\" \/>\n\t<meta property=\"og:image:type\" content=\"image\/png\" \/>\n<meta name=\"twitter:card\" content=\"summary_large_image\" \/>\n<meta name=\"twitter:label1\" content=\"Gesch\u00e4tzte Lesezeit\" \/>\n\t<meta name=\"twitter:data1\" content=\"3 minutes\" \/>\n<script type=\"application\/ld+json\" class=\"yoast-schema-graph\">{\"@context\":\"https:\\\/\\\/schema.org\",\"@graph\":[{\"@type\":\"WebPage\",\"@id\":\"https:\\\/\\\/luxurycandlesupplies.eu\\\/product\\\/apple-blossom-water-flowers-ufi-exempt\\\/\",\"url\":\"https:\\\/\\\/luxurycandlesupplies.eu\\\/product\\\/apple-blossom-water-flowers-ufi-exempt\\\/\",\"name\":\"Apple Blossom & Water Flowers - UFI exempt\",\"isPartOf\":{\"@id\":\"https:\\\/\\\/luxurycandlesupplies.eu\\\/#website\"},\"primaryImageOfPage\":{\"@id\":\"https:\\\/\\\/luxurycandlesupplies.eu\\\/product\\\/apple-blossom-water-flowers-ufi-exempt\\\/#primaryimage\"},\"image\":{\"@id\":\"https:\\\/\\\/luxurycandlesupplies.eu\\\/product\\\/apple-blossom-water-flowers-ufi-exempt\\\/#primaryimage\"},\"thumbnailUrl\":\"https:\\\/\\\/luxurycandlesupplies.eu\\\/app\\\/uploads\\\/2024\\\/09\\\/2-1.png\",\"datePublished\":\"2026-04-24T13:57:01+00:00\",\"dateModified\":\"2026-05-05T09:42:51+00:00\",\"breadcrumb\":{\"@id\":\"https:\\\/\\\/luxurycandlesupplies.eu\\\/product\\\/apple-blossom-water-flowers-ufi-exempt\\\/#breadcrumb\"},\"inLanguage\":\"de-DE\",\"potentialAction\":[{\"@type\":\"ReadAction\",\"target\":[\"https:\\\/\\\/luxurycandlesupplies.eu\\\/product\\\/apple-blossom-water-flowers-ufi-exempt\\\/\"]}]},{\"@type\":\"ImageObject\",\"inLanguage\":\"de-DE\",\"@id\":\"https:\\\/\\\/luxurycandlesupplies.eu\\\/product\\\/apple-blossom-water-flowers-ufi-exempt\\\/#primaryimage\",\"url\":\"https:\\\/\\\/luxurycandlesupplies.eu\\\/app\\\/uploads\\\/2024\\\/09\\\/2-1.png\",\"contentUrl\":\"https:\\\/\\\/luxurycandlesupplies.eu\\\/app\\\/uploads\\\/2024\\\/09\\\/2-1.png\",\"width\":1080,\"height\":1080},{\"@type\":\"BreadcrumbList\",\"@id\":\"https:\\\/\\\/luxurycandlesupplies.eu\\\/product\\\/apple-blossom-water-flowers-ufi-exempt\\\/#breadcrumb\",\"itemListElement\":[{\"@type\":\"ListItem\",\"position\":1,\"name\":\"Home\",\"item\":\"https:\\\/\\\/luxurycandlesupplies.eu\\\/\"},{\"@type\":\"ListItem\",\"position\":2,\"name\":\"Shop\",\"item\":\"https:\\\/\\\/luxurycandlesupplies.eu\\\/shop\\\/\"},{\"@type\":\"ListItem\",\"position\":3,\"name\":\"Apple Blossom &#038; Water Flowers &#8211; UFI exempt\"}]},{\"@type\":\"WebSite\",\"@id\":\"https:\\\/\\\/luxurycandlesupplies.eu\\\/#website\",\"url\":\"https:\\\/\\\/luxurycandlesupplies.eu\\\/\",\"name\":\"Antwerp Luxury Candle Supplies\",\"description\":\"Distributor of all seasons soy wax\",\"publisher\":{\"@id\":\"https:\\\/\\\/luxurycandlesupplies.eu\\\/#organization\"},\"potentialAction\":[{\"@type\":\"SearchAction\",\"target\":{\"@type\":\"EntryPoint\",\"urlTemplate\":\"https:\\\/\\\/luxurycandlesupplies.eu\\\/?s={search_term_string}\"},\"query-input\":{\"@type\":\"PropertyValueSpecification\",\"valueRequired\":true,\"valueName\":\"search_term_string\"}}],\"inLanguage\":\"de-DE\"},{\"@type\":\"Organization\",\"@id\":\"https:\\\/\\\/luxurycandlesupplies.eu\\\/#organization\",\"name\":\"Antwerp Luxury Candle Supplies\",\"url\":\"https:\\\/\\\/luxurycandlesupplies.eu\\\/\",\"logo\":{\"@type\":\"ImageObject\",\"inLanguage\":\"de-DE\",\"@id\":\"https:\\\/\\\/luxurycandlesupplies.eu\\\/#\\\/schema\\\/logo\\\/image\\\/\",\"url\":\"https:\\\/\\\/luxurycandlesupplies.eu\\\/app\\\/uploads\\\/2022\\\/03\\\/antwerp-luxury-candle-supplies-1x.png\",\"contentUrl\":\"https:\\\/\\\/luxurycandlesupplies.eu\\\/app\\\/uploads\\\/2022\\\/03\\\/antwerp-luxury-candle-supplies-1x.png\",\"width\":330,\"height\":60,\"caption\":\"Antwerp Luxury Candle Supplies\"},\"image\":{\"@id\":\"https:\\\/\\\/luxurycandlesupplies.eu\\\/#\\\/schema\\\/logo\\\/image\\\/\"},\"sameAs\":[\"https:\\\/\\\/www.facebook.com\\\/Antwerpluxurycandlesupplies\\\/\",\"https:\\\/\\\/www.instagram.com\\\/antwerp_luxury_candle_supplies\\\/\",\"https:\\\/\\\/pin.it\\\/7joOXRW\"]}]}<\/script>","yoast_head_json":{"title":"Apfelbl\u00fcte &amp; Wasserblumen - UFI exempt","robots":{"index":"index","follow":"follow","max-snippet":"max-snippet:-1","max-image-preview":"max-image-preview:large","max-video-preview":"max-video-preview:-1"},"canonical":"https:\/\/luxurycandlesupplies.eu\/de\/produkt\/apfelbluten-wasserblumen-ufi-exempt\/","og_locale":"de_DE","og_type":"article","og_title":"Apple Blossom & Water Flowers - UFI exempt","og_description":"DESCRIPTION &nbsp; Apple Blossom &amp; Water Flowers &nbsp; Delicate and refreshing, Apple Blossom &amp; Water Flowers is a scent that captures the essence of a blooming orchard kissed by gentle waters. Top notes of zesty lemon, crisp apple blossom, and juicy melon create a fresh, fruity opening that instantly energizes the senses.At the heart, aquatic water flowers blend with soothing aloe vera, evoking a feeling of calm and purity.","og_url":"https:\/\/luxurycandlesupplies.eu\/de\/produkt\/apfelbluten-wasserblumen-ufi-exempt\/","og_site_name":"Antwerp Luxury Candle Supplies","article_publisher":"https:\/\/www.facebook.com\/Antwerpluxurycandlesupplies\/","article_modified_time":"2026-05-05T09:42:51+00:00","og_image":[{"width":1080,"height":1080,"url":"https:\/\/luxurycandlesupplies.eu\/app\/uploads\/2024\/09\/2-1.png","type":"image\/png"}],"twitter_card":"summary_large_image","twitter_misc":{"Gesch\u00e4tzte Lesezeit":"3 minutes"},"schema":{"@context":"https:\/\/schema.org","@graph":[{"@type":"WebPage","@id":"https:\/\/luxurycandlesupplies.eu\/product\/apple-blossom-water-flowers-ufi-exempt\/","url":"https:\/\/luxurycandlesupplies.eu\/product\/apple-blossom-water-flowers-ufi-exempt\/","name":"Apfelbl\u00fcte &amp; Wasserblumen - UFI exempt","isPartOf":{"@id":"https:\/\/luxurycandlesupplies.eu\/#website"},"primaryImageOfPage":{"@id":"https:\/\/luxurycandlesupplies.eu\/product\/apple-blossom-water-flowers-ufi-exempt\/#primaryimage"},"image":{"@id":"https:\/\/luxurycandlesupplies.eu\/product\/apple-blossom-water-flowers-ufi-exempt\/#primaryimage"},"thumbnailUrl":"https:\/\/luxurycandlesupplies.eu\/app\/uploads\/2024\/09\/2-1.png","datePublished":"2026-04-24T13:57:01+00:00","dateModified":"2026-05-05T09:42:51+00:00","breadcrumb":{"@id":"https:\/\/luxurycandlesupplies.eu\/product\/apple-blossom-water-flowers-ufi-exempt\/#breadcrumb"},"inLanguage":"de-DE","potentialAction":[{"@type":"ReadAction","target":["https:\/\/luxurycandlesupplies.eu\/product\/apple-blossom-water-flowers-ufi-exempt\/"]}]},{"@type":"ImageObject","inLanguage":"de-DE","@id":"https:\/\/luxurycandlesupplies.eu\/product\/apple-blossom-water-flowers-ufi-exempt\/#primaryimage","url":"https:\/\/luxurycandlesupplies.eu\/app\/uploads\/2024\/09\/2-1.png","contentUrl":"https:\/\/luxurycandlesupplies.eu\/app\/uploads\/2024\/09\/2-1.png","width":1080,"height":1080},{"@type":"BreadcrumbList","@id":"https:\/\/luxurycandlesupplies.eu\/product\/apple-blossom-water-flowers-ufi-exempt\/#breadcrumb","itemListElement":[{"@type":"ListItem","position":1,"name":"Home","item":"https:\/\/luxurycandlesupplies.eu\/"},{"@type":"ListItem","position":2,"name":"Shop","item":"https:\/\/luxurycandlesupplies.eu\/shop\/"},{"@type":"ListItem","position":3,"name":"Apple Blossom &#038; Water Flowers &#8211; UFI exempt"}]},{"@type":"WebSite","@id":"https:\/\/luxurycandlesupplies.eu\/#website","url":"https:\/\/luxurycandlesupplies.eu\/","name":"Antwerpener Luxus-Kerzen-Bedarf","description":"Vertreiber von Sojawachs f\u00fcr alle Jahreszeiten","publisher":{"@id":"https:\/\/luxurycandlesupplies.eu\/#organization"},"potentialAction":[{"@type":"SearchAction","target":{"@type":"EntryPoint","urlTemplate":"https:\/\/luxurycandlesupplies.eu\/?s={search_term_string}"},"query-input":{"@type":"PropertyValueSpecification","valueRequired":true,"valueName":"search_term_string"}}],"inLanguage":"de-DE"},{"@type":"Organization","@id":"https:\/\/luxurycandlesupplies.eu\/#organization","name":"Antwerpener Luxus-Kerzen-Bedarf","url":"https:\/\/luxurycandlesupplies.eu\/","logo":{"@type":"ImageObject","inLanguage":"de-DE","@id":"https:\/\/luxurycandlesupplies.eu\/#\/schema\/logo\/image\/","url":"https:\/\/luxurycandlesupplies.eu\/app\/uploads\/2022\/03\/antwerp-luxury-candle-supplies-1x.png","contentUrl":"https:\/\/luxurycandlesupplies.eu\/app\/uploads\/2022\/03\/antwerp-luxury-candle-supplies-1x.png","width":330,"height":60,"caption":"Antwerp Luxury Candle Supplies"},"image":{"@id":"https:\/\/luxurycandlesupplies.eu\/#\/schema\/logo\/image\/"},"sameAs":["https:\/\/www.facebook.com\/Antwerpluxurycandlesupplies\/","https:\/\/www.instagram.com\/antwerp_luxury_candle_supplies\/","https:\/\/pin.it\/7joOXRW"]}]}},"_links":{"self":[{"href":"https:\/\/luxurycandlesupplies.eu\/de\/wp-json\/wp\/v2\/product\/29902","targetHints":{"allow":["GET"]}}],"collection":[{"href":"https:\/\/luxurycandlesupplies.eu\/de\/wp-json\/wp\/v2\/product"}],"about":[{"href":"https:\/\/luxurycandlesupplies.eu\/de\/wp-json\/wp\/v2\/types\/product"}],"wp:featuredmedia":[{"embeddable":true,"href":"https:\/\/luxurycandlesupplies.eu\/de\/wp-json\/wp\/v2\/media\/20671"}],"wp:attachment":[{"href":"https:\/\/luxurycandlesupplies.eu\/de\/wp-json\/wp\/v2\/media?parent=29902"}],"wp:term":[{"taxonomy":"product_brand","embeddable":true,"href":"https:\/\/luxurycandlesupplies.eu\/de\/wp-json\/wp\/v2\/product_brand?post=29902"},{"taxonomy":"product_cat","embeddable":true,"href":"https:\/\/luxurycandlesupplies.eu\/de\/wp-json\/wp\/v2\/product_cat?post=29902"},{"taxonomy":"product_tag","embeddable":true,"href":"https:\/\/luxurycandlesupplies.eu\/de\/wp-json\/wp\/v2\/product_tag?post=29902"}],"curies":[{"name":"wp","href":"https:\/\/api.w.org\/{rel}","templated":true}]}}