{"id":29996,"date":"2026-04-28T11:34:55","date_gmt":"2026-04-28T09:34:55","guid":{"rendered":"https:\/\/luxurycandlesupplies.eu\/?post_type=product&#038;p=29996"},"modified":"2026-05-07T23:37:17","modified_gmt":"2026-05-07T21:37:17","slug":"kleines-weises-kerzenglas-urban-extra-klein","status":"publish","type":"product","link":"https:\/\/luxurycandlesupplies.eu\/de\/product\/small-white-candle-jar-urban-extra-small\/","title":{"rendered":"Urban Extra Klein - Braut Wei\u00df"},"content":{"rendered":"<h4>BESCHREIBUNG<\/h4>\n<hr \/>\n<h2 data-section-id=\"ot5ux9\" data-start=\"73\" data-end=\"120\"><span role=\"text\"><strong data-start=\"76\" data-end=\"120\">Urban Extra kleines Kerzenglas f\u00fcr die wei\u00dfe Braut<\/strong><\/span><\/h2>\n<p data-start=\"122\" data-end=\"382\">\n<p data-start=\"122\" data-end=\"382\">Schaffen Sie einen sauberen und eleganten Look mit dem <strong data-start=\"163\" data-end=\"207\">Urban Extra kleines Kerzenglas f\u00fcr die wei\u00dfe Braut<\/strong>, ein hochwertiger Glasbeh\u00e4lter mit glatter Oberfl\u00e4che <strong data-start=\"249\" data-end=\"277\">Braut wei\u00df gl\u00e4nzend<\/strong>.<\/p>\n<p data-start=\"122\" data-end=\"382\">Dieses kleine Kerzenglas eignet sich perfekt f\u00fcr Mini-Kerzen, Proben, Geschenksets und Reisekollektionen.<\/p>\n<p data-start=\"122\" data-end=\"382\">\n<p data-start=\"384\" data-end=\"553\">Aus hochwertigem Glas gefertigt, sorgt er f\u00fcr einen gleichm\u00e4\u00dfigen Abbrand und ein luxuri\u00f6ses Aussehen. Die gl\u00e4nzende Oberfl\u00e4che ist ideal f\u00fcr <strong data-start=\"503\" data-end=\"552\">Logodruck und individuelle Gestaltung von Eigenmarken<\/strong>.<\/p>\n<p data-start=\"555\" data-end=\"712\">Dieses Modell ist erh\u00e4ltlich in <strong data-start=\"582\" data-end=\"600\">mehrere Gr\u00f6\u00dfen<\/strong>, so dass Sie eine zusammenh\u00e4ngende Kerzensammlung aufbauen k\u00f6nnen. A <strong data-start=\"656\" data-end=\"690\">Ein passender Deckel ist ebenfalls erh\u00e4ltlich<\/strong> f\u00fcr ein raffiniertes Finish.<\/p>\n<p data-start=\"555\" data-end=\"712\">\n<p data-start=\"714\" data-end=\"885\">Kompatibel mit Sojawachs, Kokoswachs und Bienenwachs, ist dieses vielseitige <strong data-start=\"779\" data-end=\"798\">Mini-Kerzenglas<\/strong> ist perfekt f\u00fcr Kerzenhersteller, die kleinere Formate w\u00fcnschen, ohne Kompromisse bei der Qualit\u00e4t einzugehen.<\/p>\n<p>Nicht sp\u00fclmaschinenfest, wir empfehlen ein feuchtes Tuch, um \u00fcbersch\u00fcssigen Staub von der Innenseite abzuwischen.<\/p>","protected":false},"excerpt":{"rendered":"<h3>SPEZIFIKATIONEN<\/h3>\n<hr \/>\n<p><strong>\u00c4u\u00dfere Abmessungen<\/strong>: 65 mm\u2300 x 70 mmH<br \/>\n<strong>Innere Abmessungen:\u00a0<\/strong> 63 mm\u2300 x 67 mmH<br \/>\n<strong>Kapazit\u00e4t des Schiffes<\/strong>: 200 ml<br \/>\n<strong>Ungef\u00e4hres Wachsvolumen<\/strong>: 180g (dies ist nur ein Richtwert und h\u00e4ngt von den Vorlieben des jeweiligen Benutzers ab)<br \/>\n<strong>Gewicht des Schiffes<\/strong>: 0,064 g<\/p>\n<p><strong>Geeigneter Deckel<\/strong>: TBA<br \/>\n<strong>Empfohlene Dochtgr\u00f6\u00dfe*<\/strong>:<br \/>\n*Bitte beachten Sie, dass wir den Benutzern empfehlen, ihre eigenen Dochttests mit verschiedenen Wachs- und \u00d6lmischungen durchzuf\u00fchren, die sie zu verwenden beabsichtigen.<\/p>\n<p>Erh\u00e4ltlich in einzelnen Einheiten.<strong><br \/>\nGr\u00f6\u00dfe des Kartons<\/strong>: 48 Einheiten<\/p>\n<p><strong>Verpackung:\u00a0<a href=\"https:\/\/luxurycandlesupplies.eu\/de\/produkt\/dreifach-geschenkbox-matt-glanzend-schwarz-fur-3x-vogue-urban-s\/\">Dreifach-Geschenkbox - matt\/gl\u00e4nzend schwarz f\u00fcr 3x Urban XS<\/a><\/strong><\/p>\n<p><strong>Geeigneter Deckel:\u00a0<a href=\"https:\/\/luxurycandlesupplies.eu\/de\/produkt\/gebursteter-golddeckel-extra-klein-urban-silikon-seel\/\">Geb\u00fcrsteter Golddeckel Extra Klein Urban\u00a0<\/a><\/strong><\/p>\n<p>Bitte beachten Sie, dass das Produktfoto in Bezug auf die Farbe aufgrund von Beleuchtung und\/oder Herstellung vom tats\u00e4chlichen Artikel abweichen kann.<\/p>","protected":false},"featured_media":30233,"template":"","meta":{"_acf_changed":false,"site-sidebar-layout":"default","site-content-layout":"default","ast-site-content-layout":"default","site-content-style":"default","site-sidebar-style":"default","ast-global-header-display":"","ast-banner-title-visibility":"","ast-main-header-display":"","ast-hfb-above-header-display":"","ast-hfb-below-header-display":"","ast-hfb-mobile-header-display":"","site-post-title":"","ast-breadcrumbs-content":"","ast-featured-img":"","footer-sml-layout":"","ast-disable-related-posts":"","theme-transparent-header-meta":"default","adv-header-id-meta":"","stick-header-meta":"","header-above-stick-meta":"","header-main-stick-meta":"","header-below-stick-meta":"","astra-migrate-meta-layouts":"set","ast-page-background-enabled":"default","ast-page-background-meta":{"desktop":{"background-color":"","background-image":"","background-repeat":"repeat","background-position":"center center","background-size":"auto","background-attachment":"scroll","background-type":"","background-media":"","overlay-type":"","overlay-color":"","overlay-opacity":"","overlay-gradient":""},"tablet":{"background-color":"","background-image":"","background-repeat":"repeat","background-position":"center center","background-size":"auto","background-attachment":"scroll","background-type":"","background-media":"","overlay-type":"","overlay-color":"","overlay-opacity":"","overlay-gradient":""},"mobile":{"background-color":"","background-image":"","background-repeat":"repeat","background-position":"center center","background-size":"auto","background-attachment":"scroll","background-type":"","background-media":"","overlay-type":"","overlay-color":"","overlay-opacity":"","overlay-gradient":""}},"ast-content-background-meta":{"desktop":{"background-color":"var(--ast-global-color-5)","background-image":"","background-repeat":"repeat","background-position":"center center","background-size":"auto","background-attachment":"scroll","background-type":"","background-media":"","overlay-type":"","overlay-color":"","overlay-opacity":"","overlay-gradient":""},"tablet":{"background-color":"var(--ast-global-color-5)","background-image":"","background-repeat":"repeat","background-position":"center center","background-size":"auto","background-attachment":"scroll","background-type":"","background-media":"","overlay-type":"","overlay-color":"","overlay-opacity":"","overlay-gradient":""},"mobile":{"background-color":"var(--ast-global-color-5)","background-image":"","background-repeat":"repeat","background-position":"center center","background-size":"auto","background-attachment":"scroll","background-type":"","background-media":"","overlay-type":"","overlay-color":"","overlay-opacity":"","overlay-gradient":""}}},"product_brand":[],"product_cat":[1680],"product_tag":[1718,1675,76,191,1674],"class_list":{"0":"post-29996","1":"product","2":"type-product","3":"status-publish","4":"has-post-thumbnail","6":"product_cat-urban-x-small","7":"product_tag-bride","8":"product_tag-extra-small","9":"product_tag-urban-collection","10":"product_tag-white","11":"product_tag-xs","12":"desktop-align-left","13":"tablet-align-left","14":"mobile-align-left","15":"ast-product-gallery-layout-horizontal-slider","16":"ast-product-tabs-layout-horizontal","18":"first","19":"instock","20":"taxable","21":"shipping-taxable","22":"purchasable","23":"product-type-simple"},"acf":[],"yoast_head":"<title>Urban Extra Small - Bride White -<\/title>\n<meta name=\"description\" content=\"Premium small white candle jar with lid. Available in multiple sizes, ideal for mini candles, samples and private label collections.\" \/>\n<meta name=\"robots\" content=\"index, follow, max-snippet:-1, max-image-preview:large, max-video-preview:-1\" \/>\n<link rel=\"canonical\" href=\"https:\/\/luxurycandlesupplies.eu\/de\/produkt\/kleines-weises-kerzenglas-urban-extra-klein\/\" \/>\n<meta property=\"og:locale\" content=\"de_DE\" \/>\n<meta property=\"og:type\" content=\"article\" \/>\n<meta property=\"og:title\" content=\"Urban Extra Small - Bride White -\" \/>\n<meta property=\"og:description\" content=\"Premium small white candle jar with lid. Available in multiple sizes, ideal for mini candles, samples and private label collections.\" \/>\n<meta property=\"og:url\" content=\"https:\/\/luxurycandlesupplies.eu\/de\/produkt\/kleines-weises-kerzenglas-urban-extra-klein\/\" \/>\n<meta property=\"og:site_name\" content=\"Antwerp Luxury Candle Supplies\" \/>\n<meta property=\"article:publisher\" content=\"https:\/\/www.facebook.com\/Antwerpluxurycandlesupplies\/\" \/>\n<meta property=\"article:modified_time\" content=\"2026-05-07T21:37:17+00:00\" \/>\n<meta property=\"og:image\" content=\"https:\/\/luxurycandlesupplies.eu\/app\/uploads\/2026\/04\/I6A5511-web.jpg\" \/>\n\t<meta property=\"og:image:width\" content=\"2000\" \/>\n\t<meta property=\"og:image:height\" content=\"2000\" \/>\n\t<meta property=\"og:image:type\" content=\"image\/jpeg\" \/>\n<meta name=\"twitter:card\" content=\"summary_large_image\" \/>\n<meta name=\"twitter:label1\" content=\"Gesch\u00e4tzte Lesezeit\" \/>\n\t<meta name=\"twitter:data1\" content=\"1 minute\" \/>\n<script type=\"application\/ld+json\" class=\"yoast-schema-graph\">{\"@context\":\"https:\\\/\\\/schema.org\",\"@graph\":[{\"@type\":\"WebPage\",\"@id\":\"https:\\\/\\\/luxurycandlesupplies.eu\\\/product\\\/small-white-candle-jar-urban-extra-small\\\/\",\"url\":\"https:\\\/\\\/luxurycandlesupplies.eu\\\/product\\\/small-white-candle-jar-urban-extra-small\\\/\",\"name\":\"Urban Extra Small - Bride White -\",\"isPartOf\":{\"@id\":\"https:\\\/\\\/luxurycandlesupplies.eu\\\/#website\"},\"primaryImageOfPage\":{\"@id\":\"https:\\\/\\\/luxurycandlesupplies.eu\\\/product\\\/small-white-candle-jar-urban-extra-small\\\/#primaryimage\"},\"image\":{\"@id\":\"https:\\\/\\\/luxurycandlesupplies.eu\\\/product\\\/small-white-candle-jar-urban-extra-small\\\/#primaryimage\"},\"thumbnailUrl\":\"https:\\\/\\\/luxurycandlesupplies.eu\\\/app\\\/uploads\\\/2026\\\/04\\\/I6A5511-web.jpg\",\"datePublished\":\"2026-04-28T09:34:55+00:00\",\"dateModified\":\"2026-05-07T21:37:17+00:00\",\"description\":\"Premium small white candle jar with lid. Available in multiple sizes, ideal for mini candles, samples and private label collections.\",\"breadcrumb\":{\"@id\":\"https:\\\/\\\/luxurycandlesupplies.eu\\\/product\\\/small-white-candle-jar-urban-extra-small\\\/#breadcrumb\"},\"inLanguage\":\"de-DE\",\"potentialAction\":[{\"@type\":\"ReadAction\",\"target\":[\"https:\\\/\\\/luxurycandlesupplies.eu\\\/product\\\/small-white-candle-jar-urban-extra-small\\\/\"]}]},{\"@type\":\"ImageObject\",\"inLanguage\":\"de-DE\",\"@id\":\"https:\\\/\\\/luxurycandlesupplies.eu\\\/product\\\/small-white-candle-jar-urban-extra-small\\\/#primaryimage\",\"url\":\"https:\\\/\\\/luxurycandlesupplies.eu\\\/app\\\/uploads\\\/2026\\\/04\\\/I6A5511-web.jpg\",\"contentUrl\":\"https:\\\/\\\/luxurycandlesupplies.eu\\\/app\\\/uploads\\\/2026\\\/04\\\/I6A5511-web.jpg\",\"width\":2000,\"height\":2000},{\"@type\":\"BreadcrumbList\",\"@id\":\"https:\\\/\\\/luxurycandlesupplies.eu\\\/product\\\/small-white-candle-jar-urban-extra-small\\\/#breadcrumb\",\"itemListElement\":[{\"@type\":\"ListItem\",\"position\":1,\"name\":\"Home\",\"item\":\"https:\\\/\\\/luxurycandlesupplies.eu\\\/\"},{\"@type\":\"ListItem\",\"position\":2,\"name\":\"Shop\",\"item\":\"https:\\\/\\\/luxurycandlesupplies.eu\\\/shop\\\/\"},{\"@type\":\"ListItem\",\"position\":3,\"name\":\"Urban Extra Small &#8211; Bride White\"}]},{\"@type\":\"WebSite\",\"@id\":\"https:\\\/\\\/luxurycandlesupplies.eu\\\/#website\",\"url\":\"https:\\\/\\\/luxurycandlesupplies.eu\\\/\",\"name\":\"Antwerp Luxury Candle Supplies\",\"description\":\"Distributor of all seasons soy wax\",\"publisher\":{\"@id\":\"https:\\\/\\\/luxurycandlesupplies.eu\\\/#organization\"},\"potentialAction\":[{\"@type\":\"SearchAction\",\"target\":{\"@type\":\"EntryPoint\",\"urlTemplate\":\"https:\\\/\\\/luxurycandlesupplies.eu\\\/?s={search_term_string}\"},\"query-input\":{\"@type\":\"PropertyValueSpecification\",\"valueRequired\":true,\"valueName\":\"search_term_string\"}}],\"inLanguage\":\"de-DE\"},{\"@type\":\"Organization\",\"@id\":\"https:\\\/\\\/luxurycandlesupplies.eu\\\/#organization\",\"name\":\"Antwerp Luxury Candle Supplies\",\"url\":\"https:\\\/\\\/luxurycandlesupplies.eu\\\/\",\"logo\":{\"@type\":\"ImageObject\",\"inLanguage\":\"de-DE\",\"@id\":\"https:\\\/\\\/luxurycandlesupplies.eu\\\/#\\\/schema\\\/logo\\\/image\\\/\",\"url\":\"https:\\\/\\\/luxurycandlesupplies.eu\\\/app\\\/uploads\\\/2022\\\/03\\\/antwerp-luxury-candle-supplies-1x.png\",\"contentUrl\":\"https:\\\/\\\/luxurycandlesupplies.eu\\\/app\\\/uploads\\\/2022\\\/03\\\/antwerp-luxury-candle-supplies-1x.png\",\"width\":330,\"height\":60,\"caption\":\"Antwerp Luxury Candle Supplies\"},\"image\":{\"@id\":\"https:\\\/\\\/luxurycandlesupplies.eu\\\/#\\\/schema\\\/logo\\\/image\\\/\"},\"sameAs\":[\"https:\\\/\\\/www.facebook.com\\\/Antwerpluxurycandlesupplies\\\/\",\"https:\\\/\\\/www.instagram.com\\\/antwerp_luxury_candle_supplies\\\/\",\"https:\\\/\\\/pin.it\\\/7joOXRW\"]}]}<\/script>","yoast_head_json":{"title":"Urban Extra Klein - Braut Wei\u00df -","description":"Kleine wei\u00dfe Premium-Kerzengl\u00e4ser mit Deckel. Erh\u00e4ltlich in verschiedenen Gr\u00f6\u00dfen, ideal f\u00fcr Mini-Kerzen, Muster und Eigenmarken-Kollektionen.","robots":{"index":"index","follow":"follow","max-snippet":"max-snippet:-1","max-image-preview":"max-image-preview:large","max-video-preview":"max-video-preview:-1"},"canonical":"https:\/\/luxurycandlesupplies.eu\/de\/produkt\/kleines-weises-kerzenglas-urban-extra-klein\/","og_locale":"de_DE","og_type":"article","og_title":"Urban Extra Small - Bride White -","og_description":"Premium small white candle jar with lid. Available in multiple sizes, ideal for mini candles, samples and private label collections.","og_url":"https:\/\/luxurycandlesupplies.eu\/de\/produkt\/kleines-weises-kerzenglas-urban-extra-klein\/","og_site_name":"Antwerp Luxury Candle Supplies","article_publisher":"https:\/\/www.facebook.com\/Antwerpluxurycandlesupplies\/","article_modified_time":"2026-05-07T21:37:17+00:00","og_image":[{"width":2000,"height":2000,"url":"https:\/\/luxurycandlesupplies.eu\/app\/uploads\/2026\/04\/I6A5511-web.jpg","type":"image\/jpeg"}],"twitter_card":"summary_large_image","twitter_misc":{"Gesch\u00e4tzte Lesezeit":"1 minute"},"schema":{"@context":"https:\/\/schema.org","@graph":[{"@type":"WebPage","@id":"https:\/\/luxurycandlesupplies.eu\/product\/small-white-candle-jar-urban-extra-small\/","url":"https:\/\/luxurycandlesupplies.eu\/product\/small-white-candle-jar-urban-extra-small\/","name":"Urban Extra Klein - Braut Wei\u00df -","isPartOf":{"@id":"https:\/\/luxurycandlesupplies.eu\/#website"},"primaryImageOfPage":{"@id":"https:\/\/luxurycandlesupplies.eu\/product\/small-white-candle-jar-urban-extra-small\/#primaryimage"},"image":{"@id":"https:\/\/luxurycandlesupplies.eu\/product\/small-white-candle-jar-urban-extra-small\/#primaryimage"},"thumbnailUrl":"https:\/\/luxurycandlesupplies.eu\/app\/uploads\/2026\/04\/I6A5511-web.jpg","datePublished":"2026-04-28T09:34:55+00:00","dateModified":"2026-05-07T21:37:17+00:00","description":"Kleine wei\u00dfe Premium-Kerzengl\u00e4ser mit Deckel. Erh\u00e4ltlich in verschiedenen Gr\u00f6\u00dfen, ideal f\u00fcr Mini-Kerzen, Muster und Eigenmarken-Kollektionen.","breadcrumb":{"@id":"https:\/\/luxurycandlesupplies.eu\/product\/small-white-candle-jar-urban-extra-small\/#breadcrumb"},"inLanguage":"de-DE","potentialAction":[{"@type":"ReadAction","target":["https:\/\/luxurycandlesupplies.eu\/product\/small-white-candle-jar-urban-extra-small\/"]}]},{"@type":"ImageObject","inLanguage":"de-DE","@id":"https:\/\/luxurycandlesupplies.eu\/product\/small-white-candle-jar-urban-extra-small\/#primaryimage","url":"https:\/\/luxurycandlesupplies.eu\/app\/uploads\/2026\/04\/I6A5511-web.jpg","contentUrl":"https:\/\/luxurycandlesupplies.eu\/app\/uploads\/2026\/04\/I6A5511-web.jpg","width":2000,"height":2000},{"@type":"BreadcrumbList","@id":"https:\/\/luxurycandlesupplies.eu\/product\/small-white-candle-jar-urban-extra-small\/#breadcrumb","itemListElement":[{"@type":"ListItem","position":1,"name":"Home","item":"https:\/\/luxurycandlesupplies.eu\/"},{"@type":"ListItem","position":2,"name":"Shop","item":"https:\/\/luxurycandlesupplies.eu\/shop\/"},{"@type":"ListItem","position":3,"name":"Urban Extra Small &#8211; Bride White"}]},{"@type":"WebSite","@id":"https:\/\/luxurycandlesupplies.eu\/#website","url":"https:\/\/luxurycandlesupplies.eu\/","name":"Antwerpener Luxus-Kerzen-Bedarf","description":"Vertreiber von Sojawachs f\u00fcr alle Jahreszeiten","publisher":{"@id":"https:\/\/luxurycandlesupplies.eu\/#organization"},"potentialAction":[{"@type":"SearchAction","target":{"@type":"EntryPoint","urlTemplate":"https:\/\/luxurycandlesupplies.eu\/?s={search_term_string}"},"query-input":{"@type":"PropertyValueSpecification","valueRequired":true,"valueName":"search_term_string"}}],"inLanguage":"de-DE"},{"@type":"Organization","@id":"https:\/\/luxurycandlesupplies.eu\/#organization","name":"Antwerpener Luxus-Kerzen-Bedarf","url":"https:\/\/luxurycandlesupplies.eu\/","logo":{"@type":"ImageObject","inLanguage":"de-DE","@id":"https:\/\/luxurycandlesupplies.eu\/#\/schema\/logo\/image\/","url":"https:\/\/luxurycandlesupplies.eu\/app\/uploads\/2022\/03\/antwerp-luxury-candle-supplies-1x.png","contentUrl":"https:\/\/luxurycandlesupplies.eu\/app\/uploads\/2022\/03\/antwerp-luxury-candle-supplies-1x.png","width":330,"height":60,"caption":"Antwerp Luxury Candle Supplies"},"image":{"@id":"https:\/\/luxurycandlesupplies.eu\/#\/schema\/logo\/image\/"},"sameAs":["https:\/\/www.facebook.com\/Antwerpluxurycandlesupplies\/","https:\/\/www.instagram.com\/antwerp_luxury_candle_supplies\/","https:\/\/pin.it\/7joOXRW"]}]}},"_links":{"self":[{"href":"https:\/\/luxurycandlesupplies.eu\/de\/wp-json\/wp\/v2\/product\/29996","targetHints":{"allow":["GET"]}}],"collection":[{"href":"https:\/\/luxurycandlesupplies.eu\/de\/wp-json\/wp\/v2\/product"}],"about":[{"href":"https:\/\/luxurycandlesupplies.eu\/de\/wp-json\/wp\/v2\/types\/product"}],"wp:featuredmedia":[{"embeddable":true,"href":"https:\/\/luxurycandlesupplies.eu\/de\/wp-json\/wp\/v2\/media\/30233"}],"wp:attachment":[{"href":"https:\/\/luxurycandlesupplies.eu\/de\/wp-json\/wp\/v2\/media?parent=29996"}],"wp:term":[{"taxonomy":"product_brand","embeddable":true,"href":"https:\/\/luxurycandlesupplies.eu\/de\/wp-json\/wp\/v2\/product_brand?post=29996"},{"taxonomy":"product_cat","embeddable":true,"href":"https:\/\/luxurycandlesupplies.eu\/de\/wp-json\/wp\/v2\/product_cat?post=29996"},{"taxonomy":"product_tag","embeddable":true,"href":"https:\/\/luxurycandlesupplies.eu\/de\/wp-json\/wp\/v2\/product_tag?post=29996"}],"curies":[{"name":"wp","href":"https:\/\/api.w.org\/{rel}","templated":true}]}}