{"id":30046,"date":"2026-04-28T16:31:33","date_gmt":"2026-04-28T14:31:33","guid":{"rendered":"https:\/\/luxurycandlesupplies.eu\/?post_type=product&#038;p=30046"},"modified":"2026-04-28T16:32:48","modified_gmt":"2026-04-28T14:32:48","slug":"dufte-von-griechenland-ufi-befreit","status":"publish","type":"product","link":"https:\/\/luxurycandlesupplies.eu\/de\/product\/scents-of-greece-ufi-exempt\/","title":{"rendered":"D\u00fcfte Griechenlands - UFI befreit <8%"},"content":{"rendered":"<h3>BESCHREIBUNG<\/h3>\n<p>&nbsp;<\/p>\n<div><\/div>\n<h3><em><strong>D\u00fcfte aus Griechenland<\/strong><\/em><\/h3>\n<p>&nbsp;<\/p>\n<p><strong>Kopfnoten:<\/strong> Bergamotte Gr\u00fcner Akkord<br \/>\n<strong>Mittlere Noten:<\/strong> Wei\u00dfe Blumen<br \/>\n<strong>Basisnoten:<\/strong> Musk Marine Accord Sandelholz<\/p>\n<p>&nbsp;<\/p>\n<h3>UNSERE EMPFEHLUNG<\/h3>\n<hr \/>\n<div>\n<p>Die Verwendung von Duft\u00f6len h\u00e4ngt von dem Produkt ab, das Sie herstellen. Im folgenden Leitfaden finden Sie die f\u00fcr Ihr Produkt geeigneten Mischungsverh\u00e4ltnisse.<\/p>\n<p>Bitte beachten Sie, dass es sich bei den unten genannten Werten nur um Vorschl\u00e4ge handelt. Wir empfehlen den Benutzern, ihre eigenen Tests mit den vorgesehenen Wachs- und \u00d6lmischungen durchzuf\u00fchren, um optimale Ergebnisse zu erzielen.<\/p>\n<p>Kerzen: 6-10%, UFI frei max 8%<br \/>\nWachsmelonen: 10-12%<\/p>\n<\/div>\n<h2><\/h2>\n<h3>CLP &amp; SDS INFORMATIONEN<\/h3>\n<hr \/>\n<div>\n<p><a style=\"font-size: 16px; background-color: #ffffff;\" href=\"https:\/\/luxurycandlesupplies.eu\/app\/uploads\/2023\/02\/CLP-label-_-Scents-of-Greece-_-candle-8.pdf\">CLP-Etikett _ Scents of Greece _ Kerze 8%<\/a><\/p>\n<\/div>\n<p><a href=\"https:\/\/luxurycandlesupplies.eu\/app\/uploads\/2023\/02\/CLP-label-_-Scents-of-Greece-_-candle-10.pdf\">CLP-Etikett _ Scents of Greece _ Kerze 10%<\/a><\/p>\n<p><a href=\"https:\/\/luxurycandlesupplies.eu\/app\/uploads\/2023\/02\/CLP-label-_-Scents-of-Greece-_-Augeo-16.pdf\">CLP-Etikett _ D\u00fcfte aus Griechenland _ Augeo 16%<\/a><\/p>\n<p><a href=\"https:\/\/luxurycandlesupplies.eu\/app\/uploads\/2023\/02\/Scents-of-Greece-SDS-1.pdf\">D\u00fcfte aus Griechenland - SDS<\/a><\/p>\n<p><a href=\"https:\/\/luxurycandlesupplies.eu\/app\/uploads\/2023\/01\/Scents-of-Greece-TDS.pdf\">D\u00fcfte aus Griechenland - TDS<\/a><\/p>\n<p><a href=\"https:\/\/luxurycandlesupplies.eu\/app\/uploads\/2023\/10\/SCENTS-OF-GREECE-IFRA.pdf\">D\u00fcfte aus Griechenland - IFRA<\/a><\/p>\n<p>&nbsp;<\/p>\n<p>UFI: HGE0-K0X3-P00C-PDTQ<\/p>\n<p><img decoding=\"async\" class=\"alignnone wp-image-23488\" src=\"https:\/\/luxurycandlesupplies.eu\/app\/uploads\/2025\/07\/Danger-3-300x300.png\" alt=\"\" width=\"122\" height=\"122\" srcset=\"https:\/\/luxurycandlesupplies.eu\/app\/uploads\/2025\/07\/Danger-3-300x300.png 300w, https:\/\/luxurycandlesupplies.eu\/app\/uploads\/2025\/07\/Danger-3-1024x1024.png 1024w, https:\/\/luxurycandlesupplies.eu\/app\/uploads\/2025\/07\/Danger-3-150x150.png 150w, https:\/\/luxurycandlesupplies.eu\/app\/uploads\/2025\/07\/Danger-3-768x768.png 768w, https:\/\/luxurycandlesupplies.eu\/app\/uploads\/2025\/07\/Danger-3-12x12.png 12w, https:\/\/luxurycandlesupplies.eu\/app\/uploads\/2025\/07\/Danger-3-600x600.png 600w, https:\/\/luxurycandlesupplies.eu\/app\/uploads\/2025\/07\/Danger-3-100x100.png 100w, https:\/\/luxurycandlesupplies.eu\/app\/uploads\/2025\/07\/Danger-3.png 1080w\" sizes=\"(max-width: 122px) 100vw, 122px\" \/><\/p>\n<p><strong>D\u00fcfte von Griechenland NL<\/strong><\/p>\n<p>H315 Veroorzaakt huidirritatie. H317 Kan een allergische huidreactie veroorzaken. H319 Veroorzaakt<br \/>\nernsthafte Oogirritatie. H410 Zeer giftig voor in het water levende organismen, met langdurige<br \/>\ngevolgen. P261 Inademing van stof\/rook\/gas\/nevel\/damp\/spuitnevel vermijden. P272 Verontreinigde<br \/>\nwerkkleding mag de werkruimte niet verlaten. P280 Beschermende handschoenen\/beschermende<br \/>\nkleding\/oogbescherming\/gelaatsbescherming dragen. P302+P352 BIJ CONTACT MET DE HUID: met<br \/>\nveel water en zeep wassen. P305+P351+P338 BIJ CONTACT MET DE OGEN: voorzichtig afspoelen met<br \/>\nWasser gedurende een aantal minuten; contactlenzen verwijderen, indien mogelijk; blijven spoelen.<br \/>\nP333+P313 Bij huidirritatie of uitslag: een arts raadplegen. P337+P313 Bij aanhoudende oogirritatie:<br \/>\neen arts raadplegen. P362+P364 Verontreinigde kleding uittrekken en wassen alvorens deze opnieuw<br \/>\nte gebruiken. P501 Inhoud\/verpakking afvoeren naar een erkende afvalinzamelaar conform<br \/>\nVLAREMA und OVAM-Regelung.<\/p>\n<p>&nbsp;<\/p>\n<p><strong>D\u00fcfte aus Griechenland FR<\/strong><\/p>\n<p>H315 Provoziert eine Hautreizung. H317 Peut provoquer une r\u00e9action allergique cutan\u00e9e. H319<br \/>\nVerursacht eine schwere Reizung der Augen. H410 Tr\u00e8s toxique pour les organismes aquatiques,<br \/>\nf\u00fchrt langfristig zu unerw\u00fcnschten Effekten. P261 \u00c9viter de respirer les<br \/>\npoussi\u00e8res\/fum\u00e9es\/gaz\/brouillards\/vapeurs\/a\u00e9rosols. P272 Verunreinigte Arbeitskleidung darf nicht<br \/>\ndoivent pas sortir du lieu de travail. P280 Porter des gants de protection\/des v\u00eatements de<br \/>\nSchutz\/une protection des yeux\/du visage. P302+P352 EN CAS DE CONTACT AVEC LA PEAU : laver<br \/>\nabondamment \u00e0 l'eau et au savon. P305+P351+P338 EN CAS DE CONTACT AVEC LES YEUX : rincer<br \/>\nmit Vorsicht \u00fcber mehrere Minuten in das Wasser halten; wenn m\u00f6glich, die Linsen zur\u00fcckziehen; mit dem Sp\u00fclen fortfahren.<br \/>\nP333+P313 En cas d'irritation ou d'\u00e9ruption cutan\u00e9e : consulter un m\u00e9decin. P337+P313 Im Falle einer<br \/>\nd'irritation oculaire persistante : consulter un m\u00e9decin. P362+P364 Kontaminierte Kleidungsst\u00fccke ablegen<br \/>\nund vor der Wiederverwendung aufbewahren. P501 Den Inhalt\/den Empf\u00e4nger \u00fcber einen Abfallsammler beseitigen<br \/>\ngem\u00e4\u00df der VLAREMA- und OVAM-Verordnung zugelassen.<\/p>\n<p>&nbsp;<\/p>\n<p><strong>D\u00fcfte aus Griechenland ENG<\/strong><\/p>\n<p>H315 Verursacht Hautreizungen. H317 Kann eine allergische Hautreaktion verursachen. H319 Verursacht schwere Augen<br \/>\nReizung. H410 Sehr giftig f\u00fcr Wasserorganismen mit langfristiger Wirkung. P261 Einatmen vermeiden<br \/>\nStaub\/Rauch\/Gas\/Nebel\/D\u00e4mpfe\/Aerosol. P272 Kontaminierte Arbeitskleidung sollte nicht aus dem<br \/>\nam Arbeitsplatz. P280 Schutzhandschuhe\/Schutzkleidung\/Augenschutz\/Gesichtsschutz tragen.<br \/>\nP302+P352 BEI KONTAKT MIT DER HAUT: Mit viel Wasser und Seife waschen. P305+P351+P338 BEI KONTAKT MIT DEN AUGEN: Aussp\u00fclen<br \/>\neinige Minuten lang behutsam mit Wasser einweichen. Entfernen Sie die Kontaktlinsen, falls vorhanden und leicht zu bewerkstelligen. Weiter<br \/>\nSp\u00fclung. P333+P313 Bei Auftreten von Hautreizungen oder Hautausschlag: \u00c4rztlichen Rat einholen. P337+P313 Bei Augenreizung<br \/>\nfortbesteht: \u00c4rztlichen Rat einholen. P362+P364 Kontaminierte Kleidung ausziehen und vor erneutem Tragen waschen. P501<br \/>\nInhalt\/Beh\u00e4lter \u00fcber einen zugelassenen Abfallsammler nach VLAREMA entsorgen und<br \/>\nOVAM-Vorschriften.<\/p>","protected":false},"excerpt":{"rendered":"<p>DESCRIPTION &nbsp; Scents of Greece &nbsp; Top notes: Bergamot Green Accord Middle notes: White Flowers Base notes: Musk Marine Accord Sandalwood &nbsp; OUR RECOMMENDATION The use of fragrance oils will be dependant on the product you are creating. Please refer to the guide below for suggested ratios suitable for your product. Please note, the below [&hellip;]<\/p>\n","protected":false},"featured_media":3968,"template":"","meta":{"_acf_changed":false,"site-sidebar-layout":"default","site-content-layout":"default","ast-site-content-layout":"default","site-content-style":"default","site-sidebar-style":"default","ast-global-header-display":"","ast-banner-title-visibility":"","ast-main-header-display":"","ast-hfb-above-header-display":"","ast-hfb-below-header-display":"","ast-hfb-mobile-header-display":"","site-post-title":"","ast-breadcrumbs-content":"","ast-featured-img":"","footer-sml-layout":"","ast-disable-related-posts":"","theme-transparent-header-meta":"default","adv-header-id-meta":"","stick-header-meta":"","header-above-stick-meta":"","header-main-stick-meta":"","header-below-stick-meta":"","astra-migrate-meta-layouts":"set","ast-page-background-enabled":"default","ast-page-background-meta":{"desktop":{"background-color":"","background-image":"","background-repeat":"repeat","background-position":"center center","background-size":"auto","background-attachment":"scroll","background-type":"","background-media":"","overlay-type":"","overlay-color":"","overlay-opacity":"","overlay-gradient":""},"tablet":{"background-color":"","background-image":"","background-repeat":"repeat","background-position":"center center","background-size":"auto","background-attachment":"scroll","background-type":"","background-media":"","overlay-type":"","overlay-color":"","overlay-opacity":"","overlay-gradient":""},"mobile":{"background-color":"","background-image":"","background-repeat":"repeat","background-position":"center center","background-size":"auto","background-attachment":"scroll","background-type":"","background-media":"","overlay-type":"","overlay-color":"","overlay-opacity":"","overlay-gradient":""}},"ast-content-background-meta":{"desktop":{"background-color":"var(--ast-global-color-5)","background-image":"","background-repeat":"repeat","background-position":"center center","background-size":"auto","background-attachment":"scroll","background-type":"","background-media":"","overlay-type":"","overlay-color":"","overlay-opacity":"","overlay-gradient":""},"tablet":{"background-color":"var(--ast-global-color-5)","background-image":"","background-repeat":"repeat","background-position":"center center","background-size":"auto","background-attachment":"scroll","background-type":"","background-media":"","overlay-type":"","overlay-color":"","overlay-opacity":"","overlay-gradient":""},"mobile":{"background-color":"var(--ast-global-color-5)","background-image":"","background-repeat":"repeat","background-position":"center center","background-size":"auto","background-attachment":"scroll","background-type":"","background-media":"","overlay-type":"","overlay-color":"","overlay-opacity":"","overlay-gradient":""}}},"product_brand":[],"product_cat":[25,1681],"product_tag":[29,26,19,441,28,442,57,440,31,58,175,23,30,435,20,27,22],"class_list":{"0":"post-30046","1":"product","2":"type-product","3":"status-publish","4":"has-post-thumbnail","6":"product_cat-fragrances","7":"product_cat-fragrances-ufi-exempt","8":"product_tag-a05-wax","9":"product_tag-a27-wax","10":"product_tag-all-seasons-wax","11":"product_tag-bergamot","12":"product_tag-cocosoy","13":"product_tag-flowers","14":"product_tag-fragrances","15":"product_tag-greece","16":"product_tag-m12-wax","17":"product_tag-mulled-wine","18":"product_tag-musk","19":"product_tag-s100-wax","20":"product_tag-s16-wax","21":"product_tag-sandalwood","22":"product_tag-soy-wax","23":"product_tag-vegan-wax","24":"product_tag-wax","25":"desktop-align-left","26":"tablet-align-left","27":"mobile-align-left","28":"ast-product-gallery-layout-horizontal-slider","29":"ast-product-gallery-with-no-image","30":"ast-product-single-variable","31":"ast-product-tabs-layout-horizontal","33":"first","34":"instock","35":"taxable","36":"shipping-taxable","37":"purchasable","38":"product-type-variable"},"acf":[],"yoast_head":"<title>Scents of Greece - UFI exempt<\/title>\n<meta name=\"robots\" content=\"index, follow, max-snippet:-1, max-image-preview:large, max-video-preview:-1\" \/>\n<link rel=\"canonical\" href=\"https:\/\/luxurycandlesupplies.eu\/de\/produkt\/dufte-von-griechenland-ufi-befreit\/\" \/>\n<meta property=\"og:locale\" content=\"de_DE\" \/>\n<meta property=\"og:type\" content=\"article\" \/>\n<meta property=\"og:title\" content=\"Scents of Greece - UFI exempt\" \/>\n<meta property=\"og:description\" content=\"DESCRIPTION &nbsp; Scents of Greece &nbsp; Top notes: Bergamot Green Accord Middle notes: White Flowers Base notes: Musk Marine Accord Sandalwood &nbsp; OUR RECOMMENDATION The use of fragrance oils will be dependant on the product you are creating. Please refer to the guide below for suggested ratios suitable for your product. Please note, the below [&hellip;]\" \/>\n<meta property=\"og:url\" content=\"https:\/\/luxurycandlesupplies.eu\/de\/produkt\/dufte-von-griechenland-ufi-befreit\/\" \/>\n<meta property=\"og:site_name\" content=\"Antwerp Luxury Candle Supplies\" \/>\n<meta property=\"article:publisher\" content=\"https:\/\/www.facebook.com\/Antwerpluxurycandlesupplies\/\" \/>\n<meta property=\"article:modified_time\" content=\"2026-04-28T14:32:48+00:00\" \/>\n<meta property=\"og:image\" content=\"https:\/\/luxurycandlesupplies.eu\/app\/uploads\/2023\/01\/Kopie-van-Roze-Verf-Sociale-Media-Afbeelding-6.png\" \/>\n\t<meta property=\"og:image:width\" content=\"1080\" \/>\n\t<meta property=\"og:image:height\" content=\"1080\" \/>\n\t<meta property=\"og:image:type\" content=\"image\/png\" \/>\n<meta name=\"twitter:card\" content=\"summary_large_image\" \/>\n<meta name=\"twitter:label1\" content=\"Gesch\u00e4tzte Lesezeit\" \/>\n\t<meta name=\"twitter:data1\" content=\"3 minutes\" \/>\n<script type=\"application\/ld+json\" class=\"yoast-schema-graph\">{\"@context\":\"https:\\\/\\\/schema.org\",\"@graph\":[{\"@type\":\"WebPage\",\"@id\":\"https:\\\/\\\/luxurycandlesupplies.eu\\\/product\\\/scents-of-greece-ufi-exempt\\\/\",\"url\":\"https:\\\/\\\/luxurycandlesupplies.eu\\\/product\\\/scents-of-greece-ufi-exempt\\\/\",\"name\":\"Scents of Greece - UFI exempt\",\"isPartOf\":{\"@id\":\"https:\\\/\\\/luxurycandlesupplies.eu\\\/#website\"},\"primaryImageOfPage\":{\"@id\":\"https:\\\/\\\/luxurycandlesupplies.eu\\\/product\\\/scents-of-greece-ufi-exempt\\\/#primaryimage\"},\"image\":{\"@id\":\"https:\\\/\\\/luxurycandlesupplies.eu\\\/product\\\/scents-of-greece-ufi-exempt\\\/#primaryimage\"},\"thumbnailUrl\":\"https:\\\/\\\/luxurycandlesupplies.eu\\\/app\\\/uploads\\\/2023\\\/01\\\/Kopie-van-Roze-Verf-Sociale-Media-Afbeelding-6.png\",\"datePublished\":\"2026-04-28T14:31:33+00:00\",\"dateModified\":\"2026-04-28T14:32:48+00:00\",\"breadcrumb\":{\"@id\":\"https:\\\/\\\/luxurycandlesupplies.eu\\\/product\\\/scents-of-greece-ufi-exempt\\\/#breadcrumb\"},\"inLanguage\":\"de-DE\",\"potentialAction\":[{\"@type\":\"ReadAction\",\"target\":[\"https:\\\/\\\/luxurycandlesupplies.eu\\\/product\\\/scents-of-greece-ufi-exempt\\\/\"]}]},{\"@type\":\"ImageObject\",\"inLanguage\":\"de-DE\",\"@id\":\"https:\\\/\\\/luxurycandlesupplies.eu\\\/product\\\/scents-of-greece-ufi-exempt\\\/#primaryimage\",\"url\":\"https:\\\/\\\/luxurycandlesupplies.eu\\\/app\\\/uploads\\\/2023\\\/01\\\/Kopie-van-Roze-Verf-Sociale-Media-Afbeelding-6.png\",\"contentUrl\":\"https:\\\/\\\/luxurycandlesupplies.eu\\\/app\\\/uploads\\\/2023\\\/01\\\/Kopie-van-Roze-Verf-Sociale-Media-Afbeelding-6.png\",\"width\":1080,\"height\":1080},{\"@type\":\"BreadcrumbList\",\"@id\":\"https:\\\/\\\/luxurycandlesupplies.eu\\\/product\\\/scents-of-greece-ufi-exempt\\\/#breadcrumb\",\"itemListElement\":[{\"@type\":\"ListItem\",\"position\":1,\"name\":\"Home\",\"item\":\"https:\\\/\\\/luxurycandlesupplies.eu\\\/\"},{\"@type\":\"ListItem\",\"position\":2,\"name\":\"Shop\",\"item\":\"https:\\\/\\\/luxurycandlesupplies.eu\\\/shop\\\/\"},{\"@type\":\"ListItem\",\"position\":3,\"name\":\"Scents of Greece &#8211; UFI exempt\"}]},{\"@type\":\"WebSite\",\"@id\":\"https:\\\/\\\/luxurycandlesupplies.eu\\\/#website\",\"url\":\"https:\\\/\\\/luxurycandlesupplies.eu\\\/\",\"name\":\"Antwerp Luxury Candle Supplies\",\"description\":\"Distributor of all seasons soy wax\",\"publisher\":{\"@id\":\"https:\\\/\\\/luxurycandlesupplies.eu\\\/#organization\"},\"potentialAction\":[{\"@type\":\"SearchAction\",\"target\":{\"@type\":\"EntryPoint\",\"urlTemplate\":\"https:\\\/\\\/luxurycandlesupplies.eu\\\/?s={search_term_string}\"},\"query-input\":{\"@type\":\"PropertyValueSpecification\",\"valueRequired\":true,\"valueName\":\"search_term_string\"}}],\"inLanguage\":\"de-DE\"},{\"@type\":\"Organization\",\"@id\":\"https:\\\/\\\/luxurycandlesupplies.eu\\\/#organization\",\"name\":\"Antwerp Luxury Candle Supplies\",\"url\":\"https:\\\/\\\/luxurycandlesupplies.eu\\\/\",\"logo\":{\"@type\":\"ImageObject\",\"inLanguage\":\"de-DE\",\"@id\":\"https:\\\/\\\/luxurycandlesupplies.eu\\\/#\\\/schema\\\/logo\\\/image\\\/\",\"url\":\"https:\\\/\\\/luxurycandlesupplies.eu\\\/app\\\/uploads\\\/2022\\\/03\\\/antwerp-luxury-candle-supplies-1x.png\",\"contentUrl\":\"https:\\\/\\\/luxurycandlesupplies.eu\\\/app\\\/uploads\\\/2022\\\/03\\\/antwerp-luxury-candle-supplies-1x.png\",\"width\":330,\"height\":60,\"caption\":\"Antwerp Luxury Candle Supplies\"},\"image\":{\"@id\":\"https:\\\/\\\/luxurycandlesupplies.eu\\\/#\\\/schema\\\/logo\\\/image\\\/\"},\"sameAs\":[\"https:\\\/\\\/www.facebook.com\\\/Antwerpluxurycandlesupplies\\\/\",\"https:\\\/\\\/www.instagram.com\\\/antwerp_luxury_candle_supplies\\\/\",\"https:\\\/\\\/pin.it\\\/7joOXRW\"]}]}<\/script>","yoast_head_json":{"title":"D\u00fcfte Griechenlands - UFI befreit","robots":{"index":"index","follow":"follow","max-snippet":"max-snippet:-1","max-image-preview":"max-image-preview:large","max-video-preview":"max-video-preview:-1"},"canonical":"https:\/\/luxurycandlesupplies.eu\/de\/produkt\/dufte-von-griechenland-ufi-befreit\/","og_locale":"de_DE","og_type":"article","og_title":"Scents of Greece - UFI exempt","og_description":"DESCRIPTION &nbsp; Scents of Greece &nbsp; Top notes: Bergamot Green Accord Middle notes: White Flowers Base notes: Musk Marine Accord Sandalwood &nbsp; OUR RECOMMENDATION The use of fragrance oils will be dependant on the product you are creating. Please refer to the guide below for suggested ratios suitable for your product. Please note, the below [&hellip;]","og_url":"https:\/\/luxurycandlesupplies.eu\/de\/produkt\/dufte-von-griechenland-ufi-befreit\/","og_site_name":"Antwerp Luxury Candle Supplies","article_publisher":"https:\/\/www.facebook.com\/Antwerpluxurycandlesupplies\/","article_modified_time":"2026-04-28T14:32:48+00:00","og_image":[{"width":1080,"height":1080,"url":"https:\/\/luxurycandlesupplies.eu\/app\/uploads\/2023\/01\/Kopie-van-Roze-Verf-Sociale-Media-Afbeelding-6.png","type":"image\/png"}],"twitter_card":"summary_large_image","twitter_misc":{"Gesch\u00e4tzte Lesezeit":"3 minutes"},"schema":{"@context":"https:\/\/schema.org","@graph":[{"@type":"WebPage","@id":"https:\/\/luxurycandlesupplies.eu\/product\/scents-of-greece-ufi-exempt\/","url":"https:\/\/luxurycandlesupplies.eu\/product\/scents-of-greece-ufi-exempt\/","name":"D\u00fcfte Griechenlands - UFI befreit","isPartOf":{"@id":"https:\/\/luxurycandlesupplies.eu\/#website"},"primaryImageOfPage":{"@id":"https:\/\/luxurycandlesupplies.eu\/product\/scents-of-greece-ufi-exempt\/#primaryimage"},"image":{"@id":"https:\/\/luxurycandlesupplies.eu\/product\/scents-of-greece-ufi-exempt\/#primaryimage"},"thumbnailUrl":"https:\/\/luxurycandlesupplies.eu\/app\/uploads\/2023\/01\/Kopie-van-Roze-Verf-Sociale-Media-Afbeelding-6.png","datePublished":"2026-04-28T14:31:33+00:00","dateModified":"2026-04-28T14:32:48+00:00","breadcrumb":{"@id":"https:\/\/luxurycandlesupplies.eu\/product\/scents-of-greece-ufi-exempt\/#breadcrumb"},"inLanguage":"de-DE","potentialAction":[{"@type":"ReadAction","target":["https:\/\/luxurycandlesupplies.eu\/product\/scents-of-greece-ufi-exempt\/"]}]},{"@type":"ImageObject","inLanguage":"de-DE","@id":"https:\/\/luxurycandlesupplies.eu\/product\/scents-of-greece-ufi-exempt\/#primaryimage","url":"https:\/\/luxurycandlesupplies.eu\/app\/uploads\/2023\/01\/Kopie-van-Roze-Verf-Sociale-Media-Afbeelding-6.png","contentUrl":"https:\/\/luxurycandlesupplies.eu\/app\/uploads\/2023\/01\/Kopie-van-Roze-Verf-Sociale-Media-Afbeelding-6.png","width":1080,"height":1080},{"@type":"BreadcrumbList","@id":"https:\/\/luxurycandlesupplies.eu\/product\/scents-of-greece-ufi-exempt\/#breadcrumb","itemListElement":[{"@type":"ListItem","position":1,"name":"Home","item":"https:\/\/luxurycandlesupplies.eu\/"},{"@type":"ListItem","position":2,"name":"Shop","item":"https:\/\/luxurycandlesupplies.eu\/shop\/"},{"@type":"ListItem","position":3,"name":"Scents of Greece &#8211; UFI exempt"}]},{"@type":"WebSite","@id":"https:\/\/luxurycandlesupplies.eu\/#website","url":"https:\/\/luxurycandlesupplies.eu\/","name":"Antwerpener Luxus-Kerzen-Bedarf","description":"Vertreiber von Sojawachs f\u00fcr alle Jahreszeiten","publisher":{"@id":"https:\/\/luxurycandlesupplies.eu\/#organization"},"potentialAction":[{"@type":"SearchAction","target":{"@type":"EntryPoint","urlTemplate":"https:\/\/luxurycandlesupplies.eu\/?s={search_term_string}"},"query-input":{"@type":"PropertyValueSpecification","valueRequired":true,"valueName":"search_term_string"}}],"inLanguage":"de-DE"},{"@type":"Organization","@id":"https:\/\/luxurycandlesupplies.eu\/#organization","name":"Antwerpener Luxus-Kerzen-Bedarf","url":"https:\/\/luxurycandlesupplies.eu\/","logo":{"@type":"ImageObject","inLanguage":"de-DE","@id":"https:\/\/luxurycandlesupplies.eu\/#\/schema\/logo\/image\/","url":"https:\/\/luxurycandlesupplies.eu\/app\/uploads\/2022\/03\/antwerp-luxury-candle-supplies-1x.png","contentUrl":"https:\/\/luxurycandlesupplies.eu\/app\/uploads\/2022\/03\/antwerp-luxury-candle-supplies-1x.png","width":330,"height":60,"caption":"Antwerp Luxury Candle Supplies"},"image":{"@id":"https:\/\/luxurycandlesupplies.eu\/#\/schema\/logo\/image\/"},"sameAs":["https:\/\/www.facebook.com\/Antwerpluxurycandlesupplies\/","https:\/\/www.instagram.com\/antwerp_luxury_candle_supplies\/","https:\/\/pin.it\/7joOXRW"]}]}},"_links":{"self":[{"href":"https:\/\/luxurycandlesupplies.eu\/de\/wp-json\/wp\/v2\/product\/30046","targetHints":{"allow":["GET"]}}],"collection":[{"href":"https:\/\/luxurycandlesupplies.eu\/de\/wp-json\/wp\/v2\/product"}],"about":[{"href":"https:\/\/luxurycandlesupplies.eu\/de\/wp-json\/wp\/v2\/types\/product"}],"wp:featuredmedia":[{"embeddable":true,"href":"https:\/\/luxurycandlesupplies.eu\/de\/wp-json\/wp\/v2\/media\/3968"}],"wp:attachment":[{"href":"https:\/\/luxurycandlesupplies.eu\/de\/wp-json\/wp\/v2\/media?parent=30046"}],"wp:term":[{"taxonomy":"product_brand","embeddable":true,"href":"https:\/\/luxurycandlesupplies.eu\/de\/wp-json\/wp\/v2\/product_brand?post=30046"},{"taxonomy":"product_cat","embeddable":true,"href":"https:\/\/luxurycandlesupplies.eu\/de\/wp-json\/wp\/v2\/product_cat?post=30046"},{"taxonomy":"product_tag","embeddable":true,"href":"https:\/\/luxurycandlesupplies.eu\/de\/wp-json\/wp\/v2\/product_tag?post=30046"}],"curies":[{"name":"wp","href":"https:\/\/api.w.org\/{rel}","templated":true}]}}