{"id":30159,"date":"2026-04-30T16:50:38","date_gmt":"2026-04-30T14:50:38","guid":{"rendered":"https:\/\/luxurycandlesupplies.eu\/?post_type=product&#038;p=30159"},"modified":"2026-04-30T16:52:22","modified_gmt":"2026-04-30T14:52:22","slug":"parfumierungsalkohol-2","status":"publish","type":"product","link":"https:\/\/luxurycandlesupplies.eu\/de\/product\/perfumers-alcohol-2\/","title":{"rendered":"Parf\u00fcm-Alkohol"},"content":{"rendered":"<h3>BESCHREIBUNG<\/h3>\n<div>\n<p>&nbsp;<\/p>\n<h2>Gebrauchsfertiger Parf\u00fcmierungsalkohol<\/h2>\n<p>&nbsp;<\/p>\n<\/div>\n<p data-start=\"171\" data-end=\"454\">Kreieren Sie hochwertige, lang anhaltende Duftprodukte mit diesem hochwertigen <strong data-start=\"241\" data-end=\"263\">Parf\u00fcm-Alkohol<\/strong>.<\/p>\n<p data-start=\"171\" data-end=\"454\">Dieser hochreine Alkohol wurde speziell f\u00fcr die Parf\u00fcmindustrie formuliert und ist die ideale Basis f\u00fcr eine Vielzahl von Duftstoffanwendungen.<\/p>\n<p data-start=\"456\" data-end=\"615\">Ob Sie nun entwickeln <strong data-start=\"483\" data-end=\"543\">Raumsprays, K\u00f6rpernebel, Rohrd\u00fcsen oder Autoparf\u00fcm<\/strong>, Dieser vielseitige Alkohol liefert jedes Mal ein sauberes, einheitliches Ergebnis.<\/p>\n<h3 data-section-id=\"1hwjp2c\" data-start=\"617\" data-end=\"655\">Warum sollten Sie sich f\u00fcr unseren Parf\u00fcmieralkohol entscheiden?<\/h3>\n<ul data-start=\"787\" data-end=\"1057\">\n<li data-section-id=\"1dmxjyh\" data-start=\"787\" data-end=\"834\">Hohe Reinheit f\u00fcr eine saubere, neutrale Duftbasis<\/li>\n<li data-section-id=\"1j2ruq1\" data-start=\"835\" data-end=\"893\">Hervorragende L\u00f6slichkeit des Duftes f\u00fcr maximale Duftausbreitung<\/li>\n<li data-section-id=\"dq6m38\" data-start=\"894\" data-end=\"946\">Schnelle Verdunstung f\u00fcr ein glattes, nicht fettendes Finish<\/li>\n<li data-section-id=\"1o0uz2e\" data-start=\"947\" data-end=\"1008\">Perfekter Tr\u00e4ger f\u00fcr leichte und intensive Duft\u00f6le<\/li>\n<li data-section-id=\"bxpas1\" data-start=\"1009\" data-end=\"1057\">Ideal f\u00fcr konsistente und stabile Formulierungen<\/li>\n<\/ul>\n<p data-start=\"1059\" data-end=\"1179\">Es wurde entwickelt, um die Leistung Ihrer Duft\u00f6le zu verbessern und den wahren Charakter jedes Duftes zur Geltung zu bringen.<\/p>\n<hr data-start=\"1181\" data-end=\"1184\" \/>\n<h2 data-section-id=\"1h48m2z\" data-start=\"1186\" data-end=\"1223\"><\/h2>\n<h2 data-section-id=\"1h48m2z\" data-start=\"1186\" data-end=\"1223\">Anwendungen von Parf\u00fcmierungsalkohol<\/h2>\n<p data-start=\"1225\" data-end=\"1314\">Dieses Produkt ist \u00e4u\u00dferst vielseitig und wird in zahlreichen Duftkategorien verwendet:<\/p>\n<h3 data-section-id=\"1e5i59f\" data-start=\"1316\" data-end=\"1331\">Raumsprays<\/h3>\n<p data-start=\"1332\" data-end=\"1500\">Schaffen Sie elegante und dauerhafte <strong data-start=\"1364\" data-end=\"1389\">Duftsprays f\u00fcr Zuhause<\/strong> mit einer feinen Nebelverteilung. Parf\u00fcmalkohol sorgt f\u00fcr eine schnelle Trocknung und eine gleichm\u00e4\u00dfige Duftabgabe in jedem Raum.<\/p>\n<h3 data-section-id=\"m57p7z\" data-start=\"1502\" data-end=\"1527\">K\u00f6rpernebel &amp; Parf\u00fcms<\/h3>\n<p data-start=\"1528\" data-end=\"1700\">Perfekt zum Basteln <strong data-start=\"1549\" data-end=\"1576\">K\u00f6rpernebel und Parf\u00fcms<\/strong>, und bietet ein leichtes, erfrischendes Gef\u00fchl auf der Haut ohne R\u00fcckst\u00e4nde. Sorgt f\u00fcr ein ausgewogenes und tragbares Dufterlebnis.<\/p>\n<h3 data-section-id=\"c48ork\" data-start=\"1702\" data-end=\"1734\">Auto-Diffusoren &amp; Auto-Parf\u00fcms<\/h3>\n<p data-start=\"1735\" data-end=\"1850\">Verwendung als Basis f\u00fcr <strong data-start=\"1753\" data-end=\"1771\">Autod\u00fcfte<\/strong> um eine saubere Verdunstung und gleichm\u00e4\u00dfige Duftverbreitung in kleinen R\u00e4umen zu erreichen.<\/p>\n<h3 data-section-id=\"1l11jd4\" data-start=\"1852\" data-end=\"1886\">Schilfrohr-Diffusoren (auf Alkoholbasis)<\/h3>\n<p data-start=\"1887\" data-end=\"2026\">Geeignet f\u00fcr <strong data-start=\"1900\" data-end=\"1932\">Rohrblattdiffusoren auf Alkoholbasis<\/strong>, Dadurch wird die Duftabgabe verbessert und die Duft\u00f6le k\u00f6nnen besser durch die Schilfrohre diffundieren.<\/p>\n<h3 data-section-id=\"bispdz\" data-start=\"2028\" data-end=\"2053\">Leinen- und Stoffsprays<\/h3>\n<p data-start=\"2054\" data-end=\"2144\">Ideal f\u00fcr <strong data-start=\"2064\" data-end=\"2080\">Leinensprays<\/strong>, und hinterl\u00e4sst einen leichten Duft auf den Textilien, ohne sie zu beschmutzen oder zu beschweren.<\/p>\n<hr data-start=\"2146\" data-end=\"2149\" \/>\n<h2 data-section-id=\"7deyeb\" data-start=\"2151\" data-end=\"2183\"><\/h2>\n<h2 data-section-id=\"7deyeb\" data-start=\"2151\" data-end=\"2183\">Wie man Parf\u00fcmalkohol verwendet<\/h2>\n<p data-start=\"2185\" data-end=\"2272\">Parf\u00fcmalkohol ist leicht zu mischen und l\u00e4sst sich je nach Rezeptur gut anpassen.<\/p>\n<p data-start=\"2274\" data-end=\"2299\">Typische Nutzungsrichtlinien:<\/p>\n<ul data-start=\"2300\" data-end=\"2491\">\n<li data-section-id=\"1j66x4r\" data-start=\"2300\" data-end=\"2356\">Je nach gew\u00fcnschter St\u00e4rke mit Duft\u00f6l mischen<\/li>\n<li data-section-id=\"qnjsx8\" data-start=\"2357\" data-end=\"2434\">\u00dcbliche Verh\u00e4ltnisse liegen zwischen 70% - 90% Alkohol und 10% - 30% Duft\u00f6l<\/li>\n<li data-section-id=\"1nvvdil\" data-start=\"2435\" data-end=\"2491\">Testen Sie Ihre Formulierung immer auf optimale Leistung!<\/li>\n<\/ul>\n<p><strong>Der Prozentsatz des verwendeten Duft\u00f6ls h\u00e4ngt von den geltenden IFRA-Richtlinien f\u00fcr jeden spezifischen Duft und jede Anwendung ab!<\/strong><\/p>\n<p>&nbsp;<\/p>\n<hr data-start=\"2493\" data-end=\"2496\" \/>\n<h2 data-section-id=\"gfhv0x\" data-start=\"2498\" data-end=\"2539\">Perfekt f\u00fcr Fachleute und Kreative<\/h2>\n<p data-start=\"2541\" data-end=\"2709\">Ob Sie ein <strong data-start=\"2559\" data-end=\"2618\">Parf\u00fcmmarke, Kerzenhersteller oder Kosmetikproduzent<\/strong>, ist dieser Parf\u00fcmalkohol ein unverzichtbarer Bestandteil f\u00fcr die Entwicklung hochwertiger Duftprodukte!<\/p>\n<p data-start=\"2711\" data-end=\"2766\">Es bietet die n\u00f6tige Flexibilit\u00e4t und Qualit\u00e4t f\u00fcr die Erstellung:<\/p>\n<ul data-start=\"2767\" data-end=\"2868\">\n<li data-section-id=\"1jvuweq\" data-start=\"2767\" data-end=\"2789\">Luxuri\u00f6se Raumsprays<\/li>\n<li data-section-id=\"l0rqvp\" data-start=\"2790\" data-end=\"2814\">Feine Duftnebel<\/li>\n<li data-section-id=\"1pur7sn\" data-start=\"2815\" data-end=\"2831\">Auto-Parf\u00fcms<\/li>\n<li data-section-id=\"1cgcey9\" data-start=\"2832\" data-end=\"2850\">Rohrbel\u00fcfter<\/li>\n<li data-section-id=\"gzuqlr\" data-start=\"2851\" data-end=\"2868\">Stoffsprays<\/li>\n<\/ul>\n<hr data-start=\"2870\" data-end=\"2873\" \/>\n<h2 data-section-id=\"10ffsbb\" data-start=\"2875\" data-end=\"2910\">Verbessern Sie Ihre Parf\u00fcmkreationen<\/h2>\n<p data-start=\"2912\" data-end=\"3093\">Mit der richtigen Basis kommt jeder Duft besser zur Geltung. Unser Parf\u00fcmalkohol gibt Ihnen die Kontrolle, Qualit\u00e4t und Konsistenz, die Sie ben\u00f6tigen, um Ihre Produkte auf ein professionelles Niveau zu heben.<\/p>\n<div>\n<p>&nbsp;<\/p>\n<h2 data-section-id=\"1c5g5t0\" data-start=\"77\" data-end=\"107\">Was ist Parf\u00fcmierungsalkohol?<\/h2>\n<p>&nbsp;<\/p>\n<p data-start=\"109\" data-end=\"412\">Parf\u00fcmalkohol basiert haupts\u00e4chlich auf <strong data-start=\"150\" data-end=\"191\"><span class=\"hover:entity-accent entity-underline inline cursor-pointer align-baseline\"><span class=\"whitespace-normal\">Ethanol<\/span><\/span><\/strong>, ein hochreiner Alkohol, der in der Parf\u00fcmindustrie weit verbreitet ist. Im Gegensatz zu reinem Ethanol ist Parf\u00fcmalkohol jedoch <strong data-start=\"306\" data-end=\"319\">denaturiert<\/strong>, Das bedeutet, dass es mit bestimmten Zusatzstoffen ver\u00e4ndert wurde, um es f\u00fcr den Verzehr ungeeignet zu machen.<\/p>\n<p data-start=\"414\" data-end=\"536\">Dadurch ist es ideal f\u00fcr professionelle Duftanwendungen und bleibt gleichzeitig kosteng\u00fcnstig und vorschriftsm\u00e4\u00dfig.<\/p>\n<p data-start=\"414\" data-end=\"536\">\n<\/div>\n<h2>SICHERHEITSDOKUMENTE<\/h2>\n<p>&nbsp;<\/p>\n<p><a href=\"https:\/\/luxurycandlesupplies.eu\/app\/uploads\/2025\/05\/SDS-Perfumers-Alcohol.pdf\">SDS-Parf\u00fcmieralkohol<\/a><\/p>\n<p>&nbsp;<\/p>","protected":false},"excerpt":{"rendered":"<div>\n<h2>Gebrauchsfertiger Parf\u00fcmierungsalkohol<\/h2>\n<p>&nbsp;<\/p>\n<\/div>\n<p data-start=\"171\" data-end=\"454\">Kreieren Sie hochwertige, lang anhaltende Duftprodukte mit diesem hochwertigen <strong data-start=\"241\" data-end=\"263\">Parf\u00fcm-Alkohol<\/strong>.<\/p>\n<p data-start=\"171\" data-end=\"454\">Dieser hochreine Alkohol wurde speziell f\u00fcr die Parf\u00fcmindustrie formuliert und ist die ideale Basis f\u00fcr eine Vielzahl von Duftstoffanwendungen.<\/p>\n<p data-start=\"456\" data-end=\"615\">Ob Sie nun entwickeln <strong data-start=\"483\" data-end=\"543\">Raumsprays, K\u00f6rpernebel, Rohrd\u00fcsen oder Autoparf\u00fcm<\/strong>, Dieser vielseitige Alkohol liefert jedes Mal ein sauberes, einheitliches Ergebnis!<\/p>","protected":false},"featured_media":21041,"template":"","meta":{"_acf_changed":false,"site-sidebar-layout":"default","site-content-layout":"default","ast-site-content-layout":"default","site-content-style":"default","site-sidebar-style":"default","ast-global-header-display":"","ast-banner-title-visibility":"","ast-main-header-display":"","ast-hfb-above-header-display":"","ast-hfb-below-header-display":"","ast-hfb-mobile-header-display":"","site-post-title":"","ast-breadcrumbs-content":"","ast-featured-img":"","footer-sml-layout":"","ast-disable-related-posts":"","theme-transparent-header-meta":"default","adv-header-id-meta":"","stick-header-meta":"","header-above-stick-meta":"","header-main-stick-meta":"","header-below-stick-meta":"","astra-migrate-meta-layouts":"set","ast-page-background-enabled":"default","ast-page-background-meta":{"desktop":{"background-color":"","background-image":"","background-repeat":"repeat","background-position":"center center","background-size":"auto","background-attachment":"scroll","background-type":"","background-media":"","overlay-type":"","overlay-color":"","overlay-opacity":"","overlay-gradient":""},"tablet":{"background-color":"","background-image":"","background-repeat":"repeat","background-position":"center center","background-size":"auto","background-attachment":"scroll","background-type":"","background-media":"","overlay-type":"","overlay-color":"","overlay-opacity":"","overlay-gradient":""},"mobile":{"background-color":"","background-image":"","background-repeat":"repeat","background-position":"center center","background-size":"auto","background-attachment":"scroll","background-type":"","background-media":"","overlay-type":"","overlay-color":"","overlay-opacity":"","overlay-gradient":""}},"ast-content-background-meta":{"desktop":{"background-color":"var(--ast-global-color-5)","background-image":"","background-repeat":"repeat","background-position":"center center","background-size":"auto","background-attachment":"scroll","background-type":"","background-media":"","overlay-type":"","overlay-color":"","overlay-opacity":"","overlay-gradient":""},"tablet":{"background-color":"var(--ast-global-color-5)","background-image":"","background-repeat":"repeat","background-position":"center center","background-size":"auto","background-attachment":"scroll","background-type":"","background-media":"","overlay-type":"","overlay-color":"","overlay-opacity":"","overlay-gradient":""},"mobile":{"background-color":"var(--ast-global-color-5)","background-image":"","background-repeat":"repeat","background-position":"center center","background-size":"auto","background-attachment":"scroll","background-type":"","background-media":"","overlay-type":"","overlay-color":"","overlay-opacity":"","overlay-gradient":""}}},"product_brand":[],"product_cat":[1648,1646,1329,1644,1716,1652],"product_tag":[1714,1402,1403,1715,1654],"class_list":{"0":"post-30159","1":"product","2":"type-product","3":"status-publish","4":"has-post-thumbnail","6":"product_cat-diffuser-base","7":"product_cat-diffusers-diffusers","8":"product_cat-diffusers","9":"product_cat-fragrance-bases","10":"product_cat-laundry-scent-booster","11":"product_cat-room-spray-bases","12":"product_tag-alcohol","13":"product_tag-diffuser-base","14":"product_tag-diffusers","15":"product_tag-perfumers-alcohol","16":"product_tag-room-spray","17":"desktop-align-left","18":"tablet-align-left","19":"mobile-align-left","20":"ast-product-gallery-layout-horizontal-slider","21":"ast-product-single-variable","22":"ast-product-tabs-layout-horizontal","24":"first","25":"instock","26":"taxable","27":"shipping-taxable","28":"purchasable","29":"product-type-variable"},"acf":[],"yoast_head":"<title>Perfumer&#039;s Alcohol - Antwerp Luxury Candle Supplies<\/title>\n<meta name=\"robots\" content=\"index, follow, max-snippet:-1, max-image-preview:large, max-video-preview:-1\" \/>\n<link rel=\"canonical\" href=\"https:\/\/luxurycandlesupplies.eu\/de\/produkt\/parfumierungsalkohol-2\/\" \/>\n<meta property=\"og:locale\" content=\"de_DE\" \/>\n<meta property=\"og:type\" content=\"article\" \/>\n<meta property=\"og:title\" content=\"Perfumer&#039;s Alcohol - Antwerp Luxury Candle Supplies\" \/>\n<meta property=\"og:description\" content=\"Ready to use Perfumer&#039;s Alcohol &nbsp;   Create high-quality, long-lasting fragrance products with this premium Perfumer\u2019s Alcohol. Specially formulated for the fragrance industry, this high-purity alcohol is the ideal base for a wide range of scented applications. Whether you are developing room sprays, body mists, reed diffusers or car perfumes, this versatile alcohol delivers a clean, consistent result every time!\" \/>\n<meta property=\"og:url\" content=\"https:\/\/luxurycandlesupplies.eu\/de\/produkt\/parfumierungsalkohol-2\/\" \/>\n<meta property=\"og:site_name\" content=\"Antwerp Luxury Candle Supplies\" \/>\n<meta property=\"article:publisher\" content=\"https:\/\/www.facebook.com\/Antwerpluxurycandlesupplies\/\" \/>\n<meta property=\"article:modified_time\" content=\"2026-04-30T14:52:22+00:00\" \/>\n<meta property=\"og:image\" content=\"https:\/\/luxurycandlesupplies.eu\/app\/uploads\/2025\/05\/Perfume-Alcohol-3.png\" \/>\n\t<meta property=\"og:image:width\" content=\"1000\" \/>\n\t<meta property=\"og:image:height\" content=\"1000\" \/>\n\t<meta property=\"og:image:type\" content=\"image\/png\" \/>\n<meta name=\"twitter:card\" content=\"summary_large_image\" \/>\n<meta name=\"twitter:label1\" content=\"Gesch\u00e4tzte Lesezeit\" \/>\n\t<meta name=\"twitter:data1\" content=\"3 minutes\" \/>\n<script type=\"application\/ld+json\" class=\"yoast-schema-graph\">{\"@context\":\"https:\\\/\\\/schema.org\",\"@graph\":[{\"@type\":\"WebPage\",\"@id\":\"https:\\\/\\\/luxurycandlesupplies.eu\\\/product\\\/perfumers-alcohol-2\\\/\",\"url\":\"https:\\\/\\\/luxurycandlesupplies.eu\\\/product\\\/perfumers-alcohol-2\\\/\",\"name\":\"Perfumer's Alcohol - Antwerp Luxury Candle Supplies\",\"isPartOf\":{\"@id\":\"https:\\\/\\\/luxurycandlesupplies.eu\\\/#website\"},\"primaryImageOfPage\":{\"@id\":\"https:\\\/\\\/luxurycandlesupplies.eu\\\/product\\\/perfumers-alcohol-2\\\/#primaryimage\"},\"image\":{\"@id\":\"https:\\\/\\\/luxurycandlesupplies.eu\\\/product\\\/perfumers-alcohol-2\\\/#primaryimage\"},\"thumbnailUrl\":\"https:\\\/\\\/luxurycandlesupplies.eu\\\/app\\\/uploads\\\/2025\\\/05\\\/Perfume-Alcohol-3.png\",\"datePublished\":\"2026-04-30T14:50:38+00:00\",\"dateModified\":\"2026-04-30T14:52:22+00:00\",\"breadcrumb\":{\"@id\":\"https:\\\/\\\/luxurycandlesupplies.eu\\\/product\\\/perfumers-alcohol-2\\\/#breadcrumb\"},\"inLanguage\":\"de-DE\",\"potentialAction\":[{\"@type\":\"ReadAction\",\"target\":[\"https:\\\/\\\/luxurycandlesupplies.eu\\\/product\\\/perfumers-alcohol-2\\\/\"]}]},{\"@type\":\"ImageObject\",\"inLanguage\":\"de-DE\",\"@id\":\"https:\\\/\\\/luxurycandlesupplies.eu\\\/product\\\/perfumers-alcohol-2\\\/#primaryimage\",\"url\":\"https:\\\/\\\/luxurycandlesupplies.eu\\\/app\\\/uploads\\\/2025\\\/05\\\/Perfume-Alcohol-3.png\",\"contentUrl\":\"https:\\\/\\\/luxurycandlesupplies.eu\\\/app\\\/uploads\\\/2025\\\/05\\\/Perfume-Alcohol-3.png\",\"width\":1000,\"height\":1000},{\"@type\":\"BreadcrumbList\",\"@id\":\"https:\\\/\\\/luxurycandlesupplies.eu\\\/product\\\/perfumers-alcohol-2\\\/#breadcrumb\",\"itemListElement\":[{\"@type\":\"ListItem\",\"position\":1,\"name\":\"Home\",\"item\":\"https:\\\/\\\/luxurycandlesupplies.eu\\\/\"},{\"@type\":\"ListItem\",\"position\":2,\"name\":\"Shop\",\"item\":\"https:\\\/\\\/luxurycandlesupplies.eu\\\/shop\\\/\"},{\"@type\":\"ListItem\",\"position\":3,\"name\":\"Perfumer&#8217;s Alcohol\"}]},{\"@type\":\"WebSite\",\"@id\":\"https:\\\/\\\/luxurycandlesupplies.eu\\\/#website\",\"url\":\"https:\\\/\\\/luxurycandlesupplies.eu\\\/\",\"name\":\"Antwerp Luxury Candle Supplies\",\"description\":\"Distributor of all seasons soy wax\",\"publisher\":{\"@id\":\"https:\\\/\\\/luxurycandlesupplies.eu\\\/#organization\"},\"potentialAction\":[{\"@type\":\"SearchAction\",\"target\":{\"@type\":\"EntryPoint\",\"urlTemplate\":\"https:\\\/\\\/luxurycandlesupplies.eu\\\/?s={search_term_string}\"},\"query-input\":{\"@type\":\"PropertyValueSpecification\",\"valueRequired\":true,\"valueName\":\"search_term_string\"}}],\"inLanguage\":\"de-DE\"},{\"@type\":\"Organization\",\"@id\":\"https:\\\/\\\/luxurycandlesupplies.eu\\\/#organization\",\"name\":\"Antwerp Luxury Candle Supplies\",\"url\":\"https:\\\/\\\/luxurycandlesupplies.eu\\\/\",\"logo\":{\"@type\":\"ImageObject\",\"inLanguage\":\"de-DE\",\"@id\":\"https:\\\/\\\/luxurycandlesupplies.eu\\\/#\\\/schema\\\/logo\\\/image\\\/\",\"url\":\"https:\\\/\\\/luxurycandlesupplies.eu\\\/app\\\/uploads\\\/2022\\\/03\\\/antwerp-luxury-candle-supplies-1x.png\",\"contentUrl\":\"https:\\\/\\\/luxurycandlesupplies.eu\\\/app\\\/uploads\\\/2022\\\/03\\\/antwerp-luxury-candle-supplies-1x.png\",\"width\":330,\"height\":60,\"caption\":\"Antwerp Luxury Candle Supplies\"},\"image\":{\"@id\":\"https:\\\/\\\/luxurycandlesupplies.eu\\\/#\\\/schema\\\/logo\\\/image\\\/\"},\"sameAs\":[\"https:\\\/\\\/www.facebook.com\\\/Antwerpluxurycandlesupplies\\\/\",\"https:\\\/\\\/www.instagram.com\\\/antwerp_luxury_candle_supplies\\\/\",\"https:\\\/\\\/pin.it\\\/7joOXRW\"]}]}<\/script>","yoast_head_json":{"title":"Parf\u00fcmierungsalkohol - Antwerpener Luxuskerzenbedarf","robots":{"index":"index","follow":"follow","max-snippet":"max-snippet:-1","max-image-preview":"max-image-preview:large","max-video-preview":"max-video-preview:-1"},"canonical":"https:\/\/luxurycandlesupplies.eu\/de\/produkt\/parfumierungsalkohol-2\/","og_locale":"de_DE","og_type":"article","og_title":"Perfumer's Alcohol - Antwerp Luxury Candle Supplies","og_description":"Ready to use Perfumer's Alcohol &nbsp;   Create high-quality, long-lasting fragrance products with this premium Perfumer\u2019s Alcohol. Specially formulated for the fragrance industry, this high-purity alcohol is the ideal base for a wide range of scented applications. Whether you are developing room sprays, body mists, reed diffusers or car perfumes, this versatile alcohol delivers a clean, consistent result every time!","og_url":"https:\/\/luxurycandlesupplies.eu\/de\/produkt\/parfumierungsalkohol-2\/","og_site_name":"Antwerp Luxury Candle Supplies","article_publisher":"https:\/\/www.facebook.com\/Antwerpluxurycandlesupplies\/","article_modified_time":"2026-04-30T14:52:22+00:00","og_image":[{"width":1000,"height":1000,"url":"https:\/\/luxurycandlesupplies.eu\/app\/uploads\/2025\/05\/Perfume-Alcohol-3.png","type":"image\/png"}],"twitter_card":"summary_large_image","twitter_misc":{"Gesch\u00e4tzte Lesezeit":"3 minutes"},"schema":{"@context":"https:\/\/schema.org","@graph":[{"@type":"WebPage","@id":"https:\/\/luxurycandlesupplies.eu\/product\/perfumers-alcohol-2\/","url":"https:\/\/luxurycandlesupplies.eu\/product\/perfumers-alcohol-2\/","name":"Parf\u00fcmierungsalkohol - Antwerpener Luxuskerzenbedarf","isPartOf":{"@id":"https:\/\/luxurycandlesupplies.eu\/#website"},"primaryImageOfPage":{"@id":"https:\/\/luxurycandlesupplies.eu\/product\/perfumers-alcohol-2\/#primaryimage"},"image":{"@id":"https:\/\/luxurycandlesupplies.eu\/product\/perfumers-alcohol-2\/#primaryimage"},"thumbnailUrl":"https:\/\/luxurycandlesupplies.eu\/app\/uploads\/2025\/05\/Perfume-Alcohol-3.png","datePublished":"2026-04-30T14:50:38+00:00","dateModified":"2026-04-30T14:52:22+00:00","breadcrumb":{"@id":"https:\/\/luxurycandlesupplies.eu\/product\/perfumers-alcohol-2\/#breadcrumb"},"inLanguage":"de-DE","potentialAction":[{"@type":"ReadAction","target":["https:\/\/luxurycandlesupplies.eu\/product\/perfumers-alcohol-2\/"]}]},{"@type":"ImageObject","inLanguage":"de-DE","@id":"https:\/\/luxurycandlesupplies.eu\/product\/perfumers-alcohol-2\/#primaryimage","url":"https:\/\/luxurycandlesupplies.eu\/app\/uploads\/2025\/05\/Perfume-Alcohol-3.png","contentUrl":"https:\/\/luxurycandlesupplies.eu\/app\/uploads\/2025\/05\/Perfume-Alcohol-3.png","width":1000,"height":1000},{"@type":"BreadcrumbList","@id":"https:\/\/luxurycandlesupplies.eu\/product\/perfumers-alcohol-2\/#breadcrumb","itemListElement":[{"@type":"ListItem","position":1,"name":"Home","item":"https:\/\/luxurycandlesupplies.eu\/"},{"@type":"ListItem","position":2,"name":"Shop","item":"https:\/\/luxurycandlesupplies.eu\/shop\/"},{"@type":"ListItem","position":3,"name":"Perfumer&#8217;s Alcohol"}]},{"@type":"WebSite","@id":"https:\/\/luxurycandlesupplies.eu\/#website","url":"https:\/\/luxurycandlesupplies.eu\/","name":"Antwerpener Luxus-Kerzen-Bedarf","description":"Vertreiber von Sojawachs f\u00fcr alle Jahreszeiten","publisher":{"@id":"https:\/\/luxurycandlesupplies.eu\/#organization"},"potentialAction":[{"@type":"SearchAction","target":{"@type":"EntryPoint","urlTemplate":"https:\/\/luxurycandlesupplies.eu\/?s={search_term_string}"},"query-input":{"@type":"PropertyValueSpecification","valueRequired":true,"valueName":"search_term_string"}}],"inLanguage":"de-DE"},{"@type":"Organization","@id":"https:\/\/luxurycandlesupplies.eu\/#organization","name":"Antwerpener Luxus-Kerzen-Bedarf","url":"https:\/\/luxurycandlesupplies.eu\/","logo":{"@type":"ImageObject","inLanguage":"de-DE","@id":"https:\/\/luxurycandlesupplies.eu\/#\/schema\/logo\/image\/","url":"https:\/\/luxurycandlesupplies.eu\/app\/uploads\/2022\/03\/antwerp-luxury-candle-supplies-1x.png","contentUrl":"https:\/\/luxurycandlesupplies.eu\/app\/uploads\/2022\/03\/antwerp-luxury-candle-supplies-1x.png","width":330,"height":60,"caption":"Antwerp Luxury Candle Supplies"},"image":{"@id":"https:\/\/luxurycandlesupplies.eu\/#\/schema\/logo\/image\/"},"sameAs":["https:\/\/www.facebook.com\/Antwerpluxurycandlesupplies\/","https:\/\/www.instagram.com\/antwerp_luxury_candle_supplies\/","https:\/\/pin.it\/7joOXRW"]}]}},"_links":{"self":[{"href":"https:\/\/luxurycandlesupplies.eu\/de\/wp-json\/wp\/v2\/product\/30159","targetHints":{"allow":["GET"]}}],"collection":[{"href":"https:\/\/luxurycandlesupplies.eu\/de\/wp-json\/wp\/v2\/product"}],"about":[{"href":"https:\/\/luxurycandlesupplies.eu\/de\/wp-json\/wp\/v2\/types\/product"}],"wp:featuredmedia":[{"embeddable":true,"href":"https:\/\/luxurycandlesupplies.eu\/de\/wp-json\/wp\/v2\/media\/21041"}],"wp:attachment":[{"href":"https:\/\/luxurycandlesupplies.eu\/de\/wp-json\/wp\/v2\/media?parent=30159"}],"wp:term":[{"taxonomy":"product_brand","embeddable":true,"href":"https:\/\/luxurycandlesupplies.eu\/de\/wp-json\/wp\/v2\/product_brand?post=30159"},{"taxonomy":"product_cat","embeddable":true,"href":"https:\/\/luxurycandlesupplies.eu\/de\/wp-json\/wp\/v2\/product_cat?post=30159"},{"taxonomy":"product_tag","embeddable":true,"href":"https:\/\/luxurycandlesupplies.eu\/de\/wp-json\/wp\/v2\/product_tag?post=30159"}],"curies":[{"name":"wp","href":"https:\/\/api.w.org\/{rel}","templated":true}]}}