{"id":3940,"date":"2023-01-31T13:47:14","date_gmt":"2023-01-31T12:47:14","guid":{"rendered":"https:\/\/luxurycandlesupplies.eu\/?post_type=product&#038;p=3940"},"modified":"2026-04-22T16:02:05","modified_gmt":"2026-04-22T14:02:05","slug":"geheimnisvolle-zeder","status":"publish","type":"product","link":"https:\/\/luxurycandlesupplies.eu\/de\/product\/mysterious-cedar\/","title":{"rendered":"Geheimnisvolle Zeder - UFI-befreit <4%"},"content":{"rendered":"<h3>BESCHREIBUNG<\/h3>\n<p>&nbsp;<\/p>\n<div><\/div>\n<h3><em><strong>Geheimnisvolle Zeder<\/strong><\/em><\/h3>\n<p>&nbsp;<\/p>\n<p>Ein k\u00fchner und sinnlicher Duft, der schon beim ersten Eindruck die Sinne weckt.<\/p>\n<p><br data-start=\"186\" data-end=\"189\" \/>Oben angekommen, ein warmer Ausbruch von <strong data-start=\"217\" data-end=\"229\">Zimt<\/strong> bringt w\u00fcrzige Intrigen und unmittelbare Anziehungskraft. Dieser w\u00fcrzige Auftakt weicht sanft einem Herz aus <strong data-start=\"324\" data-end=\"341\">Lila Mandel<\/strong>und f\u00fcgt einen unerwarteten Hauch von cremiger Nussigkeit und sanften Blumen hinzu. Schlie\u00dflich m\u00fcndet der Duft in eine reichhaltige, lang anhaltende Basis aus <strong data-start=\"469\" data-end=\"478\">Amber<\/strong> und <strong data-start=\"483\" data-end=\"492\">Zedernholz<\/strong>und bietet Tiefe, Eleganz und eine anhaltende Spur von holziger W\u00e4rme.<\/p>\n<p>&nbsp;<\/p>\n<p><strong>Kopfnoten:<\/strong> Zimt<br \/>\n<strong>Mittlere Noten:<\/strong> Lila Mandel<br \/>\n<strong>Basisnoten:<\/strong> Bernsteinfarbene Zeder<\/p>\n<p>&nbsp;<\/p>\n<p>&nbsp;<\/p>\n<h3>UNSERE EMPFEHLUNG<\/h3>\n<hr \/>\n<div>\n<p>Die Verwendung von Duft\u00f6len h\u00e4ngt von dem Produkt ab, das Sie herstellen. Im folgenden Leitfaden finden Sie die f\u00fcr Ihr Produkt geeigneten Mischungsverh\u00e4ltnisse.<\/p>\n<p>Bitte beachten Sie, dass es sich bei den unten genannten Werten nur um Vorschl\u00e4ge handelt. Wir empfehlen den Benutzern, ihre eigenen Tests mit den vorgesehenen Wachs- und \u00d6lmischungen durchzuf\u00fchren, um optimale Ergebnisse zu erzielen.<\/p>\n<p>Kerzen: 6-10%<br \/>\nWachsmelonen: 10-12%<\/p>\n<p>&nbsp;<\/p>\n<\/div>\n<h2>CLP &amp; SDS INFORMATIONEN<\/h2>\n<hr \/>\n<p><a href=\"https:\/\/luxurycandlesupplies.eu\/app\/uploads\/2023\/01\/Mysterious-Cedar-SDS-2.pdf\">Geheimnisvolle Zeder - SDS 100%<\/a><\/p>\n<p><a href=\"https:\/\/luxurycandlesupplies.eu\/app\/uploads\/2023\/01\/Mysterious-Cedar-TDS.pdf\">Geheimnisvolle Zeder - TDS<\/a><\/p>\n<p><a href=\"https:\/\/luxurycandlesupplies.eu\/app\/uploads\/2023\/10\/MYSTERIOUS-CEDAR-IFRA.pdf\">Geheimnisvolle Zeder - IFRA<\/a><\/p>\n<p><a href=\"https:\/\/luxurycandlesupplies.eu\/app\/uploads\/2023\/01\/CLP-label-_-Mysterious-Cedar-_-candle-4-_-Free-of-UFI.pdf\">CLP-Etikett _ Mysterious Cedar _ Kerze 4% _ Frei von UFI<\/a><\/p>\n<p><a href=\"https:\/\/luxurycandlesupplies.eu\/app\/uploads\/2023\/01\/CLP-label-_-Mysterious-Cedar-_-candle-8.pdf\">CLP-Etikett _ Mysterious Cedar _ Kerze 8%<\/a><\/p>\n<p>&nbsp;<\/p>\n<p>UFI: HHC0-Y01Y-M00Y-FJE7<\/p>\n<p><img decoding=\"async\" class=\"alignnone wp-image-23489\" src=\"https:\/\/luxurycandlesupplies.eu\/app\/uploads\/2025\/07\/Danger-4-300x300.png\" alt=\"\" width=\"121\" height=\"121\" srcset=\"https:\/\/luxurycandlesupplies.eu\/app\/uploads\/2025\/07\/Danger-4-300x300.png 300w, https:\/\/luxurycandlesupplies.eu\/app\/uploads\/2025\/07\/Danger-4-1024x1024.png 1024w, https:\/\/luxurycandlesupplies.eu\/app\/uploads\/2025\/07\/Danger-4-150x150.png 150w, https:\/\/luxurycandlesupplies.eu\/app\/uploads\/2025\/07\/Danger-4-768x768.png 768w, https:\/\/luxurycandlesupplies.eu\/app\/uploads\/2025\/07\/Danger-4-12x12.png 12w, https:\/\/luxurycandlesupplies.eu\/app\/uploads\/2025\/07\/Danger-4-600x600.png 600w, https:\/\/luxurycandlesupplies.eu\/app\/uploads\/2025\/07\/Danger-4-100x100.png 100w, https:\/\/luxurycandlesupplies.eu\/app\/uploads\/2025\/07\/Danger-4.png 1080w\" sizes=\"(max-width: 121px) 100vw, 121px\" \/> <img decoding=\"async\" class=\"alignnone wp-image-23488\" src=\"https:\/\/luxurycandlesupplies.eu\/app\/uploads\/2025\/07\/Danger-3-300x300.png\" alt=\"\" width=\"121\" height=\"121\" srcset=\"https:\/\/luxurycandlesupplies.eu\/app\/uploads\/2025\/07\/Danger-3-300x300.png 300w, https:\/\/luxurycandlesupplies.eu\/app\/uploads\/2025\/07\/Danger-3-1024x1024.png 1024w, https:\/\/luxurycandlesupplies.eu\/app\/uploads\/2025\/07\/Danger-3-150x150.png 150w, https:\/\/luxurycandlesupplies.eu\/app\/uploads\/2025\/07\/Danger-3-768x768.png 768w, https:\/\/luxurycandlesupplies.eu\/app\/uploads\/2025\/07\/Danger-3-12x12.png 12w, https:\/\/luxurycandlesupplies.eu\/app\/uploads\/2025\/07\/Danger-3-600x600.png 600w, https:\/\/luxurycandlesupplies.eu\/app\/uploads\/2025\/07\/Danger-3-100x100.png 100w, https:\/\/luxurycandlesupplies.eu\/app\/uploads\/2025\/07\/Danger-3.png 1080w\" sizes=\"(max-width: 121px) 100vw, 121px\" \/><\/p>\n<p><strong>Geheimnisvolle Zeder NL<\/strong><\/p>\n<p>H315 Veroorzaakt huidirritatie. H317 Kan een allergische huidreactie veroorzaken. H410 Zeer giftig<br \/>\nf\u00fcr im Wasser lebende Organismen, mit langanhaltenden Folgen. P261 Einweihung von<br \/>\nstof\/rook\/gas\/nevel\/damp\/spuitnevel vermijden. P272 Verontreinigde werkkleding mag de<br \/>\nwerkruimte niet verlaten. P280 Beschermende handschoenen\/beschermende<br \/>\nkleding\/oogbescherming\/gelaatsbescherming dragen. P302+P352 BIJ CONTACT MET DE HUID: met<br \/>\nveel water en zeep wassen. P333+P313 Bij huidirritatie of uitslag: een arts raadplegen. P362+P364<br \/>\nVerontreinigde kleding uittrekken en wassen alvorens deze opnieuw te gebruiken.<\/p>\n<p>&nbsp;<\/p>\n<p><strong>Geheimnisvolle Zeder FR<\/strong><\/p>\n<p>H315 Provoziert eine Hautreizung. H317 Peut provoquer une r\u00e9action allergique cutan\u00e9e. H410<br \/>\nTr\u00e8s toxique pour les organismes aquatiques, entra\u00eene des effets n\u00e9fastes \u00e0 long terme. P261 Vermeiden<br \/>\nde respirer les poussi\u00e8res\/fum\u00e9es\/gaz\/brouillards\/vapeurs\/a\u00e9rosols. P272 Die Arbeitskleidung<br \/>\ncontamin\u00e9s ne doivent pas sortir du lieu de travail. P280 Porter des gants de protection\/des<br \/>\nSchutzkleidung\/ein Schutz f\u00fcr die Augen\/f\u00fcr das Gesicht. P302+P352 F\u00dcR DEN FALL EINES KONTAKTS MIT<br \/>\nLA PEAU : abondamment \u00e0 l'eau et au savon. P333+P313 En cas d'irritation ou d'\u00e9ruption<br \/>\ncutan\u00e9e : consulter un m\u00e9decin. P362+P364 Verunreinigte Kleidungsst\u00fccke ablegen und vorsorglich waschen<br \/>\nr\u00e9utilisation.<\/p>\n<p>&nbsp;<\/p>\n<p><strong>Geheimnisvolle Zeder ENG<\/strong><\/p>\n<p>H315 Verursacht Hautreizungen. H317 Kann eine allergische Hautreaktion verursachen. H410 Sehr giftig f\u00fcr Wasserorganismen<br \/>\nmit langfristiger Wirkung. P261 Einatmen von Staub\/Rauch\/Gas\/Nebel\/Dampf\/Aerosol vermeiden. P272<br \/>\nKontaminierte Arbeitskleidung darf den Arbeitsplatz nicht verlassen. P280 Schutzkleidung tragen<br \/>\nHandschuhe\/Schutzkleidung\/Augenschutz\/Gesichtsschutz. P302+P352 BEI KONTAKT MIT DER HAUT: Mit viel Wasser waschen.<br \/>\nmit Wasser und Seife. P333+P313 Bei Auftreten von Hautreizungen oder Hautausschlag: \u00c4rztlichen Rat einholen. P362+P364 Einnehmen<br \/>\nkontaminierte Kleidung ausziehen und vor der Wiederverwendung waschen.<\/p>","protected":false},"excerpt":{"rendered":"<h3><em><strong>Geheimnisvolle Zeder<\/strong><\/em><\/h3>\n<p>&nbsp;<\/p>\n<p>Ein k\u00fchner und sinnlicher Duft, der schon beim ersten Eindruck die Sinne weckt.<\/p>\n<p><br data-start=\"186\" data-end=\"189\" \/>Oben angekommen, ein warmer Ausbruch von <strong data-start=\"217\" data-end=\"229\">Zimt<\/strong> bringt w\u00fcrzige Intrigen und unmittelbare Anziehungskraft. Dieser w\u00fcrzige Auftakt weicht sanft einem Herz aus <strong data-start=\"324\" data-end=\"341\">Lila Mandel<\/strong>und f\u00fcgt einen unerwarteten Hauch von cremiger Nussigkeit und sanften Blumen hinzu. Schlie\u00dflich m\u00fcndet der Duft in eine reichhaltige, lang anhaltende Basis aus <strong data-start=\"469\" data-end=\"478\">Amber<\/strong> und <strong data-start=\"483\" data-end=\"492\">Zedernholz<\/strong>und bietet Tiefe, Eleganz und eine anhaltende Spur von holziger W\u00e4rme.<\/p>\n<p>&nbsp;<\/p>\n<p><strong>Kopfnoten:<\/strong> Zimt<br \/>\n<strong>Mittlere Noten:<\/strong> Lila Mandel<br \/>\n<strong>Basisnoten:<\/strong> Bernsteinfarbene Zeder<\/p>","protected":false},"featured_media":15249,"template":"","meta":{"_acf_changed":false,"site-sidebar-layout":"default","site-content-layout":"default","ast-site-content-layout":"default","site-content-style":"default","site-sidebar-style":"default","ast-global-header-display":"","ast-banner-title-visibility":"","ast-main-header-display":"","ast-hfb-above-header-display":"","ast-hfb-below-header-display":"","ast-hfb-mobile-header-display":"","site-post-title":"","ast-breadcrumbs-content":"","ast-featured-img":"","footer-sml-layout":"","ast-disable-related-posts":"","theme-transparent-header-meta":"default","adv-header-id-meta":"","stick-header-meta":"","header-above-stick-meta":"","header-main-stick-meta":"","header-below-stick-meta":"","astra-migrate-meta-layouts":"set","ast-page-background-enabled":"default","ast-page-background-meta":{"desktop":{"background-color":"","background-image":"","background-repeat":"repeat","background-position":"center center","background-size":"auto","background-attachment":"scroll","background-type":"","background-media":"","overlay-type":"","overlay-color":"","overlay-opacity":"","overlay-gradient":""},"tablet":{"background-color":"","background-image":"","background-repeat":"repeat","background-position":"center center","background-size":"auto","background-attachment":"scroll","background-type":"","background-media":"","overlay-type":"","overlay-color":"","overlay-opacity":"","overlay-gradient":""},"mobile":{"background-color":"","background-image":"","background-repeat":"repeat","background-position":"center center","background-size":"auto","background-attachment":"scroll","background-type":"","background-media":"","overlay-type":"","overlay-color":"","overlay-opacity":"","overlay-gradient":""}},"ast-content-background-meta":{"desktop":{"background-color":"var(--ast-global-color-5)","background-image":"","background-repeat":"repeat","background-position":"center center","background-size":"auto","background-attachment":"scroll","background-type":"","background-media":"","overlay-type":"","overlay-color":"","overlay-opacity":"","overlay-gradient":""},"tablet":{"background-color":"var(--ast-global-color-5)","background-image":"","background-repeat":"repeat","background-position":"center center","background-size":"auto","background-attachment":"scroll","background-type":"","background-media":"","overlay-type":"","overlay-color":"","overlay-opacity":"","overlay-gradient":""},"mobile":{"background-color":"var(--ast-global-color-5)","background-image":"","background-repeat":"repeat","background-position":"center center","background-size":"auto","background-attachment":"scroll","background-type":"","background-media":"","overlay-type":"","overlay-color":"","overlay-opacity":"","overlay-gradient":""}}},"product_brand":[],"product_cat":[25,1681],"product_tag":[29,26,19,436,28,57,31,23,30,20,27,22],"class_list":{"0":"post-3940","1":"product","2":"type-product","3":"status-publish","4":"has-post-thumbnail","6":"product_cat-fragrances","7":"product_cat-fragrances-ufi-exempt","8":"product_tag-a05-wax","9":"product_tag-a27-wax","10":"product_tag-all-seasons-wax","11":"product_tag-cedar","12":"product_tag-cocosoy","13":"product_tag-fragrances","14":"product_tag-m12-wax","15":"product_tag-s100-wax","16":"product_tag-s16-wax","17":"product_tag-soy-wax","18":"product_tag-vegan-wax","19":"product_tag-wax","20":"desktop-align-left","21":"tablet-align-left","22":"mobile-align-left","23":"ast-product-gallery-layout-horizontal-slider","24":"ast-product-gallery-with-no-image","25":"ast-product-single-variable","26":"ast-product-tabs-layout-horizontal","28":"first","29":"instock","30":"taxable","31":"shipping-taxable","32":"purchasable","33":"product-type-variable"},"acf":[],"yoast_head":"<title>Mysterious Cedar - UFI Exempt<\/title>\n<meta name=\"robots\" content=\"index, follow, max-snippet:-1, max-image-preview:large, max-video-preview:-1\" \/>\n<link rel=\"canonical\" href=\"https:\/\/luxurycandlesupplies.eu\/de\/produkt\/geheimnisvolle-zeder\/\" \/>\n<meta property=\"og:locale\" content=\"de_DE\" \/>\n<meta property=\"og:type\" content=\"article\" \/>\n<meta property=\"og:title\" content=\"Mysterious Cedar - UFI Exempt\" \/>\n<meta property=\"og:description\" content=\"Mysterious Cedar &nbsp;  A bold and sensual fragrance that awakens the senses from the very first impression.  At the top, a warm burst of cinnamon brings spicy intrigue and immediate allure. This spicy opening gently gives way to a heart of purple almond, adding an unexpected twist of creamy nuttiness and soft florals. Finally, the scent settles into a rich, long-lasting base of amber and cedar, offering depth, eleganceband a lingering trail of woody warmth.  &nbsp;  Top notes: Cinnamon Middle notes: Purple Almond Base notes: Amber Cedar\" \/>\n<meta property=\"og:url\" content=\"https:\/\/luxurycandlesupplies.eu\/de\/produkt\/geheimnisvolle-zeder\/\" \/>\n<meta property=\"og:site_name\" content=\"Antwerp Luxury Candle Supplies\" \/>\n<meta property=\"article:publisher\" content=\"https:\/\/www.facebook.com\/Antwerpluxurycandlesupplies\/\" \/>\n<meta property=\"article:modified_time\" content=\"2026-04-22T14:02:05+00:00\" \/>\n<meta property=\"og:image\" content=\"https:\/\/luxurycandlesupplies.eu\/app\/uploads\/2023\/01\/DALL\u00b7E-2024-03-05-13.56.16-Visualize-the-same-tranquil-and-enigmatic-cedar-forest-setting-capturing-the-essence-of-the-Mysterious-Cedar-fragrance-with-a-candle-but-now-adjust-.webp\" \/>\n\t<meta property=\"og:image:width\" content=\"1024\" \/>\n\t<meta property=\"og:image:height\" content=\"1024\" \/>\n\t<meta property=\"og:image:type\" content=\"image\/webp\" \/>\n<meta name=\"twitter:card\" content=\"summary_large_image\" \/>\n<meta name=\"twitter:label1\" content=\"Gesch\u00e4tzte Lesezeit\" \/>\n\t<meta name=\"twitter:data1\" content=\"3 minutes\" \/>\n<script type=\"application\/ld+json\" class=\"yoast-schema-graph\">{\"@context\":\"https:\\\/\\\/schema.org\",\"@graph\":[{\"@type\":\"WebPage\",\"@id\":\"https:\\\/\\\/luxurycandlesupplies.eu\\\/product\\\/mysterious-cedar\\\/\",\"url\":\"https:\\\/\\\/luxurycandlesupplies.eu\\\/product\\\/mysterious-cedar\\\/\",\"name\":\"Mysterious Cedar - UFI Exempt\",\"isPartOf\":{\"@id\":\"https:\\\/\\\/luxurycandlesupplies.eu\\\/#website\"},\"primaryImageOfPage\":{\"@id\":\"https:\\\/\\\/luxurycandlesupplies.eu\\\/product\\\/mysterious-cedar\\\/#primaryimage\"},\"image\":{\"@id\":\"https:\\\/\\\/luxurycandlesupplies.eu\\\/product\\\/mysterious-cedar\\\/#primaryimage\"},\"thumbnailUrl\":\"https:\\\/\\\/luxurycandlesupplies.eu\\\/app\\\/uploads\\\/2023\\\/01\\\/DALL\u00b7E-2024-03-05-13.56.16-Visualize-the-same-tranquil-and-enigmatic-cedar-forest-setting-capturing-the-essence-of-the-Mysterious-Cedar-fragrance-with-a-candle-but-now-adjust-.webp\",\"datePublished\":\"2023-01-31T12:47:14+00:00\",\"dateModified\":\"2026-04-22T14:02:05+00:00\",\"breadcrumb\":{\"@id\":\"https:\\\/\\\/luxurycandlesupplies.eu\\\/product\\\/mysterious-cedar\\\/#breadcrumb\"},\"inLanguage\":\"de-DE\",\"potentialAction\":[{\"@type\":\"ReadAction\",\"target\":[\"https:\\\/\\\/luxurycandlesupplies.eu\\\/product\\\/mysterious-cedar\\\/\"]}]},{\"@type\":\"ImageObject\",\"inLanguage\":\"de-DE\",\"@id\":\"https:\\\/\\\/luxurycandlesupplies.eu\\\/product\\\/mysterious-cedar\\\/#primaryimage\",\"url\":\"https:\\\/\\\/luxurycandlesupplies.eu\\\/app\\\/uploads\\\/2023\\\/01\\\/DALL\u00b7E-2024-03-05-13.56.16-Visualize-the-same-tranquil-and-enigmatic-cedar-forest-setting-capturing-the-essence-of-the-Mysterious-Cedar-fragrance-with-a-candle-but-now-adjust-.webp\",\"contentUrl\":\"https:\\\/\\\/luxurycandlesupplies.eu\\\/app\\\/uploads\\\/2023\\\/01\\\/DALL\u00b7E-2024-03-05-13.56.16-Visualize-the-same-tranquil-and-enigmatic-cedar-forest-setting-capturing-the-essence-of-the-Mysterious-Cedar-fragrance-with-a-candle-but-now-adjust-.webp\",\"width\":1024,\"height\":1024},{\"@type\":\"BreadcrumbList\",\"@id\":\"https:\\\/\\\/luxurycandlesupplies.eu\\\/product\\\/mysterious-cedar\\\/#breadcrumb\",\"itemListElement\":[{\"@type\":\"ListItem\",\"position\":1,\"name\":\"Home\",\"item\":\"https:\\\/\\\/luxurycandlesupplies.eu\\\/\"},{\"@type\":\"ListItem\",\"position\":2,\"name\":\"Shop\",\"item\":\"https:\\\/\\\/luxurycandlesupplies.eu\\\/shop\\\/\"},{\"@type\":\"ListItem\",\"position\":3,\"name\":\"Mysterious Cedar &#8211; UFI Exempt\"}]},{\"@type\":\"WebSite\",\"@id\":\"https:\\\/\\\/luxurycandlesupplies.eu\\\/#website\",\"url\":\"https:\\\/\\\/luxurycandlesupplies.eu\\\/\",\"name\":\"Antwerp Luxury Candle Supplies\",\"description\":\"Distributor of all seasons soy wax\",\"publisher\":{\"@id\":\"https:\\\/\\\/luxurycandlesupplies.eu\\\/#organization\"},\"potentialAction\":[{\"@type\":\"SearchAction\",\"target\":{\"@type\":\"EntryPoint\",\"urlTemplate\":\"https:\\\/\\\/luxurycandlesupplies.eu\\\/?s={search_term_string}\"},\"query-input\":{\"@type\":\"PropertyValueSpecification\",\"valueRequired\":true,\"valueName\":\"search_term_string\"}}],\"inLanguage\":\"de-DE\"},{\"@type\":\"Organization\",\"@id\":\"https:\\\/\\\/luxurycandlesupplies.eu\\\/#organization\",\"name\":\"Antwerp Luxury Candle Supplies\",\"url\":\"https:\\\/\\\/luxurycandlesupplies.eu\\\/\",\"logo\":{\"@type\":\"ImageObject\",\"inLanguage\":\"de-DE\",\"@id\":\"https:\\\/\\\/luxurycandlesupplies.eu\\\/#\\\/schema\\\/logo\\\/image\\\/\",\"url\":\"https:\\\/\\\/luxurycandlesupplies.eu\\\/app\\\/uploads\\\/2022\\\/03\\\/antwerp-luxury-candle-supplies-1x.png\",\"contentUrl\":\"https:\\\/\\\/luxurycandlesupplies.eu\\\/app\\\/uploads\\\/2022\\\/03\\\/antwerp-luxury-candle-supplies-1x.png\",\"width\":330,\"height\":60,\"caption\":\"Antwerp Luxury Candle Supplies\"},\"image\":{\"@id\":\"https:\\\/\\\/luxurycandlesupplies.eu\\\/#\\\/schema\\\/logo\\\/image\\\/\"},\"sameAs\":[\"https:\\\/\\\/www.facebook.com\\\/Antwerpluxurycandlesupplies\\\/\",\"https:\\\/\\\/www.instagram.com\\\/antwerp_luxury_candle_supplies\\\/\",\"https:\\\/\\\/pin.it\\\/7joOXRW\"]}]}<\/script>","yoast_head_json":{"title":"Geheimnisvolle Zeder - UFI-befreit","robots":{"index":"index","follow":"follow","max-snippet":"max-snippet:-1","max-image-preview":"max-image-preview:large","max-video-preview":"max-video-preview:-1"},"canonical":"https:\/\/luxurycandlesupplies.eu\/de\/produkt\/geheimnisvolle-zeder\/","og_locale":"de_DE","og_type":"article","og_title":"Mysterious Cedar - UFI Exempt","og_description":"Mysterious Cedar &nbsp;  A bold and sensual fragrance that awakens the senses from the very first impression.  At the top, a warm burst of cinnamon brings spicy intrigue and immediate allure. This spicy opening gently gives way to a heart of purple almond, adding an unexpected twist of creamy nuttiness and soft florals. Finally, the scent settles into a rich, long-lasting base of amber and cedar, offering depth, eleganceband a lingering trail of woody warmth.  &nbsp;  Top notes: Cinnamon Middle notes: Purple Almond Base notes: Amber Cedar","og_url":"https:\/\/luxurycandlesupplies.eu\/de\/produkt\/geheimnisvolle-zeder\/","og_site_name":"Antwerp Luxury Candle Supplies","article_publisher":"https:\/\/www.facebook.com\/Antwerpluxurycandlesupplies\/","article_modified_time":"2026-04-22T14:02:05+00:00","og_image":[{"width":1024,"height":1024,"url":"https:\/\/luxurycandlesupplies.eu\/app\/uploads\/2023\/01\/DALL\u00b7E-2024-03-05-13.56.16-Visualize-the-same-tranquil-and-enigmatic-cedar-forest-setting-capturing-the-essence-of-the-Mysterious-Cedar-fragrance-with-a-candle-but-now-adjust-.webp","type":"image\/webp"}],"twitter_card":"summary_large_image","twitter_misc":{"Gesch\u00e4tzte Lesezeit":"3 minutes"},"schema":{"@context":"https:\/\/schema.org","@graph":[{"@type":"WebPage","@id":"https:\/\/luxurycandlesupplies.eu\/product\/mysterious-cedar\/","url":"https:\/\/luxurycandlesupplies.eu\/product\/mysterious-cedar\/","name":"Geheimnisvolle Zeder - UFI-befreit","isPartOf":{"@id":"https:\/\/luxurycandlesupplies.eu\/#website"},"primaryImageOfPage":{"@id":"https:\/\/luxurycandlesupplies.eu\/product\/mysterious-cedar\/#primaryimage"},"image":{"@id":"https:\/\/luxurycandlesupplies.eu\/product\/mysterious-cedar\/#primaryimage"},"thumbnailUrl":"https:\/\/luxurycandlesupplies.eu\/app\/uploads\/2023\/01\/DALL\u00b7E-2024-03-05-13.56.16-Visualize-the-same-tranquil-and-enigmatic-cedar-forest-setting-capturing-the-essence-of-the-Mysterious-Cedar-fragrance-with-a-candle-but-now-adjust-.webp","datePublished":"2023-01-31T12:47:14+00:00","dateModified":"2026-04-22T14:02:05+00:00","breadcrumb":{"@id":"https:\/\/luxurycandlesupplies.eu\/product\/mysterious-cedar\/#breadcrumb"},"inLanguage":"de-DE","potentialAction":[{"@type":"ReadAction","target":["https:\/\/luxurycandlesupplies.eu\/product\/mysterious-cedar\/"]}]},{"@type":"ImageObject","inLanguage":"de-DE","@id":"https:\/\/luxurycandlesupplies.eu\/product\/mysterious-cedar\/#primaryimage","url":"https:\/\/luxurycandlesupplies.eu\/app\/uploads\/2023\/01\/DALL\u00b7E-2024-03-05-13.56.16-Visualize-the-same-tranquil-and-enigmatic-cedar-forest-setting-capturing-the-essence-of-the-Mysterious-Cedar-fragrance-with-a-candle-but-now-adjust-.webp","contentUrl":"https:\/\/luxurycandlesupplies.eu\/app\/uploads\/2023\/01\/DALL\u00b7E-2024-03-05-13.56.16-Visualize-the-same-tranquil-and-enigmatic-cedar-forest-setting-capturing-the-essence-of-the-Mysterious-Cedar-fragrance-with-a-candle-but-now-adjust-.webp","width":1024,"height":1024},{"@type":"BreadcrumbList","@id":"https:\/\/luxurycandlesupplies.eu\/product\/mysterious-cedar\/#breadcrumb","itemListElement":[{"@type":"ListItem","position":1,"name":"Home","item":"https:\/\/luxurycandlesupplies.eu\/"},{"@type":"ListItem","position":2,"name":"Shop","item":"https:\/\/luxurycandlesupplies.eu\/shop\/"},{"@type":"ListItem","position":3,"name":"Mysterious Cedar &#8211; UFI Exempt"}]},{"@type":"WebSite","@id":"https:\/\/luxurycandlesupplies.eu\/#website","url":"https:\/\/luxurycandlesupplies.eu\/","name":"Antwerpener Luxus-Kerzen-Bedarf","description":"Vertreiber von Sojawachs f\u00fcr alle Jahreszeiten","publisher":{"@id":"https:\/\/luxurycandlesupplies.eu\/#organization"},"potentialAction":[{"@type":"SearchAction","target":{"@type":"EntryPoint","urlTemplate":"https:\/\/luxurycandlesupplies.eu\/?s={search_term_string}"},"query-input":{"@type":"PropertyValueSpecification","valueRequired":true,"valueName":"search_term_string"}}],"inLanguage":"de-DE"},{"@type":"Organization","@id":"https:\/\/luxurycandlesupplies.eu\/#organization","name":"Antwerpener Luxus-Kerzen-Bedarf","url":"https:\/\/luxurycandlesupplies.eu\/","logo":{"@type":"ImageObject","inLanguage":"de-DE","@id":"https:\/\/luxurycandlesupplies.eu\/#\/schema\/logo\/image\/","url":"https:\/\/luxurycandlesupplies.eu\/app\/uploads\/2022\/03\/antwerp-luxury-candle-supplies-1x.png","contentUrl":"https:\/\/luxurycandlesupplies.eu\/app\/uploads\/2022\/03\/antwerp-luxury-candle-supplies-1x.png","width":330,"height":60,"caption":"Antwerp Luxury Candle Supplies"},"image":{"@id":"https:\/\/luxurycandlesupplies.eu\/#\/schema\/logo\/image\/"},"sameAs":["https:\/\/www.facebook.com\/Antwerpluxurycandlesupplies\/","https:\/\/www.instagram.com\/antwerp_luxury_candle_supplies\/","https:\/\/pin.it\/7joOXRW"]}]}},"_links":{"self":[{"href":"https:\/\/luxurycandlesupplies.eu\/de\/wp-json\/wp\/v2\/product\/3940","targetHints":{"allow":["GET"]}}],"collection":[{"href":"https:\/\/luxurycandlesupplies.eu\/de\/wp-json\/wp\/v2\/product"}],"about":[{"href":"https:\/\/luxurycandlesupplies.eu\/de\/wp-json\/wp\/v2\/types\/product"}],"wp:featuredmedia":[{"embeddable":true,"href":"https:\/\/luxurycandlesupplies.eu\/de\/wp-json\/wp\/v2\/media\/15249"}],"wp:attachment":[{"href":"https:\/\/luxurycandlesupplies.eu\/de\/wp-json\/wp\/v2\/media?parent=3940"}],"wp:term":[{"taxonomy":"product_brand","embeddable":true,"href":"https:\/\/luxurycandlesupplies.eu\/de\/wp-json\/wp\/v2\/product_brand?post=3940"},{"taxonomy":"product_cat","embeddable":true,"href":"https:\/\/luxurycandlesupplies.eu\/de\/wp-json\/wp\/v2\/product_cat?post=3940"},{"taxonomy":"product_tag","embeddable":true,"href":"https:\/\/luxurycandlesupplies.eu\/de\/wp-json\/wp\/v2\/product_tag?post=3940"}],"curies":[{"name":"wp","href":"https:\/\/api.w.org\/{rel}","templated":true}]}}