{"id":3948,"date":"2023-01-31T14:23:09","date_gmt":"2023-01-31T13:23:09","guid":{"rendered":"https:\/\/luxurycandlesupplies.eu\/?post_type=product&#038;p=3948"},"modified":"2026-05-12T14:54:20","modified_gmt":"2026-05-12T12:54:20","slug":"frohliche-vanille","status":"publish","type":"product","link":"https:\/\/luxurycandlesupplies.eu\/de\/product\/happy-vanilla\/","title":{"rendered":"Happy Vanilla - UFI befreit <8%"},"content":{"rendered":"<h3>BESCHREIBUNG<\/h3>\n<p>&nbsp;<\/p>\n<h3>Gl\u00fcckliche Vanille<\/h3>\n<p>&nbsp;<\/p>\n<p><strong>Kopfnoten:<\/strong> Wei\u00dfe Blume<\/p>\n<p><strong>Mittlere Noten:<\/strong> Vanilleblume<\/p>\n<p><strong>Basisnoten:<\/strong> Vanille<\/p>\n<p>&nbsp;<\/p>\n<div>\n<div class=\"dnXCYb\" tabindex=\"0\" role=\"button\" aria-controls=\"_GdpcZPuWN-zgkgWg-rzgDQ_56\" aria-expanded=\"true\" data-hveid=\"CCMQAQ\">\n<div class=\"JlqpRe\"><\/div>\n<div class=\"aj35ze\"><\/div>\n<div class=\"L3Ezfd\" data-ved=\"2ahUKEwi7h9f3nO3-AhVssKQKHSA9D9wQuk56BAgjEAI\"><\/div>\n<\/div>\n<\/div>\n<div id=\"_GdpcZPuWN-zgkgWg-rzgDQ_56\" class=\"bCOlv\" data-ved=\"2ahUKEwi7h9f3nO3-AhVssKQKHSA9D9wQ7NUEegQIIxAE\">\n<div class=\"IZE3Td\">\n<div class=\"t0bRye r2fjmd\" data-hveid=\"CCMQBQ\" data-ved=\"2ahUKEwi7h9f3nO3-AhVssKQKHSA9D9wQu04oAHoECCMQBQ\">\n<div id=\"GdpcZPuWN-zgkgWg-rzgDQ__31\">\n<div class=\"wDYxhc\" data-md=\"61\">\n<div class=\"LGOjhe\" role=\"heading\" data-attrid=\"wa:\/description\" aria-level=\"3\" data-hveid=\"CB4QAA\"><span class=\"ILfuVd\" lang=\"en\"><span class=\"hgKElc\">Happy Vanilla hat einen s\u00fc\u00dfen, reichhaltigen und sirupartigen Geruch, der v\u00f6llig unverwechselbar ist. Er <\/span><\/span><span class=\"ILfuVd\" lang=\"en\"><span class=\"hgKElc\">schafft es, cremig, s\u00fc\u00df und beruhigend zu duften.<\/span><\/span><\/div>\n<\/div>\n<\/div>\n<\/div>\n<\/div>\n<\/div>\n<p>&nbsp;<\/p>\n<p>&nbsp;<\/p>\n<h3>UNSERE EMPFEHLUNG<\/h3>\n<hr \/>\n<div>\n<p>Die Verwendung von Duft\u00f6len h\u00e4ngt von dem Produkt ab, das Sie herstellen. Im folgenden Leitfaden finden Sie die f\u00fcr Ihr Produkt geeigneten Mischungsverh\u00e4ltnisse.<\/p>\n<p>Bitte beachten Sie, dass es sich bei den unten genannten Werten nur um Vorschl\u00e4ge handelt. Wir empfehlen den Benutzern, ihre eigenen Tests mit den vorgesehenen Wachs- und \u00d6lmischungen durchzuf\u00fchren, um optimale Ergebnisse zu erzielen.<\/p>\n<p>Kerzen: 6-10%, UFI frei max 8%<br \/>\nWachsmelonen: 10-12%<\/p>\n<p>&nbsp;<\/p>\n<\/div>\n<h2>CLP &amp; SDS INFORMATIONEN<\/h2>\n<hr \/>\n<p><a href=\"https:\/\/luxurycandlesupplies.eu\/app\/uploads\/2023\/02\/HAPPY-VANILLA-SDS.pdf\">GL\u00dcCKLICHE VANILLE - SDS 100%<\/a><\/p>\n<p><a href=\"https:\/\/luxurycandlesupplies.eu\/app\/uploads\/2023\/01\/HAPPY-VANILLA-TDS-.pdf\">FR\u00d6HLICHE VANILLE - TDS<\/a><\/p>\n<p><a href=\"https:\/\/luxurycandlesupplies.eu\/app\/uploads\/2023\/10\/HAPPY-VANILLA-IFRA.pdf\">GL\u00dcCKLICHE VANILLE - IFRA<\/a><\/p>\n<p><a href=\"https:\/\/luxurycandlesupplies.eu\/app\/uploads\/2023\/01\/CLP-label-_-Happy-Vanilla-_-candle-8_Free-of-UFI.pdf\">CLP-Etikett _ Happy Vanilla _ Kerze 8%_Frei von UFI<\/a><\/p>\n<p>&nbsp;<\/p>\n<p>UFI: PYD0-J0SQ-U00D-QCAA<\/p>\n<p><img decoding=\"async\" class=\"alignnone wp-image-23489\" src=\"https:\/\/luxurycandlesupplies.eu\/app\/uploads\/2025\/07\/Danger-4-300x300.png\" alt=\"\" width=\"122\" height=\"122\" srcset=\"https:\/\/luxurycandlesupplies.eu\/app\/uploads\/2025\/07\/Danger-4-300x300.png 300w, https:\/\/luxurycandlesupplies.eu\/app\/uploads\/2025\/07\/Danger-4-1024x1024.png 1024w, https:\/\/luxurycandlesupplies.eu\/app\/uploads\/2025\/07\/Danger-4-150x150.png 150w, https:\/\/luxurycandlesupplies.eu\/app\/uploads\/2025\/07\/Danger-4-768x768.png 768w, https:\/\/luxurycandlesupplies.eu\/app\/uploads\/2025\/07\/Danger-4-12x12.png 12w, https:\/\/luxurycandlesupplies.eu\/app\/uploads\/2025\/07\/Danger-4-600x600.png 600w, https:\/\/luxurycandlesupplies.eu\/app\/uploads\/2025\/07\/Danger-4-100x100.png 100w, https:\/\/luxurycandlesupplies.eu\/app\/uploads\/2025\/07\/Danger-4.png 1080w\" sizes=\"(max-width: 122px) 100vw, 122px\" \/> <img decoding=\"async\" class=\"alignnone wp-image-23488\" src=\"https:\/\/luxurycandlesupplies.eu\/app\/uploads\/2025\/07\/Danger-3-300x300.png\" alt=\"\" width=\"122\" height=\"122\" srcset=\"https:\/\/luxurycandlesupplies.eu\/app\/uploads\/2025\/07\/Danger-3-300x300.png 300w, https:\/\/luxurycandlesupplies.eu\/app\/uploads\/2025\/07\/Danger-3-1024x1024.png 1024w, https:\/\/luxurycandlesupplies.eu\/app\/uploads\/2025\/07\/Danger-3-150x150.png 150w, https:\/\/luxurycandlesupplies.eu\/app\/uploads\/2025\/07\/Danger-3-768x768.png 768w, https:\/\/luxurycandlesupplies.eu\/app\/uploads\/2025\/07\/Danger-3-12x12.png 12w, https:\/\/luxurycandlesupplies.eu\/app\/uploads\/2025\/07\/Danger-3-600x600.png 600w, https:\/\/luxurycandlesupplies.eu\/app\/uploads\/2025\/07\/Danger-3-100x100.png 100w, https:\/\/luxurycandlesupplies.eu\/app\/uploads\/2025\/07\/Danger-3.png 1080w\" sizes=\"(max-width: 122px) 100vw, 122px\" \/><\/p>\n<p><strong>Gl\u00fcckliche Vanille NL<\/strong><\/p>\n<p>H317 Kan een allergische huidreactie veroorzaken. H319 Veroorzaakt ernstige oogirritatie. H411<br \/>\nGiftig f\u00fcr im Wasser lebende Organismen, mit langanhaltenden Folgen. P272 Verontreinigde<br \/>\nwerkkleding mag de werkruimte niet verlaten. P280 Beschermende handschoenen\/beschermende<br \/>\nkleding\/oogbescherming\/gelaatsbescherming dragen. P302+P352 BIJ CONTACT MET DE HUID: met<br \/>\nveel water en zeep wassen. P305+P351+P338 BIJ CONTACT MET DE OGEN: voorzichtig afspoelen met<br \/>\nWasser gedurende een aantal minuten; contactlenzen verwijderen, indien mogelijk; blijven spoelen.<br \/>\nP333+P313 Bij huidirritatie of uitslag: een arts raadplegen. P337+P313 Bij aanhoudende oogirritatie:<br \/>\neen arts raadplegen. P501 Inhoud\/verpakking afvoeren naar een erkende afvalinzamelaar conform<br \/>\nVLAREMA und OVAM-Regelung.<\/p>\n<p>&nbsp;<\/p>\n<p><strong>Gl\u00fcckliche Vanille FR<\/strong><\/p>\n<p>H317 Kann eine allergische Hautreaktion hervorrufen. H319 Kann eine schwere Reizung der Augen hervorrufen.<br \/>\nH411 Giftig f\u00fcr Wasserorganismen, ruft langfristig unerw\u00fcnschte Wirkungen hervor. P272 Les<br \/>\nVerunreinigte Arbeitskleidung darf nicht aus dem Arbeitsbereich entfernt werden. P280 Porter des gants de<br \/>\nprotection\/des v\u00eatements de protection\/une protection des yeux\/du visage. P302+P352 F\u00dcR DEN FALL, DASS<br \/>\nCONTACT AVEC LA PEAU : laver abondamment \u00e0 l'eau et au savon. P305+P351+P338 F\u00dcR DEN FALL VON<br \/>\nCONTACT AVEC LES YEUX : plusieurs minutes avec pr\u00e9caution \u00e0 l'eau pendant ; retirer les<br \/>\nlentilles si possible ; continuer \u00e0 rincer. P333+P313 En cas d'irritation ou d'\u00e9ruption cutan\u00e9e :<br \/>\nconsulter un m\u00e9decin. P337+P313 En cas d'irritation oculaire persistante : consulter un m\u00e9decin.<br \/>\nP501 Beseitigen Sie den Inhalt\/den Abfluss \u00fcber einen zugelassenen Abfallsammler gem\u00e4\u00df den<br \/>\nVLAREMA- und OVAM-Regelungen.<\/p>\n<p>&nbsp;<\/p>\n<p><strong>Gl\u00fcckliche Vanille ENG<\/strong><\/p>\n<p>H317 Kann eine allergische Hautreaktion verursachen. H319 Verursacht schwere Augenreizung. H411 Giftig f\u00fcr Wasserorganismen<br \/>\nLeben mit lang anhaltenden Auswirkungen. P272 Kontaminierte Arbeitskleidung sollte nicht aus dem Haus gelassen werden.<br \/>\nArbeitsplatz. P280 Schutzhandschuhe\/Schutzkleidung\/Augenschutz\/Gesichtsschutz tragen.<br \/>\nP302+P352 BEI KONTAKT MIT DER HAUT: Mit viel Wasser und Seife waschen. P305+P351+P338 BEI KONTAKT MIT DEN AUGEN: Aussp\u00fclen<br \/>\neinige Minuten lang behutsam mit Wasser einweichen. Entfernen Sie die Kontaktlinsen, falls vorhanden und leicht zu bewerkstelligen. Weiter<br \/>\nSp\u00fclung. P333+P313 Bei Auftreten von Hautreizungen oder Hautausschlag: \u00c4rztlichen Rat einholen. P337+P313 Bei Augenreizung<br \/>\nfortbesteht: \u00c4rztlichen Rat einholen. P501 Inhalt\/Beh\u00e4lter \u00fcber einen zugelassenen Abfallsammler entsorgen in<br \/>\ngem\u00e4\u00df den Vorschriften von VLAREMA und OVAM.<\/p>","protected":false},"excerpt":{"rendered":"<p>DESCRIPTION &nbsp; Happy Vanille &nbsp; Top notes: White Flower Middle notes: Vanilla Flower Base notes: Vanilla &nbsp; Happy Vanilla has a sweet, rich, and syrupy smell that is totally distinct. It manages to smell creamy, sweet and comforting. &nbsp; &nbsp; OUR RECOMMENDATION The use of fragrance oils will be dependant on the product you are [&hellip;]<\/p>\n","protected":false},"featured_media":3954,"template":"","meta":{"_acf_changed":false,"site-sidebar-layout":"default","site-content-layout":"default","ast-site-content-layout":"default","site-content-style":"default","site-sidebar-style":"default","ast-global-header-display":"","ast-banner-title-visibility":"","ast-main-header-display":"","ast-hfb-above-header-display":"","ast-hfb-below-header-display":"","ast-hfb-mobile-header-display":"","site-post-title":"","ast-breadcrumbs-content":"","ast-featured-img":"","footer-sml-layout":"","ast-disable-related-posts":"","theme-transparent-header-meta":"default","adv-header-id-meta":"","stick-header-meta":"","header-above-stick-meta":"","header-main-stick-meta":"","header-below-stick-meta":"","astra-migrate-meta-layouts":"set","ast-page-background-enabled":"default","ast-page-background-meta":{"desktop":{"background-color":"","background-image":"","background-repeat":"repeat","background-position":"center center","background-size":"auto","background-attachment":"scroll","background-type":"","background-media":"","overlay-type":"","overlay-color":"","overlay-opacity":"","overlay-gradient":""},"tablet":{"background-color":"","background-image":"","background-repeat":"repeat","background-position":"center center","background-size":"auto","background-attachment":"scroll","background-type":"","background-media":"","overlay-type":"","overlay-color":"","overlay-opacity":"","overlay-gradient":""},"mobile":{"background-color":"","background-image":"","background-repeat":"repeat","background-position":"center center","background-size":"auto","background-attachment":"scroll","background-type":"","background-media":"","overlay-type":"","overlay-color":"","overlay-opacity":"","overlay-gradient":""}},"ast-content-background-meta":{"desktop":{"background-color":"var(--ast-global-color-5)","background-image":"","background-repeat":"repeat","background-position":"center center","background-size":"auto","background-attachment":"scroll","background-type":"","background-media":"","overlay-type":"","overlay-color":"","overlay-opacity":"","overlay-gradient":""},"tablet":{"background-color":"var(--ast-global-color-5)","background-image":"","background-repeat":"repeat","background-position":"center center","background-size":"auto","background-attachment":"scroll","background-type":"","background-media":"","overlay-type":"","overlay-color":"","overlay-opacity":"","overlay-gradient":""},"mobile":{"background-color":"var(--ast-global-color-5)","background-image":"","background-repeat":"repeat","background-position":"center center","background-size":"auto","background-attachment":"scroll","background-type":"","background-media":"","overlay-type":"","overlay-color":"","overlay-opacity":"","overlay-gradient":""}}},"product_brand":[],"product_cat":[25,1681],"product_tag":[437,281,434],"class_list":{"0":"post-3948","1":"product","2":"type-product","3":"status-publish","4":"has-post-thumbnail","6":"product_cat-fragrances","7":"product_cat-fragrances-ufi-exempt","8":"product_tag-flower-vanilla","9":"product_tag-fragrance","10":"product_tag-vanilla","11":"desktop-align-left","12":"tablet-align-left","13":"mobile-align-left","14":"ast-product-gallery-layout-horizontal-slider","15":"ast-product-gallery-with-no-image","16":"ast-product-single-variable","17":"ast-product-tabs-layout-horizontal","19":"first","20":"instock","21":"taxable","22":"shipping-taxable","23":"purchasable","24":"product-type-variable"},"acf":[],"yoast_head":"<title>Happy Vanilla - UFI exempt<\/title>\n<meta name=\"robots\" content=\"index, follow, max-snippet:-1, max-image-preview:large, max-video-preview:-1\" \/>\n<link rel=\"canonical\" href=\"https:\/\/luxurycandlesupplies.eu\/de\/produkt\/frohliche-vanille\/\" \/>\n<meta property=\"og:locale\" content=\"de_DE\" \/>\n<meta property=\"og:type\" content=\"article\" \/>\n<meta property=\"og:title\" content=\"Happy Vanilla - UFI exempt\" \/>\n<meta property=\"og:description\" content=\"DESCRIPTION &nbsp; Happy Vanille &nbsp; Top notes: White Flower Middle notes: Vanilla Flower Base notes: Vanilla &nbsp; Happy Vanilla has a sweet, rich, and syrupy smell that is totally distinct. It manages to smell creamy, sweet and comforting. &nbsp; &nbsp; OUR RECOMMENDATION The use of fragrance oils will be dependant on the product you are [&hellip;]\" \/>\n<meta property=\"og:url\" content=\"https:\/\/luxurycandlesupplies.eu\/de\/produkt\/frohliche-vanille\/\" \/>\n<meta property=\"og:site_name\" content=\"Antwerp Luxury Candle Supplies\" \/>\n<meta property=\"article:publisher\" content=\"https:\/\/www.facebook.com\/Antwerpluxurycandlesupplies\/\" \/>\n<meta property=\"article:modified_time\" content=\"2026-05-12T12:54:20+00:00\" \/>\n<meta property=\"og:image\" content=\"https:\/\/luxurycandlesupplies.eu\/app\/uploads\/2023\/01\/Kopie-van-Roze-Verf-Sociale-Media-Afbeelding-3.png\" \/>\n\t<meta property=\"og:image:width\" content=\"1080\" \/>\n\t<meta property=\"og:image:height\" content=\"1080\" \/>\n\t<meta property=\"og:image:type\" content=\"image\/png\" \/>\n<meta name=\"twitter:card\" content=\"summary_large_image\" \/>\n<meta name=\"twitter:label1\" content=\"Gesch\u00e4tzte Lesezeit\" \/>\n\t<meta name=\"twitter:data1\" content=\"3 minutes\" \/>\n<script type=\"application\/ld+json\" class=\"yoast-schema-graph\">{\"@context\":\"https:\\\/\\\/schema.org\",\"@graph\":[{\"@type\":\"WebPage\",\"@id\":\"https:\\\/\\\/luxurycandlesupplies.eu\\\/product\\\/happy-vanilla\\\/\",\"url\":\"https:\\\/\\\/luxurycandlesupplies.eu\\\/product\\\/happy-vanilla\\\/\",\"name\":\"Happy Vanilla - UFI exempt\",\"isPartOf\":{\"@id\":\"https:\\\/\\\/luxurycandlesupplies.eu\\\/#website\"},\"primaryImageOfPage\":{\"@id\":\"https:\\\/\\\/luxurycandlesupplies.eu\\\/product\\\/happy-vanilla\\\/#primaryimage\"},\"image\":{\"@id\":\"https:\\\/\\\/luxurycandlesupplies.eu\\\/product\\\/happy-vanilla\\\/#primaryimage\"},\"thumbnailUrl\":\"https:\\\/\\\/luxurycandlesupplies.eu\\\/app\\\/uploads\\\/2023\\\/01\\\/Kopie-van-Roze-Verf-Sociale-Media-Afbeelding-3.png\",\"datePublished\":\"2023-01-31T13:23:09+00:00\",\"dateModified\":\"2026-05-12T12:54:20+00:00\",\"breadcrumb\":{\"@id\":\"https:\\\/\\\/luxurycandlesupplies.eu\\\/product\\\/happy-vanilla\\\/#breadcrumb\"},\"inLanguage\":\"de-DE\",\"potentialAction\":[{\"@type\":\"ReadAction\",\"target\":[\"https:\\\/\\\/luxurycandlesupplies.eu\\\/product\\\/happy-vanilla\\\/\"]}]},{\"@type\":\"ImageObject\",\"inLanguage\":\"de-DE\",\"@id\":\"https:\\\/\\\/luxurycandlesupplies.eu\\\/product\\\/happy-vanilla\\\/#primaryimage\",\"url\":\"https:\\\/\\\/luxurycandlesupplies.eu\\\/app\\\/uploads\\\/2023\\\/01\\\/Kopie-van-Roze-Verf-Sociale-Media-Afbeelding-3.png\",\"contentUrl\":\"https:\\\/\\\/luxurycandlesupplies.eu\\\/app\\\/uploads\\\/2023\\\/01\\\/Kopie-van-Roze-Verf-Sociale-Media-Afbeelding-3.png\",\"width\":1080,\"height\":1080},{\"@type\":\"BreadcrumbList\",\"@id\":\"https:\\\/\\\/luxurycandlesupplies.eu\\\/product\\\/happy-vanilla\\\/#breadcrumb\",\"itemListElement\":[{\"@type\":\"ListItem\",\"position\":1,\"name\":\"Home\",\"item\":\"https:\\\/\\\/luxurycandlesupplies.eu\\\/\"},{\"@type\":\"ListItem\",\"position\":2,\"name\":\"Shop\",\"item\":\"https:\\\/\\\/luxurycandlesupplies.eu\\\/shop\\\/\"},{\"@type\":\"ListItem\",\"position\":3,\"name\":\"Happy Vanilla &#8211; UFI exempt\"}]},{\"@type\":\"WebSite\",\"@id\":\"https:\\\/\\\/luxurycandlesupplies.eu\\\/#website\",\"url\":\"https:\\\/\\\/luxurycandlesupplies.eu\\\/\",\"name\":\"Antwerp Luxury Candle Supplies\",\"description\":\"Distributor of all seasons soy wax\",\"publisher\":{\"@id\":\"https:\\\/\\\/luxurycandlesupplies.eu\\\/#organization\"},\"potentialAction\":[{\"@type\":\"SearchAction\",\"target\":{\"@type\":\"EntryPoint\",\"urlTemplate\":\"https:\\\/\\\/luxurycandlesupplies.eu\\\/?s={search_term_string}\"},\"query-input\":{\"@type\":\"PropertyValueSpecification\",\"valueRequired\":true,\"valueName\":\"search_term_string\"}}],\"inLanguage\":\"de-DE\"},{\"@type\":\"Organization\",\"@id\":\"https:\\\/\\\/luxurycandlesupplies.eu\\\/#organization\",\"name\":\"Antwerp Luxury Candle Supplies\",\"url\":\"https:\\\/\\\/luxurycandlesupplies.eu\\\/\",\"logo\":{\"@type\":\"ImageObject\",\"inLanguage\":\"de-DE\",\"@id\":\"https:\\\/\\\/luxurycandlesupplies.eu\\\/#\\\/schema\\\/logo\\\/image\\\/\",\"url\":\"https:\\\/\\\/luxurycandlesupplies.eu\\\/app\\\/uploads\\\/2022\\\/03\\\/antwerp-luxury-candle-supplies-1x.png\",\"contentUrl\":\"https:\\\/\\\/luxurycandlesupplies.eu\\\/app\\\/uploads\\\/2022\\\/03\\\/antwerp-luxury-candle-supplies-1x.png\",\"width\":330,\"height\":60,\"caption\":\"Antwerp Luxury Candle Supplies\"},\"image\":{\"@id\":\"https:\\\/\\\/luxurycandlesupplies.eu\\\/#\\\/schema\\\/logo\\\/image\\\/\"},\"sameAs\":[\"https:\\\/\\\/www.facebook.com\\\/Antwerpluxurycandlesupplies\\\/\",\"https:\\\/\\\/www.instagram.com\\\/antwerp_luxury_candle_supplies\\\/\",\"https:\\\/\\\/pin.it\\\/7joOXRW\"]}]}<\/script>","yoast_head_json":{"title":"Happy Vanilla - UFI befreit","robots":{"index":"index","follow":"follow","max-snippet":"max-snippet:-1","max-image-preview":"max-image-preview:large","max-video-preview":"max-video-preview:-1"},"canonical":"https:\/\/luxurycandlesupplies.eu\/de\/produkt\/frohliche-vanille\/","og_locale":"de_DE","og_type":"article","og_title":"Happy Vanilla - UFI exempt","og_description":"DESCRIPTION &nbsp; Happy Vanille &nbsp; Top notes: White Flower Middle notes: Vanilla Flower Base notes: Vanilla &nbsp; Happy Vanilla has a sweet, rich, and syrupy smell that is totally distinct. It manages to smell creamy, sweet and comforting. &nbsp; &nbsp; OUR RECOMMENDATION The use of fragrance oils will be dependant on the product you are [&hellip;]","og_url":"https:\/\/luxurycandlesupplies.eu\/de\/produkt\/frohliche-vanille\/","og_site_name":"Antwerp Luxury Candle Supplies","article_publisher":"https:\/\/www.facebook.com\/Antwerpluxurycandlesupplies\/","article_modified_time":"2026-05-12T12:54:20+00:00","og_image":[{"width":1080,"height":1080,"url":"https:\/\/luxurycandlesupplies.eu\/app\/uploads\/2023\/01\/Kopie-van-Roze-Verf-Sociale-Media-Afbeelding-3.png","type":"image\/png"}],"twitter_card":"summary_large_image","twitter_misc":{"Gesch\u00e4tzte Lesezeit":"3 minutes"},"schema":{"@context":"https:\/\/schema.org","@graph":[{"@type":"WebPage","@id":"https:\/\/luxurycandlesupplies.eu\/product\/happy-vanilla\/","url":"https:\/\/luxurycandlesupplies.eu\/product\/happy-vanilla\/","name":"Happy Vanilla - UFI befreit","isPartOf":{"@id":"https:\/\/luxurycandlesupplies.eu\/#website"},"primaryImageOfPage":{"@id":"https:\/\/luxurycandlesupplies.eu\/product\/happy-vanilla\/#primaryimage"},"image":{"@id":"https:\/\/luxurycandlesupplies.eu\/product\/happy-vanilla\/#primaryimage"},"thumbnailUrl":"https:\/\/luxurycandlesupplies.eu\/app\/uploads\/2023\/01\/Kopie-van-Roze-Verf-Sociale-Media-Afbeelding-3.png","datePublished":"2023-01-31T13:23:09+00:00","dateModified":"2026-05-12T12:54:20+00:00","breadcrumb":{"@id":"https:\/\/luxurycandlesupplies.eu\/product\/happy-vanilla\/#breadcrumb"},"inLanguage":"de-DE","potentialAction":[{"@type":"ReadAction","target":["https:\/\/luxurycandlesupplies.eu\/product\/happy-vanilla\/"]}]},{"@type":"ImageObject","inLanguage":"de-DE","@id":"https:\/\/luxurycandlesupplies.eu\/product\/happy-vanilla\/#primaryimage","url":"https:\/\/luxurycandlesupplies.eu\/app\/uploads\/2023\/01\/Kopie-van-Roze-Verf-Sociale-Media-Afbeelding-3.png","contentUrl":"https:\/\/luxurycandlesupplies.eu\/app\/uploads\/2023\/01\/Kopie-van-Roze-Verf-Sociale-Media-Afbeelding-3.png","width":1080,"height":1080},{"@type":"BreadcrumbList","@id":"https:\/\/luxurycandlesupplies.eu\/product\/happy-vanilla\/#breadcrumb","itemListElement":[{"@type":"ListItem","position":1,"name":"Home","item":"https:\/\/luxurycandlesupplies.eu\/"},{"@type":"ListItem","position":2,"name":"Shop","item":"https:\/\/luxurycandlesupplies.eu\/shop\/"},{"@type":"ListItem","position":3,"name":"Happy Vanilla &#8211; UFI exempt"}]},{"@type":"WebSite","@id":"https:\/\/luxurycandlesupplies.eu\/#website","url":"https:\/\/luxurycandlesupplies.eu\/","name":"Antwerpener Luxus-Kerzen-Bedarf","description":"Vertreiber von Sojawachs f\u00fcr alle Jahreszeiten","publisher":{"@id":"https:\/\/luxurycandlesupplies.eu\/#organization"},"potentialAction":[{"@type":"SearchAction","target":{"@type":"EntryPoint","urlTemplate":"https:\/\/luxurycandlesupplies.eu\/?s={search_term_string}"},"query-input":{"@type":"PropertyValueSpecification","valueRequired":true,"valueName":"search_term_string"}}],"inLanguage":"de-DE"},{"@type":"Organization","@id":"https:\/\/luxurycandlesupplies.eu\/#organization","name":"Antwerpener Luxus-Kerzen-Bedarf","url":"https:\/\/luxurycandlesupplies.eu\/","logo":{"@type":"ImageObject","inLanguage":"de-DE","@id":"https:\/\/luxurycandlesupplies.eu\/#\/schema\/logo\/image\/","url":"https:\/\/luxurycandlesupplies.eu\/app\/uploads\/2022\/03\/antwerp-luxury-candle-supplies-1x.png","contentUrl":"https:\/\/luxurycandlesupplies.eu\/app\/uploads\/2022\/03\/antwerp-luxury-candle-supplies-1x.png","width":330,"height":60,"caption":"Antwerp Luxury Candle Supplies"},"image":{"@id":"https:\/\/luxurycandlesupplies.eu\/#\/schema\/logo\/image\/"},"sameAs":["https:\/\/www.facebook.com\/Antwerpluxurycandlesupplies\/","https:\/\/www.instagram.com\/antwerp_luxury_candle_supplies\/","https:\/\/pin.it\/7joOXRW"]}]}},"_links":{"self":[{"href":"https:\/\/luxurycandlesupplies.eu\/de\/wp-json\/wp\/v2\/product\/3948","targetHints":{"allow":["GET"]}}],"collection":[{"href":"https:\/\/luxurycandlesupplies.eu\/de\/wp-json\/wp\/v2\/product"}],"about":[{"href":"https:\/\/luxurycandlesupplies.eu\/de\/wp-json\/wp\/v2\/types\/product"}],"wp:featuredmedia":[{"embeddable":true,"href":"https:\/\/luxurycandlesupplies.eu\/de\/wp-json\/wp\/v2\/media\/3954"}],"wp:attachment":[{"href":"https:\/\/luxurycandlesupplies.eu\/de\/wp-json\/wp\/v2\/media?parent=3948"}],"wp:term":[{"taxonomy":"product_brand","embeddable":true,"href":"https:\/\/luxurycandlesupplies.eu\/de\/wp-json\/wp\/v2\/product_brand?post=3948"},{"taxonomy":"product_cat","embeddable":true,"href":"https:\/\/luxurycandlesupplies.eu\/de\/wp-json\/wp\/v2\/product_cat?post=3948"},{"taxonomy":"product_tag","embeddable":true,"href":"https:\/\/luxurycandlesupplies.eu\/de\/wp-json\/wp\/v2\/product_tag?post=3948"}],"curies":[{"name":"wp","href":"https:\/\/api.w.org\/{rel}","templated":true}]}}