{"id":4994,"date":"2023-06-02T13:52:32","date_gmt":"2023-06-02T11:52:32","guid":{"rendered":"https:\/\/luxurycandlesupplies.eu\/?post_type=product&#038;p=4994"},"modified":"2026-04-01T23:25:53","modified_gmt":"2026-04-01T21:25:53","slug":"apfelkuchen","status":"publish","type":"product","link":"https:\/\/luxurycandlesupplies.eu\/de\/product\/apple-pie\/","title":{"rendered":"Apfelkuchen - UFI-befreit 8%"},"content":{"rendered":"<h3>BESCHREIBUNG<\/h3>\n<div><\/div>\n<h3><em><strong>Apfelkuchen<\/strong><\/em><\/h3>\n<p>&nbsp;<\/p>\n<p>Das Aroma eines frisch gebackenen Apfelkuchens mit warmen Noten von Zimt, Vanille, \u00c4pfeln und s\u00fc\u00dfem Geb\u00e4ckteig.  K\u00f6stlich!<\/p>\n<p>&nbsp;<\/p>\n<p><strong>Kopfnoten:<\/strong> Zimt - milchige Noten<br \/>\n<strong>Mittlere Noten:<\/strong> Apfelkuchen<br \/>\n<strong>Basisnoten:<\/strong>\u00a0 Karamell - Vanille - Musk<\/p>\n<p>&nbsp;<\/p>\n<p>&nbsp;<\/p>\n<h3>UNSERE EMPFEHLUNG<\/h3>\n<hr \/>\n<div>\n<p>Die Verwendung von Duft\u00f6len h\u00e4ngt von dem Produkt ab, das Sie herstellen. Im folgenden Leitfaden finden Sie die f\u00fcr Ihr Produkt geeigneten Mischungsverh\u00e4ltnisse.<\/p>\n<p>Bitte beachten Sie, dass es sich bei den unten genannten Werten nur um Vorschl\u00e4ge handelt. Wir empfehlen den Benutzern, ihre eigenen Tests mit den vorgesehenen Wachs- und \u00d6lmischungen durchzuf\u00fchren, um optimale Ergebnisse zu erzielen.<\/p>\n<p>Kerzen: 6-10%<br \/>\nWachsmelonen: 10-12%<\/p>\n<\/div>\n<p>&nbsp;<\/p>\n<h3>CLP &amp; SDS INFORMATIONEN<\/h3>\n<hr \/>\n<p><a href=\"https:\/\/luxurycandlesupplies.eu\/app\/uploads\/2023\/06\/CLP-label-_-Apple-pie-_-candle-8_Free-of-UFI-1.pdf\">CLP-Etikett _ Apfelkuchen _ Kerze 8%_Frei von UFI<\/a><\/p>\n<p><a href=\"https:\/\/luxurycandlesupplies.eu\/app\/uploads\/2023\/06\/CLP-label-_-Apple-pie-_-candle-10-2.pdf\">CLP-Etikett _ Apfelkuchen _ Kerze 10%<\/a><\/p>\n<p><a href=\"https:\/\/luxurycandlesupplies.eu\/app\/uploads\/2023\/06\/SDS-ALCS-APPLE-PIE-ENG.pdf\">SDS ALCS APPLE PIE ENG<\/a><\/p>\n<p><a href=\"https:\/\/luxurycandlesupplies.eu\/app\/uploads\/2023\/06\/APPLE-PIE-TDS-.pdf\">Apfelkuchen - TDS<\/a><\/p>\n<p><a href=\"https:\/\/luxurycandlesupplies.eu\/app\/uploads\/2023\/10\/APPLE-PIE-IFRA.pdf\">Apfelkuchen - IFRA<\/a><\/p>\n<p>&nbsp;<\/p>\n<p>UFI: XXE0-40D3-600U-03R1<\/p>\n<p><img decoding=\"async\" class=\"alignnone wp-image-23489\" src=\"https:\/\/luxurycandlesupplies.eu\/app\/uploads\/2025\/07\/Danger-4-300x300.png\" alt=\"\" width=\"122\" height=\"122\" srcset=\"https:\/\/luxurycandlesupplies.eu\/app\/uploads\/2025\/07\/Danger-4-300x300.png 300w, https:\/\/luxurycandlesupplies.eu\/app\/uploads\/2025\/07\/Danger-4-1024x1024.png 1024w, https:\/\/luxurycandlesupplies.eu\/app\/uploads\/2025\/07\/Danger-4-150x150.png 150w, https:\/\/luxurycandlesupplies.eu\/app\/uploads\/2025\/07\/Danger-4-768x768.png 768w, https:\/\/luxurycandlesupplies.eu\/app\/uploads\/2025\/07\/Danger-4-12x12.png 12w, https:\/\/luxurycandlesupplies.eu\/app\/uploads\/2025\/07\/Danger-4-600x600.png 600w, https:\/\/luxurycandlesupplies.eu\/app\/uploads\/2025\/07\/Danger-4-100x100.png 100w, https:\/\/luxurycandlesupplies.eu\/app\/uploads\/2025\/07\/Danger-4.png 1080w\" sizes=\"(max-width: 122px) 100vw, 122px\" \/> <img decoding=\"async\" class=\"alignnone wp-image-23488\" src=\"https:\/\/luxurycandlesupplies.eu\/app\/uploads\/2025\/07\/Danger-3-300x300.png\" alt=\"\" width=\"122\" height=\"122\" srcset=\"https:\/\/luxurycandlesupplies.eu\/app\/uploads\/2025\/07\/Danger-3-300x300.png 300w, https:\/\/luxurycandlesupplies.eu\/app\/uploads\/2025\/07\/Danger-3-1024x1024.png 1024w, https:\/\/luxurycandlesupplies.eu\/app\/uploads\/2025\/07\/Danger-3-150x150.png 150w, https:\/\/luxurycandlesupplies.eu\/app\/uploads\/2025\/07\/Danger-3-768x768.png 768w, https:\/\/luxurycandlesupplies.eu\/app\/uploads\/2025\/07\/Danger-3-12x12.png 12w, https:\/\/luxurycandlesupplies.eu\/app\/uploads\/2025\/07\/Danger-3-600x600.png 600w, https:\/\/luxurycandlesupplies.eu\/app\/uploads\/2025\/07\/Danger-3-100x100.png 100w, https:\/\/luxurycandlesupplies.eu\/app\/uploads\/2025\/07\/Danger-3.png 1080w\" sizes=\"(max-width: 122px) 100vw, 122px\" \/><\/p>\n<p><strong>Apfelkuchen NL<\/strong><\/p>\n<p>H317 Kan een allergische huidreactie veroorzaken. H411 Giftig f\u00fcr im Wasser levende<br \/>\norganismen, met langdurige gevolgen. P261 Inademing van stof\/rook\/gas\/nevel\/damp\/spuitnevel<br \/>\nvermijden. P272+P363 Verontreinigde kleding mag de ruimte niet verlaten en dient gewassen te zijn<br \/>\nalvorens opnieuw te gebruiken. P280 Beschermende handschoenen\/beschermende<br \/>\nkleding\/oogbescherming\/gelaatsbescherming dragen. P302+P352 BIJ CONTACT MET DE HUID: met<br \/>\nveel water en zeep wassen. P333+P313 Bij huidirritatie of uitslag: een arts raadplegen. P391<br \/>\nGelekte\/gemorste Stof opruimen. P501 Inhoud\/verpakking afvoeren naar een erkende<br \/>\nafvalinzamelaar conform VLAREMA en OVAM-regelgeving.<\/p>\n<p>&nbsp;<\/p>\n<p><strong>Apfelkuchen FR<\/strong><\/p>\n<p>H317 Kann eine allergische Hautreaktion hervorrufen. H411 Giftig f\u00fcr Organismen<br \/>\naquatiques, entra\u00eene des effets n\u00e9fastes \u00e0 long terme. P261 \u00c9viter de respirer les<br \/>\npoussi\u00e8res\/fum\u00e9es\/gaz\/brouillards\/vapeurs\/a\u00e9rosols. P272+P363 Die kontaminierten Kleidungsst\u00fccke d\u00fcrfen nicht<br \/>\nd\u00fcrfen den Arbeitsplatz nicht verlassen und m\u00fcssen vor der Wiederverwendung gereinigt werden. P280 Porter des gants<br \/>\nde protection\/des v\u00eatements de protection\/une protection des yeux\/du visage. P302+P352 EN CAS<br \/>\nDE CONTACT AVEC LA PEAU : laver abondamment \u00e0 l'eau et au savon. P333+P313 En cas d'irritation<br \/>\nou d'\u00e9ruption cutan\u00e9e : consulter un m\u00e9decin. P391 Beseitigen Sie den Stoff, der auf die Haut aufgetragen wurde. P501 Beseitigen Sie die<br \/>\nInhalt\/Empf\u00e4nger \u00fcber einen zugelassenen Abfallsammler gem\u00e4\u00df der VLAREMA-Verordnung<br \/>\nund OVAM.<\/p>\n<p>&nbsp;<\/p>\n<p><strong>Apfelkuchen ENG<\/strong><\/p>\n<p>H317 Kann eine allergische Hautreaktion hervorrufen. H411 Giftig f\u00fcr Wasserorganismen mit langfristiger Wirkung. P261<br \/>\nDas Einatmen von Staub\/Rauch\/Gas\/Nebel\/Dampf\/Aerosol vermeiden. P272+P363 Kontaminierte Kleidung sollte nicht<br \/>\nden Arbeitsplatz verlassen und m\u00fcssen vor der Wiederverwendung gewaschen werden. P280 Schutzhandschuhe\/Schutzkleidung tragen<br \/>\nKleidung\/Augenschutz\/Gesichtsschutz. P302+P352 BEI KONTAKT MIT DER HAUT: Mit viel Wasser und Seife waschen.<br \/>\nP333+P313 Bei Auftreten von Hautreizungen oder Hautausschlag: \u00c4rztlichen Rat einholen. P391 Versch\u00fcttetes Material aufnehmen. P501 Beseitigen<br \/>\nInhalt\/Beh\u00e4lter \u00fcber einen zugelassenen Abfallsammler gem\u00e4\u00df VLAREMA und OVAM<br \/>\nVorschriften.<\/p>","protected":false},"excerpt":{"rendered":"<p>DESCRIPTION Apple Pie &nbsp; The aroma of a freshly baked apple pie with warm notes of cinnamon, vanilla, bursts of apples and sweet bakery dough.\u00a0 Delicious! &nbsp; Top notes: Cinnamon &#8211; Milky Notes Middle notes: Apple Pie Base notes:\u00a0 Caramel &#8211; Vanilla &#8211; Musk &nbsp; &nbsp; OUR RECOMMENDATION The use of fragrance oils will be [&hellip;]<\/p>\n","protected":false},"featured_media":5000,"template":"","meta":{"_acf_changed":false,"site-sidebar-layout":"default","site-content-layout":"default","ast-site-content-layout":"default","site-content-style":"default","site-sidebar-style":"default","ast-global-header-display":"","ast-banner-title-visibility":"","ast-main-header-display":"","ast-hfb-above-header-display":"","ast-hfb-below-header-display":"","ast-hfb-mobile-header-display":"","site-post-title":"","ast-breadcrumbs-content":"","ast-featured-img":"","footer-sml-layout":"","ast-disable-related-posts":"","theme-transparent-header-meta":"default","adv-header-id-meta":"","stick-header-meta":"","header-above-stick-meta":"","header-main-stick-meta":"","header-below-stick-meta":"","astra-migrate-meta-layouts":"set","ast-page-background-enabled":"default","ast-page-background-meta":{"desktop":{"background-color":"","background-image":"","background-repeat":"repeat","background-position":"center center","background-size":"auto","background-attachment":"scroll","background-type":"","background-media":"","overlay-type":"","overlay-color":"","overlay-opacity":"","overlay-gradient":""},"tablet":{"background-color":"","background-image":"","background-repeat":"repeat","background-position":"center center","background-size":"auto","background-attachment":"scroll","background-type":"","background-media":"","overlay-type":"","overlay-color":"","overlay-opacity":"","overlay-gradient":""},"mobile":{"background-color":"","background-image":"","background-repeat":"repeat","background-position":"center center","background-size":"auto","background-attachment":"scroll","background-type":"","background-media":"","overlay-type":"","overlay-color":"","overlay-opacity":"","overlay-gradient":""}},"ast-content-background-meta":{"desktop":{"background-color":"var(--ast-global-color-5)","background-image":"","background-repeat":"repeat","background-position":"center center","background-size":"auto","background-attachment":"scroll","background-type":"","background-media":"","overlay-type":"","overlay-color":"","overlay-opacity":"","overlay-gradient":""},"tablet":{"background-color":"var(--ast-global-color-5)","background-image":"","background-repeat":"repeat","background-position":"center center","background-size":"auto","background-attachment":"scroll","background-type":"","background-media":"","overlay-type":"","overlay-color":"","overlay-opacity":"","overlay-gradient":""},"mobile":{"background-color":"var(--ast-global-color-5)","background-image":"","background-repeat":"repeat","background-position":"center center","background-size":"auto","background-attachment":"scroll","background-type":"","background-media":"","overlay-type":"","overlay-color":"","overlay-opacity":"","overlay-gradient":""}}},"product_brand":[],"product_cat":[25,1681],"product_tag":[29,26,19,441,28,442,57,440,31,58,175,23,30,435,20,27,22],"class_list":{"0":"post-4994","1":"product","2":"type-product","3":"status-publish","4":"has-post-thumbnail","6":"product_cat-fragrances","7":"product_cat-fragrances-ufi-exempt","8":"product_tag-a05-wax","9":"product_tag-a27-wax","10":"product_tag-all-seasons-wax","11":"product_tag-bergamot","12":"product_tag-cocosoy","13":"product_tag-flowers","14":"product_tag-fragrances","15":"product_tag-greece","16":"product_tag-m12-wax","17":"product_tag-mulled-wine","18":"product_tag-musk","19":"product_tag-s100-wax","20":"product_tag-s16-wax","21":"product_tag-sandalwood","22":"product_tag-soy-wax","23":"product_tag-vegan-wax","24":"product_tag-wax","25":"desktop-align-left","26":"tablet-align-left","27":"mobile-align-left","28":"ast-product-gallery-layout-horizontal-slider","29":"ast-product-gallery-with-no-image","30":"ast-product-single-variable","31":"ast-product-tabs-layout-horizontal","33":"first","34":"instock","35":"taxable","36":"shipping-taxable","37":"purchasable","38":"product-type-variable"},"acf":[],"yoast_head":"<title>Apple Pie - UFI exempt 8% - Antwerp Luxury Candle Supplies<\/title>\n<meta name=\"robots\" content=\"index, follow, max-snippet:-1, max-image-preview:large, max-video-preview:-1\" \/>\n<link rel=\"canonical\" href=\"https:\/\/luxurycandlesupplies.eu\/de\/produkt\/apfelkuchen\/\" \/>\n<meta property=\"og:locale\" content=\"de_DE\" \/>\n<meta property=\"og:type\" content=\"article\" \/>\n<meta property=\"og:title\" content=\"Apple Pie - UFI exempt 8% - Antwerp Luxury Candle Supplies\" \/>\n<meta property=\"og:description\" content=\"DESCRIPTION Apple Pie &nbsp; The aroma of a freshly baked apple pie with warm notes of cinnamon, vanilla, bursts of apples and sweet bakery dough.\u00a0 Delicious! &nbsp; Top notes: Cinnamon &#8211; Milky Notes Middle notes: Apple Pie Base notes:\u00a0 Caramel &#8211; Vanilla &#8211; Musk &nbsp; &nbsp; OUR RECOMMENDATION The use of fragrance oils will be [&hellip;]\" \/>\n<meta property=\"og:url\" content=\"https:\/\/luxurycandlesupplies.eu\/de\/produkt\/apfelkuchen\/\" \/>\n<meta property=\"og:site_name\" content=\"Antwerp Luxury Candle Supplies\" \/>\n<meta property=\"article:publisher\" content=\"https:\/\/www.facebook.com\/Antwerpluxurycandlesupplies\/\" \/>\n<meta property=\"article:modified_time\" content=\"2026-04-01T21:25:53+00:00\" \/>\n<meta property=\"og:image\" content=\"https:\/\/luxurycandlesupplies.eu\/app\/uploads\/2023\/06\/Apple-Pie-1024x1024.png\" \/>\n\t<meta property=\"og:image:width\" content=\"1024\" \/>\n\t<meta property=\"og:image:height\" content=\"1024\" \/>\n\t<meta property=\"og:image:type\" content=\"image\/png\" \/>\n<meta name=\"twitter:card\" content=\"summary_large_image\" \/>\n<meta name=\"twitter:label1\" content=\"Gesch\u00e4tzte Lesezeit\" \/>\n\t<meta name=\"twitter:data1\" content=\"3 minutes\" \/>\n<script type=\"application\/ld+json\" class=\"yoast-schema-graph\">{\"@context\":\"https:\\\/\\\/schema.org\",\"@graph\":[{\"@type\":\"WebPage\",\"@id\":\"https:\\\/\\\/luxurycandlesupplies.eu\\\/product\\\/apple-pie\\\/\",\"url\":\"https:\\\/\\\/luxurycandlesupplies.eu\\\/product\\\/apple-pie\\\/\",\"name\":\"Apple Pie - UFI exempt 8% - Antwerp Luxury Candle Supplies\",\"isPartOf\":{\"@id\":\"https:\\\/\\\/luxurycandlesupplies.eu\\\/#website\"},\"primaryImageOfPage\":{\"@id\":\"https:\\\/\\\/luxurycandlesupplies.eu\\\/product\\\/apple-pie\\\/#primaryimage\"},\"image\":{\"@id\":\"https:\\\/\\\/luxurycandlesupplies.eu\\\/product\\\/apple-pie\\\/#primaryimage\"},\"thumbnailUrl\":\"https:\\\/\\\/luxurycandlesupplies.eu\\\/app\\\/uploads\\\/2023\\\/06\\\/Apple-Pie.png\",\"datePublished\":\"2023-06-02T11:52:32+00:00\",\"dateModified\":\"2026-04-01T21:25:53+00:00\",\"breadcrumb\":{\"@id\":\"https:\\\/\\\/luxurycandlesupplies.eu\\\/product\\\/apple-pie\\\/#breadcrumb\"},\"inLanguage\":\"de-DE\",\"potentialAction\":[{\"@type\":\"ReadAction\",\"target\":[\"https:\\\/\\\/luxurycandlesupplies.eu\\\/product\\\/apple-pie\\\/\"]}]},{\"@type\":\"ImageObject\",\"inLanguage\":\"de-DE\",\"@id\":\"https:\\\/\\\/luxurycandlesupplies.eu\\\/product\\\/apple-pie\\\/#primaryimage\",\"url\":\"https:\\\/\\\/luxurycandlesupplies.eu\\\/app\\\/uploads\\\/2023\\\/06\\\/Apple-Pie.png\",\"contentUrl\":\"https:\\\/\\\/luxurycandlesupplies.eu\\\/app\\\/uploads\\\/2023\\\/06\\\/Apple-Pie.png\",\"width\":1080,\"height\":1080},{\"@type\":\"BreadcrumbList\",\"@id\":\"https:\\\/\\\/luxurycandlesupplies.eu\\\/product\\\/apple-pie\\\/#breadcrumb\",\"itemListElement\":[{\"@type\":\"ListItem\",\"position\":1,\"name\":\"Home\",\"item\":\"https:\\\/\\\/luxurycandlesupplies.eu\\\/\"},{\"@type\":\"ListItem\",\"position\":2,\"name\":\"Shop\",\"item\":\"https:\\\/\\\/luxurycandlesupplies.eu\\\/shop\\\/\"},{\"@type\":\"ListItem\",\"position\":3,\"name\":\"Apple Pie &#8211; UFI exempt 8%\"}]},{\"@type\":\"WebSite\",\"@id\":\"https:\\\/\\\/luxurycandlesupplies.eu\\\/#website\",\"url\":\"https:\\\/\\\/luxurycandlesupplies.eu\\\/\",\"name\":\"Antwerp Luxury Candle Supplies\",\"description\":\"Distributor of all seasons soy wax\",\"publisher\":{\"@id\":\"https:\\\/\\\/luxurycandlesupplies.eu\\\/#organization\"},\"potentialAction\":[{\"@type\":\"SearchAction\",\"target\":{\"@type\":\"EntryPoint\",\"urlTemplate\":\"https:\\\/\\\/luxurycandlesupplies.eu\\\/?s={search_term_string}\"},\"query-input\":{\"@type\":\"PropertyValueSpecification\",\"valueRequired\":true,\"valueName\":\"search_term_string\"}}],\"inLanguage\":\"de-DE\"},{\"@type\":\"Organization\",\"@id\":\"https:\\\/\\\/luxurycandlesupplies.eu\\\/#organization\",\"name\":\"Antwerp Luxury Candle Supplies\",\"url\":\"https:\\\/\\\/luxurycandlesupplies.eu\\\/\",\"logo\":{\"@type\":\"ImageObject\",\"inLanguage\":\"de-DE\",\"@id\":\"https:\\\/\\\/luxurycandlesupplies.eu\\\/#\\\/schema\\\/logo\\\/image\\\/\",\"url\":\"https:\\\/\\\/luxurycandlesupplies.eu\\\/app\\\/uploads\\\/2022\\\/03\\\/antwerp-luxury-candle-supplies-1x.png\",\"contentUrl\":\"https:\\\/\\\/luxurycandlesupplies.eu\\\/app\\\/uploads\\\/2022\\\/03\\\/antwerp-luxury-candle-supplies-1x.png\",\"width\":330,\"height\":60,\"caption\":\"Antwerp Luxury Candle Supplies\"},\"image\":{\"@id\":\"https:\\\/\\\/luxurycandlesupplies.eu\\\/#\\\/schema\\\/logo\\\/image\\\/\"},\"sameAs\":[\"https:\\\/\\\/www.facebook.com\\\/Antwerpluxurycandlesupplies\\\/\",\"https:\\\/\\\/www.instagram.com\\\/antwerp_luxury_candle_supplies\\\/\",\"https:\\\/\\\/pin.it\\\/7joOXRW\"]}]}<\/script>","yoast_head_json":{"title":"Apple Pie - UFI befreit 8% - Antwerpener Luxuskerzenbedarf","robots":{"index":"index","follow":"follow","max-snippet":"max-snippet:-1","max-image-preview":"max-image-preview:large","max-video-preview":"max-video-preview:-1"},"canonical":"https:\/\/luxurycandlesupplies.eu\/de\/produkt\/apfelkuchen\/","og_locale":"de_DE","og_type":"article","og_title":"Apple Pie - UFI exempt 8% - Antwerp Luxury Candle Supplies","og_description":"DESCRIPTION Apple Pie &nbsp; The aroma of a freshly baked apple pie with warm notes of cinnamon, vanilla, bursts of apples and sweet bakery dough.\u00a0 Delicious! &nbsp; Top notes: Cinnamon &#8211; Milky Notes Middle notes: Apple Pie Base notes:\u00a0 Caramel &#8211; Vanilla &#8211; Musk &nbsp; &nbsp; OUR RECOMMENDATION The use of fragrance oils will be [&hellip;]","og_url":"https:\/\/luxurycandlesupplies.eu\/de\/produkt\/apfelkuchen\/","og_site_name":"Antwerp Luxury Candle Supplies","article_publisher":"https:\/\/www.facebook.com\/Antwerpluxurycandlesupplies\/","article_modified_time":"2026-04-01T21:25:53+00:00","og_image":[{"width":1024,"height":1024,"url":"https:\/\/luxurycandlesupplies.eu\/app\/uploads\/2023\/06\/Apple-Pie-1024x1024.png","type":"image\/png"}],"twitter_card":"summary_large_image","twitter_misc":{"Gesch\u00e4tzte Lesezeit":"3 minutes"},"schema":{"@context":"https:\/\/schema.org","@graph":[{"@type":"WebPage","@id":"https:\/\/luxurycandlesupplies.eu\/product\/apple-pie\/","url":"https:\/\/luxurycandlesupplies.eu\/product\/apple-pie\/","name":"Apple Pie - UFI befreit 8% - Antwerpener Luxuskerzenbedarf","isPartOf":{"@id":"https:\/\/luxurycandlesupplies.eu\/#website"},"primaryImageOfPage":{"@id":"https:\/\/luxurycandlesupplies.eu\/product\/apple-pie\/#primaryimage"},"image":{"@id":"https:\/\/luxurycandlesupplies.eu\/product\/apple-pie\/#primaryimage"},"thumbnailUrl":"https:\/\/luxurycandlesupplies.eu\/app\/uploads\/2023\/06\/Apple-Pie.png","datePublished":"2023-06-02T11:52:32+00:00","dateModified":"2026-04-01T21:25:53+00:00","breadcrumb":{"@id":"https:\/\/luxurycandlesupplies.eu\/product\/apple-pie\/#breadcrumb"},"inLanguage":"de-DE","potentialAction":[{"@type":"ReadAction","target":["https:\/\/luxurycandlesupplies.eu\/product\/apple-pie\/"]}]},{"@type":"ImageObject","inLanguage":"de-DE","@id":"https:\/\/luxurycandlesupplies.eu\/product\/apple-pie\/#primaryimage","url":"https:\/\/luxurycandlesupplies.eu\/app\/uploads\/2023\/06\/Apple-Pie.png","contentUrl":"https:\/\/luxurycandlesupplies.eu\/app\/uploads\/2023\/06\/Apple-Pie.png","width":1080,"height":1080},{"@type":"BreadcrumbList","@id":"https:\/\/luxurycandlesupplies.eu\/product\/apple-pie\/#breadcrumb","itemListElement":[{"@type":"ListItem","position":1,"name":"Home","item":"https:\/\/luxurycandlesupplies.eu\/"},{"@type":"ListItem","position":2,"name":"Shop","item":"https:\/\/luxurycandlesupplies.eu\/shop\/"},{"@type":"ListItem","position":3,"name":"Apple Pie &#8211; UFI exempt 8%"}]},{"@type":"WebSite","@id":"https:\/\/luxurycandlesupplies.eu\/#website","url":"https:\/\/luxurycandlesupplies.eu\/","name":"Antwerpener Luxus-Kerzen-Bedarf","description":"Vertreiber von Sojawachs f\u00fcr alle Jahreszeiten","publisher":{"@id":"https:\/\/luxurycandlesupplies.eu\/#organization"},"potentialAction":[{"@type":"SearchAction","target":{"@type":"EntryPoint","urlTemplate":"https:\/\/luxurycandlesupplies.eu\/?s={search_term_string}"},"query-input":{"@type":"PropertyValueSpecification","valueRequired":true,"valueName":"search_term_string"}}],"inLanguage":"de-DE"},{"@type":"Organization","@id":"https:\/\/luxurycandlesupplies.eu\/#organization","name":"Antwerpener Luxus-Kerzen-Bedarf","url":"https:\/\/luxurycandlesupplies.eu\/","logo":{"@type":"ImageObject","inLanguage":"de-DE","@id":"https:\/\/luxurycandlesupplies.eu\/#\/schema\/logo\/image\/","url":"https:\/\/luxurycandlesupplies.eu\/app\/uploads\/2022\/03\/antwerp-luxury-candle-supplies-1x.png","contentUrl":"https:\/\/luxurycandlesupplies.eu\/app\/uploads\/2022\/03\/antwerp-luxury-candle-supplies-1x.png","width":330,"height":60,"caption":"Antwerp Luxury Candle Supplies"},"image":{"@id":"https:\/\/luxurycandlesupplies.eu\/#\/schema\/logo\/image\/"},"sameAs":["https:\/\/www.facebook.com\/Antwerpluxurycandlesupplies\/","https:\/\/www.instagram.com\/antwerp_luxury_candle_supplies\/","https:\/\/pin.it\/7joOXRW"]}]}},"_links":{"self":[{"href":"https:\/\/luxurycandlesupplies.eu\/de\/wp-json\/wp\/v2\/product\/4994","targetHints":{"allow":["GET"]}}],"collection":[{"href":"https:\/\/luxurycandlesupplies.eu\/de\/wp-json\/wp\/v2\/product"}],"about":[{"href":"https:\/\/luxurycandlesupplies.eu\/de\/wp-json\/wp\/v2\/types\/product"}],"wp:featuredmedia":[{"embeddable":true,"href":"https:\/\/luxurycandlesupplies.eu\/de\/wp-json\/wp\/v2\/media\/5000"}],"wp:attachment":[{"href":"https:\/\/luxurycandlesupplies.eu\/de\/wp-json\/wp\/v2\/media?parent=4994"}],"wp:term":[{"taxonomy":"product_brand","embeddable":true,"href":"https:\/\/luxurycandlesupplies.eu\/de\/wp-json\/wp\/v2\/product_brand?post=4994"},{"taxonomy":"product_cat","embeddable":true,"href":"https:\/\/luxurycandlesupplies.eu\/de\/wp-json\/wp\/v2\/product_cat?post=4994"},{"taxonomy":"product_tag","embeddable":true,"href":"https:\/\/luxurycandlesupplies.eu\/de\/wp-json\/wp\/v2\/product_tag?post=4994"}],"curies":[{"name":"wp","href":"https:\/\/api.w.org\/{rel}","templated":true}]}}