{"id":629,"date":"2021-09-29T18:57:37","date_gmt":"2021-09-29T16:57:37","guid":{"rendered":"https:\/\/luxurycandlesupplies.eu\/?post_type=product&#038;p=629"},"modified":"2026-04-17T16:51:49","modified_gmt":"2026-04-17T14:51:49","slug":"gluhwein-zimt","status":"publish","type":"product","link":"https:\/\/luxurycandlesupplies.eu\/de\/product\/mulled-wine-cinnamon\/","title":{"rendered":"Gl\u00fchwein &amp; Zimt"},"content":{"rendered":"<h2>BESCHREIBUNG<\/h2>\n<p>&nbsp;<\/p>\n<hr \/>\n<div><\/div>\n<h3>GL\u00dcHWEIN &amp; ZIMT<\/h3>\n<p>&nbsp;<\/p>\n<p>Ein warmer und gem\u00fctlicher Duft, der Sie in kalten Wintern\u00e4chten vor dem Kamin tr\u00e4umen l\u00e4sst.<\/p>\n<p>Parf\u00fcmieren Sie Ihre Weihnachtsferien!<\/p>\n<p>&nbsp;<\/p>\n<p>Kopfnoten: Zimt und Trockenfr\u00fcchte<br \/>\nMittelnoten: Rose &amp; Nelkenknospen<br \/>\nBasisnoten: Vetiver &amp; Gl\u00fchwein<\/p>\n<p>&nbsp;<\/p>\n<h3>UNSERE EMPFEHLUNG<\/h3>\n<hr \/>\n<div>\n<p>Die Verwendung von Duft\u00f6len h\u00e4ngt von dem Produkt ab, das Sie herstellen. Im folgenden Leitfaden finden Sie die f\u00fcr Ihr Produkt geeigneten Mischungsverh\u00e4ltnisse.<\/p>\n<p>Bitte beachten Sie, dass es sich bei den unten genannten Werten nur um Vorschl\u00e4ge handelt. Wir empfehlen den Benutzern, ihre eigenen Tests mit den vorgesehenen Wachs- und \u00d6lmischungen durchzuf\u00fchren, um optimale Ergebnisse zu erzielen.<\/p>\n<p>Kerzen: 6-10%<br \/>\nWachsmelonen: 10-12%<\/p>\n<p>&nbsp;<\/p>\n<\/div>\n<h2>CLP &amp; SDS INFORMATIONEN<\/h2>\n<hr \/>\n<p><a href=\"https:\/\/luxurycandlesupplies.eu\/app\/uploads\/2021\/09\/CLP-label-_-Mulled-wine-Cinnamon_-candle-6.pdf\">CLP-Etikett _ Gl\u00fchwein &amp; Zimt_ Kerze 6%<\/a><\/p>\n<p><a href=\"https:\/\/luxurycandlesupplies.eu\/app\/uploads\/2021\/09\/CLP-label-_-Mulled-wine-Cinnamon_-candle-8.pdf\">CLP-Etikett _ Gl\u00fchwein &amp; Zimt_ Kerze 8%<\/a><\/p>\n<p><a href=\"https:\/\/luxurycandlesupplies.eu\/app\/uploads\/2021\/09\/CLP-label-_-Mulled-wine-Cinnamon_-candle-10.pdf\">CLP-Etikett _ Gl\u00fchwein &amp; Zimt_ Kerze 10%<\/a><\/p>\n<p><a href=\"https:\/\/luxurycandlesupplies.eu\/app\/uploads\/2024\/03\/MULLED-WINE-CINNAMON-SDS-.pdf\">GL\u00dcHWEIN &amp; ZIMT - SDS 100%<\/a><\/p>\n<p><a href=\"https:\/\/luxurycandlesupplies.eu\/app\/uploads\/2024\/03\/MULLED-WINE-CINNAMON-IFRA-1.pdf\">GL\u00dcHWEIN &amp; ZIMT - IFRA<\/a><\/p>\n<p>&nbsp;<\/p>\n<p>UFI: GEE0-307Q-C00V-127N<\/p>\n<p><img decoding=\"async\" class=\"alignnone wp-image-23489\" src=\"https:\/\/luxurycandlesupplies.eu\/app\/uploads\/2025\/07\/Danger-4-300x300.png\" alt=\"\" width=\"122\" height=\"122\" srcset=\"https:\/\/luxurycandlesupplies.eu\/app\/uploads\/2025\/07\/Danger-4-300x300.png 300w, https:\/\/luxurycandlesupplies.eu\/app\/uploads\/2025\/07\/Danger-4-1024x1024.png 1024w, https:\/\/luxurycandlesupplies.eu\/app\/uploads\/2025\/07\/Danger-4-150x150.png 150w, https:\/\/luxurycandlesupplies.eu\/app\/uploads\/2025\/07\/Danger-4-768x768.png 768w, https:\/\/luxurycandlesupplies.eu\/app\/uploads\/2025\/07\/Danger-4-12x12.png 12w, https:\/\/luxurycandlesupplies.eu\/app\/uploads\/2025\/07\/Danger-4-600x600.png 600w, https:\/\/luxurycandlesupplies.eu\/app\/uploads\/2025\/07\/Danger-4-100x100.png 100w, https:\/\/luxurycandlesupplies.eu\/app\/uploads\/2025\/07\/Danger-4.png 1080w\" sizes=\"(max-width: 122px) 100vw, 122px\" \/> <img decoding=\"async\" class=\"alignnone wp-image-23488\" src=\"https:\/\/luxurycandlesupplies.eu\/app\/uploads\/2025\/07\/Danger-3-300x300.png\" alt=\"\" width=\"122\" height=\"122\" srcset=\"https:\/\/luxurycandlesupplies.eu\/app\/uploads\/2025\/07\/Danger-3-300x300.png 300w, https:\/\/luxurycandlesupplies.eu\/app\/uploads\/2025\/07\/Danger-3-1024x1024.png 1024w, https:\/\/luxurycandlesupplies.eu\/app\/uploads\/2025\/07\/Danger-3-150x150.png 150w, https:\/\/luxurycandlesupplies.eu\/app\/uploads\/2025\/07\/Danger-3-768x768.png 768w, https:\/\/luxurycandlesupplies.eu\/app\/uploads\/2025\/07\/Danger-3-12x12.png 12w, https:\/\/luxurycandlesupplies.eu\/app\/uploads\/2025\/07\/Danger-3-600x600.png 600w, https:\/\/luxurycandlesupplies.eu\/app\/uploads\/2025\/07\/Danger-3-100x100.png 100w, https:\/\/luxurycandlesupplies.eu\/app\/uploads\/2025\/07\/Danger-3.png 1080w\" sizes=\"(max-width: 122px) 100vw, 122px\" \/><\/p>\n<p><strong>Gl\u00fchwein &amp; Zimt NL<\/strong><\/p>\n<p>H315 Veroorzaakt huidirritatie. H317 Kan een allergische huidreactie veroorzaken. H319 Veroorzaakt<br \/>\nernsthafte Oogirritatie. H411 Giftig f\u00fcr im Wasser lebende Organismen mit langanhaltenden Folgen.<br \/>\nP280 Beschermende handschoenen\/beschermende kleding\/oogbescherming\/gelaatsbescherming<br \/>\ndragen. P302+P352 BIJ CONTACT MET DE HUID: met veel water en zeep wassen. P305+P351+P338 BIJ<br \/>\nCONTACT MET DE OGEN: voorzichtig afspoelen met water gedurende een aantal minuten;<br \/>\ncontactlenzen verwijderen, indien mogelijk; blijven spoelen. P332+P313 Bij huidirritatie: een arts<br \/>\nraadplegen. P333+P313 Bij huidirritatie of uitslag: een arts raadplegen. P337+P313 Bij aanhoudende<br \/>\noogirritatie: een arts raadplegen. P501 Inhoud\/verpakking afvoeren naar een erkende<br \/>\nafvalinzamelaar conform VLAREMA en OVAM-regelgeving.<\/p>\n<p>&nbsp;<\/p>\n<p><strong>Gl\u00fchwein &amp; Zimt FR<\/strong><\/p>\n<p>H315 Provoziert eine Hautreizung. H317 Peut provoquer une r\u00e9action allergique cutan\u00e9e. H319<br \/>\nVerursacht eine schwere Reizung der Augen. H411 Giftig f\u00fcr Wasserorganismen, f\u00fchrt zu<br \/>\nLangfristig anhaltende Wirkungen. P280 Porter des gants de protection\/des v\u00eatements de protection\/une<br \/>\nSchutz der Augen\/des Gesichts. P302+P352 EN CAS DE CONTACT AVEC LA PEAU : laver abondamment<br \/>\nim Wasser und in der Sonne. P305+P351+P338 EN CAS DE CONTACT AVEC LES YEUX : rincer avec pr\u00e9caution \u00e0<br \/>\nl'eau pendant plusieurs minutes ; retirer les lentilles si possible ; continuer \u00e0 rincer. P332+P313 F\u00fcr den Fall<br \/>\nd'irritation cutan\u00e9e : consulter un m\u00e9decin. P333+P313 En cas d'irritation ou d'\u00e9ruption cutan\u00e9e :<br \/>\nconsulter un m\u00e9decin. P337+P313 En cas d'irritation oculaire persistante : consulter un m\u00e9decin.<br \/>\nP501 Beseitigen Sie den Inhalt\/den Abfluss \u00fcber einen zugelassenen Abfallsammler gem\u00e4\u00df den<br \/>\nVLAREMA- und OVAM-Regelungen.<\/p>\n<p>&nbsp;<\/p>\n<p><strong>Gl\u00fchwein &amp; Zimt ENG<\/strong><\/p>\n<p>H315 Verursacht Hautreizungen. H317 Kann eine allergische Hautreaktion verursachen. H319 Verursacht schwere Augen<br \/>\nReizung. H411 Giftig f\u00fcr Wasserorganismen mit langfristiger Wirkung. P280 Bei der Arbeit Schutzhandschuhe\/Schutzkleidung tragen.<br \/>\nKleidung\/Augenschutz\/Gesichtsschutz. P302+P352 BEI KONTAKT MIT DER HAUT: Mit viel Wasser und Seife waschen.<br \/>\nP305+P351+P338 BEI KONTAKT MIT DEN AUGEN: Einige Minuten lang behutsam mit Wasser aussp\u00fclen. Kontaktlinsen entfernen<br \/>\nfalls vorhanden und leicht zu bewerkstelligen. Weiter absp\u00fclen. P332+P313 Bei Auftreten von Hautreizungen: \u00c4rztlichen Rat einholen.<br \/>\nP333+P313 Bei Auftreten von Hautreizungen oder Hautausschlag: \u00c4rztlichen Rat einholen. P337+P313 Bei anhaltender Augenreizung:<br \/>\n\u00c4rztlichen Rat einholen. P501 Inhalt\/Beh\u00e4lter \u00fcber einen zugelassenen Abfallsammler entsorgen in<br \/>\ngem\u00e4\u00df den Vorschriften von VLAREMA und OVAM.<\/p>","protected":false},"excerpt":{"rendered":"<p>DESCRIPTION &nbsp; MULLED WINE &amp; CINNAMON &nbsp; A warm and cosy fragrance that will make you dream about sitting in front of a fire on a cold winter&#8217;s night. Fragrance your Christmas holidays! &nbsp; Top notes: cinnamon &amp; dry fruits Middle notes: rose &amp; clove buds Base notes: vetiver &amp; mulled wine &nbsp; OUR RECOMMENDATION [&hellip;]<\/p>\n","protected":false},"featured_media":18404,"template":"","meta":{"_acf_changed":false,"site-sidebar-layout":"default","site-content-layout":"default","ast-site-content-layout":"default","site-content-style":"default","site-sidebar-style":"default","ast-global-header-display":"","ast-banner-title-visibility":"","ast-main-header-display":"","ast-hfb-above-header-display":"","ast-hfb-below-header-display":"","ast-hfb-mobile-header-display":"","site-post-title":"","ast-breadcrumbs-content":"","ast-featured-img":"","footer-sml-layout":"","ast-disable-related-posts":"","theme-transparent-header-meta":"default","adv-header-id-meta":"","stick-header-meta":"","header-above-stick-meta":"","header-main-stick-meta":"","header-below-stick-meta":"","astra-migrate-meta-layouts":"set","ast-page-background-enabled":"default","ast-page-background-meta":{"desktop":{"background-color":"","background-image":"","background-repeat":"repeat","background-position":"center center","background-size":"auto","background-attachment":"scroll","background-type":"","background-media":"","overlay-type":"","overlay-color":"","overlay-opacity":"","overlay-gradient":""},"tablet":{"background-color":"","background-image":"","background-repeat":"repeat","background-position":"center center","background-size":"auto","background-attachment":"scroll","background-type":"","background-media":"","overlay-type":"","overlay-color":"","overlay-opacity":"","overlay-gradient":""},"mobile":{"background-color":"","background-image":"","background-repeat":"repeat","background-position":"center center","background-size":"auto","background-attachment":"scroll","background-type":"","background-media":"","overlay-type":"","overlay-color":"","overlay-opacity":"","overlay-gradient":""}},"ast-content-background-meta":{"desktop":{"background-color":"var(--ast-global-color-5)","background-image":"","background-repeat":"repeat","background-position":"center center","background-size":"auto","background-attachment":"scroll","background-type":"","background-media":"","overlay-type":"","overlay-color":"","overlay-opacity":"","overlay-gradient":""},"tablet":{"background-color":"var(--ast-global-color-5)","background-image":"","background-repeat":"repeat","background-position":"center center","background-size":"auto","background-attachment":"scroll","background-type":"","background-media":"","overlay-type":"","overlay-color":"","overlay-opacity":"","overlay-gradient":""},"mobile":{"background-color":"var(--ast-global-color-5)","background-image":"","background-repeat":"repeat","background-position":"center center","background-size":"auto","background-attachment":"scroll","background-type":"","background-media":"","overlay-type":"","overlay-color":"","overlay-opacity":"","overlay-gradient":""}}},"product_brand":[],"product_cat":[25],"product_tag":[29,26,19,59,1476,57,1522,31,58,23,30,20,27,22],"class_list":{"0":"post-629","1":"product","2":"type-product","3":"status-publish","4":"has-post-thumbnail","6":"product_cat-fragrances","7":"product_tag-a05-wax","8":"product_tag-a27-wax","9":"product_tag-all-seasons-wax","10":"product_tag-christmas","11":"product_tag-cinnamon","12":"product_tag-fragrances","13":"product_tag-kaneel","14":"product_tag-m12-wax","15":"product_tag-mulled-wine","16":"product_tag-s100-wax","17":"product_tag-s16-wax","18":"product_tag-soy-wax","19":"product_tag-vegan-wax","20":"product_tag-wax","21":"desktop-align-left","22":"tablet-align-left","23":"mobile-align-left","24":"ast-product-gallery-layout-horizontal-slider","25":"ast-product-gallery-with-no-image","26":"ast-product-single-variable","27":"ast-product-tabs-layout-horizontal","29":"first","30":"instock","31":"taxable","32":"shipping-taxable","33":"purchasable","34":"product-type-variable"},"acf":[],"yoast_head":"<title>Mulled Wine &amp; Cinnamon - Antwerp Luxury Candle Supplies<\/title>\n<meta name=\"robots\" content=\"index, follow, max-snippet:-1, max-image-preview:large, max-video-preview:-1\" \/>\n<link rel=\"canonical\" href=\"https:\/\/luxurycandlesupplies.eu\/de\/produkt\/gluhwein-zimt\/\" \/>\n<meta property=\"og:locale\" content=\"de_DE\" \/>\n<meta property=\"og:type\" content=\"article\" \/>\n<meta property=\"og:title\" content=\"Mulled Wine &amp; Cinnamon - Antwerp Luxury Candle Supplies\" \/>\n<meta property=\"og:description\" content=\"DESCRIPTION &nbsp; MULLED WINE &amp; CINNAMON &nbsp; A warm and cosy fragrance that will make you dream about sitting in front of a fire on a cold winter&#8217;s night. Fragrance your Christmas holidays! &nbsp; Top notes: cinnamon &amp; dry fruits Middle notes: rose &amp; clove buds Base notes: vetiver &amp; mulled wine &nbsp; OUR RECOMMENDATION [&hellip;]\" \/>\n<meta property=\"og:url\" content=\"https:\/\/luxurycandlesupplies.eu\/de\/produkt\/gluhwein-zimt\/\" \/>\n<meta property=\"og:site_name\" content=\"Antwerp Luxury Candle Supplies\" \/>\n<meta property=\"article:publisher\" content=\"https:\/\/www.facebook.com\/Antwerpluxurycandlesupplies\/\" \/>\n<meta property=\"article:modified_time\" content=\"2026-04-17T14:51:49+00:00\" \/>\n<meta property=\"og:image\" content=\"https:\/\/luxurycandlesupplies.eu\/app\/uploads\/2021\/09\/Ontwerp-zonder-titel-1.png\" \/>\n\t<meta property=\"og:image:width\" content=\"1080\" \/>\n\t<meta property=\"og:image:height\" content=\"1080\" \/>\n\t<meta property=\"og:image:type\" content=\"image\/png\" \/>\n<meta name=\"twitter:card\" content=\"summary_large_image\" \/>\n<meta name=\"twitter:label1\" content=\"Gesch\u00e4tzte Lesezeit\" \/>\n\t<meta name=\"twitter:data1\" content=\"3 minutes\" \/>\n<script type=\"application\/ld+json\" class=\"yoast-schema-graph\">{\"@context\":\"https:\\\/\\\/schema.org\",\"@graph\":[{\"@type\":\"WebPage\",\"@id\":\"https:\\\/\\\/luxurycandlesupplies.eu\\\/product\\\/mulled-wine-cinnamon\\\/\",\"url\":\"https:\\\/\\\/luxurycandlesupplies.eu\\\/product\\\/mulled-wine-cinnamon\\\/\",\"name\":\"Mulled Wine & Cinnamon - Antwerp Luxury Candle Supplies\",\"isPartOf\":{\"@id\":\"https:\\\/\\\/luxurycandlesupplies.eu\\\/#website\"},\"primaryImageOfPage\":{\"@id\":\"https:\\\/\\\/luxurycandlesupplies.eu\\\/product\\\/mulled-wine-cinnamon\\\/#primaryimage\"},\"image\":{\"@id\":\"https:\\\/\\\/luxurycandlesupplies.eu\\\/product\\\/mulled-wine-cinnamon\\\/#primaryimage\"},\"thumbnailUrl\":\"https:\\\/\\\/luxurycandlesupplies.eu\\\/app\\\/uploads\\\/2021\\\/09\\\/Ontwerp-zonder-titel-1.png\",\"datePublished\":\"2021-09-29T16:57:37+00:00\",\"dateModified\":\"2026-04-17T14:51:49+00:00\",\"breadcrumb\":{\"@id\":\"https:\\\/\\\/luxurycandlesupplies.eu\\\/product\\\/mulled-wine-cinnamon\\\/#breadcrumb\"},\"inLanguage\":\"de-DE\",\"potentialAction\":[{\"@type\":\"ReadAction\",\"target\":[\"https:\\\/\\\/luxurycandlesupplies.eu\\\/product\\\/mulled-wine-cinnamon\\\/\"]}]},{\"@type\":\"ImageObject\",\"inLanguage\":\"de-DE\",\"@id\":\"https:\\\/\\\/luxurycandlesupplies.eu\\\/product\\\/mulled-wine-cinnamon\\\/#primaryimage\",\"url\":\"https:\\\/\\\/luxurycandlesupplies.eu\\\/app\\\/uploads\\\/2021\\\/09\\\/Ontwerp-zonder-titel-1.png\",\"contentUrl\":\"https:\\\/\\\/luxurycandlesupplies.eu\\\/app\\\/uploads\\\/2021\\\/09\\\/Ontwerp-zonder-titel-1.png\",\"width\":1080,\"height\":1080},{\"@type\":\"BreadcrumbList\",\"@id\":\"https:\\\/\\\/luxurycandlesupplies.eu\\\/product\\\/mulled-wine-cinnamon\\\/#breadcrumb\",\"itemListElement\":[{\"@type\":\"ListItem\",\"position\":1,\"name\":\"Home\",\"item\":\"https:\\\/\\\/luxurycandlesupplies.eu\\\/\"},{\"@type\":\"ListItem\",\"position\":2,\"name\":\"Shop\",\"item\":\"https:\\\/\\\/luxurycandlesupplies.eu\\\/shop\\\/\"},{\"@type\":\"ListItem\",\"position\":3,\"name\":\"Mulled Wine &#038; Cinnamon\"}]},{\"@type\":\"WebSite\",\"@id\":\"https:\\\/\\\/luxurycandlesupplies.eu\\\/#website\",\"url\":\"https:\\\/\\\/luxurycandlesupplies.eu\\\/\",\"name\":\"Antwerp Luxury Candle Supplies\",\"description\":\"Distributor of all seasons soy wax\",\"publisher\":{\"@id\":\"https:\\\/\\\/luxurycandlesupplies.eu\\\/#organization\"},\"potentialAction\":[{\"@type\":\"SearchAction\",\"target\":{\"@type\":\"EntryPoint\",\"urlTemplate\":\"https:\\\/\\\/luxurycandlesupplies.eu\\\/?s={search_term_string}\"},\"query-input\":{\"@type\":\"PropertyValueSpecification\",\"valueRequired\":true,\"valueName\":\"search_term_string\"}}],\"inLanguage\":\"de-DE\"},{\"@type\":\"Organization\",\"@id\":\"https:\\\/\\\/luxurycandlesupplies.eu\\\/#organization\",\"name\":\"Antwerp Luxury Candle Supplies\",\"url\":\"https:\\\/\\\/luxurycandlesupplies.eu\\\/\",\"logo\":{\"@type\":\"ImageObject\",\"inLanguage\":\"de-DE\",\"@id\":\"https:\\\/\\\/luxurycandlesupplies.eu\\\/#\\\/schema\\\/logo\\\/image\\\/\",\"url\":\"https:\\\/\\\/luxurycandlesupplies.eu\\\/app\\\/uploads\\\/2022\\\/03\\\/antwerp-luxury-candle-supplies-1x.png\",\"contentUrl\":\"https:\\\/\\\/luxurycandlesupplies.eu\\\/app\\\/uploads\\\/2022\\\/03\\\/antwerp-luxury-candle-supplies-1x.png\",\"width\":330,\"height\":60,\"caption\":\"Antwerp Luxury Candle Supplies\"},\"image\":{\"@id\":\"https:\\\/\\\/luxurycandlesupplies.eu\\\/#\\\/schema\\\/logo\\\/image\\\/\"},\"sameAs\":[\"https:\\\/\\\/www.facebook.com\\\/Antwerpluxurycandlesupplies\\\/\",\"https:\\\/\\\/www.instagram.com\\\/antwerp_luxury_candle_supplies\\\/\",\"https:\\\/\\\/pin.it\\\/7joOXRW\"]}]}<\/script>","yoast_head_json":{"title":"Gl\u00fchwein &amp; Zimt - Antwerp Luxury Candle Supplies","robots":{"index":"index","follow":"follow","max-snippet":"max-snippet:-1","max-image-preview":"max-image-preview:large","max-video-preview":"max-video-preview:-1"},"canonical":"https:\/\/luxurycandlesupplies.eu\/de\/produkt\/gluhwein-zimt\/","og_locale":"de_DE","og_type":"article","og_title":"Mulled Wine & Cinnamon - Antwerp Luxury Candle Supplies","og_description":"DESCRIPTION &nbsp; MULLED WINE &amp; CINNAMON &nbsp; A warm and cosy fragrance that will make you dream about sitting in front of a fire on a cold winter&#8217;s night. Fragrance your Christmas holidays! &nbsp; Top notes: cinnamon &amp; dry fruits Middle notes: rose &amp; clove buds Base notes: vetiver &amp; mulled wine &nbsp; OUR RECOMMENDATION [&hellip;]","og_url":"https:\/\/luxurycandlesupplies.eu\/de\/produkt\/gluhwein-zimt\/","og_site_name":"Antwerp Luxury Candle Supplies","article_publisher":"https:\/\/www.facebook.com\/Antwerpluxurycandlesupplies\/","article_modified_time":"2026-04-17T14:51:49+00:00","og_image":[{"width":1080,"height":1080,"url":"https:\/\/luxurycandlesupplies.eu\/app\/uploads\/2021\/09\/Ontwerp-zonder-titel-1.png","type":"image\/png"}],"twitter_card":"summary_large_image","twitter_misc":{"Gesch\u00e4tzte Lesezeit":"3 minutes"},"schema":{"@context":"https:\/\/schema.org","@graph":[{"@type":"WebPage","@id":"https:\/\/luxurycandlesupplies.eu\/product\/mulled-wine-cinnamon\/","url":"https:\/\/luxurycandlesupplies.eu\/product\/mulled-wine-cinnamon\/","name":"Gl\u00fchwein &amp; Zimt - Antwerp Luxury Candle Supplies","isPartOf":{"@id":"https:\/\/luxurycandlesupplies.eu\/#website"},"primaryImageOfPage":{"@id":"https:\/\/luxurycandlesupplies.eu\/product\/mulled-wine-cinnamon\/#primaryimage"},"image":{"@id":"https:\/\/luxurycandlesupplies.eu\/product\/mulled-wine-cinnamon\/#primaryimage"},"thumbnailUrl":"https:\/\/luxurycandlesupplies.eu\/app\/uploads\/2021\/09\/Ontwerp-zonder-titel-1.png","datePublished":"2021-09-29T16:57:37+00:00","dateModified":"2026-04-17T14:51:49+00:00","breadcrumb":{"@id":"https:\/\/luxurycandlesupplies.eu\/product\/mulled-wine-cinnamon\/#breadcrumb"},"inLanguage":"de-DE","potentialAction":[{"@type":"ReadAction","target":["https:\/\/luxurycandlesupplies.eu\/product\/mulled-wine-cinnamon\/"]}]},{"@type":"ImageObject","inLanguage":"de-DE","@id":"https:\/\/luxurycandlesupplies.eu\/product\/mulled-wine-cinnamon\/#primaryimage","url":"https:\/\/luxurycandlesupplies.eu\/app\/uploads\/2021\/09\/Ontwerp-zonder-titel-1.png","contentUrl":"https:\/\/luxurycandlesupplies.eu\/app\/uploads\/2021\/09\/Ontwerp-zonder-titel-1.png","width":1080,"height":1080},{"@type":"BreadcrumbList","@id":"https:\/\/luxurycandlesupplies.eu\/product\/mulled-wine-cinnamon\/#breadcrumb","itemListElement":[{"@type":"ListItem","position":1,"name":"Home","item":"https:\/\/luxurycandlesupplies.eu\/"},{"@type":"ListItem","position":2,"name":"Shop","item":"https:\/\/luxurycandlesupplies.eu\/shop\/"},{"@type":"ListItem","position":3,"name":"Mulled Wine &#038; Cinnamon"}]},{"@type":"WebSite","@id":"https:\/\/luxurycandlesupplies.eu\/#website","url":"https:\/\/luxurycandlesupplies.eu\/","name":"Antwerpener Luxus-Kerzen-Bedarf","description":"Vertreiber von Sojawachs f\u00fcr alle Jahreszeiten","publisher":{"@id":"https:\/\/luxurycandlesupplies.eu\/#organization"},"potentialAction":[{"@type":"SearchAction","target":{"@type":"EntryPoint","urlTemplate":"https:\/\/luxurycandlesupplies.eu\/?s={search_term_string}"},"query-input":{"@type":"PropertyValueSpecification","valueRequired":true,"valueName":"search_term_string"}}],"inLanguage":"de-DE"},{"@type":"Organization","@id":"https:\/\/luxurycandlesupplies.eu\/#organization","name":"Antwerpener Luxus-Kerzen-Bedarf","url":"https:\/\/luxurycandlesupplies.eu\/","logo":{"@type":"ImageObject","inLanguage":"de-DE","@id":"https:\/\/luxurycandlesupplies.eu\/#\/schema\/logo\/image\/","url":"https:\/\/luxurycandlesupplies.eu\/app\/uploads\/2022\/03\/antwerp-luxury-candle-supplies-1x.png","contentUrl":"https:\/\/luxurycandlesupplies.eu\/app\/uploads\/2022\/03\/antwerp-luxury-candle-supplies-1x.png","width":330,"height":60,"caption":"Antwerp Luxury Candle Supplies"},"image":{"@id":"https:\/\/luxurycandlesupplies.eu\/#\/schema\/logo\/image\/"},"sameAs":["https:\/\/www.facebook.com\/Antwerpluxurycandlesupplies\/","https:\/\/www.instagram.com\/antwerp_luxury_candle_supplies\/","https:\/\/pin.it\/7joOXRW"]}]}},"_links":{"self":[{"href":"https:\/\/luxurycandlesupplies.eu\/de\/wp-json\/wp\/v2\/product\/629","targetHints":{"allow":["GET"]}}],"collection":[{"href":"https:\/\/luxurycandlesupplies.eu\/de\/wp-json\/wp\/v2\/product"}],"about":[{"href":"https:\/\/luxurycandlesupplies.eu\/de\/wp-json\/wp\/v2\/types\/product"}],"wp:featuredmedia":[{"embeddable":true,"href":"https:\/\/luxurycandlesupplies.eu\/de\/wp-json\/wp\/v2\/media\/18404"}],"wp:attachment":[{"href":"https:\/\/luxurycandlesupplies.eu\/de\/wp-json\/wp\/v2\/media?parent=629"}],"wp:term":[{"taxonomy":"product_brand","embeddable":true,"href":"https:\/\/luxurycandlesupplies.eu\/de\/wp-json\/wp\/v2\/product_brand?post=629"},{"taxonomy":"product_cat","embeddable":true,"href":"https:\/\/luxurycandlesupplies.eu\/de\/wp-json\/wp\/v2\/product_cat?post=629"},{"taxonomy":"product_tag","embeddable":true,"href":"https:\/\/luxurycandlesupplies.eu\/de\/wp-json\/wp\/v2\/product_tag?post=629"}],"curies":[{"name":"wp","href":"https:\/\/api.w.org\/{rel}","templated":true}]}}