{"id":86,"date":"2021-07-01T11:17:54","date_gmt":"2021-07-01T09:17:54","guid":{"rendered":"https:\/\/luxurycandlesupplies.eu\/?post_type=product&#038;p=86"},"modified":"2026-03-19T15:51:10","modified_gmt":"2026-03-19T14:51:10","slug":"m12-ultimative-soja-15kg","status":"publish","type":"product","link":"https:\/\/luxurycandlesupplies.eu\/de\/product\/m12-ultimate-soy-15kg\/","title":{"rendered":"M12 Ultimate Soja - 15kg"},"content":{"rendered":"<h2>BESCHREIBUNG<\/h2>\n<hr \/>\n<div><\/div>\n<p>&nbsp;<\/p>\n<h3>M12 Ultimative Soja-Wachsl\u00f6sung<\/h3>\n<p>&nbsp;<\/p>\n<p>Bei All Seasons Wax Company haben wir uns vor 18 Monaten auf den Weg gemacht, um unseren Kunden und der Branche die besten Optionen f\u00fcr Ausr\u00fcster zu bieten.<\/p>\n<p>Egal ob Sie Hobby- oder Profi-Kerzenmacher sind, wir haben das perfekte Wachs f\u00fcr Sie.<\/p>\n<p><strong>Die ultimative Sojawachsl\u00f6sung von M12\u00a0<\/strong>spiegelt seinen Namen perfekt wider. M12 wurde in einem langen Forschungs-, Test- und Entwicklungsprozess mit unserem Analyselabor und Produktionsteam formuliert und ist der ultimative MST-Wachszusatz, der mit unserem A05 Superior CocoSoy gemischt wird, um den Benutzern die beste und einfachste Erfahrung bei der Kerzenherstellung zu bieten.<\/p>\n<p>Die M12 Ultimate Soy Wax Solution verf\u00fcgt \u00fcber folgende Eigenschaften:<\/p>\n<ul>\n<li>Einfach und bequem zu bedienen<\/li>\n<li>\"1 Gusswachs\" mit gro\u00dfartiger Aush\u00e4rtung und R\u00fcckstellung nach dem Brennen<\/li>\n<li>Sehr widerstandsf\u00e4hig unter w\u00e4rmeren Bedingungen<\/li>\n<li>Stark unter UV-Licht<\/li>\n<\/ul>\n<p>Bitte beachten Sie, dass dieses Wachs aufgrund des weichen Aufbaus und der Eigenschaften des M12 nur in einem massiven Blockformat erh\u00e4ltlich ist.<\/p>\n<p>&nbsp;<\/p>\n<h3>TESTING<\/h3>\n<hr \/>\n<div><\/div>\n<p>Die Magie der Kerzenherstellung liegt in Ihren eigenen Versuchen.<br \/>\nUm herauszufinden, welche Mischungen, Dochte, Gl\u00e4ser, Temperaturen, Prozents\u00e4tze und D\u00fcfte f\u00fcr Sie die besten Ergebnisse liefern, empfehlen wir Ihnen, viele verschiedene Tests und Versuche durchzuf\u00fchren, um Ihre perfekte Fertigkerze zu finden.<\/p>\n<p><a href=\"https:\/\/luxurycandlesupplies.eu\/de\/candle-testing-sheet\/\" target=\"_blank\" rel=\"noopener\">Klicken Sie hier, um Ihr kostenloses Arbeitsblatt f\u00fcr Kerzentests von All Seasons Wax Company herunterzuladen<\/a><\/p>\n<p>&nbsp;<\/p>\n<h3>TECHNISCHE INFORMATIONEN<\/h3>\n<hr \/>\n<div><\/div>\n<p><strong>Empfohlener Heizbereich<\/strong>: Bereich der Heizung 75 - 85\u00b0C<br \/>\n<strong>Duft hinzuf\u00fcgen bei<\/strong>: Ca. 65\u00b0C<br \/>\n<strong>Empfohlener Ausgie\u00dfbereich<\/strong>: Gie\u00dfbereich 55-60\u00b0C<br \/>\n<strong>Vorgeschlagene maximale Duftstoffmenge<\/strong>6 - 8% - dies h\u00e4ngt von der St\u00e4rke des Duftes ab, so dass ein Test erforderlich ist.<\/p>\n<p><strong>Inhalt:<\/strong>\u00a0Besteht haupts\u00e4chlich aus A05 Superior Cocosoy - nat\u00fcrlichem Sojawachs und gemischtem Kokoswachs in Kombination mit dem MST Ultimate Wax Additive.<\/p>\n<p>Bitte beachten Sie, dass diese Angaben eine Empfehlung und keine Anleitung sind. Wenn Sie Schwierigkeiten haben, die gew\u00fcnschten Ergebnisse zu erzielen, empfehlen wir, verschiedene Duft\u00f6le bei unterschiedlichen Temperaturen zu testen.<\/p>\n<p>&nbsp;<\/p>\n<p><a href=\"https:\/\/allseasonswaxcompany.com.au\/s\/Safety-Data-Sheet-M12-Wax.pdf\">Laden Sie das Sicherheitsdatenblatt (SDS) herunter<\/a><br \/>\n<a href=\"https:\/\/allseasonswaxcompany.com.au\/s\/COA-All-Seasons-Wax-M12.pdf\">Download des Analysezertifikats (COA)<\/a><\/p>\n<p>&nbsp;<\/p>\n<h3>UNSERE EMPFEHLUNG<\/h3>\n<hr \/>\n<div><\/div>\n<p>Wir empfehlen Ihnen, die Gie\u00dfbedingungen f\u00fcr Ihre Kerzen besonders sorgf\u00e4ltig vorzubereiten und immer einen Test unter diesen Bedingungen durchzuf\u00fchren, bevor Sie eine Ihrer Kerzenserien in Serie produzieren.<\/p>\n<p>Bitte beachten Sie, dass alle oben genannten Empfehlungen auf unseren eigenen Tests und den Ergebnissen unseres Labors beruhen. F\u00fcr genaue Ergebnisse sind Ihre eigenen Tests unerl\u00e4sslich.<\/p>\n<p>&nbsp;<\/p>\n<p>&nbsp;<\/p>\n<blockquote><p>Dieses Wachs ist vegan, enth\u00e4lt keine tierischen Nebenprodukte, stammt aus nachhaltiger Produktion und ist frei von Tierqu\u00e4lerei.<\/p>\n<p><img decoding=\"async\" class=\"alignnone wp-image-71\" src=\"https:\/\/luxurycandlesupplies.eu\/app\/uploads\/2021\/06\/Knipsel.jpg\" alt=\"\" width=\"80\" height=\"44\" \/><\/p><\/blockquote>","protected":false},"excerpt":{"rendered":"<p><strong>Die ultimative Sojawachsl\u00f6sung von M12\u00a0<\/strong>spiegelt seinen Namen perfekt wider. M12 wurde in einem langen Forschungs-, Test- und Entwicklungsprozess mit unserem Analyselabor und Produktionsteam formuliert und ist der ultimative MST-Wachszusatz, der mit unserem A05 Superior CocoSoy gemischt wird, um den Benutzern die beste und einfachste Erfahrung bei der Kerzenherstellung zu bieten.<\/p>\n<p>Die M12 Ultimate Soy Wax Solution verf\u00fcgt \u00fcber folgende Eigenschaften:<\/p>\n<ul>\n<li>Einfach und bequem zu bedienen<\/li>\n<li>\"1 Gusswachs\" mit gro\u00dfartiger Aush\u00e4rtung und R\u00fcckstellung nach dem Brennen<\/li>\n<li>Sehr widerstandsf\u00e4hig unter w\u00e4rmeren Bedingungen<\/li>\n<li>Stark unter UV-Licht<\/li>\n<\/ul>\n<p>Bitte beachten Sie, dass dieses Wachs aufgrund des weichen Aufbaus und der Eigenschaften des M12 nur in einem massiven Blockformat erh\u00e4ltlich ist.<\/p>\n<blockquote><p>Dieses Wachs ist vegan, enth\u00e4lt keine tierischen Nebenprodukte, stammt aus nachhaltiger Produktion und ist frei von Tierqu\u00e4lerei.<\/p>\n<p><img decoding=\"async\" class=\"alignnone wp-image-71\" src=\"https:\/\/luxurycandlesupplies.eu\/app\/uploads\/2021\/06\/Knipsel.jpg\" alt=\"\" width=\"80\" height=\"44\" \/><\/p><\/blockquote>","protected":false},"featured_media":138,"template":"","meta":{"_acf_changed":false,"site-sidebar-layout":"default","site-content-layout":"default","ast-site-content-layout":"default","site-content-style":"default","site-sidebar-style":"default","ast-global-header-display":"","ast-banner-title-visibility":"","ast-main-header-display":"","ast-hfb-above-header-display":"","ast-hfb-below-header-display":"","ast-hfb-mobile-header-display":"","site-post-title":"","ast-breadcrumbs-content":"","ast-featured-img":"","footer-sml-layout":"","ast-disable-related-posts":"","theme-transparent-header-meta":"default","adv-header-id-meta":"","stick-header-meta":"","header-above-stick-meta":"","header-main-stick-meta":"","header-below-stick-meta":"","astra-migrate-meta-layouts":"set","ast-page-background-enabled":"default","ast-page-background-meta":{"desktop":{"background-color":"","background-image":"","background-repeat":"repeat","background-position":"center center","background-size":"auto","background-attachment":"scroll","background-type":"","background-media":"","overlay-type":"","overlay-color":"","overlay-opacity":"","overlay-gradient":""},"tablet":{"background-color":"","background-image":"","background-repeat":"repeat","background-position":"center center","background-size":"auto","background-attachment":"scroll","background-type":"","background-media":"","overlay-type":"","overlay-color":"","overlay-opacity":"","overlay-gradient":""},"mobile":{"background-color":"","background-image":"","background-repeat":"repeat","background-position":"center center","background-size":"auto","background-attachment":"scroll","background-type":"","background-media":"","overlay-type":"","overlay-color":"","overlay-opacity":"","overlay-gradient":""}},"ast-content-background-meta":{"desktop":{"background-color":"var(--ast-global-color-5)","background-image":"","background-repeat":"repeat","background-position":"center center","background-size":"auto","background-attachment":"scroll","background-type":"","background-media":"","overlay-type":"","overlay-color":"","overlay-opacity":"","overlay-gradient":""},"tablet":{"background-color":"var(--ast-global-color-5)","background-image":"","background-repeat":"repeat","background-position":"center center","background-size":"auto","background-attachment":"scroll","background-type":"","background-media":"","overlay-type":"","overlay-color":"","overlay-opacity":"","overlay-gradient":""},"mobile":{"background-color":"var(--ast-global-color-5)","background-image":"","background-repeat":"repeat","background-position":"center center","background-size":"auto","background-attachment":"scroll","background-type":"","background-media":"","overlay-type":"","overlay-color":"","overlay-opacity":"","overlay-gradient":""}}},"product_brand":[],"product_cat":[17,47],"product_tag":[19,31,20,27,22],"class_list":{"0":"post-86","1":"product","2":"type-product","3":"status-publish","4":"has-post-thumbnail","6":"product_cat-wax","7":"product_cat-m12-ultimate-soy","8":"product_tag-all-seasons-wax","9":"product_tag-m12-wax","10":"product_tag-soy-wax","11":"product_tag-vegan-wax","12":"product_tag-wax","13":"product_shipping_class-pallet-if-24plus","14":"desktop-align-left","15":"tablet-align-left","16":"mobile-align-left","17":"ast-product-gallery-layout-horizontal-slider","18":"ast-product-gallery-with-no-image","19":"ast-product-tabs-layout-horizontal","21":"first","22":"outofstock","23":"taxable","24":"shipping-taxable","25":"purchasable","26":"product-type-simple"},"acf":[],"yoast_head":"<title>M12 Ultimate Soy - 15kg - Antwerp Luxury Candle Supplies<\/title>\n<meta name=\"robots\" content=\"index, follow, max-snippet:-1, max-image-preview:large, max-video-preview:-1\" \/>\n<link rel=\"canonical\" href=\"https:\/\/luxurycandlesupplies.eu\/de\/produkt\/m12-ultimative-soja-15kg\/\" \/>\n<meta property=\"og:locale\" content=\"de_DE\" \/>\n<meta property=\"og:type\" content=\"article\" \/>\n<meta property=\"og:title\" content=\"M12 Ultimate Soy - 15kg - Antwerp Luxury Candle Supplies\" \/>\n<meta property=\"og:description\" content=\"The M12 Ultimate Soy Wax Solution\u00a0is a perfect reflection of its name. Formulated through a long process of research, testing and development with our analytical laboratory and manufacturing team the M12 is the MST Ultimate Wax Additive blended with our A05 Superior CocoSoy to give users the best and easiest experience in candle making.  The M12 Ultimate Soy Wax Solution features:   Simple to and convenient to use  \u201c1 pour wax\u201d with great set and reset after burn  Very resilient in warmer conditions  Strong under UV lights  Please note, due to the soft build and characteristics of the M12, this wax is only available in a solid block format. This wax is vegan, does not contain any animal bi-products, is sustainbly sourced and cruelty free.\" \/>\n<meta property=\"og:url\" content=\"https:\/\/luxurycandlesupplies.eu\/de\/produkt\/m12-ultimative-soja-15kg\/\" \/>\n<meta property=\"og:site_name\" content=\"Antwerp Luxury Candle Supplies\" \/>\n<meta property=\"article:publisher\" content=\"https:\/\/www.facebook.com\/Antwerpluxurycandlesupplies\/\" \/>\n<meta property=\"article:modified_time\" content=\"2026-03-19T14:51:10+00:00\" \/>\n<meta property=\"og:image\" content=\"https:\/\/luxurycandlesupplies.eu\/app\/uploads\/2021\/07\/m12BOX.jpg\" \/>\n\t<meta property=\"og:image:width\" content=\"300\" \/>\n\t<meta property=\"og:image:height\" content=\"225\" \/>\n\t<meta property=\"og:image:type\" content=\"image\/jpeg\" \/>\n<meta name=\"twitter:card\" content=\"summary_large_image\" \/>\n<meta name=\"twitter:label1\" content=\"Gesch\u00e4tzte Lesezeit\" \/>\n\t<meta name=\"twitter:data1\" content=\"2 minutes\" \/>\n<script type=\"application\/ld+json\" class=\"yoast-schema-graph\">{\"@context\":\"https:\\\/\\\/schema.org\",\"@graph\":[{\"@type\":\"WebPage\",\"@id\":\"https:\\\/\\\/luxurycandlesupplies.eu\\\/product\\\/m12-ultimate-soy-15kg\\\/\",\"url\":\"https:\\\/\\\/luxurycandlesupplies.eu\\\/product\\\/m12-ultimate-soy-15kg\\\/\",\"name\":\"M12 Ultimate Soy - 15kg - Antwerp Luxury Candle Supplies\",\"isPartOf\":{\"@id\":\"https:\\\/\\\/luxurycandlesupplies.eu\\\/#website\"},\"primaryImageOfPage\":{\"@id\":\"https:\\\/\\\/luxurycandlesupplies.eu\\\/product\\\/m12-ultimate-soy-15kg\\\/#primaryimage\"},\"image\":{\"@id\":\"https:\\\/\\\/luxurycandlesupplies.eu\\\/product\\\/m12-ultimate-soy-15kg\\\/#primaryimage\"},\"thumbnailUrl\":\"https:\\\/\\\/luxurycandlesupplies.eu\\\/app\\\/uploads\\\/2021\\\/07\\\/m12BOX.jpg\",\"datePublished\":\"2021-07-01T09:17:54+00:00\",\"dateModified\":\"2026-03-19T14:51:10+00:00\",\"breadcrumb\":{\"@id\":\"https:\\\/\\\/luxurycandlesupplies.eu\\\/product\\\/m12-ultimate-soy-15kg\\\/#breadcrumb\"},\"inLanguage\":\"de-DE\",\"potentialAction\":[{\"@type\":\"ReadAction\",\"target\":[\"https:\\\/\\\/luxurycandlesupplies.eu\\\/product\\\/m12-ultimate-soy-15kg\\\/\"]}]},{\"@type\":\"ImageObject\",\"inLanguage\":\"de-DE\",\"@id\":\"https:\\\/\\\/luxurycandlesupplies.eu\\\/product\\\/m12-ultimate-soy-15kg\\\/#primaryimage\",\"url\":\"https:\\\/\\\/luxurycandlesupplies.eu\\\/app\\\/uploads\\\/2021\\\/07\\\/m12BOX.jpg\",\"contentUrl\":\"https:\\\/\\\/luxurycandlesupplies.eu\\\/app\\\/uploads\\\/2021\\\/07\\\/m12BOX.jpg\",\"width\":300,\"height\":225},{\"@type\":\"BreadcrumbList\",\"@id\":\"https:\\\/\\\/luxurycandlesupplies.eu\\\/product\\\/m12-ultimate-soy-15kg\\\/#breadcrumb\",\"itemListElement\":[{\"@type\":\"ListItem\",\"position\":1,\"name\":\"Home\",\"item\":\"https:\\\/\\\/luxurycandlesupplies.eu\\\/\"},{\"@type\":\"ListItem\",\"position\":2,\"name\":\"Shop\",\"item\":\"https:\\\/\\\/luxurycandlesupplies.eu\\\/shop\\\/\"},{\"@type\":\"ListItem\",\"position\":3,\"name\":\"M12 Ultimate Soy &#8211; 15kg\"}]},{\"@type\":\"WebSite\",\"@id\":\"https:\\\/\\\/luxurycandlesupplies.eu\\\/#website\",\"url\":\"https:\\\/\\\/luxurycandlesupplies.eu\\\/\",\"name\":\"Antwerp Luxury Candle Supplies\",\"description\":\"Distributor of all seasons soy wax\",\"publisher\":{\"@id\":\"https:\\\/\\\/luxurycandlesupplies.eu\\\/#organization\"},\"potentialAction\":[{\"@type\":\"SearchAction\",\"target\":{\"@type\":\"EntryPoint\",\"urlTemplate\":\"https:\\\/\\\/luxurycandlesupplies.eu\\\/?s={search_term_string}\"},\"query-input\":{\"@type\":\"PropertyValueSpecification\",\"valueRequired\":true,\"valueName\":\"search_term_string\"}}],\"inLanguage\":\"de-DE\"},{\"@type\":\"Organization\",\"@id\":\"https:\\\/\\\/luxurycandlesupplies.eu\\\/#organization\",\"name\":\"Antwerp Luxury Candle Supplies\",\"url\":\"https:\\\/\\\/luxurycandlesupplies.eu\\\/\",\"logo\":{\"@type\":\"ImageObject\",\"inLanguage\":\"de-DE\",\"@id\":\"https:\\\/\\\/luxurycandlesupplies.eu\\\/#\\\/schema\\\/logo\\\/image\\\/\",\"url\":\"https:\\\/\\\/luxurycandlesupplies.eu\\\/app\\\/uploads\\\/2022\\\/03\\\/antwerp-luxury-candle-supplies-1x.png\",\"contentUrl\":\"https:\\\/\\\/luxurycandlesupplies.eu\\\/app\\\/uploads\\\/2022\\\/03\\\/antwerp-luxury-candle-supplies-1x.png\",\"width\":330,\"height\":60,\"caption\":\"Antwerp Luxury Candle Supplies\"},\"image\":{\"@id\":\"https:\\\/\\\/luxurycandlesupplies.eu\\\/#\\\/schema\\\/logo\\\/image\\\/\"},\"sameAs\":[\"https:\\\/\\\/www.facebook.com\\\/Antwerpluxurycandlesupplies\\\/\",\"https:\\\/\\\/www.instagram.com\\\/antwerp_luxury_candle_supplies\\\/\",\"https:\\\/\\\/pin.it\\\/7joOXRW\"]}]}<\/script>","yoast_head_json":{"title":"M12 Ultimate Soja - 15kg - Antwerpener Luxuskerzenbedarf","robots":{"index":"index","follow":"follow","max-snippet":"max-snippet:-1","max-image-preview":"max-image-preview:large","max-video-preview":"max-video-preview:-1"},"canonical":"https:\/\/luxurycandlesupplies.eu\/de\/produkt\/m12-ultimative-soja-15kg\/","og_locale":"de_DE","og_type":"article","og_title":"M12 Ultimate Soy - 15kg - Antwerp Luxury Candle Supplies","og_description":"The M12 Ultimate Soy Wax Solution\u00a0is a perfect reflection of its name. Formulated through a long process of research, testing and development with our analytical laboratory and manufacturing team the M12 is the MST Ultimate Wax Additive blended with our A05 Superior CocoSoy to give users the best and easiest experience in candle making.  The M12 Ultimate Soy Wax Solution features:   Simple to and convenient to use  \u201c1 pour wax\u201d with great set and reset after burn  Very resilient in warmer conditions  Strong under UV lights  Please note, due to the soft build and characteristics of the M12, this wax is only available in a solid block format. This wax is vegan, does not contain any animal bi-products, is sustainbly sourced and cruelty free.","og_url":"https:\/\/luxurycandlesupplies.eu\/de\/produkt\/m12-ultimative-soja-15kg\/","og_site_name":"Antwerp Luxury Candle Supplies","article_publisher":"https:\/\/www.facebook.com\/Antwerpluxurycandlesupplies\/","article_modified_time":"2026-03-19T14:51:10+00:00","og_image":[{"width":300,"height":225,"url":"https:\/\/luxurycandlesupplies.eu\/app\/uploads\/2021\/07\/m12BOX.jpg","type":"image\/jpeg"}],"twitter_card":"summary_large_image","twitter_misc":{"Gesch\u00e4tzte Lesezeit":"2 minutes"},"schema":{"@context":"https:\/\/schema.org","@graph":[{"@type":"WebPage","@id":"https:\/\/luxurycandlesupplies.eu\/product\/m12-ultimate-soy-15kg\/","url":"https:\/\/luxurycandlesupplies.eu\/product\/m12-ultimate-soy-15kg\/","name":"M12 Ultimate Soja - 15kg - Antwerpener Luxuskerzenbedarf","isPartOf":{"@id":"https:\/\/luxurycandlesupplies.eu\/#website"},"primaryImageOfPage":{"@id":"https:\/\/luxurycandlesupplies.eu\/product\/m12-ultimate-soy-15kg\/#primaryimage"},"image":{"@id":"https:\/\/luxurycandlesupplies.eu\/product\/m12-ultimate-soy-15kg\/#primaryimage"},"thumbnailUrl":"https:\/\/luxurycandlesupplies.eu\/app\/uploads\/2021\/07\/m12BOX.jpg","datePublished":"2021-07-01T09:17:54+00:00","dateModified":"2026-03-19T14:51:10+00:00","breadcrumb":{"@id":"https:\/\/luxurycandlesupplies.eu\/product\/m12-ultimate-soy-15kg\/#breadcrumb"},"inLanguage":"de-DE","potentialAction":[{"@type":"ReadAction","target":["https:\/\/luxurycandlesupplies.eu\/product\/m12-ultimate-soy-15kg\/"]}]},{"@type":"ImageObject","inLanguage":"de-DE","@id":"https:\/\/luxurycandlesupplies.eu\/product\/m12-ultimate-soy-15kg\/#primaryimage","url":"https:\/\/luxurycandlesupplies.eu\/app\/uploads\/2021\/07\/m12BOX.jpg","contentUrl":"https:\/\/luxurycandlesupplies.eu\/app\/uploads\/2021\/07\/m12BOX.jpg","width":300,"height":225},{"@type":"BreadcrumbList","@id":"https:\/\/luxurycandlesupplies.eu\/product\/m12-ultimate-soy-15kg\/#breadcrumb","itemListElement":[{"@type":"ListItem","position":1,"name":"Home","item":"https:\/\/luxurycandlesupplies.eu\/"},{"@type":"ListItem","position":2,"name":"Shop","item":"https:\/\/luxurycandlesupplies.eu\/shop\/"},{"@type":"ListItem","position":3,"name":"M12 Ultimate Soy &#8211; 15kg"}]},{"@type":"WebSite","@id":"https:\/\/luxurycandlesupplies.eu\/#website","url":"https:\/\/luxurycandlesupplies.eu\/","name":"Antwerpener Luxus-Kerzen-Bedarf","description":"Vertreiber von Sojawachs f\u00fcr alle Jahreszeiten","publisher":{"@id":"https:\/\/luxurycandlesupplies.eu\/#organization"},"potentialAction":[{"@type":"SearchAction","target":{"@type":"EntryPoint","urlTemplate":"https:\/\/luxurycandlesupplies.eu\/?s={search_term_string}"},"query-input":{"@type":"PropertyValueSpecification","valueRequired":true,"valueName":"search_term_string"}}],"inLanguage":"de-DE"},{"@type":"Organization","@id":"https:\/\/luxurycandlesupplies.eu\/#organization","name":"Antwerpener Luxus-Kerzen-Bedarf","url":"https:\/\/luxurycandlesupplies.eu\/","logo":{"@type":"ImageObject","inLanguage":"de-DE","@id":"https:\/\/luxurycandlesupplies.eu\/#\/schema\/logo\/image\/","url":"https:\/\/luxurycandlesupplies.eu\/app\/uploads\/2022\/03\/antwerp-luxury-candle-supplies-1x.png","contentUrl":"https:\/\/luxurycandlesupplies.eu\/app\/uploads\/2022\/03\/antwerp-luxury-candle-supplies-1x.png","width":330,"height":60,"caption":"Antwerp Luxury Candle Supplies"},"image":{"@id":"https:\/\/luxurycandlesupplies.eu\/#\/schema\/logo\/image\/"},"sameAs":["https:\/\/www.facebook.com\/Antwerpluxurycandlesupplies\/","https:\/\/www.instagram.com\/antwerp_luxury_candle_supplies\/","https:\/\/pin.it\/7joOXRW"]}]}},"_links":{"self":[{"href":"https:\/\/luxurycandlesupplies.eu\/de\/wp-json\/wp\/v2\/product\/86","targetHints":{"allow":["GET"]}}],"collection":[{"href":"https:\/\/luxurycandlesupplies.eu\/de\/wp-json\/wp\/v2\/product"}],"about":[{"href":"https:\/\/luxurycandlesupplies.eu\/de\/wp-json\/wp\/v2\/types\/product"}],"wp:featuredmedia":[{"embeddable":true,"href":"https:\/\/luxurycandlesupplies.eu\/de\/wp-json\/wp\/v2\/media\/138"}],"wp:attachment":[{"href":"https:\/\/luxurycandlesupplies.eu\/de\/wp-json\/wp\/v2\/media?parent=86"}],"wp:term":[{"taxonomy":"product_brand","embeddable":true,"href":"https:\/\/luxurycandlesupplies.eu\/de\/wp-json\/wp\/v2\/product_brand?post=86"},{"taxonomy":"product_cat","embeddable":true,"href":"https:\/\/luxurycandlesupplies.eu\/de\/wp-json\/wp\/v2\/product_cat?post=86"},{"taxonomy":"product_tag","embeddable":true,"href":"https:\/\/luxurycandlesupplies.eu\/de\/wp-json\/wp\/v2\/product_tag?post=86"}],"curies":[{"name":"wp","href":"https:\/\/api.w.org\/{rel}","templated":true}]}}