{"id":1023,"date":"2022-01-21T17:34:03","date_gmt":"2022-01-21T16:34:03","guid":{"rendered":"https:\/\/luxurycandlesupplies.eu\/?post_type=product&#038;p=1023"},"modified":"2026-03-11T14:44:19","modified_gmt":"2026-03-11T13:44:19","slug":"bora-bora","status":"publish","type":"product","link":"https:\/\/luxurycandlesupplies.eu\/es\/product\/bora-bora\/","title":{"rendered":"Bora Bora - UFI exenta <7%"},"content":{"rendered":"<h3>DESCRIPCI\u00d3N<\/h3>\n<p>&nbsp;<\/p>\n<div><\/div>\n<h3><em><strong>Bora Bora<\/strong><\/em><\/h3>\n<p>&nbsp;<\/p>\n<p>Una fragancia tropical veraniega con notas de salida de azahar, lim\u00f3n y tiar\u00e9 con un coraz\u00f3n de jazm\u00edn e ylang sobre una base de almizcle suave y s\u00e1ndalo.<\/p>\n<p>&nbsp;<\/p>\n<p><strong>Notas altas:<\/strong> azahar : tiar\u00e9 : lim\u00f3n<br \/>\n<strong>Notas medias:<\/strong> jazm\u00edn : ylang<br \/>\n<strong>Notas de fondo:<\/strong> notas solares : s\u00e1ndalo : almizcle<\/p>\n<p>&nbsp;<\/p>\n<h3>NUESTRA RECOMENDACI\u00d3N<\/h3>\n<hr \/>\n<div>\n<p>El uso de aceites de fragancia depender\u00e1 del producto que est\u00e9 creando. Consulte la siguiente gu\u00eda para conocer las proporciones recomendadas para su producto.<\/p>\n<p>Tenga en cuenta que los valores indicados a continuaci\u00f3n son s\u00f3lo sugerencias. Recomendamos a los usuarios que realicen sus propias pruebas con las mezclas de cera y aceite previstas para obtener resultados \u00f3ptimos.<\/p>\n<p>Velas: 6-10%<br \/>\nWaxmelts: 10-12%<\/p>\n<p>&nbsp;<\/p>\n<\/div>\n<h2>INFORMACI\u00d3N SOBRE CLP Y SDS<\/h2>\n<hr \/>\n<p><a href=\"https:\/\/luxurycandlesupplies.eu\/app\/uploads\/2022\/01\/SDS-ALCS-BORA-BORA-ENG.docx\">SDS ALCS BORA BORA ENG<\/a><\/p>\n<p><a href=\"https:\/\/luxurycandlesupplies.eu\/app\/uploads\/2022\/01\/BORA-BORA-TDS.pdf\">BORA BORA - TDS<\/a><\/p>\n<p><a href=\"https:\/\/luxurycandlesupplies.eu\/app\/uploads\/2023\/10\/BORA-BORA-IFRA.pdf\">BORA BORA - IFRA<\/a><\/p>\n<p><a href=\"https:\/\/luxurycandlesupplies.eu\/app\/uploads\/2022\/01\/CLP-label-_-Bora-Bora-_-candle-7_Free-of-UFI.pdf\">Etiqueta CLP _ Bora Bora _ vela 7%_Free of UFI<\/a><\/p>\n<p>&nbsp;<\/p>\n<p>UFI: F300-N085-W005-G4WN<\/p>\n<p><img decoding=\"async\" class=\"alignnone wp-image-23490\" src=\"https:\/\/luxurycandlesupplies.eu\/app\/uploads\/2025\/07\/Danger-5-300x300.png\" alt=\"\" width=\"122\" height=\"122\" srcset=\"https:\/\/luxurycandlesupplies.eu\/app\/uploads\/2025\/07\/Danger-5-300x300.png 300w, https:\/\/luxurycandlesupplies.eu\/app\/uploads\/2025\/07\/Danger-5-1024x1024.png 1024w, https:\/\/luxurycandlesupplies.eu\/app\/uploads\/2025\/07\/Danger-5-150x150.png 150w, https:\/\/luxurycandlesupplies.eu\/app\/uploads\/2025\/07\/Danger-5-768x768.png 768w, https:\/\/luxurycandlesupplies.eu\/app\/uploads\/2025\/07\/Danger-5-12x12.png 12w, https:\/\/luxurycandlesupplies.eu\/app\/uploads\/2025\/07\/Danger-5-600x600.png 600w, https:\/\/luxurycandlesupplies.eu\/app\/uploads\/2025\/07\/Danger-5-100x100.png 100w, https:\/\/luxurycandlesupplies.eu\/app\/uploads\/2025\/07\/Danger-5.png 1080w\" sizes=\"(max-width: 122px) 100vw, 122px\" \/> <img decoding=\"async\" class=\"alignnone wp-image-23489\" src=\"https:\/\/luxurycandlesupplies.eu\/app\/uploads\/2025\/07\/Danger-4-300x300.png\" alt=\"\" width=\"122\" height=\"122\" srcset=\"https:\/\/luxurycandlesupplies.eu\/app\/uploads\/2025\/07\/Danger-4-300x300.png 300w, https:\/\/luxurycandlesupplies.eu\/app\/uploads\/2025\/07\/Danger-4-1024x1024.png 1024w, https:\/\/luxurycandlesupplies.eu\/app\/uploads\/2025\/07\/Danger-4-150x150.png 150w, https:\/\/luxurycandlesupplies.eu\/app\/uploads\/2025\/07\/Danger-4-768x768.png 768w, https:\/\/luxurycandlesupplies.eu\/app\/uploads\/2025\/07\/Danger-4-12x12.png 12w, https:\/\/luxurycandlesupplies.eu\/app\/uploads\/2025\/07\/Danger-4-600x600.png 600w, https:\/\/luxurycandlesupplies.eu\/app\/uploads\/2025\/07\/Danger-4-100x100.png 100w, https:\/\/luxurycandlesupplies.eu\/app\/uploads\/2025\/07\/Danger-4.png 1080w\" sizes=\"(max-width: 122px) 100vw, 122px\" \/> <img decoding=\"async\" class=\"alignnone wp-image-23488\" src=\"https:\/\/luxurycandlesupplies.eu\/app\/uploads\/2025\/07\/Danger-3-300x300.png\" alt=\"\" width=\"122\" height=\"122\" srcset=\"https:\/\/luxurycandlesupplies.eu\/app\/uploads\/2025\/07\/Danger-3-300x300.png 300w, https:\/\/luxurycandlesupplies.eu\/app\/uploads\/2025\/07\/Danger-3-1024x1024.png 1024w, https:\/\/luxurycandlesupplies.eu\/app\/uploads\/2025\/07\/Danger-3-150x150.png 150w, https:\/\/luxurycandlesupplies.eu\/app\/uploads\/2025\/07\/Danger-3-768x768.png 768w, https:\/\/luxurycandlesupplies.eu\/app\/uploads\/2025\/07\/Danger-3-12x12.png 12w, https:\/\/luxurycandlesupplies.eu\/app\/uploads\/2025\/07\/Danger-3-600x600.png 600w, https:\/\/luxurycandlesupplies.eu\/app\/uploads\/2025\/07\/Danger-3-100x100.png 100w, https:\/\/luxurycandlesupplies.eu\/app\/uploads\/2025\/07\/Danger-3.png 1080w\" sizes=\"(max-width: 122px) 100vw, 122px\" \/> <img loading=\"lazy\" decoding=\"async\" class=\"alignnone wp-image-23487\" src=\"https:\/\/luxurycandlesupplies.eu\/app\/uploads\/2025\/07\/Danger-2-300x300.png\" alt=\"\" width=\"122\" height=\"122\" srcset=\"https:\/\/luxurycandlesupplies.eu\/app\/uploads\/2025\/07\/Danger-2-300x300.png 300w, https:\/\/luxurycandlesupplies.eu\/app\/uploads\/2025\/07\/Danger-2-1024x1024.png 1024w, https:\/\/luxurycandlesupplies.eu\/app\/uploads\/2025\/07\/Danger-2-150x150.png 150w, https:\/\/luxurycandlesupplies.eu\/app\/uploads\/2025\/07\/Danger-2-768x768.png 768w, https:\/\/luxurycandlesupplies.eu\/app\/uploads\/2025\/07\/Danger-2-12x12.png 12w, https:\/\/luxurycandlesupplies.eu\/app\/uploads\/2025\/07\/Danger-2-600x600.png 600w, https:\/\/luxurycandlesupplies.eu\/app\/uploads\/2025\/07\/Danger-2-100x100.png 100w, https:\/\/luxurycandlesupplies.eu\/app\/uploads\/2025\/07\/Danger-2.png 1080w\" sizes=\"(max-width: 122px) 100vw, 122px\" \/><\/p>\n<p><strong>Bora Bora NL<\/strong><\/p>\n<p>H304: Kan dodelijk zijn als de stof bij inslikken in de luchtwegen terechtkomt. H315: Veroorzaakt<br \/>\nhuidirritatie. H317: Puede sufrir reacciones al\u00e9rgicas a los alimentos. H318: Veroorzaakt ernstig oogletsel. H411:<br \/>\nGiftig voor in het water levende organismen, met langdurige gevolgen. P261: Inademing van<br \/>\nstof\/rook\/gas\/nevel\/damp\/spuitnevel vermijden. P280: Beschermende handschoenen\/beschermende<br \/>\nkleding\/oogbescherming\/gelaatsbescherming dragen. P301+P310: NA INSLIKKEN: onmiddellijk een<br \/>\nANTIGIFCENTRUM\/arts\/... raadplegen. P301\/30\/31+P310: En caso de duda: Spoel de mond. Niet laten braken.<br \/>\nP\u00f3ngase en contacto con un centro antidifamaci\u00f3n de arte. P302+P352: BIJ CONTACT MET DE HUID: con<br \/>\nveel water en zeep wassen. P305+P351+P338: BIJ CONTACT MET DE OGEN: voorzichtig afspoelen met water<br \/>\ngedurende een aantal minuten; contactlenzen verwijderen, indien mogelijk; blijven spoelen. P310:<br \/>\nEn marcha un ANTIGIFCENTRUM\/arts\/... raadplegen. P333+P313: Por la huidritud o por la ignorancia: un arte<br \/>\nraadplegen. P362+P364: Para cambiar la direcci\u00f3n y seguir utilizando esta opci\u00f3n.<br \/>\nP363: El cable de alimentaci\u00f3n est\u00e1 conectado a esta opci\u00f3n. P501: Carga\/descarga<br \/>\nafvoeren naar een erkende afvalinzamelaar conform VLAREMA en OVAM-regelgeving.<\/p>\n<p>&nbsp;<\/p>\n<p><strong>Bora Bora FR<\/strong><\/p>\n<p>H304: Puede ser mortal en caso de ingesti\u00f3n y penetraci\u00f3n en las v\u00edas respiratorias. H315: Provoca un<br \/>\nirritation cutan\u00e9e. H317: Puede provocar una reacci\u00f3n al\u00e9rgica cut\u00e1nea. H318: Provoca lesiones<br \/>\noculaires graves. H411: T\u00f3xico para los organismos acu\u00e1ticos, produce efectos nocivos a largo plazo.<br \/>\nP261: \u00c9viter de respirer les poussi\u00e8res\/fum\u00e9es\/gaz\/brouillards\/vapeurs\/a\u00e9rosols. P280: Porter des gants de<br \/>\nprotection\/des v\u00eatements de protection\/une protection des yeux\/du visage. P301+P310: EN CAS<br \/>\nD'INGESTION : appeler imm\u00e9diatement un CENTRE ANTIPOISON\/un m\u00e9decin\/... P301\/30\/31+P310: En cas<br \/>\nd'ingestion : Enjuagar la boca. No vomitar. Appeler imm\u00e9diatement un centre antipoison ou un<br \/>\nm\u00e9decin. P302+P352: EN CAS DE CONTACT AVEC LA PEAU : laver abondamment \u00e0 l'eau et au savon.<br \/>\nP305+P351+P338: EN CAS DE CONTACT AVEC LES YEUX : enjuagar con precauci\u00f3n con agua durante varios d\u00edas.<br \/>\nminutos; retire las lentes si es posible; contin\u00fae enjuagando. P310: Llamar inmediatamente a un CENTRO<br \/>\nANTIPOISON\/un m\u00e9decin\/... P333+P313: En cas d'irritation ou d'\u00e9ruption cutan\u00e9e : consulter un m\u00e9decin.<br \/>\nP362+P364: Retirar las prendas contaminadas y lavarlas antes de volver a utilizarlas. P363: Laver les v\u00eatements<br \/>\ncontamin\u00e9s avant de les r\u00e9utiliser. P501: Eliminar el contenido\/el recipiente mediante un recogedor de residuos agrarios<br \/>\nconforme a la normativa VLAREMA y OVAM.<\/p>\n<p>&nbsp;<\/p>\n<p><strong>Bora Bora ENG<\/strong><\/p>\n<p>H304: Puede ser mortal en caso de ingesti\u00f3n y penetraci\u00f3n en las v\u00edas respiratorias. H315: Provoca irritaci\u00f3n cut\u00e1nea. H317: Puede provocar una reacci\u00f3n al\u00e9rgica.<br \/>\nreacci\u00f3n cut\u00e1nea. H318: Provoca lesiones oculares graves. H411: T\u00f3xico para los organismos acu\u00e1ticos, con efectos nocivos duraderos. P261:<br \/>\nEvitar respirar el polvo\/humo\/gas\/niebla\/vapores\/aerosoles. P280: Llevar guantes de protecci\u00f3n\/ropa de protecci\u00f3n\/ojos.<br \/>\nprotecci\u00f3n\/protecci\u00f3n facial. P301+P310: EN CASO DE INGESTI\u00d3N: Llamar inmediatamente a un CENTRO DE INFORMACI\u00d3N TOXICOL\u00d3GICA\/m\u00e9dico\/...<br \/>\nP301\/30\/31+P310: En caso de ingesti\u00f3n: Enjuagar la boca. No provocar el v\u00f3mito. Llamar inmediatamente a un centro toxicol\u00f3gico o<br \/>\nm\u00e9dico\/m\u00e9dica. P302+P352: EN CASO DE CONTACTO CON LA PIEL: Lavar con abundante agua y jab\u00f3n. P305+P351+P338: EN CASO DE CONTACTO CON LOS OJOS:<br \/>\nAclarar cuidadosamente con agua durante varios minutos. Qu\u00edtese las lentes de contacto si las lleva y es f\u00e1cil hacerlo. Contin\u00fae en<br \/>\nenjuague. P310: Llamar inmediatamente a un CENTRO DE INFORMACI\u00d3N TOXICOL\u00d3GICA\/m\u00e9dico\/... P333+P313: En caso de irritaci\u00f3n o erupci\u00f3n cut\u00e1nea: Consultar<br \/>\nconsejo m\u00e9dico. P362+P364: Quitarse la ropa contaminada y lavarla antes de volver a usarla. P363: Lavar<br \/>\nropa contaminada antes de reutilizarla. P501: Eliminar el contenido\/el recipiente a trav\u00e9s de un recolector de residuos autorizado.<br \/>\nde conformidad con la normativa VLAREMA y OVAM.<\/p>","protected":false},"excerpt":{"rendered":"<p><a href=\"https:\/\/luxurycandlesupplies.eu\/app\/uploads\/2023\/01\/BORA-BORA-SDS.pdf\">BORA BORA SDS<\/a><\/p>\n<p><a href=\"https:\/\/luxurycandlesupplies.eu\/app\/uploads\/2022\/01\/BORA-BORA-TDS.pdf\">BORA BORA TDS<\/a><\/p>\n<p>&nbsp;<\/p>","protected":false},"featured_media":5016,"template":"","meta":{"_acf_changed":false,"site-sidebar-layout":"default","site-content-layout":"default","ast-site-content-layout":"default","site-content-style":"default","site-sidebar-style":"default","ast-global-header-display":"","ast-banner-title-visibility":"","ast-main-header-display":"","ast-hfb-above-header-display":"","ast-hfb-below-header-display":"","ast-hfb-mobile-header-display":"","site-post-title":"","ast-breadcrumbs-content":"","ast-featured-img":"","footer-sml-layout":"","ast-disable-related-posts":"","theme-transparent-header-meta":"default","adv-header-id-meta":"","stick-header-meta":"","header-above-stick-meta":"","header-main-stick-meta":"","header-below-stick-meta":"","astra-migrate-meta-layouts":"set","ast-page-background-enabled":"default","ast-page-background-meta":{"desktop":{"background-color":"","background-image":"","background-repeat":"repeat","background-position":"center center","background-size":"auto","background-attachment":"scroll","background-type":"","background-media":"","overlay-type":"","overlay-color":"","overlay-opacity":"","overlay-gradient":""},"tablet":{"background-color":"","background-image":"","background-repeat":"repeat","background-position":"center center","background-size":"auto","background-attachment":"scroll","background-type":"","background-media":"","overlay-type":"","overlay-color":"","overlay-opacity":"","overlay-gradient":""},"mobile":{"background-color":"","background-image":"","background-repeat":"repeat","background-position":"center center","background-size":"auto","background-attachment":"scroll","background-type":"","background-media":"","overlay-type":"","overlay-color":"","overlay-opacity":"","overlay-gradient":""}},"ast-content-background-meta":{"desktop":{"background-color":"var(--ast-global-color-5)","background-image":"","background-repeat":"repeat","background-position":"center center","background-size":"auto","background-attachment":"scroll","background-type":"","background-media":"","overlay-type":"","overlay-color":"","overlay-opacity":"","overlay-gradient":""},"tablet":{"background-color":"var(--ast-global-color-5)","background-image":"","background-repeat":"repeat","background-position":"center center","background-size":"auto","background-attachment":"scroll","background-type":"","background-media":"","overlay-type":"","overlay-color":"","overlay-opacity":"","overlay-gradient":""},"mobile":{"background-color":"var(--ast-global-color-5)","background-image":"","background-repeat":"repeat","background-position":"center center","background-size":"auto","background-attachment":"scroll","background-type":"","background-media":"","overlay-type":"","overlay-color":"","overlay-opacity":"","overlay-gradient":""}}},"product_brand":[],"product_cat":[25,1681],"product_tag":[282,322,57],"class_list":{"0":"post-1023","1":"product","2":"type-product","3":"status-publish","4":"has-post-thumbnail","6":"product_cat-fragrances","7":"product_cat-fragrances-ufi-exempt","8":"product_tag-bora-bora","9":"product_tag-coconut","10":"product_tag-fragrances","11":"desktop-align-left","12":"tablet-align-left","13":"mobile-align-left","14":"ast-product-gallery-layout-horizontal-slider","15":"ast-product-single-variable","16":"ast-product-tabs-layout-horizontal","18":"first","19":"instock","20":"taxable","21":"shipping-taxable","22":"purchasable","23":"product-type-variable"},"acf":[],"yoast_head":"<title>Bora Bora - UFI exempt<\/title>\n<meta name=\"robots\" content=\"index, follow, max-snippet:-1, max-image-preview:large, max-video-preview:-1\" \/>\n<link rel=\"canonical\" href=\"https:\/\/luxurycandlesupplies.eu\/es\/producto\/bora-bora\/\" \/>\n<meta property=\"og:locale\" content=\"es_ES\" \/>\n<meta property=\"og:type\" content=\"article\" \/>\n<meta property=\"og:title\" content=\"Bora Bora - UFI exempt\" \/>\n<meta property=\"og:description\" content=\"BORA BORA SDS  BORA BORA TDS  &nbsp;\" \/>\n<meta property=\"og:url\" content=\"https:\/\/luxurycandlesupplies.eu\/es\/producto\/bora-bora\/\" \/>\n<meta property=\"og:site_name\" content=\"Antwerp Luxury Candle Supplies\" \/>\n<meta property=\"article:publisher\" content=\"https:\/\/www.facebook.com\/Antwerpluxurycandlesupplies\/\" \/>\n<meta property=\"article:modified_time\" content=\"2026-03-11T13:44:19+00:00\" \/>\n<meta property=\"og:image\" content=\"https:\/\/luxurycandlesupplies.eu\/app\/uploads\/2022\/01\/Bora-Bora-1024x1024.png\" \/>\n\t<meta property=\"og:image:width\" content=\"1024\" \/>\n\t<meta property=\"og:image:height\" content=\"1024\" \/>\n\t<meta property=\"og:image:type\" content=\"image\/png\" \/>\n<meta name=\"twitter:card\" content=\"summary_large_image\" \/>\n<meta name=\"twitter:label1\" content=\"Tiempo de lectura\" \/>\n\t<meta name=\"twitter:data1\" content=\"4 minutos\" \/>\n<script type=\"application\/ld+json\" class=\"yoast-schema-graph\">{\"@context\":\"https:\\\/\\\/schema.org\",\"@graph\":[{\"@type\":\"WebPage\",\"@id\":\"https:\\\/\\\/luxurycandlesupplies.eu\\\/product\\\/bora-bora\\\/\",\"url\":\"https:\\\/\\\/luxurycandlesupplies.eu\\\/product\\\/bora-bora\\\/\",\"name\":\"Bora Bora - UFI exempt\",\"isPartOf\":{\"@id\":\"https:\\\/\\\/luxurycandlesupplies.eu\\\/#website\"},\"primaryImageOfPage\":{\"@id\":\"https:\\\/\\\/luxurycandlesupplies.eu\\\/product\\\/bora-bora\\\/#primaryimage\"},\"image\":{\"@id\":\"https:\\\/\\\/luxurycandlesupplies.eu\\\/product\\\/bora-bora\\\/#primaryimage\"},\"thumbnailUrl\":\"https:\\\/\\\/luxurycandlesupplies.eu\\\/app\\\/uploads\\\/2022\\\/01\\\/Bora-Bora.png\",\"datePublished\":\"2022-01-21T16:34:03+00:00\",\"dateModified\":\"2026-03-11T13:44:19+00:00\",\"breadcrumb\":{\"@id\":\"https:\\\/\\\/luxurycandlesupplies.eu\\\/product\\\/bora-bora\\\/#breadcrumb\"},\"inLanguage\":\"es\",\"potentialAction\":[{\"@type\":\"ReadAction\",\"target\":[\"https:\\\/\\\/luxurycandlesupplies.eu\\\/product\\\/bora-bora\\\/\"]}]},{\"@type\":\"ImageObject\",\"inLanguage\":\"es\",\"@id\":\"https:\\\/\\\/luxurycandlesupplies.eu\\\/product\\\/bora-bora\\\/#primaryimage\",\"url\":\"https:\\\/\\\/luxurycandlesupplies.eu\\\/app\\\/uploads\\\/2022\\\/01\\\/Bora-Bora.png\",\"contentUrl\":\"https:\\\/\\\/luxurycandlesupplies.eu\\\/app\\\/uploads\\\/2022\\\/01\\\/Bora-Bora.png\",\"width\":1080,\"height\":1080},{\"@type\":\"BreadcrumbList\",\"@id\":\"https:\\\/\\\/luxurycandlesupplies.eu\\\/product\\\/bora-bora\\\/#breadcrumb\",\"itemListElement\":[{\"@type\":\"ListItem\",\"position\":1,\"name\":\"Home\",\"item\":\"https:\\\/\\\/luxurycandlesupplies.eu\\\/\"},{\"@type\":\"ListItem\",\"position\":2,\"name\":\"Shop\",\"item\":\"https:\\\/\\\/luxurycandlesupplies.eu\\\/shop\\\/\"},{\"@type\":\"ListItem\",\"position\":3,\"name\":\"Bora Bora &#8211; UFI exempt\"}]},{\"@type\":\"WebSite\",\"@id\":\"https:\\\/\\\/luxurycandlesupplies.eu\\\/#website\",\"url\":\"https:\\\/\\\/luxurycandlesupplies.eu\\\/\",\"name\":\"Antwerp Luxury Candle Supplies\",\"description\":\"Distributor of all seasons soy wax\",\"publisher\":{\"@id\":\"https:\\\/\\\/luxurycandlesupplies.eu\\\/#organization\"},\"potentialAction\":[{\"@type\":\"SearchAction\",\"target\":{\"@type\":\"EntryPoint\",\"urlTemplate\":\"https:\\\/\\\/luxurycandlesupplies.eu\\\/?s={search_term_string}\"},\"query-input\":{\"@type\":\"PropertyValueSpecification\",\"valueRequired\":true,\"valueName\":\"search_term_string\"}}],\"inLanguage\":\"es\"},{\"@type\":\"Organization\",\"@id\":\"https:\\\/\\\/luxurycandlesupplies.eu\\\/#organization\",\"name\":\"Antwerp Luxury Candle Supplies\",\"url\":\"https:\\\/\\\/luxurycandlesupplies.eu\\\/\",\"logo\":{\"@type\":\"ImageObject\",\"inLanguage\":\"es\",\"@id\":\"https:\\\/\\\/luxurycandlesupplies.eu\\\/#\\\/schema\\\/logo\\\/image\\\/\",\"url\":\"https:\\\/\\\/luxurycandlesupplies.eu\\\/app\\\/uploads\\\/2022\\\/03\\\/antwerp-luxury-candle-supplies-1x.png\",\"contentUrl\":\"https:\\\/\\\/luxurycandlesupplies.eu\\\/app\\\/uploads\\\/2022\\\/03\\\/antwerp-luxury-candle-supplies-1x.png\",\"width\":330,\"height\":60,\"caption\":\"Antwerp Luxury Candle Supplies\"},\"image\":{\"@id\":\"https:\\\/\\\/luxurycandlesupplies.eu\\\/#\\\/schema\\\/logo\\\/image\\\/\"},\"sameAs\":[\"https:\\\/\\\/www.facebook.com\\\/Antwerpluxurycandlesupplies\\\/\",\"https:\\\/\\\/www.instagram.com\\\/antwerp_luxury_candle_supplies\\\/\",\"https:\\\/\\\/pin.it\\\/7joOXRW\"]}]}<\/script>","yoast_head_json":{"title":"Bora Bora - UFI exenta","robots":{"index":"index","follow":"follow","max-snippet":"max-snippet:-1","max-image-preview":"max-image-preview:large","max-video-preview":"max-video-preview:-1"},"canonical":"https:\/\/luxurycandlesupplies.eu\/es\/producto\/bora-bora\/","og_locale":"es_ES","og_type":"article","og_title":"Bora Bora - UFI exempt","og_description":"BORA BORA SDS  BORA BORA TDS  &nbsp;","og_url":"https:\/\/luxurycandlesupplies.eu\/es\/producto\/bora-bora\/","og_site_name":"Antwerp Luxury Candle Supplies","article_publisher":"https:\/\/www.facebook.com\/Antwerpluxurycandlesupplies\/","article_modified_time":"2026-03-11T13:44:19+00:00","og_image":[{"width":1024,"height":1024,"url":"https:\/\/luxurycandlesupplies.eu\/app\/uploads\/2022\/01\/Bora-Bora-1024x1024.png","type":"image\/png"}],"twitter_card":"summary_large_image","twitter_misc":{"Tiempo de lectura":"4 minutos"},"schema":{"@context":"https:\/\/schema.org","@graph":[{"@type":"WebPage","@id":"https:\/\/luxurycandlesupplies.eu\/product\/bora-bora\/","url":"https:\/\/luxurycandlesupplies.eu\/product\/bora-bora\/","name":"Bora Bora - UFI exenta","isPartOf":{"@id":"https:\/\/luxurycandlesupplies.eu\/#website"},"primaryImageOfPage":{"@id":"https:\/\/luxurycandlesupplies.eu\/product\/bora-bora\/#primaryimage"},"image":{"@id":"https:\/\/luxurycandlesupplies.eu\/product\/bora-bora\/#primaryimage"},"thumbnailUrl":"https:\/\/luxurycandlesupplies.eu\/app\/uploads\/2022\/01\/Bora-Bora.png","datePublished":"2022-01-21T16:34:03+00:00","dateModified":"2026-03-11T13:44:19+00:00","breadcrumb":{"@id":"https:\/\/luxurycandlesupplies.eu\/product\/bora-bora\/#breadcrumb"},"inLanguage":"es","potentialAction":[{"@type":"ReadAction","target":["https:\/\/luxurycandlesupplies.eu\/product\/bora-bora\/"]}]},{"@type":"ImageObject","inLanguage":"es","@id":"https:\/\/luxurycandlesupplies.eu\/product\/bora-bora\/#primaryimage","url":"https:\/\/luxurycandlesupplies.eu\/app\/uploads\/2022\/01\/Bora-Bora.png","contentUrl":"https:\/\/luxurycandlesupplies.eu\/app\/uploads\/2022\/01\/Bora-Bora.png","width":1080,"height":1080},{"@type":"BreadcrumbList","@id":"https:\/\/luxurycandlesupplies.eu\/product\/bora-bora\/#breadcrumb","itemListElement":[{"@type":"ListItem","position":1,"name":"Home","item":"https:\/\/luxurycandlesupplies.eu\/"},{"@type":"ListItem","position":2,"name":"Shop","item":"https:\/\/luxurycandlesupplies.eu\/shop\/"},{"@type":"ListItem","position":3,"name":"Bora Bora &#8211; UFI exempt"}]},{"@type":"WebSite","@id":"https:\/\/luxurycandlesupplies.eu\/#website","url":"https:\/\/luxurycandlesupplies.eu\/","name":"Suministros para velas de lujo de Amberes","description":"Distribuidor de cera de soja para todas las estaciones","publisher":{"@id":"https:\/\/luxurycandlesupplies.eu\/#organization"},"potentialAction":[{"@type":"SearchAction","target":{"@type":"EntryPoint","urlTemplate":"https:\/\/luxurycandlesupplies.eu\/?s={search_term_string}"},"query-input":{"@type":"PropertyValueSpecification","valueRequired":true,"valueName":"search_term_string"}}],"inLanguage":"es"},{"@type":"Organization","@id":"https:\/\/luxurycandlesupplies.eu\/#organization","name":"Suministros para velas de lujo de Amberes","url":"https:\/\/luxurycandlesupplies.eu\/","logo":{"@type":"ImageObject","inLanguage":"es","@id":"https:\/\/luxurycandlesupplies.eu\/#\/schema\/logo\/image\/","url":"https:\/\/luxurycandlesupplies.eu\/app\/uploads\/2022\/03\/antwerp-luxury-candle-supplies-1x.png","contentUrl":"https:\/\/luxurycandlesupplies.eu\/app\/uploads\/2022\/03\/antwerp-luxury-candle-supplies-1x.png","width":330,"height":60,"caption":"Antwerp Luxury Candle Supplies"},"image":{"@id":"https:\/\/luxurycandlesupplies.eu\/#\/schema\/logo\/image\/"},"sameAs":["https:\/\/www.facebook.com\/Antwerpluxurycandlesupplies\/","https:\/\/www.instagram.com\/antwerp_luxury_candle_supplies\/","https:\/\/pin.it\/7joOXRW"]}]}},"_links":{"self":[{"href":"https:\/\/luxurycandlesupplies.eu\/es\/wp-json\/wp\/v2\/product\/1023","targetHints":{"allow":["GET"]}}],"collection":[{"href":"https:\/\/luxurycandlesupplies.eu\/es\/wp-json\/wp\/v2\/product"}],"about":[{"href":"https:\/\/luxurycandlesupplies.eu\/es\/wp-json\/wp\/v2\/types\/product"}],"wp:featuredmedia":[{"embeddable":true,"href":"https:\/\/luxurycandlesupplies.eu\/es\/wp-json\/wp\/v2\/media\/5016"}],"wp:attachment":[{"href":"https:\/\/luxurycandlesupplies.eu\/es\/wp-json\/wp\/v2\/media?parent=1023"}],"wp:term":[{"taxonomy":"product_brand","embeddable":true,"href":"https:\/\/luxurycandlesupplies.eu\/es\/wp-json\/wp\/v2\/product_brand?post=1023"},{"taxonomy":"product_cat","embeddable":true,"href":"https:\/\/luxurycandlesupplies.eu\/es\/wp-json\/wp\/v2\/product_cat?post=1023"},{"taxonomy":"product_tag","embeddable":true,"href":"https:\/\/luxurycandlesupplies.eu\/es\/wp-json\/wp\/v2\/product_tag?post=1023"}],"curies":[{"name":"wp","href":"https:\/\/api.w.org\/{rel}","templated":true}]}}