{"id":12300,"date":"2023-09-01T12:36:17","date_gmt":"2023-09-01T10:36:17","guid":{"rendered":"https:\/\/luxurycandlesupplies.eu\/?post_type=product&#038;p=12300"},"modified":"2025-09-23T09:55:02","modified_gmt":"2025-09-23T07:55:02","slug":"cuero-azafran","status":"publish","type":"product","link":"https:\/\/luxurycandlesupplies.eu\/es\/product\/saffron-leather\/","title":{"rendered":"Cuero azafr\u00e1n"},"content":{"rendered":"<h3>DESCRIPCI\u00d3N<\/h3>\n<div><\/div>\n<h3><em><strong>Cuero azafr\u00e1n<\/strong><\/em><\/h3>\n<p>&nbsp;<\/p>\n<p>Esta fragancia combina el cuero primigenio con el jazm\u00edn en flor y el ante para dar un toque distintivo. Saffron Leather es crudo pero sofisticado, sensual pero refinado.<\/p>\n<p>Es una sensualidad atrevida, encapsulada en aroma.<\/p>\n<p>&nbsp;<\/p>\n<p><strong>Notas altas:<\/strong> Ante - Elemi - Azafr\u00e1n<br \/>\n<strong>Notas medias:<\/strong> Maderas ahumadas - Jazm\u00edn - Ylang<br \/>\n<strong>Notas de fondo:<\/strong>\u00a0 \u00c1mbar - Vainilla - Cuero - Cedro<\/p>\n<p>&nbsp;<\/p>\n<p>&nbsp;<\/p>\n<h3>NUESTRA RECOMENDACI\u00d3N<\/h3>\n<hr \/>\n<div>\n<p>El uso de aceites de fragancia depender\u00e1 del producto que est\u00e9 creando. Consulte la siguiente gu\u00eda para conocer las proporciones recomendadas para su producto.<\/p>\n<p>Tenga en cuenta que los valores indicados a continuaci\u00f3n son s\u00f3lo sugerencias. Recomendamos a los usuarios que realicen sus propias pruebas con las mezclas de cera y aceite previstas para obtener resultados \u00f3ptimos.<\/p>\n<p>Velas: 6-10%<br \/>\nWaxmelts: 10-12%<\/p>\n<p>&nbsp;<\/p>\n<\/div>\n<h2>INFORMACI\u00d3N SOBRE CLP Y SDS<\/h2>\n<hr \/>\n<p><a href=\"https:\/\/luxurycandlesupplies.eu\/app\/uploads\/2023\/06\/SANDALWOOD-SDS-1-1.pdf\">Cuero azafr\u00e1n - SDS<\/a><\/p>\n<p><a href=\"https:\/\/luxurycandlesupplies.eu\/app\/uploads\/2023\/06\/SANDALWOOD-TDS.pdf\">Cuero azafr\u00e1n - TDS<\/a><\/p>\n<p><a href=\"https:\/\/luxurycandlesupplies.eu\/app\/uploads\/2023\/10\/LEATHER-IFRA.pdf\">Cuero azafr\u00e1n - IFRA<\/a><\/p>\n<p>&nbsp;<\/p>\n<p>UFI: YKE0-30MG-Y00U-CRDS<\/p>\n<p><img decoding=\"async\" class=\"alignnone  wp-image-23489\" src=\"https:\/\/luxurycandlesupplies.eu\/app\/uploads\/2025\/07\/Danger-4-300x300.png\" alt=\"\" width=\"122\" height=\"122\" srcset=\"https:\/\/luxurycandlesupplies.eu\/app\/uploads\/2025\/07\/Danger-4-300x300.png 300w, https:\/\/luxurycandlesupplies.eu\/app\/uploads\/2025\/07\/Danger-4-1024x1024.png 1024w, https:\/\/luxurycandlesupplies.eu\/app\/uploads\/2025\/07\/Danger-4-150x150.png 150w, https:\/\/luxurycandlesupplies.eu\/app\/uploads\/2025\/07\/Danger-4-768x768.png 768w, https:\/\/luxurycandlesupplies.eu\/app\/uploads\/2025\/07\/Danger-4-12x12.png 12w, https:\/\/luxurycandlesupplies.eu\/app\/uploads\/2025\/07\/Danger-4-600x600.png 600w, https:\/\/luxurycandlesupplies.eu\/app\/uploads\/2025\/07\/Danger-4-100x100.png 100w, https:\/\/luxurycandlesupplies.eu\/app\/uploads\/2025\/07\/Danger-4.png 1080w\" sizes=\"(max-width: 122px) 100vw, 122px\" \/> <img decoding=\"async\" class=\"alignnone  wp-image-23488\" src=\"https:\/\/luxurycandlesupplies.eu\/app\/uploads\/2025\/07\/Danger-3-300x300.png\" alt=\"\" width=\"122\" height=\"122\" srcset=\"https:\/\/luxurycandlesupplies.eu\/app\/uploads\/2025\/07\/Danger-3-300x300.png 300w, https:\/\/luxurycandlesupplies.eu\/app\/uploads\/2025\/07\/Danger-3-1024x1024.png 1024w, https:\/\/luxurycandlesupplies.eu\/app\/uploads\/2025\/07\/Danger-3-150x150.png 150w, https:\/\/luxurycandlesupplies.eu\/app\/uploads\/2025\/07\/Danger-3-768x768.png 768w, https:\/\/luxurycandlesupplies.eu\/app\/uploads\/2025\/07\/Danger-3-12x12.png 12w, https:\/\/luxurycandlesupplies.eu\/app\/uploads\/2025\/07\/Danger-3-600x600.png 600w, https:\/\/luxurycandlesupplies.eu\/app\/uploads\/2025\/07\/Danger-3-100x100.png 100w, https:\/\/luxurycandlesupplies.eu\/app\/uploads\/2025\/07\/Danger-3.png 1080w\" sizes=\"(max-width: 122px) 100vw, 122px\" \/><\/p>\n<p><strong>Cuero azafr\u00e1n NL<\/strong><\/p>\n<p>H317 Puede causar reacciones al\u00e9rgicas. H319 Puede causar irritaci\u00f3n ocular grave. H411<br \/>\nGiftig voor in het water levende organismen, met langdurige gevolgen. P272 Verontreinigde<br \/>\nwerkkleding mag de werkruimte niet verlaten. P280 Manos libres\/manos libres<br \/>\nkleding\/oogbescherming\/gelaatsbescherming dragen. P302+P352 BIJ CONTACT MET DE HUID: met<br \/>\nmucha agua y mucha sal. P305+P351+P338 BIJ CONTACT MET DE OGEN: voorzichtig afspoelen met<br \/>\nwater gedurende een aantal minuten; contactlenzen verwijderen, indien mogelijk; blijven spoelen.<br \/>\nP333+P313 La huidirritaci\u00f3n o la uitslag: un ejemplo de arte. P337+P313 En caso de oogirritatie:<br \/>\neen arts raadplegen. P501 Inhoud\/verpakking afvoeren naar een erkende afvalinzamelaar conform<br \/>\nVLAREMA y OVAM-regelgeving.<\/p>\n<p>&nbsp;<\/p>\n<p><strong>Cuero azafr\u00e1n FR<\/strong><\/p>\n<p>H317 Puede provocar una reacci\u00f3n al\u00e9rgica cut\u00e1nea. H319 Provoca una grave irritaci\u00f3n de los ojos.<br \/>\nH411 T\u00f3xico para los organismos acu\u00e1ticos, produce efectos nocivos a largo plazo. P272 Les<br \/>\nlos trajes de trabajo contaminados no deben salir del lugar de trabajo. P280 Porter des gants de<br \/>\nprotection\/des v\u00eatements de protection\/une protection des yeux\/du visage. P302+P352 EN CASO DE<br \/>\nCONTACT AVEC LA PEAU : laver abondamment \u00e0 l'eau et au savon. P305+P351+P338 EN CASO DE<br \/>\nCONTACT AVEC LES YEUX : rincer avec pr\u00e9caution \u00e0 l'eau pendant plusieurs minutes ; retirer les<br \/>\nlentilles si possible ; continuer \u00e0 rincer. P333+P313 En caso de irritaci\u00f3n o erupci\u00f3n cut\u00e1nea :<br \/>\nconsulter un m\u00e9decin. P337+P313 En caso de irritaci\u00f3n ocular persistente: consulte a un m\u00e9dico.<br \/>\nP501 Elimine el contenido\/el recipiente mediante un recogedor de residuos conforme a la<br \/>\nr\u00e9glementation VLAREMA et OVAM.<\/p>\n<p>&nbsp;<\/p>\n<p><strong>Azafr\u00e1n Cuero ENG<\/strong><\/p>\n<p>H315 Provoca irritaci\u00f3n cut\u00e1nea. H317 Puede provocar una reacci\u00f3n al\u00e9rgica en la piel. H319 Provoca irritaci\u00f3n ocular grave.<br \/>\nirritaci\u00f3n. H410 Muy t\u00f3xico para los organismos acu\u00e1ticos, con efectos nocivos duraderos. P261 Evitar respirar<br \/>\npolvo\/humo\/gas\/niebla\/vapores\/roc\u00edo. P272 No se debe permitir que la ropa de trabajo contaminada salga de<br \/>\nel lugar de trabajo. P280 Llevar guantes\/ropa de protecci\u00f3n\/protecci\u00f3n ocular\/protecci\u00f3n facial.<br \/>\nP302+P352 EN CASO DE CONTACTO CON LA PIEL: Lavar con agua y jab\u00f3n abundantes. P305+P351+P338 EN CASO DE CONTACTO CON LOS OJOS: Aclarar.<br \/>\ncautelosamente con agua durante varios minutos. Qu\u00edtese las lentes de contacto si las lleva y es f\u00e1cil hacerlo. Contin\u00fae en<br \/>\nAclarado. P333+P313 En caso de irritaci\u00f3n o erupci\u00f3n cut\u00e1nea: Consultar a un m\u00e9dico. P337+P313 En caso de irritaci\u00f3n ocular<br \/>\npersiste: Consultar a un m\u00e9dico. P362+P364 Quitarse la ropa contaminada y lavarla antes de volver a usarla. P501<br \/>\nEliminar el contenido\/recipiente a trav\u00e9s de un recolector de residuos autorizado de acuerdo con VLAREMA y<br \/>\nNormativa OVAM.<\/p>","protected":false},"excerpt":{"rendered":"<p>DESCRIPTION Saffron Leather &nbsp; This fragrance combines primal leather with blooming jasmine and\u00a0 suede for a distinctive twist. Saffron Leather is raw\u00a0 yet sophisticated, sensual yet refined. It&#8217;s a daring sensuality, encapsulated in scent. &nbsp; Top notes: Suede &#8211; Elemi &#8211; Saffron Middle notes: Smoky Woods &#8211; Jasmine &#8211; Ylang Base notes:\u00a0 Amber &#8211; Vanilla [&hellip;]<\/p>\n","protected":false},"featured_media":12482,"template":"","meta":{"_acf_changed":false,"site-sidebar-layout":"default","site-content-layout":"default","ast-site-content-layout":"default","site-content-style":"default","site-sidebar-style":"default","ast-global-header-display":"","ast-banner-title-visibility":"","ast-main-header-display":"","ast-hfb-above-header-display":"","ast-hfb-below-header-display":"","ast-hfb-mobile-header-display":"","site-post-title":"","ast-breadcrumbs-content":"","ast-featured-img":"","footer-sml-layout":"","ast-disable-related-posts":"","theme-transparent-header-meta":"default","adv-header-id-meta":"","stick-header-meta":"","header-above-stick-meta":"","header-main-stick-meta":"","header-below-stick-meta":"","astra-migrate-meta-layouts":"set","ast-page-background-enabled":"default","ast-page-background-meta":{"desktop":{"background-color":"","background-image":"","background-repeat":"repeat","background-position":"center center","background-size":"auto","background-attachment":"scroll","background-type":"","background-media":"","overlay-type":"","overlay-color":"","overlay-opacity":"","overlay-gradient":""},"tablet":{"background-color":"","background-image":"","background-repeat":"repeat","background-position":"center center","background-size":"auto","background-attachment":"scroll","background-type":"","background-media":"","overlay-type":"","overlay-color":"","overlay-opacity":"","overlay-gradient":""},"mobile":{"background-color":"","background-image":"","background-repeat":"repeat","background-position":"center center","background-size":"auto","background-attachment":"scroll","background-type":"","background-media":"","overlay-type":"","overlay-color":"","overlay-opacity":"","overlay-gradient":""}},"ast-content-background-meta":{"desktop":{"background-color":"var(--ast-global-color-5)","background-image":"","background-repeat":"repeat","background-position":"center center","background-size":"auto","background-attachment":"scroll","background-type":"","background-media":"","overlay-type":"","overlay-color":"","overlay-opacity":"","overlay-gradient":""},"tablet":{"background-color":"var(--ast-global-color-5)","background-image":"","background-repeat":"repeat","background-position":"center center","background-size":"auto","background-attachment":"scroll","background-type":"","background-media":"","overlay-type":"","overlay-color":"","overlay-opacity":"","overlay-gradient":""},"mobile":{"background-color":"var(--ast-global-color-5)","background-image":"","background-repeat":"repeat","background-position":"center center","background-size":"auto","background-attachment":"scroll","background-type":"","background-media":"","overlay-type":"","overlay-color":"","overlay-opacity":"","overlay-gradient":""}}},"product_brand":[],"product_cat":[25],"product_tag":[29,26,19,28,442,57,31,23,30,435,20,27,22],"class_list":{"0":"post-12300","1":"product","2":"type-product","3":"status-publish","4":"has-post-thumbnail","6":"product_cat-fragrances","7":"product_tag-a05-wax","8":"product_tag-a27-wax","9":"product_tag-all-seasons-wax","10":"product_tag-cocosoy","11":"product_tag-flowers","12":"product_tag-fragrances","13":"product_tag-m12-wax","14":"product_tag-s100-wax","15":"product_tag-s16-wax","16":"product_tag-sandalwood","17":"product_tag-soy-wax","18":"product_tag-vegan-wax","19":"product_tag-wax","20":"desktop-align-left","21":"tablet-align-left","22":"mobile-align-left","23":"ast-product-gallery-layout-horizontal-slider","24":"ast-product-gallery-with-no-image","25":"ast-product-single-variable","26":"ast-product-tabs-layout-horizontal","28":"first","29":"outofstock","30":"taxable","31":"shipping-taxable","32":"purchasable","33":"product-type-variable"},"acf":[],"yoast_head":"<title>Saffron Leather - Antwerp Luxury Candle Supplies<\/title>\n<meta name=\"robots\" content=\"index, follow, max-snippet:-1, max-image-preview:large, max-video-preview:-1\" \/>\n<link rel=\"canonical\" href=\"https:\/\/luxurycandlesupplies.eu\/es\/producto\/cuero-azafran\/\" \/>\n<meta property=\"og:locale\" content=\"es_ES\" \/>\n<meta property=\"og:type\" content=\"article\" \/>\n<meta property=\"og:title\" content=\"Saffron Leather - Antwerp Luxury Candle Supplies\" \/>\n<meta property=\"og:description\" content=\"DESCRIPTION Saffron Leather &nbsp; This fragrance combines primal leather with blooming jasmine and\u00a0 suede for a distinctive twist. Saffron Leather is raw\u00a0 yet sophisticated, sensual yet refined. It&#8217;s a daring sensuality, encapsulated in scent. &nbsp; Top notes: Suede &#8211; Elemi &#8211; Saffron Middle notes: Smoky Woods &#8211; Jasmine &#8211; Ylang Base notes:\u00a0 Amber &#8211; Vanilla [&hellip;]\" \/>\n<meta property=\"og:url\" content=\"https:\/\/luxurycandlesupplies.eu\/es\/producto\/cuero-azafran\/\" \/>\n<meta property=\"og:site_name\" content=\"Antwerp Luxury Candle Supplies\" \/>\n<meta property=\"article:publisher\" content=\"https:\/\/www.facebook.com\/Antwerpluxurycandlesupplies\/\" \/>\n<meta property=\"article:modified_time\" content=\"2025-09-23T07:55:02+00:00\" \/>\n<meta property=\"og:image\" content=\"https:\/\/luxurycandlesupplies.eu\/app\/uploads\/2023\/09\/Safraan-Leather.png\" \/>\n\t<meta property=\"og:image:width\" content=\"1080\" \/>\n\t<meta property=\"og:image:height\" content=\"1080\" \/>\n\t<meta property=\"og:image:type\" content=\"image\/png\" \/>\n<meta name=\"twitter:card\" content=\"summary_large_image\" \/>\n<meta name=\"twitter:label1\" content=\"Tiempo de lectura\" \/>\n\t<meta name=\"twitter:data1\" content=\"3 minutos\" \/>\n<script type=\"application\/ld+json\" class=\"yoast-schema-graph\">{\"@context\":\"https:\\\/\\\/schema.org\",\"@graph\":[{\"@type\":\"WebPage\",\"@id\":\"https:\\\/\\\/luxurycandlesupplies.eu\\\/product\\\/saffron-leather\\\/\",\"url\":\"https:\\\/\\\/luxurycandlesupplies.eu\\\/product\\\/saffron-leather\\\/\",\"name\":\"Saffron Leather - Antwerp Luxury Candle Supplies\",\"isPartOf\":{\"@id\":\"https:\\\/\\\/luxurycandlesupplies.eu\\\/#website\"},\"primaryImageOfPage\":{\"@id\":\"https:\\\/\\\/luxurycandlesupplies.eu\\\/product\\\/saffron-leather\\\/#primaryimage\"},\"image\":{\"@id\":\"https:\\\/\\\/luxurycandlesupplies.eu\\\/product\\\/saffron-leather\\\/#primaryimage\"},\"thumbnailUrl\":\"https:\\\/\\\/luxurycandlesupplies.eu\\\/app\\\/uploads\\\/2023\\\/09\\\/Safraan-Leather.png\",\"datePublished\":\"2023-09-01T10:36:17+00:00\",\"dateModified\":\"2025-09-23T07:55:02+00:00\",\"breadcrumb\":{\"@id\":\"https:\\\/\\\/luxurycandlesupplies.eu\\\/product\\\/saffron-leather\\\/#breadcrumb\"},\"inLanguage\":\"es\",\"potentialAction\":[{\"@type\":\"ReadAction\",\"target\":[\"https:\\\/\\\/luxurycandlesupplies.eu\\\/product\\\/saffron-leather\\\/\"]}]},{\"@type\":\"ImageObject\",\"inLanguage\":\"es\",\"@id\":\"https:\\\/\\\/luxurycandlesupplies.eu\\\/product\\\/saffron-leather\\\/#primaryimage\",\"url\":\"https:\\\/\\\/luxurycandlesupplies.eu\\\/app\\\/uploads\\\/2023\\\/09\\\/Safraan-Leather.png\",\"contentUrl\":\"https:\\\/\\\/luxurycandlesupplies.eu\\\/app\\\/uploads\\\/2023\\\/09\\\/Safraan-Leather.png\",\"width\":1080,\"height\":1080},{\"@type\":\"BreadcrumbList\",\"@id\":\"https:\\\/\\\/luxurycandlesupplies.eu\\\/product\\\/saffron-leather\\\/#breadcrumb\",\"itemListElement\":[{\"@type\":\"ListItem\",\"position\":1,\"name\":\"Home\",\"item\":\"https:\\\/\\\/luxurycandlesupplies.eu\\\/\"},{\"@type\":\"ListItem\",\"position\":2,\"name\":\"Shop\",\"item\":\"https:\\\/\\\/luxurycandlesupplies.eu\\\/shop\\\/\"},{\"@type\":\"ListItem\",\"position\":3,\"name\":\"Saffron Leather\"}]},{\"@type\":\"WebSite\",\"@id\":\"https:\\\/\\\/luxurycandlesupplies.eu\\\/#website\",\"url\":\"https:\\\/\\\/luxurycandlesupplies.eu\\\/\",\"name\":\"Antwerp Luxury Candle Supplies\",\"description\":\"Distributor of all seasons soy wax\",\"publisher\":{\"@id\":\"https:\\\/\\\/luxurycandlesupplies.eu\\\/#organization\"},\"potentialAction\":[{\"@type\":\"SearchAction\",\"target\":{\"@type\":\"EntryPoint\",\"urlTemplate\":\"https:\\\/\\\/luxurycandlesupplies.eu\\\/?s={search_term_string}\"},\"query-input\":{\"@type\":\"PropertyValueSpecification\",\"valueRequired\":true,\"valueName\":\"search_term_string\"}}],\"inLanguage\":\"es\"},{\"@type\":\"Organization\",\"@id\":\"https:\\\/\\\/luxurycandlesupplies.eu\\\/#organization\",\"name\":\"Antwerp Luxury Candle Supplies\",\"url\":\"https:\\\/\\\/luxurycandlesupplies.eu\\\/\",\"logo\":{\"@type\":\"ImageObject\",\"inLanguage\":\"es\",\"@id\":\"https:\\\/\\\/luxurycandlesupplies.eu\\\/#\\\/schema\\\/logo\\\/image\\\/\",\"url\":\"https:\\\/\\\/luxurycandlesupplies.eu\\\/app\\\/uploads\\\/2022\\\/03\\\/antwerp-luxury-candle-supplies-1x.png\",\"contentUrl\":\"https:\\\/\\\/luxurycandlesupplies.eu\\\/app\\\/uploads\\\/2022\\\/03\\\/antwerp-luxury-candle-supplies-1x.png\",\"width\":330,\"height\":60,\"caption\":\"Antwerp Luxury Candle Supplies\"},\"image\":{\"@id\":\"https:\\\/\\\/luxurycandlesupplies.eu\\\/#\\\/schema\\\/logo\\\/image\\\/\"},\"sameAs\":[\"https:\\\/\\\/www.facebook.com\\\/Antwerpluxurycandlesupplies\\\/\",\"https:\\\/\\\/www.instagram.com\\\/antwerp_luxury_candle_supplies\\\/\",\"https:\\\/\\\/pin.it\\\/7joOXRW\"]}]}<\/script>","yoast_head_json":{"title":"Azafr\u00e1n Cuero - Amberes Vela de Lujo Suministros","robots":{"index":"index","follow":"follow","max-snippet":"max-snippet:-1","max-image-preview":"max-image-preview:large","max-video-preview":"max-video-preview:-1"},"canonical":"https:\/\/luxurycandlesupplies.eu\/es\/producto\/cuero-azafran\/","og_locale":"es_ES","og_type":"article","og_title":"Saffron Leather - Antwerp Luxury Candle Supplies","og_description":"DESCRIPTION Saffron Leather &nbsp; This fragrance combines primal leather with blooming jasmine and\u00a0 suede for a distinctive twist. Saffron Leather is raw\u00a0 yet sophisticated, sensual yet refined. It&#8217;s a daring sensuality, encapsulated in scent. &nbsp; Top notes: Suede &#8211; Elemi &#8211; Saffron Middle notes: Smoky Woods &#8211; Jasmine &#8211; Ylang Base notes:\u00a0 Amber &#8211; Vanilla [&hellip;]","og_url":"https:\/\/luxurycandlesupplies.eu\/es\/producto\/cuero-azafran\/","og_site_name":"Antwerp Luxury Candle Supplies","article_publisher":"https:\/\/www.facebook.com\/Antwerpluxurycandlesupplies\/","article_modified_time":"2025-09-23T07:55:02+00:00","og_image":[{"width":1080,"height":1080,"url":"https:\/\/luxurycandlesupplies.eu\/app\/uploads\/2023\/09\/Safraan-Leather.png","type":"image\/png"}],"twitter_card":"summary_large_image","twitter_misc":{"Tiempo de lectura":"3 minutos"},"schema":{"@context":"https:\/\/schema.org","@graph":[{"@type":"WebPage","@id":"https:\/\/luxurycandlesupplies.eu\/product\/saffron-leather\/","url":"https:\/\/luxurycandlesupplies.eu\/product\/saffron-leather\/","name":"Azafr\u00e1n Cuero - Amberes Vela de Lujo Suministros","isPartOf":{"@id":"https:\/\/luxurycandlesupplies.eu\/#website"},"primaryImageOfPage":{"@id":"https:\/\/luxurycandlesupplies.eu\/product\/saffron-leather\/#primaryimage"},"image":{"@id":"https:\/\/luxurycandlesupplies.eu\/product\/saffron-leather\/#primaryimage"},"thumbnailUrl":"https:\/\/luxurycandlesupplies.eu\/app\/uploads\/2023\/09\/Safraan-Leather.png","datePublished":"2023-09-01T10:36:17+00:00","dateModified":"2025-09-23T07:55:02+00:00","breadcrumb":{"@id":"https:\/\/luxurycandlesupplies.eu\/product\/saffron-leather\/#breadcrumb"},"inLanguage":"es","potentialAction":[{"@type":"ReadAction","target":["https:\/\/luxurycandlesupplies.eu\/product\/saffron-leather\/"]}]},{"@type":"ImageObject","inLanguage":"es","@id":"https:\/\/luxurycandlesupplies.eu\/product\/saffron-leather\/#primaryimage","url":"https:\/\/luxurycandlesupplies.eu\/app\/uploads\/2023\/09\/Safraan-Leather.png","contentUrl":"https:\/\/luxurycandlesupplies.eu\/app\/uploads\/2023\/09\/Safraan-Leather.png","width":1080,"height":1080},{"@type":"BreadcrumbList","@id":"https:\/\/luxurycandlesupplies.eu\/product\/saffron-leather\/#breadcrumb","itemListElement":[{"@type":"ListItem","position":1,"name":"Home","item":"https:\/\/luxurycandlesupplies.eu\/"},{"@type":"ListItem","position":2,"name":"Shop","item":"https:\/\/luxurycandlesupplies.eu\/shop\/"},{"@type":"ListItem","position":3,"name":"Saffron Leather"}]},{"@type":"WebSite","@id":"https:\/\/luxurycandlesupplies.eu\/#website","url":"https:\/\/luxurycandlesupplies.eu\/","name":"Suministros para velas de lujo de Amberes","description":"Distribuidor de cera de soja para todas las estaciones","publisher":{"@id":"https:\/\/luxurycandlesupplies.eu\/#organization"},"potentialAction":[{"@type":"SearchAction","target":{"@type":"EntryPoint","urlTemplate":"https:\/\/luxurycandlesupplies.eu\/?s={search_term_string}"},"query-input":{"@type":"PropertyValueSpecification","valueRequired":true,"valueName":"search_term_string"}}],"inLanguage":"es"},{"@type":"Organization","@id":"https:\/\/luxurycandlesupplies.eu\/#organization","name":"Suministros para velas de lujo de Amberes","url":"https:\/\/luxurycandlesupplies.eu\/","logo":{"@type":"ImageObject","inLanguage":"es","@id":"https:\/\/luxurycandlesupplies.eu\/#\/schema\/logo\/image\/","url":"https:\/\/luxurycandlesupplies.eu\/app\/uploads\/2022\/03\/antwerp-luxury-candle-supplies-1x.png","contentUrl":"https:\/\/luxurycandlesupplies.eu\/app\/uploads\/2022\/03\/antwerp-luxury-candle-supplies-1x.png","width":330,"height":60,"caption":"Antwerp Luxury Candle Supplies"},"image":{"@id":"https:\/\/luxurycandlesupplies.eu\/#\/schema\/logo\/image\/"},"sameAs":["https:\/\/www.facebook.com\/Antwerpluxurycandlesupplies\/","https:\/\/www.instagram.com\/antwerp_luxury_candle_supplies\/","https:\/\/pin.it\/7joOXRW"]}]}},"_links":{"self":[{"href":"https:\/\/luxurycandlesupplies.eu\/es\/wp-json\/wp\/v2\/product\/12300","targetHints":{"allow":["GET"]}}],"collection":[{"href":"https:\/\/luxurycandlesupplies.eu\/es\/wp-json\/wp\/v2\/product"}],"about":[{"href":"https:\/\/luxurycandlesupplies.eu\/es\/wp-json\/wp\/v2\/types\/product"}],"wp:featuredmedia":[{"embeddable":true,"href":"https:\/\/luxurycandlesupplies.eu\/es\/wp-json\/wp\/v2\/media\/12482"}],"wp:attachment":[{"href":"https:\/\/luxurycandlesupplies.eu\/es\/wp-json\/wp\/v2\/media?parent=12300"}],"wp:term":[{"taxonomy":"product_brand","embeddable":true,"href":"https:\/\/luxurycandlesupplies.eu\/es\/wp-json\/wp\/v2\/product_brand?post=12300"},{"taxonomy":"product_cat","embeddable":true,"href":"https:\/\/luxurycandlesupplies.eu\/es\/wp-json\/wp\/v2\/product_cat?post=12300"},{"taxonomy":"product_tag","embeddable":true,"href":"https:\/\/luxurycandlesupplies.eu\/es\/wp-json\/wp\/v2\/product_tag?post=12300"}],"curies":[{"name":"wp","href":"https:\/\/api.w.org\/{rel}","templated":true}]}}