{"id":12826,"date":"2023-10-05T15:26:47","date_gmt":"2023-10-05T13:26:47","guid":{"rendered":"https:\/\/luxurycandlesupplies.eu\/?post_type=product&#038;p=12826"},"modified":"2026-04-27T10:02:49","modified_gmt":"2026-04-27T08:02:49","slug":"perlas-grandes-vogue-rosa","status":"publish","type":"product","link":"https:\/\/luxurycandlesupplies.eu\/es\/product\/large-vogue-pearls-rose\/","title":{"rendered":"Grande Vogue - Rosa perla"},"content":{"rendered":"<h4>DESCRIPCI\u00d3N<\/h4>\n<div class=\"product info detailed after-content\">\n<div class=\"product data items\">\n<div class=\"product-data-items-content\">\n<div id=\"attributedescription\" class=\"data item content\" role=\"tabpanel\" data-role=\"content\" aria-labelledby=\"tab-label-attributedescription\" aria-hidden=\"false\">\n<div class=\"product attribute description\">\n<div class=\"value\">\n<p>La l\u00ednea Vogue encarna el estilo con su elegante acabado y su fondo redondeado, este recipiente no desentonar\u00eda en el escaparate de ninguna boutique de alta gama.<\/p>\n<p>Estas embarcaciones han obtenido unos resultados extraordinarios en las pruebas de mercado: son realmente apreciadas por todos.<\/p>\n<p>Al igual que con todos nuestros tarros, la gama de vidrio de Antwerp Luxury Candle Supplies utiliza un proceso de producci\u00f3n de molde manual en lugar de soplado o automatizaci\u00f3n mec\u00e1nica. Esto garantiza que nuestra gama de vidrio sea m\u00e1s fuerte, segura y resistente al calor que otras del mercado.<\/p>\n<p>Con una claridad inigualable y uniforme en toda nuestra gama de vidrios, las incoherencias son cosa del pasado.<\/p>\n<p><strong>IMPORTANTE<\/strong> Tenga en cuenta que la foto del producto puede diferir del art\u00edculo real en t\u00e9rminos de color debido a la iluminaci\u00f3n y\/o fabricaci\u00f3n. Debido al proceso de fabricaci\u00f3n artesanal, cada recipiente tendr\u00e1 un dise\u00f1o \u00fanico y pueden apreciarse ligeras diferencias en la forma de la cristaler\u00eda.<\/p>\n<p>&nbsp;<\/p>\n<\/div>\n<\/div>\n<\/div>\n<\/div>\n<\/div>\n<\/div>","protected":false},"excerpt":{"rendered":"<h3>ESPECIFICACI\u00d3N<\/h3>\n<p><strong>Dimensiones exteriores del recipiente<\/strong>: 95mmAn x 105mmAl<br \/>\n<strong>Dimensiones internas del recipiente<\/strong>: 85mmAn x 94mm<br \/>\n<strong>Capacidad del buque<\/strong>: 390ml<br \/>\n<strong>Peso del vidrio<\/strong>: 500g<\/p>\n<p><strong>Tapa adecuada<\/strong>: <a href=\"https:\/\/luxurycandlesupplies.eu\/es\/producto\/gran-tapa-de-madera-de-silicona-seel\/\">Tapas grandes de madera<\/a>\u00a0 \u00a0-\u00a0 \u00a0 <a href=\"https:\/\/luxurycandlesupplies.eu\/es\/categoria-de-productos\/candelabros\/coleccion-vogue-2\/tapas-de-velas\/\">Tapas grandes de pl\u00e1stico<\/a><\/p>\n<p>IMPORTANTE: Tenga en cuenta que, debido al proceso de fabricaci\u00f3n artesanal, el ajuste de cada tapa puede variar en funci\u00f3n de la forma exclusiva del borde del recipiente.)<\/p>\n<p><strong>Envases adecuados<\/strong>: Smart Box grande, Caja cil\u00edndrica grande, Caja Flatpack grande<\/p>\n<p><strong>Tama\u00f1o de mecha sugerido<\/strong>*: <a href=\"https:\/\/luxurycandlesupplies.eu\/es\/producto\/mechas-de-lcs-85\/\">LCS85<\/a>, <a href=\"https:\/\/luxurycandlesupplies.eu\/es\/producto\/mechas-de-lcs-90\/\">LCS90<\/a>, <a href=\"https:\/\/luxurycandlesupplies.eu\/es\/producto\/mechas-de-lcs-100\/\">LCS100<\/a>, <a href=\"https:\/\/luxurycandlesupplies.eu\/es\/producto\/mecha-de-madera-dubbel-16-x-150-mm\/\" target=\"_blank\" rel=\"noopener\">Mecha de madera de doble capa 16mm x 150mm<\/a>, <a href=\"https:\/\/luxurycandlesupplies.eu\/es\/producto\/s-wave-mecha-de-madera-30-x-120-mm-2\/\">Mecha de Madera S Wave 30mm x 120mm<\/a><br \/>\n*Tenga en cuenta que los tama\u00f1os de las mechas son s\u00f3lo sugerencias. Para obtener resultados \u00f3ptimos, recomendamos a los usuarios que realicen sus propias pruebas de mecha con las diferentes mezclas de cera y aceites que vayan a utilizar.<\/p>\n<p>Disponible en unidades sueltas.<br \/>\n<strong>Tama\u00f1o de la caja<\/strong>: 24 unidades<\/p>\n<p><strong>IMPORTANTE<\/strong> Tenga en cuenta que la foto del producto puede diferir del art\u00edculo real en t\u00e9rminos de color debido a la iluminaci\u00f3n y\/o fabricaci\u00f3n. Debido al proceso de fabricaci\u00f3n artesanal, cada recipiente tendr\u00e1 un dise\u00f1o \u00fanico y pueden apreciarse ligeras diferencias en la forma de la cristaler\u00eda.<\/p>\n<p>&nbsp;<\/p>","protected":false},"featured_media":22724,"template":"","meta":{"_acf_changed":false,"site-sidebar-layout":"default","site-content-layout":"default","ast-site-content-layout":"default","site-content-style":"default","site-sidebar-style":"default","ast-global-header-display":"","ast-banner-title-visibility":"","ast-main-header-display":"","ast-hfb-above-header-display":"","ast-hfb-below-header-display":"","ast-hfb-mobile-header-display":"","site-post-title":"","ast-breadcrumbs-content":"","ast-featured-img":"","footer-sml-layout":"","ast-disable-related-posts":"","theme-transparent-header-meta":"default","adv-header-id-meta":"","stick-header-meta":"","header-above-stick-meta":"","header-main-stick-meta":"","header-below-stick-meta":"","astra-migrate-meta-layouts":"set","ast-page-background-enabled":"default","ast-page-background-meta":{"desktop":{"background-color":"","background-image":"","background-repeat":"repeat","background-position":"center center","background-size":"auto","background-attachment":"scroll","background-type":"","background-media":"","overlay-type":"","overlay-color":"","overlay-opacity":"","overlay-gradient":""},"tablet":{"background-color":"","background-image":"","background-repeat":"repeat","background-position":"center center","background-size":"auto","background-attachment":"scroll","background-type":"","background-media":"","overlay-type":"","overlay-color":"","overlay-opacity":"","overlay-gradient":""},"mobile":{"background-color":"","background-image":"","background-repeat":"repeat","background-position":"center center","background-size":"auto","background-attachment":"scroll","background-type":"","background-media":"","overlay-type":"","overlay-color":"","overlay-opacity":"","overlay-gradient":""}},"ast-content-background-meta":{"desktop":{"background-color":"var(--ast-global-color-5)","background-image":"","background-repeat":"repeat","background-position":"center center","background-size":"auto","background-attachment":"scroll","background-type":"","background-media":"","overlay-type":"","overlay-color":"","overlay-opacity":"","overlay-gradient":""},"tablet":{"background-color":"var(--ast-global-color-5)","background-image":"","background-repeat":"repeat","background-position":"center center","background-size":"auto","background-attachment":"scroll","background-type":"","background-media":"","overlay-type":"","overlay-color":"","overlay-opacity":"","overlay-gradient":""},"mobile":{"background-color":"var(--ast-global-color-5)","background-image":"","background-repeat":"repeat","background-position":"center center","background-size":"auto","background-attachment":"scroll","background-type":"","background-media":"","overlay-type":"","overlay-color":"","overlay-opacity":"","overlay-gradient":""}}},"product_brand":[],"product_cat":[67,70],"product_tag":[410,154,96],"class_list":{"0":"post-12826","1":"product","2":"type-product","3":"status-publish","4":"has-post-thumbnail","6":"product_cat-candlejars","7":"product_cat-vogue-large","8":"product_tag-pearl","9":"product_tag-pink","10":"product_tag-vogue","11":"desktop-align-left","12":"tablet-align-left","13":"mobile-align-left","14":"ast-product-gallery-layout-horizontal-slider","15":"ast-product-tabs-layout-horizontal","17":"first","18":"instock","19":"taxable","20":"shipping-taxable","21":"purchasable","22":"product-type-simple"},"acf":[],"yoast_head":"<title>Large Vogue - Pearl Rose - Antwerp Luxury Candle Supplies<\/title>\n<meta name=\"robots\" content=\"index, follow, max-snippet:-1, max-image-preview:large, max-video-preview:-1\" \/>\n<link rel=\"canonical\" href=\"https:\/\/luxurycandlesupplies.eu\/es\/producto\/perlas-grandes-vogue-rosa\/\" \/>\n<meta property=\"og:locale\" content=\"es_ES\" \/>\n<meta property=\"og:type\" content=\"article\" \/>\n<meta property=\"og:title\" content=\"Large Vogue - Pearl Rose - Antwerp Luxury Candle Supplies\" \/>\n<meta property=\"og:description\" content=\"SPECIFICATION External Vessel Dimensions: 95mmW x 105mmH Internal Vessel Dimensions: 85mmW x 94mm Vessel Capacity: 390ml Glass Weight: 500g  Suitable Lid: Large Wood Lids\u00a0 \u00a0-\u00a0 \u00a0 Large Plastic Lids  IMPORTANT: Please be aware, due to the hand made manufacturing process, the fitting of each lid may vary pending the exclusive shape of the vessel\u2019s rim)  Suitable Packaging: Smart Box Large, Cylinder Box Large, Flatpack Box Large  Suggested Wick Size*: LCS85, LCS90, LCS100, Double Layered Wood Wick 16mm x 150mm, S Wave Wood Wick 30mm x 120mm *Please note, wick sizes are suggestions only. For optimum results, we recommend users conduct their own wick tests with different blends of wax and oils that they intend to use.  Available in single units. Carton size: 24 units  IMPORTANT! Please note, product photo may differ from actual item in terms of colour due to lighting and\/or manufacturing. Due to the hand made manufacturing process, each vessel will be uniquely patterned and slight differences in glassware shape may be visible.  &nbsp;\" \/>\n<meta property=\"og:url\" content=\"https:\/\/luxurycandlesupplies.eu\/es\/producto\/perlas-grandes-vogue-rosa\/\" \/>\n<meta property=\"og:site_name\" content=\"Antwerp Luxury Candle Supplies\" \/>\n<meta property=\"article:publisher\" content=\"https:\/\/www.facebook.com\/Antwerpluxurycandlesupplies\/\" \/>\n<meta property=\"article:modified_time\" content=\"2026-04-27T08:02:49+00:00\" \/>\n<meta property=\"og:image\" content=\"https:\/\/luxurycandlesupplies.eu\/app\/uploads\/2024\/06\/52.jpg\" \/>\n\t<meta property=\"og:image:width\" content=\"1000\" \/>\n\t<meta property=\"og:image:height\" content=\"1000\" \/>\n\t<meta property=\"og:image:type\" content=\"image\/jpeg\" \/>\n<meta name=\"twitter:card\" content=\"summary_large_image\" \/>\n<meta name=\"twitter:label1\" content=\"Tiempo de lectura\" \/>\n\t<meta name=\"twitter:data1\" content=\"1 minuto\" \/>\n<script type=\"application\/ld+json\" class=\"yoast-schema-graph\">{\"@context\":\"https:\\\/\\\/schema.org\",\"@graph\":[{\"@type\":\"WebPage\",\"@id\":\"https:\\\/\\\/luxurycandlesupplies.eu\\\/product\\\/large-vogue-pearls-rose\\\/\",\"url\":\"https:\\\/\\\/luxurycandlesupplies.eu\\\/product\\\/large-vogue-pearls-rose\\\/\",\"name\":\"Large Vogue - Pearl Rose - Antwerp Luxury Candle Supplies\",\"isPartOf\":{\"@id\":\"https:\\\/\\\/luxurycandlesupplies.eu\\\/#website\"},\"primaryImageOfPage\":{\"@id\":\"https:\\\/\\\/luxurycandlesupplies.eu\\\/product\\\/large-vogue-pearls-rose\\\/#primaryimage\"},\"image\":{\"@id\":\"https:\\\/\\\/luxurycandlesupplies.eu\\\/product\\\/large-vogue-pearls-rose\\\/#primaryimage\"},\"thumbnailUrl\":\"https:\\\/\\\/luxurycandlesupplies.eu\\\/app\\\/uploads\\\/2024\\\/06\\\/52.jpg\",\"datePublished\":\"2023-10-05T13:26:47+00:00\",\"dateModified\":\"2026-04-27T08:02:49+00:00\",\"breadcrumb\":{\"@id\":\"https:\\\/\\\/luxurycandlesupplies.eu\\\/product\\\/large-vogue-pearls-rose\\\/#breadcrumb\"},\"inLanguage\":\"es\",\"potentialAction\":[{\"@type\":\"ReadAction\",\"target\":[\"https:\\\/\\\/luxurycandlesupplies.eu\\\/product\\\/large-vogue-pearls-rose\\\/\"]}]},{\"@type\":\"ImageObject\",\"inLanguage\":\"es\",\"@id\":\"https:\\\/\\\/luxurycandlesupplies.eu\\\/product\\\/large-vogue-pearls-rose\\\/#primaryimage\",\"url\":\"https:\\\/\\\/luxurycandlesupplies.eu\\\/app\\\/uploads\\\/2024\\\/06\\\/52.jpg\",\"contentUrl\":\"https:\\\/\\\/luxurycandlesupplies.eu\\\/app\\\/uploads\\\/2024\\\/06\\\/52.jpg\",\"width\":1000,\"height\":1000},{\"@type\":\"BreadcrumbList\",\"@id\":\"https:\\\/\\\/luxurycandlesupplies.eu\\\/product\\\/large-vogue-pearls-rose\\\/#breadcrumb\",\"itemListElement\":[{\"@type\":\"ListItem\",\"position\":1,\"name\":\"Home\",\"item\":\"https:\\\/\\\/luxurycandlesupplies.eu\\\/\"},{\"@type\":\"ListItem\",\"position\":2,\"name\":\"Shop\",\"item\":\"https:\\\/\\\/luxurycandlesupplies.eu\\\/shop\\\/\"},{\"@type\":\"ListItem\",\"position\":3,\"name\":\"Large Vogue &#8211; Pearl Rose\"}]},{\"@type\":\"WebSite\",\"@id\":\"https:\\\/\\\/luxurycandlesupplies.eu\\\/#website\",\"url\":\"https:\\\/\\\/luxurycandlesupplies.eu\\\/\",\"name\":\"Antwerp Luxury Candle Supplies\",\"description\":\"Distributor of all seasons soy wax\",\"publisher\":{\"@id\":\"https:\\\/\\\/luxurycandlesupplies.eu\\\/#organization\"},\"potentialAction\":[{\"@type\":\"SearchAction\",\"target\":{\"@type\":\"EntryPoint\",\"urlTemplate\":\"https:\\\/\\\/luxurycandlesupplies.eu\\\/?s={search_term_string}\"},\"query-input\":{\"@type\":\"PropertyValueSpecification\",\"valueRequired\":true,\"valueName\":\"search_term_string\"}}],\"inLanguage\":\"es\"},{\"@type\":\"Organization\",\"@id\":\"https:\\\/\\\/luxurycandlesupplies.eu\\\/#organization\",\"name\":\"Antwerp Luxury Candle Supplies\",\"url\":\"https:\\\/\\\/luxurycandlesupplies.eu\\\/\",\"logo\":{\"@type\":\"ImageObject\",\"inLanguage\":\"es\",\"@id\":\"https:\\\/\\\/luxurycandlesupplies.eu\\\/#\\\/schema\\\/logo\\\/image\\\/\",\"url\":\"https:\\\/\\\/luxurycandlesupplies.eu\\\/app\\\/uploads\\\/2022\\\/03\\\/antwerp-luxury-candle-supplies-1x.png\",\"contentUrl\":\"https:\\\/\\\/luxurycandlesupplies.eu\\\/app\\\/uploads\\\/2022\\\/03\\\/antwerp-luxury-candle-supplies-1x.png\",\"width\":330,\"height\":60,\"caption\":\"Antwerp Luxury Candle Supplies\"},\"image\":{\"@id\":\"https:\\\/\\\/luxurycandlesupplies.eu\\\/#\\\/schema\\\/logo\\\/image\\\/\"},\"sameAs\":[\"https:\\\/\\\/www.facebook.com\\\/Antwerpluxurycandlesupplies\\\/\",\"https:\\\/\\\/www.instagram.com\\\/antwerp_luxury_candle_supplies\\\/\",\"https:\\\/\\\/pin.it\\\/7joOXRW\"]}]}<\/script>","yoast_head_json":{"title":"Grande Vogue - Rosa Perla - Antwerp Luxury Candle Supplies","robots":{"index":"index","follow":"follow","max-snippet":"max-snippet:-1","max-image-preview":"max-image-preview:large","max-video-preview":"max-video-preview:-1"},"canonical":"https:\/\/luxurycandlesupplies.eu\/es\/producto\/perlas-grandes-vogue-rosa\/","og_locale":"es_ES","og_type":"article","og_title":"Large Vogue - Pearl Rose - Antwerp Luxury Candle Supplies","og_description":"SPECIFICATION External Vessel Dimensions: 95mmW x 105mmH Internal Vessel Dimensions: 85mmW x 94mm Vessel Capacity: 390ml Glass Weight: 500g  Suitable Lid: Large Wood Lids\u00a0 \u00a0-\u00a0 \u00a0 Large Plastic Lids  IMPORTANT: Please be aware, due to the hand made manufacturing process, the fitting of each lid may vary pending the exclusive shape of the vessel\u2019s rim)  Suitable Packaging: Smart Box Large, Cylinder Box Large, Flatpack Box Large  Suggested Wick Size*: LCS85, LCS90, LCS100, Double Layered Wood Wick 16mm x 150mm, S Wave Wood Wick 30mm x 120mm *Please note, wick sizes are suggestions only. For optimum results, we recommend users conduct their own wick tests with different blends of wax and oils that they intend to use.  Available in single units. Carton size: 24 units  IMPORTANT! Please note, product photo may differ from actual item in terms of colour due to lighting and\/or manufacturing. Due to the hand made manufacturing process, each vessel will be uniquely patterned and slight differences in glassware shape may be visible.  &nbsp;","og_url":"https:\/\/luxurycandlesupplies.eu\/es\/producto\/perlas-grandes-vogue-rosa\/","og_site_name":"Antwerp Luxury Candle Supplies","article_publisher":"https:\/\/www.facebook.com\/Antwerpluxurycandlesupplies\/","article_modified_time":"2026-04-27T08:02:49+00:00","og_image":[{"width":1000,"height":1000,"url":"https:\/\/luxurycandlesupplies.eu\/app\/uploads\/2024\/06\/52.jpg","type":"image\/jpeg"}],"twitter_card":"summary_large_image","twitter_misc":{"Tiempo de lectura":"1 minuto"},"schema":{"@context":"https:\/\/schema.org","@graph":[{"@type":"WebPage","@id":"https:\/\/luxurycandlesupplies.eu\/product\/large-vogue-pearls-rose\/","url":"https:\/\/luxurycandlesupplies.eu\/product\/large-vogue-pearls-rose\/","name":"Grande Vogue - Rosa Perla - Antwerp Luxury Candle Supplies","isPartOf":{"@id":"https:\/\/luxurycandlesupplies.eu\/#website"},"primaryImageOfPage":{"@id":"https:\/\/luxurycandlesupplies.eu\/product\/large-vogue-pearls-rose\/#primaryimage"},"image":{"@id":"https:\/\/luxurycandlesupplies.eu\/product\/large-vogue-pearls-rose\/#primaryimage"},"thumbnailUrl":"https:\/\/luxurycandlesupplies.eu\/app\/uploads\/2024\/06\/52.jpg","datePublished":"2023-10-05T13:26:47+00:00","dateModified":"2026-04-27T08:02:49+00:00","breadcrumb":{"@id":"https:\/\/luxurycandlesupplies.eu\/product\/large-vogue-pearls-rose\/#breadcrumb"},"inLanguage":"es","potentialAction":[{"@type":"ReadAction","target":["https:\/\/luxurycandlesupplies.eu\/product\/large-vogue-pearls-rose\/"]}]},{"@type":"ImageObject","inLanguage":"es","@id":"https:\/\/luxurycandlesupplies.eu\/product\/large-vogue-pearls-rose\/#primaryimage","url":"https:\/\/luxurycandlesupplies.eu\/app\/uploads\/2024\/06\/52.jpg","contentUrl":"https:\/\/luxurycandlesupplies.eu\/app\/uploads\/2024\/06\/52.jpg","width":1000,"height":1000},{"@type":"BreadcrumbList","@id":"https:\/\/luxurycandlesupplies.eu\/product\/large-vogue-pearls-rose\/#breadcrumb","itemListElement":[{"@type":"ListItem","position":1,"name":"Home","item":"https:\/\/luxurycandlesupplies.eu\/"},{"@type":"ListItem","position":2,"name":"Shop","item":"https:\/\/luxurycandlesupplies.eu\/shop\/"},{"@type":"ListItem","position":3,"name":"Large Vogue &#8211; Pearl Rose"}]},{"@type":"WebSite","@id":"https:\/\/luxurycandlesupplies.eu\/#website","url":"https:\/\/luxurycandlesupplies.eu\/","name":"Suministros para velas de lujo de Amberes","description":"Distribuidor de cera de soja para todas las estaciones","publisher":{"@id":"https:\/\/luxurycandlesupplies.eu\/#organization"},"potentialAction":[{"@type":"SearchAction","target":{"@type":"EntryPoint","urlTemplate":"https:\/\/luxurycandlesupplies.eu\/?s={search_term_string}"},"query-input":{"@type":"PropertyValueSpecification","valueRequired":true,"valueName":"search_term_string"}}],"inLanguage":"es"},{"@type":"Organization","@id":"https:\/\/luxurycandlesupplies.eu\/#organization","name":"Suministros para velas de lujo de Amberes","url":"https:\/\/luxurycandlesupplies.eu\/","logo":{"@type":"ImageObject","inLanguage":"es","@id":"https:\/\/luxurycandlesupplies.eu\/#\/schema\/logo\/image\/","url":"https:\/\/luxurycandlesupplies.eu\/app\/uploads\/2022\/03\/antwerp-luxury-candle-supplies-1x.png","contentUrl":"https:\/\/luxurycandlesupplies.eu\/app\/uploads\/2022\/03\/antwerp-luxury-candle-supplies-1x.png","width":330,"height":60,"caption":"Antwerp Luxury Candle Supplies"},"image":{"@id":"https:\/\/luxurycandlesupplies.eu\/#\/schema\/logo\/image\/"},"sameAs":["https:\/\/www.facebook.com\/Antwerpluxurycandlesupplies\/","https:\/\/www.instagram.com\/antwerp_luxury_candle_supplies\/","https:\/\/pin.it\/7joOXRW"]}]}},"_links":{"self":[{"href":"https:\/\/luxurycandlesupplies.eu\/es\/wp-json\/wp\/v2\/product\/12826","targetHints":{"allow":["GET"]}}],"collection":[{"href":"https:\/\/luxurycandlesupplies.eu\/es\/wp-json\/wp\/v2\/product"}],"about":[{"href":"https:\/\/luxurycandlesupplies.eu\/es\/wp-json\/wp\/v2\/types\/product"}],"wp:featuredmedia":[{"embeddable":true,"href":"https:\/\/luxurycandlesupplies.eu\/es\/wp-json\/wp\/v2\/media\/22724"}],"wp:attachment":[{"href":"https:\/\/luxurycandlesupplies.eu\/es\/wp-json\/wp\/v2\/media?parent=12826"}],"wp:term":[{"taxonomy":"product_brand","embeddable":true,"href":"https:\/\/luxurycandlesupplies.eu\/es\/wp-json\/wp\/v2\/product_brand?post=12826"},{"taxonomy":"product_cat","embeddable":true,"href":"https:\/\/luxurycandlesupplies.eu\/es\/wp-json\/wp\/v2\/product_cat?post=12826"},{"taxonomy":"product_tag","embeddable":true,"href":"https:\/\/luxurycandlesupplies.eu\/es\/wp-json\/wp\/v2\/product_tag?post=12826"}],"curies":[{"name":"wp","href":"https:\/\/api.w.org\/{rel}","templated":true}]}}