{"id":12885,"date":"2023-10-05T22:21:26","date_gmt":"2023-10-05T20:21:26","guid":{"rendered":"https:\/\/luxurycandlesupplies.eu\/?post_type=product&#038;p=12885"},"modified":"2026-04-22T13:13:17","modified_gmt":"2026-04-22T11:13:17","slug":"molde-de-columna-281-x-2-cm","status":"publish","type":"product","link":"https:\/\/luxurycandlesupplies.eu\/es\/product\/pillar-mould-281-x-2-cm\/","title":{"rendered":"Molde de pilar 28,1 x 2 cm"},"content":{"rendered":"<h2>DESCRIPCI\u00d3N<\/h2>\n<p>&nbsp;<\/p>\n<p>Molde para pilares de dise\u00f1o elegante con exterior sin textura y parte superior puntiaguda.<\/p>\n<p>El molde incluye un soporte para la mecha de algod\u00f3n en la base del molde.<\/p>\n<p>&nbsp;<\/p>\n<h3>ESPECIFICACIONES<\/h3>\n<hr \/>\n<div><\/div>\n<p><strong>Dimensiones<\/strong>: 20mm\u00d8 x 280,1mmH<br \/>\n<strong>Capacidad de llenado (por fusi\u00f3n)<\/strong>: Aprox. g<\/p>\n<p><strong>Tama\u00f1o de mecha sugerido<\/strong>*: <a href=\"https:\/\/luxurycandlesupplies.eu\/es\/producto\/pilar-mechas-pw-3\/\" target=\"_blank\" rel=\"noopener\">PW3 Mecha de algod\u00f3n<\/a><\/p>\n<p>*Tenga en cuenta que los tama\u00f1os de las mechas son s\u00f3lo sugerencias. Para obtener resultados \u00f3ptimos, recomendamos a los usuarios que realicen sus propias pruebas de mecha con las diferentes mezclas de cera y aceites que vayan a utilizar.<\/p>\n<p>Disponible en unidades sueltas.<\/p>\n<p>NB: Tenga en cuenta que los productos mostrados son s\u00f3lo de referencia. Los productos reales pueden diferir de las im\u00e1genes.<br \/>\nEl producto no incluye la vela pilar terminada, s\u00f3lo el molde de la vela.<\/p>","protected":false},"excerpt":{"rendered":"<h2>DESCRIPCI\u00d3N<\/h2>\n<p>&nbsp;<\/p>\n<p>Molde para pilares de dise\u00f1o elegante con exterior sin textura y parte superior puntiaguda.<\/p>\n<p>El molde incluye un soporte para la mecha de algod\u00f3n en la base del molde.<\/p>\n<p>&nbsp;<\/p>\n<h3>ESPECIFICACIONES<\/h3>\n<hr \/>\n<div><\/div>\n<p><strong>Dimensiones<\/strong>: 20mm\u00d8 x 280,1mmH<br \/>\n<strong>Capacidad de llenado (por fusi\u00f3n)<\/strong>: Aprox. g<\/p>\n<p><strong>Tama\u00f1o de mecha sugerido<\/strong>*: <a href=\"https:\/\/luxurycandlesupplies.eu\/es\/producto\/pilar-mechas-pw-3\/\" target=\"_blank\" rel=\"noopener\">PW3 Mecha de algod\u00f3n<\/a><\/p>\n<p>*Tenga en cuenta que los tama\u00f1os de las mechas son s\u00f3lo sugerencias. Para obtener resultados \u00f3ptimos, recomendamos a los usuarios que realicen sus propias pruebas de mecha con las diferentes mezclas de cera y aceites que vayan a utilizar.<\/p>\n<p>Disponible en unidades sueltas.<\/p>\n<p>NB: Tenga en cuenta que los productos mostrados son s\u00f3lo de referencia. Los productos reales pueden diferir de las im\u00e1genes.<br \/>\nEl producto no incluye la vela pilar terminada, s\u00f3lo el molde de la vela.<\/p>","protected":false},"featured_media":12888,"template":"","meta":{"_acf_changed":false,"site-sidebar-layout":"default","site-content-layout":"default","ast-site-content-layout":"default","site-content-style":"default","site-sidebar-style":"default","ast-global-header-display":"","ast-banner-title-visibility":"","ast-main-header-display":"","ast-hfb-above-header-display":"","ast-hfb-below-header-display":"","ast-hfb-mobile-header-display":"","site-post-title":"","ast-breadcrumbs-content":"","ast-featured-img":"","footer-sml-layout":"","ast-disable-related-posts":"","theme-transparent-header-meta":"default","adv-header-id-meta":"","stick-header-meta":"","header-above-stick-meta":"","header-main-stick-meta":"","header-below-stick-meta":"","astra-migrate-meta-layouts":"set","ast-page-background-enabled":"default","ast-page-background-meta":{"desktop":{"background-color":"","background-image":"","background-repeat":"repeat","background-position":"center center","background-size":"auto","background-attachment":"scroll","background-type":"","background-media":"","overlay-type":"","overlay-color":"","overlay-opacity":"","overlay-gradient":""},"tablet":{"background-color":"","background-image":"","background-repeat":"repeat","background-position":"center center","background-size":"auto","background-attachment":"scroll","background-type":"","background-media":"","overlay-type":"","overlay-color":"","overlay-opacity":"","overlay-gradient":""},"mobile":{"background-color":"","background-image":"","background-repeat":"repeat","background-position":"center center","background-size":"auto","background-attachment":"scroll","background-type":"","background-media":"","overlay-type":"","overlay-color":"","overlay-opacity":"","overlay-gradient":""}},"ast-content-background-meta":{"desktop":{"background-color":"var(--ast-global-color-5)","background-image":"","background-repeat":"repeat","background-position":"center center","background-size":"auto","background-attachment":"scroll","background-type":"","background-media":"","overlay-type":"","overlay-color":"","overlay-opacity":"","overlay-gradient":""},"tablet":{"background-color":"var(--ast-global-color-5)","background-image":"","background-repeat":"repeat","background-position":"center center","background-size":"auto","background-attachment":"scroll","background-type":"","background-media":"","overlay-type":"","overlay-color":"","overlay-opacity":"","overlay-gradient":""},"mobile":{"background-color":"var(--ast-global-color-5)","background-image":"","background-repeat":"repeat","background-position":"center center","background-size":"auto","background-attachment":"scroll","background-type":"","background-media":"","overlay-type":"","overlay-color":"","overlay-opacity":"","overlay-gradient":""}}},"product_brand":[],"product_cat":[244,1378,1348,51],"product_tag":[1372,1345,1375],"class_list":{"0":"post-12885","1":"product","2":"type-product","3":"status-publish","4":"has-post-thumbnail","6":"product_cat-melt-moulds","7":"product_cat-pillar-mould","8":"product_cat-pillars-melts","9":"product_cat-wax-melts","10":"product_tag-moulds","11":"product_tag-pillar","12":"product_tag-ribbed","13":"desktop-align-left","14":"tablet-align-left","15":"mobile-align-left","16":"ast-product-gallery-layout-horizontal-slider","17":"ast-product-tabs-layout-horizontal","19":"first","20":"instock","21":"taxable","22":"shipping-taxable","23":"purchasable","24":"product-type-simple"},"acf":[],"yoast_head":"<title>Pillar Mould 28,1 x 2 cm - Antwerp Luxury Candle Supplies<\/title>\n<meta name=\"robots\" content=\"index, follow, max-snippet:-1, max-image-preview:large, max-video-preview:-1\" \/>\n<link rel=\"canonical\" href=\"https:\/\/luxurycandlesupplies.eu\/es\/producto\/molde-de-columna-281-x-2-cm\/\" \/>\n<meta property=\"og:locale\" content=\"es_ES\" \/>\n<meta property=\"og:type\" content=\"article\" \/>\n<meta property=\"og:title\" content=\"Pillar Mould 28,1 x 2 cm - Antwerp Luxury Candle Supplies\" \/>\n<meta property=\"og:description\" content=\"DESCRIPTION &nbsp;  Stylishly designed hard case Pillar Mould with no texture exterior and pointed top.  Mould includes hold for cotton wick at base of mould.  &nbsp; SPECIFICATIONS     Dimensions: 20mm\u00d8 x 280,1mmH Fill Capacity (per melt): Approx. g  Suggested Wick Size*: PW3 Cotton wick  *Please note, wick sizes are suggestions only. For optimum results, we recommend users conduct their own wick tests with different blends of wax and oils that they intend to use.  Available in single units.  NB: Please note products shown are for reference only. Actual products may differ from images pictured. Product does not include completed pillar candle, only the candle mould.\" \/>\n<meta property=\"og:url\" content=\"https:\/\/luxurycandlesupplies.eu\/es\/producto\/molde-de-columna-281-x-2-cm\/\" \/>\n<meta property=\"og:site_name\" content=\"Antwerp Luxury Candle Supplies\" \/>\n<meta property=\"article:publisher\" content=\"https:\/\/www.facebook.com\/Antwerpluxurycandlesupplies\/\" \/>\n<meta property=\"article:modified_time\" content=\"2026-04-22T11:13:17+00:00\" \/>\n<meta property=\"og:image\" content=\"https:\/\/luxurycandlesupplies.eu\/app\/uploads\/2023\/10\/512712F1-D4A6-45F1-A7A3-1AE7655EA0AE.png\" \/>\n\t<meta property=\"og:image:width\" content=\"1080\" \/>\n\t<meta property=\"og:image:height\" content=\"1080\" \/>\n\t<meta property=\"og:image:type\" content=\"image\/png\" \/>\n<meta name=\"twitter:card\" content=\"summary_large_image\" \/>\n<meta name=\"twitter:label1\" content=\"Tiempo de lectura\" \/>\n\t<meta name=\"twitter:data1\" content=\"1 minuto\" \/>\n<script type=\"application\/ld+json\" class=\"yoast-schema-graph\">{\"@context\":\"https:\\\/\\\/schema.org\",\"@graph\":[{\"@type\":\"WebPage\",\"@id\":\"https:\\\/\\\/luxurycandlesupplies.eu\\\/product\\\/pillar-mould-281-x-2-cm\\\/\",\"url\":\"https:\\\/\\\/luxurycandlesupplies.eu\\\/product\\\/pillar-mould-281-x-2-cm\\\/\",\"name\":\"Pillar Mould 28,1 x 2 cm - Antwerp Luxury Candle Supplies\",\"isPartOf\":{\"@id\":\"https:\\\/\\\/luxurycandlesupplies.eu\\\/#website\"},\"primaryImageOfPage\":{\"@id\":\"https:\\\/\\\/luxurycandlesupplies.eu\\\/product\\\/pillar-mould-281-x-2-cm\\\/#primaryimage\"},\"image\":{\"@id\":\"https:\\\/\\\/luxurycandlesupplies.eu\\\/product\\\/pillar-mould-281-x-2-cm\\\/#primaryimage\"},\"thumbnailUrl\":\"https:\\\/\\\/luxurycandlesupplies.eu\\\/app\\\/uploads\\\/2023\\\/10\\\/512712F1-D4A6-45F1-A7A3-1AE7655EA0AE.png\",\"datePublished\":\"2023-10-05T20:21:26+00:00\",\"dateModified\":\"2026-04-22T11:13:17+00:00\",\"breadcrumb\":{\"@id\":\"https:\\\/\\\/luxurycandlesupplies.eu\\\/product\\\/pillar-mould-281-x-2-cm\\\/#breadcrumb\"},\"inLanguage\":\"es\",\"potentialAction\":[{\"@type\":\"ReadAction\",\"target\":[\"https:\\\/\\\/luxurycandlesupplies.eu\\\/product\\\/pillar-mould-281-x-2-cm\\\/\"]}]},{\"@type\":\"ImageObject\",\"inLanguage\":\"es\",\"@id\":\"https:\\\/\\\/luxurycandlesupplies.eu\\\/product\\\/pillar-mould-281-x-2-cm\\\/#primaryimage\",\"url\":\"https:\\\/\\\/luxurycandlesupplies.eu\\\/app\\\/uploads\\\/2023\\\/10\\\/512712F1-D4A6-45F1-A7A3-1AE7655EA0AE.png\",\"contentUrl\":\"https:\\\/\\\/luxurycandlesupplies.eu\\\/app\\\/uploads\\\/2023\\\/10\\\/512712F1-D4A6-45F1-A7A3-1AE7655EA0AE.png\",\"width\":1080,\"height\":1080},{\"@type\":\"BreadcrumbList\",\"@id\":\"https:\\\/\\\/luxurycandlesupplies.eu\\\/product\\\/pillar-mould-281-x-2-cm\\\/#breadcrumb\",\"itemListElement\":[{\"@type\":\"ListItem\",\"position\":1,\"name\":\"Home\",\"item\":\"https:\\\/\\\/luxurycandlesupplies.eu\\\/\"},{\"@type\":\"ListItem\",\"position\":2,\"name\":\"Shop\",\"item\":\"https:\\\/\\\/luxurycandlesupplies.eu\\\/shop\\\/\"},{\"@type\":\"ListItem\",\"position\":3,\"name\":\"Pillar Mould 28,1 x 2 cm\"}]},{\"@type\":\"WebSite\",\"@id\":\"https:\\\/\\\/luxurycandlesupplies.eu\\\/#website\",\"url\":\"https:\\\/\\\/luxurycandlesupplies.eu\\\/\",\"name\":\"Antwerp Luxury Candle Supplies\",\"description\":\"Distributor of all seasons soy wax\",\"publisher\":{\"@id\":\"https:\\\/\\\/luxurycandlesupplies.eu\\\/#organization\"},\"potentialAction\":[{\"@type\":\"SearchAction\",\"target\":{\"@type\":\"EntryPoint\",\"urlTemplate\":\"https:\\\/\\\/luxurycandlesupplies.eu\\\/?s={search_term_string}\"},\"query-input\":{\"@type\":\"PropertyValueSpecification\",\"valueRequired\":true,\"valueName\":\"search_term_string\"}}],\"inLanguage\":\"es\"},{\"@type\":\"Organization\",\"@id\":\"https:\\\/\\\/luxurycandlesupplies.eu\\\/#organization\",\"name\":\"Antwerp Luxury Candle Supplies\",\"url\":\"https:\\\/\\\/luxurycandlesupplies.eu\\\/\",\"logo\":{\"@type\":\"ImageObject\",\"inLanguage\":\"es\",\"@id\":\"https:\\\/\\\/luxurycandlesupplies.eu\\\/#\\\/schema\\\/logo\\\/image\\\/\",\"url\":\"https:\\\/\\\/luxurycandlesupplies.eu\\\/app\\\/uploads\\\/2022\\\/03\\\/antwerp-luxury-candle-supplies-1x.png\",\"contentUrl\":\"https:\\\/\\\/luxurycandlesupplies.eu\\\/app\\\/uploads\\\/2022\\\/03\\\/antwerp-luxury-candle-supplies-1x.png\",\"width\":330,\"height\":60,\"caption\":\"Antwerp Luxury Candle Supplies\"},\"image\":{\"@id\":\"https:\\\/\\\/luxurycandlesupplies.eu\\\/#\\\/schema\\\/logo\\\/image\\\/\"},\"sameAs\":[\"https:\\\/\\\/www.facebook.com\\\/Antwerpluxurycandlesupplies\\\/\",\"https:\\\/\\\/www.instagram.com\\\/antwerp_luxury_candle_supplies\\\/\",\"https:\\\/\\\/pin.it\\\/7joOXRW\"]}]}<\/script>","yoast_head_json":{"title":"Molde 28,1 x 2 cm - Antwerp Luxury Candle Supplies","robots":{"index":"index","follow":"follow","max-snippet":"max-snippet:-1","max-image-preview":"max-image-preview:large","max-video-preview":"max-video-preview:-1"},"canonical":"https:\/\/luxurycandlesupplies.eu\/es\/producto\/molde-de-columna-281-x-2-cm\/","og_locale":"es_ES","og_type":"article","og_title":"Pillar Mould 28,1 x 2 cm - Antwerp Luxury Candle Supplies","og_description":"DESCRIPTION &nbsp;  Stylishly designed hard case Pillar Mould with no texture exterior and pointed top.  Mould includes hold for cotton wick at base of mould.  &nbsp; SPECIFICATIONS     Dimensions: 20mm\u00d8 x 280,1mmH Fill Capacity (per melt): Approx. g  Suggested Wick Size*: PW3 Cotton wick  *Please note, wick sizes are suggestions only. For optimum results, we recommend users conduct their own wick tests with different blends of wax and oils that they intend to use.  Available in single units.  NB: Please note products shown are for reference only. Actual products may differ from images pictured. Product does not include completed pillar candle, only the candle mould.","og_url":"https:\/\/luxurycandlesupplies.eu\/es\/producto\/molde-de-columna-281-x-2-cm\/","og_site_name":"Antwerp Luxury Candle Supplies","article_publisher":"https:\/\/www.facebook.com\/Antwerpluxurycandlesupplies\/","article_modified_time":"2026-04-22T11:13:17+00:00","og_image":[{"width":1080,"height":1080,"url":"https:\/\/luxurycandlesupplies.eu\/app\/uploads\/2023\/10\/512712F1-D4A6-45F1-A7A3-1AE7655EA0AE.png","type":"image\/png"}],"twitter_card":"summary_large_image","twitter_misc":{"Tiempo de lectura":"1 minuto"},"schema":{"@context":"https:\/\/schema.org","@graph":[{"@type":"WebPage","@id":"https:\/\/luxurycandlesupplies.eu\/product\/pillar-mould-281-x-2-cm\/","url":"https:\/\/luxurycandlesupplies.eu\/product\/pillar-mould-281-x-2-cm\/","name":"Molde 28,1 x 2 cm - Antwerp Luxury Candle Supplies","isPartOf":{"@id":"https:\/\/luxurycandlesupplies.eu\/#website"},"primaryImageOfPage":{"@id":"https:\/\/luxurycandlesupplies.eu\/product\/pillar-mould-281-x-2-cm\/#primaryimage"},"image":{"@id":"https:\/\/luxurycandlesupplies.eu\/product\/pillar-mould-281-x-2-cm\/#primaryimage"},"thumbnailUrl":"https:\/\/luxurycandlesupplies.eu\/app\/uploads\/2023\/10\/512712F1-D4A6-45F1-A7A3-1AE7655EA0AE.png","datePublished":"2023-10-05T20:21:26+00:00","dateModified":"2026-04-22T11:13:17+00:00","breadcrumb":{"@id":"https:\/\/luxurycandlesupplies.eu\/product\/pillar-mould-281-x-2-cm\/#breadcrumb"},"inLanguage":"es","potentialAction":[{"@type":"ReadAction","target":["https:\/\/luxurycandlesupplies.eu\/product\/pillar-mould-281-x-2-cm\/"]}]},{"@type":"ImageObject","inLanguage":"es","@id":"https:\/\/luxurycandlesupplies.eu\/product\/pillar-mould-281-x-2-cm\/#primaryimage","url":"https:\/\/luxurycandlesupplies.eu\/app\/uploads\/2023\/10\/512712F1-D4A6-45F1-A7A3-1AE7655EA0AE.png","contentUrl":"https:\/\/luxurycandlesupplies.eu\/app\/uploads\/2023\/10\/512712F1-D4A6-45F1-A7A3-1AE7655EA0AE.png","width":1080,"height":1080},{"@type":"BreadcrumbList","@id":"https:\/\/luxurycandlesupplies.eu\/product\/pillar-mould-281-x-2-cm\/#breadcrumb","itemListElement":[{"@type":"ListItem","position":1,"name":"Home","item":"https:\/\/luxurycandlesupplies.eu\/"},{"@type":"ListItem","position":2,"name":"Shop","item":"https:\/\/luxurycandlesupplies.eu\/shop\/"},{"@type":"ListItem","position":3,"name":"Pillar Mould 28,1 x 2 cm"}]},{"@type":"WebSite","@id":"https:\/\/luxurycandlesupplies.eu\/#website","url":"https:\/\/luxurycandlesupplies.eu\/","name":"Suministros para velas de lujo de Amberes","description":"Distribuidor de cera de soja para todas las estaciones","publisher":{"@id":"https:\/\/luxurycandlesupplies.eu\/#organization"},"potentialAction":[{"@type":"SearchAction","target":{"@type":"EntryPoint","urlTemplate":"https:\/\/luxurycandlesupplies.eu\/?s={search_term_string}"},"query-input":{"@type":"PropertyValueSpecification","valueRequired":true,"valueName":"search_term_string"}}],"inLanguage":"es"},{"@type":"Organization","@id":"https:\/\/luxurycandlesupplies.eu\/#organization","name":"Suministros para velas de lujo de Amberes","url":"https:\/\/luxurycandlesupplies.eu\/","logo":{"@type":"ImageObject","inLanguage":"es","@id":"https:\/\/luxurycandlesupplies.eu\/#\/schema\/logo\/image\/","url":"https:\/\/luxurycandlesupplies.eu\/app\/uploads\/2022\/03\/antwerp-luxury-candle-supplies-1x.png","contentUrl":"https:\/\/luxurycandlesupplies.eu\/app\/uploads\/2022\/03\/antwerp-luxury-candle-supplies-1x.png","width":330,"height":60,"caption":"Antwerp Luxury Candle Supplies"},"image":{"@id":"https:\/\/luxurycandlesupplies.eu\/#\/schema\/logo\/image\/"},"sameAs":["https:\/\/www.facebook.com\/Antwerpluxurycandlesupplies\/","https:\/\/www.instagram.com\/antwerp_luxury_candle_supplies\/","https:\/\/pin.it\/7joOXRW"]}]}},"_links":{"self":[{"href":"https:\/\/luxurycandlesupplies.eu\/es\/wp-json\/wp\/v2\/product\/12885","targetHints":{"allow":["GET"]}}],"collection":[{"href":"https:\/\/luxurycandlesupplies.eu\/es\/wp-json\/wp\/v2\/product"}],"about":[{"href":"https:\/\/luxurycandlesupplies.eu\/es\/wp-json\/wp\/v2\/types\/product"}],"wp:featuredmedia":[{"embeddable":true,"href":"https:\/\/luxurycandlesupplies.eu\/es\/wp-json\/wp\/v2\/media\/12888"}],"wp:attachment":[{"href":"https:\/\/luxurycandlesupplies.eu\/es\/wp-json\/wp\/v2\/media?parent=12885"}],"wp:term":[{"taxonomy":"product_brand","embeddable":true,"href":"https:\/\/luxurycandlesupplies.eu\/es\/wp-json\/wp\/v2\/product_brand?post=12885"},{"taxonomy":"product_cat","embeddable":true,"href":"https:\/\/luxurycandlesupplies.eu\/es\/wp-json\/wp\/v2\/product_cat?post=12885"},{"taxonomy":"product_tag","embeddable":true,"href":"https:\/\/luxurycandlesupplies.eu\/es\/wp-json\/wp\/v2\/product_tag?post=12885"}],"curies":[{"name":"wp","href":"https:\/\/api.w.org\/{rel}","templated":true}]}}