{"id":14888,"date":"2024-01-23T14:12:03","date_gmt":"2024-01-23T13:12:03","guid":{"rendered":"https:\/\/luxurycandlesupplies.eu\/?post_type=product&#038;p=14888"},"modified":"2026-04-27T11:23:50","modified_gmt":"2026-04-27T09:23:50","slug":"difusor-urbano-estuche-regalo-200ml-negro-empolvado","status":"publish","type":"product","link":"https:\/\/luxurycandlesupplies.eu\/es\/product\/urban-diffuser-gift-box-200ml-dusty-black\/","title":{"rendered":"Urban Difusor Caja Regalo Sin Ventana (200ML) - Negro Polvo"},"content":{"rendered":"<h4>DESCRIPCI\u00d3N<\/h4>\n<p>&nbsp;<\/p>\n<div class=\"product info detailed after-content\">\n<div class=\"product data items\">\n<div class=\"product-data-items-content\">\n<div id=\"attributedescription\" class=\"data item content\" role=\"tabpanel\" data-role=\"content\" aria-labelledby=\"tab-label-attributedescription\" aria-hidden=\"false\">\n<div class=\"product attribute description\">\n<div class=\"value\">\n<p>Las opciones de embalaje de Antwerp Luxury Candle Supplies son imprescindibles para cualquier negocio.<\/p>\n<p>Este paquete plano se combina con un inserto ondulado para reforzar su caja y mantener la botella y las ca\u00f1as en su sitio. No tiene corte de ventana, por lo que puede hacer su propia marca.<\/p>\n<p>&nbsp;<\/p>\n<p><strong>IMPORTANTE<\/strong>\u00a1! Tenga en cuenta que este paquete plano NO tiene ventana abierta.\u00a0<span style=\"font-size: 16px;\">Adecuado para la gama de difusores Urban.<\/span><\/p>\n<\/div>\n<\/div>\n<\/div>\n<\/div>\n<\/div>\n<\/div>","protected":false},"excerpt":{"rendered":"<h3>ESPECIFICACIONES<\/h3>\n<hr \/>\n<div><\/div>\n<p><strong>Difusores adecuados<\/strong>: <a href=\"https:\/\/luxurycandlesupplies.eu\/es\/producto\/botella-difusora-alta-200ml-negro-brillante\/\">Gama de difusores Urban de 200 ml<\/a><\/p>\n<p><strong>Material<\/strong>: Incluye un inserto de cartulina gruesa para reforzar la estructura de la caja y sujetar la botella y las ca\u00f1as.<br \/>\n<strong>Dimensi\u00f3n exterior<\/strong>: 85mmAn x 85mmF x 205mmAl<\/p>\n<p>Se venden en paquetes de 10 unidades.<\/p>\n<p><strong>Tama\u00f1o de la caja<\/strong>: 600<\/p>\n<p>Tenga en cuenta que la foto del producto puede diferir del art\u00edculo real en cuanto al color debido a la iluminaci\u00f3n o a la fabricaci\u00f3n.<\/p>\n<p><strong>IMPORTANTE<\/strong>\u00a1! Tenga en cuenta que este paquete plano con ventana no tiene l\u00e1mina transparente en la zona de la ventana. La zona de la ventana est\u00e1 abierta.<\/p>","protected":false},"featured_media":14893,"template":"","meta":{"_acf_changed":false,"site-sidebar-layout":"default","site-content-layout":"default","ast-site-content-layout":"default","site-content-style":"default","site-sidebar-style":"default","ast-global-header-display":"","ast-banner-title-visibility":"","ast-main-header-display":"","ast-hfb-above-header-display":"","ast-hfb-below-header-display":"","ast-hfb-mobile-header-display":"","site-post-title":"","ast-breadcrumbs-content":"","ast-featured-img":"","footer-sml-layout":"","ast-disable-related-posts":"","theme-transparent-header-meta":"default","adv-header-id-meta":"","stick-header-meta":"","header-above-stick-meta":"","header-main-stick-meta":"","header-below-stick-meta":"","astra-migrate-meta-layouts":"set","ast-page-background-enabled":"default","ast-page-background-meta":{"desktop":{"background-color":"","background-image":"","background-repeat":"repeat","background-position":"center center","background-size":"auto","background-attachment":"scroll","background-type":"","background-media":"","overlay-type":"","overlay-color":"","overlay-opacity":"","overlay-gradient":""},"tablet":{"background-color":"","background-image":"","background-repeat":"repeat","background-position":"center center","background-size":"auto","background-attachment":"scroll","background-type":"","background-media":"","overlay-type":"","overlay-color":"","overlay-opacity":"","overlay-gradient":""},"mobile":{"background-color":"","background-image":"","background-repeat":"repeat","background-position":"center center","background-size":"auto","background-attachment":"scroll","background-type":"","background-media":"","overlay-type":"","overlay-color":"","overlay-opacity":"","overlay-gradient":""}},"ast-content-background-meta":{"desktop":{"background-color":"var(--ast-global-color-5)","background-image":"","background-repeat":"repeat","background-position":"center center","background-size":"auto","background-attachment":"scroll","background-type":"","background-media":"","overlay-type":"","overlay-color":"","overlay-opacity":"","overlay-gradient":""},"tablet":{"background-color":"var(--ast-global-color-5)","background-image":"","background-repeat":"repeat","background-position":"center center","background-size":"auto","background-attachment":"scroll","background-type":"","background-media":"","overlay-type":"","overlay-color":"","overlay-opacity":"","overlay-gradient":""},"mobile":{"background-color":"var(--ast-global-color-5)","background-image":"","background-repeat":"repeat","background-position":"center center","background-size":"auto","background-attachment":"scroll","background-type":"","background-media":"","overlay-type":"","overlay-color":"","overlay-opacity":"","overlay-gradient":""}}},"product_brand":[],"product_cat":[67,1577,1651,1646,1329],"product_tag":[149,1332,281,396,1335],"class_list":{"0":"post-14888","1":"product","2":"type-product","3":"status-publish","4":"has-post-thumbnail","6":"product_cat-candlejars","7":"product_cat-diffuser-box","8":"product_cat-diffuser-packaging","9":"product_cat-diffusers-diffusers","10":"product_cat-diffusers","11":"product_tag-black","12":"product_tag-diffuser","13":"product_tag-fragrance","14":"product_tag-matte","15":"product_tag-reeds","16":"desktop-align-left","17":"tablet-align-left","18":"mobile-align-left","19":"ast-product-gallery-layout-horizontal-slider","20":"ast-product-tabs-layout-horizontal","22":"first","23":"instock","24":"taxable","25":"shipping-taxable","26":"purchasable","27":"product-type-simple"},"acf":[],"yoast_head":"<title>Urban Diffuser Gift Box Without Window (200ML) - Dusty Black - Antwerp Luxury Candle Supplies<\/title>\n<meta name=\"robots\" content=\"index, follow, max-snippet:-1, max-image-preview:large, max-video-preview:-1\" \/>\n<link rel=\"canonical\" href=\"https:\/\/luxurycandlesupplies.eu\/es\/producto\/difusor-urbano-estuche-regalo-200ml-negro-empolvado\/\" \/>\n<meta property=\"og:locale\" content=\"es_ES\" \/>\n<meta property=\"og:type\" content=\"article\" \/>\n<meta property=\"og:title\" content=\"Urban Diffuser Gift Box Without Window (200ML) - Dusty Black - Antwerp Luxury Candle Supplies\" \/>\n<meta property=\"og:description\" content=\"SPECIFICATIONS     Suitable diffusers: 200ml \u00a0Urban Diffuser Range  Material: Includes thick card stock insert to reinforce box structure and hold bottle &amp; reeds. External Dimension: 85mmW x 85mmD x 205mmH  Sold in bundles of 10.  Carton size: 600  Please note, product photo may differ from actual item in terms of colour due to lighting and\/or manufacturing.  IMPORTANT! Please note this windowed flat pack does not have any clear film in the window area. The window area is open.\" \/>\n<meta property=\"og:url\" content=\"https:\/\/luxurycandlesupplies.eu\/es\/producto\/difusor-urbano-estuche-regalo-200ml-negro-empolvado\/\" \/>\n<meta property=\"og:site_name\" content=\"Antwerp Luxury Candle Supplies\" \/>\n<meta property=\"article:publisher\" content=\"https:\/\/www.facebook.com\/Antwerpluxurycandlesupplies\/\" \/>\n<meta property=\"article:modified_time\" content=\"2026-04-27T09:23:50+00:00\" \/>\n<meta property=\"og:image\" content=\"https:\/\/luxurycandlesupplies.eu\/app\/uploads\/2024\/01\/26B6E1BD-DA88-41A3-8987-29439792E4B9.png\" \/>\n\t<meta property=\"og:image:width\" content=\"1170\" \/>\n\t<meta property=\"og:image:height\" content=\"1159\" \/>\n\t<meta property=\"og:image:type\" content=\"image\/png\" \/>\n<meta name=\"twitter:card\" content=\"summary_large_image\" \/>\n<meta name=\"twitter:label1\" content=\"Tiempo de lectura\" \/>\n\t<meta name=\"twitter:data1\" content=\"1 minuto\" \/>\n<script type=\"application\/ld+json\" class=\"yoast-schema-graph\">{\"@context\":\"https:\\\/\\\/schema.org\",\"@graph\":[{\"@type\":\"WebPage\",\"@id\":\"https:\\\/\\\/luxurycandlesupplies.eu\\\/product\\\/urban-diffuser-gift-box-200ml-dusty-black\\\/\",\"url\":\"https:\\\/\\\/luxurycandlesupplies.eu\\\/product\\\/urban-diffuser-gift-box-200ml-dusty-black\\\/\",\"name\":\"Urban Diffuser Gift Box Without Window (200ML) - Dusty Black - Antwerp Luxury Candle Supplies\",\"isPartOf\":{\"@id\":\"https:\\\/\\\/luxurycandlesupplies.eu\\\/#website\"},\"primaryImageOfPage\":{\"@id\":\"https:\\\/\\\/luxurycandlesupplies.eu\\\/product\\\/urban-diffuser-gift-box-200ml-dusty-black\\\/#primaryimage\"},\"image\":{\"@id\":\"https:\\\/\\\/luxurycandlesupplies.eu\\\/product\\\/urban-diffuser-gift-box-200ml-dusty-black\\\/#primaryimage\"},\"thumbnailUrl\":\"https:\\\/\\\/luxurycandlesupplies.eu\\\/app\\\/uploads\\\/2024\\\/01\\\/26B6E1BD-DA88-41A3-8987-29439792E4B9.png\",\"datePublished\":\"2024-01-23T13:12:03+00:00\",\"dateModified\":\"2026-04-27T09:23:50+00:00\",\"breadcrumb\":{\"@id\":\"https:\\\/\\\/luxurycandlesupplies.eu\\\/product\\\/urban-diffuser-gift-box-200ml-dusty-black\\\/#breadcrumb\"},\"inLanguage\":\"es\",\"potentialAction\":[{\"@type\":\"ReadAction\",\"target\":[\"https:\\\/\\\/luxurycandlesupplies.eu\\\/product\\\/urban-diffuser-gift-box-200ml-dusty-black\\\/\"]}]},{\"@type\":\"ImageObject\",\"inLanguage\":\"es\",\"@id\":\"https:\\\/\\\/luxurycandlesupplies.eu\\\/product\\\/urban-diffuser-gift-box-200ml-dusty-black\\\/#primaryimage\",\"url\":\"https:\\\/\\\/luxurycandlesupplies.eu\\\/app\\\/uploads\\\/2024\\\/01\\\/26B6E1BD-DA88-41A3-8987-29439792E4B9.png\",\"contentUrl\":\"https:\\\/\\\/luxurycandlesupplies.eu\\\/app\\\/uploads\\\/2024\\\/01\\\/26B6E1BD-DA88-41A3-8987-29439792E4B9.png\",\"width\":1170,\"height\":1159},{\"@type\":\"BreadcrumbList\",\"@id\":\"https:\\\/\\\/luxurycandlesupplies.eu\\\/product\\\/urban-diffuser-gift-box-200ml-dusty-black\\\/#breadcrumb\",\"itemListElement\":[{\"@type\":\"ListItem\",\"position\":1,\"name\":\"Home\",\"item\":\"https:\\\/\\\/luxurycandlesupplies.eu\\\/\"},{\"@type\":\"ListItem\",\"position\":2,\"name\":\"Shop\",\"item\":\"https:\\\/\\\/luxurycandlesupplies.eu\\\/shop\\\/\"},{\"@type\":\"ListItem\",\"position\":3,\"name\":\"Urban Diffuser Gift Box Without Window (200ML) &#8211; Dusty Black\"}]},{\"@type\":\"WebSite\",\"@id\":\"https:\\\/\\\/luxurycandlesupplies.eu\\\/#website\",\"url\":\"https:\\\/\\\/luxurycandlesupplies.eu\\\/\",\"name\":\"Antwerp Luxury Candle Supplies\",\"description\":\"Distributor of all seasons soy wax\",\"publisher\":{\"@id\":\"https:\\\/\\\/luxurycandlesupplies.eu\\\/#organization\"},\"potentialAction\":[{\"@type\":\"SearchAction\",\"target\":{\"@type\":\"EntryPoint\",\"urlTemplate\":\"https:\\\/\\\/luxurycandlesupplies.eu\\\/?s={search_term_string}\"},\"query-input\":{\"@type\":\"PropertyValueSpecification\",\"valueRequired\":true,\"valueName\":\"search_term_string\"}}],\"inLanguage\":\"es\"},{\"@type\":\"Organization\",\"@id\":\"https:\\\/\\\/luxurycandlesupplies.eu\\\/#organization\",\"name\":\"Antwerp Luxury Candle Supplies\",\"url\":\"https:\\\/\\\/luxurycandlesupplies.eu\\\/\",\"logo\":{\"@type\":\"ImageObject\",\"inLanguage\":\"es\",\"@id\":\"https:\\\/\\\/luxurycandlesupplies.eu\\\/#\\\/schema\\\/logo\\\/image\\\/\",\"url\":\"https:\\\/\\\/luxurycandlesupplies.eu\\\/app\\\/uploads\\\/2022\\\/03\\\/antwerp-luxury-candle-supplies-1x.png\",\"contentUrl\":\"https:\\\/\\\/luxurycandlesupplies.eu\\\/app\\\/uploads\\\/2022\\\/03\\\/antwerp-luxury-candle-supplies-1x.png\",\"width\":330,\"height\":60,\"caption\":\"Antwerp Luxury Candle Supplies\"},\"image\":{\"@id\":\"https:\\\/\\\/luxurycandlesupplies.eu\\\/#\\\/schema\\\/logo\\\/image\\\/\"},\"sameAs\":[\"https:\\\/\\\/www.facebook.com\\\/Antwerpluxurycandlesupplies\\\/\",\"https:\\\/\\\/www.instagram.com\\\/antwerp_luxury_candle_supplies\\\/\",\"https:\\\/\\\/pin.it\\\/7joOXRW\"]}]}<\/script>","yoast_head_json":{"title":"Urban Difusor Caja de Regalo Sin Ventana (200ML) - Negro Polvo - Antwerp Luxury Candle Supplies","robots":{"index":"index","follow":"follow","max-snippet":"max-snippet:-1","max-image-preview":"max-image-preview:large","max-video-preview":"max-video-preview:-1"},"canonical":"https:\/\/luxurycandlesupplies.eu\/es\/producto\/difusor-urbano-estuche-regalo-200ml-negro-empolvado\/","og_locale":"es_ES","og_type":"article","og_title":"Urban Diffuser Gift Box Without Window (200ML) - Dusty Black - Antwerp Luxury Candle Supplies","og_description":"SPECIFICATIONS     Suitable diffusers: 200ml \u00a0Urban Diffuser Range  Material: Includes thick card stock insert to reinforce box structure and hold bottle &amp; reeds. External Dimension: 85mmW x 85mmD x 205mmH  Sold in bundles of 10.  Carton size: 600  Please note, product photo may differ from actual item in terms of colour due to lighting and\/or manufacturing.  IMPORTANT! Please note this windowed flat pack does not have any clear film in the window area. The window area is open.","og_url":"https:\/\/luxurycandlesupplies.eu\/es\/producto\/difusor-urbano-estuche-regalo-200ml-negro-empolvado\/","og_site_name":"Antwerp Luxury Candle Supplies","article_publisher":"https:\/\/www.facebook.com\/Antwerpluxurycandlesupplies\/","article_modified_time":"2026-04-27T09:23:50+00:00","og_image":[{"width":1170,"height":1159,"url":"https:\/\/luxurycandlesupplies.eu\/app\/uploads\/2024\/01\/26B6E1BD-DA88-41A3-8987-29439792E4B9.png","type":"image\/png"}],"twitter_card":"summary_large_image","twitter_misc":{"Tiempo de lectura":"1 minuto"},"schema":{"@context":"https:\/\/schema.org","@graph":[{"@type":"WebPage","@id":"https:\/\/luxurycandlesupplies.eu\/product\/urban-diffuser-gift-box-200ml-dusty-black\/","url":"https:\/\/luxurycandlesupplies.eu\/product\/urban-diffuser-gift-box-200ml-dusty-black\/","name":"Urban Difusor Caja de Regalo Sin Ventana (200ML) - Negro Polvo - Antwerp Luxury Candle Supplies","isPartOf":{"@id":"https:\/\/luxurycandlesupplies.eu\/#website"},"primaryImageOfPage":{"@id":"https:\/\/luxurycandlesupplies.eu\/product\/urban-diffuser-gift-box-200ml-dusty-black\/#primaryimage"},"image":{"@id":"https:\/\/luxurycandlesupplies.eu\/product\/urban-diffuser-gift-box-200ml-dusty-black\/#primaryimage"},"thumbnailUrl":"https:\/\/luxurycandlesupplies.eu\/app\/uploads\/2024\/01\/26B6E1BD-DA88-41A3-8987-29439792E4B9.png","datePublished":"2024-01-23T13:12:03+00:00","dateModified":"2026-04-27T09:23:50+00:00","breadcrumb":{"@id":"https:\/\/luxurycandlesupplies.eu\/product\/urban-diffuser-gift-box-200ml-dusty-black\/#breadcrumb"},"inLanguage":"es","potentialAction":[{"@type":"ReadAction","target":["https:\/\/luxurycandlesupplies.eu\/product\/urban-diffuser-gift-box-200ml-dusty-black\/"]}]},{"@type":"ImageObject","inLanguage":"es","@id":"https:\/\/luxurycandlesupplies.eu\/product\/urban-diffuser-gift-box-200ml-dusty-black\/#primaryimage","url":"https:\/\/luxurycandlesupplies.eu\/app\/uploads\/2024\/01\/26B6E1BD-DA88-41A3-8987-29439792E4B9.png","contentUrl":"https:\/\/luxurycandlesupplies.eu\/app\/uploads\/2024\/01\/26B6E1BD-DA88-41A3-8987-29439792E4B9.png","width":1170,"height":1159},{"@type":"BreadcrumbList","@id":"https:\/\/luxurycandlesupplies.eu\/product\/urban-diffuser-gift-box-200ml-dusty-black\/#breadcrumb","itemListElement":[{"@type":"ListItem","position":1,"name":"Home","item":"https:\/\/luxurycandlesupplies.eu\/"},{"@type":"ListItem","position":2,"name":"Shop","item":"https:\/\/luxurycandlesupplies.eu\/shop\/"},{"@type":"ListItem","position":3,"name":"Urban Diffuser Gift Box Without Window (200ML) &#8211; Dusty Black"}]},{"@type":"WebSite","@id":"https:\/\/luxurycandlesupplies.eu\/#website","url":"https:\/\/luxurycandlesupplies.eu\/","name":"Suministros para velas de lujo de Amberes","description":"Distribuidor de cera de soja para todas las estaciones","publisher":{"@id":"https:\/\/luxurycandlesupplies.eu\/#organization"},"potentialAction":[{"@type":"SearchAction","target":{"@type":"EntryPoint","urlTemplate":"https:\/\/luxurycandlesupplies.eu\/?s={search_term_string}"},"query-input":{"@type":"PropertyValueSpecification","valueRequired":true,"valueName":"search_term_string"}}],"inLanguage":"es"},{"@type":"Organization","@id":"https:\/\/luxurycandlesupplies.eu\/#organization","name":"Suministros para velas de lujo de Amberes","url":"https:\/\/luxurycandlesupplies.eu\/","logo":{"@type":"ImageObject","inLanguage":"es","@id":"https:\/\/luxurycandlesupplies.eu\/#\/schema\/logo\/image\/","url":"https:\/\/luxurycandlesupplies.eu\/app\/uploads\/2022\/03\/antwerp-luxury-candle-supplies-1x.png","contentUrl":"https:\/\/luxurycandlesupplies.eu\/app\/uploads\/2022\/03\/antwerp-luxury-candle-supplies-1x.png","width":330,"height":60,"caption":"Antwerp Luxury Candle Supplies"},"image":{"@id":"https:\/\/luxurycandlesupplies.eu\/#\/schema\/logo\/image\/"},"sameAs":["https:\/\/www.facebook.com\/Antwerpluxurycandlesupplies\/","https:\/\/www.instagram.com\/antwerp_luxury_candle_supplies\/","https:\/\/pin.it\/7joOXRW"]}]}},"_links":{"self":[{"href":"https:\/\/luxurycandlesupplies.eu\/es\/wp-json\/wp\/v2\/product\/14888","targetHints":{"allow":["GET"]}}],"collection":[{"href":"https:\/\/luxurycandlesupplies.eu\/es\/wp-json\/wp\/v2\/product"}],"about":[{"href":"https:\/\/luxurycandlesupplies.eu\/es\/wp-json\/wp\/v2\/types\/product"}],"wp:featuredmedia":[{"embeddable":true,"href":"https:\/\/luxurycandlesupplies.eu\/es\/wp-json\/wp\/v2\/media\/14893"}],"wp:attachment":[{"href":"https:\/\/luxurycandlesupplies.eu\/es\/wp-json\/wp\/v2\/media?parent=14888"}],"wp:term":[{"taxonomy":"product_brand","embeddable":true,"href":"https:\/\/luxurycandlesupplies.eu\/es\/wp-json\/wp\/v2\/product_brand?post=14888"},{"taxonomy":"product_cat","embeddable":true,"href":"https:\/\/luxurycandlesupplies.eu\/es\/wp-json\/wp\/v2\/product_cat?post=14888"},{"taxonomy":"product_tag","embeddable":true,"href":"https:\/\/luxurycandlesupplies.eu\/es\/wp-json\/wp\/v2\/product_tag?post=14888"}],"curies":[{"name":"wp","href":"https:\/\/api.w.org\/{rel}","templated":true}]}}