{"id":16522,"date":"2024-06-27T15:37:12","date_gmt":"2024-06-27T13:37:12","guid":{"rendered":"https:\/\/luxurycandlesupplies.eu\/?post_type=product&#038;p=16522"},"modified":"2026-05-11T22:59:25","modified_gmt":"2026-05-11T20:59:25","slug":"tarro-boticario-ambar-tapa-negra-500ml","status":"publish","type":"product","link":"https:\/\/luxurycandlesupplies.eu\/es\/product\/apothecary-jar-amber-black-lid-500ml\/","title":{"rendered":"Bote Boticario - \u00c1mbar Tapa Negra 500ml"},"content":{"rendered":"<h4>DESCRIPCI\u00d3N<\/h4>\n<div class=\"product info detailed after-content\">\n<div class=\"product data items\">\n<div class=\"product-data-items-content\">\n<div id=\"attributedescription\" class=\"data item content\" role=\"tabpanel\" data-role=\"content\" aria-labelledby=\"tab-label-attributedescription\" aria-hidden=\"false\">\n<p>&nbsp;<\/p>\n<p style=\"text-align: left;\" align=\"center\">El tarro de cristal \u00e1mbar pulverizado y tap\u00f3n de aluminio de 500 ml mezcla el dise\u00f1o cl\u00e1sico con la funcionalidad moderna, todo en uno.<\/p>\n<p style=\"text-align: left;\" align=\"center\"><strong>Envases adecuados<\/strong>: La gama Apothecary se entrega con una caja de regalo blanca complementaria.<\/p>\n<p style=\"text-align: left;\" align=\"center\"><strong>Viene con tapa de rosca.<\/strong><\/p>\n<p style=\"text-align: left;\" align=\"center\"><strong>Tama\u00f1o de mecha sugerido<\/strong>*:\u00a0<a href=\"https:\/\/luxurycandlesupplies.eu\/es\/producto\/mechas-de-lcs-75\/\">LCS 75<\/a>,\u00a0<a href=\"https:\/\/luxurycandlesupplies.eu\/es\/producto\/mechas-de-lcs-80\/\">LCS 80<\/a>,\u00a0<a href=\"https:\/\/luxurycandlesupplies.eu\/es\/producto\/mecha-de-madera-dubbel-13-x-150-mm\/\">DWW 13<\/a><\/p>\n<p style=\"text-align: left;\" align=\"center\">*Tenga en cuenta que los tama\u00f1os de las mechas son s\u00f3lo sugerencias.<\/p>\n<p style=\"text-align: left;\" align=\"center\">Disponible en unidades sueltas.<\/p>\n<div class=\"product attribute description\">\n<div class=\"value\">\n<p>&nbsp;<\/p>\n<\/div>\n<\/div>\n<\/div>\n<\/div>\n<\/div>\n<\/div>","protected":false},"excerpt":{"rendered":"<h4>DESCRIPCI\u00d3N<\/h4>\n<div class=\"product info detailed after-content\">\n<div class=\"product data items\">\n<div class=\"product-data-items-content\">\n<div id=\"attributedescription\" class=\"data item content\" role=\"tabpanel\" data-role=\"content\" aria-labelledby=\"tab-label-attributedescription\" aria-hidden=\"false\">\n<p>&nbsp;<\/p>\n<p style=\"text-align: left;\" align=\"center\">El tarro de cristal \u00e1mbar pulverizado y tap\u00f3n de aluminio de 500 ml mezcla el dise\u00f1o cl\u00e1sico con la funcionalidad moderna, todo en uno.<\/p>\n<p style=\"text-align: left;\" align=\"center\"><strong>Envases adecuados<\/strong>: La gama Apothecary se entrega con una caja de regalo blanca complementaria.<\/p>\n<p style=\"text-align: left;\" align=\"center\"><strong>Viene con tapa de rosca.<\/strong><\/p>\n<p style=\"text-align: left;\" align=\"center\"><strong>Tama\u00f1o de mecha sugerido<\/strong>*:\u00a0<a href=\"https:\/\/luxurycandlesupplies.eu\/es\/producto\/mechas-de-lcs-75\/\">LCS 75<\/a>,\u00a0<a href=\"https:\/\/luxurycandlesupplies.eu\/es\/producto\/mechas-de-lcs-80\/\">LCS 80<\/a>,\u00a0<a href=\"https:\/\/luxurycandlesupplies.eu\/es\/producto\/mecha-de-madera-dubbel-13-x-150-mm\/\">DWW 13<\/a><\/p>\n<p style=\"text-align: left;\" align=\"center\">*Tenga en cuenta que los tama\u00f1os de las mechas son s\u00f3lo sugerencias.<\/p>\n<p style=\"text-align: left;\" align=\"center\">Disponible en unidades sueltas.<\/p>\n<p align=\"center\">\n<\/div>\n<\/div>\n<p><strong>Dimensiones internas del recipiente<\/strong>: 80mmAn x 80mmAl<\/p>\n<p><strong>Dimensiones exteriores del recipiente<\/strong>90 mm de ancho x 95 mm de alto (con tapa)<\/p>\n<div class=\"product-data-items-content\">\n<div id=\"attributedescription\" class=\"data item content\" role=\"tabpanel\" data-role=\"content\" aria-labelledby=\"tab-label-attributedescription\" aria-hidden=\"false\">\n<div class=\"product attribute description\">\n<div class=\"value\">\n<p>&nbsp;<\/p>\n<\/div>\n<\/div>\n<\/div>\n<\/div>\n<\/div>\n<\/div>","protected":false},"featured_media":16523,"template":"","meta":{"_acf_changed":false,"site-sidebar-layout":"default","site-content-layout":"default","ast-site-content-layout":"default","site-content-style":"default","site-sidebar-style":"default","ast-global-header-display":"","ast-banner-title-visibility":"","ast-main-header-display":"","ast-hfb-above-header-display":"","ast-hfb-below-header-display":"","ast-hfb-mobile-header-display":"","site-post-title":"","ast-breadcrumbs-content":"","ast-featured-img":"","footer-sml-layout":"","ast-disable-related-posts":"","theme-transparent-header-meta":"default","adv-header-id-meta":"","stick-header-meta":"","header-above-stick-meta":"","header-main-stick-meta":"","header-below-stick-meta":"","astra-migrate-meta-layouts":"set","ast-page-background-enabled":"default","ast-page-background-meta":{"desktop":{"background-color":"","background-image":"","background-repeat":"repeat","background-position":"center center","background-size":"auto","background-attachment":"scroll","background-type":"","background-media":"","overlay-type":"","overlay-color":"","overlay-opacity":"","overlay-gradient":""},"tablet":{"background-color":"","background-image":"","background-repeat":"repeat","background-position":"center center","background-size":"auto","background-attachment":"scroll","background-type":"","background-media":"","overlay-type":"","overlay-color":"","overlay-opacity":"","overlay-gradient":""},"mobile":{"background-color":"","background-image":"","background-repeat":"repeat","background-position":"center center","background-size":"auto","background-attachment":"scroll","background-type":"","background-media":"","overlay-type":"","overlay-color":"","overlay-opacity":"","overlay-gradient":""}},"ast-content-background-meta":{"desktop":{"background-color":"var(--ast-global-color-5)","background-image":"","background-repeat":"repeat","background-position":"center center","background-size":"auto","background-attachment":"scroll","background-type":"","background-media":"","overlay-type":"","overlay-color":"","overlay-opacity":"","overlay-gradient":""},"tablet":{"background-color":"var(--ast-global-color-5)","background-image":"","background-repeat":"repeat","background-position":"center center","background-size":"auto","background-attachment":"scroll","background-type":"","background-media":"","overlay-type":"","overlay-color":"","overlay-opacity":"","overlay-gradient":""},"mobile":{"background-color":"var(--ast-global-color-5)","background-image":"","background-repeat":"repeat","background-position":"center center","background-size":"auto","background-attachment":"scroll","background-type":"","background-media":"","overlay-type":"","overlay-color":"","overlay-opacity":"","overlay-gradient":""}}},"product_brand":[],"product_cat":[1442,67],"product_tag":[124,1445,149,291,1451,364,1446],"class_list":{"0":"post-16522","1":"product","2":"type-product","3":"status-publish","4":"has-post-thumbnail","6":"product_cat-apothecary-collection","7":"product_cat-candlejars","8":"product_tag-amber","9":"product_tag-apothecary","10":"product_tag-black","11":"product_tag-gold","12":"product_tag-jar","13":"product_tag-lid","14":"product_tag-pharmacy","15":"desktop-align-left","16":"tablet-align-left","17":"mobile-align-left","18":"ast-product-gallery-layout-horizontal-slider","19":"ast-product-gallery-with-no-image","20":"ast-product-tabs-layout-horizontal","22":"first","23":"instock","24":"taxable","25":"shipping-taxable","26":"purchasable","27":"product-type-simple"},"acf":[],"yoast_head":"<title>Apothecary Jar - Amber Black Lid 500ml - Antwerp Luxury Candle Supplies<\/title>\n<meta name=\"robots\" content=\"index, follow, max-snippet:-1, max-image-preview:large, max-video-preview:-1\" \/>\n<link rel=\"canonical\" href=\"https:\/\/luxurycandlesupplies.eu\/es\/producto\/tarro-boticario-ambar-tapa-negra-500ml\/\" \/>\n<meta property=\"og:locale\" content=\"es_ES\" \/>\n<meta property=\"og:type\" content=\"article\" \/>\n<meta property=\"og:title\" content=\"Apothecary Jar - Amber Black Lid 500ml - Antwerp Luxury Candle Supplies\" \/>\n<meta property=\"og:description\" content=\"DESCRIPTION      &nbsp; The 500ml sprayed Amber Glass Jar &amp; Aluminium Cap mixes classic design with modern functionality all in one place. Suitable Packaging: The Apothecary range arrive with a complementary white gift box. Comes with screw top lid. Suggested Wick Size*:\u00a0LCS 75,\u00a0LCS 80,\u00a0DWW 13 *Please note, wick sizes are suggestions only. Available in single units.     Internal Vessel Dimensions: 80mmW x 80mmH  External Vessel Dimensions: 90mmW x 95mmH (with Lid)      &nbsp;\" \/>\n<meta property=\"og:url\" content=\"https:\/\/luxurycandlesupplies.eu\/es\/producto\/tarro-boticario-ambar-tapa-negra-500ml\/\" \/>\n<meta property=\"og:site_name\" content=\"Antwerp Luxury Candle Supplies\" \/>\n<meta property=\"article:publisher\" content=\"https:\/\/www.facebook.com\/Antwerpluxurycandlesupplies\/\" \/>\n<meta property=\"article:modified_time\" content=\"2026-05-11T20:59:25+00:00\" \/>\n<meta property=\"og:image\" content=\"https:\/\/luxurycandlesupplies.eu\/app\/uploads\/2024\/06\/dsc_0233_1-1-scaled.jpg\" \/>\n\t<meta property=\"og:image:width\" content=\"2560\" \/>\n\t<meta property=\"og:image:height\" content=\"2560\" \/>\n\t<meta property=\"og:image:type\" content=\"image\/jpeg\" \/>\n<meta name=\"twitter:card\" content=\"summary_large_image\" \/>\n<meta name=\"twitter:label1\" content=\"Tiempo de lectura\" \/>\n\t<meta name=\"twitter:data1\" content=\"1 minuto\" \/>\n<script type=\"application\/ld+json\" class=\"yoast-schema-graph\">{\"@context\":\"https:\\\/\\\/schema.org\",\"@graph\":[{\"@type\":\"WebPage\",\"@id\":\"https:\\\/\\\/luxurycandlesupplies.eu\\\/product\\\/apothecary-jar-amber-black-lid-500ml\\\/\",\"url\":\"https:\\\/\\\/luxurycandlesupplies.eu\\\/product\\\/apothecary-jar-amber-black-lid-500ml\\\/\",\"name\":\"Apothecary Jar - Amber Black Lid 500ml - Antwerp Luxury Candle Supplies\",\"isPartOf\":{\"@id\":\"https:\\\/\\\/luxurycandlesupplies.eu\\\/#website\"},\"primaryImageOfPage\":{\"@id\":\"https:\\\/\\\/luxurycandlesupplies.eu\\\/product\\\/apothecary-jar-amber-black-lid-500ml\\\/#primaryimage\"},\"image\":{\"@id\":\"https:\\\/\\\/luxurycandlesupplies.eu\\\/product\\\/apothecary-jar-amber-black-lid-500ml\\\/#primaryimage\"},\"thumbnailUrl\":\"https:\\\/\\\/luxurycandlesupplies.eu\\\/app\\\/uploads\\\/2024\\\/06\\\/dsc_0233_1-1-scaled.jpg\",\"datePublished\":\"2024-06-27T13:37:12+00:00\",\"dateModified\":\"2026-05-11T20:59:25+00:00\",\"breadcrumb\":{\"@id\":\"https:\\\/\\\/luxurycandlesupplies.eu\\\/product\\\/apothecary-jar-amber-black-lid-500ml\\\/#breadcrumb\"},\"inLanguage\":\"es\",\"potentialAction\":[{\"@type\":\"ReadAction\",\"target\":[\"https:\\\/\\\/luxurycandlesupplies.eu\\\/product\\\/apothecary-jar-amber-black-lid-500ml\\\/\"]}]},{\"@type\":\"ImageObject\",\"inLanguage\":\"es\",\"@id\":\"https:\\\/\\\/luxurycandlesupplies.eu\\\/product\\\/apothecary-jar-amber-black-lid-500ml\\\/#primaryimage\",\"url\":\"https:\\\/\\\/luxurycandlesupplies.eu\\\/app\\\/uploads\\\/2024\\\/06\\\/dsc_0233_1-1-scaled.jpg\",\"contentUrl\":\"https:\\\/\\\/luxurycandlesupplies.eu\\\/app\\\/uploads\\\/2024\\\/06\\\/dsc_0233_1-1-scaled.jpg\",\"width\":2560,\"height\":2560},{\"@type\":\"BreadcrumbList\",\"@id\":\"https:\\\/\\\/luxurycandlesupplies.eu\\\/product\\\/apothecary-jar-amber-black-lid-500ml\\\/#breadcrumb\",\"itemListElement\":[{\"@type\":\"ListItem\",\"position\":1,\"name\":\"Home\",\"item\":\"https:\\\/\\\/luxurycandlesupplies.eu\\\/\"},{\"@type\":\"ListItem\",\"position\":2,\"name\":\"Shop\",\"item\":\"https:\\\/\\\/luxurycandlesupplies.eu\\\/shop\\\/\"},{\"@type\":\"ListItem\",\"position\":3,\"name\":\"Apothecary Jar &#8211; Amber Black Lid 500ml\"}]},{\"@type\":\"WebSite\",\"@id\":\"https:\\\/\\\/luxurycandlesupplies.eu\\\/#website\",\"url\":\"https:\\\/\\\/luxurycandlesupplies.eu\\\/\",\"name\":\"Antwerp Luxury Candle Supplies\",\"description\":\"Distributor of all seasons soy wax\",\"publisher\":{\"@id\":\"https:\\\/\\\/luxurycandlesupplies.eu\\\/#organization\"},\"potentialAction\":[{\"@type\":\"SearchAction\",\"target\":{\"@type\":\"EntryPoint\",\"urlTemplate\":\"https:\\\/\\\/luxurycandlesupplies.eu\\\/?s={search_term_string}\"},\"query-input\":{\"@type\":\"PropertyValueSpecification\",\"valueRequired\":true,\"valueName\":\"search_term_string\"}}],\"inLanguage\":\"es\"},{\"@type\":\"Organization\",\"@id\":\"https:\\\/\\\/luxurycandlesupplies.eu\\\/#organization\",\"name\":\"Antwerp Luxury Candle Supplies\",\"url\":\"https:\\\/\\\/luxurycandlesupplies.eu\\\/\",\"logo\":{\"@type\":\"ImageObject\",\"inLanguage\":\"es\",\"@id\":\"https:\\\/\\\/luxurycandlesupplies.eu\\\/#\\\/schema\\\/logo\\\/image\\\/\",\"url\":\"https:\\\/\\\/luxurycandlesupplies.eu\\\/app\\\/uploads\\\/2022\\\/03\\\/antwerp-luxury-candle-supplies-1x.png\",\"contentUrl\":\"https:\\\/\\\/luxurycandlesupplies.eu\\\/app\\\/uploads\\\/2022\\\/03\\\/antwerp-luxury-candle-supplies-1x.png\",\"width\":330,\"height\":60,\"caption\":\"Antwerp Luxury Candle Supplies\"},\"image\":{\"@id\":\"https:\\\/\\\/luxurycandlesupplies.eu\\\/#\\\/schema\\\/logo\\\/image\\\/\"},\"sameAs\":[\"https:\\\/\\\/www.facebook.com\\\/Antwerpluxurycandlesupplies\\\/\",\"https:\\\/\\\/www.instagram.com\\\/antwerp_luxury_candle_supplies\\\/\",\"https:\\\/\\\/pin.it\\\/7joOXRW\"]}]}<\/script>","yoast_head_json":{"title":"Tarro Boticario - \u00c1mbar Tapa Negra 500ml - Antwerp Luxury Candle Supplies","robots":{"index":"index","follow":"follow","max-snippet":"max-snippet:-1","max-image-preview":"max-image-preview:large","max-video-preview":"max-video-preview:-1"},"canonical":"https:\/\/luxurycandlesupplies.eu\/es\/producto\/tarro-boticario-ambar-tapa-negra-500ml\/","og_locale":"es_ES","og_type":"article","og_title":"Apothecary Jar - Amber Black Lid 500ml - Antwerp Luxury Candle Supplies","og_description":"DESCRIPTION      &nbsp; The 500ml sprayed Amber Glass Jar &amp; Aluminium Cap mixes classic design with modern functionality all in one place. Suitable Packaging: The Apothecary range arrive with a complementary white gift box. Comes with screw top lid. Suggested Wick Size*:\u00a0LCS 75,\u00a0LCS 80,\u00a0DWW 13 *Please note, wick sizes are suggestions only. Available in single units.     Internal Vessel Dimensions: 80mmW x 80mmH  External Vessel Dimensions: 90mmW x 95mmH (with Lid)      &nbsp;","og_url":"https:\/\/luxurycandlesupplies.eu\/es\/producto\/tarro-boticario-ambar-tapa-negra-500ml\/","og_site_name":"Antwerp Luxury Candle Supplies","article_publisher":"https:\/\/www.facebook.com\/Antwerpluxurycandlesupplies\/","article_modified_time":"2026-05-11T20:59:25+00:00","og_image":[{"width":2560,"height":2560,"url":"https:\/\/luxurycandlesupplies.eu\/app\/uploads\/2024\/06\/dsc_0233_1-1-scaled.jpg","type":"image\/jpeg"}],"twitter_card":"summary_large_image","twitter_misc":{"Tiempo de lectura":"1 minuto"},"schema":{"@context":"https:\/\/schema.org","@graph":[{"@type":"WebPage","@id":"https:\/\/luxurycandlesupplies.eu\/product\/apothecary-jar-amber-black-lid-500ml\/","url":"https:\/\/luxurycandlesupplies.eu\/product\/apothecary-jar-amber-black-lid-500ml\/","name":"Tarro Boticario - \u00c1mbar Tapa Negra 500ml - Antwerp Luxury Candle Supplies","isPartOf":{"@id":"https:\/\/luxurycandlesupplies.eu\/#website"},"primaryImageOfPage":{"@id":"https:\/\/luxurycandlesupplies.eu\/product\/apothecary-jar-amber-black-lid-500ml\/#primaryimage"},"image":{"@id":"https:\/\/luxurycandlesupplies.eu\/product\/apothecary-jar-amber-black-lid-500ml\/#primaryimage"},"thumbnailUrl":"https:\/\/luxurycandlesupplies.eu\/app\/uploads\/2024\/06\/dsc_0233_1-1-scaled.jpg","datePublished":"2024-06-27T13:37:12+00:00","dateModified":"2026-05-11T20:59:25+00:00","breadcrumb":{"@id":"https:\/\/luxurycandlesupplies.eu\/product\/apothecary-jar-amber-black-lid-500ml\/#breadcrumb"},"inLanguage":"es","potentialAction":[{"@type":"ReadAction","target":["https:\/\/luxurycandlesupplies.eu\/product\/apothecary-jar-amber-black-lid-500ml\/"]}]},{"@type":"ImageObject","inLanguage":"es","@id":"https:\/\/luxurycandlesupplies.eu\/product\/apothecary-jar-amber-black-lid-500ml\/#primaryimage","url":"https:\/\/luxurycandlesupplies.eu\/app\/uploads\/2024\/06\/dsc_0233_1-1-scaled.jpg","contentUrl":"https:\/\/luxurycandlesupplies.eu\/app\/uploads\/2024\/06\/dsc_0233_1-1-scaled.jpg","width":2560,"height":2560},{"@type":"BreadcrumbList","@id":"https:\/\/luxurycandlesupplies.eu\/product\/apothecary-jar-amber-black-lid-500ml\/#breadcrumb","itemListElement":[{"@type":"ListItem","position":1,"name":"Home","item":"https:\/\/luxurycandlesupplies.eu\/"},{"@type":"ListItem","position":2,"name":"Shop","item":"https:\/\/luxurycandlesupplies.eu\/shop\/"},{"@type":"ListItem","position":3,"name":"Apothecary Jar &#8211; Amber Black Lid 500ml"}]},{"@type":"WebSite","@id":"https:\/\/luxurycandlesupplies.eu\/#website","url":"https:\/\/luxurycandlesupplies.eu\/","name":"Suministros para velas de lujo de Amberes","description":"Distribuidor de cera de soja para todas las estaciones","publisher":{"@id":"https:\/\/luxurycandlesupplies.eu\/#organization"},"potentialAction":[{"@type":"SearchAction","target":{"@type":"EntryPoint","urlTemplate":"https:\/\/luxurycandlesupplies.eu\/?s={search_term_string}"},"query-input":{"@type":"PropertyValueSpecification","valueRequired":true,"valueName":"search_term_string"}}],"inLanguage":"es"},{"@type":"Organization","@id":"https:\/\/luxurycandlesupplies.eu\/#organization","name":"Suministros para velas de lujo de Amberes","url":"https:\/\/luxurycandlesupplies.eu\/","logo":{"@type":"ImageObject","inLanguage":"es","@id":"https:\/\/luxurycandlesupplies.eu\/#\/schema\/logo\/image\/","url":"https:\/\/luxurycandlesupplies.eu\/app\/uploads\/2022\/03\/antwerp-luxury-candle-supplies-1x.png","contentUrl":"https:\/\/luxurycandlesupplies.eu\/app\/uploads\/2022\/03\/antwerp-luxury-candle-supplies-1x.png","width":330,"height":60,"caption":"Antwerp Luxury Candle Supplies"},"image":{"@id":"https:\/\/luxurycandlesupplies.eu\/#\/schema\/logo\/image\/"},"sameAs":["https:\/\/www.facebook.com\/Antwerpluxurycandlesupplies\/","https:\/\/www.instagram.com\/antwerp_luxury_candle_supplies\/","https:\/\/pin.it\/7joOXRW"]}]}},"_links":{"self":[{"href":"https:\/\/luxurycandlesupplies.eu\/es\/wp-json\/wp\/v2\/product\/16522","targetHints":{"allow":["GET"]}}],"collection":[{"href":"https:\/\/luxurycandlesupplies.eu\/es\/wp-json\/wp\/v2\/product"}],"about":[{"href":"https:\/\/luxurycandlesupplies.eu\/es\/wp-json\/wp\/v2\/types\/product"}],"wp:featuredmedia":[{"embeddable":true,"href":"https:\/\/luxurycandlesupplies.eu\/es\/wp-json\/wp\/v2\/media\/16523"}],"wp:attachment":[{"href":"https:\/\/luxurycandlesupplies.eu\/es\/wp-json\/wp\/v2\/media?parent=16522"}],"wp:term":[{"taxonomy":"product_brand","embeddable":true,"href":"https:\/\/luxurycandlesupplies.eu\/es\/wp-json\/wp\/v2\/product_brand?post=16522"},{"taxonomy":"product_cat","embeddable":true,"href":"https:\/\/luxurycandlesupplies.eu\/es\/wp-json\/wp\/v2\/product_cat?post=16522"},{"taxonomy":"product_tag","embeddable":true,"href":"https:\/\/luxurycandlesupplies.eu\/es\/wp-json\/wp\/v2\/product_tag?post=16522"}],"curies":[{"name":"wp","href":"https:\/\/api.w.org\/{rel}","templated":true}]}}