{"id":17543,"date":"2024-08-29T14:07:56","date_gmt":"2024-08-29T12:07:56","guid":{"rendered":"https:\/\/luxurycandlesupplies.eu\/?post_type=product&#038;p=17543"},"modified":"2025-07-29T13:41:08","modified_gmt":"2025-07-29T11:41:08","slug":"tarro-de-calabaza-verde","status":"publish","type":"product","link":"https:\/\/luxurycandlesupplies.eu\/es\/product\/pumpkin-jar-green\/","title":{"rendered":"Tarro de calabaza - Verde"},"content":{"rendered":"<p><strong>Tarro de cristal Calabaza encantadora en verde.<\/strong><\/p>\n<p>A\u00f1ade un toque de espeluznante elegancia a tu decoraci\u00f3n de Halloween con nuestro encantador tarro de cristal con forma de calabaza.<\/p>\n<p>Este recipiente de dos piezas, fabricado en vidrio de alta calidad, presenta un tarro y una tapa a juego con un lujoso acabado aterciopelado. Consulte las especificaciones del producto para ver las medidas. Las fotos del producto no est\u00e1n a escala.<\/p>\n<p>&nbsp;<\/p>\n<p>Caracter\u00edsticas principales:<\/p>\n<ul>\n<li><strong>Cristal Premium<\/strong>: Duradero y resistente.<\/li>\n<li><strong>Acabado aterciopelado<\/strong>: Textura suave y elegante.<\/li>\n<li><strong>Uso vers\u00e1til<\/strong>: Perfecto para velas, caramelos o peque\u00f1as baratijas.<\/li>\n<li><strong>Decoraci\u00f3n festiva<\/strong>: Ideal para temas de Halloween y exposiciones oto\u00f1ales.<\/li>\n<\/ul>\n<p>Ilumina tu espacio o guarda golosinas con estilo con este encantador tarro de cristal con forma de calabaza. Es el complemento perfecto para tu decoraci\u00f3n de temporada.<\/p>\n<h3>ESPECIFICACIONES<\/h3>\n<hr \/>\n<div><\/div>\n<p><strong>Dimensiones exteriores del recipiente (incluida la tapa)<\/strong>: 176mm x 165mmH<br \/>\n<strong>Dimensiones internas de la cuba (s\u00f3lo cuba)<\/strong>: 150mmAn x 72mmAl<br \/>\n<strong>Capacidad del buque<\/strong>: 1lt<br \/>\n<strong>Sugerir capacidad de llenado<\/strong>: Aprox. 830 g<br \/>\n<strong>Peso del vidrio<\/strong>: 1,5 kg<\/p>\n<p><strong>Tapa adecuada<\/strong>: Tapa a juego de regalo<br \/>\n<strong>Envases adecuados<\/strong>: N\/A<br \/>\n<strong>Tama\u00f1o de mecha sugerido<\/strong>*:\u00a0<a href=\"https:\/\/luxurycandlesupplies.eu\/es\/producto\/mechas-de-lcs-45\/\">4 x LCS45<\/a><br \/>\n*Tenga en cuenta que los tama\u00f1os de las mechas son s\u00f3lo sugerencias. Para obtener resultados \u00f3ptimos, recomendamos a los usuarios que realicen sus propias pruebas de mecha con las diferentes mezclas de cera y aceites que vayan a utilizar.<\/p>\n<p>Disponible en unidades sueltas.<br \/>\n<strong>Tama\u00f1o de la caja<\/strong>: TBA<\/p>\n<p><strong>IMPORTANTE<\/strong>\u00a0Tenga en cuenta que la foto del producto puede diferir del art\u00edculo real en cuanto al color debido a la iluminaci\u00f3n o a la fabricaci\u00f3n. Debido al proceso de fabricaci\u00f3n, cada recipiente puede tener un dise\u00f1o \u00fanico y pueden apreciarse ligeras imperfecciones en su forma. Todos los recipientes se someten a pruebas t\u00e9rmicas y son seguros para la fabricaci\u00f3n de velas. Consulte las especificaciones del producto como referencia de tama\u00f1o. Las fotos de los productos no son a escala.<\/p>","protected":false},"excerpt":{"rendered":"<p><strong>Tarro de cristal Calabaza encantadora en verde.<\/strong><\/p>\n<p>A\u00f1ade un toque de espeluznante elegancia a tu decoraci\u00f3n de Halloween con nuestro encantador tarro de cristal con forma de calabaza.<\/p>\n<p>Este recipiente de dos piezas, fabricado en vidrio de alta calidad, presenta un tarro y una tapa a juego con un lujoso acabado aterciopelado. Consulte las especificaciones del producto para ver las medidas. Las fotos del producto no est\u00e1n a escala.<\/p>\n<p>&nbsp;<\/p>\n<p>Caracter\u00edsticas principales:<\/p>\n<ul>\n<li><strong>Cristal Premium<\/strong>: Duradero y resistente.<\/li>\n<li><strong>Acabado aterciopelado<\/strong>: Textura suave y elegante.<\/li>\n<li><strong>Uso vers\u00e1til<\/strong>: Perfecto para velas, caramelos o peque\u00f1as baratijas.<\/li>\n<li><strong>Decoraci\u00f3n festiva<\/strong>: Ideal para temas de Halloween y exposiciones oto\u00f1ales.<\/li>\n<\/ul>\n<p>Ilumina tu espacio o guarda golosinas con estilo con este encantador tarro de cristal con forma de calabaza. Es el complemento perfecto para tu decoraci\u00f3n de temporada.<\/p>\n<h3>ESPECIFICACIONES<\/h3>\n<hr \/>\n<div><\/div>\n<p><strong>Dimensiones exteriores del recipiente (incluida la tapa)<\/strong>: 176mm x 165mmH<br \/>\n<strong>Dimensiones internas de la cuba (s\u00f3lo cuba)<\/strong>: 150mmAn x 72mmAl<br \/>\n<strong>Capacidad del buque<\/strong>: 1lt<br \/>\n<strong>Sugerir capacidad de llenado<\/strong>: Aprox. 830 g<br \/>\n<strong>Peso del vidrio<\/strong>: 1,5 kg<\/p>\n<p><strong>Tapa adecuada<\/strong>: Tapa a juego de regalo<br \/>\n<strong>Envases adecuados<\/strong>: N\/A<br \/>\n<strong>Tama\u00f1o de mecha sugerido<\/strong>*:\u00a0<a href=\"https:\/\/luxurycandlesupplies.eu\/es\/producto\/mechas-de-lcs-45\/\">4 x LCS45<\/a><br \/>\n*Tenga en cuenta que los tama\u00f1os de las mechas son s\u00f3lo sugerencias. Para obtener resultados \u00f3ptimos, recomendamos a los usuarios que realicen sus propias pruebas de mecha con las diferentes mezclas de cera y aceites que vayan a utilizar.<\/p>\n<p>Disponible en unidades sueltas.<br \/>\n<strong>Tama\u00f1o de la caja<\/strong>: TBA<\/p>\n<p><strong>IMPORTANTE<\/strong>\u00a0Tenga en cuenta que la foto del producto puede diferir del art\u00edculo real en cuanto al color debido a la iluminaci\u00f3n o a la fabricaci\u00f3n. Debido al proceso de fabricaci\u00f3n, cada recipiente puede tener un dise\u00f1o \u00fanico y pueden apreciarse ligeras imperfecciones en su forma. Todos los recipientes se someten a pruebas t\u00e9rmicas y son seguros para la fabricaci\u00f3n de velas. Consulte las especificaciones del producto como referencia de tama\u00f1o. Las fotos de los productos no son a escala.<\/p>","protected":false},"featured_media":17545,"template":"","meta":{"_acf_changed":false,"site-sidebar-layout":"default","site-content-layout":"default","ast-site-content-layout":"default","site-content-style":"default","site-sidebar-style":"default","ast-global-header-display":"","ast-banner-title-visibility":"","ast-main-header-display":"","ast-hfb-above-header-display":"","ast-hfb-below-header-display":"","ast-hfb-mobile-header-display":"","site-post-title":"","ast-breadcrumbs-content":"","ast-featured-img":"","footer-sml-layout":"","ast-disable-related-posts":"","theme-transparent-header-meta":"default","adv-header-id-meta":"","stick-header-meta":"","header-above-stick-meta":"","header-main-stick-meta":"","header-below-stick-meta":"","astra-migrate-meta-layouts":"set","ast-page-background-enabled":"default","ast-page-background-meta":{"desktop":{"background-color":"","background-image":"","background-repeat":"repeat","background-position":"center center","background-size":"auto","background-attachment":"scroll","background-type":"","background-media":"","overlay-type":"","overlay-color":"","overlay-opacity":"","overlay-gradient":""},"tablet":{"background-color":"","background-image":"","background-repeat":"repeat","background-position":"center center","background-size":"auto","background-attachment":"scroll","background-type":"","background-media":"","overlay-type":"","overlay-color":"","overlay-opacity":"","overlay-gradient":""},"mobile":{"background-color":"","background-image":"","background-repeat":"repeat","background-position":"center center","background-size":"auto","background-attachment":"scroll","background-type":"","background-media":"","overlay-type":"","overlay-color":"","overlay-opacity":"","overlay-gradient":""}},"ast-content-background-meta":{"desktop":{"background-color":"var(--ast-global-color-5)","background-image":"","background-repeat":"repeat","background-position":"center center","background-size":"auto","background-attachment":"scroll","background-type":"","background-media":"","overlay-type":"","overlay-color":"","overlay-opacity":"","overlay-gradient":""},"tablet":{"background-color":"var(--ast-global-color-5)","background-image":"","background-repeat":"repeat","background-position":"center center","background-size":"auto","background-attachment":"scroll","background-type":"","background-media":"","overlay-type":"","overlay-color":"","overlay-opacity":"","overlay-gradient":""},"mobile":{"background-color":"var(--ast-global-color-5)","background-image":"","background-repeat":"repeat","background-position":"center center","background-size":"auto","background-attachment":"scroll","background-type":"","background-media":"","overlay-type":"","overlay-color":"","overlay-opacity":"","overlay-gradient":""}}},"product_brand":[],"product_cat":[67,1660],"product_tag":[293,1524],"class_list":{"0":"post-17543","1":"product","2":"type-product","3":"status-publish","4":"has-post-thumbnail","6":"product_cat-candlejars","7":"product_cat-halloween","8":"product_tag-green","9":"product_tag-pumpkin","10":"desktop-align-left","11":"tablet-align-left","12":"mobile-align-left","13":"ast-product-gallery-layout-horizontal-slider","14":"ast-product-tabs-layout-horizontal","16":"first","17":"outofstock","18":"taxable","19":"shipping-taxable","20":"purchasable","21":"product-type-simple"},"acf":[],"yoast_head":"<title>Pumpkin Jar \u2013 Green - Antwerp Luxury Candle Supplies<\/title>\n<meta name=\"robots\" content=\"index, follow, max-snippet:-1, max-image-preview:large, max-video-preview:-1\" \/>\n<link rel=\"canonical\" href=\"https:\/\/luxurycandlesupplies.eu\/es\/producto\/tarro-de-calabaza-verde\/\" \/>\n<meta property=\"og:locale\" content=\"es_ES\" \/>\n<meta property=\"og:type\" content=\"article\" \/>\n<meta property=\"og:title\" content=\"Pumpkin Jar \u2013 Green - Antwerp Luxury Candle Supplies\" \/>\n<meta property=\"og:description\" content=\"Enchanting Pumpkin Glass Jar in Green.  Add a touch of spooky elegance to your Halloween decor with our enchanting Pumpkin Glass Jar.  This two-piece vessel, crafted from high-quality glass, features a jar and matching lid with a luxurious velvet-like finish. Please ensure to refer to product specifications for sizing reference. Product photos are not to scale.  &nbsp;  Key Features:   Premium Glass: Durable and sturdy.  Velvet-Like Finish: Soft, elegant texture.  Versatile Use: Perfect for candles, candies, or small trinkets.  Festive Decor: Ideal for Halloween themes and autumn displays.  Illuminate your space or store treats in style with this charming Pumpkin Glass Jar. It\u2019s the perfect addition to your seasonal decor. SPECIFICATIONS     External Vessel Dimensions (including lid): 176mm x 165mmH Internal Vessel Dimensions (bowl only): 150mmW x 72mmH Vessel Capacity: 1lt Suggest Fill Capacity: Approx. 830g Glass Weight: 1.5kg  Suitable Lid: Complimentary matching lid Suitable Packaging: N\/A Suggested Wick Size*:\u00a04 x LCS45 *Please note, wick sizes are suggestions only. For optimum results, we recommend users conduct their own wick tests with different blends of wax and oils that they intend to use.  Available in single units. Carton size: TBA  IMPORTANT!\u00a0Please note, product photo may differ from actual item in terms of colour due to lighting and\/or manufacturing. Due to the manufacturing process, each vessel may be uniquely patterned and slight imperfections in glassware shape may be visible. Each vessel is heat tested and is safe for candle making. Please ensure to refer to product specifications for sizing reference. Product photos are not to scale.\" \/>\n<meta property=\"og:url\" content=\"https:\/\/luxurycandlesupplies.eu\/es\/producto\/tarro-de-calabaza-verde\/\" \/>\n<meta property=\"og:site_name\" content=\"Antwerp Luxury Candle Supplies\" \/>\n<meta property=\"article:publisher\" content=\"https:\/\/www.facebook.com\/Antwerpluxurycandlesupplies\/\" \/>\n<meta property=\"article:modified_time\" content=\"2025-07-29T11:41:08+00:00\" \/>\n<meta property=\"og:image\" content=\"https:\/\/luxurycandlesupplies.eu\/app\/uploads\/2024\/08\/lcs_pumpkin-jar_green_01.jpg\" \/>\n\t<meta property=\"og:image:width\" content=\"1080\" \/>\n\t<meta property=\"og:image:height\" content=\"1080\" \/>\n\t<meta property=\"og:image:type\" content=\"image\/jpeg\" \/>\n<meta name=\"twitter:card\" content=\"summary_large_image\" \/>\n<meta name=\"twitter:label1\" content=\"Tiempo de lectura\" \/>\n\t<meta name=\"twitter:data1\" content=\"2 minutos\" \/>\n<script type=\"application\/ld+json\" class=\"yoast-schema-graph\">{\"@context\":\"https:\\\/\\\/schema.org\",\"@graph\":[{\"@type\":\"WebPage\",\"@id\":\"https:\\\/\\\/luxurycandlesupplies.eu\\\/product\\\/pumpkin-jar-green\\\/\",\"url\":\"https:\\\/\\\/luxurycandlesupplies.eu\\\/product\\\/pumpkin-jar-green\\\/\",\"name\":\"Pumpkin Jar \u2013 Green - Antwerp Luxury Candle Supplies\",\"isPartOf\":{\"@id\":\"https:\\\/\\\/luxurycandlesupplies.eu\\\/#website\"},\"primaryImageOfPage\":{\"@id\":\"https:\\\/\\\/luxurycandlesupplies.eu\\\/product\\\/pumpkin-jar-green\\\/#primaryimage\"},\"image\":{\"@id\":\"https:\\\/\\\/luxurycandlesupplies.eu\\\/product\\\/pumpkin-jar-green\\\/#primaryimage\"},\"thumbnailUrl\":\"https:\\\/\\\/luxurycandlesupplies.eu\\\/app\\\/uploads\\\/2024\\\/08\\\/lcs_pumpkin-jar_green_01.jpg\",\"datePublished\":\"2024-08-29T12:07:56+00:00\",\"dateModified\":\"2025-07-29T11:41:08+00:00\",\"breadcrumb\":{\"@id\":\"https:\\\/\\\/luxurycandlesupplies.eu\\\/product\\\/pumpkin-jar-green\\\/#breadcrumb\"},\"inLanguage\":\"es\",\"potentialAction\":[{\"@type\":\"ReadAction\",\"target\":[\"https:\\\/\\\/luxurycandlesupplies.eu\\\/product\\\/pumpkin-jar-green\\\/\"]}]},{\"@type\":\"ImageObject\",\"inLanguage\":\"es\",\"@id\":\"https:\\\/\\\/luxurycandlesupplies.eu\\\/product\\\/pumpkin-jar-green\\\/#primaryimage\",\"url\":\"https:\\\/\\\/luxurycandlesupplies.eu\\\/app\\\/uploads\\\/2024\\\/08\\\/lcs_pumpkin-jar_green_01.jpg\",\"contentUrl\":\"https:\\\/\\\/luxurycandlesupplies.eu\\\/app\\\/uploads\\\/2024\\\/08\\\/lcs_pumpkin-jar_green_01.jpg\",\"width\":1080,\"height\":1080},{\"@type\":\"BreadcrumbList\",\"@id\":\"https:\\\/\\\/luxurycandlesupplies.eu\\\/product\\\/pumpkin-jar-green\\\/#breadcrumb\",\"itemListElement\":[{\"@type\":\"ListItem\",\"position\":1,\"name\":\"Home\",\"item\":\"https:\\\/\\\/luxurycandlesupplies.eu\\\/\"},{\"@type\":\"ListItem\",\"position\":2,\"name\":\"Shop\",\"item\":\"https:\\\/\\\/luxurycandlesupplies.eu\\\/shop\\\/\"},{\"@type\":\"ListItem\",\"position\":3,\"name\":\"Pumpkin Jar \u2013 Green\"}]},{\"@type\":\"WebSite\",\"@id\":\"https:\\\/\\\/luxurycandlesupplies.eu\\\/#website\",\"url\":\"https:\\\/\\\/luxurycandlesupplies.eu\\\/\",\"name\":\"Antwerp Luxury Candle Supplies\",\"description\":\"Distributor of all seasons soy wax\",\"publisher\":{\"@id\":\"https:\\\/\\\/luxurycandlesupplies.eu\\\/#organization\"},\"potentialAction\":[{\"@type\":\"SearchAction\",\"target\":{\"@type\":\"EntryPoint\",\"urlTemplate\":\"https:\\\/\\\/luxurycandlesupplies.eu\\\/?s={search_term_string}\"},\"query-input\":{\"@type\":\"PropertyValueSpecification\",\"valueRequired\":true,\"valueName\":\"search_term_string\"}}],\"inLanguage\":\"es\"},{\"@type\":\"Organization\",\"@id\":\"https:\\\/\\\/luxurycandlesupplies.eu\\\/#organization\",\"name\":\"Antwerp Luxury Candle Supplies\",\"url\":\"https:\\\/\\\/luxurycandlesupplies.eu\\\/\",\"logo\":{\"@type\":\"ImageObject\",\"inLanguage\":\"es\",\"@id\":\"https:\\\/\\\/luxurycandlesupplies.eu\\\/#\\\/schema\\\/logo\\\/image\\\/\",\"url\":\"https:\\\/\\\/luxurycandlesupplies.eu\\\/app\\\/uploads\\\/2022\\\/03\\\/antwerp-luxury-candle-supplies-1x.png\",\"contentUrl\":\"https:\\\/\\\/luxurycandlesupplies.eu\\\/app\\\/uploads\\\/2022\\\/03\\\/antwerp-luxury-candle-supplies-1x.png\",\"width\":330,\"height\":60,\"caption\":\"Antwerp Luxury Candle Supplies\"},\"image\":{\"@id\":\"https:\\\/\\\/luxurycandlesupplies.eu\\\/#\\\/schema\\\/logo\\\/image\\\/\"},\"sameAs\":[\"https:\\\/\\\/www.facebook.com\\\/Antwerpluxurycandlesupplies\\\/\",\"https:\\\/\\\/www.instagram.com\\\/antwerp_luxury_candle_supplies\\\/\",\"https:\\\/\\\/pin.it\\\/7joOXRW\"]}]}<\/script>","yoast_head_json":{"title":"Tarro Calabaza - Verde - Antwerp Luxury Candle Supplies","robots":{"index":"index","follow":"follow","max-snippet":"max-snippet:-1","max-image-preview":"max-image-preview:large","max-video-preview":"max-video-preview:-1"},"canonical":"https:\/\/luxurycandlesupplies.eu\/es\/producto\/tarro-de-calabaza-verde\/","og_locale":"es_ES","og_type":"article","og_title":"Pumpkin Jar \u2013 Green - Antwerp Luxury Candle Supplies","og_description":"Enchanting Pumpkin Glass Jar in Green.  Add a touch of spooky elegance to your Halloween decor with our enchanting Pumpkin Glass Jar.  This two-piece vessel, crafted from high-quality glass, features a jar and matching lid with a luxurious velvet-like finish. Please ensure to refer to product specifications for sizing reference. Product photos are not to scale.  &nbsp;  Key Features:   Premium Glass: Durable and sturdy.  Velvet-Like Finish: Soft, elegant texture.  Versatile Use: Perfect for candles, candies, or small trinkets.  Festive Decor: Ideal for Halloween themes and autumn displays.  Illuminate your space or store treats in style with this charming Pumpkin Glass Jar. It\u2019s the perfect addition to your seasonal decor. SPECIFICATIONS     External Vessel Dimensions (including lid): 176mm x 165mmH Internal Vessel Dimensions (bowl only): 150mmW x 72mmH Vessel Capacity: 1lt Suggest Fill Capacity: Approx. 830g Glass Weight: 1.5kg  Suitable Lid: Complimentary matching lid Suitable Packaging: N\/A Suggested Wick Size*:\u00a04 x LCS45 *Please note, wick sizes are suggestions only. For optimum results, we recommend users conduct their own wick tests with different blends of wax and oils that they intend to use.  Available in single units. Carton size: TBA  IMPORTANT!\u00a0Please note, product photo may differ from actual item in terms of colour due to lighting and\/or manufacturing. Due to the manufacturing process, each vessel may be uniquely patterned and slight imperfections in glassware shape may be visible. Each vessel is heat tested and is safe for candle making. Please ensure to refer to product specifications for sizing reference. Product photos are not to scale.","og_url":"https:\/\/luxurycandlesupplies.eu\/es\/producto\/tarro-de-calabaza-verde\/","og_site_name":"Antwerp Luxury Candle Supplies","article_publisher":"https:\/\/www.facebook.com\/Antwerpluxurycandlesupplies\/","article_modified_time":"2025-07-29T11:41:08+00:00","og_image":[{"width":1080,"height":1080,"url":"https:\/\/luxurycandlesupplies.eu\/app\/uploads\/2024\/08\/lcs_pumpkin-jar_green_01.jpg","type":"image\/jpeg"}],"twitter_card":"summary_large_image","twitter_misc":{"Tiempo de lectura":"2 minutos"},"schema":{"@context":"https:\/\/schema.org","@graph":[{"@type":"WebPage","@id":"https:\/\/luxurycandlesupplies.eu\/product\/pumpkin-jar-green\/","url":"https:\/\/luxurycandlesupplies.eu\/product\/pumpkin-jar-green\/","name":"Tarro Calabaza - Verde - Antwerp Luxury Candle Supplies","isPartOf":{"@id":"https:\/\/luxurycandlesupplies.eu\/#website"},"primaryImageOfPage":{"@id":"https:\/\/luxurycandlesupplies.eu\/product\/pumpkin-jar-green\/#primaryimage"},"image":{"@id":"https:\/\/luxurycandlesupplies.eu\/product\/pumpkin-jar-green\/#primaryimage"},"thumbnailUrl":"https:\/\/luxurycandlesupplies.eu\/app\/uploads\/2024\/08\/lcs_pumpkin-jar_green_01.jpg","datePublished":"2024-08-29T12:07:56+00:00","dateModified":"2025-07-29T11:41:08+00:00","breadcrumb":{"@id":"https:\/\/luxurycandlesupplies.eu\/product\/pumpkin-jar-green\/#breadcrumb"},"inLanguage":"es","potentialAction":[{"@type":"ReadAction","target":["https:\/\/luxurycandlesupplies.eu\/product\/pumpkin-jar-green\/"]}]},{"@type":"ImageObject","inLanguage":"es","@id":"https:\/\/luxurycandlesupplies.eu\/product\/pumpkin-jar-green\/#primaryimage","url":"https:\/\/luxurycandlesupplies.eu\/app\/uploads\/2024\/08\/lcs_pumpkin-jar_green_01.jpg","contentUrl":"https:\/\/luxurycandlesupplies.eu\/app\/uploads\/2024\/08\/lcs_pumpkin-jar_green_01.jpg","width":1080,"height":1080},{"@type":"BreadcrumbList","@id":"https:\/\/luxurycandlesupplies.eu\/product\/pumpkin-jar-green\/#breadcrumb","itemListElement":[{"@type":"ListItem","position":1,"name":"Home","item":"https:\/\/luxurycandlesupplies.eu\/"},{"@type":"ListItem","position":2,"name":"Shop","item":"https:\/\/luxurycandlesupplies.eu\/shop\/"},{"@type":"ListItem","position":3,"name":"Pumpkin Jar \u2013 Green"}]},{"@type":"WebSite","@id":"https:\/\/luxurycandlesupplies.eu\/#website","url":"https:\/\/luxurycandlesupplies.eu\/","name":"Suministros para velas de lujo de Amberes","description":"Distribuidor de cera de soja para todas las estaciones","publisher":{"@id":"https:\/\/luxurycandlesupplies.eu\/#organization"},"potentialAction":[{"@type":"SearchAction","target":{"@type":"EntryPoint","urlTemplate":"https:\/\/luxurycandlesupplies.eu\/?s={search_term_string}"},"query-input":{"@type":"PropertyValueSpecification","valueRequired":true,"valueName":"search_term_string"}}],"inLanguage":"es"},{"@type":"Organization","@id":"https:\/\/luxurycandlesupplies.eu\/#organization","name":"Suministros para velas de lujo de Amberes","url":"https:\/\/luxurycandlesupplies.eu\/","logo":{"@type":"ImageObject","inLanguage":"es","@id":"https:\/\/luxurycandlesupplies.eu\/#\/schema\/logo\/image\/","url":"https:\/\/luxurycandlesupplies.eu\/app\/uploads\/2022\/03\/antwerp-luxury-candle-supplies-1x.png","contentUrl":"https:\/\/luxurycandlesupplies.eu\/app\/uploads\/2022\/03\/antwerp-luxury-candle-supplies-1x.png","width":330,"height":60,"caption":"Antwerp Luxury Candle Supplies"},"image":{"@id":"https:\/\/luxurycandlesupplies.eu\/#\/schema\/logo\/image\/"},"sameAs":["https:\/\/www.facebook.com\/Antwerpluxurycandlesupplies\/","https:\/\/www.instagram.com\/antwerp_luxury_candle_supplies\/","https:\/\/pin.it\/7joOXRW"]}]}},"_links":{"self":[{"href":"https:\/\/luxurycandlesupplies.eu\/es\/wp-json\/wp\/v2\/product\/17543","targetHints":{"allow":["GET"]}}],"collection":[{"href":"https:\/\/luxurycandlesupplies.eu\/es\/wp-json\/wp\/v2\/product"}],"about":[{"href":"https:\/\/luxurycandlesupplies.eu\/es\/wp-json\/wp\/v2\/types\/product"}],"wp:featuredmedia":[{"embeddable":true,"href":"https:\/\/luxurycandlesupplies.eu\/es\/wp-json\/wp\/v2\/media\/17545"}],"wp:attachment":[{"href":"https:\/\/luxurycandlesupplies.eu\/es\/wp-json\/wp\/v2\/media?parent=17543"}],"wp:term":[{"taxonomy":"product_brand","embeddable":true,"href":"https:\/\/luxurycandlesupplies.eu\/es\/wp-json\/wp\/v2\/product_brand?post=17543"},{"taxonomy":"product_cat","embeddable":true,"href":"https:\/\/luxurycandlesupplies.eu\/es\/wp-json\/wp\/v2\/product_cat?post=17543"},{"taxonomy":"product_tag","embeddable":true,"href":"https:\/\/luxurycandlesupplies.eu\/es\/wp-json\/wp\/v2\/product_tag?post=17543"}],"curies":[{"name":"wp","href":"https:\/\/api.w.org\/{rel}","templated":true}]}}