{"id":17836,"date":"2024-09-20T15:35:29","date_gmt":"2024-09-20T13:35:29","guid":{"rendered":"https:\/\/luxurycandlesupplies.eu\/?post_type=product&#038;p=17836"},"modified":"2026-05-14T18:33:07","modified_gmt":"2026-05-14T16:33:07","slug":"pino-limonero","status":"publish","type":"product","link":"https:\/\/luxurycandlesupplies.eu\/es\/product\/lemon-pine\/","title":{"rendered":"Lim\u00f3n y pino - UFI exento <10%"},"content":{"rendered":"<h3>DESCRIPCI\u00d3N<\/h3>\n<p>&nbsp;<\/p>\n<h3><em><strong>Lim\u00f3n y pino<\/strong><\/em><\/h3>\n<p>&nbsp;<\/p>\n<p>Lim\u00f3n y Pino, como el famoso abeto blanco, es una fragancia fresca y vigorizante que da vida al aire libre. Se abre con notas de salida picantes de manzana Granny Smith, lim\u00f3n y ralladura de lima, que proporcionan un estallido brillante y c\u00edtrico. El coraz\u00f3n de la fragancia contiene el aroma fresco y amaderado del pino, la aguja de abeto y la picea blanca, que evoca la frescura de un bosque.<\/p>\n<p>Esta fragancia es perfecta para los amantes de la armon\u00eda natural de los c\u00edtricos y la madera.<\/p>\n<p>&nbsp;<\/p>\n<p>Notas de salida:  Manzana Granny Smith - Lim\u00f3n - Ralladura de lima<\/p>\n<p>Notas medias: Pino - Aguja de abeto - Picea blanca<\/p>\n<p>Notas de fondo: Musgo - S\u00e1ndalo<\/p>\n<p>&nbsp;<\/p>\n<h3>NUESTRA RECOMENDACI\u00d3N<\/h3>\n<hr \/>\n<div>\n<p>El uso de aceites de fragancia depender\u00e1 del producto que est\u00e9 creando. Consulte la siguiente gu\u00eda para conocer las proporciones recomendadas para su producto.<\/p>\n<p>Tenga en cuenta que los valores indicados a continuaci\u00f3n son s\u00f3lo sugerencias. Recomendamos a los usuarios que realicen sus propias pruebas con las mezclas de cera y aceite previstas para obtener resultados \u00f3ptimos.<\/p>\n<p>Velas: 6-10%, UFI libre m\u00e1x 10%<br \/>\nWaxmelts: 10-12%<\/p>\n<p>&nbsp;<\/p>\n<\/div>\n<h2>INFORMACI\u00d3N SOBRE CLP Y SDS<\/h2>\n<hr \/>\n<p><a href=\"https:\/\/luxurycandlesupplies.eu\/app\/uploads\/2024\/09\/Lemon-Pine-SDS-5.pdf\">Lim\u00f3n y pino SDS 5%<\/a><\/p>\n<p><a href=\"https:\/\/luxurycandlesupplies.eu\/app\/uploads\/2024\/09\/Lemon-Pine-10.pdf\">Lim\u00f3n y Pino SDS 10%<\/a><\/p>\n<p><a href=\"https:\/\/luxurycandlesupplies.eu\/app\/uploads\/2024\/09\/Lemon-Pine-SDS-100.pdf\">Lim\u00f3n y Pino SDS 100%<\/a><\/p>\n<p><a href=\"https:\/\/luxurycandlesupplies.eu\/app\/uploads\/2024\/09\/CLP-label-_-Lemon-Pine_-candle-5.pdf\">Etiqueta CLP _ Vela de lim\u00f3n y pino_ 5%<\/a><\/p>\n<p><a href=\"https:\/\/luxurycandlesupplies.eu\/app\/uploads\/2024\/09\/CLP-label-_-Lemon-Pine_-candle-10_Free-of-UFI.pdf\">Etiqueta CLP _ Lim\u00f3n y pino_ vela 10%_Free of UFI<\/a><\/p>\n<p>&nbsp;<\/p>\n<p>UFI: 43C0-E0M0-300G-5UGW<\/p>\n<p><img decoding=\"async\" class=\"alignnone wp-image-23489\" src=\"https:\/\/luxurycandlesupplies.eu\/app\/uploads\/2025\/07\/Danger-4-300x300.png\" alt=\"\" width=\"123\" height=\"123\" srcset=\"https:\/\/luxurycandlesupplies.eu\/app\/uploads\/2025\/07\/Danger-4-300x300.png 300w, https:\/\/luxurycandlesupplies.eu\/app\/uploads\/2025\/07\/Danger-4-1024x1024.png 1024w, https:\/\/luxurycandlesupplies.eu\/app\/uploads\/2025\/07\/Danger-4-150x150.png 150w, https:\/\/luxurycandlesupplies.eu\/app\/uploads\/2025\/07\/Danger-4-768x768.png 768w, https:\/\/luxurycandlesupplies.eu\/app\/uploads\/2025\/07\/Danger-4-12x12.png 12w, https:\/\/luxurycandlesupplies.eu\/app\/uploads\/2025\/07\/Danger-4-600x600.png 600w, https:\/\/luxurycandlesupplies.eu\/app\/uploads\/2025\/07\/Danger-4-100x100.png 100w, https:\/\/luxurycandlesupplies.eu\/app\/uploads\/2025\/07\/Danger-4.png 1080w\" sizes=\"(max-width: 123px) 100vw, 123px\" \/> <img decoding=\"async\" class=\"alignnone wp-image-23488\" src=\"https:\/\/luxurycandlesupplies.eu\/app\/uploads\/2025\/07\/Danger-3-300x300.png\" alt=\"\" width=\"123\" height=\"123\" srcset=\"https:\/\/luxurycandlesupplies.eu\/app\/uploads\/2025\/07\/Danger-3-300x300.png 300w, https:\/\/luxurycandlesupplies.eu\/app\/uploads\/2025\/07\/Danger-3-1024x1024.png 1024w, https:\/\/luxurycandlesupplies.eu\/app\/uploads\/2025\/07\/Danger-3-150x150.png 150w, https:\/\/luxurycandlesupplies.eu\/app\/uploads\/2025\/07\/Danger-3-768x768.png 768w, https:\/\/luxurycandlesupplies.eu\/app\/uploads\/2025\/07\/Danger-3-12x12.png 12w, https:\/\/luxurycandlesupplies.eu\/app\/uploads\/2025\/07\/Danger-3-600x600.png 600w, https:\/\/luxurycandlesupplies.eu\/app\/uploads\/2025\/07\/Danger-3-100x100.png 100w, https:\/\/luxurycandlesupplies.eu\/app\/uploads\/2025\/07\/Danger-3.png 1080w\" sizes=\"(max-width: 123px) 100vw, 123px\" \/><\/p>\n<p><strong>Lim\u00f3n y pino NL<\/strong><\/p>\n<p>H226 Vloeistof ontvlambare en damp. H315 Desactiva la huidirritaci\u00f3n. H319 Por enfermedad grave<br \/>\noogirritatie. H317 Puede provocar reacciones al\u00e9rgicas. H411 Apto para el uso en agua salada.<br \/>\norganismen, met langdurige gevolgen. P261 Inademing van stof\/rook\/gas\/nevel\/damp\/spuitnevel<br \/>\nvermijden. P264 Na het werken met dit product aangetaste gebieden grondig wassen. P272<br \/>\nVerontreinigde werkkleding mag de werkruimte niet verlaten. P273 Voorkom lozing in het milieu.<br \/>\nP280 Manguitos\/manguitos\/manguitos\/manguitos de seguridad\/manguitos de seguridad\/manguitos de protecci\u00f3n<br \/>\ndragen. P302+P352 BIJ CONTACT MET DE HUID: met veel water en zeep wassen.<\/p>\n<p>&nbsp;<\/p>\n<p><strong>Lim\u00f3n y Pino FR<\/strong><\/p>\n<p>H226 L\u00edquidos y vapores inflamables. H315 Provoca irritaci\u00f3n cut\u00e1nea. H319 Provoca una<br \/>\ns\u00e9v\u00e8re irritation des yeux. H317 Puede provocar una reacci\u00f3n al\u00e9rgica cut\u00e1nea. H411 T\u00f3xico para<br \/>\nles organismes aquatiques, entra\u00eene des effets n\u00e9fastes \u00e0 long terme. P261 Evitar respirar los<br \/>\npoussi\u00e8res\/fum\u00e9es\/gaz\/brouillards\/vapeurs\/a\u00e9rosols. P264 Lavez soigneusement les zones touch\u00e9es<br \/>\napr\u00e8s manipulation. P272 Los trajes contaminados no deben salir del lugar de trabajo.<br \/>\ntrabajo. P273 \u00c9viter le rejet dans l'environnement. P280 Porter des gants de protection\/des v\u00eatements<br \/>\nde protection\/une protection des yeux\/du visage. P302+P352 EN CASO DE CONTACTO CON LA PIEL :<br \/>\nlaver abondamment \u00e0 l'eau et au savon.<\/p>\n<p>&nbsp;<\/p>\n<p><strong>Lim\u00f3n y Pino ENG<\/strong><\/p>\n<p>H226 L\u00edquido y vapores inflamables. H315 Provoca irritaci\u00f3n cut\u00e1nea. H319 Provoca irritaci\u00f3n ocular grave.<br \/>\nH317 Puede provocar una reacci\u00f3n al\u00e9rgica en la piel. H411 T\u00f3xico para los organismos acu\u00e1ticos, con efectos nocivos duraderos. P261<br \/>\nEvitar respirar el polvo\/el humo\/el gas\/la niebla\/los vapores\/el aerosol. P264 L\u00e1vese a fondo las personas afectadas despu\u00e9s de manipular el producto.<br \/>\nP272 La ropa de trabajo contaminada no debe salir del lugar de trabajo. P273 Evitar la liberaci\u00f3n a<br \/>\nel medio ambiente. P280 Llevar guantes\/ropa de protecci\u00f3n\/protecci\u00f3n ocular\/protecci\u00f3n facial.<br \/>\nP302+P352 EN CASO DE CONTACTO CON LA PIEL: Lavar con agua y jab\u00f3n abundantes.<\/p>","protected":false},"excerpt":{"rendered":"<h3>DESCRIPCI\u00d3N<\/h3>\n<p>&nbsp;<\/p>\n<h3><em><strong>Lim\u00f3n y pino<\/strong><\/em><\/h3>\n<p>&nbsp;<\/p>\n<p>Lim\u00f3n y Pino, como el famoso abeto blanco, es una fragancia fresca y vigorizante que da vida al aire libre. Se abre con notas de salida picantes de manzana Granny Smith, lim\u00f3n y ralladura de lima, que proporcionan un estallido brillante y c\u00edtrico. El coraz\u00f3n de la fragancia contiene el aroma fresco y amaderado del pino, la aguja de abeto y la picea blanca, que evoca la frescura de un bosque.<\/p>\n<p>Esta fragancia es perfecta para los amantes de la armon\u00eda natural de los c\u00edtricos y la madera.<\/p>\n<p>&nbsp;<\/p>\n<p>Notas de salida:  Manzana Granny Smith - Lim\u00f3n - Ralladura de lima<\/p>\n<p>Notas medias: Pino - Aguja de abeto - Picea blanca<\/p>\n<p>Notas de fondo: Musgo - S\u00e1ndalo<\/p>","protected":false},"featured_media":17846,"template":"","meta":{"_acf_changed":false,"site-sidebar-layout":"default","site-content-layout":"default","ast-site-content-layout":"default","site-content-style":"default","site-sidebar-style":"default","ast-global-header-display":"","ast-banner-title-visibility":"","ast-main-header-display":"","ast-hfb-above-header-display":"","ast-hfb-below-header-display":"","ast-hfb-mobile-header-display":"","site-post-title":"","ast-breadcrumbs-content":"","ast-featured-img":"","footer-sml-layout":"","ast-disable-related-posts":"","theme-transparent-header-meta":"default","adv-header-id-meta":"","stick-header-meta":"","header-above-stick-meta":"","header-main-stick-meta":"","header-below-stick-meta":"","astra-migrate-meta-layouts":"set","ast-page-background-enabled":"default","ast-page-background-meta":{"desktop":{"background-color":"","background-image":"","background-repeat":"repeat","background-position":"center center","background-size":"auto","background-attachment":"scroll","background-type":"","background-media":"","overlay-type":"","overlay-color":"","overlay-opacity":"","overlay-gradient":""},"tablet":{"background-color":"","background-image":"","background-repeat":"repeat","background-position":"center center","background-size":"auto","background-attachment":"scroll","background-type":"","background-media":"","overlay-type":"","overlay-color":"","overlay-opacity":"","overlay-gradient":""},"mobile":{"background-color":"","background-image":"","background-repeat":"repeat","background-position":"center center","background-size":"auto","background-attachment":"scroll","background-type":"","background-media":"","overlay-type":"","overlay-color":"","overlay-opacity":"","overlay-gradient":""}},"ast-content-background-meta":{"desktop":{"background-color":"var(--ast-global-color-5)","background-image":"","background-repeat":"repeat","background-position":"center center","background-size":"auto","background-attachment":"scroll","background-type":"","background-media":"","overlay-type":"","overlay-color":"","overlay-opacity":"","overlay-gradient":""},"tablet":{"background-color":"var(--ast-global-color-5)","background-image":"","background-repeat":"repeat","background-position":"center center","background-size":"auto","background-attachment":"scroll","background-type":"","background-media":"","overlay-type":"","overlay-color":"","overlay-opacity":"","overlay-gradient":""},"mobile":{"background-color":"var(--ast-global-color-5)","background-image":"","background-repeat":"repeat","background-position":"center center","background-size":"auto","background-attachment":"scroll","background-type":"","background-media":"","overlay-type":"","overlay-color":"","overlay-opacity":"","overlay-gradient":""}}},"product_brand":[],"product_cat":[25,1681],"product_tag":[1536,1533,1605,1604,1603],"class_list":{"0":"post-17836","1":"product","2":"type-product","3":"status-publish","4":"has-post-thumbnail","6":"product_cat-fragrances","7":"product_cat-fragrances-ufi-exempt","8":"product_tag-citrus","9":"product_tag-lemon","10":"product_tag-lime-zest","11":"product_tag-moss","12":"product_tag-spruce","13":"desktop-align-left","14":"tablet-align-left","15":"mobile-align-left","16":"ast-product-gallery-layout-horizontal-slider","17":"ast-product-single-variable","18":"ast-product-tabs-layout-horizontal","20":"first","21":"instock","22":"taxable","23":"shipping-taxable","24":"purchasable","25":"product-type-variable"},"acf":[],"yoast_head":"<title>Lemon &amp; Pine - UFI exempt<\/title>\n<meta name=\"robots\" content=\"index, follow, max-snippet:-1, max-image-preview:large, max-video-preview:-1\" \/>\n<link rel=\"canonical\" href=\"https:\/\/luxurycandlesupplies.eu\/es\/producto\/pino-limonero\/\" \/>\n<meta property=\"og:locale\" content=\"es_ES\" \/>\n<meta property=\"og:type\" content=\"article\" \/>\n<meta property=\"og:title\" content=\"Lemon &amp; Pine - UFI exempt\" \/>\n<meta property=\"og:description\" content=\"DESCRIPTION &nbsp; Lemon &amp; Pine &nbsp;  Lemon &amp; Pine as in the famous White Spruce, is a fresh and invigorating fragrance that brings the outdoors to life. It opens with zesty top notes of Granny Smith Apple, Lemon and Lime Zest, delivering a bright, citrusy burst. The heart of the fragrance features the crisp, woody aroma of Pine, Fir Needle and White Spruce, evoking the freshness of a forest.  This fragrance is perfect for those who love the natural harmony of citrus and wood.  &nbsp;  Top notes:\u00a0 Granny Smith Apple - Lemon - Lime Zest  Middle notes: Pine - Fir Needle - White Spruce  Base notes: Moss - Sandalwood\" \/>\n<meta property=\"og:url\" content=\"https:\/\/luxurycandlesupplies.eu\/es\/producto\/pino-limonero\/\" \/>\n<meta property=\"og:site_name\" content=\"Antwerp Luxury Candle Supplies\" \/>\n<meta property=\"article:publisher\" content=\"https:\/\/www.facebook.com\/Antwerpluxurycandlesupplies\/\" \/>\n<meta property=\"article:modified_time\" content=\"2026-05-14T16:33:07+00:00\" \/>\n<meta property=\"og:image\" content=\"https:\/\/luxurycandlesupplies.eu\/app\/uploads\/2024\/09\/DALL\u00b7E-2024-09-20-15.46.35-A-white-spruce-tree-with-a-unique-touch-of-lemon-and-moss.-The-tall-slender-spruce-has-bluish-green-needles-with-its-branches-dusted-by-light-snow.-A.webp\" \/>\n\t<meta property=\"og:image:width\" content=\"1024\" \/>\n\t<meta property=\"og:image:height\" content=\"1024\" \/>\n\t<meta property=\"og:image:type\" content=\"image\/webp\" \/>\n<meta name=\"twitter:card\" content=\"summary_large_image\" \/>\n<meta name=\"twitter:label1\" content=\"Tiempo de lectura\" \/>\n\t<meta name=\"twitter:data1\" content=\"3 minutos\" \/>\n<script type=\"application\/ld+json\" class=\"yoast-schema-graph\">{\"@context\":\"https:\\\/\\\/schema.org\",\"@graph\":[{\"@type\":\"WebPage\",\"@id\":\"https:\\\/\\\/luxurycandlesupplies.eu\\\/product\\\/lemon-pine\\\/\",\"url\":\"https:\\\/\\\/luxurycandlesupplies.eu\\\/product\\\/lemon-pine\\\/\",\"name\":\"Lemon & Pine - UFI exempt\",\"isPartOf\":{\"@id\":\"https:\\\/\\\/luxurycandlesupplies.eu\\\/#website\"},\"primaryImageOfPage\":{\"@id\":\"https:\\\/\\\/luxurycandlesupplies.eu\\\/product\\\/lemon-pine\\\/#primaryimage\"},\"image\":{\"@id\":\"https:\\\/\\\/luxurycandlesupplies.eu\\\/product\\\/lemon-pine\\\/#primaryimage\"},\"thumbnailUrl\":\"https:\\\/\\\/luxurycandlesupplies.eu\\\/app\\\/uploads\\\/2024\\\/09\\\/DALL\u00b7E-2024-09-20-15.46.35-A-white-spruce-tree-with-a-unique-touch-of-lemon-and-moss.-The-tall-slender-spruce-has-bluish-green-needles-with-its-branches-dusted-by-light-snow.-A.webp\",\"datePublished\":\"2024-09-20T13:35:29+00:00\",\"dateModified\":\"2026-05-14T16:33:07+00:00\",\"breadcrumb\":{\"@id\":\"https:\\\/\\\/luxurycandlesupplies.eu\\\/product\\\/lemon-pine\\\/#breadcrumb\"},\"inLanguage\":\"es\",\"potentialAction\":[{\"@type\":\"ReadAction\",\"target\":[\"https:\\\/\\\/luxurycandlesupplies.eu\\\/product\\\/lemon-pine\\\/\"]}]},{\"@type\":\"ImageObject\",\"inLanguage\":\"es\",\"@id\":\"https:\\\/\\\/luxurycandlesupplies.eu\\\/product\\\/lemon-pine\\\/#primaryimage\",\"url\":\"https:\\\/\\\/luxurycandlesupplies.eu\\\/app\\\/uploads\\\/2024\\\/09\\\/DALL\u00b7E-2024-09-20-15.46.35-A-white-spruce-tree-with-a-unique-touch-of-lemon-and-moss.-The-tall-slender-spruce-has-bluish-green-needles-with-its-branches-dusted-by-light-snow.-A.webp\",\"contentUrl\":\"https:\\\/\\\/luxurycandlesupplies.eu\\\/app\\\/uploads\\\/2024\\\/09\\\/DALL\u00b7E-2024-09-20-15.46.35-A-white-spruce-tree-with-a-unique-touch-of-lemon-and-moss.-The-tall-slender-spruce-has-bluish-green-needles-with-its-branches-dusted-by-light-snow.-A.webp\",\"width\":1024,\"height\":1024},{\"@type\":\"BreadcrumbList\",\"@id\":\"https:\\\/\\\/luxurycandlesupplies.eu\\\/product\\\/lemon-pine\\\/#breadcrumb\",\"itemListElement\":[{\"@type\":\"ListItem\",\"position\":1,\"name\":\"Home\",\"item\":\"https:\\\/\\\/luxurycandlesupplies.eu\\\/\"},{\"@type\":\"ListItem\",\"position\":2,\"name\":\"Shop\",\"item\":\"https:\\\/\\\/luxurycandlesupplies.eu\\\/shop\\\/\"},{\"@type\":\"ListItem\",\"position\":3,\"name\":\"Lemon &#038; Pine &#8211; UFI exempt\"}]},{\"@type\":\"WebSite\",\"@id\":\"https:\\\/\\\/luxurycandlesupplies.eu\\\/#website\",\"url\":\"https:\\\/\\\/luxurycandlesupplies.eu\\\/\",\"name\":\"Antwerp Luxury Candle Supplies\",\"description\":\"Distributor of all seasons soy wax\",\"publisher\":{\"@id\":\"https:\\\/\\\/luxurycandlesupplies.eu\\\/#organization\"},\"potentialAction\":[{\"@type\":\"SearchAction\",\"target\":{\"@type\":\"EntryPoint\",\"urlTemplate\":\"https:\\\/\\\/luxurycandlesupplies.eu\\\/?s={search_term_string}\"},\"query-input\":{\"@type\":\"PropertyValueSpecification\",\"valueRequired\":true,\"valueName\":\"search_term_string\"}}],\"inLanguage\":\"es\"},{\"@type\":\"Organization\",\"@id\":\"https:\\\/\\\/luxurycandlesupplies.eu\\\/#organization\",\"name\":\"Antwerp Luxury Candle Supplies\",\"url\":\"https:\\\/\\\/luxurycandlesupplies.eu\\\/\",\"logo\":{\"@type\":\"ImageObject\",\"inLanguage\":\"es\",\"@id\":\"https:\\\/\\\/luxurycandlesupplies.eu\\\/#\\\/schema\\\/logo\\\/image\\\/\",\"url\":\"https:\\\/\\\/luxurycandlesupplies.eu\\\/app\\\/uploads\\\/2022\\\/03\\\/antwerp-luxury-candle-supplies-1x.png\",\"contentUrl\":\"https:\\\/\\\/luxurycandlesupplies.eu\\\/app\\\/uploads\\\/2022\\\/03\\\/antwerp-luxury-candle-supplies-1x.png\",\"width\":330,\"height\":60,\"caption\":\"Antwerp Luxury Candle Supplies\"},\"image\":{\"@id\":\"https:\\\/\\\/luxurycandlesupplies.eu\\\/#\\\/schema\\\/logo\\\/image\\\/\"},\"sameAs\":[\"https:\\\/\\\/www.facebook.com\\\/Antwerpluxurycandlesupplies\\\/\",\"https:\\\/\\\/www.instagram.com\\\/antwerp_luxury_candle_supplies\\\/\",\"https:\\\/\\\/pin.it\\\/7joOXRW\"]}]}<\/script>","yoast_head_json":{"title":"Lim\u00f3n y pino - UFI exento","robots":{"index":"index","follow":"follow","max-snippet":"max-snippet:-1","max-image-preview":"max-image-preview:large","max-video-preview":"max-video-preview:-1"},"canonical":"https:\/\/luxurycandlesupplies.eu\/es\/producto\/pino-limonero\/","og_locale":"es_ES","og_type":"article","og_title":"Lemon & Pine - UFI exempt","og_description":"DESCRIPTION &nbsp; Lemon &amp; Pine &nbsp;  Lemon &amp; Pine as in the famous White Spruce, is a fresh and invigorating fragrance that brings the outdoors to life. It opens with zesty top notes of Granny Smith Apple, Lemon and Lime Zest, delivering a bright, citrusy burst. The heart of the fragrance features the crisp, woody aroma of Pine, Fir Needle and White Spruce, evoking the freshness of a forest.  This fragrance is perfect for those who love the natural harmony of citrus and wood.  &nbsp;  Top notes:\u00a0 Granny Smith Apple - Lemon - Lime Zest  Middle notes: Pine - Fir Needle - White Spruce  Base notes: Moss - Sandalwood","og_url":"https:\/\/luxurycandlesupplies.eu\/es\/producto\/pino-limonero\/","og_site_name":"Antwerp Luxury Candle Supplies","article_publisher":"https:\/\/www.facebook.com\/Antwerpluxurycandlesupplies\/","article_modified_time":"2026-05-14T16:33:07+00:00","og_image":[{"width":1024,"height":1024,"url":"https:\/\/luxurycandlesupplies.eu\/app\/uploads\/2024\/09\/DALL\u00b7E-2024-09-20-15.46.35-A-white-spruce-tree-with-a-unique-touch-of-lemon-and-moss.-The-tall-slender-spruce-has-bluish-green-needles-with-its-branches-dusted-by-light-snow.-A.webp","type":"image\/webp"}],"twitter_card":"summary_large_image","twitter_misc":{"Tiempo de lectura":"3 minutos"},"schema":{"@context":"https:\/\/schema.org","@graph":[{"@type":"WebPage","@id":"https:\/\/luxurycandlesupplies.eu\/product\/lemon-pine\/","url":"https:\/\/luxurycandlesupplies.eu\/product\/lemon-pine\/","name":"Lim\u00f3n y pino - UFI exento","isPartOf":{"@id":"https:\/\/luxurycandlesupplies.eu\/#website"},"primaryImageOfPage":{"@id":"https:\/\/luxurycandlesupplies.eu\/product\/lemon-pine\/#primaryimage"},"image":{"@id":"https:\/\/luxurycandlesupplies.eu\/product\/lemon-pine\/#primaryimage"},"thumbnailUrl":"https:\/\/luxurycandlesupplies.eu\/app\/uploads\/2024\/09\/DALL\u00b7E-2024-09-20-15.46.35-A-white-spruce-tree-with-a-unique-touch-of-lemon-and-moss.-The-tall-slender-spruce-has-bluish-green-needles-with-its-branches-dusted-by-light-snow.-A.webp","datePublished":"2024-09-20T13:35:29+00:00","dateModified":"2026-05-14T16:33:07+00:00","breadcrumb":{"@id":"https:\/\/luxurycandlesupplies.eu\/product\/lemon-pine\/#breadcrumb"},"inLanguage":"es","potentialAction":[{"@type":"ReadAction","target":["https:\/\/luxurycandlesupplies.eu\/product\/lemon-pine\/"]}]},{"@type":"ImageObject","inLanguage":"es","@id":"https:\/\/luxurycandlesupplies.eu\/product\/lemon-pine\/#primaryimage","url":"https:\/\/luxurycandlesupplies.eu\/app\/uploads\/2024\/09\/DALL\u00b7E-2024-09-20-15.46.35-A-white-spruce-tree-with-a-unique-touch-of-lemon-and-moss.-The-tall-slender-spruce-has-bluish-green-needles-with-its-branches-dusted-by-light-snow.-A.webp","contentUrl":"https:\/\/luxurycandlesupplies.eu\/app\/uploads\/2024\/09\/DALL\u00b7E-2024-09-20-15.46.35-A-white-spruce-tree-with-a-unique-touch-of-lemon-and-moss.-The-tall-slender-spruce-has-bluish-green-needles-with-its-branches-dusted-by-light-snow.-A.webp","width":1024,"height":1024},{"@type":"BreadcrumbList","@id":"https:\/\/luxurycandlesupplies.eu\/product\/lemon-pine\/#breadcrumb","itemListElement":[{"@type":"ListItem","position":1,"name":"Home","item":"https:\/\/luxurycandlesupplies.eu\/"},{"@type":"ListItem","position":2,"name":"Shop","item":"https:\/\/luxurycandlesupplies.eu\/shop\/"},{"@type":"ListItem","position":3,"name":"Lemon &#038; Pine &#8211; UFI exempt"}]},{"@type":"WebSite","@id":"https:\/\/luxurycandlesupplies.eu\/#website","url":"https:\/\/luxurycandlesupplies.eu\/","name":"Suministros para velas de lujo de Amberes","description":"Distribuidor de cera de soja para todas las estaciones","publisher":{"@id":"https:\/\/luxurycandlesupplies.eu\/#organization"},"potentialAction":[{"@type":"SearchAction","target":{"@type":"EntryPoint","urlTemplate":"https:\/\/luxurycandlesupplies.eu\/?s={search_term_string}"},"query-input":{"@type":"PropertyValueSpecification","valueRequired":true,"valueName":"search_term_string"}}],"inLanguage":"es"},{"@type":"Organization","@id":"https:\/\/luxurycandlesupplies.eu\/#organization","name":"Suministros para velas de lujo de Amberes","url":"https:\/\/luxurycandlesupplies.eu\/","logo":{"@type":"ImageObject","inLanguage":"es","@id":"https:\/\/luxurycandlesupplies.eu\/#\/schema\/logo\/image\/","url":"https:\/\/luxurycandlesupplies.eu\/app\/uploads\/2022\/03\/antwerp-luxury-candle-supplies-1x.png","contentUrl":"https:\/\/luxurycandlesupplies.eu\/app\/uploads\/2022\/03\/antwerp-luxury-candle-supplies-1x.png","width":330,"height":60,"caption":"Antwerp Luxury Candle Supplies"},"image":{"@id":"https:\/\/luxurycandlesupplies.eu\/#\/schema\/logo\/image\/"},"sameAs":["https:\/\/www.facebook.com\/Antwerpluxurycandlesupplies\/","https:\/\/www.instagram.com\/antwerp_luxury_candle_supplies\/","https:\/\/pin.it\/7joOXRW"]}]}},"_links":{"self":[{"href":"https:\/\/luxurycandlesupplies.eu\/es\/wp-json\/wp\/v2\/product\/17836","targetHints":{"allow":["GET"]}}],"collection":[{"href":"https:\/\/luxurycandlesupplies.eu\/es\/wp-json\/wp\/v2\/product"}],"about":[{"href":"https:\/\/luxurycandlesupplies.eu\/es\/wp-json\/wp\/v2\/types\/product"}],"wp:featuredmedia":[{"embeddable":true,"href":"https:\/\/luxurycandlesupplies.eu\/es\/wp-json\/wp\/v2\/media\/17846"}],"wp:attachment":[{"href":"https:\/\/luxurycandlesupplies.eu\/es\/wp-json\/wp\/v2\/media?parent=17836"}],"wp:term":[{"taxonomy":"product_brand","embeddable":true,"href":"https:\/\/luxurycandlesupplies.eu\/es\/wp-json\/wp\/v2\/product_brand?post=17836"},{"taxonomy":"product_cat","embeddable":true,"href":"https:\/\/luxurycandlesupplies.eu\/es\/wp-json\/wp\/v2\/product_cat?post=17836"},{"taxonomy":"product_tag","embeddable":true,"href":"https:\/\/luxurycandlesupplies.eu\/es\/wp-json\/wp\/v2\/product_tag?post=17836"}],"curies":[{"name":"wp","href":"https:\/\/api.w.org\/{rel}","templated":true}]}}