{"id":17881,"date":"2024-09-24T09:12:24","date_gmt":"2024-09-24T07:12:24","guid":{"rendered":"https:\/\/luxurycandlesupplies.eu\/?post_type=product&#038;p=17881"},"modified":"2026-03-26T12:46:24","modified_gmt":"2026-03-26T11:46:24","slug":"cafe-irlandes","status":"publish","type":"product","link":"https:\/\/luxurycandlesupplies.eu\/es\/product\/irish-coffee\/","title":{"rendered":"Caf\u00e9 irland\u00e9s - UFI exento <10%"},"content":{"rendered":"<h3>DESCRIPCI\u00d3N<\/h3>\n<p>&nbsp;<\/p>\n<h3><em><strong>Caf\u00e9 irland\u00e9s<\/strong><\/em><\/h3>\n<p>&nbsp;<\/p>\n<p>Experimenta el delicioso aroma de nuestro Aceite con Fragancia Caf\u00e9 Irland\u00e9s.<\/p>\n<p>Esta cautivadora mezcla funde los tonos robustos del caf\u00e9 en grano tostado con el lujo cremoso de la crema irlandesa. El aroma de los granos de caf\u00e9 tostado franc\u00e9s se realza con matices de licor a\u00f1ejado en roble, ofreciendo un aroma profundo y gratificante. Las sedosas notas de la dulce crema de vainilla y la leche en polvo proporcionan una suntuosa base a esta fragancia estilo caf\u00e9.<\/p>\n<p>Perfecto para crear un ambiente acogedor, nuestro aceite con fragancia Caf\u00e9 Irland\u00e9s infunde una calidez refinada a cualquier estancia.<\/p>\n<p>&nbsp;<\/p>\n<p>Notas altas:  Granos de caf\u00e9<\/p>\n<p>Notas medias: Leche en polvo<\/p>\n<p>Notas de fondo: Vainilla, Ron<\/p>\n<p>&nbsp;<\/p>\n<h3>NUESTRA RECOMENDACI\u00d3N<\/h3>\n<hr \/>\n<div>\n<p>El uso de aceites de fragancia depender\u00e1 del producto que est\u00e9 creando. Consulte la siguiente gu\u00eda para conocer las proporciones recomendadas para su producto.<\/p>\n<p>Tenga en cuenta que los valores indicados a continuaci\u00f3n son s\u00f3lo sugerencias. Recomendamos a los usuarios que realicen sus propias pruebas con las mezclas de cera y aceite previstas para obtener resultados \u00f3ptimos.<\/p>\n<p>Velas: 6-10%<br \/>\nWaxmelts: 10-12%<\/p>\n<p>&nbsp;<\/p>\n<\/div>\n<h2>INFORMACI\u00d3N SOBRE CLP Y SDS<\/h2>\n<hr \/>\n<p><a href=\"https:\/\/luxurycandlesupplies.eu\/app\/uploads\/2024\/09\/Irish-Coffee-SDS-100.pdf\">Caf\u00e9 irland\u00e9s SDS 100%<\/a><\/p>\n<p><a href=\"https:\/\/luxurycandlesupplies.eu\/app\/uploads\/2024\/09\/Irish-Coffee-IFRA.pdf\">Caf\u00e9 irland\u00e9s IFRA<\/a><\/p>\n<p><a href=\"https:\/\/luxurycandlesupplies.eu\/app\/uploads\/2024\/09\/CLP-label-_-Irish-coffe-_-candle-6_Free-of-UFI.pdf\">Etiqueta CLP _ Caf\u00e9 irland\u00e9s _ vela 6%_Free of UFI<\/a><\/p>\n<p><a href=\"https:\/\/luxurycandlesupplies.eu\/app\/uploads\/2024\/09\/CLP-label-_-Irish-coffee-_-candle-8.pdf\">Etiqueta CLP _ caf\u00e9 irland\u00e9s _ vela 8%<\/a><\/p>\n<p><a href=\"https:\/\/luxurycandlesupplies.eu\/app\/uploads\/2024\/09\/CLP-label-_-Irish-coffee-_-candle-10_Free-of-UFI.pdf\">Etiqueta CLP _ Caf\u00e9 irland\u00e9s _ vela 10%_Libre de UFI<\/a><\/p>\n<p>&nbsp;<\/p>\n<p>UFI: HP80-808V-H00N-N963<\/p>\n<p><img decoding=\"async\" class=\"alignnone wp-image-23488\" src=\"https:\/\/luxurycandlesupplies.eu\/app\/uploads\/2025\/07\/Danger-3-300x300.png\" alt=\"\" width=\"104\" height=\"104\" srcset=\"https:\/\/luxurycandlesupplies.eu\/app\/uploads\/2025\/07\/Danger-3-300x300.png 300w, https:\/\/luxurycandlesupplies.eu\/app\/uploads\/2025\/07\/Danger-3-1024x1024.png 1024w, https:\/\/luxurycandlesupplies.eu\/app\/uploads\/2025\/07\/Danger-3-150x150.png 150w, https:\/\/luxurycandlesupplies.eu\/app\/uploads\/2025\/07\/Danger-3-768x768.png 768w, https:\/\/luxurycandlesupplies.eu\/app\/uploads\/2025\/07\/Danger-3-12x12.png 12w, https:\/\/luxurycandlesupplies.eu\/app\/uploads\/2025\/07\/Danger-3-600x600.png 600w, https:\/\/luxurycandlesupplies.eu\/app\/uploads\/2025\/07\/Danger-3-100x100.png 100w, https:\/\/luxurycandlesupplies.eu\/app\/uploads\/2025\/07\/Danger-3.png 1080w\" sizes=\"(max-width: 104px) 100vw, 104px\" \/><\/p>\n<p><strong>Caf\u00e9 Irisch NL<\/strong><\/p>\n<p>H319 Puede causar irritaci\u00f3n ocular grave. H317 Puede causar reacciones al\u00e9rgicas. H412<br \/>\nSchadelijk voor in het water levende organismen, met langdurige gevolgen. P264 Na het werken met<br \/>\ndit product aangetaste gebieden grondig wassen. P280 Beschermende<br \/>\nhandschoenen\/beschermende kleding\/oogbescherming\/gelaatsbescherming dragen.<br \/>\nP305+P351+P338 BIJ CONTACT MET DE OGEN: voorzichtig afspoelen met water gedurende een aantal<br \/>\nminuten; contactlenzen verwijderen, indien mogelijk; blijven spoelen. P337+P313 En caso de emergencia<br \/>\noogirritatie: een arts raadplegen. P272 Verontreinigde werkkleding mag de werkruimte niet verlaten.<br \/>\nP363 Para poder utilizar esta opci\u00f3n, es necesario que el tel\u00e9fono est\u00e9 apagado. P261 Inademing van<br \/>\nstof\/rook\/gas\/nevel\/damp\/spuitnevel vermijden. P321 Se muestra el comportamiento espec\u00edfico (ver ... en esta p\u00e1gina).<br \/>\netiket). P501 Inhoud\/verpakking afvoeren naar een erkende afvalinzamelaar conform VLAREMA en<br \/>\nOVAM-regelgeving. P302+P352 BIJ CONTACT MET DE HUID: met veel water en zeep wassen.<br \/>\nP333+P313 Bij huidirritatie of uitslag: een arts raadplegen. P273 Voorkom lozing in het milieu.<\/p>\n<p>&nbsp;<\/p>\n<p><strong>Caf\u00e9 Irisch FR<\/strong><\/p>\n<p>H319 Provoca una grave irritaci\u00f3n de los ojos. H317 Puede provocar una reacci\u00f3n al\u00e9rgica cut\u00e1nea.<br \/>\nH412 Nocivo para los organismos acu\u00e1ticos, produce efectos nocivos a largo plazo. P264 Lavez<br \/>\nsoigneusement les zones touch\u00e9es apr\u00e8s manipulation. P280 Porter des gants de protection\/des<br \/>\nv\u00eatements de protection\/une protection des yeux\/du visage. P305+P351+P338 EN CASO DE CONTACTO<br \/>\nAVEC LES YEUX : enjuagar con precauci\u00f3n con agua durante varios minutos ; retirar las lentes si<br \/>\npossible ; continuer \u00e0 rincer. P337+P313 En caso de irritaci\u00f3n ocular persistente: consulte a un<br \/>\nm\u00e9dico. P272 La ropa de trabajo contaminada no debe salir del lugar de trabajo. P363<br \/>\nLaver les v\u00eatements contamin\u00e9s avant de les r\u00e9utiliser. P261 Evitar respirar los<br \/>\npoussi\u00e8res\/fum\u00e9es\/gaz\/brouillards\/vapeurs\/a\u00e9rosols. P321 Traitement sp\u00e9cifique requis (voir ... sur<br \/>\nl'\u00e9tiquette). P501 Elimine el contenido\/el recipiente mediante un recogedor de residuos conforme a<br \/>\nla r\u00e9glementation VLAREMA et OVAM. P302+P352 EN CAS DE CONTACT AVEC LA PEAU : laver<br \/>\nabondamment \u00e0 l'eau et au savon. P333+P313 En caso de irritaci\u00f3n o erupci\u00f3n cut\u00e1nea: consulte a un<br \/>\nm\u00e9decin. P273 \u00c9viter le rejet dans l'environnement.<\/p>\n<p>&nbsp;<\/p>\n<p><strong>Caf\u00e9 Irisch ENG<\/strong><\/p>\n<p>H319 Provoca irritaci\u00f3n ocular grave. H317 Puede provocar una reacci\u00f3n al\u00e9rgica en la piel. H412 Nocivo para<br \/>\nvida acu\u00e1tica con efectos duraderos. P264 Lavar a fondo la zona afectada despu\u00e9s de manipularla. P280 Llevar puesto<br \/>\nguantes de protecci\u00f3n\/ropa de protecci\u00f3n\/protecci\u00f3n ocular\/protecci\u00f3n facial. P305+P351+P338 EN CASO DE CONTACTO CON LOS OJOS:<br \/>\nAclarar cuidadosamente con agua durante varios minutos. Qu\u00edtese las lentes de contacto si las lleva y es f\u00e1cil hacerlo.<br \/>\nContinuar aclarando. P337+P313 Si persiste la irritaci\u00f3n ocular: Consultar a un m\u00e9dico. P272 Trabajo contaminado<br \/>\nLa ropa contaminada no debe salir del lugar de trabajo. P363 Lavar la ropa contaminada antes de volver a utilizarla.<br \/>\nP261 Evitar respirar el polvo\/el humo\/el gas\/la niebla\/los vapores\/el aerosol. P321 Tratamiento espec\u00edfico necesario (v\u00e9ase ... en<br \/>\netiqueta). P501 Eliminar el contenido\/el recipiente a trav\u00e9s de un recolector de residuos autorizado de acuerdo con<br \/>\nNormativa VLAREMA y OVAM. P302+P352 EN CASO DE CONTACTO CON LA PIEL: Lavar con abundante agua y jab\u00f3n.<br \/>\nP333+P313 En caso de irritaci\u00f3n o erupci\u00f3n cut\u00e1nea: Consultar a un m\u00e9dico. P273 Evitar su liberaci\u00f3n al<br \/>\nmedio ambiente.<\/p>","protected":false},"excerpt":{"rendered":"<h3><em><strong>Caf\u00e9 irland\u00e9s<\/strong><\/em><\/h3>\n<p>&nbsp;<\/p>\n<p>Experimenta el delicioso aroma de nuestro Aceite con Fragancia Caf\u00e9 Irland\u00e9s.<\/p>\n<p>Esta cautivadora mezcla funde los tonos robustos del caf\u00e9 en grano tostado con el lujo cremoso de la crema irlandesa. El aroma de los granos de caf\u00e9 tostado franc\u00e9s se realza con matices de licor a\u00f1ejado en roble, ofreciendo un aroma profundo y gratificante. Las sedosas notas de la dulce crema de vainilla y la leche en polvo proporcionan una suntuosa base a esta fragancia estilo caf\u00e9.<\/p>\n<p>Perfecto para crear un ambiente acogedor, nuestro aceite con fragancia Caf\u00e9 Irland\u00e9s infunde una calidez refinada a cualquier estancia.<\/p>\n<p>&nbsp;<\/p>\n<p>Notas altas:  Granos de caf\u00e9<\/p>\n<p>Notas medias: Leche en polvo<\/p>\n<p>Notas de fondo: Vainilla, Ron<\/p>","protected":false},"featured_media":17890,"template":"","meta":{"_acf_changed":false,"site-sidebar-layout":"default","site-content-layout":"default","ast-site-content-layout":"default","site-content-style":"default","site-sidebar-style":"default","ast-global-header-display":"","ast-banner-title-visibility":"","ast-main-header-display":"","ast-hfb-above-header-display":"","ast-hfb-below-header-display":"","ast-hfb-mobile-header-display":"","site-post-title":"","ast-breadcrumbs-content":"","ast-featured-img":"","footer-sml-layout":"","ast-disable-related-posts":"","theme-transparent-header-meta":"default","adv-header-id-meta":"","stick-header-meta":"","header-above-stick-meta":"","header-main-stick-meta":"","header-below-stick-meta":"","astra-migrate-meta-layouts":"set","ast-page-background-enabled":"default","ast-page-background-meta":{"desktop":{"background-color":"","background-image":"","background-repeat":"repeat","background-position":"center center","background-size":"auto","background-attachment":"scroll","background-type":"","background-media":"","overlay-type":"","overlay-color":"","overlay-opacity":"","overlay-gradient":""},"tablet":{"background-color":"","background-image":"","background-repeat":"repeat","background-position":"center center","background-size":"auto","background-attachment":"scroll","background-type":"","background-media":"","overlay-type":"","overlay-color":"","overlay-opacity":"","overlay-gradient":""},"mobile":{"background-color":"","background-image":"","background-repeat":"repeat","background-position":"center center","background-size":"auto","background-attachment":"scroll","background-type":"","background-media":"","overlay-type":"","overlay-color":"","overlay-opacity":"","overlay-gradient":""}},"ast-content-background-meta":{"desktop":{"background-color":"var(--ast-global-color-5)","background-image":"","background-repeat":"repeat","background-position":"center center","background-size":"auto","background-attachment":"scroll","background-type":"","background-media":"","overlay-type":"","overlay-color":"","overlay-opacity":"","overlay-gradient":""},"tablet":{"background-color":"var(--ast-global-color-5)","background-image":"","background-repeat":"repeat","background-position":"center center","background-size":"auto","background-attachment":"scroll","background-type":"","background-media":"","overlay-type":"","overlay-color":"","overlay-opacity":"","overlay-gradient":""},"mobile":{"background-color":"var(--ast-global-color-5)","background-image":"","background-repeat":"repeat","background-position":"center center","background-size":"auto","background-attachment":"scroll","background-type":"","background-media":"","overlay-type":"","overlay-color":"","overlay-opacity":"","overlay-gradient":""}}},"product_brand":[],"product_cat":[25,1681],"product_tag":[125,1608,1541,1606,1607,434],"class_list":{"0":"post-17881","1":"product","2":"type-product","3":"status-publish","4":"has-post-thumbnail","6":"product_cat-fragrances","7":"product_cat-fragrances-ufi-exempt","8":"product_tag-coffee","9":"product_tag-coffee-beans","10":"product_tag-cream","11":"product_tag-italian","12":"product_tag-rum","13":"product_tag-vanilla","14":"desktop-align-left","15":"tablet-align-left","16":"mobile-align-left","17":"ast-product-gallery-layout-horizontal-slider","18":"ast-product-single-variable","19":"ast-product-tabs-layout-horizontal","21":"first","22":"outofstock","23":"taxable","24":"shipping-taxable","25":"purchasable","26":"product-type-variable"},"acf":[],"yoast_head":"<title>Irish Coffee - UFI exempt<\/title>\n<meta name=\"robots\" content=\"index, follow, max-snippet:-1, max-image-preview:large, max-video-preview:-1\" \/>\n<link rel=\"canonical\" href=\"https:\/\/luxurycandlesupplies.eu\/es\/producto\/cafe-irlandes\/\" \/>\n<meta property=\"og:locale\" content=\"es_ES\" \/>\n<meta property=\"og:type\" content=\"article\" \/>\n<meta property=\"og:title\" content=\"Irish Coffee - UFI exempt\" \/>\n<meta property=\"og:description\" content=\"Irish Coffee &nbsp;  Experience the delicious scent of our Irish Coffee Fragrance Oil.  This captivating mix melds the robust tones of roasted coffee beans with the creamy luxury of Irish creme. The aroma of French roasted coffee beans is enhanced by shades of oak-aged liquor, offering a profound and gratifying scent. Silky notes of sweet vanilla creme and milk powder provide a lavish foundation to this caf\u00e9-style fragrance.  Perfect for setting a welcoming atmosphere, our Irish Coffee fragrance oil infuses any room with refined warmth.  &nbsp;  Top notes:\u00a0 Coffee Beans  Middle notes: Milk Powder  Base notes: Vanilla, Rum\" \/>\n<meta property=\"og:url\" content=\"https:\/\/luxurycandlesupplies.eu\/es\/producto\/cafe-irlandes\/\" \/>\n<meta property=\"og:site_name\" content=\"Antwerp Luxury Candle Supplies\" \/>\n<meta property=\"article:publisher\" content=\"https:\/\/www.facebook.com\/Antwerpluxurycandlesupplies\/\" \/>\n<meta property=\"article:modified_time\" content=\"2026-03-26T11:46:24+00:00\" \/>\n<meta property=\"og:image\" content=\"https:\/\/luxurycandlesupplies.eu\/app\/uploads\/2024\/09\/Irish-Coffee-1.jpg\" \/>\n\t<meta property=\"og:image:width\" content=\"1080\" \/>\n\t<meta property=\"og:image:height\" content=\"1080\" \/>\n\t<meta property=\"og:image:type\" content=\"image\/jpeg\" \/>\n<meta name=\"twitter:card\" content=\"summary_large_image\" \/>\n<meta name=\"twitter:label1\" content=\"Tiempo de lectura\" \/>\n\t<meta name=\"twitter:data1\" content=\"4 minutos\" \/>\n<script type=\"application\/ld+json\" class=\"yoast-schema-graph\">{\"@context\":\"https:\\\/\\\/schema.org\",\"@graph\":[{\"@type\":\"WebPage\",\"@id\":\"https:\\\/\\\/luxurycandlesupplies.eu\\\/product\\\/irish-coffee\\\/\",\"url\":\"https:\\\/\\\/luxurycandlesupplies.eu\\\/product\\\/irish-coffee\\\/\",\"name\":\"Irish Coffee - UFI exempt\",\"isPartOf\":{\"@id\":\"https:\\\/\\\/luxurycandlesupplies.eu\\\/#website\"},\"primaryImageOfPage\":{\"@id\":\"https:\\\/\\\/luxurycandlesupplies.eu\\\/product\\\/irish-coffee\\\/#primaryimage\"},\"image\":{\"@id\":\"https:\\\/\\\/luxurycandlesupplies.eu\\\/product\\\/irish-coffee\\\/#primaryimage\"},\"thumbnailUrl\":\"https:\\\/\\\/luxurycandlesupplies.eu\\\/app\\\/uploads\\\/2024\\\/09\\\/Irish-Coffee-1.jpg\",\"datePublished\":\"2024-09-24T07:12:24+00:00\",\"dateModified\":\"2026-03-26T11:46:24+00:00\",\"breadcrumb\":{\"@id\":\"https:\\\/\\\/luxurycandlesupplies.eu\\\/product\\\/irish-coffee\\\/#breadcrumb\"},\"inLanguage\":\"es\",\"potentialAction\":[{\"@type\":\"ReadAction\",\"target\":[\"https:\\\/\\\/luxurycandlesupplies.eu\\\/product\\\/irish-coffee\\\/\"]}]},{\"@type\":\"ImageObject\",\"inLanguage\":\"es\",\"@id\":\"https:\\\/\\\/luxurycandlesupplies.eu\\\/product\\\/irish-coffee\\\/#primaryimage\",\"url\":\"https:\\\/\\\/luxurycandlesupplies.eu\\\/app\\\/uploads\\\/2024\\\/09\\\/Irish-Coffee-1.jpg\",\"contentUrl\":\"https:\\\/\\\/luxurycandlesupplies.eu\\\/app\\\/uploads\\\/2024\\\/09\\\/Irish-Coffee-1.jpg\",\"width\":1080,\"height\":1080},{\"@type\":\"BreadcrumbList\",\"@id\":\"https:\\\/\\\/luxurycandlesupplies.eu\\\/product\\\/irish-coffee\\\/#breadcrumb\",\"itemListElement\":[{\"@type\":\"ListItem\",\"position\":1,\"name\":\"Home\",\"item\":\"https:\\\/\\\/luxurycandlesupplies.eu\\\/\"},{\"@type\":\"ListItem\",\"position\":2,\"name\":\"Shop\",\"item\":\"https:\\\/\\\/luxurycandlesupplies.eu\\\/shop\\\/\"},{\"@type\":\"ListItem\",\"position\":3,\"name\":\"Irish Coffee &#8211; UFI exempt\"}]},{\"@type\":\"WebSite\",\"@id\":\"https:\\\/\\\/luxurycandlesupplies.eu\\\/#website\",\"url\":\"https:\\\/\\\/luxurycandlesupplies.eu\\\/\",\"name\":\"Antwerp Luxury Candle Supplies\",\"description\":\"Distributor of all seasons soy wax\",\"publisher\":{\"@id\":\"https:\\\/\\\/luxurycandlesupplies.eu\\\/#organization\"},\"potentialAction\":[{\"@type\":\"SearchAction\",\"target\":{\"@type\":\"EntryPoint\",\"urlTemplate\":\"https:\\\/\\\/luxurycandlesupplies.eu\\\/?s={search_term_string}\"},\"query-input\":{\"@type\":\"PropertyValueSpecification\",\"valueRequired\":true,\"valueName\":\"search_term_string\"}}],\"inLanguage\":\"es\"},{\"@type\":\"Organization\",\"@id\":\"https:\\\/\\\/luxurycandlesupplies.eu\\\/#organization\",\"name\":\"Antwerp Luxury Candle Supplies\",\"url\":\"https:\\\/\\\/luxurycandlesupplies.eu\\\/\",\"logo\":{\"@type\":\"ImageObject\",\"inLanguage\":\"es\",\"@id\":\"https:\\\/\\\/luxurycandlesupplies.eu\\\/#\\\/schema\\\/logo\\\/image\\\/\",\"url\":\"https:\\\/\\\/luxurycandlesupplies.eu\\\/app\\\/uploads\\\/2022\\\/03\\\/antwerp-luxury-candle-supplies-1x.png\",\"contentUrl\":\"https:\\\/\\\/luxurycandlesupplies.eu\\\/app\\\/uploads\\\/2022\\\/03\\\/antwerp-luxury-candle-supplies-1x.png\",\"width\":330,\"height\":60,\"caption\":\"Antwerp Luxury Candle Supplies\"},\"image\":{\"@id\":\"https:\\\/\\\/luxurycandlesupplies.eu\\\/#\\\/schema\\\/logo\\\/image\\\/\"},\"sameAs\":[\"https:\\\/\\\/www.facebook.com\\\/Antwerpluxurycandlesupplies\\\/\",\"https:\\\/\\\/www.instagram.com\\\/antwerp_luxury_candle_supplies\\\/\",\"https:\\\/\\\/pin.it\\\/7joOXRW\"]}]}<\/script>","yoast_head_json":{"title":"Caf\u00e9 irland\u00e9s - UFI exento","robots":{"index":"index","follow":"follow","max-snippet":"max-snippet:-1","max-image-preview":"max-image-preview:large","max-video-preview":"max-video-preview:-1"},"canonical":"https:\/\/luxurycandlesupplies.eu\/es\/producto\/cafe-irlandes\/","og_locale":"es_ES","og_type":"article","og_title":"Irish Coffee - UFI exempt","og_description":"Irish Coffee &nbsp;  Experience the delicious scent of our Irish Coffee Fragrance Oil.  This captivating mix melds the robust tones of roasted coffee beans with the creamy luxury of Irish creme. The aroma of French roasted coffee beans is enhanced by shades of oak-aged liquor, offering a profound and gratifying scent. Silky notes of sweet vanilla creme and milk powder provide a lavish foundation to this caf\u00e9-style fragrance.  Perfect for setting a welcoming atmosphere, our Irish Coffee fragrance oil infuses any room with refined warmth.  &nbsp;  Top notes:\u00a0 Coffee Beans  Middle notes: Milk Powder  Base notes: Vanilla, Rum","og_url":"https:\/\/luxurycandlesupplies.eu\/es\/producto\/cafe-irlandes\/","og_site_name":"Antwerp Luxury Candle Supplies","article_publisher":"https:\/\/www.facebook.com\/Antwerpluxurycandlesupplies\/","article_modified_time":"2026-03-26T11:46:24+00:00","og_image":[{"width":1080,"height":1080,"url":"https:\/\/luxurycandlesupplies.eu\/app\/uploads\/2024\/09\/Irish-Coffee-1.jpg","type":"image\/jpeg"}],"twitter_card":"summary_large_image","twitter_misc":{"Tiempo de lectura":"4 minutos"},"schema":{"@context":"https:\/\/schema.org","@graph":[{"@type":"WebPage","@id":"https:\/\/luxurycandlesupplies.eu\/product\/irish-coffee\/","url":"https:\/\/luxurycandlesupplies.eu\/product\/irish-coffee\/","name":"Caf\u00e9 irland\u00e9s - UFI exento","isPartOf":{"@id":"https:\/\/luxurycandlesupplies.eu\/#website"},"primaryImageOfPage":{"@id":"https:\/\/luxurycandlesupplies.eu\/product\/irish-coffee\/#primaryimage"},"image":{"@id":"https:\/\/luxurycandlesupplies.eu\/product\/irish-coffee\/#primaryimage"},"thumbnailUrl":"https:\/\/luxurycandlesupplies.eu\/app\/uploads\/2024\/09\/Irish-Coffee-1.jpg","datePublished":"2024-09-24T07:12:24+00:00","dateModified":"2026-03-26T11:46:24+00:00","breadcrumb":{"@id":"https:\/\/luxurycandlesupplies.eu\/product\/irish-coffee\/#breadcrumb"},"inLanguage":"es","potentialAction":[{"@type":"ReadAction","target":["https:\/\/luxurycandlesupplies.eu\/product\/irish-coffee\/"]}]},{"@type":"ImageObject","inLanguage":"es","@id":"https:\/\/luxurycandlesupplies.eu\/product\/irish-coffee\/#primaryimage","url":"https:\/\/luxurycandlesupplies.eu\/app\/uploads\/2024\/09\/Irish-Coffee-1.jpg","contentUrl":"https:\/\/luxurycandlesupplies.eu\/app\/uploads\/2024\/09\/Irish-Coffee-1.jpg","width":1080,"height":1080},{"@type":"BreadcrumbList","@id":"https:\/\/luxurycandlesupplies.eu\/product\/irish-coffee\/#breadcrumb","itemListElement":[{"@type":"ListItem","position":1,"name":"Home","item":"https:\/\/luxurycandlesupplies.eu\/"},{"@type":"ListItem","position":2,"name":"Shop","item":"https:\/\/luxurycandlesupplies.eu\/shop\/"},{"@type":"ListItem","position":3,"name":"Irish Coffee &#8211; UFI exempt"}]},{"@type":"WebSite","@id":"https:\/\/luxurycandlesupplies.eu\/#website","url":"https:\/\/luxurycandlesupplies.eu\/","name":"Suministros para velas de lujo de Amberes","description":"Distribuidor de cera de soja para todas las estaciones","publisher":{"@id":"https:\/\/luxurycandlesupplies.eu\/#organization"},"potentialAction":[{"@type":"SearchAction","target":{"@type":"EntryPoint","urlTemplate":"https:\/\/luxurycandlesupplies.eu\/?s={search_term_string}"},"query-input":{"@type":"PropertyValueSpecification","valueRequired":true,"valueName":"search_term_string"}}],"inLanguage":"es"},{"@type":"Organization","@id":"https:\/\/luxurycandlesupplies.eu\/#organization","name":"Suministros para velas de lujo de Amberes","url":"https:\/\/luxurycandlesupplies.eu\/","logo":{"@type":"ImageObject","inLanguage":"es","@id":"https:\/\/luxurycandlesupplies.eu\/#\/schema\/logo\/image\/","url":"https:\/\/luxurycandlesupplies.eu\/app\/uploads\/2022\/03\/antwerp-luxury-candle-supplies-1x.png","contentUrl":"https:\/\/luxurycandlesupplies.eu\/app\/uploads\/2022\/03\/antwerp-luxury-candle-supplies-1x.png","width":330,"height":60,"caption":"Antwerp Luxury Candle Supplies"},"image":{"@id":"https:\/\/luxurycandlesupplies.eu\/#\/schema\/logo\/image\/"},"sameAs":["https:\/\/www.facebook.com\/Antwerpluxurycandlesupplies\/","https:\/\/www.instagram.com\/antwerp_luxury_candle_supplies\/","https:\/\/pin.it\/7joOXRW"]}]}},"_links":{"self":[{"href":"https:\/\/luxurycandlesupplies.eu\/es\/wp-json\/wp\/v2\/product\/17881","targetHints":{"allow":["GET"]}}],"collection":[{"href":"https:\/\/luxurycandlesupplies.eu\/es\/wp-json\/wp\/v2\/product"}],"about":[{"href":"https:\/\/luxurycandlesupplies.eu\/es\/wp-json\/wp\/v2\/types\/product"}],"wp:featuredmedia":[{"embeddable":true,"href":"https:\/\/luxurycandlesupplies.eu\/es\/wp-json\/wp\/v2\/media\/17890"}],"wp:attachment":[{"href":"https:\/\/luxurycandlesupplies.eu\/es\/wp-json\/wp\/v2\/media?parent=17881"}],"wp:term":[{"taxonomy":"product_brand","embeddable":true,"href":"https:\/\/luxurycandlesupplies.eu\/es\/wp-json\/wp\/v2\/product_brand?post=17881"},{"taxonomy":"product_cat","embeddable":true,"href":"https:\/\/luxurycandlesupplies.eu\/es\/wp-json\/wp\/v2\/product_cat?post=17881"},{"taxonomy":"product_tag","embeddable":true,"href":"https:\/\/luxurycandlesupplies.eu\/es\/wp-json\/wp\/v2\/product_tag?post=17881"}],"curies":[{"name":"wp","href":"https:\/\/api.w.org\/{rel}","templated":true}]}}