{"id":20212,"date":"2025-03-11T09:55:22","date_gmt":"2025-03-11T08:55:22","guid":{"rendered":"https:\/\/luxurycandlesupplies.eu\/?post_type=product&#038;p=20212"},"modified":"2026-05-16T16:08:17","modified_gmt":"2026-05-16T14:08:17","slug":"verde","status":"publish","type":"product","link":"https:\/\/luxurycandlesupplies.eu\/es\/product\/green\/","title":{"rendered":"Tarro OMG - Verde"},"content":{"rendered":"<h2>Descripci\u00f3n<\/h2>\n<hr \/>\n<div><\/div>\n<p>Al igual que con todos nuestros tarros, la gama de vidrio de Luxury Candle Supplies utiliza un proceso de producci\u00f3n de molde a mano en lugar de soplado o automatizaci\u00f3n de la m\u00e1quina - esto asegura que nuestra gama de vidrio son m\u00e1s fuertes, m\u00e1s seguros y tienen una mayor resistencia al calor que otros en el mercado.<\/p>\n<p>La Cristaler\u00eda LCS se somete a \"pruebas de velas\" en la fase de producci\u00f3n. Esto significa que tienen una mayor adherencia a la cera que otras ceras del mercado.<\/p>\n<p>No se puede lavar en el lavavajillas, recomendamos pasar un pa\u00f1o h\u00famedo para limpiar el exceso de polvo del interior solamente.<\/p>\n<p>&nbsp;<\/p>\n<h3>ESPECIFICACIONES<\/h3>\n<hr \/>\n<div><\/div>\n<p><strong>Dimensiones exteriores<\/strong>: 105mm\u00d8 (parte superior) x 88mmH \/\/ aprox. 120mm\u00d8 (punto m\u00e1s ancho)<br \/>\n<strong>Dimensiones interiores<\/strong>: 100mm\u00d8 (arriba) x 80mmH<br \/>\n<strong>Capacidad del buque<\/strong>: 600ml<br \/>\n<strong>Peso del buque<\/strong>: 320g<\/p>\n<p><strong>Tama\u00f1o de mecha recomendado*.<\/strong>:\u00a0<a href=\"https:\/\/luxurycandlesupplies.eu\/es\/producto\/mechas-de-lcs-55\/\" target=\"_blank\" rel=\"noopener\">Doble mecha 2 x LCS55<\/a><br \/>\n*Por favor, tenga en cuenta que recomendamos a los usuarios que realicen sus propias pruebas de mecha con diferentes mezclas de cera y aceite que pretendan utilizar.<br \/>\n<strong>Embalaje sugerido<\/strong>: N\/A<\/p>\n<p>Disponible en unidades sueltas.<strong><br \/>\nTama\u00f1o de la caja<\/strong>: 18 unidades<\/p>\n<p>Tenga en cuenta que la foto del producto puede diferir del art\u00edculo real en cuanto al color debido a la iluminaci\u00f3n o a la fabricaci\u00f3n. Cada recipiente tendr\u00e1 un estampado distinto. Nuestro nuevo lote de febrero puede mostrar variaciones en el color y el estampado en comparaci\u00f3n con los tarros anteriores. Estas variaciones son normales y hacen que cada pieza sea \u00fanica.<\/p>","protected":false},"excerpt":{"rendered":"<h2>Descripci\u00f3n<\/h2>\n<hr \/>\n<div><\/div>\n<p>Al igual que con todos nuestros tarros, la gama de vidrio de Luxury Candle Supplies utiliza un proceso de producci\u00f3n de molde a mano en lugar de soplado o automatizaci\u00f3n de la m\u00e1quina - esto asegura que nuestra gama de vidrio son m\u00e1s fuertes, m\u00e1s seguros y tienen una mayor resistencia al calor que otros en el mercado.<\/p>\n<p>La Cristaler\u00eda LCS se somete a \"pruebas de velas\" en la fase de producci\u00f3n. Esto significa que tienen una mayor adherencia a la cera que otras ceras del mercado.<\/p>\n<p>No se puede lavar en el lavavajillas, recomendamos pasar un pa\u00f1o h\u00famedo para limpiar el exceso de polvo del interior solamente.<\/p>\n<p>&nbsp;<\/p>\n<h3>ESPECIFICACIONES<\/h3>\n<hr \/>\n<div><\/div>\n<p><strong>Dimensiones exteriores<\/strong>: 105mm\u00d8 (parte superior) x 88mmH \/\/ aprox. 120mm\u00d8 (punto m\u00e1s ancho)<br \/>\n<strong>Dimensiones interiores<\/strong>: 100mm\u00d8 (arriba) x 80mmH<br \/>\n<strong>Capacidad del buque<\/strong>: 600ml<br \/>\n<strong>Peso del buque<\/strong>: 320g<\/p>\n<p><strong>Tama\u00f1o de mecha recomendado*.<\/strong>:\u00a0<a href=\"https:\/\/luxurycandlesupplies.eu\/es\/producto\/mechas-de-lcs-55\/\" target=\"_blank\" rel=\"noopener\">Doble mecha 2 x LCS55<\/a><br \/>\n*Por favor, tenga en cuenta que recomendamos a los usuarios que realicen sus propias pruebas de mecha con diferentes mezclas de cera y aceite que pretendan utilizar.<br \/>\n<strong>Embalaje sugerido<\/strong>: N\/A<\/p>\n<p>Disponible en unidades sueltas.<strong><br \/>\nTama\u00f1o de la caja<\/strong>: 18 unidades<\/p>\n<p>Tenga en cuenta que la foto del producto puede diferir del art\u00edculo real en cuanto al color debido a la iluminaci\u00f3n o a la fabricaci\u00f3n. Cada recipiente tendr\u00e1 un estampado distinto. Nuestro nuevo lote de febrero puede mostrar variaciones en el color y el estampado en comparaci\u00f3n con los tarros anteriores. Estas variaciones son normales y hacen que cada pieza sea \u00fanica.<\/p>","protected":false},"featured_media":26596,"template":"","meta":{"_acf_changed":false,"site-sidebar-layout":"default","site-content-layout":"default","ast-site-content-layout":"default","site-content-style":"default","site-sidebar-style":"default","ast-global-header-display":"","ast-banner-title-visibility":"","ast-main-header-display":"","ast-hfb-above-header-display":"","ast-hfb-below-header-display":"","ast-hfb-mobile-header-display":"","site-post-title":"","ast-breadcrumbs-content":"","ast-featured-img":"","footer-sml-layout":"","ast-disable-related-posts":"","theme-transparent-header-meta":"default","adv-header-id-meta":"","stick-header-meta":"","header-above-stick-meta":"","header-main-stick-meta":"","header-below-stick-meta":"","astra-migrate-meta-layouts":"set","ast-page-background-enabled":"default","ast-page-background-meta":{"desktop":{"background-color":"","background-image":"","background-repeat":"repeat","background-position":"center center","background-size":"auto","background-attachment":"scroll","background-type":"","background-media":"","overlay-type":"","overlay-color":"","overlay-opacity":"","overlay-gradient":""},"tablet":{"background-color":"","background-image":"","background-repeat":"repeat","background-position":"center center","background-size":"auto","background-attachment":"scroll","background-type":"","background-media":"","overlay-type":"","overlay-color":"","overlay-opacity":"","overlay-gradient":""},"mobile":{"background-color":"","background-image":"","background-repeat":"repeat","background-position":"center center","background-size":"auto","background-attachment":"scroll","background-type":"","background-media":"","overlay-type":"","overlay-color":"","overlay-opacity":"","overlay-gradient":""}},"ast-content-background-meta":{"desktop":{"background-color":"var(--ast-global-color-5)","background-image":"","background-repeat":"repeat","background-position":"center center","background-size":"auto","background-attachment":"scroll","background-type":"","background-media":"","overlay-type":"","overlay-color":"","overlay-opacity":"","overlay-gradient":""},"tablet":{"background-color":"var(--ast-global-color-5)","background-image":"","background-repeat":"repeat","background-position":"center center","background-size":"auto","background-attachment":"scroll","background-type":"","background-media":"","overlay-type":"","overlay-color":"","overlay-opacity":"","overlay-gradient":""},"mobile":{"background-color":"var(--ast-global-color-5)","background-image":"","background-repeat":"repeat","background-position":"center center","background-size":"auto","background-attachment":"scroll","background-type":"","background-media":"","overlay-type":"","overlay-color":"","overlay-opacity":"","overlay-gradient":""}}},"product_brand":[],"product_cat":[67,1592],"product_tag":[149,1593],"class_list":{"0":"post-20212","1":"product","2":"type-product","3":"status-publish","4":"has-post-thumbnail","6":"product_cat-candlejars","7":"product_cat-omg-collection","8":"product_tag-black","9":"product_tag-omg","10":"desktop-align-left","11":"tablet-align-left","12":"mobile-align-left","13":"ast-product-gallery-layout-horizontal-slider","14":"ast-product-tabs-layout-horizontal","16":"first","17":"instock","18":"taxable","19":"shipping-taxable","20":"purchasable","21":"product-type-simple"},"acf":[],"yoast_head":"<title>OMG Jar - Green - Antwerp Luxury Candle Supplies<\/title>\n<meta name=\"robots\" content=\"index, follow, max-snippet:-1, max-image-preview:large, max-video-preview:-1\" \/>\n<link rel=\"canonical\" href=\"https:\/\/luxurycandlesupplies.eu\/es\/producto\/verde\/\" \/>\n<meta property=\"og:locale\" content=\"es_ES\" \/>\n<meta property=\"og:type\" content=\"article\" \/>\n<meta property=\"og:title\" content=\"OMG Jar - Green - Antwerp Luxury Candle Supplies\" \/>\n<meta property=\"og:description\" content=\"Description     As with all our jars, Luxury Candle Supplies\u2019 Glass Range utilises a hand mould production process rather than blown or machine automation \u2013 this ensures our Glass Range are stronger, safer and have greater heat resistance than others on the market.  LCS Glassware are \u2018candle-tested\u2019 in the production phase. This means they\u2019ll have enhanced wax adhesion that other waxes on the market.  Not dishwasher safe, we recommend a damp cloth to wipe any excess dust from the inside only.  &nbsp; SPECIFICATIONS     External Dimensions: 105mm\u00d8 (top) x 88mmH \/\/ approx. 120mm\u00d8 (widest point) Inner Dimensions: 100mm\u00d8 (top) x 80mmH Vessel capacity: 600ml Vessel weight: 320g  Suggested wick size*:\u00a0Double-wick 2 x LCS55 *Please note, we recommend users conduct their own wick tests with different blends of wax and oil that they intend to use. Suggested packaging: N\/A  Available in single units. Carton size: 18 units  Please note, product photo may differ from actual item in terms of colour due to lighting and\/or manufacturing. Each vessel will be distinctively patterned. Our new February batch may show variations in colour and print compared to previous jars. These variations are normal and make each piece unique.\" \/>\n<meta property=\"og:url\" content=\"https:\/\/luxurycandlesupplies.eu\/es\/producto\/verde\/\" \/>\n<meta property=\"og:site_name\" content=\"Antwerp Luxury Candle Supplies\" \/>\n<meta property=\"article:publisher\" content=\"https:\/\/www.facebook.com\/Antwerpluxurycandlesupplies\/\" \/>\n<meta property=\"article:modified_time\" content=\"2026-05-16T14:08:17+00:00\" \/>\n<meta property=\"og:image\" content=\"https:\/\/luxurycandlesupplies.eu\/app\/uploads\/2025\/02\/Luxury-Candle-Supplies-30.jpg\" \/>\n\t<meta property=\"og:image:width\" content=\"2000\" \/>\n\t<meta property=\"og:image:height\" content=\"2000\" \/>\n\t<meta property=\"og:image:type\" content=\"image\/jpeg\" \/>\n<meta name=\"twitter:card\" content=\"summary_large_image\" \/>\n<meta name=\"twitter:label1\" content=\"Tiempo de lectura\" \/>\n\t<meta name=\"twitter:data1\" content=\"2 minutos\" \/>\n<script type=\"application\/ld+json\" class=\"yoast-schema-graph\">{\"@context\":\"https:\\\/\\\/schema.org\",\"@graph\":[{\"@type\":\"WebPage\",\"@id\":\"https:\\\/\\\/luxurycandlesupplies.eu\\\/product\\\/green\\\/\",\"url\":\"https:\\\/\\\/luxurycandlesupplies.eu\\\/product\\\/green\\\/\",\"name\":\"OMG Jar - Green - Antwerp Luxury Candle Supplies\",\"isPartOf\":{\"@id\":\"https:\\\/\\\/luxurycandlesupplies.eu\\\/#website\"},\"primaryImageOfPage\":{\"@id\":\"https:\\\/\\\/luxurycandlesupplies.eu\\\/product\\\/green\\\/#primaryimage\"},\"image\":{\"@id\":\"https:\\\/\\\/luxurycandlesupplies.eu\\\/product\\\/green\\\/#primaryimage\"},\"thumbnailUrl\":\"https:\\\/\\\/luxurycandlesupplies.eu\\\/app\\\/uploads\\\/2025\\\/02\\\/Luxury-Candle-Supplies-30.jpg\",\"datePublished\":\"2025-03-11T08:55:22+00:00\",\"dateModified\":\"2026-05-16T14:08:17+00:00\",\"breadcrumb\":{\"@id\":\"https:\\\/\\\/luxurycandlesupplies.eu\\\/product\\\/green\\\/#breadcrumb\"},\"inLanguage\":\"es\",\"potentialAction\":[{\"@type\":\"ReadAction\",\"target\":[\"https:\\\/\\\/luxurycandlesupplies.eu\\\/product\\\/green\\\/\"]}]},{\"@type\":\"ImageObject\",\"inLanguage\":\"es\",\"@id\":\"https:\\\/\\\/luxurycandlesupplies.eu\\\/product\\\/green\\\/#primaryimage\",\"url\":\"https:\\\/\\\/luxurycandlesupplies.eu\\\/app\\\/uploads\\\/2025\\\/02\\\/Luxury-Candle-Supplies-30.jpg\",\"contentUrl\":\"https:\\\/\\\/luxurycandlesupplies.eu\\\/app\\\/uploads\\\/2025\\\/02\\\/Luxury-Candle-Supplies-30.jpg\",\"width\":2000,\"height\":2000},{\"@type\":\"BreadcrumbList\",\"@id\":\"https:\\\/\\\/luxurycandlesupplies.eu\\\/product\\\/green\\\/#breadcrumb\",\"itemListElement\":[{\"@type\":\"ListItem\",\"position\":1,\"name\":\"Home\",\"item\":\"https:\\\/\\\/luxurycandlesupplies.eu\\\/\"},{\"@type\":\"ListItem\",\"position\":2,\"name\":\"Shop\",\"item\":\"https:\\\/\\\/luxurycandlesupplies.eu\\\/shop\\\/\"},{\"@type\":\"ListItem\",\"position\":3,\"name\":\"OMG Jar &#8211; Green\"}]},{\"@type\":\"WebSite\",\"@id\":\"https:\\\/\\\/luxurycandlesupplies.eu\\\/#website\",\"url\":\"https:\\\/\\\/luxurycandlesupplies.eu\\\/\",\"name\":\"Antwerp Luxury Candle Supplies\",\"description\":\"Distributor of all seasons soy wax\",\"publisher\":{\"@id\":\"https:\\\/\\\/luxurycandlesupplies.eu\\\/#organization\"},\"potentialAction\":[{\"@type\":\"SearchAction\",\"target\":{\"@type\":\"EntryPoint\",\"urlTemplate\":\"https:\\\/\\\/luxurycandlesupplies.eu\\\/?s={search_term_string}\"},\"query-input\":{\"@type\":\"PropertyValueSpecification\",\"valueRequired\":true,\"valueName\":\"search_term_string\"}}],\"inLanguage\":\"es\"},{\"@type\":\"Organization\",\"@id\":\"https:\\\/\\\/luxurycandlesupplies.eu\\\/#organization\",\"name\":\"Antwerp Luxury Candle Supplies\",\"url\":\"https:\\\/\\\/luxurycandlesupplies.eu\\\/\",\"logo\":{\"@type\":\"ImageObject\",\"inLanguage\":\"es\",\"@id\":\"https:\\\/\\\/luxurycandlesupplies.eu\\\/#\\\/schema\\\/logo\\\/image\\\/\",\"url\":\"https:\\\/\\\/luxurycandlesupplies.eu\\\/app\\\/uploads\\\/2022\\\/03\\\/antwerp-luxury-candle-supplies-1x.png\",\"contentUrl\":\"https:\\\/\\\/luxurycandlesupplies.eu\\\/app\\\/uploads\\\/2022\\\/03\\\/antwerp-luxury-candle-supplies-1x.png\",\"width\":330,\"height\":60,\"caption\":\"Antwerp Luxury Candle Supplies\"},\"image\":{\"@id\":\"https:\\\/\\\/luxurycandlesupplies.eu\\\/#\\\/schema\\\/logo\\\/image\\\/\"},\"sameAs\":[\"https:\\\/\\\/www.facebook.com\\\/Antwerpluxurycandlesupplies\\\/\",\"https:\\\/\\\/www.instagram.com\\\/antwerp_luxury_candle_supplies\\\/\",\"https:\\\/\\\/pin.it\\\/7joOXRW\"]}]}<\/script>","yoast_head_json":{"title":"OMG Tarro - Verde - Antwerp Luxury Candle Supplies","robots":{"index":"index","follow":"follow","max-snippet":"max-snippet:-1","max-image-preview":"max-image-preview:large","max-video-preview":"max-video-preview:-1"},"canonical":"https:\/\/luxurycandlesupplies.eu\/es\/producto\/verde\/","og_locale":"es_ES","og_type":"article","og_title":"OMG Jar - Green - Antwerp Luxury Candle Supplies","og_description":"Description     As with all our jars, Luxury Candle Supplies\u2019 Glass Range utilises a hand mould production process rather than blown or machine automation \u2013 this ensures our Glass Range are stronger, safer and have greater heat resistance than others on the market.  LCS Glassware are \u2018candle-tested\u2019 in the production phase. This means they\u2019ll have enhanced wax adhesion that other waxes on the market.  Not dishwasher safe, we recommend a damp cloth to wipe any excess dust from the inside only.  &nbsp; SPECIFICATIONS     External Dimensions: 105mm\u00d8 (top) x 88mmH \/\/ approx. 120mm\u00d8 (widest point) Inner Dimensions: 100mm\u00d8 (top) x 80mmH Vessel capacity: 600ml Vessel weight: 320g  Suggested wick size*:\u00a0Double-wick 2 x LCS55 *Please note, we recommend users conduct their own wick tests with different blends of wax and oil that they intend to use. Suggested packaging: N\/A  Available in single units. Carton size: 18 units  Please note, product photo may differ from actual item in terms of colour due to lighting and\/or manufacturing. Each vessel will be distinctively patterned. Our new February batch may show variations in colour and print compared to previous jars. These variations are normal and make each piece unique.","og_url":"https:\/\/luxurycandlesupplies.eu\/es\/producto\/verde\/","og_site_name":"Antwerp Luxury Candle Supplies","article_publisher":"https:\/\/www.facebook.com\/Antwerpluxurycandlesupplies\/","article_modified_time":"2026-05-16T14:08:17+00:00","og_image":[{"width":2000,"height":2000,"url":"https:\/\/luxurycandlesupplies.eu\/app\/uploads\/2025\/02\/Luxury-Candle-Supplies-30.jpg","type":"image\/jpeg"}],"twitter_card":"summary_large_image","twitter_misc":{"Tiempo de lectura":"2 minutos"},"schema":{"@context":"https:\/\/schema.org","@graph":[{"@type":"WebPage","@id":"https:\/\/luxurycandlesupplies.eu\/product\/green\/","url":"https:\/\/luxurycandlesupplies.eu\/product\/green\/","name":"OMG Tarro - Verde - Antwerp Luxury Candle Supplies","isPartOf":{"@id":"https:\/\/luxurycandlesupplies.eu\/#website"},"primaryImageOfPage":{"@id":"https:\/\/luxurycandlesupplies.eu\/product\/green\/#primaryimage"},"image":{"@id":"https:\/\/luxurycandlesupplies.eu\/product\/green\/#primaryimage"},"thumbnailUrl":"https:\/\/luxurycandlesupplies.eu\/app\/uploads\/2025\/02\/Luxury-Candle-Supplies-30.jpg","datePublished":"2025-03-11T08:55:22+00:00","dateModified":"2026-05-16T14:08:17+00:00","breadcrumb":{"@id":"https:\/\/luxurycandlesupplies.eu\/product\/green\/#breadcrumb"},"inLanguage":"es","potentialAction":[{"@type":"ReadAction","target":["https:\/\/luxurycandlesupplies.eu\/product\/green\/"]}]},{"@type":"ImageObject","inLanguage":"es","@id":"https:\/\/luxurycandlesupplies.eu\/product\/green\/#primaryimage","url":"https:\/\/luxurycandlesupplies.eu\/app\/uploads\/2025\/02\/Luxury-Candle-Supplies-30.jpg","contentUrl":"https:\/\/luxurycandlesupplies.eu\/app\/uploads\/2025\/02\/Luxury-Candle-Supplies-30.jpg","width":2000,"height":2000},{"@type":"BreadcrumbList","@id":"https:\/\/luxurycandlesupplies.eu\/product\/green\/#breadcrumb","itemListElement":[{"@type":"ListItem","position":1,"name":"Home","item":"https:\/\/luxurycandlesupplies.eu\/"},{"@type":"ListItem","position":2,"name":"Shop","item":"https:\/\/luxurycandlesupplies.eu\/shop\/"},{"@type":"ListItem","position":3,"name":"OMG Jar &#8211; Green"}]},{"@type":"WebSite","@id":"https:\/\/luxurycandlesupplies.eu\/#website","url":"https:\/\/luxurycandlesupplies.eu\/","name":"Suministros para velas de lujo de Amberes","description":"Distribuidor de cera de soja para todas las estaciones","publisher":{"@id":"https:\/\/luxurycandlesupplies.eu\/#organization"},"potentialAction":[{"@type":"SearchAction","target":{"@type":"EntryPoint","urlTemplate":"https:\/\/luxurycandlesupplies.eu\/?s={search_term_string}"},"query-input":{"@type":"PropertyValueSpecification","valueRequired":true,"valueName":"search_term_string"}}],"inLanguage":"es"},{"@type":"Organization","@id":"https:\/\/luxurycandlesupplies.eu\/#organization","name":"Suministros para velas de lujo de Amberes","url":"https:\/\/luxurycandlesupplies.eu\/","logo":{"@type":"ImageObject","inLanguage":"es","@id":"https:\/\/luxurycandlesupplies.eu\/#\/schema\/logo\/image\/","url":"https:\/\/luxurycandlesupplies.eu\/app\/uploads\/2022\/03\/antwerp-luxury-candle-supplies-1x.png","contentUrl":"https:\/\/luxurycandlesupplies.eu\/app\/uploads\/2022\/03\/antwerp-luxury-candle-supplies-1x.png","width":330,"height":60,"caption":"Antwerp Luxury Candle Supplies"},"image":{"@id":"https:\/\/luxurycandlesupplies.eu\/#\/schema\/logo\/image\/"},"sameAs":["https:\/\/www.facebook.com\/Antwerpluxurycandlesupplies\/","https:\/\/www.instagram.com\/antwerp_luxury_candle_supplies\/","https:\/\/pin.it\/7joOXRW"]}]}},"_links":{"self":[{"href":"https:\/\/luxurycandlesupplies.eu\/es\/wp-json\/wp\/v2\/product\/20212","targetHints":{"allow":["GET"]}}],"collection":[{"href":"https:\/\/luxurycandlesupplies.eu\/es\/wp-json\/wp\/v2\/product"}],"about":[{"href":"https:\/\/luxurycandlesupplies.eu\/es\/wp-json\/wp\/v2\/types\/product"}],"wp:featuredmedia":[{"embeddable":true,"href":"https:\/\/luxurycandlesupplies.eu\/es\/wp-json\/wp\/v2\/media\/26596"}],"wp:attachment":[{"href":"https:\/\/luxurycandlesupplies.eu\/es\/wp-json\/wp\/v2\/media?parent=20212"}],"wp:term":[{"taxonomy":"product_brand","embeddable":true,"href":"https:\/\/luxurycandlesupplies.eu\/es\/wp-json\/wp\/v2\/product_brand?post=20212"},{"taxonomy":"product_cat","embeddable":true,"href":"https:\/\/luxurycandlesupplies.eu\/es\/wp-json\/wp\/v2\/product_cat?post=20212"},{"taxonomy":"product_tag","embeddable":true,"href":"https:\/\/luxurycandlesupplies.eu\/es\/wp-json\/wp\/v2\/product_tag?post=20212"}],"curies":[{"name":"wp","href":"https:\/\/api.w.org\/{rel}","templated":true}]}}