{"id":21075,"date":"2025-05-15T12:11:28","date_gmt":"2025-05-15T10:11:28","guid":{"rendered":"https:\/\/luxurycandlesupplies.eu\/?post_type=product&#038;p=21075"},"modified":"2026-05-16T20:12:38","modified_gmt":"2026-05-16T18:12:38","slug":"polisorbato-de-perfumeria","status":"publish","type":"product","link":"https:\/\/luxurycandlesupplies.eu\/es\/product\/perfumers-polysorbate\/","title":{"rendered":"Polisorbato 20"},"content":{"rendered":"<h3>DESCRIPCI\u00d3N<\/h3>\n<div>\n<p>&nbsp;<\/p>\n<h2>Polisorbato 20<\/h2>\n<h6><em>El ingrediente esencial para ambientadores y difusores<\/em><\/h6>\n<p>&nbsp;<\/p>\n<\/div>\n<p class=\"\" data-start=\"145\" data-end=\"430\">El polisorbato es un producto suave, no i\u00f3nico. <strong data-start=\"183\" data-end=\"198\">solubilizante<\/strong> y <strong data-start=\"203\" data-end=\"217\">emulsionante <\/strong>se utiliza en los productos de perfumer\u00eda dom\u00e9stica para combinar ingredientes a base de aceite y a base de agua.<\/p>\n<p class=\"\" data-start=\"145\" data-end=\"430\">Desempe\u00f1a un papel crucial en la prevenci\u00f3n de la \"separaci\u00f3n\" entre los aceites de fragancia y el agua, garantizando una mezcla homog\u00e9nea y uniforme.<\/p>\n<p class=\"\" data-start=\"432\" data-end=\"783\">Este ingrediente es especialmente popular para hacer <strong data-start=\"481\" data-end=\"509\">sprays ambientales desde cero<\/strong>. Permite que el aceite de fragancia se disperse uniformemente en productos a base de agua como <strong data-start=\"583\" data-end=\"608\">sprays para habitaciones y ropa blanca<\/strong>creando una soluci\u00f3n estable. Sin polisorbato, los aceites flotar\u00edan sobre el agua, lo que dar\u00eda lugar a una mala difusi\u00f3n del aroma y a problemas de obstrucci\u00f3n en los pulverizadores.<\/p>\n<p class=\"\" data-start=\"785\" data-end=\"811\"><strong data-start=\"785\" data-end=\"811\">Principales ventajas :<\/strong><\/p>\n<ul data-start=\"812\" data-end=\"1001\">\n<li class=\"\" data-start=\"812\" data-end=\"856\">\n<p class=\"\" data-start=\"814\" data-end=\"856\">Perfecto para sprays de habitaciones y de ropa blanca<\/p>\n<\/li>\n<li class=\"\" data-start=\"857\" data-end=\"926\">\n<p class=\"\" data-start=\"859\" data-end=\"926\">Ideal para mezclar aceites de fragancia con bases para difusores como <a href=\"https:\/\/luxurycandlesupplies.eu\/es\/producto\/augeo-base-difusora-natural\/\">Augeo<\/a> y <a href=\"https:\/\/luxurycandlesupplies.eu\/es\/producto\/alcohol-de-perfumeria\/\">Alcohol de perfumer\u00eda<\/a><\/p>\n<\/li>\n<li class=\"\" data-start=\"927\" data-end=\"967\">\n<p class=\"\" data-start=\"929\" data-end=\"967\">Evita la separaci\u00f3n de aceite y agua<\/p>\n<\/li>\n<\/ul>\n<p class=\"\" data-start=\"1003\" data-end=\"1219\"><strong data-start=\"1003\" data-end=\"1028\">Recomendaci\u00f3n de uso:<\/strong><\/p>\n<p class=\"\" data-start=\"1003\" data-end=\"1219\">Utilice Polisorbato en un <strong data-start=\"1055\" data-end=\"1092\">Proporci\u00f3n 1:1 con su aceite de fragancia<\/strong>. Por ejemplo, si utiliza el aceite de fragancia 5%, a\u00f1ada Polisorbato 5%.<\/p>\n<p class=\"\" data-start=\"1003\" data-end=\"1219\">Pruebe siempre en lotes peque\u00f1os para comprobar la estabilidad y la claridad.<\/p>\n<div>\n<p>&nbsp;<\/p>\n<\/div>\n<h2>RECURSOS ADICIONALES<\/h2>\n<p><a href=\"https:\/\/luxurycandlesupplies.eu\/app\/uploads\/2025\/05\/SDS-Polysorbaat-ENG.pdf\">SDS Polysorbaat <\/a><\/p>\n<p>&nbsp;<\/p>\n<p>&nbsp;<\/p>\n<h2 class=\"\" data-start=\"264\" data-end=\"331\"><strong data-start=\"267\" data-end=\"331\">C\u00f3mo hacer un spray para habitaciones<\/strong><\/h2>\n<p class=\"\" data-start=\"333\" data-end=\"603\">El polisorbato 20 es un solubilizante esencial que ayuda a mezclar los aceites de fragancia con agua o alcohol, evitando la separaci\u00f3n y garantizando una distribuci\u00f3n uniforme del aroma.<\/p>\n<hr class=\"\" data-start=\"605\" data-end=\"608\" \/>\n<h3 class=\"\" data-start=\"610\" data-end=\"653\"><strong data-start=\"617\" data-end=\"653\">Spray ambiental a base de agua<\/strong><\/h3>\n<p class=\"\" data-start=\"655\" data-end=\"791\"><strong data-start=\"655\" data-end=\"688\">Ideal para sprays sin alcohol<\/strong>\u00a0<br data-start=\"728\" data-end=\"731\" \/><strong data-start=\"731\" data-end=\"739\">Nota<\/strong>: Requiere un conservante debido a su alto contenido en agua.<\/p>\n<p class=\"\" data-start=\"793\" data-end=\"824\"><strong data-start=\"793\" data-end=\"824\">Ingredientes (100 ml en total):<\/strong><\/p>\n<ul data-start=\"825\" data-end=\"965\">\n<li class=\"\" data-start=\"825\" data-end=\"852\">\n<p class=\"\" data-start=\"827\" data-end=\"852\">5 ml Aceite con fragancia (5%)<\/p>\n<\/li>\n<li class=\"\" data-start=\"853\" data-end=\"881\">\n<p class=\"\" data-start=\"855\" data-end=\"881\">5 ml Polisorbato 20 (5%)<\/p>\n<\/li>\n<li class=\"\" data-start=\"882\" data-end=\"913\">\n<p class=\"\" data-start=\"884\" data-end=\"913\">88 ml de agua destilada (88%)<\/p>\n<\/li>\n<\/ul>\n<p class=\"\" data-start=\"967\" data-end=\"984\"><strong data-start=\"967\" data-end=\"984\">Instrucciones:<\/strong><\/p>\n<ol data-start=\"985\" data-end=\"1206\">\n<li class=\"\" data-start=\"985\" data-end=\"1046\">\n<p class=\"\" data-start=\"988\" data-end=\"1046\">Mezcle el aceite con fragancia con el Polisorbato 20 hasta que se integren por completo.<\/p>\n<\/li>\n<li class=\"\" data-start=\"1047\" data-end=\"1095\">\n<p class=\"\" data-start=\"1050\" data-end=\"1095\">A\u00f1adir agua destilada y remover.<\/p>\n<\/li>\n<li class=\"\" data-start=\"1096\" data-end=\"1150\">\n<p class=\"\" data-start=\"1099\" data-end=\"1150\">Combine ambas mezclas y vi\u00e9rtalas en una botella con pulverizador.<\/p>\n<\/li>\n<li class=\"\" data-start=\"1151\" data-end=\"1206\">\n<p class=\"\" data-start=\"1154\" data-end=\"1206\">Agitar antes de cada uso. Un aspecto lechoso es normal.<\/p>\n<\/li>\n<\/ol>\n<hr class=\"\" data-start=\"1208\" data-end=\"1211\" \/>\n<h3 class=\"\" data-start=\"1213\" data-end=\"1258\"><strong data-start=\"1220\" data-end=\"1258\">Spray ambiental a base de alcohol<\/strong><\/h3>\n<p class=\"\" data-start=\"1260\" data-end=\"1395\"><strong data-start=\"1260\" data-end=\"1314\">Ideal para una mayor difusi\u00f3n del aroma y un acabado claro.<\/strong><br data-start=\"1314\" data-end=\"1317\" \/>El polisorbato 20 ayuda a solubilizar la fragancia y garantiza la estabilidad a largo plazo.<\/p>\n<p class=\"\" data-start=\"1397\" data-end=\"1428\"><strong data-start=\"1397\" data-end=\"1428\">Ingredientes (100 ml en total):<\/strong><\/p>\n<ul data-start=\"1429\" data-end=\"1522\">\n<li class=\"\" data-start=\"1429\" data-end=\"1458\">\n<p class=\"\" data-start=\"1431\" data-end=\"1458\">Aceite con fragancia 20 ml (20%)<\/p>\n<\/li>\n<li class=\"\" data-start=\"1459\" data-end=\"1489\">\n<p class=\"\" data-start=\"1461\" data-end=\"1489\">20 ml Polisorbato 20 (20%)<\/p>\n<\/li>\n<li class=\"\" data-start=\"1490\" data-end=\"1522\">\n<p class=\"\" data-start=\"1492\" data-end=\"1522\">60 ml de alcohol de perfumer\u00eda (60%)<\/p>\n<\/li>\n<\/ul>\n<p class=\"\" data-start=\"1524\" data-end=\"1541\"><strong data-start=\"1524\" data-end=\"1541\">Instrucciones:<\/strong><\/p>\n<ol data-start=\"1542\" data-end=\"1753\">\n<li class=\"\" data-start=\"1542\" data-end=\"1599\">\n<p class=\"\" data-start=\"1545\" data-end=\"1599\">Mezclar el aceite de fragancia con el Polisorbato 20 hasta obtener una mezcla uniforme.<\/p>\n<\/li>\n<li class=\"\" data-start=\"1600\" data-end=\"1645\">\n<p class=\"\" data-start=\"1603\" data-end=\"1645\">A\u00f1adir el alcohol de perfumer\u00eda y mezclar bien.<\/p>\n<\/li>\n<li class=\"\" data-start=\"1646\" data-end=\"1699\">\n<p class=\"\" data-start=\"1649\" data-end=\"1699\">Deje reposar la mezcla 24 horas para obtener mejores resultados.<\/p>\n<\/li>\n<li class=\"\" data-start=\"1700\" data-end=\"1753\">\n<p class=\"\" data-start=\"1703\" data-end=\"1753\">Verter en un pulverizador.<\/p>\n<\/li>\n<\/ol>\n<hr class=\"\" data-start=\"1755\" data-end=\"1758\" \/>\n<h3 class=\"\" data-start=\"1760\" data-end=\"1776\">Consejo:<\/h3>\n<p>Pruebe siempre a peque\u00f1a escala.<\/p>\n<p>&nbsp;<\/p>\n<p>&nbsp;<\/p>\n<p>&nbsp;<\/p>\n<div>\n<h2 data-start=\"154\" data-end=\"210\">C\u00f3mo hacer un difusor de carrizo<\/h2>\n<p>&nbsp;<\/p>\n<p data-start=\"212\" data-end=\"291\">Para crear un difusor de 100 ml de alta calidad, mezcla los siguientes ingredientes:<\/p>\n<ul data-start=\"293\" data-end=\"524\">\n<li data-start=\"293\" data-end=\"335\">\n<p data-start=\"295\" data-end=\"335\"><strong data-start=\"295\" data-end=\"333\">Aceite con fragancia - 20 ml (20%)<\/strong><\/p>\n<\/li>\n<li data-start=\"336\" data-end=\"387\">\n<p data-start=\"338\" data-end=\"387\"><strong data-start=\"338\" data-end=\"385\">DPG Dipropilenglicol - 20 ml (20%)<\/strong><\/p>\n<\/li>\n<li data-start=\"388\" data-end=\"435\">\n<p data-start=\"390\" data-end=\"435\"><strong data-start=\"390\" data-end=\"433\">Alcohol de perfumer\u00eda - 35 ml (35 %)<\/strong><\/p>\n<\/li>\n<li data-start=\"436\" data-end=\"482\">\n<p data-start=\"438\" data-end=\"482\"><strong data-start=\"438\" data-end=\"480\">Augeo Clean Multi - 23 ml (23 %)<\/strong><\/p>\n<\/li>\n<li data-start=\"483\" data-end=\"524\">\n<p data-start=\"485\" data-end=\"524\"><strong data-start=\"485\" data-end=\"522\">Polisorbato 20 - 2 ml (2 %)<\/strong><\/p>\n<\/li>\n<\/ul>\n<\/div>\n<p>&nbsp;<\/p>\n<p>&nbsp;<\/p>","protected":false},"excerpt":{"rendered":"<h3>DESCRIPCI\u00d3N<\/h3>\n<div>\n<p>&nbsp;<\/p>\n<h2>Polisorbato 20<\/h2>\n<h6><em>El ingrediente esencial para ambientadores y difusores<\/em><\/h6>\n<p>&nbsp;<\/p>\n<\/div>\n<p class=\"\" data-start=\"145\" data-end=\"430\">El polisorbato es un producto suave, no i\u00f3nico. <strong data-start=\"183\" data-end=\"198\">solubilizante<\/strong> y <strong data-start=\"203\" data-end=\"217\">emulsionante <\/strong>se utiliza en los productos de perfumer\u00eda dom\u00e9stica para combinar ingredientes a base de aceite y a base de agua.<\/p>\n<p class=\"\" data-start=\"145\" data-end=\"430\">Desempe\u00f1a un papel crucial en la prevenci\u00f3n de la \"separaci\u00f3n\" entre los aceites de fragancia y el agua, garantizando una mezcla homog\u00e9nea y uniforme.<\/p>\n<p class=\"\" data-start=\"432\" data-end=\"783\">Este ingrediente es especialmente popular para hacer <strong data-start=\"481\" data-end=\"509\">sprays ambientales desde cero<\/strong>. Permite que el aceite de fragancia se disperse uniformemente en productos a base de agua como <strong data-start=\"583\" data-end=\"608\">sprays para habitaciones y ropa blanca<\/strong>creando una soluci\u00f3n estable. Sin polisorbato, los aceites flotar\u00edan sobre el agua, lo que dar\u00eda lugar a una mala difusi\u00f3n del aroma y a problemas de obstrucci\u00f3n en los pulverizadores.<\/p>","protected":false},"featured_media":21083,"template":"","meta":{"_acf_changed":false,"site-sidebar-layout":"default","site-content-layout":"default","ast-site-content-layout":"default","site-content-style":"default","site-sidebar-style":"default","ast-global-header-display":"","ast-banner-title-visibility":"","ast-main-header-display":"","ast-hfb-above-header-display":"","ast-hfb-below-header-display":"","ast-hfb-mobile-header-display":"","site-post-title":"","ast-breadcrumbs-content":"","ast-featured-img":"","footer-sml-layout":"","ast-disable-related-posts":"","theme-transparent-header-meta":"default","adv-header-id-meta":"","stick-header-meta":"","header-above-stick-meta":"","header-main-stick-meta":"","header-below-stick-meta":"","astra-migrate-meta-layouts":"set","ast-page-background-enabled":"default","ast-page-background-meta":{"desktop":{"background-color":"","background-image":"","background-repeat":"repeat","background-position":"center center","background-size":"auto","background-attachment":"scroll","background-type":"","background-media":"","overlay-type":"","overlay-color":"","overlay-opacity":"","overlay-gradient":""},"tablet":{"background-color":"","background-image":"","background-repeat":"repeat","background-position":"center center","background-size":"auto","background-attachment":"scroll","background-type":"","background-media":"","overlay-type":"","overlay-color":"","overlay-opacity":"","overlay-gradient":""},"mobile":{"background-color":"","background-image":"","background-repeat":"repeat","background-position":"center center","background-size":"auto","background-attachment":"scroll","background-type":"","background-media":"","overlay-type":"","overlay-color":"","overlay-opacity":"","overlay-gradient":""}},"ast-content-background-meta":{"desktop":{"background-color":"var(--ast-global-color-5)","background-image":"","background-repeat":"repeat","background-position":"center center","background-size":"auto","background-attachment":"scroll","background-type":"","background-media":"","overlay-type":"","overlay-color":"","overlay-opacity":"","overlay-gradient":""},"tablet":{"background-color":"var(--ast-global-color-5)","background-image":"","background-repeat":"repeat","background-position":"center center","background-size":"auto","background-attachment":"scroll","background-type":"","background-media":"","overlay-type":"","overlay-color":"","overlay-opacity":"","overlay-gradient":""},"mobile":{"background-color":"var(--ast-global-color-5)","background-image":"","background-repeat":"repeat","background-position":"center center","background-size":"auto","background-attachment":"scroll","background-type":"","background-media":"","overlay-type":"","overlay-color":"","overlay-opacity":"","overlay-gradient":""}}},"product_brand":[],"product_cat":[1648,1646,1329,1644,25,1716,1652,1647],"product_tag":[33,1645],"class_list":{"0":"post-21075","1":"product","2":"type-product","3":"status-publish","4":"has-post-thumbnail","6":"product_cat-diffuser-base","7":"product_cat-diffusers-diffusers","8":"product_cat-diffusers","9":"product_cat-fragrance-bases","10":"product_cat-fragrances","11":"product_cat-laundry-scent-booster","12":"product_cat-room-spray-bases","13":"product_cat-room-sprays","14":"product_tag-candle-making-accessories","15":"product_tag-polysorbate","16":"desktop-align-left","17":"tablet-align-left","18":"mobile-align-left","19":"ast-product-gallery-layout-horizontal-slider","20":"ast-product-single-variable","21":"ast-product-tabs-layout-horizontal","23":"first","24":"instock","25":"taxable","26":"shipping-taxable","27":"purchasable","28":"product-type-variable"},"acf":[],"yoast_head":"<title>Polysorbate 20 - Antwerp Luxury Candle Supplies<\/title>\n<meta name=\"robots\" content=\"index, follow, max-snippet:-1, max-image-preview:large, max-video-preview:-1\" \/>\n<link rel=\"canonical\" href=\"https:\/\/luxurycandlesupplies.eu\/es\/producto\/polisorbato-de-perfumeria\/\" \/>\n<meta property=\"og:locale\" content=\"es_ES\" \/>\n<meta property=\"og:type\" content=\"article\" \/>\n<meta property=\"og:title\" content=\"Polysorbate 20 - Antwerp Luxury Candle Supplies\" \/>\n<meta property=\"og:description\" content=\"DESCRIPTION   &nbsp; Polysorbate 20 The Essential Ingredient for Room Sprays &amp; Diffusers &nbsp;   Polysorbate is a gentle, non-ionic solubilizer and emulsifier used in home fragrance products to combine oil-based and water-based ingredients. It plays a crucial role in preventing &#039;separation&#039; between fragrance oils and water, ensuring a smooth and consistent blend. This ingredient is especially popular for making room sprays from scratch. It allows fragrance oil to disperse evenly in water-based products like room and linen sprays, creating a stable solution. Without Polysorbate oils would float on top of the water, leading to poor scent throw and clogging issues in spray bottles.\" \/>\n<meta property=\"og:url\" content=\"https:\/\/luxurycandlesupplies.eu\/es\/producto\/polisorbato-de-perfumeria\/\" \/>\n<meta property=\"og:site_name\" content=\"Antwerp Luxury Candle Supplies\" \/>\n<meta property=\"article:publisher\" content=\"https:\/\/www.facebook.com\/Antwerpluxurycandlesupplies\/\" \/>\n<meta property=\"article:modified_time\" content=\"2026-05-16T18:12:38+00:00\" \/>\n<meta property=\"og:image\" content=\"https:\/\/luxurycandlesupplies.eu\/app\/uploads\/2025\/05\/Perfume-Alcohol-1-2.png\" \/>\n\t<meta property=\"og:image:width\" content=\"1000\" \/>\n\t<meta property=\"og:image:height\" content=\"1000\" \/>\n\t<meta property=\"og:image:type\" content=\"image\/png\" \/>\n<meta name=\"twitter:card\" content=\"summary_large_image\" \/>\n<meta name=\"twitter:label1\" content=\"Tiempo de lectura\" \/>\n\t<meta name=\"twitter:data1\" content=\"2 minutos\" \/>\n<script type=\"application\/ld+json\" class=\"yoast-schema-graph\">{\"@context\":\"https:\\\/\\\/schema.org\",\"@graph\":[{\"@type\":\"WebPage\",\"@id\":\"https:\\\/\\\/luxurycandlesupplies.eu\\\/product\\\/perfumers-polysorbate\\\/\",\"url\":\"https:\\\/\\\/luxurycandlesupplies.eu\\\/product\\\/perfumers-polysorbate\\\/\",\"name\":\"Polysorbate 20 - Antwerp Luxury Candle Supplies\",\"isPartOf\":{\"@id\":\"https:\\\/\\\/luxurycandlesupplies.eu\\\/#website\"},\"primaryImageOfPage\":{\"@id\":\"https:\\\/\\\/luxurycandlesupplies.eu\\\/product\\\/perfumers-polysorbate\\\/#primaryimage\"},\"image\":{\"@id\":\"https:\\\/\\\/luxurycandlesupplies.eu\\\/product\\\/perfumers-polysorbate\\\/#primaryimage\"},\"thumbnailUrl\":\"https:\\\/\\\/luxurycandlesupplies.eu\\\/app\\\/uploads\\\/2025\\\/05\\\/Perfume-Alcohol-1-2.png\",\"datePublished\":\"2025-05-15T10:11:28+00:00\",\"dateModified\":\"2026-05-16T18:12:38+00:00\",\"breadcrumb\":{\"@id\":\"https:\\\/\\\/luxurycandlesupplies.eu\\\/product\\\/perfumers-polysorbate\\\/#breadcrumb\"},\"inLanguage\":\"es\",\"potentialAction\":[{\"@type\":\"ReadAction\",\"target\":[\"https:\\\/\\\/luxurycandlesupplies.eu\\\/product\\\/perfumers-polysorbate\\\/\"]}]},{\"@type\":\"ImageObject\",\"inLanguage\":\"es\",\"@id\":\"https:\\\/\\\/luxurycandlesupplies.eu\\\/product\\\/perfumers-polysorbate\\\/#primaryimage\",\"url\":\"https:\\\/\\\/luxurycandlesupplies.eu\\\/app\\\/uploads\\\/2025\\\/05\\\/Perfume-Alcohol-1-2.png\",\"contentUrl\":\"https:\\\/\\\/luxurycandlesupplies.eu\\\/app\\\/uploads\\\/2025\\\/05\\\/Perfume-Alcohol-1-2.png\",\"width\":1000,\"height\":1000},{\"@type\":\"BreadcrumbList\",\"@id\":\"https:\\\/\\\/luxurycandlesupplies.eu\\\/product\\\/perfumers-polysorbate\\\/#breadcrumb\",\"itemListElement\":[{\"@type\":\"ListItem\",\"position\":1,\"name\":\"Home\",\"item\":\"https:\\\/\\\/luxurycandlesupplies.eu\\\/\"},{\"@type\":\"ListItem\",\"position\":2,\"name\":\"Shop\",\"item\":\"https:\\\/\\\/luxurycandlesupplies.eu\\\/shop\\\/\"},{\"@type\":\"ListItem\",\"position\":3,\"name\":\"Polysorbate 20\"}]},{\"@type\":\"WebSite\",\"@id\":\"https:\\\/\\\/luxurycandlesupplies.eu\\\/#website\",\"url\":\"https:\\\/\\\/luxurycandlesupplies.eu\\\/\",\"name\":\"Antwerp Luxury Candle Supplies\",\"description\":\"Distributor of all seasons soy wax\",\"publisher\":{\"@id\":\"https:\\\/\\\/luxurycandlesupplies.eu\\\/#organization\"},\"potentialAction\":[{\"@type\":\"SearchAction\",\"target\":{\"@type\":\"EntryPoint\",\"urlTemplate\":\"https:\\\/\\\/luxurycandlesupplies.eu\\\/?s={search_term_string}\"},\"query-input\":{\"@type\":\"PropertyValueSpecification\",\"valueRequired\":true,\"valueName\":\"search_term_string\"}}],\"inLanguage\":\"es\"},{\"@type\":\"Organization\",\"@id\":\"https:\\\/\\\/luxurycandlesupplies.eu\\\/#organization\",\"name\":\"Antwerp Luxury Candle Supplies\",\"url\":\"https:\\\/\\\/luxurycandlesupplies.eu\\\/\",\"logo\":{\"@type\":\"ImageObject\",\"inLanguage\":\"es\",\"@id\":\"https:\\\/\\\/luxurycandlesupplies.eu\\\/#\\\/schema\\\/logo\\\/image\\\/\",\"url\":\"https:\\\/\\\/luxurycandlesupplies.eu\\\/app\\\/uploads\\\/2022\\\/03\\\/antwerp-luxury-candle-supplies-1x.png\",\"contentUrl\":\"https:\\\/\\\/luxurycandlesupplies.eu\\\/app\\\/uploads\\\/2022\\\/03\\\/antwerp-luxury-candle-supplies-1x.png\",\"width\":330,\"height\":60,\"caption\":\"Antwerp Luxury Candle Supplies\"},\"image\":{\"@id\":\"https:\\\/\\\/luxurycandlesupplies.eu\\\/#\\\/schema\\\/logo\\\/image\\\/\"},\"sameAs\":[\"https:\\\/\\\/www.facebook.com\\\/Antwerpluxurycandlesupplies\\\/\",\"https:\\\/\\\/www.instagram.com\\\/antwerp_luxury_candle_supplies\\\/\",\"https:\\\/\\\/pin.it\\\/7joOXRW\"]}]}<\/script>","yoast_head_json":{"title":"Polisorbato 20 - Antwerp Luxury Candle Supplies","robots":{"index":"index","follow":"follow","max-snippet":"max-snippet:-1","max-image-preview":"max-image-preview:large","max-video-preview":"max-video-preview:-1"},"canonical":"https:\/\/luxurycandlesupplies.eu\/es\/producto\/polisorbato-de-perfumeria\/","og_locale":"es_ES","og_type":"article","og_title":"Polysorbate 20 - Antwerp Luxury Candle Supplies","og_description":"DESCRIPTION   &nbsp; Polysorbate 20 The Essential Ingredient for Room Sprays &amp; Diffusers &nbsp;   Polysorbate is a gentle, non-ionic solubilizer and emulsifier used in home fragrance products to combine oil-based and water-based ingredients. It plays a crucial role in preventing 'separation' between fragrance oils and water, ensuring a smooth and consistent blend. This ingredient is especially popular for making room sprays from scratch. It allows fragrance oil to disperse evenly in water-based products like room and linen sprays, creating a stable solution. Without Polysorbate oils would float on top of the water, leading to poor scent throw and clogging issues in spray bottles.","og_url":"https:\/\/luxurycandlesupplies.eu\/es\/producto\/polisorbato-de-perfumeria\/","og_site_name":"Antwerp Luxury Candle Supplies","article_publisher":"https:\/\/www.facebook.com\/Antwerpluxurycandlesupplies\/","article_modified_time":"2026-05-16T18:12:38+00:00","og_image":[{"width":1000,"height":1000,"url":"https:\/\/luxurycandlesupplies.eu\/app\/uploads\/2025\/05\/Perfume-Alcohol-1-2.png","type":"image\/png"}],"twitter_card":"summary_large_image","twitter_misc":{"Tiempo de lectura":"2 minutos"},"schema":{"@context":"https:\/\/schema.org","@graph":[{"@type":"WebPage","@id":"https:\/\/luxurycandlesupplies.eu\/product\/perfumers-polysorbate\/","url":"https:\/\/luxurycandlesupplies.eu\/product\/perfumers-polysorbate\/","name":"Polisorbato 20 - Antwerp Luxury Candle Supplies","isPartOf":{"@id":"https:\/\/luxurycandlesupplies.eu\/#website"},"primaryImageOfPage":{"@id":"https:\/\/luxurycandlesupplies.eu\/product\/perfumers-polysorbate\/#primaryimage"},"image":{"@id":"https:\/\/luxurycandlesupplies.eu\/product\/perfumers-polysorbate\/#primaryimage"},"thumbnailUrl":"https:\/\/luxurycandlesupplies.eu\/app\/uploads\/2025\/05\/Perfume-Alcohol-1-2.png","datePublished":"2025-05-15T10:11:28+00:00","dateModified":"2026-05-16T18:12:38+00:00","breadcrumb":{"@id":"https:\/\/luxurycandlesupplies.eu\/product\/perfumers-polysorbate\/#breadcrumb"},"inLanguage":"es","potentialAction":[{"@type":"ReadAction","target":["https:\/\/luxurycandlesupplies.eu\/product\/perfumers-polysorbate\/"]}]},{"@type":"ImageObject","inLanguage":"es","@id":"https:\/\/luxurycandlesupplies.eu\/product\/perfumers-polysorbate\/#primaryimage","url":"https:\/\/luxurycandlesupplies.eu\/app\/uploads\/2025\/05\/Perfume-Alcohol-1-2.png","contentUrl":"https:\/\/luxurycandlesupplies.eu\/app\/uploads\/2025\/05\/Perfume-Alcohol-1-2.png","width":1000,"height":1000},{"@type":"BreadcrumbList","@id":"https:\/\/luxurycandlesupplies.eu\/product\/perfumers-polysorbate\/#breadcrumb","itemListElement":[{"@type":"ListItem","position":1,"name":"Home","item":"https:\/\/luxurycandlesupplies.eu\/"},{"@type":"ListItem","position":2,"name":"Shop","item":"https:\/\/luxurycandlesupplies.eu\/shop\/"},{"@type":"ListItem","position":3,"name":"Polysorbate 20"}]},{"@type":"WebSite","@id":"https:\/\/luxurycandlesupplies.eu\/#website","url":"https:\/\/luxurycandlesupplies.eu\/","name":"Suministros para velas de lujo de Amberes","description":"Distribuidor de cera de soja para todas las estaciones","publisher":{"@id":"https:\/\/luxurycandlesupplies.eu\/#organization"},"potentialAction":[{"@type":"SearchAction","target":{"@type":"EntryPoint","urlTemplate":"https:\/\/luxurycandlesupplies.eu\/?s={search_term_string}"},"query-input":{"@type":"PropertyValueSpecification","valueRequired":true,"valueName":"search_term_string"}}],"inLanguage":"es"},{"@type":"Organization","@id":"https:\/\/luxurycandlesupplies.eu\/#organization","name":"Suministros para velas de lujo de Amberes","url":"https:\/\/luxurycandlesupplies.eu\/","logo":{"@type":"ImageObject","inLanguage":"es","@id":"https:\/\/luxurycandlesupplies.eu\/#\/schema\/logo\/image\/","url":"https:\/\/luxurycandlesupplies.eu\/app\/uploads\/2022\/03\/antwerp-luxury-candle-supplies-1x.png","contentUrl":"https:\/\/luxurycandlesupplies.eu\/app\/uploads\/2022\/03\/antwerp-luxury-candle-supplies-1x.png","width":330,"height":60,"caption":"Antwerp Luxury Candle Supplies"},"image":{"@id":"https:\/\/luxurycandlesupplies.eu\/#\/schema\/logo\/image\/"},"sameAs":["https:\/\/www.facebook.com\/Antwerpluxurycandlesupplies\/","https:\/\/www.instagram.com\/antwerp_luxury_candle_supplies\/","https:\/\/pin.it\/7joOXRW"]}]}},"_links":{"self":[{"href":"https:\/\/luxurycandlesupplies.eu\/es\/wp-json\/wp\/v2\/product\/21075","targetHints":{"allow":["GET"]}}],"collection":[{"href":"https:\/\/luxurycandlesupplies.eu\/es\/wp-json\/wp\/v2\/product"}],"about":[{"href":"https:\/\/luxurycandlesupplies.eu\/es\/wp-json\/wp\/v2\/types\/product"}],"wp:featuredmedia":[{"embeddable":true,"href":"https:\/\/luxurycandlesupplies.eu\/es\/wp-json\/wp\/v2\/media\/21083"}],"wp:attachment":[{"href":"https:\/\/luxurycandlesupplies.eu\/es\/wp-json\/wp\/v2\/media?parent=21075"}],"wp:term":[{"taxonomy":"product_brand","embeddable":true,"href":"https:\/\/luxurycandlesupplies.eu\/es\/wp-json\/wp\/v2\/product_brand?post=21075"},{"taxonomy":"product_cat","embeddable":true,"href":"https:\/\/luxurycandlesupplies.eu\/es\/wp-json\/wp\/v2\/product_cat?post=21075"},{"taxonomy":"product_tag","embeddable":true,"href":"https:\/\/luxurycandlesupplies.eu\/es\/wp-json\/wp\/v2\/product_tag?post=21075"}],"curies":[{"name":"wp","href":"https:\/\/api.w.org\/{rel}","templated":true}]}}